{"id":77,"date":"2022-09-14T08:19:37","date_gmt":"2022-09-14T08:19:37","guid":{"rendered":"https:\/\/eggtraym.com\/?post_type=product&#038;p=77"},"modified":"2025-06-26T17:08:50","modified_gmt":"2025-06-26T09:08:50","slug":"egg-tray-dryer","status":"publish","type":"product","link":"https:\/\/eggtraym.com\/sw\/product\/egg-tray-dryer\/","title":{"rendered":"Mashine ya Kukausha Trei ya Mayai yenye Tabaka nyingi"},"content":{"rendered":"<div class=\"kk-star-ratings kksr-auto kksr-align-left kksr-valign-top\"     data-payload='{&quot;align&quot;:&quot;left&quot;,&quot;id&quot;:&quot;77&quot;,&quot;slug&quot;:&quot;default&quot;,&quot;valign&quot;:&quot;top&quot;,&quot;ignore&quot;:&quot;&quot;,&quot;reference&quot;:&quot;auto&quot;,&quot;class&quot;:&quot;&quot;,&quot;count&quot;:&quot;65&quot;,&quot;legendonly&quot;:&quot;&quot;,&quot;readonly&quot;:&quot;&quot;,&quot;score&quot;:&quot;4.8&quot;,&quot;starsonly&quot;:&quot;&quot;,&quot;best&quot;:&quot;5&quot;,&quot;gap&quot;:&quot;5&quot;,&quot;greet&quot;:&quot;Rate this product&quot;,&quot;legend&quot;:&quot;4.8\\\/5 - (65 votes)&quot;,&quot;size&quot;:&quot;24&quot;,&quot;title&quot;:&quot;Egg Tray Dryer Multi-layer Continuous Drying Machine&quot;,&quot;width&quot;:&quot;136.7&quot;,&quot;_legend&quot;:&quot;{score}\\\/{best} - ({count} {votes})&quot;,&quot;font_factor&quot;:&quot;1.25&quot;}'>              <div class=\"kksr-stars\">      <div class=\"kksr-stars-inactive\">             <div class=\"kksr-star\" data-star=\"1\" style=\"padding-right: 5px\">               <div class=\"kksr-icon\" style=\"width: 24px; height: 24px;\"><\/div>         <\/div>             <div class=\"kksr-star\" data-star=\"2\" style=\"padding-right: 5px\">               <div class=\"kksr-icon\" style=\"width: 24px; height: 24px;\"><\/div>         <\/div>             <div class=\"kksr-star\" data-star=\"3\" style=\"padding-right: 5px\">               <div class=\"kksr-icon\" style=\"width: 24px; height: 24px;\"><\/div>         <\/div>             <div class=\"kksr-star\" data-star=\"4\" style=\"padding-right: 5px\">               <div class=\"kksr-icon\" style=\"width: 24px; height: 24px;\"><\/div>         <\/div>             <div class=\"kksr-star\" data-star=\"5\" style=\"padding-right: 5px\">               <div class=\"kksr-icon\" style=\"width: 24px; height: 24px;\"><\/div>         <\/div>     <\/div>      <div class=\"kksr-stars-active\" style=\"width: 136.7px;\">             <div class=\"kksr-star\" style=\"padding-right: 5px\">               <div class=\"kksr-icon\" style=\"width: 24px; height: 24px;\"><\/div>         <\/div>             <div class=\"kksr-star\" style=\"padding-right: 5px\">               <div class=\"kksr-icon\" style=\"width: 24px; height: 24px;\"><\/div>         <\/div>             <div class=\"kksr-star\" style=\"padding-right: 5px\">               <div class=\"kksr-icon\" style=\"width: 24px; height: 24px;\"><\/div>         <\/div>             <div class=\"kksr-star\" style=\"padding-right: 5px\">               <div class=\"kksr-icon\" style=\"width: 24px; height: 24px;\"><\/div>         <\/div>             <div class=\"kksr-star\" style=\"padding-right: 5px\">               <div class=\"kksr-icon\" style=\"width: 24px; height: 24px;\"><\/div>         <\/div>     <\/div> <\/div>                   <div class=\"kksr-legend\" style=\"font-size: 19.2px;\">             4.8\/5 - (65 r\u00f6ster)    <\/div>     <\/div>  <p>Katika laini ya uzalishaji wa tray za mayai, kiungo cha kukausha kinagusa moja kwa moja ubora wa bidhaa zilizomalizika na ufanisi wa uzalishaji. Hasa kwa laini za uzalishaji za uwezo wa kati na mkubwa, kavu ya tray za mayai ya kuendelea kwa tabaka nyingi ni chaguo bora kutokana na ufanisi wake wa juu, kuokoa nishati, na sifa za akili. <\/p>    <p>Mashine inatumia mfumo wa kisasa wa mzunguko wa hewa moto na paneli ya kudhibiti ya akili, na inasaidia njia mbalimbali za kupasha moto za mafuta, gesi, umeme, au mvuke. Inaweza kukausha hadi trays 10,000 za mayai ndani ya masaa 8 kwa kasi ya haraka na ya sawa ya kukausha, ambayo inafanya kuwa vifaa muhimu katika uzalishaji wa trays za mayai wa kisasa. <\/p>    <figure class=\"wp-block-embed aligncenter is-type-video is-provider-youtube wp-block-embed-youtube wp-embed-aspect-16-9 wp-has-aspect-ratio\"><div class=\"wp-block-embed__wrapper\"> <iframe loading=\"lazy\" title=\"Mashine ya Kukausha Endelevu ya Trei ya Karatasi: Inahakikisha Ubora thabiti katika Utengenezaji wa Tray ya Mayai!\" width=\"500\" height=\"281\" src=\"https:\/\/www.youtube.com\/embed\/_8BFitakCJs?feature=oembed\" frameborder=\"0\" allow=\"accelerometer; autoplay; clipboard-write; encrypted-media; gyroscope; picture-in-picture; web-share\" referrerpolicy=\"strict-origin-when-cross-origin\" allowfullscreen><\/iframe> <\/div><figcaption class=\"wp-element-caption\">video ya kazi ya mashine ya kukaushia trei ya yai inayoendelea<\/figcaption><\/figure>    <p>F\u00f6r n\u00e4rvarande finns det tre huvudsakliga metoder f\u00f6r torkning av \u00e4ggtr\u00e5g: naturlig torkning, tegel torkning och kontinuerlig torkning. N\u00e4sta kommer vi att introducera de olika torkningsmetoderna och f\u00f6rdelarna med den kontinuerliga \u00e4ggtr\u00e5gtorken f\u00f6r dig i detalj.<\/p>    <h2 class=\"wp-block-heading\" id=\"h-introduction-of-egg-tray-dryer\">Vipengele vya dryer ya tray ya yai inayoendelea<\/h2>    <ul class=\"wp-block-list\"> <li>Upeo wa kasi ya juu sana: uwezo wa kupakia mmoja umeongezeka kwa muundo wa mesh belt wa moduli wa tabaka 6-12. Ufanisi wa kukausha ni mara 8 zaidi kuliko tanuru za matofali za jadi, uwezo wa kila siku kukidhi mahitaji ya pakiti ya mayai 200,000 ya mashamba makubwa ya kuku.<\/li>    <li>Revolucija u potro\u0161nji energije: usvajanje sustava za povrat topline iz ispu\u0161nih plinova (toplinska u\u010dinkovitost \u226590%) i tehnologije zonskog frekvencijskog konvertiranja zra\u010dnog opskrbe, potro\u0161nja energije jedinice je samo 0,11 kW-h\/toe, u usporedbi s tradicionalnom opremom, u\u0161teda energije iznosi 30%-40% u usporedbi s tradicionalnom opremom.<\/li>    <li>Tukio la kuumiza bila uharibifu: Usawa wa uwanja wa joto wa akili, kasi ya upepo inayoweza kubadilishwa kwa viwango. Hakikisha kuwa maudhui ya maji ya tray ya mayai yanapungua (kiasi cha kufuata \u226598%), na kiwango cha kuvunjika &lt;0.5%.<\/li>    <li>Uwezo wa joto wa kila upande: gesi\/steamu\/bio-masi\/umeme ufanisi wa mafuta mengi, msaada kwa warsha zisizo na boiler zinazounganishwa moja kwa moja na uzalishaji, utoaji wa kaboni umepunguzwa.<\/li> <\/ul>    <figure class=\"wp-block-gallery aligncenter has-nested-images columns-default is-cropped wp-block-gallery-2 is-layout-flex wp-block-gallery-is-layout-flex\"><div class=\"wp-block-image\"> <figure class=\"aligncenter size-large\"><img loading=\"lazy\" decoding=\"async\" width=\"720\" height=\"540\" data-id=\"151\" src=\"https:\/\/eggtraym.com\/wp-content\/uploads\/2022\/09\/Egg-tray-dryer-2-1.webp\" alt=\"Mashine ya kukaushia trei ya mayai\" class=\"wp-image-151\" title=\"\" srcset=\"https:\/\/eggtraym.com\/wp-content\/uploads\/2022\/09\/Egg-tray-dryer-2-1.webp 720w, https:\/\/eggtraym.com\/wp-content\/uploads\/2022\/09\/Egg-tray-dryer-2-1-300x225.webp 300w\" sizes=\"auto, (max-width: 720px) 100vw, 720px\" \/><figcaption class=\"wp-element-caption\">Mashine ya kukaushia trei ya mayai<\/figcaption><\/figure> <\/div><\/figure>    <h2 class=\"wp-block-heading\" id=\"h-the-working-principle-of-the-paper-egg-tray-drying-line\">Kanuni ya kufanya kazi ya trei ya yai ya karatasi <\/h2>   <div id=\"rank-math-howto\" class=\"rank-math-block\" > <div class=\"rank-math-howto-description\">  <\/div>  <div class=\"rank-math-steps\"> <div id=\"howto-step-1750928021723\" class=\"rank-math-step\"> <h3 class=\"rank-math-step-title\">M\u00e5ngfaldiga energik\u00e4llor f\u00f6r att v\u00e4rma luften<\/h3> <div class=\"rank-math-step-content\"><p>Vifaa vinaweza kuchagua mafuta ya petroli, gesi, umeme au mvuke (mafuta yanayoongoza joto) kama chanzo cha joto kulingana na mahitaji halisi ili kupasha hewa moto na kuzalisha hewa moto.<\/p> <\/div> <\/div> <div id=\"howto-step-1750928040279\" class=\"rank-math-step\"> <h3 class=\"rank-math-step-title\">Heta luft cirkulerar f\u00f6r att v\u00e4rma \u00e4ggtr\u00e5den<\/h3> <div class=\"rank-math-step-content\"><p>Hewa moto yenye joto inapelekwa kwa usawa kwenye eneo la kukausha, ikipasha joto tray ya mayai kutoka kila upande na kuharakisha uvukizi wa maji.<\/p> <\/div> <\/div> <div id=\"howto-step-1750928051206\" class=\"rank-math-step\"> <h3 class=\"rank-math-step-title\">Mvuke ya maji inatolewa kwa wakati<\/h3> <div class=\"rank-math-step-content\"><p>Fan yenye nguvu iliyojengwa ndani itavuta haraka mvuke wa maji ulioyeyushwa kutoka kwa tray za mayai ili kuweka mazingira ya kukausha kuwa kavu, ambayo husaidia kuboresha kasi na ufanisi wa kukausha.<\/p> <\/div> <\/div> <div id=\"howto-step-1750928061495\" class=\"rank-math-step\"> <h3 class=\"rank-math-step-title\">Struktur f\u00f6r kontinuerlig l\u00f6pning<\/h3> <div class=\"rank-math-step-content\"><p>Kuyakubali muundo wa kupeleka wa safu moja au safu nyingi, trays za mayai zinaweza kupelekwa kwa kuendelea katika njia ya kukausha bila kushughulikiwa kwa mikono, ambayo inaongeza uwezo wa uzalishaji.<\/p> <\/div> <\/div> <div id=\"howto-step-1750928074621\" class=\"rank-math-step\"> <h3 class=\"rank-math-step-title\">Intelligent control system<\/h3> <div class=\"rank-math-step-content\"><p>Mfumo unaweza kudhibiti kiotomatiki joto, kasi ya upepo na kasi ya usafirishaji ili kufanikisha mchakato wa kukausha wenye utulivu na unaoweza kudhibitiwa na kuhakikisha ubora wa tray za mayai zilizokamilishwa.<\/p> <\/div> <\/div> <\/div> <\/div>      <div class=\"wp-block-image\"> <figure class=\"aligncenter size-full\"><img loading=\"lazy\" decoding=\"async\" width=\"720\" height=\"540\" src=\"https:\/\/eggtraym.com\/wp-content\/uploads\/2022\/09\/metal-egg-tray-dryer-2.webp\" alt=\"kikausha trei ya yai inayoendelea\" class=\"wp-image-149\" title=\"kikausha trei ya yai ya chuma\" srcset=\"https:\/\/eggtraym.com\/wp-content\/uploads\/2022\/09\/metal-egg-tray-dryer-2.webp 720w, https:\/\/eggtraym.com\/wp-content\/uploads\/2022\/09\/metal-egg-tray-dryer-2-300x225.webp 300w\" sizes=\"auto, (max-width: 720px) 100vw, 720px\" \/><figcaption class=\"wp-element-caption\">kikausha trei ya yai inayoendelea<\/figcaption><\/figure> <\/div>   <h2 class=\"wp-block-heading\" id=\"h-structure-of-the-egg-tray-drying-system\">Muundo wa mfumo wa kukausha tray ya yai<\/h2>    <p>Mfumo wa kukausha trei ya yai hujumuisha hasa sanduku la kukaribisha, vifaa vya kupokanzwa, feni, mabomba, minyororo, sprockets, trei za matundu, n.k. Mashine nzima ni thabiti katika kufanya kazi, salama na ya kutegemewa, inakausha haraka, na yenye uwezo mkubwa wa kujiendesha.<\/p>   <div class=\"wp-block-image\"> <figure class=\"aligncenter size-full\"><img loading=\"lazy\" decoding=\"async\" width=\"720\" height=\"540\" src=\"https:\/\/eggtraym.com\/wp-content\/uploads\/2022\/09\/dryer-machine-internal-structure.webp\" alt=\"muundo wa ndani wa mashine ya kukausha\" class=\"wp-image-656\" title=\"\" srcset=\"https:\/\/eggtraym.com\/wp-content\/uploads\/2022\/09\/dryer-machine-internal-structure.webp 720w, https:\/\/eggtraym.com\/wp-content\/uploads\/2022\/09\/dryer-machine-internal-structure-300x225.webp 300w, https:\/\/eggtraym.com\/wp-content\/uploads\/2022\/09\/dryer-machine-internal-structure-16x12.webp 16w\" sizes=\"auto, (max-width: 720px) 100vw, 720px\" \/><figcaption class=\"wp-element-caption\">inre struktur av torkmaskin<\/figcaption><\/figure> <\/div>   <h2 class=\"wp-block-heading\">Vigezo vya kiufundi vya mashine ya kukausha tray ya karatasi<\/h2>    <p>Nchini, tunafafanua vipimo muhimu vya kiufundi na data za utendaji za dryer hii ya tray ya mayai. Vigezo hivi vinashughulikia uwezo wake, matumizi ya nishati, na sifa nyingine muhimu. Hii inaweza kukusaidia kutathmini kikamilifu ufaa na ufanisi wa vifaa.<\/p>    <figure class=\"wp-block-table is-style-stripes\"><table><tbody><tr><td class=\"has-text-align-left\" data-align=\"left\">Mould<\/td><td class=\"has-text-align-center\" data-align=\"center\">Pato<\/td><td class=\"has-text-align-center\" data-align=\"center\">Matumizi ya karatasi<\/td><td class=\"has-text-align-center\" data-align=\"center\">Matumizi ya maji<\/td><td class=\"has-text-align-center\" data-align=\"center\">Nishati iliyotumika<\/td><td class=\"has-text-align-center\" data-align=\"center\">Nambari ya mfanyakazi<\/td><\/tr><tr><td class=\"has-text-align-left\" data-align=\"left\">SL-4*4<\/td><td class=\"has-text-align-center\" data-align=\"center\">3500pc\/saa<\/td><td class=\"has-text-align-center\" data-align=\"center\">280kg\/saa<\/td><td class=\"has-text-align-center\" data-align=\"center\">560kg\/saa<\/td><td class=\"has-text-align-center\" data-align=\"center\">78kg\/saa<\/td><td class=\"has-text-align-center\" data-align=\"center\">4-5<\/td><\/tr><tr><td class=\"has-text-align-left\" data-align=\"left\">SL-4*8<\/td><td class=\"has-text-align-center\" data-align=\"center\">4000pc\/saa<\/td><td class=\"has-text-align-center\" data-align=\"center\">320kg\/saa<\/td><td class=\"has-text-align-center\" data-align=\"center\">600kg\/h<\/td><td class=\"has-text-align-center\" data-align=\"center\">80kg\/saa<\/td><td class=\"has-text-align-center\" data-align=\"center\">5-6<\/td><\/tr><tr><td class=\"has-text-align-left\" data-align=\"left\">SL-5*8<\/td><td class=\"has-text-align-center\" data-align=\"center\">5000pc\/h<\/td><td class=\"has-text-align-center\" data-align=\"center\">400kg\/saa<\/td><td class=\"has-text-align-center\" data-align=\"center\">750kg\/saa<\/td><td class=\"has-text-align-center\" data-align=\"center\">85kg\/saa<\/td><td class=\"has-text-align-center\" data-align=\"center\">3-4<\/td><\/tr><tr><td class=\"has-text-align-left\" data-align=\"left\">SL-5*12<\/td><td class=\"has-text-align-center\" data-align=\"center\">6000pc\/h<\/td><td class=\"has-text-align-center\" data-align=\"center\">480kg\/saa<\/td><td class=\"has-text-align-center\" data-align=\"center\">900kg\/saa<\/td><td class=\"has-text-align-center\" data-align=\"center\">90kg\/saa<\/td><td class=\"has-text-align-center\" data-align=\"center\">3-4<\/td><\/tr><tr><td class=\"has-text-align-left\" data-align=\"left\">SL-6*12<\/td><td class=\"has-text-align-center\" data-align=\"center\">8000pc\/h<\/td><td class=\"has-text-align-center\" data-align=\"center\">640kg\/saa<\/td><td class=\"has-text-align-center\" data-align=\"center\">1040kg\/saa<\/td><td class=\"has-text-align-center\" data-align=\"center\">100kg\/h<\/td><td class=\"has-text-align-center\" data-align=\"center\">3-4<\/td><\/tr><\/tbody><\/table><figcaption class=\"wp-element-caption\">vigezo vya kukausha tray ya yai<\/figcaption><\/figure>   <div class=\"wp-block-image is-resized\"> <figure class=\"aligncenter size-full\"><img loading=\"lazy\" decoding=\"async\" width=\"720\" height=\"540\" src=\"https:\/\/eggtraym.com\/wp-content\/uploads\/2022\/09\/metal-egg-tray-dryer-.webp\" alt=\"dryer ya karatasi ya safu nyingi\" class=\"wp-image-148\" title=\"kikausha trei ya yai ya chuma\" srcset=\"https:\/\/eggtraym.com\/wp-content\/uploads\/2022\/09\/metal-egg-tray-dryer-.webp 720w, https:\/\/eggtraym.com\/wp-content\/uploads\/2022\/09\/metal-egg-tray-dryer--300x225.webp 300w\" sizes=\"auto, (max-width: 720px) 100vw, 720px\" \/><figcaption class=\"wp-element-caption\">dryer ya karatasi ya safu nyingi<\/figcaption><\/figure> <\/div>   <h2 class=\"wp-block-heading\">Kichungi cha trei ya yai<\/h2>    <p class=\"translation-block\">Katika <strong><em><a href=\"https:\/\/eggtraym.com\/sw\/product\/egg-tray-manufacturing-plant\/\">mstari wa uzalishaji wa trei za mayai<\/a><\/em><\/strong>, trei za mayai zilizokamilika hukaushwa. Kisha mara moja hufuatwa na mashine ya kuchambua ili kupanga na kukusanya trei. Utaratibu huu unahakikisha kwamba trei za mayai zimepangwa kwa ufasaha na tayari kwa ajili ya upakiaji na usafirishaji unaofuata. Picha hapa chini inaonyesha athari halisi wakati wa operesheni.<\/p>   <div class=\"wp-block-image\"> <figure class=\"aligncenter size-full\"><img loading=\"lazy\" decoding=\"async\" width=\"720\" height=\"540\" src=\"https:\/\/eggtraym.com\/wp-content\/uploads\/2022\/09\/egg-tray-sorter-device.webp\" alt=\"kifaa cha kuchagua trei ya yai\" class=\"wp-image-655\" title=\"\" srcset=\"https:\/\/eggtraym.com\/wp-content\/uploads\/2022\/09\/egg-tray-sorter-device.webp 720w, https:\/\/eggtraym.com\/wp-content\/uploads\/2022\/09\/egg-tray-sorter-device-300x225.webp 300w, https:\/\/eggtraym.com\/wp-content\/uploads\/2022\/09\/egg-tray-sorter-device-16x12.webp 16w\" sizes=\"auto, (max-width: 720px) 100vw, 720px\" \/><figcaption class=\"wp-element-caption\">kifaa cha kuchagua trei ya yai<\/figcaption><\/figure> <\/div>   <h2 class=\"wp-block-heading\">Mashine zingine za kukausha kwa trei za mayai<\/h2>    <p>Imeonyeshwa hapa chini ni njia zingine mbili za kukausha trei ya yai. Tunaweza kuzipendekeza kulingana na matokeo ya laini yako ya uzalishaji wa trei ya yai na saizi ya tovuti yako. Na, tunaweza pia kukusaidia na muundo unapochagua kukausha tanuru ya matofali.<\/p>    <figure class=\"wp-block-gallery has-nested-images columns-default is-cropped wp-block-gallery-3 is-layout-flex wp-block-gallery-is-layout-flex\"> <figure class=\"wp-block-image size-large\"><img loading=\"lazy\" decoding=\"async\" width=\"720\" height=\"540\" data-id=\"153\" src=\"https:\/\/eggtraym.com\/wp-content\/uploads\/2022\/09\/manual-drying-egg-tray-.webp\" alt=\"manuell torkning av \u00e4ggbricka\" class=\"wp-image-153\" title=\"naturlig torkning \u00e4ggbricka\" srcset=\"https:\/\/eggtraym.com\/wp-content\/uploads\/2022\/09\/manual-drying-egg-tray-.webp 720w, https:\/\/eggtraym.com\/wp-content\/uploads\/2022\/09\/manual-drying-egg-tray--300x225.webp 300w\" sizes=\"auto, (max-width: 720px) 100vw, 720px\" \/><figcaption class=\"wp-element-caption\">Tray ya Kukausha Yai kwa Mwongozo<\/figcaption><\/figure>    <figure class=\"wp-block-image size-full\"><img loading=\"lazy\" decoding=\"async\" width=\"720\" height=\"540\" data-id=\"154\" src=\"https:\/\/eggtraym.com\/wp-content\/uploads\/2022\/09\/brick-egg-tray-dryer-1-1.webp\" alt=\"kikausha trei ya yai ya matofali\" class=\"wp-image-154\" title=\"kikausha trei ya yai ya matofali \" srcset=\"https:\/\/eggtraym.com\/wp-content\/uploads\/2022\/09\/brick-egg-tray-dryer-1-1.webp 720w, https:\/\/eggtraym.com\/wp-content\/uploads\/2022\/09\/brick-egg-tray-dryer-1-1-300x225.webp 300w\" sizes=\"auto, (max-width: 720px) 100vw, 720px\" \/><figcaption class=\"wp-element-caption\">Kikaushio cha Tray ya Yai ya Matofali<\/figcaption><\/figure> <\/figure>    <h2 class=\"wp-block-heading\">Wasiliana nasi<\/h2>    <p>Kama watengenezaji wakuu wa mashine za kusindika trei ya mayai, tumejitolea kukidhi mahitaji mseto ya wateja wetu kote ulimwenguni na tumepata sifa ya kimataifa kwa bidhaa na huduma zetu bora.<\/p>    <p class=\"translation-block\">Vifaa vyetu vya kukaushia trei za mayai vimesafirishwa kwa mafanikio kwa nchi nyingi kama vile <a href=\"https:\/\/en.wikipedia.org\/wiki\/Ethiopia\" target=\"_blank\" rel=\"noopener\">Ethiopia<\/a>, Lebanon, Afrika Kusini, Senegal, Ghana, Zambia, na Misri, ambavyo vinatumika sana katika masoko tofauti.<\/p>    <p>Tunatoa huduma za usanifu na uzalishaji zilizobinafsishwa ili kuhakikisha kuwa kila kikaushi kinaweza kulingana na mahitaji mahususi ya wateja wetu. Kwa kuongezea, tunatoa huduma za kina kutoka kwa ushauri na muundo hadi usaidizi wa baada ya mauzo. Jisikie huru kuwasiliana nasi kwa maelezo zaidi na ushauri wa kitaalamu.<\/p>","protected":false},"excerpt":{"rendered":"<p>Kikaushio hiki cha trei ya mayai yenye tabaka nyingi kinatumia teknolojia ya hali ya juu ya mzunguko wa hewa moto na mfumo wa akili wa kudhibiti. Inahakikisha matokeo bora ya kukausha kwa kila kundi la trei za yai.<\/p>","protected":false},"author":1,"featured_media":143,"parent":0,"template":"","tags":[26,31],"product-type":[5],"class_list":["post-77","product","type-product","status-publish","has-post-thumbnail","hentry","tag-egg-tray-dryer","tag-paper-egg-tray-drying-line","product-type-egg-tray-drying-machine"],"_links":{"self":[{"href":"https:\/\/eggtraym.com\/sw\/wp-json\/wp\/v2\/product\/77","targetHints":{"allow":["GET"]}}],"collection":[{"href":"https:\/\/eggtraym.com\/sw\/wp-json\/wp\/v2\/product"}],"about":[{"href":"https:\/\/eggtraym.com\/sw\/wp-json\/wp\/v2\/types\/product"}],"author":[{"embeddable":true,"href":"https:\/\/eggtraym.com\/sw\/wp-json\/wp\/v2\/users\/1"}],"wp:featuredmedia":[{"embeddable":true,"href":"https:\/\/eggtraym.com\/sw\/wp-json\/wp\/v2\/media\/143"}],"wp:attachment":[{"href":"https:\/\/eggtraym.com\/sw\/wp-json\/wp\/v2\/media?parent=77"}],"wp:term":[{"taxonomy":"post_tag","embeddable":true,"href":"https:\/\/eggtraym.com\/sw\/wp-json\/wp\/v2\/tags?post=77"},{"taxonomy":"product-type","embeddable":true,"href":"https:\/\/eggtraym.com\/sw\/wp-json\/wp\/v2\/product-type?post=77"}],"curies":[{"name":"wp","href":"https:\/\/api.w.org\/{rel}","templated":true}]}}