{"id":74,"date":"2022-09-14T07:25:56","date_gmt":"2022-09-14T07:25:56","guid":{"rendered":"https:\/\/eggtraym.com\/?post_type=product&#038;p=74"},"modified":"2022-09-28T18:25:53","modified_gmt":"2022-09-28T10:25:53","slug":"egg-tray-pulping-machine","status":"publish","type":"product","link":"https:\/\/eggtraym.com\/sw\/product\/egg-tray-pulping-machine\/","title":{"rendered":"Mashine ya kusaga trei ya yai ni mfumo jumuishi wa kusukuma maji"},"content":{"rendered":"<div class=\"kk-star-ratings kksr-auto kksr-align-left kksr-valign-top\"     data-payload='{&quot;align&quot;:&quot;left&quot;,&quot;id&quot;:&quot;74&quot;,&quot;slug&quot;:&quot;default&quot;,&quot;valign&quot;:&quot;top&quot;,&quot;ignore&quot;:&quot;&quot;,&quot;reference&quot;:&quot;auto&quot;,&quot;class&quot;:&quot;&quot;,&quot;count&quot;:&quot;6&quot;,&quot;legendonly&quot;:&quot;&quot;,&quot;readonly&quot;:&quot;&quot;,&quot;score&quot;:&quot;4.5&quot;,&quot;starsonly&quot;:&quot;&quot;,&quot;best&quot;:&quot;5&quot;,&quot;gap&quot;:&quot;5&quot;,&quot;greet&quot;:&quot;Rate this product&quot;,&quot;legend&quot;:&quot;4.5\\\/5 - (6 votes)&quot;,&quot;size&quot;:&quot;24&quot;,&quot;title&quot;:&quot;Egg tray pulping machine\u4e28integrated pulping system&quot;,&quot;width&quot;:&quot;128&quot;,&quot;_legend&quot;:&quot;{score}\\\/{best} - ({count} {votes})&quot;,&quot;font_factor&quot;:&quot;1.25&quot;}'>              <div class=\"kksr-stars\">      <div class=\"kksr-stars-inactive\">             <div class=\"kksr-star\" data-star=\"1\" style=\"padding-right: 5px\">               <div class=\"kksr-icon\" style=\"width: 24px; height: 24px;\"><\/div>         <\/div>             <div class=\"kksr-star\" data-star=\"2\" style=\"padding-right: 5px\">               <div class=\"kksr-icon\" style=\"width: 24px; height: 24px;\"><\/div>         <\/div>             <div class=\"kksr-star\" data-star=\"3\" style=\"padding-right: 5px\">               <div class=\"kksr-icon\" style=\"width: 24px; height: 24px;\"><\/div>         <\/div>             <div class=\"kksr-star\" data-star=\"4\" style=\"padding-right: 5px\">               <div class=\"kksr-icon\" style=\"width: 24px; height: 24px;\"><\/div>         <\/div>             <div class=\"kksr-star\" data-star=\"5\" style=\"padding-right: 5px\">               <div class=\"kksr-icon\" style=\"width: 24px; height: 24px;\"><\/div>         <\/div>     <\/div>      <div class=\"kksr-stars-active\" style=\"width: 128px;\">             <div class=\"kksr-star\" style=\"padding-right: 5px\">               <div class=\"kksr-icon\" style=\"width: 24px; height: 24px;\"><\/div>         <\/div>             <div class=\"kksr-star\" style=\"padding-right: 5px\">               <div class=\"kksr-icon\" style=\"width: 24px; height: 24px;\"><\/div>         <\/div>             <div class=\"kksr-star\" style=\"padding-right: 5px\">               <div class=\"kksr-icon\" style=\"width: 24px; height: 24px;\"><\/div>         <\/div>             <div class=\"kksr-star\" style=\"padding-right: 5px\">               <div class=\"kksr-icon\" style=\"width: 24px; height: 24px;\"><\/div>         <\/div>             <div class=\"kksr-star\" style=\"padding-right: 5px\">               <div class=\"kksr-icon\" style=\"width: 24px; height: 24px;\"><\/div>         <\/div>     <\/div> <\/div>                   <div class=\"kksr-legend\" style=\"font-size: 19.2px;\">             4.5\/5 - (kura 6)    <\/div>     <\/div>  <p>Mashine ya kusaga trei ya yai ni kifaa muhimu katika uzalishaji wa trei ya yai. Mashine inaweza kusindika malighafi mbalimbali za karatasi kwa maji ndani ya massa moja. Sehemu iliyochakatwa inaweza kutumika kutengeneza trei za mayai, sehemu, simu za rununu, vifaa, kazi za mikono, divai, matunda na kifungashio kingine.<\/p>    <h2 class=\"wp-block-heading\" id=\"h-what-is-the-egg-tray-pulping-machine\">Mashine ya kusaga trei ya mayai ni nini?<\/h2>    <p class=\"translation-block\">Maskin f\u00f6r pulping av \u00e4ggkartonger kan bearbeta alla typer av rivet papper, pappersrester, kartongl\u00e5dor, osv. till massa. Denna maskin anv\u00e4nds vanligtvis f\u00f6r att bearbeta r\u00e5materialen f\u00f6r formning av \u00e4ggkartonger. Det \u00e4r den n\u00f6dv\u00e4ndiga grundutrustningen f\u00f6r <a href=\"https:\/\/eggtraym.com\/sw\/product\/automatic-egg-tray-machine\/\">maskin f\u00f6r tillverkning av \u00e4ggkartonger<\/a>. Den bearbetade massan anv\u00e4nds f\u00f6r att tillverka olika \u00e4ggkartonger, \u00e4ppelkartonger och andra f\u00f6rpackningsprodukter. Vi har olika modeller av massa-bereddare. Den kan anv\u00e4ndas med olika maskiner f\u00f6r \u00e4ggkartonger. Det \u00e4r ocks\u00e5 en av de n\u00f6dv\u00e4ndiga utrustningarna f\u00f6r <a href=\"https:\/\/www.shuliy.com\/product\/egg-tray-production-line-plant\/\" target=\"_blank\" rel=\"noopener\">produktionslinje f\u00f6r \u00e4ggkartonger<\/a>.<\/p>    <figure class=\"wp-block-image size-full\"><img loading=\"lazy\" decoding=\"async\" width=\"720\" height=\"540\" src=\"https:\/\/eggtraym.com\/wp-content\/uploads\/2022\/09\/egg-tray-pulping-machine-.webp\" alt=\"mashine ya kusaga trei ya mayai\" class=\"wp-image-139\" title=\"mashine ya kusaga trei ya mayai\" srcset=\"https:\/\/eggtraym.com\/wp-content\/uploads\/2022\/09\/egg-tray-pulping-machine-.webp 720w, https:\/\/eggtraym.com\/wp-content\/uploads\/2022\/09\/egg-tray-pulping-machine--300x225.webp 300w\" sizes=\"auto, (max-width: 720px) 100vw, 720px\" \/><figcaption>Mashine ya Kusukuma Sinia ya Mayai<\/figcaption><\/figure>    <h2 class=\"wp-block-heading\" id=\"h-working-principle-of-egg-tray-pulping-system\">Kanuni ya kazi ya mfumo wa kusukuma trei ya yai<\/h2>    <p>Mimba huzunguka kwenye tangi, na kupitia hatua kati ya kisu cha kuruka na kisu cha chini, hutoa kukata kwa usawa, kugawanyika kwa wima, na kuvunja.<\/p>    <h2 class=\"wp-block-heading\" id=\"h-egg-tray-pulper-s-parameters\">Parametrar f\u00f6r \u00e4ggtrayspulper<\/h2>    <figure class=\"wp-block-table\"><table><tbody><tr><td>Jina la mashine<\/td><td>Mfano<\/td><td>Nguvu<\/td><td>Kitengo<\/td><\/tr><tr><td>Pulper ya Hydra<\/td><td>SL1.0<\/td><td>7.5 kW<\/td><td>seti 1<\/td><\/tr><tr><td>Valve ya kipepeo<\/td><td>DN100<\/td><td>\/<\/td><td>1 pc<\/td><\/tr><tr><td>Pampu ya majimaji<\/td><td>inchi 3<\/td><td>2.2 kW<\/td><td>seti 1<\/td><\/tr><tr><td>Pulp bwawa beater<\/td><td>110r\/m<\/td><td>1.5 kW<\/td><td>seti 1<\/td><\/tr><tr><td>Pampu za maji taka&nbsp;<\/td><td>\/<\/td><td>0.75 kW<\/td><td>seti 1<\/td><\/tr><tr><td>Bomba la kusambaza majimaji<\/td><td>\/<\/td><td>\/<\/td><td>seti 1<\/td><\/tr><\/tbody><\/table><figcaption>Parametrar f\u00f6r \u00e4ggtrayspulper<\/figcaption><\/figure>    <h2 class=\"wp-block-heading\" id=\"h-structure-of-paper-shredder\">Muundo wa shredder ya karatasi<\/h2>    <p>Kipasua karatasi hujumuisha skrini ya silinda, shaft, propela ya skrubu, mpapuro, hopa, fremu, mfumo wa upokezi, n.k.<\/p>    <figure class=\"wp-block-image size-full\"><img loading=\"lazy\" decoding=\"async\" width=\"720\" height=\"540\" src=\"https:\/\/eggtraym.com\/wp-content\/uploads\/2022\/09\/paper-shredder-.webp\" alt=\"shredder ya karatasi\" class=\"wp-image-140\" title=\"shredder ya karatasi\" srcset=\"https:\/\/eggtraym.com\/wp-content\/uploads\/2022\/09\/paper-shredder-.webp 720w, https:\/\/eggtraym.com\/wp-content\/uploads\/2022\/09\/paper-shredder--300x225.webp 300w\" sizes=\"auto, (max-width: 720px) 100vw, 720px\" \/><figcaption>Shredder ya karatasi<\/figcaption><\/figure>    <h2 class=\"wp-block-heading\" id=\"h-factors-that-affect-the-material-crushing-degree-of-pulping-machine\">Mambo yanayoathiri kiwango cha kusagwa kwa nyenzo za mashine ya kusukuma <\/h2>    <ol class=\"wp-block-list\"><li>Tabia ya nyenzo yenyewe.<\/li><li>Kipenyo cha ungo: 0.4 ~ 1.5mm, malighafi tofauti na mahitaji ya usindikaji, inaweza kubadilishwa kwa apertures tofauti za silinda ya ungo.<\/li><li>Eneo la jumla la mashimo ya ungo ni asilimia ya eneo la jumla la silinda ya ungo.<\/li><li>Pembe ya mwongozo 1.52.0 (na 3 \u00b0).<\/li><li>Umbali kati ya fimbo na ukuta wa ndani: 1 ~ 4mm.<\/li><li>Kasi ya shimoni.<\/li><\/ol>    <figure class=\"wp-block-image size-full\"><img loading=\"lazy\" decoding=\"async\" width=\"720\" height=\"540\" src=\"https:\/\/eggtraym.com\/wp-content\/uploads\/2022\/09\/pulping-machine-.webp\" alt=\"mashine ya kusaga \" class=\"wp-image-141\" title=\"mashine ya kusaga \" srcset=\"https:\/\/eggtraym.com\/wp-content\/uploads\/2022\/09\/pulping-machine-.webp 720w, https:\/\/eggtraym.com\/wp-content\/uploads\/2022\/09\/pulping-machine--300x225.webp 300w\" sizes=\"auto, (max-width: 720px) 100vw, 720px\" \/><figcaption>Mashine ya Kusukuma <\/figcaption><\/figure>    <h2 class=\"wp-block-heading\" id=\"h-advantages-of-paper-pulping-machine\">Faida za mashine ya kusaga karatasi<\/h2>    <ol class=\"wp-block-list\"><li>Pulper inaweza kusindika tope kwa ufanisi, kikamilifu, na kwa usawa.<\/li><li>Mashine ina ufanisi wa juu wa kufanya kazi na inaweza kushughulikia kiasi kikubwa cha karatasi taka kwa wakati mmoja.<\/li><li>Pulper ni wima, na muundo wa riwaya na uendeshaji rahisi.<\/li><li>Pulper ya trei ya yai ina matumizi ya chini ya nishati, rahisi kutumia, na gharama ya chini.<\/li><\/ol>    <figure class=\"wp-block-image size-full\"><img loading=\"lazy\" decoding=\"async\" width=\"720\" height=\"540\" src=\"https:\/\/eggtraym.com\/wp-content\/uploads\/2022\/09\/paper-pulping-machine-.webp\" alt=\"mashine ya kusaga karatasi\" class=\"wp-image-142\" title=\"mashine ya kusaga karatasi\" srcset=\"https:\/\/eggtraym.com\/wp-content\/uploads\/2022\/09\/paper-pulping-machine-.webp 720w, https:\/\/eggtraym.com\/wp-content\/uploads\/2022\/09\/paper-pulping-machine--300x225.webp 300w\" sizes=\"auto, (max-width: 720px) 100vw, 720px\" \/><figcaption>Mashine ya Kusukuma karatasi<\/figcaption><\/figure>","protected":false},"excerpt":{"rendered":"<p>Mashine ya kusaga trei ya yai ni kifaa muhimu katika uzalishaji wa trei ya yai. Inaweza kusindika malighafi mbalimbali za karatasi kuwa massa sare. <\/p>","protected":false},"author":1,"featured_media":136,"parent":0,"template":"","tags":[17,29,30],"product-type":[4],"class_list":["post-74","product","type-product","status-publish","has-post-thumbnail","hentry","tag-automatic-egg-tray-machine","tag-egg-tray-pulping-machine","tag-integrated-pulping-system","product-type-egg-tray-pulping-machine"],"_links":{"self":[{"href":"https:\/\/eggtraym.com\/sw\/wp-json\/wp\/v2\/product\/74","targetHints":{"allow":["GET"]}}],"collection":[{"href":"https:\/\/eggtraym.com\/sw\/wp-json\/wp\/v2\/product"}],"about":[{"href":"https:\/\/eggtraym.com\/sw\/wp-json\/wp\/v2\/types\/product"}],"author":[{"embeddable":true,"href":"https:\/\/eggtraym.com\/sw\/wp-json\/wp\/v2\/users\/1"}],"wp:featuredmedia":[{"embeddable":true,"href":"https:\/\/eggtraym.com\/sw\/wp-json\/wp\/v2\/media\/136"}],"wp:attachment":[{"href":"https:\/\/eggtraym.com\/sw\/wp-json\/wp\/v2\/media?parent=74"}],"wp:term":[{"taxonomy":"post_tag","embeddable":true,"href":"https:\/\/eggtraym.com\/sw\/wp-json\/wp\/v2\/tags?post=74"},{"taxonomy":"product-type","embeddable":true,"href":"https:\/\/eggtraym.com\/sw\/wp-json\/wp\/v2\/product-type?post=74"}],"curies":[{"name":"wp","href":"https:\/\/api.w.org\/{rel}","templated":true}]}}