{"id":71,"date":"2022-09-14T06:45:17","date_gmt":"2022-09-14T06:45:17","guid":{"rendered":"https:\/\/eggtraym.com\/?post_type=product&#038;p=71"},"modified":"2024-06-13T16:01:21","modified_gmt":"2024-06-13T08:01:21","slug":"fruit-tray-making-machine","status":"publish","type":"product","link":"https:\/\/eggtraym.com\/sw\/product\/fruit-tray-making-machine\/","title":{"rendered":"Mashine ya Kutengeneza Trei ya Matunda ya Apple Inauzwa"},"content":{"rendered":"<div class=\"kk-star-ratings kksr-auto kksr-align-left kksr-valign-top\"     data-payload='{&quot;align&quot;:&quot;left&quot;,&quot;id&quot;:&quot;71&quot;,&quot;slug&quot;:&quot;default&quot;,&quot;valign&quot;:&quot;top&quot;,&quot;ignore&quot;:&quot;&quot;,&quot;reference&quot;:&quot;auto&quot;,&quot;class&quot;:&quot;&quot;,&quot;count&quot;:&quot;89&quot;,&quot;legendonly&quot;:&quot;&quot;,&quot;readonly&quot;:&quot;&quot;,&quot;score&quot;:&quot;4.7&quot;,&quot;starsonly&quot;:&quot;&quot;,&quot;best&quot;:&quot;5&quot;,&quot;gap&quot;:&quot;5&quot;,&quot;greet&quot;:&quot;Rate this product&quot;,&quot;legend&quot;:&quot;4.7\\\/5 - (89 votes)&quot;,&quot;size&quot;:&quot;24&quot;,&quot;title&quot;:&quot;Apple Fruit Tray Making Machine For Sale&quot;,&quot;width&quot;:&quot;133.8&quot;,&quot;_legend&quot;:&quot;{score}\\\/{best} - ({count} {votes})&quot;,&quot;font_factor&quot;:&quot;1.25&quot;}'>              <div class=\"kksr-stars\">      <div class=\"kksr-stars-inactive\">             <div class=\"kksr-star\" data-star=\"1\" style=\"padding-right: 5px\">               <div class=\"kksr-icon\" style=\"width: 24px; height: 24px;\"><\/div>         <\/div>             <div class=\"kksr-star\" data-star=\"2\" style=\"padding-right: 5px\">               <div class=\"kksr-icon\" style=\"width: 24px; height: 24px;\"><\/div>         <\/div>             <div class=\"kksr-star\" data-star=\"3\" style=\"padding-right: 5px\">               <div class=\"kksr-icon\" style=\"width: 24px; height: 24px;\"><\/div>         <\/div>             <div class=\"kksr-star\" data-star=\"4\" style=\"padding-right: 5px\">               <div class=\"kksr-icon\" style=\"width: 24px; height: 24px;\"><\/div>         <\/div>             <div class=\"kksr-star\" data-star=\"5\" style=\"padding-right: 5px\">               <div class=\"kksr-icon\" style=\"width: 24px; height: 24px;\"><\/div>         <\/div>     <\/div>      <div class=\"kksr-stars-active\" style=\"width: 133.8px;\">             <div class=\"kksr-star\" style=\"padding-right: 5px\">               <div class=\"kksr-icon\" style=\"width: 24px; height: 24px;\"><\/div>         <\/div>             <div class=\"kksr-star\" style=\"padding-right: 5px\">               <div class=\"kksr-icon\" style=\"width: 24px; height: 24px;\"><\/div>         <\/div>             <div class=\"kksr-star\" style=\"padding-right: 5px\">               <div class=\"kksr-icon\" style=\"width: 24px; height: 24px;\"><\/div>         <\/div>             <div class=\"kksr-star\" style=\"padding-right: 5px\">               <div class=\"kksr-icon\" style=\"width: 24px; height: 24px;\"><\/div>         <\/div>             <div class=\"kksr-star\" style=\"padding-right: 5px\">               <div class=\"kksr-icon\" style=\"width: 24px; height: 24px;\"><\/div>         <\/div>     <\/div> <\/div>                   <div class=\"kksr-legend\" style=\"font-size: 19.2px;\">             4.7\/5 - (89 r\u00f6ster)    <\/div>     <\/div>  <p>Mashine ya kutengenezea trei za matunda ni moja wapo ya vifaa muhimu kwa aina ya ufungashaji wa mashine. Kutumia trei za tufaha kuweka tufaha kunaweza kulinda tufaha kutokana na mgongano. Tray pia huruhusu tufaha kuhifadhiwa kwa muda mrefu zaidi. Pia, ufungaji mzuri unaweza kuongeza thamani ya apples. Malighafi zinazotumiwa kutengeneza trei za tufaha ni aina mbalimbali za karatasi zilizosindikwa taka. Kwa hivyo matumizi ya trei za tufaha hazisababishi upotevu wa rasilimali na pia huleta faida kwa mtumiaji.<\/p>    <figure class=\"wp-block-embed aligncenter is-type-video is-provider-youtube wp-block-embed-youtube wp-embed-aspect-16-9 wp-has-aspect-ratio\"><div class=\"wp-block-embed__wrapper\"> <iframe loading=\"lazy\" title=\"Utendaji mzuri wa mashine ya kutengeneza trei ya tufaha! Mashine ya kutengeneza trei ya matunda\" width=\"500\" height=\"281\" src=\"https:\/\/www.youtube.com\/embed\/utc1UM-L1VE?feature=oembed\" frameborder=\"0\" allow=\"accelerometer; autoplay; clipboard-write; encrypted-media; gyroscope; picture-in-picture; web-share\" referrerpolicy=\"strict-origin-when-cross-origin\" allowfullscreen><\/iframe> <\/div><figcaption class=\"wp-element-caption\">video ya kazi ya mashine ya kutengeneza trei ya tufaha<\/figcaption><\/figure>    <h2 class=\"wp-block-heading\" id=\"h-what-s-the-fruit-tray-making-machine\">Nini mashine ya kutengeneza tray za matunda?<\/h2>    <p class=\"translation-block\">Mbali na <a href=\"https:\/\/eggtraym.com\/sw\/product\/automatic-egg-tray-machine\/\">mashine ya kutengeneza trei za mayai<\/a>, Shuliy Machinery pia hutengeneza mashine ya trei za tufaha. Mashine ya trei za tufaha inaweza kuzalisha aina mbalimbali za trei za tufaha. Kwa hivyo, inaweza kukidhi mahitaji ya watumiaji kwa aina tofauti za vifungashio vya tufaha. Mashine inaweza kuzalisha sio tu trei za tufaha bali pia trei kwa matunda mengine, kama vile peach, peari, machungwa, kiwi, n.k. Njia ya kufikia athari hii ya uzalishaji ni kubadilisha ukungu wa trei. <\/p>    <p>Mashine yetu ya kutengeneza trei ya tufaha inaweza kubadilisha ukungu mbalimbali na ni rahisi kutumia. Kutokana na kazi mbalimbali za tray za apple na nyenzo za kudumu, imekuwa mashine ya lazima kwa wazalishaji wengi wa mashine ya tray ya apple. Ikiwa una maswali yoyote, tafadhali jisikie huru kuuliza!<\/p>   <div class=\"wp-block-image\"> <figure class=\"aligncenter size-full is-resized\"><img loading=\"lazy\" decoding=\"async\" width=\"720\" height=\"540\" src=\"https:\/\/eggtraym.com\/wp-content\/uploads\/2022\/09\/fruit-tray-making-machine-2.webp\" alt=\"mashine ya kutengeneza trei za matunda\" class=\"wp-image-129\" style=\"width:720px;height:540px\" title=\"mashine ya kutengeneza trei za matunda\" srcset=\"https:\/\/eggtraym.com\/wp-content\/uploads\/2022\/09\/fruit-tray-making-machine-2.webp 720w, https:\/\/eggtraym.com\/wp-content\/uploads\/2022\/09\/fruit-tray-making-machine-2-300x225.webp 300w\" sizes=\"auto, (max-width: 720px) 100vw, 720px\" \/><figcaption class=\"wp-element-caption\">mashine ya kutengeneza trei za matunda<\/figcaption><\/figure> <\/div>   <h2 class=\"wp-block-heading\" id=\"h-what-fruit-trays-can-be-made-by-the-apple-tray-making-machine\">Ni trei gani za matunda zinaweza kutengenezwa na mashine ya kutengeneza trei ya tufaha?<\/h2>    <p>Mashine inaweza kutengeneza trei za tufaha pamoja na mashine ya trei za tufaha pia inaweza kutoa trei zinazoweza kuhimili matunda mengine. Kwa mfano, machungwa, jordgubbar, pears, mandimu, machungwa, peaches, nk.<\/p>    <figure class=\"wp-block-gallery has-nested-images columns-default is-cropped wp-block-gallery-2 is-layout-flex wp-block-gallery-is-layout-flex\"> <figure class=\"wp-block-image size-large\"><img loading=\"lazy\" decoding=\"async\" width=\"720\" height=\"540\" data-id=\"130\" src=\"https:\/\/eggtraym.com\/wp-content\/uploads\/2022\/09\/appel-tray-.webp\" alt=\"tray ya appel\" class=\"wp-image-130\" title=\"tray ya appel\" srcset=\"https:\/\/eggtraym.com\/wp-content\/uploads\/2022\/09\/appel-tray-.webp 720w, https:\/\/eggtraym.com\/wp-content\/uploads\/2022\/09\/appel-tray--300x225.webp 300w\" sizes=\"auto, (max-width: 720px) 100vw, 720px\" \/><figcaption class=\"wp-element-caption\">Tray ya Appel<\/figcaption><\/figure>    <figure class=\"wp-block-image size-large\"><img loading=\"lazy\" decoding=\"async\" width=\"720\" height=\"540\" data-id=\"131\" src=\"https:\/\/eggtraym.com\/wp-content\/uploads\/2022\/09\/various-tray-.jpg\" alt=\"tray mbalimbali za kumaliza\" class=\"wp-image-131\" title=\"tray mbalimbali za kumaliza\" srcset=\"https:\/\/eggtraym.com\/wp-content\/uploads\/2022\/09\/various-tray-.jpg 720w, https:\/\/eggtraym.com\/wp-content\/uploads\/2022\/09\/various-tray--300x225.jpg 300w\" sizes=\"auto, (max-width: 720px) 100vw, 720px\" \/><figcaption class=\"wp-element-caption\">Tray Mbalimbali Iliyokamilika<\/figcaption><\/figure> <\/figure>    <h2 class=\"wp-block-heading\" id=\"h-parameters-of-the-fruit-tray-molding-machine\">Vigezo vya mashine ya ukingo wa tray ya matunda<\/h2>    <figure class=\"wp-block-table is-style-stripes\"><table><tbody><tr><td>Mfano<\/td><td>Uwezo<\/td><td>Matumizi ya karatasi<\/td><td>Matumizi ya maji<\/td><td>Nishati iliyotumika<\/td><td>Mfanyakazi<\/td><\/tr><tr><td>SL-3*1<\/td><td>1000-1500pcs\/h<\/td><td>120kg\/saa<\/td><td>300kg\/h<\/td><td>32kw\/saa<\/td><td>3-4<\/td><\/tr><tr><td>SL-4*1<\/td><td>1500-2000PCS\/h<\/td><td>160kg\/h<\/td><td>380kg\/saa<\/td><td>45kw\/saa<\/td><td>3-4<\/td><\/tr><tr><td>SL-3*4<\/td><td>2000-2500pcs\/h<\/td><td>200kg\/h<\/td><td>450kg\/saa<\/td><td>58kw\/saa<\/td><td>4-5<\/td><\/tr><tr><td>SL-4*4<\/td><td>3000-3500pcs\/h<\/td><td>280kg\/saa<\/td><td>560kg\/saa<\/td><td>78kw\/saa<\/td><td>4-5<\/td><\/tr><tr><td>SL-4*8<\/td><td>4000pcs\/h<\/td><td>320kg\/saa<\/td><td>600kg\/h<\/td><td>80kw\/saa<\/td><td>5-6<\/td><\/tr><tr><td>SL-5*8<\/td><td>5000pcs\/h<\/td><td>400kg\/saa<\/td><td>750kg\/saa<\/td><td>85kw\/saa<\/td><td>3-4<\/td><\/tr><tr><td>SL-5*12<\/td><td>6000pcs\/h<\/td><td>480kg\/saa<\/td><td>900kg\/saa<\/td><td>90kw\/saa<\/td><td>3-4<\/td><\/tr><tr><td>SL-6*12<\/td><td>8000pcs\/h<\/td><td>640kg\/saa<\/td><td>1040kg\/saa<\/td><td>100kw\/saa<\/td><td>3-4<\/td><\/tr><\/tbody><\/table><figcaption class=\"wp-element-caption\">parama za mashine ya kutengeneza tray za matunda<\/figcaption><\/figure>    <h2 class=\"wp-block-heading\" id=\"h-the-manufacturing-process-of-apple-trays\">Mchakato wa utengenezaji wa trei za apple<\/h2>   <div id=\"rank-math-howto\" class=\"rank-math-block\" > <div class=\"rank-math-howto-description\">  <\/div>  <div class=\"rank-math-steps\"> <div id=\"howto-step-1718264736738\" class=\"rank-math-step\"> <h3 class=\"rank-math-step-title\">Inasindika massa<\/h3> <div class=\"rank-math-step-content\"><p>Weka karatasi taka kwenye mashine ya kunde. Baada ya matibabu na massa coarse. Kisha massa coarse ni iliyosafishwa na kubadilishwa katika tank kuhifadhi majimaji.<\/p> <\/div> <\/div> <div id=\"howto-step-1718264745706\" class=\"rank-math-step\"> <h3 class=\"rank-math-step-title\">Kutengeneza tray ya apple<\/h3> <div class=\"rank-math-step-content\"><p>Kupitia pampu ya majimaji na pampu ya utupu, majimaji hutangazwa kwenye ukungu wa kutengeneza trei ya matunda. Hatimaye, trays za matunda zilizoundwa zinafanywa.<\/p> <\/div> <\/div> <div id=\"howto-step-1718264759075\" class=\"rank-math-step\"> <h3 class=\"rank-math-step-title\">Kukausha trei ya apple<\/h3> <div class=\"rank-math-step-content\"><p>Ifuatayo, tray za apple zilizoundwa huwekwa kwenye mashine ya kukausha. Baada ya kukauka, trei za tufaha huwa ngumu na ziko tayari kwa ukandamizaji zaidi wa moto na ufungashaji.<\/p> <\/div> <\/div> <\/div> <\/div>      <div class=\"wp-block-image\"> <figure class=\"aligncenter size-full\"><img loading=\"lazy\" decoding=\"async\" width=\"720\" height=\"540\" src=\"https:\/\/eggtraym.com\/wp-content\/uploads\/2022\/09\/fruit-tray-molding-machine-.webp\" alt=\"mashine ya kutengenezea trei ya matunda\" class=\"wp-image-132\" title=\"mashine ya kutengenezea trei ya matunda\" srcset=\"https:\/\/eggtraym.com\/wp-content\/uploads\/2022\/09\/fruit-tray-molding-machine-.webp 720w, https:\/\/eggtraym.com\/wp-content\/uploads\/2022\/09\/fruit-tray-molding-machine--300x225.webp 300w\" sizes=\"auto, (max-width: 720px) 100vw, 720px\" \/><figcaption class=\"wp-element-caption\">mashine ya kutengenezea trei ya matunda<\/figcaption><\/figure> <\/div>   <h2 class=\"wp-block-heading\" id=\"h-how-to-choose-a-good-apple-tray-machine\">Jinsi ya kuchagua mashine nzuri ya tray ya apple? <\/h2>    <ul class=\"wp-block-list\"> <li><strong>Mashine ya ubora wa juu<br><\/strong>Mashine yenye ubora wa juu inaweza kutumika kwa muda mrefu. Mashine ya kutengeneza trei ya matunda iliyotengenezwa na Shuliy ina maisha ya huduma ya zaidi ya miaka 8. Aidha, mashine zetu ni otomatiki sana na ni rahisi kufanya kazi. Baada ya wateja wetu wa ng'ambo kupokea mashine, inafanya kazi vizuri na inapendwa na wateja wetu.<\/li>    <li><strong>Muuzaji mzuri wa mashine<br><\/strong>Shuliy ni mtaalamu wa kutengeneza mashine za trei ya mayai na mashine za trei za matunda. Tangu kuanzishwa kwa kiwanda chetu, tumefanya maboresho na ubunifu endelevu katika kazi na miundo ya mashine zetu. Sasa teknolojia yetu ya utengenezaji imefikia kiwango cha juu. Wateja wanahakikishiwa kuchagua mashine wanayohitaji.<\/li>    <li><strong>Huduma ya kina<br><\/strong>Tutasikia maswali yoyote kutoka kwa wateja kwa wakati. Pia tutapendekeza mashine bora ya kutengeneza tray za matunda kulingana na mahitaji na hali ya mteja. Zaidi ya hayo, pia tunatoa muundo wa mpangilio wa kiwanda. Ikiwa ni lazima, pia tutashughulikia usakinishaji wa mashine. Baada ya mteja kupokea mashine, tutatoa huduma ya baada ya mauzo ya mwaka mmoja.<\/li> <\/ul>    <figure class=\"wp-block-gallery has-nested-images columns-default is-cropped wp-block-gallery-3 is-layout-flex wp-block-gallery-is-layout-flex\"> <figure class=\"wp-block-image size-large\"><img loading=\"lazy\" decoding=\"async\" width=\"720\" height=\"540\" data-id=\"133\" src=\"https:\/\/eggtraym.com\/wp-content\/uploads\/2022\/09\/apple-tray-machine-.webp\" alt=\"mashine ya trei ya apple\" class=\"wp-image-133\" title=\"mashine ya trei ya apple\" srcset=\"https:\/\/eggtraym.com\/wp-content\/uploads\/2022\/09\/apple-tray-machine-.webp 720w, https:\/\/eggtraym.com\/wp-content\/uploads\/2022\/09\/apple-tray-machine--300x225.webp 300w\" sizes=\"auto, (max-width: 720px) 100vw, 720px\" \/><figcaption class=\"wp-element-caption\">Mashine ya Tray ya Apple<\/figcaption><\/figure>    <figure class=\"wp-block-image size-large\"><img loading=\"lazy\" decoding=\"async\" width=\"720\" height=\"540\" data-id=\"134\" src=\"https:\/\/eggtraym.com\/wp-content\/uploads\/2022\/09\/fruit-tray-making-machine-3.webp\" alt=\"mashine ya kutengeneza trei za matunda.\" class=\"wp-image-134\" title=\"mashine ya kutengeneza trei za matunda.\" srcset=\"https:\/\/eggtraym.com\/wp-content\/uploads\/2022\/09\/fruit-tray-making-machine-3.webp 720w, https:\/\/eggtraym.com\/wp-content\/uploads\/2022\/09\/fruit-tray-making-machine-3-300x225.webp 300w\" sizes=\"auto, (max-width: 720px) 100vw, 720px\" \/><figcaption class=\"wp-element-caption\">Mashine ya kutengeneza trei za matunda <\/figcaption><\/figure> <\/figure>    <h2 class=\"wp-block-heading\" id=\"h-apple-fruit-tray-making-machine-sold-to-nigeria\">Mashine ya kutengeneza trei za matunda ya tufaha inauzwa Nigeria<\/h2>    <p class=\"translation-block\">Mteja huyu kutoka <a href=\"https:\/\/en.wikipedia.org\/wiki\/Nigeria\" target=\"_blank\" rel=\"noopener\">Nigeria<\/a> alitaka kuanzisha biashara ya kutengeneza mashine za trei za mayai. Kwa hivyo alitafuta mashine husika kwenye mtandao na kisha akaenda kwenye tovuti yetu. Mwishowe, alitutumia uchunguzi kwa mashine ya kutengeneza trei za matunda. <\/p>    <p>Baada ya kupokea ujumbe kutoka kwa mteja, tulimpa mteja picha, video na vigezo vya mashine. Kisha tukamwuliza mteja kuhusu ukubwa wa apples na kuamua ukubwa wa tray ya yai. Baada ya taarifa zote kuthibitishwa, tulimpa mteja nukuu. Mteja alilipia mashine ya kutengeneza trei za matunda.<\/p>    <figure class=\"wp-block-gallery has-nested-images columns-default is-cropped wp-block-gallery-4 is-layout-flex wp-block-gallery-is-layout-flex\"> <figure class=\"wp-block-image size-large\"><img loading=\"lazy\" decoding=\"async\" width=\"720\" height=\"540\" data-id=\"628\" src=\"https:\/\/eggtraym.com\/wp-content\/uploads\/2022\/09\/apple-tray-making-machine-loading-site.webp\" alt=\"tovuti ya kupakia trei ya apple\" class=\"wp-image-628\" title=\"\" srcset=\"https:\/\/eggtraym.com\/wp-content\/uploads\/2022\/09\/apple-tray-making-machine-loading-site.webp 720w, https:\/\/eggtraym.com\/wp-content\/uploads\/2022\/09\/apple-tray-making-machine-loading-site-300x225.webp 300w, https:\/\/eggtraym.com\/wp-content\/uploads\/2022\/09\/apple-tray-making-machine-loading-site-16x12.webp 16w\" sizes=\"auto, (max-width: 720px) 100vw, 720px\" \/><figcaption class=\"wp-element-caption\">Tovuti ya Kupakia Trei ya Apple<\/figcaption><\/figure>    <figure class=\"wp-block-image size-large\"><img loading=\"lazy\" decoding=\"async\" width=\"720\" height=\"540\" data-id=\"629\" src=\"https:\/\/eggtraym.com\/wp-content\/uploads\/2022\/09\/fruit-tray-molding-machine-for-sale.webp\" alt=\"mashine ya kutengenezea trei ya matunda inauzwa\" class=\"wp-image-629\" title=\"\" srcset=\"https:\/\/eggtraym.com\/wp-content\/uploads\/2022\/09\/fruit-tray-molding-machine-for-sale.webp 720w, https:\/\/eggtraym.com\/wp-content\/uploads\/2022\/09\/fruit-tray-molding-machine-for-sale-300x225.webp 300w, https:\/\/eggtraym.com\/wp-content\/uploads\/2022\/09\/fruit-tray-molding-machine-for-sale-16x12.webp 16w\" sizes=\"auto, (max-width: 720px) 100vw, 720px\" \/><figcaption class=\"wp-element-caption\">Mashine ya Kutengeneza Trei ya Matunda Inauzwa<\/figcaption><\/figure> <\/figure>    <h2 class=\"wp-block-heading\" id=\"h-what-are-the-benefits-of-using-shuliy-s-egg-plate-making-machine\">F\u00f6rdelar med att anv\u00e4nda Shuliy's \u00e4ggplattstillverkningsmaskin<\/h2>    <ul class=\"wp-block-list\"> <li>Ongeza ufanisi wa kutengeneza trei za tufaha. Ikiwa mteja atatumia mashine pamoja na kipigo, kikaushio, kitengenezeo cha umbo, na kipima, utendakazi utaboreshwa sana.<\/li>    <li>Kupunguza idadi ya matengenezo. Mashine zetu ni za ubora wa juu na hazina matatizo ya mara kwa mara, hivyo wateja wanaweza kuzitumia kwa kujiamini.<\/li>    <li>Bidhaa za kumaliza za ubora wa juu. Mashine yetu ya kutengeneza trei za matunda huzalisha trei za tufaha zinazodumu, ambazo hustahimili shinikizo, na upenyezaji mzuri wa hewa, na hutumiwa sana sokoni.<\/li>    <li>Kuongeza mapato. Wateja wanaweza kupata mapato haraka zaidi kwa kutengeneza na kuuza trei za matunda.<\/li> <\/ul>   <div class=\"wp-block-image\"> <figure class=\"aligncenter size-full\"><img loading=\"lazy\" decoding=\"async\" width=\"720\" height=\"540\" src=\"https:\/\/eggtraym.com\/wp-content\/uploads\/2022\/09\/egg-plate-making-machine-.webp\" alt=\"mashine ya kutengeneza sahani ya mayai\" class=\"wp-image-135\" title=\"mashine ya kutengeneza sahani ya mayai\" srcset=\"https:\/\/eggtraym.com\/wp-content\/uploads\/2022\/09\/egg-plate-making-machine-.webp 720w, https:\/\/eggtraym.com\/wp-content\/uploads\/2022\/09\/egg-plate-making-machine--300x225.webp 300w\" sizes=\"auto, (max-width: 720px) 100vw, 720px\" \/><figcaption class=\"wp-element-caption\">mashine ya kutengeneza sahani ya mayai<\/figcaption><\/figure> <\/div>   <p>Kiwanda chetu kimekuwa maalumu katika kuzalisha sinia ya karatasi kutengeneza vifaa vya kuchakata karatasi taka kwa miaka mingi. Ikiwa una nia, tafadhali vinjari tovuti hii na ujisikie huru kuwasiliana nasi kwa ubinafsishaji wa mashine.<\/p>","protected":false},"excerpt":{"rendered":"<p>Mashine ya kutengeneza trei za matunda ni moja ya vifaa muhimu kwa mashine za kufungashia. Bidhaa zilizokamilishwa zinazozalishwa na mashine hii zinaweza kufungwa na kulindwa kwa matunda.<\/p>","protected":false},"author":1,"featured_media":127,"parent":0,"template":"","tags":[45,41,46],"product-type":[3],"class_list":["post-71","product","type-product","status-publish","has-post-thumbnail","hentry","tag-apple-tray","tag-egg-tray","tag-fruit-tray","product-type-egg-tray-making-machine"],"_links":{"self":[{"href":"https:\/\/eggtraym.com\/sw\/wp-json\/wp\/v2\/product\/71","targetHints":{"allow":["GET"]}}],"collection":[{"href":"https:\/\/eggtraym.com\/sw\/wp-json\/wp\/v2\/product"}],"about":[{"href":"https:\/\/eggtraym.com\/sw\/wp-json\/wp\/v2\/types\/product"}],"author":[{"embeddable":true,"href":"https:\/\/eggtraym.com\/sw\/wp-json\/wp\/v2\/users\/1"}],"wp:featuredmedia":[{"embeddable":true,"href":"https:\/\/eggtraym.com\/sw\/wp-json\/wp\/v2\/media\/127"}],"wp:attachment":[{"href":"https:\/\/eggtraym.com\/sw\/wp-json\/wp\/v2\/media?parent=71"}],"wp:term":[{"taxonomy":"post_tag","embeddable":true,"href":"https:\/\/eggtraym.com\/sw\/wp-json\/wp\/v2\/tags?post=71"},{"taxonomy":"product-type","embeddable":true,"href":"https:\/\/eggtraym.com\/sw\/wp-json\/wp\/v2\/product-type?post=71"}],"curies":[{"name":"wp","href":"https:\/\/api.w.org\/{rel}","templated":true}]}}