{"id":355,"date":"2022-12-08T17:11:52","date_gmt":"2022-12-08T09:11:52","guid":{"rendered":"https:\/\/eggtraym.com\/?post_type=product&#038;p=355"},"modified":"2024-06-14T15:20:25","modified_gmt":"2024-06-14T07:20:25","slug":"paper-pulp-coffee-cup-holder-making-machine","status":"publish","type":"product","link":"https:\/\/eggtraym.com\/sw\/product\/paper-pulp-coffee-cup-holder-making-machine\/","title":{"rendered":"Mashine ya Kutengeneza Kikombe cha Kahawa ya Karatasi"},"content":{"rendered":"<div class=\"kk-star-ratings kksr-auto kksr-align-left kksr-valign-top\"     data-payload='{&quot;align&quot;:&quot;left&quot;,&quot;id&quot;:&quot;355&quot;,&quot;slug&quot;:&quot;default&quot;,&quot;valign&quot;:&quot;top&quot;,&quot;ignore&quot;:&quot;&quot;,&quot;reference&quot;:&quot;auto&quot;,&quot;class&quot;:&quot;&quot;,&quot;count&quot;:&quot;85&quot;,&quot;legendonly&quot;:&quot;&quot;,&quot;readonly&quot;:&quot;&quot;,&quot;score&quot;:&quot;4.8&quot;,&quot;starsonly&quot;:&quot;&quot;,&quot;best&quot;:&quot;5&quot;,&quot;gap&quot;:&quot;5&quot;,&quot;greet&quot;:&quot;Rate this product&quot;,&quot;legend&quot;:&quot;4.8\\\/5 - (85 votes)&quot;,&quot;size&quot;:&quot;24&quot;,&quot;title&quot;:&quot;Paper Pulp Coffee Cup Holder Making Machine&quot;,&quot;width&quot;:&quot;136.7&quot;,&quot;_legend&quot;:&quot;{score}\\\/{best} - ({count} {votes})&quot;,&quot;font_factor&quot;:&quot;1.25&quot;}'>              <div class=\"kksr-stars\">      <div class=\"kksr-stars-inactive\">             <div class=\"kksr-star\" data-star=\"1\" style=\"padding-right: 5px\">               <div class=\"kksr-icon\" style=\"width: 24px; height: 24px;\"><\/div>         <\/div>             <div class=\"kksr-star\" data-star=\"2\" style=\"padding-right: 5px\">               <div class=\"kksr-icon\" style=\"width: 24px; height: 24px;\"><\/div>         <\/div>             <div class=\"kksr-star\" data-star=\"3\" style=\"padding-right: 5px\">               <div class=\"kksr-icon\" style=\"width: 24px; height: 24px;\"><\/div>         <\/div>             <div class=\"kksr-star\" data-star=\"4\" style=\"padding-right: 5px\">               <div class=\"kksr-icon\" style=\"width: 24px; height: 24px;\"><\/div>         <\/div>             <div class=\"kksr-star\" data-star=\"5\" style=\"padding-right: 5px\">               <div class=\"kksr-icon\" style=\"width: 24px; height: 24px;\"><\/div>         <\/div>     <\/div>      <div class=\"kksr-stars-active\" style=\"width: 136.7px;\">             <div class=\"kksr-star\" style=\"padding-right: 5px\">               <div class=\"kksr-icon\" style=\"width: 24px; height: 24px;\"><\/div>         <\/div>             <div class=\"kksr-star\" style=\"padding-right: 5px\">               <div class=\"kksr-icon\" style=\"width: 24px; height: 24px;\"><\/div>         <\/div>             <div class=\"kksr-star\" style=\"padding-right: 5px\">               <div class=\"kksr-icon\" style=\"width: 24px; height: 24px;\"><\/div>         <\/div>             <div class=\"kksr-star\" style=\"padding-right: 5px\">               <div class=\"kksr-icon\" style=\"width: 24px; height: 24px;\"><\/div>         <\/div>             <div class=\"kksr-star\" style=\"padding-right: 5px\">               <div class=\"kksr-icon\" style=\"width: 24px; height: 24px;\"><\/div>         <\/div>     <\/div> <\/div>                   <div class=\"kksr-legend\" style=\"font-size: 19.2px;\">             4.8\/5 - (85 r\u00f6ster)    <\/div>     <\/div>  <p>Mashine ya kutengeneza kikombe cha kahawa ni kifaa ambacho kinaweza kutengeneza vishikilia vikombe mbalimbali. Kwa ujumla, kuna vikombe 2 na 4 vya kahawa. Wamiliki wa kikombe cha kahawa ni vitu vya kawaida katika maisha yetu ya kila siku. Inasaidia kahawa kusimama wima bila kuinamisha. Ni bidhaa nzuri ya ufungaji wa kikombe.<\/p>    <figure class=\"wp-block-embed aligncenter is-type-video is-provider-youtube wp-block-embed-youtube wp-embed-aspect-16-9 wp-has-aspect-ratio\"><div class=\"wp-block-embed__wrapper\"> <iframe loading=\"lazy\" title=\"Mashine Isiyo na Juhudi ya Kutengeneza Katoni ya Karatasi: Usahihi Kamili wa Tray ya Karatasi!\" width=\"500\" height=\"281\" src=\"https:\/\/www.youtube.com\/embed\/qXrj-Foo3Xc?feature=oembed\" frameborder=\"0\" allow=\"accelerometer; autoplay; clipboard-write; encrypted-media; gyroscope; picture-in-picture; web-share\" referrerpolicy=\"strict-origin-when-cross-origin\" allowfullscreen><\/iframe> <\/div><figcaption class=\"wp-element-caption\">video ya mashine ya kutengeneza katoni ya karatasi<\/figcaption><\/figure>    <h2 class=\"wp-block-heading\">Utangulizi wa mashine ya kutengeneza kikombe cha kahawa ya Shuliy<\/h2>    <p>Mashine ya kutengeneza kikombe cha kahawa na mashine ya trei ya yai inayozalishwa na Shuliy hufanya kazi kwa kanuni sawa. Zote zimetengenezwa kwa bidhaa za ufungaji wa karatasi kwa kuunda massa. Mashine yetu ya kutengeneza trei za kikombe cha kahawa ina nguvu ya kutosha kutengeneza vishikilia vikombe kwa viwango tofauti. <\/p>    <p>Kiasi cha kawaida ni 2 na 4. Mashine ya kutengeneza kikombe cha kahawa hutumia karatasi taka kutambua urejeleaji wa rasilimali. Kwa hiyo, kutumia mashine ya kushikilia kikombe cha kahawa ni chaguo la watu zaidi na zaidi.<\/p>    <figure class=\"wp-block-gallery has-nested-images columns-default is-cropped wp-block-gallery-2 is-layout-flex wp-block-gallery-is-layout-flex\"> <figure class=\"wp-block-image size-large\"><img loading=\"lazy\" decoding=\"async\" width=\"720\" height=\"540\" data-id=\"358\" src=\"https:\/\/eggtraym.com\/wp-content\/uploads\/2022\/12\/coffee-cup-holder-making-machine-1-.webp\" alt=\"mashine ya kutengeneza kikombe cha kahawa\" class=\"wp-image-358\" title=\"mashine ya kutengeneza kikombe cha kahawa\" srcset=\"https:\/\/eggtraym.com\/wp-content\/uploads\/2022\/12\/coffee-cup-holder-making-machine-1-.webp 720w, https:\/\/eggtraym.com\/wp-content\/uploads\/2022\/12\/coffee-cup-holder-making-machine-1--300x225.webp 300w\" sizes=\"auto, (max-width: 720px) 100vw, 720px\" \/><figcaption class=\"wp-element-caption\">Mashine ya Kutengeneza Kikombe cha Kahawa<\/figcaption><\/figure>    <figure class=\"wp-block-image size-large\"><img loading=\"lazy\" decoding=\"async\" width=\"720\" height=\"540\" data-id=\"359\" src=\"https:\/\/eggtraym.com\/wp-content\/uploads\/2022\/12\/coffee-cup-tray-making-machine-.webp\" alt=\"mashine ya kutengeneza tray za vikombe vya kahawa\" class=\"wp-image-359\" title=\"mashine ya kutengeneza tray za vikombe vya kahawa\" srcset=\"https:\/\/eggtraym.com\/wp-content\/uploads\/2022\/12\/coffee-cup-tray-making-machine-.webp 720w, https:\/\/eggtraym.com\/wp-content\/uploads\/2022\/12\/coffee-cup-tray-making-machine--300x225.webp 300w\" sizes=\"auto, (max-width: 720px) 100vw, 720px\" \/><figcaption class=\"wp-element-caption\">Mashine ya Kutengeneza Tray ya Kombe la Kahawa<\/figcaption><\/figure> <\/figure>    <h2 class=\"wp-block-heading\">Molds kwa ajili ya mashine ya kutengeneza trei ya kikombe cha kahawa<\/h2>    <p>Mashine yetu ya kutengeneza kikombe cha kahawa ni mashine ile ile inayotengeneza trei nyingine za karatasi. Sehemu ya mold tu ni tofauti. Kwa hiyo, wateja wanaweza kuzalisha trei za mayai, trei za matunda, trei za sanduku la yai za kikombe cha kahawa, nk kwa kubadilisha molds tofauti.<\/p>    <p class=\"translation-block\"><strong>Material del molde de bandeja de huevo:<\/strong> Nuestro molde de bandeja para vasos de caf\u00e9 es de aluminio, que es muy duradero y puede usarse durante muchos a\u00f1os.<\/p>    <figure class=\"wp-block-gallery has-nested-images columns-default is-cropped wp-block-gallery-3 is-layout-flex wp-block-gallery-is-layout-flex\"> <figure class=\"wp-block-image size-large\"><img loading=\"lazy\" decoding=\"async\" width=\"720\" height=\"540\" data-id=\"360\" src=\"https:\/\/eggtraym.com\/wp-content\/uploads\/2022\/12\/coffee-cup-pulp-tray-machine-.webp\" alt=\"mashine ya tray za pulp za vikombe vya kahawa\" class=\"wp-image-360\" title=\"mashine ya tray za pulp za vikombe vya kahawa\" srcset=\"https:\/\/eggtraym.com\/wp-content\/uploads\/2022\/12\/coffee-cup-pulp-tray-machine-.webp 720w, https:\/\/eggtraym.com\/wp-content\/uploads\/2022\/12\/coffee-cup-pulp-tray-machine--300x225.webp 300w\" sizes=\"auto, (max-width: 720px) 100vw, 720px\" \/><figcaption class=\"wp-element-caption\">Mashine ya Tray ya kikombe cha kahawa<\/figcaption><\/figure>    <figure class=\"wp-block-image size-large\"><img loading=\"lazy\" decoding=\"async\" width=\"720\" height=\"540\" data-id=\"361\" src=\"https:\/\/eggtraym.com\/wp-content\/uploads\/2022\/12\/models-of-cup-tray-molding-machine-.webp\" alt=\"mifano ya mashine ya ukingo wa tray ya kikombe\" class=\"wp-image-361\" title=\"mifano ya mashine ya ukingo wa tray ya kikombe\" srcset=\"https:\/\/eggtraym.com\/wp-content\/uploads\/2022\/12\/models-of-cup-tray-molding-machine-.webp 720w, https:\/\/eggtraym.com\/wp-content\/uploads\/2022\/12\/models-of-cup-tray-molding-machine--300x225.webp 300w\" sizes=\"auto, (max-width: 720px) 100vw, 720px\" \/><figcaption class=\"wp-element-caption\">Mifano ya Mashine ya Kukinga Tray ya Kombe<\/figcaption><\/figure> <\/figure>    <h2 class=\"wp-block-heading\">Je, ni mbinu gani za kukausha trei za kahawa?<\/h2>    <ul class=\"wp-block-list\"> <li><strong>Metal dryer kwa kukausha.<\/strong> Om du anv\u00e4nder en maskin f\u00f6r att tillverka kaffekopph\u00e5llare i h\u00f6g volym rekommenderar vi att du ocks\u00e5 anv\u00e4nder en stor metalltork. Med h\u00f6g arbetseffektivitet kan maskinen hantera m\u00e5nga \u00e4ggtr\u00e5g, kaffetr\u00e5g osv. samtidigt. Och maskinen har det minsta fotavtrycket.<\/li>    <li><strong>Ukaushaji wa trei ya kahawa ya matofali.<\/strong> Mteja anahitaji kujenga tanuri ya matofali katika kiwanda chake kwa ajili ya kukausha bidhaa za kumaliza. Alama ndogo, chanzo cha joto kinaweza kuwa LPC, LNG, dizeli, gesi asilia, nk.<\/li>    <li><strong>Hewa kavu kwa asili.<\/strong> Tuseme mteja anatumia mashine ya trei ya kikombe cha kahawa yenye pato kidogo. Inaweza pia kukaushwa kwa kawaida kwenye rafu. Njia hii ya kukausha hewa inachukua eneo kubwa.<\/li> <\/ul>   <div class=\"wp-block-image\"> <figure class=\"aligncenter size-full\"><img loading=\"lazy\" decoding=\"async\" width=\"720\" height=\"540\" src=\"https:\/\/eggtraym.com\/wp-content\/uploads\/2022\/12\/three-types-of-dryer-.webp\" alt=\"aina tatu za dryer\" class=\"wp-image-362\" title=\"aina tatu za dryer\" srcset=\"https:\/\/eggtraym.com\/wp-content\/uploads\/2022\/12\/three-types-of-dryer-.webp 720w, https:\/\/eggtraym.com\/wp-content\/uploads\/2022\/12\/three-types-of-dryer--300x225.webp 300w\" sizes=\"auto, (max-width: 720px) 100vw, 720px\" \/><figcaption class=\"wp-element-caption\">aina tatu za dryer<\/figcaption><\/figure> <\/div>   <h2 class=\"wp-block-heading\">Faida za kutumia wamiliki wa kahawa ya karatasi<\/h2>    <ul class=\"wp-block-list\"> <li>Inaweza kuchakata rasilimali na kulinda mazingira. Malighafi ya bidhaa ni massa ya karatasi taka, na tray ya kahawa iliyotumiwa inaweza kutumika tena.<\/li>    <li>Mbali na kufunga kahawa, inaweza pia kufunga bidhaa nyingine za kikombe, kama vile chai ya maziwa, bidhaa za chai, maziwa ya soya, nk.<\/li>    <li>Trei ya kahawa ya karatasi ni nyepesi kwa uzito na ni rahisi kubeba.<\/li> <\/ul>    <figure class=\"wp-block-gallery has-nested-images columns-default is-cropped wp-block-gallery-4 is-layout-flex wp-block-gallery-is-layout-flex\"> <figure class=\"wp-block-image size-large\"><img loading=\"lazy\" decoding=\"async\" width=\"720\" height=\"540\" data-id=\"363\" src=\"https:\/\/eggtraym.com\/wp-content\/uploads\/2022\/12\/raw-materials-of-the-egg-tray-making-machine-.webp\" alt=\"malighafi za mashine ya kutengeneza tray za mayai\" class=\"wp-image-363\" title=\"malighafi za mashine ya kutengeneza tray za mayai\" srcset=\"https:\/\/eggtraym.com\/wp-content\/uploads\/2022\/12\/raw-materials-of-the-egg-tray-making-machine-.webp 720w, https:\/\/eggtraym.com\/wp-content\/uploads\/2022\/12\/raw-materials-of-the-egg-tray-making-machine--300x225.webp 300w\" sizes=\"auto, (max-width: 720px) 100vw, 720px\" \/><figcaption class=\"wp-element-caption\">Malighafi Ya Mashine Ya Kutengeneza Sinia Ya Mayai<\/figcaption><\/figure>    <figure class=\"wp-block-image size-large\"><img loading=\"lazy\" decoding=\"async\" width=\"720\" height=\"540\" data-id=\"364\" src=\"https:\/\/eggtraym.com\/wp-content\/uploads\/2022\/12\/various-cups-.webp\" alt=\"vikombe mbalimbali \" class=\"wp-image-364\" title=\"vikombe mbalimbali \" srcset=\"https:\/\/eggtraym.com\/wp-content\/uploads\/2022\/12\/various-cups-.webp 720w, https:\/\/eggtraym.com\/wp-content\/uploads\/2022\/12\/various-cups--300x225.webp 300w\" sizes=\"auto, (max-width: 720px) 100vw, 720px\" \/><figcaption class=\"wp-element-caption\">Vikombe mbalimbali<\/figcaption><\/figure> <\/figure>    <h2 class=\"wp-block-heading\">Vipengele vya mashine ya trei ya kikombe cha kahawa<\/h2>    <ul class=\"wp-block-list\"> <li>Maskinens r\u00e5material och f\u00e4rdiga produkter f\u00f6r att tillverka kaffekopph\u00e5llare kan \u00e5tervinnas. Och det ligger i linje med den aktuella trenden och konceptet f\u00f6r milj\u00f6skydd.<\/li>    <li>Mashine yetu ya kutengeneza vichukuzi vya kikombe cha kahawa imeundwa tu kwa vifaa vya hali ya juu vya kiufundi, na uendeshaji thabiti, nyakati chache za matengenezo, na maisha marefu ya huduma.<\/li>    <li>Pato kubwa <a href=\"https:\/\/en.wikipedia.org\/wiki\/Coffee\" target=\"_blank\" rel=\"noopener\">kahawa<\/a> mistari ya uzalishaji wa kikombe inaweza kutumika na vikaushio vya chuma. Kwa njia hii, ufanisi wa uzalishaji utakuwa wa juu.<\/li>    <li>Kwa kazi zenye nguvu, mashine moja inaweza kutengeneza bidhaa mbalimbali za sinia ya karatasi.<\/li> <\/ul>    <figure class=\"wp-block-gallery has-nested-images columns-default is-cropped wp-block-gallery-5 is-layout-flex wp-block-gallery-is-layout-flex\"> <figure class=\"wp-block-image size-large\"><img loading=\"lazy\" decoding=\"async\" width=\"720\" height=\"540\" data-id=\"365\" src=\"https:\/\/eggtraym.com\/wp-content\/uploads\/2022\/12\/coffee-cup-tray-machine-.webp\" alt=\"maskini wa tray ya kikombe cha kahawa\" class=\"wp-image-365\" title=\"maskini wa tray ya kikombe cha kahawa\" srcset=\"https:\/\/eggtraym.com\/wp-content\/uploads\/2022\/12\/coffee-cup-tray-machine-.webp 720w, https:\/\/eggtraym.com\/wp-content\/uploads\/2022\/12\/coffee-cup-tray-machine--300x225.webp 300w\" sizes=\"auto, (max-width: 720px) 100vw, 720px\" \/><figcaption class=\"wp-element-caption\">Mashine ya Tray ya Kombe la Kahawa<\/figcaption><\/figure>    <figure class=\"wp-block-image size-large\"><img loading=\"lazy\" decoding=\"async\" width=\"720\" height=\"540\" data-id=\"369\" src=\"https:\/\/eggtraym.com\/wp-content\/uploads\/2022\/12\/our-factory-.webp\" alt=\"kiwanda chetu \" class=\"wp-image-369\" title=\"kiwanda chetu \" srcset=\"https:\/\/eggtraym.com\/wp-content\/uploads\/2022\/12\/our-factory-.webp 720w, https:\/\/eggtraym.com\/wp-content\/uploads\/2022\/12\/our-factory--300x225.webp 300w\" sizes=\"auto, (max-width: 720px) 100vw, 720px\" \/><figcaption class=\"wp-element-caption\">Kiwanda Chetu<\/figcaption><\/figure> <\/figure>    <h2 class=\"wp-block-heading\">Kwa nini uchague mashine ya kutengeneza holder za vikombe ya shuliy?<\/h2>    <ul class=\"wp-block-list\"> <li>Kama mtengenezaji wa kitaalamu, tumezalisha <a href=\"https:\/\/eggtraym.com\/sw\/product\/automatic-egg-tray-machine\/\">mashine za kutengeneza trei za mayai<\/a> kwa miaka mingi na wamekuwa wakifanya kazi kwa bidii kwenye barabara ya utengenezaji wa mashine za trei za kahawa. Waletee wateja mashine bora za trei ya kahawa.<\/li>    <li>Tuna vifaa vingi vya kusaidia vinavyohusiana, kwa mfano, pulper, dryer, vyombo vya habari vya joto, baler, na kadhalika. Inaweza kusaidia wateja kubinafsisha mpango unaofaa wa uzalishaji.<\/li>    <li>Uzoefu mwingi wa usafirishaji. Tumeanzisha biashara ya kuuza nje tangu kuanzishwa kwa kiwanda na tunaweza kuwasaidia wateja kutatua matatizo mbalimbali yaliyojitokeza katika mchakato wa ununuzi.<\/li>    <li>Huduma ya mwaka mmoja baada ya mauzo. Wateja wanaweza kununua vifaa vyetu kwa ujasiri.<\/li> <\/ul>    <figure class=\"wp-block-gallery has-nested-images columns-default is-cropped wp-block-gallery-6 is-layout-flex wp-block-gallery-is-layout-flex\"> <figure class=\"wp-block-image size-large\"><img loading=\"lazy\" decoding=\"async\" width=\"720\" height=\"540\" data-id=\"367\" src=\"https:\/\/eggtraym.com\/wp-content\/uploads\/2022\/12\/related-supporting-equipment-.webp\" alt=\"vifaa vinavyohusiana na msaada\" class=\"wp-image-367\" title=\"vifaa vinavyohusiana na msaada\" srcset=\"https:\/\/eggtraym.com\/wp-content\/uploads\/2022\/12\/related-supporting-equipment-.webp 720w, https:\/\/eggtraym.com\/wp-content\/uploads\/2022\/12\/related-supporting-equipment--300x225.webp 300w\" sizes=\"auto, (max-width: 720px) 100vw, 720px\" \/><figcaption class=\"wp-element-caption\">Vifaa vya Kusaidia vinavyohusiana<\/figcaption><\/figure>    <figure class=\"wp-block-image size-large\"><img loading=\"lazy\" decoding=\"async\" width=\"720\" height=\"540\" data-id=\"368\" src=\"https:\/\/eggtraym.com\/wp-content\/uploads\/2022\/12\/after-service-of-egg-tray-making-machine-.webp\" alt=\"baada ya huduma ya mashine ya kutengeneza trei ya mayai\" class=\"wp-image-368\" title=\"baada ya huduma ya mashine ya kutengeneza trei ya mayai\" srcset=\"https:\/\/eggtraym.com\/wp-content\/uploads\/2022\/12\/after-service-of-egg-tray-making-machine-.webp 720w, https:\/\/eggtraym.com\/wp-content\/uploads\/2022\/12\/after-service-of-egg-tray-making-machine--300x225.webp 300w\" sizes=\"auto, (max-width: 720px) 100vw, 720px\" \/><figcaption class=\"wp-element-caption\">Baada Ya Huduma Ya Mashine Ya Kutengeneza Sinia Ya Mayai<\/figcaption><\/figure> <\/figure>    <p>Kiwanda chetu kinaweza kutoa mashine za ukingo wa sinia za karatasi za uwezo tofauti na kukubali mashine zilizobinafsishwa. Jisikie huru kuwasiliana nasi!<\/p>","protected":false},"excerpt":{"rendered":"<p>Mashine ya kutengeneza kikombe cha kahawa ni kifaa cha kuchakata karatasi ambacho kinaweza kutengeneza trei mbalimbali za kikombe. Kwa ujumla, kuna vikombe 2 na 4 vya kahawa. <\/p>","protected":false},"author":1,"featured_media":356,"parent":0,"template":"","tags":[41,48,42],"product-type":[3],"class_list":["post-355","product","type-product","status-publish","has-post-thumbnail","hentry","tag-egg-tray","tag-paper-carton","tag-paper-tray","product-type-egg-tray-making-machine"],"_links":{"self":[{"href":"https:\/\/eggtraym.com\/sw\/wp-json\/wp\/v2\/product\/355","targetHints":{"allow":["GET"]}}],"collection":[{"href":"https:\/\/eggtraym.com\/sw\/wp-json\/wp\/v2\/product"}],"about":[{"href":"https:\/\/eggtraym.com\/sw\/wp-json\/wp\/v2\/types\/product"}],"author":[{"embeddable":true,"href":"https:\/\/eggtraym.com\/sw\/wp-json\/wp\/v2\/users\/1"}],"wp:featuredmedia":[{"embeddable":true,"href":"https:\/\/eggtraym.com\/sw\/wp-json\/wp\/v2\/media\/356"}],"wp:attachment":[{"href":"https:\/\/eggtraym.com\/sw\/wp-json\/wp\/v2\/media?parent=355"}],"wp:term":[{"taxonomy":"post_tag","embeddable":true,"href":"https:\/\/eggtraym.com\/sw\/wp-json\/wp\/v2\/tags?post=355"},{"taxonomy":"product-type","embeddable":true,"href":"https:\/\/eggtraym.com\/sw\/wp-json\/wp\/v2\/product-type?post=355"}],"curies":[{"name":"wp","href":"https:\/\/api.w.org\/{rel}","templated":true}]}}