{"id":319,"date":"2022-11-22T16:19:46","date_gmt":"2022-11-22T08:19:46","guid":{"rendered":"https:\/\/eggtraym.com\/?post_type=product&#038;p=319"},"modified":"2024-06-20T15:25:40","modified_gmt":"2024-06-20T07:25:40","slug":"egg-box-machine","status":"publish","type":"product","link":"https:\/\/eggtraym.com\/sw\/product\/egg-box-machine\/","title":{"rendered":"Mashine ya Kisanduku cha Mayai Vifaa vya Kutengeneza Katoni za Karatasi"},"content":{"rendered":"<div class=\"kk-star-ratings kksr-auto kksr-align-left kksr-valign-top\"     data-payload='{&quot;align&quot;:&quot;left&quot;,&quot;id&quot;:&quot;319&quot;,&quot;slug&quot;:&quot;default&quot;,&quot;valign&quot;:&quot;top&quot;,&quot;ignore&quot;:&quot;&quot;,&quot;reference&quot;:&quot;auto&quot;,&quot;class&quot;:&quot;&quot;,&quot;count&quot;:&quot;96&quot;,&quot;legendonly&quot;:&quot;&quot;,&quot;readonly&quot;:&quot;&quot;,&quot;score&quot;:&quot;4.9&quot;,&quot;starsonly&quot;:&quot;&quot;,&quot;best&quot;:&quot;5&quot;,&quot;gap&quot;:&quot;5&quot;,&quot;greet&quot;:&quot;Rate this product&quot;,&quot;legend&quot;:&quot;4.9\\\/5 - (96 votes)&quot;,&quot;size&quot;:&quot;24&quot;,&quot;title&quot;:&quot;Egg Box Machine Paper Carton Molding Equipment&quot;,&quot;width&quot;:&quot;139.6&quot;,&quot;_legend&quot;:&quot;{score}\\\/{best} - ({count} {votes})&quot;,&quot;font_factor&quot;:&quot;1.25&quot;}'>              <div class=\"kksr-stars\">      <div class=\"kksr-stars-inactive\">             <div class=\"kksr-star\" data-star=\"1\" style=\"padding-right: 5px\">               <div class=\"kksr-icon\" style=\"width: 24px; height: 24px;\"><\/div>         <\/div>             <div class=\"kksr-star\" data-star=\"2\" style=\"padding-right: 5px\">               <div class=\"kksr-icon\" style=\"width: 24px; height: 24px;\"><\/div>         <\/div>             <div class=\"kksr-star\" data-star=\"3\" style=\"padding-right: 5px\">               <div class=\"kksr-icon\" style=\"width: 24px; height: 24px;\"><\/div>         <\/div>             <div class=\"kksr-star\" data-star=\"4\" style=\"padding-right: 5px\">               <div class=\"kksr-icon\" style=\"width: 24px; height: 24px;\"><\/div>         <\/div>             <div class=\"kksr-star\" data-star=\"5\" style=\"padding-right: 5px\">               <div class=\"kksr-icon\" style=\"width: 24px; height: 24px;\"><\/div>         <\/div>     <\/div>      <div class=\"kksr-stars-active\" style=\"width: 139.6px;\">             <div class=\"kksr-star\" style=\"padding-right: 5px\">               <div class=\"kksr-icon\" style=\"width: 24px; height: 24px;\"><\/div>         <\/div>             <div class=\"kksr-star\" style=\"padding-right: 5px\">               <div class=\"kksr-icon\" style=\"width: 24px; height: 24px;\"><\/div>         <\/div>             <div class=\"kksr-star\" style=\"padding-right: 5px\">               <div class=\"kksr-icon\" style=\"width: 24px; height: 24px;\"><\/div>         <\/div>             <div class=\"kksr-star\" style=\"padding-right: 5px\">               <div class=\"kksr-icon\" style=\"width: 24px; height: 24px;\"><\/div>         <\/div>             <div class=\"kksr-star\" style=\"padding-right: 5px\">               <div class=\"kksr-icon\" style=\"width: 24px; height: 24px;\"><\/div>         <\/div>     <\/div> <\/div>                   <div class=\"kksr-legend\" style=\"font-size: 19.2px;\">             4.9\/5 - (96 kura)    <\/div>     <\/div>  <p>Mashine ya sanduku la mayai ni mashine ambayo huchakata taka za karatasi kuwa maumbo kama vile trei za mayai. Kupitia michakato ya kuunda na kukausha ukungu, inatambua utumiaji tena wa karatasi taka na hutumiwa sana katika tasnia ya ufungashaji. Kuna mifano mingi ya mashine za kutengeneza katoni za mayai tunazotengeneza, ambazo zinaweza kukidhi mahitaji tofauti ya wateja kwa uzalishaji. Karibu uwasiliane nasi kwa ubinafsishaji wa mashine.<\/p>    <figure class=\"wp-block-embed aligncenter is-type-video is-provider-youtube wp-block-embed-youtube wp-embed-aspect-16-9 wp-has-aspect-ratio\"><div class=\"wp-block-embed__wrapper\"> <iframe loading=\"lazy\" title=\"Uzalishaji wa Katoni za Mayai Bila Juhudi: Shuhudia Uchawi wa Mashine Yetu ya Sinia ya Mayai!#eggtray #eggcarton\" width=\"500\" height=\"281\" src=\"https:\/\/www.youtube.com\/embed\/y_AmLniIsO4?feature=oembed\" frameborder=\"0\" allow=\"accelerometer; autoplay; clipboard-write; encrypted-media; gyroscope; picture-in-picture; web-share\" referrerpolicy=\"strict-origin-when-cross-origin\" allowfullscreen><\/iframe> <\/div><figcaption class=\"wp-element-caption\">karatasi ya yai mashine ya kufanya kazi video<\/figcaption><\/figure>    <h2 class=\"wp-block-heading\">Utangulizi mfupi wa mashine ya sanduku la mayai<\/h2>    <p>Mashine yetu ya sanduku la mayai inaweza kutengeneza katoni za mayai za vipimo tofauti. Na zinatofautiana katika idadi ya mayai wanayoshikilia. Kwa mfano, kuna 4-packing, 6-packing, 8-packing, 12-packing, 24-packing, nk Tunaweza pia kubinafsisha masanduku ya mayai na maumbo maalum kulingana na mahitaji maalum ya wateja. <\/p>    <p>Kwa kuwa pato la mashine za kiwango kikubwa pia ni kubwa, tunapendekeza wateja kuunda mstari wa uzalishaji wa tray ya yai na mashine zingine. Hii inaweza kuboresha sana ufanisi. Mashine ya kutengeneza sanduku la mayai yenye pato ndogo inaweza kutumika kama mashine ya kusimama pekee.<\/p>    <figure class=\"wp-block-gallery has-nested-images columns-default is-cropped wp-block-gallery-2 is-layout-flex wp-block-gallery-is-layout-flex\"> <figure class=\"wp-block-image size-large\"><img loading=\"lazy\" decoding=\"async\" width=\"720\" height=\"540\" data-id=\"328\" src=\"https:\/\/eggtraym.com\/wp-content\/uploads\/2022\/11\/egg-box-machine-2.webp\" alt=\"mashine ya sanduku la mayai \" class=\"wp-image-328\" title=\"mashine ya sanduku la mayai \" srcset=\"https:\/\/eggtraym.com\/wp-content\/uploads\/2022\/11\/egg-box-machine-2.webp 720w, https:\/\/eggtraym.com\/wp-content\/uploads\/2022\/11\/egg-box-machine-2-300x225.webp 300w\" sizes=\"auto, (max-width: 720px) 100vw, 720px\" \/><figcaption class=\"wp-element-caption\">Mashine ya Sanduku la Yai <\/figcaption><\/figure>    <figure class=\"wp-block-image size-large\"><img loading=\"lazy\" decoding=\"async\" width=\"720\" height=\"540\" data-id=\"330\" src=\"https:\/\/eggtraym.com\/wp-content\/uploads\/2022\/11\/egg-carton-maker-1-1.webp\" alt=\"mtengenezaji wa katoni ya mayai\" class=\"wp-image-330\" title=\"mtengenezaji wa katoni ya mayai\" srcset=\"https:\/\/eggtraym.com\/wp-content\/uploads\/2022\/11\/egg-carton-maker-1-1.webp 720w, https:\/\/eggtraym.com\/wp-content\/uploads\/2022\/11\/egg-carton-maker-1-1-300x225.webp 300w\" sizes=\"auto, (max-width: 720px) 100vw, 720px\" \/><figcaption class=\"wp-element-caption\">Muumba Katoni ya Yai<\/figcaption><\/figure> <\/figure>    <h2 class=\"wp-block-heading\">Malighafi ya kutengeneza masanduku ya mayai<\/h2>    <p>Malighafi ya masanduku ya mayai ni karatasi za taka tofauti, kama magazeti, vitabu, majarida, karatasi za ofisi, karatasi ya krafti, karatasi ya A4, kadibodi, nk.<\/p>   <div class=\"wp-block-image\"> <figure class=\"aligncenter size-full\"><img loading=\"lazy\" decoding=\"async\" width=\"720\" height=\"540\" src=\"https:\/\/eggtraym.com\/wp-content\/uploads\/2022\/11\/waste-paper-for-egg-box.webp\" alt=\"karatasi taka kwa sanduku la yai\" class=\"wp-image-634\" title=\"\" srcset=\"https:\/\/eggtraym.com\/wp-content\/uploads\/2022\/11\/waste-paper-for-egg-box.webp 720w, https:\/\/eggtraym.com\/wp-content\/uploads\/2022\/11\/waste-paper-for-egg-box-300x225.webp 300w, https:\/\/eggtraym.com\/wp-content\/uploads\/2022\/11\/waste-paper-for-egg-box-16x12.webp 16w\" sizes=\"auto, (max-width: 720px) 100vw, 720px\" \/><figcaption class=\"wp-element-caption\">karatasi taka kwa sanduku la yai<\/figcaption><\/figure> <\/div>  <div class=\"wp-block-image\"> <figure class=\"aligncenter size-full\"><img loading=\"lazy\" decoding=\"async\" width=\"720\" height=\"540\" src=\"https:\/\/eggtraym.com\/wp-content\/uploads\/2022\/11\/Raw-materials-.webp\" alt=\"Malighafi \" class=\"wp-image-331\" title=\"Malighafi \" srcset=\"https:\/\/eggtraym.com\/wp-content\/uploads\/2022\/11\/Raw-materials-.webp 720w, https:\/\/eggtraym.com\/wp-content\/uploads\/2022\/11\/Raw-materials--300x225.webp 300w\" sizes=\"auto, (max-width: 720px) 100vw, 720px\" \/><figcaption class=\"wp-element-caption\">Malighafi <\/figcaption><\/figure> <\/div>   <h2 class=\"wp-block-heading\">Matumizi ya masanduku ya mayai<\/h2>    <p>Som namnet antyder, anv\u00e4nds \u00e4ggkartonger f\u00f6r att h\u00e5lla \u00e4gg. Anv\u00e4ndningen av \u00e4ggkartonger f\u00f6r att packa \u00e4gg kan skydda \u00e4ggen i st\u00f6rsta m\u00f6jliga utstr\u00e4ckning och minska st\u00f6tar. Samtidigt \u00e4r f\u00f6rpackade \u00e4gg mer gynnsamma f\u00f6r m\u00e4nniskors r\u00e4kning. Dessutom \u00e4r det ocks\u00e5 gynnsamt f\u00f6r stapling av \u00e4gg, vilket kan minska golvytan f\u00f6r att lagra \u00e4gg.<\/p>   <div class=\"wp-block-image\"> <figure class=\"aligncenter size-full\"><img loading=\"lazy\" decoding=\"async\" width=\"720\" height=\"540\" src=\"https:\/\/eggtraym.com\/wp-content\/uploads\/2022\/11\/egg-carton-production.webp\" alt=\"uzalishaji wa katoni ya yai\" class=\"wp-image-652\" title=\"\" srcset=\"https:\/\/eggtraym.com\/wp-content\/uploads\/2022\/11\/egg-carton-production.webp 720w, https:\/\/eggtraym.com\/wp-content\/uploads\/2022\/11\/egg-carton-production-300x225.webp 300w, https:\/\/eggtraym.com\/wp-content\/uploads\/2022\/11\/egg-carton-production-16x12.webp 16w\" sizes=\"auto, (max-width: 720px) 100vw, 720px\" \/><figcaption class=\"wp-element-caption\">uzalishaji wa katoni ya yai<\/figcaption><\/figure> <\/div>   <h2 class=\"wp-block-heading\">Muundo wa tray ya yai ya karatasi<\/h2>    <p>Mashine yetu ya katoni ya mayai inaweza kutengeneza katoni za mayai ambazo hutumiwa mara nyingi sokoni. Wakati huo huo, tunaweza pia kutengeneza masanduku ya yai yaliyoundwa kipekee. Wateja wanahitaji kutupa maelezo ya kina kuhusu masanduku ya mayai wanayohitaji. Na tutabinafsisha ukungu wa sanduku la yai kulingana na habari.<\/p>   <div class=\"wp-block-image\"> <figure class=\"aligncenter size-full\"><img loading=\"lazy\" decoding=\"async\" width=\"720\" height=\"540\" src=\"https:\/\/eggtraym.com\/wp-content\/uploads\/2022\/11\/Egg-box-design-.webp\" alt=\"Ubunifu wa sanduku la yai\" class=\"wp-image-332\" title=\"Ubunifu wa sanduku la yai\" srcset=\"https:\/\/eggtraym.com\/wp-content\/uploads\/2022\/11\/Egg-box-design-.webp 720w, https:\/\/eggtraym.com\/wp-content\/uploads\/2022\/11\/Egg-box-design--300x225.webp 300w\" sizes=\"auto, (max-width: 720px) 100vw, 720px\" \/><figcaption class=\"wp-element-caption\">Ubunifu wa sanduku la yai<\/figcaption><\/figure> <\/div>  <div class=\"wp-block-image\"> <figure class=\"aligncenter size-full\"><img loading=\"lazy\" decoding=\"async\" width=\"720\" height=\"540\" src=\"https:\/\/eggtraym.com\/wp-content\/uploads\/2022\/11\/paper-carton-production.webp\" alt=\"utengenezaji wa katoni za karatasi\" class=\"wp-image-650\" title=\"\" srcset=\"https:\/\/eggtraym.com\/wp-content\/uploads\/2022\/11\/paper-carton-production.webp 720w, https:\/\/eggtraym.com\/wp-content\/uploads\/2022\/11\/paper-carton-production-300x225.webp 300w, https:\/\/eggtraym.com\/wp-content\/uploads\/2022\/11\/paper-carton-production-16x12.webp 16w\" sizes=\"auto, (max-width: 720px) 100vw, 720px\" \/><figcaption class=\"wp-element-caption\">utengenezaji wa katoni za karatasi<\/figcaption><\/figure> <\/div>   <h2 class=\"wp-block-heading\">Muundo wa mstari wa uzalishaji wa katoni ya yai<\/h2>    <p>Kwa ujumla, mashine za sanduku la yai zenye mavuno mengi zitakuwa na mashine nyingine ili kuunda mstari wa uzalishaji. Mashine zilizo na vifaa ni pamoja na pulper, mashine ya sanduku la yai, kikausha, vyombo vya habari vya joto, mashine ya kufunga, nk. Laini ya uzalishaji wa mashine ya sanduku la yai inaweza kutengeneza masanduku ya mayai kwa ufanisi. Na bidhaa ya kumaliza ni compact zaidi na nzuri.<\/p>    <figure class=\"wp-block-gallery has-nested-images columns-2 is-cropped wp-block-gallery-3 is-layout-flex wp-block-gallery-is-layout-flex\"> <figure class=\"wp-block-image size-large\"><img loading=\"lazy\" decoding=\"async\" width=\"720\" height=\"540\" data-id=\"326\" src=\"https:\/\/eggtraym.com\/wp-content\/uploads\/2022\/11\/paper-shredder-.webp\" alt=\"mashine ya massa ya karatasi \" class=\"wp-image-326\" title=\"mashine ya massa ya karatasi \" srcset=\"https:\/\/eggtraym.com\/wp-content\/uploads\/2022\/11\/paper-shredder-.webp 720w, https:\/\/eggtraym.com\/wp-content\/uploads\/2022\/11\/paper-shredder--300x225.webp 300w\" sizes=\"auto, (max-width: 720px) 100vw, 720px\" \/><figcaption class=\"wp-element-caption\">Mashine ya kusukuma karatasi <\/figcaption><\/figure>    <figure class=\"wp-block-image size-large\"><img loading=\"lazy\" decoding=\"async\" width=\"720\" height=\"540\" data-id=\"333\" src=\"https:\/\/eggtraym.com\/wp-content\/uploads\/2022\/11\/egg-tray-molding-machine-.webp\" alt=\"mashine ya ukingo wa trei ya mayai \" class=\"wp-image-333\" title=\"mashine ya ukingo wa trei ya mayai \" srcset=\"https:\/\/eggtraym.com\/wp-content\/uploads\/2022\/11\/egg-tray-molding-machine-.webp 720w, https:\/\/eggtraym.com\/wp-content\/uploads\/2022\/11\/egg-tray-molding-machine--300x225.webp 300w\" sizes=\"auto, (max-width: 720px) 100vw, 720px\" \/><figcaption class=\"wp-element-caption\">Mashine ya Kutengeneza Sinia ya Mayai<\/figcaption><\/figure>    <figure class=\"wp-block-image size-large\"><img loading=\"lazy\" decoding=\"async\" width=\"720\" height=\"540\" data-id=\"335\" src=\"https:\/\/eggtraym.com\/wp-content\/uploads\/2022\/11\/metal-egg-tray-dryer-.webp\" alt=\"chuma yai sanduku dryer\" class=\"wp-image-335\" title=\"chuma yai sanduku dryer\" srcset=\"https:\/\/eggtraym.com\/wp-content\/uploads\/2022\/11\/metal-egg-tray-dryer-.webp 720w, https:\/\/eggtraym.com\/wp-content\/uploads\/2022\/11\/metal-egg-tray-dryer--300x225.webp 300w\" sizes=\"auto, (max-width: 720px) 100vw, 720px\" \/><figcaption class=\"wp-element-caption\">Kikausha cha Sanduku la Yai la Metali<\/figcaption><\/figure>    <figure class=\"wp-block-image size-large\"><img loading=\"lazy\" decoding=\"async\" width=\"720\" height=\"540\" data-id=\"336\" src=\"https:\/\/eggtraym.com\/wp-content\/uploads\/2022\/11\/hot-press-machine-.webp\" alt=\"moto vyombo vya habari mashine\" class=\"wp-image-336\" title=\"moto vyombo vya habari mashine\" srcset=\"https:\/\/eggtraym.com\/wp-content\/uploads\/2022\/11\/hot-press-machine-.webp 720w, https:\/\/eggtraym.com\/wp-content\/uploads\/2022\/11\/hot-press-machine--300x225.webp 300w\" sizes=\"auto, (max-width: 720px) 100vw, 720px\" \/><figcaption class=\"wp-element-caption\">Moto Press Machine<\/figcaption><\/figure> <\/figure>    <h2 class=\"wp-block-heading\">Ni mambo gani unayohitaji kuzingatia wakati wa kuchagua mashine ya ukingo wa sanduku la yai?<\/h2>    <ol class=\"wp-block-list\"> <li>Unahitaji katoni ngapi kila siku?<\/li>    <li>Je, unapanga kutumia eneo la ardhi kiasi gani kujenga kiwanda?<\/li>    <li>Je, voltage ya ndani ni nini?<\/li>    <li>Tuna vifaa vitatu tofauti vya kukausha, unahitaji aina gani ya kukausha?<\/li> <\/ol>    <p>Maswali haya ni baadhi tu ya maswali mengi, na maelezo mengine yanahitaji kuthibitishwa nawe. Ikiwa una nia ya bidhaa zetu, tafadhali wasiliana nasi mara moja. Tutakupa jibu la kitaalamu.<\/p>    <figure class=\"wp-block-gallery has-nested-images columns-default is-cropped wp-block-gallery-4 is-layout-flex wp-block-gallery-is-layout-flex\"> <figure class=\"wp-block-image size-large\"><img loading=\"lazy\" decoding=\"async\" width=\"720\" height=\"540\" data-id=\"637\" src=\"https:\/\/eggtraym.com\/wp-content\/uploads\/2022\/11\/6000pcs-paper-tray-forming-machine.webp\" alt=\"6000pcs mashine ya kutengeneza trei ya karatasi\" class=\"wp-image-637\" title=\"\" srcset=\"https:\/\/eggtraym.com\/wp-content\/uploads\/2022\/11\/6000pcs-paper-tray-forming-machine.webp 720w, https:\/\/eggtraym.com\/wp-content\/uploads\/2022\/11\/6000pcs-paper-tray-forming-machine-300x225.webp 300w, https:\/\/eggtraym.com\/wp-content\/uploads\/2022\/11\/6000pcs-paper-tray-forming-machine-16x12.webp 16w\" sizes=\"auto, (max-width: 720px) 100vw, 720px\" \/><figcaption class=\"wp-element-caption\">6000Pcs Mashine ya Kutengeneza Tray ya Karatasi<\/figcaption><\/figure>    <figure class=\"wp-block-image size-large\"><img loading=\"lazy\" decoding=\"async\" width=\"720\" height=\"540\" data-id=\"638\" src=\"https:\/\/eggtraym.com\/wp-content\/uploads\/2022\/11\/large-egg-box-making-machine.webp\" alt=\"mashine kubwa ya kutengeneza sanduku la mayai\" class=\"wp-image-638\" title=\"\" srcset=\"https:\/\/eggtraym.com\/wp-content\/uploads\/2022\/11\/large-egg-box-making-machine.webp 720w, https:\/\/eggtraym.com\/wp-content\/uploads\/2022\/11\/large-egg-box-making-machine-300x225.webp 300w, https:\/\/eggtraym.com\/wp-content\/uploads\/2022\/11\/large-egg-box-making-machine-16x12.webp 16w\" sizes=\"auto, (max-width: 720px) 100vw, 720px\" \/><figcaption class=\"wp-element-caption\">Mashine Kubwa Ya Kutengeneza Sanduku La Mayai<\/figcaption><\/figure> <\/figure>    <h2 class=\"wp-block-heading\">Mashine ya kutengeneza katoni za mayai inauzwa Kamerun<\/h2>    <p class=\"translation-block\">V\u00e5ra kunder fr\u00e5n <a href=\"https:\/\/en.wikipedia.org\/wiki\/Cameroon\" target=\"_blank\" rel=\"noopener\">Kamerun<\/a> hade en tidigare g\u00e5rd och ville byta till att tillverka \u00e4ggkartonger. Efter att vi mottagit kundens meddelande, gav vi omedelbart kunden bilder och videor av \u00e4ggl\u00e5demaskinen. <\/p>    <p>Kwa kuwa ni mara ya kwanza kwa mteja kuanza biashara ya mashine ya trei ya mayai, tunapendekeza mashine ndogo ya mfano ya trei ya mayai kwa mteja. Kisha vigezo vya mashine ya sanduku la yai vilitolewa kwa mteja. Mteja aliamua kununua mashine hii ndogo ya SL-3*1 ya sanduku la yai baada ya kuzingatia.<\/p>   <div class=\"wp-block-image\"> <figure class=\"aligncenter size-full is-resized\"><img loading=\"lazy\" decoding=\"async\" width=\"720\" height=\"540\" src=\"https:\/\/eggtraym.com\/wp-content\/uploads\/2022\/11\/egg-tray-machine-for-shipping-.webp\" alt=\"mashine ya tray ya yai kwa usafirishaji\" class=\"wp-image-341\" style=\"width:720px;height:540px\" title=\"mashine ya tray ya yai kwa usafirishaji\" srcset=\"https:\/\/eggtraym.com\/wp-content\/uploads\/2022\/11\/egg-tray-machine-for-shipping-.webp 720w, https:\/\/eggtraym.com\/wp-content\/uploads\/2022\/11\/egg-tray-machine-for-shipping--300x225.webp 300w\" sizes=\"auto, (max-width: 720px) 100vw, 720px\" \/><figcaption class=\"wp-element-caption\">mashine ya tray ya yai kwa usafirishaji<\/figcaption><\/figure> <\/div>   <h2 class=\"wp-block-heading\">Gharama ya biashara ya mstari wa uzalishaji wa tray ya yai<\/h2>    <p class=\"translation-block\">Kwa sababu ya usanidi tofauti wa msururu wa uzalishaji, gharama ya <strong><em><a href=\"https:\/\/eggtraym.com\/sw\/product\/egg-tray-manufacturing-plant\/\">msururu wa uzalishaji wa mashine ya trei ya mayai ya karatasi<\/a><\/em><\/strong> pia ni tofauti.<\/p>    <ol class=\"wp-block-list\"> <li>Kuhusu vifaa vya kukausha, tuna mistari ya kukausha matofali na mistari ya kukausha chuma. Zinatofautiana katika gharama za ujenzi na vifaa. Na tutapendekeza vifaa vya kukausha sahihi kwa hali yako maalum.<\/li>    <li>Vifaa vingine. Mbali na vifaa vya kukaushia, laini ya uzalishaji wa trei ya yai pia ina vifaa vingine, kama vile vibandiko vya joto vya katoni ya yai, na mashine za kufungashia katoni za mayai, ikijumuisha vibandiko vya katoni za mayai. Ingawa ununuzi wa vifaa hivi utaongeza gharama, inaweza kuboresha sana ufanisi.<\/li> <\/ol>    <h2 class=\"wp-block-heading\">Maskin f\u00f6r att tillverka \u00e4ggtr\u00e5g fr\u00e5n Shuliy<\/h2>    <ul class=\"wp-block-list\"> <li>Kisanduku chetu cha gia kimeagizwa kutoka Taiwan, ambacho kinaokoa nishati zaidi na hufanya kazi vizuri.<\/li>    <li>Mfumo wa kukausha huchukua safu moja ya kuokoa nishati na mstari wa kukausha mazingira. Aina hii ya mstari wa uzalishaji wa mashine ya katoni ya yai ni ya kuokoa nishati zaidi, muundo wa chuma umekaushwa kwa safu moja, na usanikishaji ni rahisi, wa vitendo na mzuri.<\/li>    <li>Wakati wa mchakato mzima wa kutumia mashine, hakuna kutokwa kwa maji machafu kunaweza kusindika tena.<\/li>    <li>Sura kuu imetengenezwa kwa chuma cha chaneli 20# iliyotiwa nene, na shimoni la usambazaji hufanywa kwa shimoni la kuteleza ili kuhakikisha utulivu.<\/li> <\/ul>    <figure class=\"wp-block-gallery has-nested-images columns-default is-cropped wp-block-gallery-5 is-layout-flex wp-block-gallery-is-layout-flex\"> <figure class=\"wp-block-image size-large\"><img loading=\"lazy\" decoding=\"async\" width=\"720\" height=\"540\" data-id=\"338\" src=\"https:\/\/eggtraym.com\/wp-content\/uploads\/2022\/11\/egg-tray-molding-machine-2.webp\" alt=\"mashine ya ukingo wa trei ya mayai\" class=\"wp-image-338\" title=\"mashine ya ukingo wa trei ya mayai\" srcset=\"https:\/\/eggtraym.com\/wp-content\/uploads\/2022\/11\/egg-tray-molding-machine-2.webp 720w, https:\/\/eggtraym.com\/wp-content\/uploads\/2022\/11\/egg-tray-molding-machine-2-300x225.webp 300w\" sizes=\"auto, (max-width: 720px) 100vw, 720px\" \/><figcaption class=\"wp-element-caption\">Mashine ya Kutengeneza Sinia ya Mayai<\/figcaption><\/figure>    <figure class=\"wp-block-image size-large\"><img loading=\"lazy\" decoding=\"async\" width=\"720\" height=\"540\" data-id=\"339\" src=\"https:\/\/eggtraym.com\/wp-content\/uploads\/2022\/11\/egg-trays-.webp\" alt=\"trei za mayai\" class=\"wp-image-339\" title=\"trei za mayai\" srcset=\"https:\/\/eggtraym.com\/wp-content\/uploads\/2022\/11\/egg-trays-.webp 720w, https:\/\/eggtraym.com\/wp-content\/uploads\/2022\/11\/egg-trays--300x225.webp 300w\" sizes=\"auto, (max-width: 720px) 100vw, 720px\" \/><figcaption class=\"wp-element-caption\">Treni za Mayai<\/figcaption><\/figure> <\/figure>","protected":false},"excerpt":{"rendered":"<p>Mashine ya sanduku la mayai ni mashine ambayo huchakata taka za karatasi kuwa maumbo kama vile trei za mayai. Ni mashine rafiki kwa mazingira na inatumika katika nchi nyingi.<\/p>","protected":false},"author":1,"featured_media":327,"parent":0,"template":"","tags":[47,41,42],"product-type":[3],"class_list":["post-319","product","type-product","status-publish","has-post-thumbnail","hentry","tag-egg-box","tag-egg-tray","tag-paper-tray","product-type-egg-tray-making-machine"],"_links":{"self":[{"href":"https:\/\/eggtraym.com\/sw\/wp-json\/wp\/v2\/product\/319","targetHints":{"allow":["GET"]}}],"collection":[{"href":"https:\/\/eggtraym.com\/sw\/wp-json\/wp\/v2\/product"}],"about":[{"href":"https:\/\/eggtraym.com\/sw\/wp-json\/wp\/v2\/types\/product"}],"author":[{"embeddable":true,"href":"https:\/\/eggtraym.com\/sw\/wp-json\/wp\/v2\/users\/1"}],"wp:featuredmedia":[{"embeddable":true,"href":"https:\/\/eggtraym.com\/sw\/wp-json\/wp\/v2\/media\/327"}],"wp:attachment":[{"href":"https:\/\/eggtraym.com\/sw\/wp-json\/wp\/v2\/media?parent=319"}],"wp:term":[{"taxonomy":"post_tag","embeddable":true,"href":"https:\/\/eggtraym.com\/sw\/wp-json\/wp\/v2\/tags?post=319"},{"taxonomy":"product-type","embeddable":true,"href":"https:\/\/eggtraym.com\/sw\/wp-json\/wp\/v2\/product-type?post=319"}],"curies":[{"name":"wp","href":"https:\/\/api.w.org\/{rel}","templated":true}]}}