{"id":202,"date":"2022-09-16T08:36:09","date_gmt":"2022-09-16T08:36:09","guid":{"rendered":"https:\/\/eggtraym.com\/?post_type=product&#038;p=202"},"modified":"2025-05-27T18:01:08","modified_gmt":"2025-05-27T10:01:08","slug":"egg-tray-manufacturing-plant","status":"publish","type":"product","link":"https:\/\/eggtraym.com\/sw\/product\/egg-tray-manufacturing-plant\/","title":{"rendered":"Mashine za Utengenezaji wa Sinia ya Mayai za Utengenezaji wa Mashine za Utengenezaji wa karatasi"},"content":{"rendered":"<div class=\"kk-star-ratings kksr-auto kksr-align-left kksr-valign-top\"     data-payload='{&quot;align&quot;:&quot;left&quot;,&quot;id&quot;:&quot;202&quot;,&quot;slug&quot;:&quot;default&quot;,&quot;valign&quot;:&quot;top&quot;,&quot;ignore&quot;:&quot;&quot;,&quot;reference&quot;:&quot;auto&quot;,&quot;class&quot;:&quot;&quot;,&quot;count&quot;:&quot;91&quot;,&quot;legendonly&quot;:&quot;&quot;,&quot;readonly&quot;:&quot;&quot;,&quot;score&quot;:&quot;4.9&quot;,&quot;starsonly&quot;:&quot;&quot;,&quot;best&quot;:&quot;5&quot;,&quot;gap&quot;:&quot;5&quot;,&quot;greet&quot;:&quot;Rate this product&quot;,&quot;legend&quot;:&quot;4.9\\\/5 - (91 votes)&quot;,&quot;size&quot;:&quot;24&quot;,&quot;title&quot;:&quot;Egg Tray Manufacturing Plant Paper Pulp Molding Machines&quot;,&quot;width&quot;:&quot;139.6&quot;,&quot;_legend&quot;:&quot;{score}\\\/{best} - ({count} {votes})&quot;,&quot;font_factor&quot;:&quot;1.25&quot;}'>              <div class=\"kksr-stars\">      <div class=\"kksr-stars-inactive\">             <div class=\"kksr-star\" data-star=\"1\" style=\"padding-right: 5px\">               <div class=\"kksr-icon\" style=\"width: 24px; height: 24px;\"><\/div>         <\/div>             <div class=\"kksr-star\" data-star=\"2\" style=\"padding-right: 5px\">               <div class=\"kksr-icon\" style=\"width: 24px; height: 24px;\"><\/div>         <\/div>             <div class=\"kksr-star\" data-star=\"3\" style=\"padding-right: 5px\">               <div class=\"kksr-icon\" style=\"width: 24px; height: 24px;\"><\/div>         <\/div>             <div class=\"kksr-star\" data-star=\"4\" style=\"padding-right: 5px\">               <div class=\"kksr-icon\" style=\"width: 24px; height: 24px;\"><\/div>         <\/div>             <div class=\"kksr-star\" data-star=\"5\" style=\"padding-right: 5px\">               <div class=\"kksr-icon\" style=\"width: 24px; height: 24px;\"><\/div>         <\/div>     <\/div>      <div class=\"kksr-stars-active\" style=\"width: 139.6px;\">             <div class=\"kksr-star\" style=\"padding-right: 5px\">               <div class=\"kksr-icon\" style=\"width: 24px; height: 24px;\"><\/div>         <\/div>             <div class=\"kksr-star\" style=\"padding-right: 5px\">               <div class=\"kksr-icon\" style=\"width: 24px; height: 24px;\"><\/div>         <\/div>             <div class=\"kksr-star\" style=\"padding-right: 5px\">               <div class=\"kksr-icon\" style=\"width: 24px; height: 24px;\"><\/div>         <\/div>             <div class=\"kksr-star\" style=\"padding-right: 5px\">               <div class=\"kksr-icon\" style=\"width: 24px; height: 24px;\"><\/div>         <\/div>             <div class=\"kksr-star\" style=\"padding-right: 5px\">               <div class=\"kksr-icon\" style=\"width: 24px; height: 24px;\"><\/div>         <\/div>     <\/div> <\/div>                   <div class=\"kksr-legend\" style=\"font-size: 19.2px;\">             4.9\/5 - (91 kura)    <\/div>     <\/div>  <p>Kiwanda cha kutengeneza tray za mayai chenye uwezo wa uzalishaji wa viwandani wa vipande 1000-8000 kwa saa + kiwango cha kurejeleza malighafi cha 98%, ambacho kinaweza kukidhi mahitaji ya ulinzi wa kupunguza mshtuko katika nyanja za chakula, dawa, na elektroniki.<\/p>    <p>Genom att byta formar kan du omvandla anv\u00e4nda kartonger och tidningar till en m\u00e4ngd olika brickor, s\u00e5som \u00e4ggkartonger, f\u00e4rgade \u00e4ggbrickor, \u00e4ppelbrickor och kaffebrickor, f\u00f6r att m\u00f6ta de olika behoven p\u00e5 den globala marknaden.<\/p>    <p>Katika moyo wa mchakato wa uzalishaji kuna mashine ya kutengeneza tray za mayai, inayoungwa mkono na mifumo ya kusaga, kukausha, kubana moto na kufunga ili kuhakikisha uzalishaji unakwenda vizuri na kwa ufanisi.<\/p>    <p>Vifaa vyetu vimehudumia wateja katika nchi kama Nigeria, Bolivia, Kamerun, Kolombia, Morocco na Sri Lanka. Ikiwa unafikiria kuanzisha biashara ya utengenezaji wa tray za mayai, tafadhali wasiliana nasi kwa suluhisho za kibinafsi!<\/p>    <figure class=\"wp-block-embed aligncenter is-type-video is-provider-youtube wp-block-embed-youtube wp-embed-aspect-16-9 wp-has-aspect-ratio\"><div class=\"wp-block-embed__wrapper\"> <iframe loading=\"lazy\" title=\"Onyesho la 3D: Laini ya Uzalishaji wa Trei ya Mayai ya Mapinduzi kutoka kwa Karatasi Iliyotengenezwa upya#eggtray\" width=\"500\" height=\"281\" src=\"https:\/\/www.youtube.com\/embed\/5AjACn2jzhU?feature=oembed\" frameborder=\"0\" allow=\"accelerometer; autoplay; clipboard-write; encrypted-media; gyroscope; picture-in-picture; web-share\" referrerpolicy=\"strict-origin-when-cross-origin\" allowfullscreen><\/iframe> <\/div><figcaption class=\"wp-element-caption\">Maonyesho ya video ya 3D ya mstari wa utengenezaji wa trei ya yai<\/figcaption><\/figure>    <h2 class=\"wp-block-heading\">Malighafi kwa mstari wa uzalishaji wa trei ya yai<\/h2>    <p>Hamadraw material kwa kiwanda cha utengenezaji wa tray za mayai ni karatasi taka (kama vile kadi, magazeti, vitabu, na majarida) na maji. Karatasi taka inapaswa kuwa safi, isiyo na uchafu, na kuwa na unene sawa. <\/p>    <p>I utg\u00f6randet av massa tills\u00e4tts kemikalier som natriumhydroxid, natriumsilikat och aluminiumsulfat f\u00f6r att bryta ner pappersfibrerna, vilket underl\u00e4ttar bildandet av \u00e4ggtr\u00e5g. Anv\u00e4ndningen av kemikalier beror p\u00e5 typen av papper och den \u00f6nskade produktkvaliteten.<\/p>    <figure class=\"wp-block-gallery has-nested-images columns-default is-cropped wp-block-gallery-2 is-layout-flex wp-block-gallery-is-layout-flex\"> <figure class=\"wp-block-image size-large\"><img loading=\"lazy\" decoding=\"async\" width=\"720\" height=\"540\" data-id=\"246\" src=\"https:\/\/eggtraym.com\/wp-content\/uploads\/2022\/09\/raw-material-.webp\" alt=\"nyenzo ya trei ya yai mbichi\" class=\"wp-image-246\" title=\"nyenzo ya trei ya yai mbichi\" srcset=\"https:\/\/eggtraym.com\/wp-content\/uploads\/2022\/09\/raw-material-.webp 720w, https:\/\/eggtraym.com\/wp-content\/uploads\/2022\/09\/raw-material--300x225.webp 300w\" sizes=\"auto, (max-width: 720px) 100vw, 720px\" \/><figcaption class=\"wp-element-caption\">Nyenzo ya Trei ya Yai Mbichi<\/figcaption><\/figure>    <figure class=\"wp-block-image size-large\"><img loading=\"lazy\" decoding=\"async\" width=\"720\" height=\"540\" data-id=\"248\" src=\"https:\/\/eggtraym.com\/wp-content\/uploads\/2022\/09\/various-raw-materials-.webp\" alt=\"malighafi mbalimbali\" class=\"wp-image-248\" title=\"malighafi mbalimbali\" srcset=\"https:\/\/eggtraym.com\/wp-content\/uploads\/2022\/09\/various-raw-materials-.webp 720w, https:\/\/eggtraym.com\/wp-content\/uploads\/2022\/09\/various-raw-materials--300x225.webp 300w\" sizes=\"auto, (max-width: 720px) 100vw, 720px\" \/><figcaption class=\"wp-element-caption\">Malighafi Mbalimbali<\/figcaption><\/figure>    <figure class=\"wp-block-image size-large\"><img loading=\"lazy\" decoding=\"async\" width=\"720\" height=\"540\" data-id=\"247\" src=\"https:\/\/eggtraym.com\/wp-content\/uploads\/2022\/09\/waste-paper-1-1.webp\" alt=\"taka malighafi\" class=\"wp-image-247\" title=\"taka malighafi\" srcset=\"https:\/\/eggtraym.com\/wp-content\/uploads\/2022\/09\/waste-paper-1-1.webp 720w, https:\/\/eggtraym.com\/wp-content\/uploads\/2022\/09\/waste-paper-1-1-300x225.webp 300w\" sizes=\"auto, (max-width: 720px) 100vw, 720px\" \/><figcaption class=\"wp-element-caption\">Taka Malighafi<\/figcaption><\/figure> <\/figure>    <h2 class=\"wp-block-heading\">Mtiririko wa kazi wa kiwanda cha kutengeneza trei ya yai<\/h2>    <p>Huvudarbetsfl\u00f6det i en tillverkningsanl\u00e4ggning f\u00f6r \u00e4ggkartonger inkluderar fyra nyckelsteg: pulpframst\u00e4llning \u2192 pulpformning \u2192 torkning \u2192 f\u00f6rpackning. <\/p>    <p>Utrustningen som vanligtvis ing\u00e5r inkluderar papperspulperare, maskiner f\u00f6r formning av papperskartonger, torkare, v\u00e4rmepressar och f\u00f6rpackningsmaskiner. <\/p>    <p>Basi kwa laini ya uzalishaji, mchakato wa kukausha unaweza kutumia mashine za kukausha zinazoendelea, tanuru za matofali, au kukausha kwa hewa ya asili. Katika mipangilio ya nusu-automatik, kukausha, kubana moto, na kufunga hufanywa kwa mikono.<\/p>   <div class=\"wp-block-image\"> <figure class=\"aligncenter size-full\"><img loading=\"lazy\" decoding=\"async\" width=\"720\" height=\"540\" src=\"https:\/\/eggtraym.com\/wp-content\/uploads\/2022\/09\/Workflow-of-egg-tray-manufacturing-plant-.webp\" alt=\"Mtiririko wa kazi wa kiwanda cha kutengeneza trei ya yai\" class=\"wp-image-249\" title=\"Mtiririko wa kazi wa kiwanda cha kutengeneza trei ya yai\" srcset=\"https:\/\/eggtraym.com\/wp-content\/uploads\/2022\/09\/Workflow-of-egg-tray-manufacturing-plant-.webp 720w, https:\/\/eggtraym.com\/wp-content\/uploads\/2022\/09\/Workflow-of-egg-tray-manufacturing-plant--300x225.webp 300w\" sizes=\"auto, (max-width: 720px) 100vw, 720px\" \/><figcaption class=\"wp-element-caption\">Mtiririko wa kazi wa kiwanda cha kutengeneza trei ya yai<\/figcaption><\/figure> <\/div>   <h2 class=\"wp-block-heading\">Huvudutrustning f\u00f6r pappersbricka produktionslinje<\/h2>    <p>Vifaa vinavyotumika katika kiwanda cha utengenezaji wa tray za mayai vina uwezo wa kusimamia kiasi kikubwa cha uzalishaji wa tray za mayai huku vikiweka ubora na uthabiti wa bidhaa. Hivyo, ni vifaa gani muhimu katika mchakato wa uzalishaji wa tray za mayai?<\/p>   <div class=\"wp-block-image\"> <figure class=\"aligncenter size-full\"><img loading=\"lazy\" decoding=\"async\" width=\"720\" height=\"540\" src=\"https:\/\/eggtraym.com\/wp-content\/uploads\/2022\/09\/egg-carton-production-line.webp\" alt=\"mstari wa uzalishaji wa katoni ya yai\" class=\"wp-image-618\" title=\"\" srcset=\"https:\/\/eggtraym.com\/wp-content\/uploads\/2022\/09\/egg-carton-production-line.webp 720w, https:\/\/eggtraym.com\/wp-content\/uploads\/2022\/09\/egg-carton-production-line-300x225.webp 300w, https:\/\/eggtraym.com\/wp-content\/uploads\/2022\/09\/egg-carton-production-line-16x12.webp 16w\" sizes=\"auto, (max-width: 720px) 100vw, 720px\" \/><figcaption class=\"wp-element-caption\">mstari wa uzalishaji wa katoni ya yai<\/figcaption><\/figure> <\/div>   <h3 class=\"wp-block-heading\">Mashine ya kusukuma maji<\/h3>    <p>Kwa kawaida, mfanyakazi mmoja tu anahitajika ili kuchanganya karatasi taka na maji kwa uwiano wa 1: 3, na kuifanya kuwa massa nzuri. Ikiwa mabadiliko ya rangi yanahitajika, rangi zinaweza kuletwa katika hatua hii.<\/p>   <div class=\"wp-block-image\"> <figure class=\"aligncenter size-full\"><img loading=\"lazy\" decoding=\"async\" width=\"720\" height=\"540\" src=\"https:\/\/eggtraym.com\/wp-content\/uploads\/2022\/09\/egg-tray-pulping-machine-1-1.webp\" alt=\"mashine ya kusaga trei ya mayai \" class=\"wp-image-257\" title=\"mashine ya kusaga trei ya mayai \" srcset=\"https:\/\/eggtraym.com\/wp-content\/uploads\/2022\/09\/egg-tray-pulping-machine-1-1.webp 720w, https:\/\/eggtraym.com\/wp-content\/uploads\/2022\/09\/egg-tray-pulping-machine-1-1-300x225.webp 300w\" sizes=\"auto, (max-width: 720px) 100vw, 720px\" \/><figcaption class=\"wp-element-caption\">mashine ya kusaga trei ya mayai <\/figcaption><\/figure> <\/div>   <h3 class=\"wp-block-heading\">Mashine ya kutengeneza trei ya mayai<\/h3>    <p class=\"translation-block\">Mashine yetu ya trei ya mayai inakuja katika miundo mbalimbali, ikiwa na utoaji kutoka vipande 1500 hadi 8000 kwa saa, ikikuruhusu kuchagua kile kinachokidhi mahitaji yako. (<em>Soma zaidi:\u00a0<\/em><strong><em><a href=\"https:\/\/eggtraym.com\/sw\/product\/automatic-egg-tray-machine\/\">Mashine ya Trei ya Mayai ya Kiotomatiki Kabisa yenye Uwezo Mkubwa<\/a><\/em><\/strong>&gt;&gt;) Zaidi ya hayo, tunatoa kwa ukungu maalum, na kuifanya iwe rahisi kwako kuzibadilisha wakati wowote unapohitaji.<\/p>   <div class=\"wp-block-image\"> <figure class=\"aligncenter size-full\"><img loading=\"lazy\" decoding=\"async\" width=\"720\" height=\"540\" src=\"https:\/\/eggtraym.com\/wp-content\/uploads\/2022\/09\/egg-tray-forming-machine-.webp\" alt=\"mashine ya kutengeneza trei ya mayai \" class=\"wp-image-258\" title=\"mashine ya kutengeneza trei ya mayai \" srcset=\"https:\/\/eggtraym.com\/wp-content\/uploads\/2022\/09\/egg-tray-forming-machine-.webp 720w, https:\/\/eggtraym.com\/wp-content\/uploads\/2022\/09\/egg-tray-forming-machine--300x225.webp 300w\" sizes=\"auto, (max-width: 720px) 100vw, 720px\" \/><figcaption class=\"wp-element-caption\">mashine ya kutengeneza trei ya mayai<\/figcaption><\/figure> <\/div>   <h3 class=\"wp-block-heading\">Mashine ya kukausha<\/h3>    <p class=\"translation-block\">Baada ya kuondoa kwenye ukungu, trei ya mayai huwa na takriban 30% ya maji, kwa hivyo inahitaji kukaushwa na kuponya. Tunatoa aina mbalimbali za mashine za kukaushia, ikiwa ni pamoja na kukaushia kwa tanuu ya matofali na kukaushia mfululizo. Kila njia ya kukaushia huja na bei zake na ufanisi wa uzalishaji. (<em>Chapisho linalohusiana:<\/em> <a href=\"https:\/\/eggtraym.com\/sw\/product\/egg-tray-dryer\/\"><strong><em>Mashine ya Kukaushia Trei ya Mayai ya Kukaushia Mfululizo wa Tabaka Nyingi<\/em><\/strong><\/a>&gt;&gt;)<\/p>   <div class=\"wp-block-image\"> <figure class=\"aligncenter size-full\"><img loading=\"lazy\" decoding=\"async\" width=\"720\" height=\"540\" src=\"https:\/\/eggtraym.com\/wp-content\/uploads\/2022\/09\/egg-tray-dryer-.webp\" alt=\"kikausha trei ya yai\" class=\"wp-image-259\" title=\"kikausha trei ya yai\" srcset=\"https:\/\/eggtraym.com\/wp-content\/uploads\/2022\/09\/egg-tray-dryer-.webp 720w, https:\/\/eggtraym.com\/wp-content\/uploads\/2022\/09\/egg-tray-dryer--300x225.webp 300w\" sizes=\"auto, (max-width: 720px) 100vw, 720px\" \/><figcaption class=\"wp-element-caption\">kikausha trei ya yai<\/figcaption><\/figure> <\/div>   <h3 class=\"wp-block-heading\">Mashine ya kushinikiza joto<\/h3>    <p>Vyombo vya habari vya moto vina ufanisi katika kuunda zaidi tray ya yai kavu. Baada ya kufanyiwa matibabu ya vyombo vya habari vya moto, tray ya yai inakuwa kali na inaelezwa zaidi.<\/p>   <div class=\"wp-block-image\"> <figure class=\"aligncenter size-full\"><img loading=\"lazy\" decoding=\"async\" width=\"720\" height=\"540\" src=\"https:\/\/eggtraym.com\/wp-content\/uploads\/2022\/09\/egg-tray-hot-press-machine-2-1.webp\" alt=\"tray ya yai mashine ya vyombo vya habari vya moto\" class=\"wp-image-260\" title=\"tray ya yai mashine ya vyombo vya habari vya moto\" srcset=\"https:\/\/eggtraym.com\/wp-content\/uploads\/2022\/09\/egg-tray-hot-press-machine-2-1.webp 720w, https:\/\/eggtraym.com\/wp-content\/uploads\/2022\/09\/egg-tray-hot-press-machine-2-1-300x225.webp 300w\" sizes=\"auto, (max-width: 720px) 100vw, 720px\" \/><figcaption class=\"wp-element-caption\">tray ya yai mashine ya vyombo vya habari vya moto<\/figcaption><\/figure> <\/div>   <h3 class=\"wp-block-heading\">Mashine ya ufungaji<\/h3>    <p>Trei za mayai hukaguliwa ili kubaini kasoro zozote, ikiwa ni pamoja na nyufa, mgeuko, na nyuso zisizo sawa. Trei zozote zenye kasoro hutupwa, huku zile zilizosalia zikihesabiwa, zimewekwa kwenye mrundikano, na kutayarishwa kwa ajili ya kuuzwa au kutumiwa.<\/p>   <div class=\"wp-block-image\"> <figure class=\"aligncenter size-full is-resized\"><img loading=\"lazy\" decoding=\"async\" width=\"720\" height=\"540\" src=\"https:\/\/eggtraym.com\/wp-content\/uploads\/2022\/09\/egg-tray-packing-machine-1-2.webp\" alt=\"mashine ya kufunga tray ya yai \" class=\"wp-image-261\" style=\"width:720px;height:auto\" title=\"mashine ya kufunga tray ya yai \" srcset=\"https:\/\/eggtraym.com\/wp-content\/uploads\/2022\/09\/egg-tray-packing-machine-1-2.webp 720w, https:\/\/eggtraym.com\/wp-content\/uploads\/2022\/09\/egg-tray-packing-machine-1-2-300x225.webp 300w\" sizes=\"auto, (max-width: 720px) 100vw, 720px\" \/><figcaption class=\"wp-element-caption\">mashine ya kufunga tray ya yai<\/figcaption><\/figure> <\/div>   <figure class=\"wp-block-embed aligncenter is-type-video is-provider-youtube wp-block-embed-youtube wp-embed-aspect-16-9 wp-has-aspect-ratio\"><div class=\"wp-block-embed__wrapper\"> <iframe loading=\"lazy\" title=\"Je, mstari wa uzalishaji wa katoni ya mayai hufanya kazi vipi?Mstari wa kutengeneza trei ya yai ya karatasi\" width=\"500\" height=\"281\" src=\"https:\/\/www.youtube.com\/embed\/OzUcmn0DUoI?feature=oembed\" frameborder=\"0\" allow=\"accelerometer; autoplay; clipboard-write; encrypted-media; gyroscope; picture-in-picture; web-share\" referrerpolicy=\"strict-origin-when-cross-origin\" allowfullscreen><\/iframe> <\/div><figcaption class=\"wp-element-caption\">automatisk maskin f\u00f6r formning av papperskartonger video fr\u00e5n tillverkningsanl\u00e4ggning f\u00f6r \u00e4ggkartonger<\/figcaption><\/figure>    <h2 class=\"wp-block-heading\">Kamilisha vigezo vya mstari wa utengenezaji wa katoni za karatasi<\/h2>    <figure class=\"wp-block-table is-style-stripes\"><table><tbody><tr><td>Mfano<\/td><td>Uwezo<\/td><td>Matumizi ya karatasi<\/td><td>Matumizi ya maji<\/td><td>Nishati iliyotumika<\/td><td>Mfanyakazi<\/td><\/tr><tr><td>SL-3*1<\/td><td>1000-1500pcs\/h<\/td><td>120kg\/saa<\/td><td>300kg\/h<\/td><td>32kw\/saa<\/td><td>3-4<\/td><\/tr><tr><td>SL-4*1<\/td><td>1500-2000PCS\/h<\/td><td>160kg\/h<\/td><td>380kg\/saa<\/td><td>45kw\/saa<\/td><td>3-4<\/td><\/tr><tr><td>SL-3*4<\/td><td>2000-2500pcs\/h<\/td><td>200kg\/h<\/td><td>450kg\/saa<\/td><td>58kw\/saa<\/td><td>4-5<\/td><\/tr><tr><td>SL-4*4<\/td><td>3000-3500pcs\/h<\/td><td>280kg\/saa<\/td><td>560kg\/saa<\/td><td>78kw\/saa<\/td><td>4-5<\/td><\/tr><tr><td>SL-4*8<\/td><td>4000pcs\/h<\/td><td>320kg\/saa<\/td><td>600kg\/h<\/td><td>80kw\/saa<\/td><td>5-6<\/td><\/tr><tr><td>SL-5*8<\/td><td>5000pcs\/h<\/td><td>400kg\/saa<\/td><td>750kg\/saa<\/td><td>85kw\/saa<\/td><td>3-4<\/td><\/tr><tr><td>SL-5*12<\/td><td>6000pcs\/h<\/td><td>480kg\/saa<\/td><td>900kg\/saa<\/td><td>90kw\/saa<\/td><td>3-4<\/td><\/tr><tr><td>SL-6*12<\/td><td>8000pcs\/h<\/td><td>640kg\/saa<\/td><td>1040kg\/saa<\/td><td>100kw\/saa<\/td><td>3-4<\/td><\/tr><\/tbody><\/table><figcaption class=\"wp-element-caption\">komplett \u00e4ggbricka produktionslinjens parametrar<\/figcaption><\/figure>    <h2 class=\"wp-block-heading\">Faida za mstari wa kutengeneza tray ya yai ya karatasi<\/h2>    <ul class=\"wp-block-list\"> <li>Enkel utrustningsmontering, l\u00e4tt att s\u00e4tta i bruk, stark platsanpassning.<\/li>    <li>Br\u00e4nslesystemet \u00e4r kompatibelt med flera energik\u00e4llor, och endast 380V industriell elektricitet kr\u00e4vs f\u00f6r str\u00f6mf\u00f6rs\u00f6rjning.<\/li>    <li>Avkastningsgraden f\u00f6r papperskartonger stabiliseras p\u00e5 \u00f6ver 99%, och den manuella interventionsgraden minskas med 95%.<\/li>    <li>Genom att anv\u00e4nda flerlagers kontinuerlig torkning f\u00f6rkortas cykeltiden till 1-2 timmar, och energif\u00f6rbrukningen minskas kraftigt.<\/li>    <li>Den vertikala layouten av flerlagers torklinje minskar det utrymme som upptas j\u00e4mf\u00f6rt med naturlig torkmetod.<\/li> <\/ul>    <figure class=\"wp-block-gallery has-nested-images columns-default is-cropped wp-block-gallery-3 is-layout-flex wp-block-gallery-is-layout-flex\"> <figure class=\"wp-block-image size-large\"><img loading=\"lazy\" decoding=\"async\" width=\"720\" height=\"540\" data-id=\"254\" src=\"https:\/\/eggtraym.com\/wp-content\/uploads\/2022\/09\/mold-of-the-pulp-egg-tray-making-machine-.webp\" alt=\"mold ya mashine ya kutengeneza trei ya yai la majimaji \" class=\"wp-image-254\" title=\"mold ya mashine ya kutengeneza trei ya yai la majimaji \" srcset=\"https:\/\/eggtraym.com\/wp-content\/uploads\/2022\/09\/mold-of-the-pulp-egg-tray-making-machine-.webp 720w, https:\/\/eggtraym.com\/wp-content\/uploads\/2022\/09\/mold-of-the-pulp-egg-tray-making-machine--300x225.webp 300w\" sizes=\"auto, (max-width: 720px) 100vw, 720px\" \/><figcaption class=\"wp-element-caption\">Mashine Ya Kutengeneza Sinia Ya Yai Ya Pulp<\/figcaption><\/figure>    <figure class=\"wp-block-image size-large\"><img loading=\"lazy\" decoding=\"async\" width=\"720\" height=\"540\" data-id=\"255\" src=\"https:\/\/eggtraym.com\/wp-content\/uploads\/2022\/09\/paper-pulp-egg-tray-production-line-mold-.webp\" alt=\"karatasi massa yai tray uzalishaji line mold\" class=\"wp-image-255\" title=\"karatasi massa yai tray uzalishaji line mold\" srcset=\"https:\/\/eggtraym.com\/wp-content\/uploads\/2022\/09\/paper-pulp-egg-tray-production-line-mold-.webp 720w, https:\/\/eggtraym.com\/wp-content\/uploads\/2022\/09\/paper-pulp-egg-tray-production-line-mold--300x225.webp 300w\" sizes=\"auto, (max-width: 720px) 100vw, 720px\" \/><figcaption class=\"wp-element-caption\">Karatasi Pulp Yai Tray Uzalishaji Line Mold<\/figcaption><\/figure> <\/figure>    <h2 class=\"wp-block-heading\">Kwa nini uchague kiwanda chetu cha kusindika trei ya mayai ya majimaji?<\/h2>    <ul class=\"wp-block-list\"> <li>Omt\u00e4nksam service: snabb respons, ge tillr\u00e4cklig information f\u00f6r att hj\u00e4lpa dig att k\u00f6pa med sinnesro.<\/li>    <li>Iliyoundwa maalum: badilisha mpango wa uzalishaji wa kipekee kulingana na bajeti, tovuti na uzalishaji.<\/li>    <li>Vifaa vya kudumu: vinajengwa kwa malighafi za hali ya juu, maisha marefu ya huduma.<\/li>    <li>Huduma ya baada ya mauzo isiyo na wasiwasi: furahia msaada wa mwaka mmoja baada ya mauzo, suluhisha matatizo yako kwa wakati.<\/li> <\/ul>   <div class=\"wp-block-image\"> <figure class=\"aligncenter size-full\"><img loading=\"lazy\" decoding=\"async\" width=\"720\" height=\"540\" src=\"https:\/\/eggtraym.com\/wp-content\/uploads\/2022\/09\/customer-visit-us-to-purchase-our-egg-tray-production-line-.webp\" alt=\"mteja tutembelee kununua laini yetu ya kutengeneza trei ya mayai  \" class=\"wp-image-253\" title=\"mteja tutembelee kununua laini yetu ya kutengeneza trei ya mayai  \" srcset=\"https:\/\/eggtraym.com\/wp-content\/uploads\/2022\/09\/customer-visit-us-to-purchase-our-egg-tray-production-line-.webp 720w, https:\/\/eggtraym.com\/wp-content\/uploads\/2022\/09\/customer-visit-us-to-purchase-our-egg-tray-production-line--300x225.webp 300w\" sizes=\"auto, (max-width: 720px) 100vw, 720px\" \/><figcaption class=\"wp-element-caption\">mteja hututembelea kununua laini yetu ya kutengeneza trei ya mayai<\/figcaption><\/figure> <\/div>   <h2 class=\"wp-block-heading\">Mashine ya kutengeneza trei ya mayai inauzwa Kolombia<\/h2>    <p class=\"translation-block\">Eine klant van <a href=\"https:\/\/en.wikipedia.org\/wiki\/Colombia\" target=\"_blank\" rel=\"noopener\">Colombia<\/a>, who was new to egg tray machines, reached out to us to set up their first egg tray manufacturing plant. To help them understand the features, our salesperson shared detailed pictures and videos. <\/p>    <p>Vi gav sedan specifikationer f\u00f6r alla tillg\u00e4ngliga modeller, vilket gjorde att kunden kunde v\u00e4lja den som passade b\u00e4st f\u00f6r deras behov. Efter noggrant \u00f6verv\u00e4gande och diskussion med sin partner beslutade de att k\u00f6pa en komplett \u00e4ggbricka produktionslinje fr\u00e5n oss.<\/p>    <figure class=\"wp-block-gallery has-nested-images columns-default is-cropped wp-block-gallery-4 is-layout-flex wp-block-gallery-is-layout-flex\"> <figure class=\"wp-block-image size-large\"><img loading=\"lazy\" decoding=\"async\" width=\"720\" height=\"540\" data-id=\"250\" src=\"https:\/\/eggtraym.com\/wp-content\/uploads\/2022\/09\/Egg-tray-machine-production-line-.webp\" alt=\"Mstari wa uzalishaji wa mashine ya trei ya yai\" class=\"wp-image-250\" title=\"Mstari wa uzalishaji wa mashine ya trei ya yai\" srcset=\"https:\/\/eggtraym.com\/wp-content\/uploads\/2022\/09\/Egg-tray-machine-production-line-.webp 720w, https:\/\/eggtraym.com\/wp-content\/uploads\/2022\/09\/Egg-tray-machine-production-line--300x225.webp 300w\" sizes=\"auto, (max-width: 720px) 100vw, 720px\" \/><figcaption class=\"wp-element-caption\">Mstari wa Uzalishaji wa Sinia ya Yai<\/figcaption><\/figure>    <figure class=\"wp-block-image size-large\"><img loading=\"lazy\" decoding=\"async\" width=\"720\" height=\"540\" data-id=\"251\" src=\"https:\/\/eggtraym.com\/wp-content\/uploads\/2022\/09\/shipping-of-the-egg-tray-manufacturing-plant.webp\" alt=\"usafirishaji wa kiwanda cha kutengeneza trei ya mayai\" class=\"wp-image-251\" title=\"usafirishaji wa kiwanda cha kutengeneza trei ya mayai\" srcset=\"https:\/\/eggtraym.com\/wp-content\/uploads\/2022\/09\/shipping-of-the-egg-tray-manufacturing-plant.webp 720w, https:\/\/eggtraym.com\/wp-content\/uploads\/2022\/09\/shipping-of-the-egg-tray-manufacturing-plant-300x225.webp 300w\" sizes=\"auto, (max-width: 720px) 100vw, 720px\" \/><figcaption class=\"wp-element-caption\">Usafirishaji Wa Kiwanda Cha Kutengeneza Sinia Ya Mayai<\/figcaption><\/figure> <\/figure>    <p>Kuelewa mchakato wa utengenezaji wa tray za mayai ni muhimu kwa kuchagua mashine inayofaa. Ikiwa una maswali yoyote kuhusu kiwanda cha utengenezaji wa tray za mayai, tafadhali wasilisha uchunguzi wako kwa kutumia fomu ya ujumbe upande wa kulia, na tutajibu ndani ya masaa 24.<\/p>","protected":false},"excerpt":{"rendered":"<p>Fabriken f\u00f6r tillverkning av \u00e4ggkartonger kan realisera automatiserad produktion, f\u00f6rb\u00e4ttra produktionseffektiviteten och produktkvaliteten, samt m\u00f6ta kundernas efterfr\u00e5gan p\u00e5 stora m\u00e4ngder \u00e4ggkartongsprodukter.<\/p>","protected":false},"author":1,"featured_media":244,"parent":0,"template":"","tags":[41,42],"product-type":[8],"class_list":["post-202","product","type-product","status-publish","has-post-thumbnail","hentry","tag-egg-tray","tag-paper-tray","product-type-production-line"],"_links":{"self":[{"href":"https:\/\/eggtraym.com\/sw\/wp-json\/wp\/v2\/product\/202","targetHints":{"allow":["GET"]}}],"collection":[{"href":"https:\/\/eggtraym.com\/sw\/wp-json\/wp\/v2\/product"}],"about":[{"href":"https:\/\/eggtraym.com\/sw\/wp-json\/wp\/v2\/types\/product"}],"author":[{"embeddable":true,"href":"https:\/\/eggtraym.com\/sw\/wp-json\/wp\/v2\/users\/1"}],"wp:featuredmedia":[{"embeddable":true,"href":"https:\/\/eggtraym.com\/sw\/wp-json\/wp\/v2\/media\/244"}],"wp:attachment":[{"href":"https:\/\/eggtraym.com\/sw\/wp-json\/wp\/v2\/media?parent=202"}],"wp:term":[{"taxonomy":"post_tag","embeddable":true,"href":"https:\/\/eggtraym.com\/sw\/wp-json\/wp\/v2\/tags?post=202"},{"taxonomy":"product-type","embeddable":true,"href":"https:\/\/eggtraym.com\/sw\/wp-json\/wp\/v2\/product-type?post=202"}],"curies":[{"name":"wp","href":"https:\/\/api.w.org\/{rel}","templated":true}]}}