{"id":45,"date":"2022-09-07T06:40:27","date_gmt":"2022-09-07T06:40:27","guid":{"rendered":"https:\/\/eggtraym.com\/?page_id=45"},"modified":"2025-08-05T17:42:08","modified_gmt":"2025-08-05T09:42:08","slug":"contact-us","status":"publish","type":"page","link":"https:\/\/eggtraym.com\/sw\/contact-us\/","title":{"rendered":"Wasiliana nasi"},"content":{"rendered":"<div class=\"wp-block-columns is-layout-flex wp-container-core-columns-is-layout-9d6595d7 wp-block-columns-is-layout-flex\"> <div class=\"wp-block-column is-vertically-aligned-top is-content-justification-left is-layout-constrained wp-container-core-column-is-layout-02d07192 wp-block-column-is-layout-constrained\"> <h2 class=\"wp-block-heading\">V\u00e4nligen h\u00e4nvisa till f\u00f6ljande aspekter f\u00f6r att specificera dina krav:<\/h2>    <ul class=\"wp-block-list\"> <li>Shuliy Group f\u00f6ljer principerna om integritet, pragmatism och teknologisk innovation, med fokus p\u00e5 skapandet av h\u00f6gkvalitativ utrustning. <\/li>    <li>Vi \u00e4r engagerade i en kundcentrerad strategi, som str\u00e4var efter inte bara erk\u00e4nnande utan ocks\u00e5 att \u00f6vertr\u00e4ffa f\u00f6rv\u00e4ntningarna, vilket hj\u00e4lper v\u00e5ra kunder att uppn\u00e5 st\u00f6rre v\u00e4rde.<\/li> <\/ul> <\/div>    <div class=\"wp-block-column is-vertically-aligned-top is-layout-flow wp-block-column-is-layout-flow\" style=\"flex-basis:40%\"> <ol class=\"wp-block-list\"> <li>Vad \u00e4r din f\u00f6rv\u00e4ntade produktionsvolym?<\/li>    <li>Beh\u00f6ver du en kontinuerlig torklinje?<\/li>    <li>Finns det n\u00e5gra specifika krav p\u00e5 formen, tjockleken eller anv\u00e4ndningen av den slutliga produkten?<\/li>    <li>Vad \u00e4r din ungef\u00e4rliga budget f\u00f6r ink\u00f6p av utrustning?<\/li>    <li>Vilka aspekter \u00e4r du mest bekymrad \u00f6ver? (Vi erbjuder skr\u00e4ddarsydda tj\u00e4nster.)<\/li> <\/ol>    <div class=\"wp-block-buttons is-layout-flex wp-block-buttons-is-layout-flex\"> <div class=\"wp-block-button\"><a class=\"wp-block-button__link wp-element-button\" href=\"https:\/\/api.whatsapp.com\/send?phone=+86%2017320158259&amp;text=Hi,%20I%20am%20interested%20in%20this%20product,%20please%20contact%20me.%20https:\/\/eggtraym.com\/contact-us\/\" data-no-translation=\"\">Get Started<\/a><\/div> <\/div> <\/div> <\/div>   <h1 style=\"font-style:normal;font-weight:700;\" class=\"has-text-align-left wp-block-site-title has-medium-font-size\"><a href=\"https:\/\/eggtraym.com\/sw\" target=\"_self\" rel=\"home\">Mashine ya Kutengeneza Sinia ya Mayai<\/a><\/h1>   <p class=\"has-text-align-left\">Suluhisho kamili za Tray ya Yai<\/p>    <div class=\"wp-block-buttons is-content-justification-center is-layout-flex wp-container-core-buttons-is-layout-16018d1d wp-block-buttons-is-layout-flex\"> <div class=\"wp-block-button has-custom-width wp-block-button__width-100\"><a class=\"wp-block-button__link wp-element-button\" href=\"https:\/\/www.youtube.com\/@eggtraymachinesupplier8158\" target=\"_blank\" rel=\"noopener\">Klicka f\u00f6r att se mina senaste videor<\/a><\/div>    <div class=\"wp-block-button has-custom-width wp-block-button__width-100\"><a class=\"wp-block-button__link wp-element-button\" href=\"https:\/\/api.whatsapp.com\/send?phone=+86%2017320158259&amp;text=Hi,%20I%20am%20interested%20in%20this%20product,%20please%20contact%20me.%20https:\/\/eggtraym.com\/contact-us\/\" data-no-translation=\"\">Click to contact me on WhatsApp<\/a><\/div>    <div class=\"wp-block-button has-custom-width wp-block-button__width-100\"><a class=\"wp-block-button__link wp-element-button\">Barua pepe: info@eggtraym.com<\/a><\/div>    <div class=\"wp-block-button has-custom-width wp-block-button__width-100\"><a class=\"wp-block-button__link wp-element-button\">Adress: Jingkai Square East Hanghai Road, ETDZ, Zhengzhou, Henan, Kina<\/a><\/div> <\/div>","protected":false},"excerpt":{"rendered":"<p>Tafadhali rejelea vipengele vifuatavyo ili kutaja mahitaji yako: Suluhisho Kamili za Trei za Mayai<\/p>","protected":false},"author":1,"featured_media":0,"parent":0,"menu_order":0,"comment_status":"closed","ping_status":"closed","template":"","meta":{"footnotes":""},"class_list":["post-45","page","type-page","status-publish","hentry"],"_links":{"self":[{"href":"https:\/\/eggtraym.com\/sw\/wp-json\/wp\/v2\/pages\/45","targetHints":{"allow":["GET"]}}],"collection":[{"href":"https:\/\/eggtraym.com\/sw\/wp-json\/wp\/v2\/pages"}],"about":[{"href":"https:\/\/eggtraym.com\/sw\/wp-json\/wp\/v2\/types\/page"}],"author":[{"embeddable":true,"href":"https:\/\/eggtraym.com\/sw\/wp-json\/wp\/v2\/users\/1"}],"replies":[{"embeddable":true,"href":"https:\/\/eggtraym.com\/sw\/wp-json\/wp\/v2\/comments?post=45"}],"version-history":[{"count":0,"href":"https:\/\/eggtraym.com\/sw\/wp-json\/wp\/v2\/pages\/45\/revisions"}],"wp:attachment":[{"href":"https:\/\/eggtraym.com\/sw\/wp-json\/wp\/v2\/media?parent=45"}],"curies":[{"name":"wp","href":"https:\/\/api.w.org\/{rel}","templated":true}]}}