{"id":81,"date":"2022-09-14T09:11:21","date_gmt":"2022-09-14T09:11:21","guid":{"rendered":"https:\/\/eggtraym.com\/?post_type=product&#038;p=81"},"modified":"2022-09-28T18:28:10","modified_gmt":"2022-09-28T10:28:10","slug":"egg-tray-packaging-machine-for-sale","status":"publish","type":"product","link":"https:\/\/eggtraym.com\/pt\/product\/egg-tray-packaging-machine-for-sale\/","title":{"rendered":"Venda m\u00e1quina de embalagem de bandeja de ovos"},"content":{"rendered":"<div class=\"kk-star-ratings kksr-auto kksr-align-left kksr-valign-top\"     data-payload='{&quot;align&quot;:&quot;left&quot;,&quot;id&quot;:&quot;81&quot;,&quot;slug&quot;:&quot;default&quot;,&quot;valign&quot;:&quot;top&quot;,&quot;ignore&quot;:&quot;&quot;,&quot;reference&quot;:&quot;auto&quot;,&quot;class&quot;:&quot;&quot;,&quot;count&quot;:&quot;29&quot;,&quot;legendonly&quot;:&quot;&quot;,&quot;readonly&quot;:&quot;&quot;,&quot;score&quot;:&quot;4.5&quot;,&quot;starsonly&quot;:&quot;&quot;,&quot;best&quot;:&quot;5&quot;,&quot;gap&quot;:&quot;5&quot;,&quot;greet&quot;:&quot;Rate this product&quot;,&quot;legend&quot;:&quot;4.5\\\/5 - (29 votes)&quot;,&quot;size&quot;:&quot;24&quot;,&quot;title&quot;:&quot;Egg tray packaging machine for sale&quot;,&quot;width&quot;:&quot;128&quot;,&quot;_legend&quot;:&quot;{score}\\\/{best} - ({count} {votes})&quot;,&quot;font_factor&quot;:&quot;1.25&quot;}'>              <div class=\"kksr-stars\">      <div class=\"kksr-stars-inactive\">             <div class=\"kksr-star\" data-star=\"1\" style=\"padding-right: 5px\">               <div class=\"kksr-icon\" style=\"width: 24px; height: 24px;\"><\/div>         <\/div>             <div class=\"kksr-star\" data-star=\"2\" style=\"padding-right: 5px\">               <div class=\"kksr-icon\" style=\"width: 24px; height: 24px;\"><\/div>         <\/div>             <div class=\"kksr-star\" data-star=\"3\" style=\"padding-right: 5px\">               <div class=\"kksr-icon\" style=\"width: 24px; height: 24px;\"><\/div>         <\/div>             <div class=\"kksr-star\" data-star=\"4\" style=\"padding-right: 5px\">               <div class=\"kksr-icon\" style=\"width: 24px; height: 24px;\"><\/div>         <\/div>             <div class=\"kksr-star\" data-star=\"5\" style=\"padding-right: 5px\">               <div class=\"kksr-icon\" style=\"width: 24px; height: 24px;\"><\/div>         <\/div>     <\/div>      <div class=\"kksr-stars-active\" style=\"width: 128px;\">             <div class=\"kksr-star\" style=\"padding-right: 5px\">               <div class=\"kksr-icon\" style=\"width: 24px; height: 24px;\"><\/div>         <\/div>             <div class=\"kksr-star\" style=\"padding-right: 5px\">               <div class=\"kksr-icon\" style=\"width: 24px; height: 24px;\"><\/div>         <\/div>             <div class=\"kksr-star\" style=\"padding-right: 5px\">               <div class=\"kksr-icon\" style=\"width: 24px; height: 24px;\"><\/div>         <\/div>             <div class=\"kksr-star\" style=\"padding-right: 5px\">               <div class=\"kksr-icon\" style=\"width: 24px; height: 24px;\"><\/div>         <\/div>             <div class=\"kksr-star\" style=\"padding-right: 5px\">               <div class=\"kksr-icon\" style=\"width: 24px; height: 24px;\"><\/div>         <\/div>     <\/div> <\/div>                   <div class=\"kksr-legend\" style=\"font-size: 19.2px;\">             4,5\/5 - (29 votos)    <\/div>     <\/div>  <p>A m\u00e1quina embaladora de bandejas para ovos \u00e0 venda \u00e9 utilizada no processo final da linha de m\u00e1quinas de bandejas para ovos. Com esta m\u00e1quina, a bandeja de ovos pode ser pressionada com firmeza e solidez para evitar que se espalhe. Esta enfardadeira autom\u00e1tica tem bom desempenho e formato bonito. Al\u00e9m disso, a m\u00e1quina \u00e9 f\u00e1cil de operar e manter, segura e economiza energia.<\/p>    <h2 class=\"wp-block-heading\">Introdu\u00e7\u00e3o de m\u00e1quina de embalagem de bandeja de ovos para venda<\/h2>    <p>Esta m\u00e1quina \u00e9 amplamente utilizada em v\u00e1rias linhas de moldagem de celulose. \u00c9 o sistema de embalagem mais comumente usado. Ele pode ser usado para extrusar a bandeja de ovos acabada de acordo com as especifica\u00e7\u00f5es definidas. A m\u00e1quina de bandeja para ovos enfardada \u00e9 empilhada firmemente para economizar espa\u00e7o de armazenamento e transporte. Produzimos m\u00e1quinas de embalagem movidas por sistema hidr\u00e1ulico ou el\u00e9trico. Ele pode lidar com v\u00e1rias bandejas de ovos ao mesmo tempo, reduzindo bastante a carga de trabalho dos funcion\u00e1rios.<\/p>    <figure class=\"wp-block-image size-full\"><img loading=\"lazy\" decoding=\"async\" width=\"720\" height=\"540\" src=\"https:\/\/eggtraym.com\/wp-content\/uploads\/2022\/09\/egg-tray-packaging-machine-.webp\" alt=\"M\u00e1quina de embalagem de bandeja de ovos para venda\" class=\"wp-image-165\" title=\"M\u00e1quina de embalagem de bandeja de ovos para venda\" srcset=\"https:\/\/eggtraym.com\/wp-content\/uploads\/2022\/09\/egg-tray-packaging-machine-.webp 720w, https:\/\/eggtraym.com\/wp-content\/uploads\/2022\/09\/egg-tray-packaging-machine--300x225.webp 300w\" sizes=\"auto, (max-width: 720px) 100vw, 720px\" \/><figcaption>M\u00e1quina de embalagem de bandeja de ovos para venda<\/figcaption><\/figure>    <h2 class=\"wp-block-heading\">Faixa de aplica\u00e7\u00e3o do empilhador de bandejas para ovos<\/h2>    <p class=\"translation-block\">A m\u00e1quina \u00e9 amplamente utilizada em <a href=\"https:\/\/www.shuliy.com\/product\/egg-tray-production-line-plant\/\" target=\"_blank\" rel=\"noopener\">linhas de produ\u00e7\u00e3o de m\u00e1quinas para bandejas de ovos<\/a>, linhas de produ\u00e7\u00e3o de bandejas de fruta, linhas de produ\u00e7\u00e3o de bandejas de cal\u00e7ado, linhas de produ\u00e7\u00e3o de bandejas de vinho, e outras linhas de produ\u00e7\u00e3o de moldagem de polpa.<\/p>    <h2 class=\"wp-block-heading\">Caracter\u00edsticas da m\u00e1quina de embalagem de bandeja para ovos<\/h2>    <ol class=\"wp-block-list\"><li>A estrutura da enfardadeira de bandeja para ovos \u00e9 simples e f\u00e1cil de operar.<\/li><li>A m\u00e1quina adota uma estrutura vertical e ocupa uma pequena \u00e1rea.<\/li><li>A enfardadeira possui fun\u00e7\u00e3o de eleva\u00e7\u00e3o autom\u00e1tica e alta efici\u00eancia de trabalho.<\/li><\/ol>    <figure class=\"wp-block-image size-full\"><img loading=\"lazy\" decoding=\"async\" width=\"720\" height=\"540\" src=\"https:\/\/eggtraym.com\/wp-content\/uploads\/2022\/09\/egg-tray-stacker-.webp\" alt=\"empilhador de bandeja para ovos\" class=\"wp-image-167\" title=\"empilhador de bandeja para ovos\" srcset=\"https:\/\/eggtraym.com\/wp-content\/uploads\/2022\/09\/egg-tray-stacker-.webp 720w, https:\/\/eggtraym.com\/wp-content\/uploads\/2022\/09\/egg-tray-stacker--300x225.webp 300w\" sizes=\"auto, (max-width: 720px) 100vw, 720px\" \/><figcaption>Empilhador de bandeja para ovos<\/figcaption><\/figure>    <h2 class=\"wp-block-heading\">Par\u00e2metros da m\u00e1quina embaladora de bandeja semiautom\u00e1tica<\/h2>    <figure class=\"wp-block-table\"><table><tbody><tr><td>Nome da m\u00e1quina<\/td><td>Enfardadeira para bandeja de ovos<\/td><\/tr><tr><td>Fonte de energia<\/td><td>Pneum\u00e1tico<\/td><\/tr><tr><td>Tipo de automa\u00e7\u00e3o<\/td><td>Automa\u00e7\u00e3o<\/td><\/tr><tr><td>Cor da m\u00e1quina<\/td><td>Personaliza\u00e7\u00e3o<\/td><\/tr><tr><td>Aplicativos<\/td><td>V\u00e1rias bandejas de papel, como bandejas para ovos, bandejas para ma\u00e7\u00e3s, bandejas para ovos de codorna, etc.<\/td><\/tr><tr><td>Fun\u00e7\u00f5es<\/td><td>Pacote<\/td><\/tr><\/tbody><\/table><\/figure>    <h2 class=\"wp-block-heading\">A aplica\u00e7\u00e3o da m\u00e1quina embaladora de bandejas para ovos na linha de produ\u00e7\u00e3o de bandejas para ovos<\/h2>    <p class=\"translation-block\">A nossa linha de produ\u00e7\u00e3o de bandejas de ovos normalmente inclui uma m\u00e1quina trituradora de papel, m\u00e1quina de forma\u00e7\u00e3o de bandejas de ovos, <a href=\"https:\/\/eggtraym.com\/pt\/product\/egg-tray-dryer\/\">m\u00e1quina de secagem de bandejas de ovos<\/a>, <a href=\"https:\/\/eggtraym.com\/pt\/product\/egg-tray-hot-press-machine\/\">m\u00e1quina de prensar a quente de bandejas de ovos<\/a>, m\u00e1quina de embalagem de bandejas de ovos \u00e0 venda, e m\u00e1quina de empilhamento de bandejas de ovos. Assim, a m\u00e1quina de empacotamento de bandejas de ovos \u00e9 a m\u00e1quina de acabamento na linha de produ\u00e7\u00e3o. Tal como o empilhador de bandejas de ovos, pode economizar muito m\u00e3o de obra e tempo. Trabalhar em conjunto com outras m\u00e1quinas pode acelerar grandemente o processo de produ\u00e7\u00e3o de bandejas de ovos.<\/p>    <figure class=\"wp-block-image size-full\"><img loading=\"lazy\" decoding=\"async\" width=\"720\" height=\"540\" src=\"https:\/\/eggtraym.com\/wp-content\/uploads\/2022\/09\/egg-tray-packing-machine-.webp\" alt=\"m\u00e1quina de embalagem de bandeja de ovos\" class=\"wp-image-166\" title=\"m\u00e1quina de embalagem de bandeja de ovos\" srcset=\"https:\/\/eggtraym.com\/wp-content\/uploads\/2022\/09\/egg-tray-packing-machine-.webp 720w, https:\/\/eggtraym.com\/wp-content\/uploads\/2022\/09\/egg-tray-packing-machine--300x225.webp 300w\" sizes=\"auto, (max-width: 720px) 100vw, 720px\" \/><figcaption>M\u00e1quina de embalagem de bandeja de ovos<\/figcaption><\/figure>","protected":false},"excerpt":{"rendered":"<p>A m\u00e1quina embaladora de bandejas para ovos \u00e0 venda \u00e9 usada no processo final da linha de m\u00e1quinas de bandejas para ovos. <\/p>","protected":false},"author":1,"featured_media":162,"parent":0,"template":"","tags":[34,12],"product-type":[7],"class_list":["post-81","product","type-product","status-publish","has-post-thumbnail","hentry","tag-egg-tray-packaging-machine-for-sale","tag-egg-tray-production-line","product-type-egg-tray-packing-machine"],"_links":{"self":[{"href":"https:\/\/eggtraym.com\/pt\/wp-json\/wp\/v2\/product\/81","targetHints":{"allow":["GET"]}}],"collection":[{"href":"https:\/\/eggtraym.com\/pt\/wp-json\/wp\/v2\/product"}],"about":[{"href":"https:\/\/eggtraym.com\/pt\/wp-json\/wp\/v2\/types\/product"}],"author":[{"embeddable":true,"href":"https:\/\/eggtraym.com\/pt\/wp-json\/wp\/v2\/users\/1"}],"wp:featuredmedia":[{"embeddable":true,"href":"https:\/\/eggtraym.com\/pt\/wp-json\/wp\/v2\/media\/162"}],"wp:attachment":[{"href":"https:\/\/eggtraym.com\/pt\/wp-json\/wp\/v2\/media?parent=81"}],"wp:term":[{"taxonomy":"post_tag","embeddable":true,"href":"https:\/\/eggtraym.com\/pt\/wp-json\/wp\/v2\/tags?post=81"},{"taxonomy":"product-type","embeddable":true,"href":"https:\/\/eggtraym.com\/pt\/wp-json\/wp\/v2\/product-type?post=81"}],"curies":[{"name":"wp","href":"https:\/\/api.w.org\/{rel}","templated":true}]}}