{"id":79,"date":"2022-09-14T08:58:35","date_gmt":"2022-09-14T08:58:35","guid":{"rendered":"https:\/\/eggtraym.com\/?post_type=product&#038;p=79"},"modified":"2022-09-28T18:27:22","modified_gmt":"2022-09-28T10:27:22","slug":"egg-tray-hot-press-machine","status":"publish","type":"product","link":"https:\/\/eggtraym.com\/pt\/product\/egg-tray-hot-press-machine\/","title":{"rendered":"M\u00e1quina de prensagem a quente para bandeja de ovos\u4e28m\u00e1quina de modelagem por prensagem a quente"},"content":{"rendered":"<div class=\"kk-star-ratings kksr-auto kksr-align-left kksr-valign-top\"     data-payload='{&quot;align&quot;:&quot;left&quot;,&quot;id&quot;:&quot;79&quot;,&quot;slug&quot;:&quot;default&quot;,&quot;valign&quot;:&quot;top&quot;,&quot;ignore&quot;:&quot;&quot;,&quot;reference&quot;:&quot;auto&quot;,&quot;class&quot;:&quot;&quot;,&quot;count&quot;:&quot;25&quot;,&quot;legendonly&quot;:&quot;&quot;,&quot;readonly&quot;:&quot;&quot;,&quot;score&quot;:&quot;4.6&quot;,&quot;starsonly&quot;:&quot;&quot;,&quot;best&quot;:&quot;5&quot;,&quot;gap&quot;:&quot;5&quot;,&quot;greet&quot;:&quot;Rate this product&quot;,&quot;legend&quot;:&quot;4.6\\\/5 - (25 votes)&quot;,&quot;size&quot;:&quot;24&quot;,&quot;title&quot;:&quot;Egg tray hot press machine\u4e28hot press shaping machine&quot;,&quot;width&quot;:&quot;130.9&quot;,&quot;_legend&quot;:&quot;{score}\\\/{best} - ({count} {votes})&quot;,&quot;font_factor&quot;:&quot;1.25&quot;}'>              <div class=\"kksr-stars\">      <div class=\"kksr-stars-inactive\">             <div class=\"kksr-star\" data-star=\"1\" style=\"padding-right: 5px\">               <div class=\"kksr-icon\" style=\"width: 24px; height: 24px;\"><\/div>         <\/div>             <div class=\"kksr-star\" data-star=\"2\" style=\"padding-right: 5px\">               <div class=\"kksr-icon\" style=\"width: 24px; height: 24px;\"><\/div>         <\/div>             <div class=\"kksr-star\" data-star=\"3\" style=\"padding-right: 5px\">               <div class=\"kksr-icon\" style=\"width: 24px; height: 24px;\"><\/div>         <\/div>             <div class=\"kksr-star\" data-star=\"4\" style=\"padding-right: 5px\">               <div class=\"kksr-icon\" style=\"width: 24px; height: 24px;\"><\/div>         <\/div>             <div class=\"kksr-star\" data-star=\"5\" style=\"padding-right: 5px\">               <div class=\"kksr-icon\" style=\"width: 24px; height: 24px;\"><\/div>         <\/div>     <\/div>      <div class=\"kksr-stars-active\" style=\"width: 130.9px;\">             <div class=\"kksr-star\" style=\"padding-right: 5px\">               <div class=\"kksr-icon\" style=\"width: 24px; height: 24px;\"><\/div>         <\/div>             <div class=\"kksr-star\" style=\"padding-right: 5px\">               <div class=\"kksr-icon\" style=\"width: 24px; height: 24px;\"><\/div>         <\/div>             <div class=\"kksr-star\" style=\"padding-right: 5px\">               <div class=\"kksr-icon\" style=\"width: 24px; height: 24px;\"><\/div>         <\/div>             <div class=\"kksr-star\" style=\"padding-right: 5px\">               <div class=\"kksr-icon\" style=\"width: 24px; height: 24px;\"><\/div>         <\/div>             <div class=\"kksr-star\" style=\"padding-right: 5px\">               <div class=\"kksr-icon\" style=\"width: 24px; height: 24px;\"><\/div>         <\/div>     <\/div> <\/div>                   <div class=\"kksr-legend\" style=\"font-size: 19.2px;\">             4.6\/5 - (25 votos)    <\/div>     <\/div>  <p class=\"translation-block\">A m\u00e1quina de prensa a quente para tabuleiros de ovos \u00e9 um dos equipamentos auxiliares na linha de produ\u00e7\u00e3o de tabuleiros de ovos. Esta m\u00e1quina \u00e9 utilizada ap\u00f3s o <a href=\"https:\/\/eggtraym.com\/pt\/product\/egg-tray-dryer\/\">secador de tabuleiros de ovos<\/a>. Ap\u00f3s a prensa a quente, o tabuleiro de ovos fica mais liso e com melhor resist\u00eancia e rigidez. A m\u00e1quina \u00e9 f\u00e1cil de operar e ocupa pouco espa\u00e7o, sendo uma m\u00e1quina necess\u00e1ria para a maioria dos fabricantes de tabuleiros de ovos.<\/p>    <h2 class=\"wp-block-heading\">Qual \u00e9 a m\u00e1quina de prensagem a quente de bandeja para ovos?<\/h2>    <p class=\"translation-block\">A <a href=\"https:\/\/www.shuliy.com\/product\/egg-tray-press-packing-machine\/\" target=\"_blank\" rel=\"noopener\">m\u00e1quina de prensa a quente para tabuleiros de ovos Shuliy<\/a> \u00e9 utilizada para moldar os produtos moldados em polpa atrav\u00e9s do aquecimento do modelo. A m\u00e1quina \u00e9 controlada por eletricidade. O desempenho pneum\u00e1tico \u00e9 bom e a opera\u00e7\u00e3o \u00e9 segura. O tamanho e o design do molde da prensa a quente para tabuleiros de ovos podem ser ajustados de acordo com os produtos de polpa, de modo que os produtos possam ser facilmente desmoldados.<\/p>    <figure class=\"wp-block-image size-full\"><img loading=\"lazy\" decoding=\"async\" width=\"720\" height=\"540\" src=\"https:\/\/eggtraym.com\/wp-content\/uploads\/2022\/09\/egg-tray-hot-press-machine-2.webp\" alt=\"m\u00e1quina de prensagem a quente para bandeja de ovos\" class=\"wp-image-158\" title=\"m\u00e1quina de prensagem a quente para bandeja de ovos\" srcset=\"https:\/\/eggtraym.com\/wp-content\/uploads\/2022\/09\/egg-tray-hot-press-machine-2.webp 720w, https:\/\/eggtraym.com\/wp-content\/uploads\/2022\/09\/egg-tray-hot-press-machine-2-300x225.webp 300w\" sizes=\"auto, (max-width: 720px) 100vw, 720px\" \/><figcaption>M\u00e1quina de prensagem a quente para bandeja de ovos<\/figcaption><\/figure>    <h2 class=\"wp-block-heading\">Uso da m\u00e1quina modeladora de prensa a quente<\/h2>    <p>Usado para prensagem a quente de produtos moldados em celulose, como bandejas para ovos, caixas para ovos, caixas para ovos e embalagens industriais.<\/p>    <h2 class=\"wp-block-heading\">Estrutura e fun\u00e7\u00e3o da m\u00e1quina formadora de bandeja de papel<\/h2>    <ol class=\"wp-block-list\"><li>A estrutura \u00e9 usada para apoiar o cilindro hidr\u00e1ulico, a placa de prensagem a quente e outras pe\u00e7as, e suportar a press\u00e3o total da prensa a quente durante o trabalho.<\/li><li>Cilindro hidr\u00e1ulico, o atuador para fazer movimento linear alternativo.<\/li><li>Placa de prensagem a quente e sistema de aquecimento. A placa de prensagem a quente \u00e9 o componente para transfer\u00eancia de calor e press\u00e3o.<\/li><\/ol>    <figure class=\"wp-block-image size-full\"><img loading=\"lazy\" decoding=\"async\" width=\"720\" height=\"540\" src=\"https:\/\/eggtraym.com\/wp-content\/uploads\/2022\/09\/paper-tray-forming-machine-.webp\" alt=\"m\u00e1quina formadora de bandeja de papel\" class=\"wp-image-160\" title=\"m\u00e1quina formadora de bandeja de papel\" srcset=\"https:\/\/eggtraym.com\/wp-content\/uploads\/2022\/09\/paper-tray-forming-machine-.webp 720w, https:\/\/eggtraym.com\/wp-content\/uploads\/2022\/09\/paper-tray-forming-machine--300x225.webp 300w\" sizes=\"auto, (max-width: 720px) 100vw, 720px\" \/><figcaption>M\u00e1quina formadora de bandeja de papel<\/figcaption><\/figure>    <h2 class=\"wp-block-heading\">Por que usamos uma m\u00e1quina modeladora de prensa a quente?<\/h2>    <ol class=\"wp-block-list\"><li>Usamos a m\u00e1quina de prensagem a quente de bandeja de ovos para tornar a apar\u00eancia dos produtos de moldagem de polpa mais suave.<\/li><li>A prensa a quente para bandeja de ovos pode manter automaticamente uma temperatura constante ap\u00f3s o ajuste. Funciona em altas temperaturas para uniformizar a espessura do produto.<\/li><li>A m\u00e1quina pode remover a aresta \u00e1spera.<\/li><\/ol>    <figure class=\"wp-block-image size-full\"><img loading=\"lazy\" decoding=\"async\" width=\"720\" height=\"540\" src=\"https:\/\/eggtraym.com\/wp-content\/uploads\/2022\/09\/hot-press-shaping-machine-.webp\" alt=\"m\u00e1quina de moldagem por prensa quente\" class=\"wp-image-161\" title=\"m\u00e1quina de moldagem por prensa quente\" srcset=\"https:\/\/eggtraym.com\/wp-content\/uploads\/2022\/09\/hot-press-shaping-machine-.webp 720w, https:\/\/eggtraym.com\/wp-content\/uploads\/2022\/09\/hot-press-shaping-machine--300x225.webp 300w\" sizes=\"auto, (max-width: 720px) 100vw, 720px\" \/><figcaption>M\u00e1quina modeladora de prensa a quente<\/figcaption><\/figure>    <h2 class=\"wp-block-heading\">Caracter\u00edsticas da m\u00e1quina de prensagem a quente semiautom\u00e1tica<\/h2>    <ol class=\"wp-block-list\"><li>A prensa a quente para bandeja de ovos tem uma estrutura simples e apar\u00eancia elegante.<\/li><li>Seu sistema de controle el\u00e9trico \u00e9 bastante est\u00e1vel e o desempenho pneum\u00e1tico \u00e9 satisfat\u00f3rio.<\/li><li>A nova prensa a quente \u00e9 movida por cilindros pneum\u00e1ticos e hidr\u00e1ulicos.<\/li><li>Portanto, esta m\u00e1quina possui alta efici\u00eancia, alta press\u00e3o e boa economia de energia.<\/li><li>A m\u00e1quina est\u00e1 equipada com um contador de f\u00e1cil opera\u00e7\u00e3o.<\/li><\/ol>    <h2 class=\"wp-block-heading\">Par\u00e2metros da m\u00e1quina de prensagem a quente de celulose<\/h2>    <figure class=\"wp-block-table\"><table><tbody><tr><td>Nome da m\u00e1quina<\/td><td>M\u00e1quina de prensagem a quente<\/td><\/tr><tr><td>Dimens\u00e3o<\/td><td>1200*800*1800mm<\/td><\/tr><tr><td>Press\u00e3o de trabalho<\/td><td>15 toneladas<\/td><\/tr><tr><td>Poder<\/td><td>6,5kW<\/td><\/tr><tr><td>Temperatura de trabalho<\/td><td>160 ~ 200 \u2103<\/td><\/tr><tr><td>Tempo de ciclo de trabalho<\/td><td>6-10 segundos<\/td><\/tr><tr><td>Ar comprimido necess\u00e1rio<\/td><td>0,5~0,6MPa, 1M3\/min;<\/td><\/tr><tr><td>Controlar<\/td><td>Controle CLP<\/td><\/tr><\/tbody><\/table><figcaption>par\u00e2metro da m\u00e1quina de prensagem a quente de celulose<\/figcaption><\/figure>","protected":false},"excerpt":{"rendered":"<p>A prensa a quente para bandejas para ovos \u00e9 um dos equipamentos auxiliares na linha de produ\u00e7\u00e3o de bandejas para ovos. \u00c9 utilizado ap\u00f3s o secador da bandeja para ovos.<\/p>","protected":false},"author":1,"featured_media":156,"parent":0,"template":"","tags":[32,28,33],"product-type":[6],"class_list":["post-79","product","type-product","status-publish","has-post-thumbnail","hentry","tag-egg-tray-hot-press-machine","tag-egg-tray-manufacturing-plant","tag-hot-press-shaping-machine","product-type-egg-tray-pressing-machine"],"_links":{"self":[{"href":"https:\/\/eggtraym.com\/pt\/wp-json\/wp\/v2\/product\/79","targetHints":{"allow":["GET"]}}],"collection":[{"href":"https:\/\/eggtraym.com\/pt\/wp-json\/wp\/v2\/product"}],"about":[{"href":"https:\/\/eggtraym.com\/pt\/wp-json\/wp\/v2\/types\/product"}],"author":[{"embeddable":true,"href":"https:\/\/eggtraym.com\/pt\/wp-json\/wp\/v2\/users\/1"}],"wp:featuredmedia":[{"embeddable":true,"href":"https:\/\/eggtraym.com\/pt\/wp-json\/wp\/v2\/media\/156"}],"wp:attachment":[{"href":"https:\/\/eggtraym.com\/pt\/wp-json\/wp\/v2\/media?parent=79"}],"wp:term":[{"taxonomy":"post_tag","embeddable":true,"href":"https:\/\/eggtraym.com\/pt\/wp-json\/wp\/v2\/tags?post=79"},{"taxonomy":"product-type","embeddable":true,"href":"https:\/\/eggtraym.com\/pt\/wp-json\/wp\/v2\/product-type?post=79"}],"curies":[{"name":"wp","href":"https:\/\/api.w.org\/{rel}","templated":true}]}}