{"id":77,"date":"2022-09-14T08:19:37","date_gmt":"2022-09-14T08:19:37","guid":{"rendered":"https:\/\/eggtraym.com\/?post_type=product&#038;p=77"},"modified":"2025-06-26T17:08:50","modified_gmt":"2025-06-26T09:08:50","slug":"egg-tray-dryer","status":"publish","type":"product","link":"https:\/\/eggtraym.com\/pt\/product\/egg-tray-dryer\/","title":{"rendered":"M\u00e1quina de secagem cont\u00ednua multicamadas para bandeja de ovos"},"content":{"rendered":"<div class=\"kk-star-ratings kksr-auto kksr-align-left kksr-valign-top\"     data-payload='{&quot;align&quot;:&quot;left&quot;,&quot;id&quot;:&quot;77&quot;,&quot;slug&quot;:&quot;default&quot;,&quot;valign&quot;:&quot;top&quot;,&quot;ignore&quot;:&quot;&quot;,&quot;reference&quot;:&quot;auto&quot;,&quot;class&quot;:&quot;&quot;,&quot;count&quot;:&quot;65&quot;,&quot;legendonly&quot;:&quot;&quot;,&quot;readonly&quot;:&quot;&quot;,&quot;score&quot;:&quot;4.8&quot;,&quot;starsonly&quot;:&quot;&quot;,&quot;best&quot;:&quot;5&quot;,&quot;gap&quot;:&quot;5&quot;,&quot;greet&quot;:&quot;Rate this product&quot;,&quot;legend&quot;:&quot;4.8\\\/5 - (65 votes)&quot;,&quot;size&quot;:&quot;24&quot;,&quot;title&quot;:&quot;Egg Tray Dryer Multi-layer Continuous Drying Machine&quot;,&quot;width&quot;:&quot;136.7&quot;,&quot;_legend&quot;:&quot;{score}\\\/{best} - ({count} {votes})&quot;,&quot;font_factor&quot;:&quot;1.25&quot;}'>              <div class=\"kksr-stars\">      <div class=\"kksr-stars-inactive\">             <div class=\"kksr-star\" data-star=\"1\" style=\"padding-right: 5px\">               <div class=\"kksr-icon\" style=\"width: 24px; height: 24px;\"><\/div>         <\/div>             <div class=\"kksr-star\" data-star=\"2\" style=\"padding-right: 5px\">               <div class=\"kksr-icon\" style=\"width: 24px; height: 24px;\"><\/div>         <\/div>             <div class=\"kksr-star\" data-star=\"3\" style=\"padding-right: 5px\">               <div class=\"kksr-icon\" style=\"width: 24px; height: 24px;\"><\/div>         <\/div>             <div class=\"kksr-star\" data-star=\"4\" style=\"padding-right: 5px\">               <div class=\"kksr-icon\" style=\"width: 24px; height: 24px;\"><\/div>         <\/div>             <div class=\"kksr-star\" data-star=\"5\" style=\"padding-right: 5px\">               <div class=\"kksr-icon\" style=\"width: 24px; height: 24px;\"><\/div>         <\/div>     <\/div>      <div class=\"kksr-stars-active\" style=\"width: 136.7px;\">             <div class=\"kksr-star\" style=\"padding-right: 5px\">               <div class=\"kksr-icon\" style=\"width: 24px; height: 24px;\"><\/div>         <\/div>             <div class=\"kksr-star\" style=\"padding-right: 5px\">               <div class=\"kksr-icon\" style=\"width: 24px; height: 24px;\"><\/div>         <\/div>             <div class=\"kksr-star\" style=\"padding-right: 5px\">               <div class=\"kksr-icon\" style=\"width: 24px; height: 24px;\"><\/div>         <\/div>             <div class=\"kksr-star\" style=\"padding-right: 5px\">               <div class=\"kksr-icon\" style=\"width: 24px; height: 24px;\"><\/div>         <\/div>             <div class=\"kksr-star\" style=\"padding-right: 5px\">               <div class=\"kksr-icon\" style=\"width: 24px; height: 24px;\"><\/div>         <\/div>     <\/div> <\/div>                   <div class=\"kksr-legend\" style=\"font-size: 19.2px;\">             4.8\/5 - (65 votos)    <\/div>     <\/div>  <p>Na linha de produ\u00e7\u00e3o de bandejas de ovos, o processo de secagem afeta diretamente a qualidade dos produtos acabados e a efici\u00eancia da produ\u00e7\u00e3o. Especialmente para linhas de produ\u00e7\u00e3o de capacidade m\u00e9dia e grande, o secador de bandejas de ovos cont\u00ednuo de m\u00faltiplas camadas \u00e9 a escolha ideal devido \u00e0 sua alta efici\u00eancia, economia de energia e caracter\u00edsticas inteligentes. <\/p>    <p>A m\u00e1quina adota um avan\u00e7ado sistema de circula\u00e7\u00e3o de ar quente e um painel de controle inteligente, e suporta m\u00faltiplos m\u00e9todos de aquecimento a \u00f3leo, g\u00e1s, eletricidade ou vapor. Ela pode secar at\u00e9 10.000 bandejas de ovos em 8 horas com uma velocidade de secagem r\u00e1pida e uniforme, o que a torna um equipamento central indispens\u00e1vel para a produ\u00e7\u00e3o moderna de bandejas de ovos. <\/p>    <figure class=\"wp-block-embed aligncenter is-type-video is-provider-youtube wp-block-embed-youtube wp-embed-aspect-16-9 wp-has-aspect-ratio\"><div class=\"wp-block-embed__wrapper\"> <iframe loading=\"lazy\" title=\"M\u00e1quina de secagem cont\u00ednua para bandeja de papel: garante qualidade consistente na fabrica\u00e7\u00e3o de bandejas para ovos!\" width=\"500\" height=\"281\" src=\"https:\/\/www.youtube.com\/embed\/_8BFitakCJs?feature=oembed\" frameborder=\"0\" allow=\"accelerometer; autoplay; clipboard-write; encrypted-media; gyroscope; picture-in-picture; web-share\" referrerpolicy=\"strict-origin-when-cross-origin\" allowfullscreen><\/iframe> <\/div><figcaption class=\"wp-element-caption\">v\u00eddeo de trabalho de uma m\u00e1quina de secagem cont\u00ednua de bandejas para ovos<\/figcaption><\/figure>    <p>Atualmente, existem tr\u00eas m\u00e9todos principais de secagem de bandejas de ovos: secagem natural, secagem em tijolo e secagem cont\u00ednua. A seguir, iremos apresentar os diferentes m\u00e9todos de secagem e as vantagens do secador cont\u00ednuo de bandejas de ovos para voc\u00ea em detalhes.<\/p>    <h2 class=\"wp-block-heading\" id=\"h-introduction-of-egg-tray-dryer\">Caracter\u00edsticas do secador cont\u00ednuo de bandeja para ovos<\/h2>    <ul class=\"wp-block-list\"> <li>Capacidade ultra-alta de velocidade: a capacidade de carga \u00fanica \u00e9 aumentada em 6-12 camadas com um design modular de correia de malha. Efici\u00eancia de secagem 8 vezes superior \u00e0 de um forno de tijolos tradicional, capacidade di\u00e1ria para atender \u00e0s necessidades de embalagem de 200.000 ovos de grandes granjas av\u00edcolas.<\/li>    <li>Revolu\u00e7\u00e3o no consumo de energia: ado\u00e7\u00e3o de sistema de recupera\u00e7\u00e3o de calor dos gases de escape (efici\u00eancia t\u00e9rmica \u226590%) e tecnologia de fornecimento de ar com convers\u00e3o de frequ\u00eancia em zonas, o consumo de energia da unidade \u00e9 t\u00e3o baixo quanto 0,11 kW-h\/toe, em compara\u00e7\u00e3o com o equipamento tradicional, uma economia de energia de 30%-40% em compara\u00e7\u00e3o com o equipamento tradicional.<\/li>    <li>Secagem sem danos: equil\u00edbrio din\u00e2mico inteligente do campo de temperatura, velocidade do vento ajust\u00e1vel em n\u00edveis. Garantir que o teor de \u00e1gua da bandeja de ovos seja reduzido (taxa de conformidade \u226598%) e a taxa de quebra &lt;0,5%.<\/li>    <li>Adaptabilidade a fontes de calor: compatibilidade multi-combust\u00edvel g\u00e1s\/vapor\/bioenergia\/electricidade, suporte para oficinas sem caldeira diretamente ligadas \u00e0 produ\u00e7\u00e3o, as emiss\u00f5es de carbono s\u00e3o reduzidas.<\/li> <\/ul>    <figure class=\"wp-block-gallery aligncenter has-nested-images columns-default is-cropped wp-block-gallery-2 is-layout-flex wp-block-gallery-is-layout-flex\"><div class=\"wp-block-image\"> <figure class=\"aligncenter size-large\"><img loading=\"lazy\" decoding=\"async\" width=\"720\" height=\"540\" data-id=\"151\" src=\"https:\/\/eggtraym.com\/wp-content\/uploads\/2022\/09\/Egg-tray-dryer-2-1.webp\" alt=\"M\u00e1quina secadora de bandeja para ovos\" class=\"wp-image-151\" title=\"\" srcset=\"https:\/\/eggtraym.com\/wp-content\/uploads\/2022\/09\/Egg-tray-dryer-2-1.webp 720w, https:\/\/eggtraym.com\/wp-content\/uploads\/2022\/09\/Egg-tray-dryer-2-1-300x225.webp 300w\" sizes=\"auto, (max-width: 720px) 100vw, 720px\" \/><figcaption class=\"wp-element-caption\">M\u00e1quina secadora de bandeja para ovos<\/figcaption><\/figure> <\/div><\/figure>    <h2 class=\"wp-block-heading\" id=\"h-the-working-principle-of-the-paper-egg-tray-drying-line\">Princ\u00edpio de funcionamento da linha de secagem da bandeja de ovos de papel <\/h2>   <div id=\"rank-math-howto\" class=\"rank-math-block\" > <div class=\"rank-math-howto-description\">  <\/div>  <div class=\"rank-math-steps\"> <div id=\"howto-step-1750928021723\" class=\"rank-math-step\"> <h3 class=\"rank-math-step-title\">M\u00faltiplas fontes de energia para aquecer o ar<\/h3> <div class=\"rank-math-step-content\"><p>O equipamento pode escolher \u00f3leo combust\u00edvel, g\u00e1s, eletricidade ou vapor (\u00f3leo t\u00e9rmico) como fonte de calor de acordo com a demanda real para aquecer o ar e gerar ar quente.<\/p> <\/div> <\/div> <div id=\"howto-step-1750928040279\" class=\"rank-math-step\"> <h3 class=\"rank-math-step-title\">O ar quente circula para aquecer a bandeja de ovos<\/h3> <div class=\"rank-math-step-content\"><p>O ar quente aquecido \u00e9 soprado uniformemente para a \u00e1rea de secagem, aquecendo a bandeja de ovos em todas as dire\u00e7\u00f5es e acelerando a evapora\u00e7\u00e3o da \u00e1gua.<\/p> <\/div> <\/div> <div id=\"howto-step-1750928051206\" class=\"rank-math-step\"> <h3 class=\"rank-math-step-title\">O vapor de \u00e1gua \u00e9 liberado a tempo<\/h3> <div class=\"rank-math-step-content\"><p>O potente ventilador embutido ir\u00e1 rapidamente remover o vapor de \u00e1gua evaporado das bandejas de ovos para manter o ambiente de secagem seco, o que ajuda a melhorar a velocidade e efici\u00eancia da secagem.<\/p> <\/div> <\/div> <div id=\"howto-step-1750928061495\" class=\"rank-math-step\"> <h3 class=\"rank-math-step-title\">Estrutura de corrida cont\u00ednua<\/h3> <div class=\"rank-math-step-content\"><p>Adotando uma estrutura de transporte cont\u00ednuo de camada \u00fanica ou multi-camada, as bandejas de ovos podem ser transportadas continuamente no canal de secagem sem manuseio manual, o que aumenta a capacidade de produ\u00e7\u00e3o.<\/p> <\/div> <\/div> <div id=\"howto-step-1750928074621\" class=\"rank-math-step\"> <h3 class=\"rank-math-step-title\">Sistema de controlo inteligente<\/h3> <div class=\"rank-math-step-content\"><p>O sistema pode controlar automaticamente a temperatura, a velocidade do vento e a velocidade de transporte para realizar um processo de secagem est\u00e1vel e control\u00e1vel, garantindo a qualidade das bandejas de ovos acabadas.<\/p> <\/div> <\/div> <\/div> <\/div>      <div class=\"wp-block-image\"> <figure class=\"aligncenter size-full\"><img loading=\"lazy\" decoding=\"async\" width=\"720\" height=\"540\" src=\"https:\/\/eggtraym.com\/wp-content\/uploads\/2022\/09\/metal-egg-tray-dryer-2.webp\" alt=\"secador cont\u00ednuo de bandeja para ovos\" class=\"wp-image-149\" title=\"secador de bandeja de ovos de metal\" srcset=\"https:\/\/eggtraym.com\/wp-content\/uploads\/2022\/09\/metal-egg-tray-dryer-2.webp 720w, https:\/\/eggtraym.com\/wp-content\/uploads\/2022\/09\/metal-egg-tray-dryer-2-300x225.webp 300w\" sizes=\"auto, (max-width: 720px) 100vw, 720px\" \/><figcaption class=\"wp-element-caption\">secador cont\u00ednuo de bandeja para ovos<\/figcaption><\/figure> <\/div>   <h2 class=\"wp-block-heading\" id=\"h-structure-of-the-egg-tray-drying-system\">Estrutura do sistema de secagem da bandeja para ovos<\/h2>    <p>O sistema de secagem da bandeja de ovos inclui principalmente a caixa hospedeira, equipamento de aquecimento, ventiladores, tubos, correntes, rodas dentadas, bandejas de malha, etc. Toda a m\u00e1quina \u00e9 est\u00e1vel em opera\u00e7\u00e3o, segura e confi\u00e1vel, de secagem r\u00e1pida e alta automa\u00e7\u00e3o.<\/p>   <div class=\"wp-block-image\"> <figure class=\"aligncenter size-full\"><img loading=\"lazy\" decoding=\"async\" width=\"720\" height=\"540\" src=\"https:\/\/eggtraym.com\/wp-content\/uploads\/2022\/09\/dryer-machine-internal-structure.webp\" alt=\"estrutura interna da m\u00e1quina de secar\" class=\"wp-image-656\" title=\"\" srcset=\"https:\/\/eggtraym.com\/wp-content\/uploads\/2022\/09\/dryer-machine-internal-structure.webp 720w, https:\/\/eggtraym.com\/wp-content\/uploads\/2022\/09\/dryer-machine-internal-structure-300x225.webp 300w, https:\/\/eggtraym.com\/wp-content\/uploads\/2022\/09\/dryer-machine-internal-structure-16x12.webp 16w\" sizes=\"auto, (max-width: 720px) 100vw, 720px\" \/><figcaption class=\"wp-element-caption\">estrutura interna da m\u00e1quina de secar<\/figcaption><\/figure> <\/div>   <h2 class=\"wp-block-heading\">Par\u00e2metros t\u00e9cnicos da m\u00e1quina de secagem de bandeja de papel<\/h2>    <p>Abaixo, detalhamos as principais especifica\u00e7\u00f5es t\u00e9cnicas e dados de desempenho deste secador de bandejas de ovos. Esses par\u00e2metros cobrem sua capacidade, consumo de energia e outras caracter\u00edsticas essenciais. Isso pode ajud\u00e1-lo a avaliar completamente a adequa\u00e7\u00e3o e efici\u00eancia do equipamento.<\/p>    <figure class=\"wp-block-table is-style-stripes\"><table><tbody><tr><td class=\"has-text-align-left\" data-align=\"left\">Mofo<\/td><td class=\"has-text-align-center\" data-align=\"center\">Sa\u00edda<\/td><td class=\"has-text-align-center\" data-align=\"center\">Consumo de papel<\/td><td class=\"has-text-align-center\" data-align=\"center\">Consumo de \u00e1gua<\/td><td class=\"has-text-align-center\" data-align=\"center\">Energia utilizada<\/td><td class=\"has-text-align-center\" data-align=\"center\">N\u00famero do trabalhador<\/td><\/tr><tr><td class=\"has-text-align-left\" data-align=\"left\">SL-4*4<\/td><td class=\"has-text-align-center\" data-align=\"center\">3500 unidades\/h<\/td><td class=\"has-text-align-center\" data-align=\"center\">280kg\/hora<\/td><td class=\"has-text-align-center\" data-align=\"center\">560kg\/hora<\/td><td class=\"has-text-align-center\" data-align=\"center\">78kg\/h<\/td><td class=\"has-text-align-center\" data-align=\"center\">4-5<\/td><\/tr><tr><td class=\"has-text-align-left\" data-align=\"left\">SL-4*8<\/td><td class=\"has-text-align-center\" data-align=\"center\">4000 unidades\/h<\/td><td class=\"has-text-align-center\" data-align=\"center\">320kg\/hora<\/td><td class=\"has-text-align-center\" data-align=\"center\">600kg\/hora<\/td><td class=\"has-text-align-center\" data-align=\"center\">80kg\/hora<\/td><td class=\"has-text-align-center\" data-align=\"center\">5-6<\/td><\/tr><tr><td class=\"has-text-align-left\" data-align=\"left\">SL-5*8<\/td><td class=\"has-text-align-center\" data-align=\"center\">5000 unidades\/h<\/td><td class=\"has-text-align-center\" data-align=\"center\">400kg\/hora<\/td><td class=\"has-text-align-center\" data-align=\"center\">750kg\/hora<\/td><td class=\"has-text-align-center\" data-align=\"center\">85kg\/hora<\/td><td class=\"has-text-align-center\" data-align=\"center\">3-4<\/td><\/tr><tr><td class=\"has-text-align-left\" data-align=\"left\">SL-5*12<\/td><td class=\"has-text-align-center\" data-align=\"center\">6000 unidades\/h<\/td><td class=\"has-text-align-center\" data-align=\"center\">480kg\/hora<\/td><td class=\"has-text-align-center\" data-align=\"center\">900kg\/hora<\/td><td class=\"has-text-align-center\" data-align=\"center\">90kg\/hora<\/td><td class=\"has-text-align-center\" data-align=\"center\">3-4<\/td><\/tr><tr><td class=\"has-text-align-left\" data-align=\"left\">SL-6*12<\/td><td class=\"has-text-align-center\" data-align=\"center\">8000 unidades\/h<\/td><td class=\"has-text-align-center\" data-align=\"center\">640kg\/hora<\/td><td class=\"has-text-align-center\" data-align=\"center\">1.040 kg\/hora<\/td><td class=\"has-text-align-center\" data-align=\"center\">100kg\/hora<\/td><td class=\"has-text-align-center\" data-align=\"center\">3-4<\/td><\/tr><\/tbody><\/table><figcaption class=\"wp-element-caption\">par\u00e2metros do secador de bandeja para ovos<\/figcaption><\/figure>   <div class=\"wp-block-image is-resized\"> <figure class=\"aligncenter size-full\"><img loading=\"lazy\" decoding=\"async\" width=\"720\" height=\"540\" src=\"https:\/\/eggtraym.com\/wp-content\/uploads\/2022\/09\/metal-egg-tray-dryer-.webp\" alt=\"secador de bandeja de papel multicamadas\" class=\"wp-image-148\" title=\"secador de bandeja de ovos de metal\" srcset=\"https:\/\/eggtraym.com\/wp-content\/uploads\/2022\/09\/metal-egg-tray-dryer-.webp 720w, https:\/\/eggtraym.com\/wp-content\/uploads\/2022\/09\/metal-egg-tray-dryer--300x225.webp 300w\" sizes=\"auto, (max-width: 720px) 100vw, 720px\" \/><figcaption class=\"wp-element-caption\">secador de bandeja de papel multicamadas<\/figcaption><\/figure> <\/div>   <h2 class=\"wp-block-heading\">Classificador de bandeja para ovos<\/h2>    <p class=\"translation-block\">Na <strong><em><a href=\"https:\/\/eggtraym.com\/pt\/product\/egg-tray-manufacturing-plant\/\">linha de produ\u00e7\u00e3o de caixas de ovos<\/a><\/em><\/strong>, as caixas de ovos acabadas s\u00e3o secas. De seguida, imediatamente, a m\u00e1quina de triagem organiza e recolhe as caixas. Este processo garante que as caixas de ovos s\u00e3o empilhadas de forma organizada e prontas para embalagem e transporte subsequentes. A imagem abaixo mostra o efeito real em opera\u00e7\u00e3o.<\/p>   <div class=\"wp-block-image\"> <figure class=\"aligncenter size-full\"><img loading=\"lazy\" decoding=\"async\" width=\"720\" height=\"540\" src=\"https:\/\/eggtraym.com\/wp-content\/uploads\/2022\/09\/egg-tray-sorter-device.webp\" alt=\"dispositivo classificador de bandeja de ovos\" class=\"wp-image-655\" title=\"\" srcset=\"https:\/\/eggtraym.com\/wp-content\/uploads\/2022\/09\/egg-tray-sorter-device.webp 720w, https:\/\/eggtraym.com\/wp-content\/uploads\/2022\/09\/egg-tray-sorter-device-300x225.webp 300w, https:\/\/eggtraym.com\/wp-content\/uploads\/2022\/09\/egg-tray-sorter-device-16x12.webp 16w\" sizes=\"auto, (max-width: 720px) 100vw, 720px\" \/><figcaption class=\"wp-element-caption\">dispositivo classificador de bandeja de ovos<\/figcaption><\/figure> <\/div>   <h2 class=\"wp-block-heading\">Outras m\u00e1quinas de secar para bandejas de ovos<\/h2>    <p>Abaixo s\u00e3o mostrados dois outros m\u00e9todos de secagem da bandeja para ovos. Podemos recomend\u00e1-los de acordo com o rendimento da sua linha de produ\u00e7\u00e3o de bandejas para ovos e o tamanho do seu local. E tamb\u00e9m podemos ajud\u00e1-lo com o projeto quando voc\u00ea escolhe a secagem em forno de tijolos.<\/p>    <figure class=\"wp-block-gallery has-nested-images columns-default is-cropped wp-block-gallery-3 is-layout-flex wp-block-gallery-is-layout-flex\"> <figure class=\"wp-block-image size-large\"><img loading=\"lazy\" decoding=\"async\" width=\"720\" height=\"540\" data-id=\"153\" src=\"https:\/\/eggtraym.com\/wp-content\/uploads\/2022\/09\/manual-drying-egg-tray-.webp\" alt=\"bandeja de ovos com secagem manual\" class=\"wp-image-153\" title=\"bandeja de ovos de secagem natural\" srcset=\"https:\/\/eggtraym.com\/wp-content\/uploads\/2022\/09\/manual-drying-egg-tray-.webp 720w, https:\/\/eggtraym.com\/wp-content\/uploads\/2022\/09\/manual-drying-egg-tray--300x225.webp 300w\" sizes=\"auto, (max-width: 720px) 100vw, 720px\" \/><figcaption class=\"wp-element-caption\">Bandeja de ovos com secagem manual<\/figcaption><\/figure>    <figure class=\"wp-block-image size-full\"><img loading=\"lazy\" decoding=\"async\" width=\"720\" height=\"540\" data-id=\"154\" src=\"https:\/\/eggtraym.com\/wp-content\/uploads\/2022\/09\/brick-egg-tray-dryer-1-1.webp\" alt=\"secador de bandeja para ovos de tijolo\" class=\"wp-image-154\" title=\"secador de bandeja para ovos de tijolo \" srcset=\"https:\/\/eggtraym.com\/wp-content\/uploads\/2022\/09\/brick-egg-tray-dryer-1-1.webp 720w, https:\/\/eggtraym.com\/wp-content\/uploads\/2022\/09\/brick-egg-tray-dryer-1-1-300x225.webp 300w\" sizes=\"auto, (max-width: 720px) 100vw, 720px\" \/><figcaption class=\"wp-element-caption\">Secador de bandeja para ovos de tijolo<\/figcaption><\/figure> <\/figure>    <h2 class=\"wp-block-heading\">Contate-nos<\/h2>    <p>Como fabricante l\u00edder de m\u00e1quinas para processamento de bandejas para ovos, estamos comprometidos em atender \u00e0s necessidades diversificadas de nossos clientes em todo o mundo e conquistamos uma reputa\u00e7\u00e3o internacional por nossos produtos e servi\u00e7os superiores.<\/p>    <p class=\"translation-block\">O nosso equipamento de secagem de caixas de ovos foi exportado com sucesso para muitos pa\u00edses como <a href=\"https:\/\/en.wikipedia.org\/wiki\/Ethiopia\" target=\"_blank\" rel=\"noopener\">Eti\u00f3pia<\/a>, L\u00edbano, \u00c1frica do Sul, Senegal, Gana, Z\u00e2mbia e Egito, sendo amplamente utilizado em diferentes mercados.<\/p>    <p>Fornecemos servi\u00e7os personalizados de design e produ\u00e7\u00e3o para garantir que cada secador atenda com precis\u00e3o \u00e0s necessidades espec\u00edficas de nossos clientes. Al\u00e9m disso, oferecemos servi\u00e7os abrangentes, desde consultoria e design at\u00e9 suporte p\u00f3s-venda. N\u00e3o hesite em contactar-nos para obter mais informa\u00e7\u00f5es e aconselhamento profissional.<\/p>","protected":false},"excerpt":{"rendered":"<p>Este secador cont\u00ednuo de bandejas para ovos multicamadas utiliza tecnologia avan\u00e7ada de circula\u00e7\u00e3o de ar quente e um sistema de controle inteligente. Garante resultados de secagem ideais para cada lote de bandejas de ovos.<\/p>","protected":false},"author":1,"featured_media":143,"parent":0,"template":"","tags":[26,31],"product-type":[5],"class_list":["post-77","product","type-product","status-publish","has-post-thumbnail","hentry","tag-egg-tray-dryer","tag-paper-egg-tray-drying-line","product-type-egg-tray-drying-machine"],"_links":{"self":[{"href":"https:\/\/eggtraym.com\/pt\/wp-json\/wp\/v2\/product\/77","targetHints":{"allow":["GET"]}}],"collection":[{"href":"https:\/\/eggtraym.com\/pt\/wp-json\/wp\/v2\/product"}],"about":[{"href":"https:\/\/eggtraym.com\/pt\/wp-json\/wp\/v2\/types\/product"}],"author":[{"embeddable":true,"href":"https:\/\/eggtraym.com\/pt\/wp-json\/wp\/v2\/users\/1"}],"wp:featuredmedia":[{"embeddable":true,"href":"https:\/\/eggtraym.com\/pt\/wp-json\/wp\/v2\/media\/143"}],"wp:attachment":[{"href":"https:\/\/eggtraym.com\/pt\/wp-json\/wp\/v2\/media?parent=77"}],"wp:term":[{"taxonomy":"post_tag","embeddable":true,"href":"https:\/\/eggtraym.com\/pt\/wp-json\/wp\/v2\/tags?post=77"},{"taxonomy":"product-type","embeddable":true,"href":"https:\/\/eggtraym.com\/pt\/wp-json\/wp\/v2\/product-type?post=77"}],"curies":[{"name":"wp","href":"https:\/\/api.w.org\/{rel}","templated":true}]}}