{"id":74,"date":"2022-09-14T07:25:56","date_gmt":"2022-09-14T07:25:56","guid":{"rendered":"https:\/\/eggtraym.com\/?post_type=product&#038;p=74"},"modified":"2022-09-28T18:25:53","modified_gmt":"2022-09-28T10:25:53","slug":"egg-tray-pulping-machine","status":"publish","type":"product","link":"https:\/\/eggtraym.com\/pt\/product\/egg-tray-pulping-machine\/","title":{"rendered":"M\u00e1quina de polpa\u00e7\u00e3o de bandeja de ovos \u4e28 sistema de polpa\u00e7\u00e3o integrado"},"content":{"rendered":"<div class=\"kk-star-ratings kksr-auto kksr-align-left kksr-valign-top\"     data-payload='{&quot;align&quot;:&quot;left&quot;,&quot;id&quot;:&quot;74&quot;,&quot;slug&quot;:&quot;default&quot;,&quot;valign&quot;:&quot;top&quot;,&quot;ignore&quot;:&quot;&quot;,&quot;reference&quot;:&quot;auto&quot;,&quot;class&quot;:&quot;&quot;,&quot;count&quot;:&quot;6&quot;,&quot;legendonly&quot;:&quot;&quot;,&quot;readonly&quot;:&quot;&quot;,&quot;score&quot;:&quot;4.5&quot;,&quot;starsonly&quot;:&quot;&quot;,&quot;best&quot;:&quot;5&quot;,&quot;gap&quot;:&quot;5&quot;,&quot;greet&quot;:&quot;Rate this product&quot;,&quot;legend&quot;:&quot;4.5\\\/5 - (6 votes)&quot;,&quot;size&quot;:&quot;24&quot;,&quot;title&quot;:&quot;Egg tray pulping machine\u4e28integrated pulping system&quot;,&quot;width&quot;:&quot;128&quot;,&quot;_legend&quot;:&quot;{score}\\\/{best} - ({count} {votes})&quot;,&quot;font_factor&quot;:&quot;1.25&quot;}'>              <div class=\"kksr-stars\">      <div class=\"kksr-stars-inactive\">             <div class=\"kksr-star\" data-star=\"1\" style=\"padding-right: 5px\">               <div class=\"kksr-icon\" style=\"width: 24px; height: 24px;\"><\/div>         <\/div>             <div class=\"kksr-star\" data-star=\"2\" style=\"padding-right: 5px\">               <div class=\"kksr-icon\" style=\"width: 24px; height: 24px;\"><\/div>         <\/div>             <div class=\"kksr-star\" data-star=\"3\" style=\"padding-right: 5px\">               <div class=\"kksr-icon\" style=\"width: 24px; height: 24px;\"><\/div>         <\/div>             <div class=\"kksr-star\" data-star=\"4\" style=\"padding-right: 5px\">               <div class=\"kksr-icon\" style=\"width: 24px; height: 24px;\"><\/div>         <\/div>             <div class=\"kksr-star\" data-star=\"5\" style=\"padding-right: 5px\">               <div class=\"kksr-icon\" style=\"width: 24px; height: 24px;\"><\/div>         <\/div>     <\/div>      <div class=\"kksr-stars-active\" style=\"width: 128px;\">             <div class=\"kksr-star\" style=\"padding-right: 5px\">               <div class=\"kksr-icon\" style=\"width: 24px; height: 24px;\"><\/div>         <\/div>             <div class=\"kksr-star\" style=\"padding-right: 5px\">               <div class=\"kksr-icon\" style=\"width: 24px; height: 24px;\"><\/div>         <\/div>             <div class=\"kksr-star\" style=\"padding-right: 5px\">               <div class=\"kksr-icon\" style=\"width: 24px; height: 24px;\"><\/div>         <\/div>             <div class=\"kksr-star\" style=\"padding-right: 5px\">               <div class=\"kksr-icon\" style=\"width: 24px; height: 24px;\"><\/div>         <\/div>             <div class=\"kksr-star\" style=\"padding-right: 5px\">               <div class=\"kksr-icon\" style=\"width: 24px; height: 24px;\"><\/div>         <\/div>     <\/div> <\/div>                   <div class=\"kksr-legend\" style=\"font-size: 19.2px;\">             4,5\/5 - (6 votos)    <\/div>     <\/div>  <p>A m\u00e1quina descascadora de bandejas para ovos \u00e9 um equipamento necess\u00e1rio na produ\u00e7\u00e3o de bandejas para ovos. A m\u00e1quina pode processar v\u00e1rias mat\u00e9rias-primas de papel com \u00e1gua em uma polpa uniforme. A polpa processada pode ser utilizada na confec\u00e7\u00e3o de diversas bandejas de ovos, pe\u00e7as, celulares, acess\u00f3rios, artesanato, vinhos, frutas e outras embalagens.<\/p>    <h2 class=\"wp-block-heading\" id=\"h-what-is-the-egg-tray-pulping-machine\">O que \u00e9 a m\u00e1quina despolpadora de bandeja para ovos?<\/h2>    <p class=\"translation-block\">A m\u00e1quina de polpa\u00e7\u00e3o de caixas de ovos pode processar todo o tipo de papel picado, aparas de papel, caixas de cart\u00e3o, etc. em polpa. Esta m\u00e1quina \u00e9 geralmente usada para processar as mat\u00e9rias-primas para a forma\u00e7\u00e3o de caixas de ovos. \u00c9 o equipamento b\u00e1sico necess\u00e1rio para a <a href=\"https:\/\/eggtraym.com\/pt\/product\/automatic-egg-tray-machine\/\">m\u00e1quina de fabrico de caixas de ovos<\/a>. A polpa processada \u00e9 usada para fabricar v\u00e1rias caixas de ovos, caixas de ma\u00e7\u00e3s e outros produtos de embalagem. Temos diferentes modelos de batedores de polpa. Pode ser usada com diferentes m\u00e1quinas de caixas de ovos. \u00c9 tamb\u00e9m um dos equipamentos necess\u00e1rios para a <a href=\"https:\/\/www.shuliy.com\/product\/egg-tray-production-line-plant\/\" target=\"_blank\" rel=\"noopener\">linha de produ\u00e7\u00e3o de caixas de ovos<\/a>.<\/p>    <figure class=\"wp-block-image size-full\"><img loading=\"lazy\" decoding=\"async\" width=\"720\" height=\"540\" src=\"https:\/\/eggtraym.com\/wp-content\/uploads\/2022\/09\/egg-tray-pulping-machine-.webp\" alt=\"m\u00e1quina de polpa\u00e7\u00e3o de bandeja de ovos\" class=\"wp-image-139\" title=\"m\u00e1quina de polpa\u00e7\u00e3o de bandeja de ovos\" srcset=\"https:\/\/eggtraym.com\/wp-content\/uploads\/2022\/09\/egg-tray-pulping-machine-.webp 720w, https:\/\/eggtraym.com\/wp-content\/uploads\/2022\/09\/egg-tray-pulping-machine--300x225.webp 300w\" sizes=\"auto, (max-width: 720px) 100vw, 720px\" \/><figcaption>M\u00e1quina de polpa\u00e7\u00e3o de bandeja de ovos<\/figcaption><\/figure>    <h2 class=\"wp-block-heading\" id=\"h-working-principle-of-egg-tray-pulping-system\">Princ\u00edpio de funcionamento do sistema de polpa\u00e7\u00e3o de bandeja de ovos<\/h2>    <p>A polpa circula no tanque e, por meio da a\u00e7\u00e3o entre a faca voadora e a faca inferior, produz corte horizontal, divis\u00e3o vertical e quebra.<\/p>    <h2 class=\"wp-block-heading\" id=\"h-egg-tray-pulper-s-parameters\">Par\u00e2metros do despolpador de bandeja de ovos<\/h2>    <figure class=\"wp-block-table\"><table><tbody><tr><td>Nome da m\u00e1quina<\/td><td>Modelo<\/td><td>Poder<\/td><td>Unidade<\/td><\/tr><tr><td>Despolpador hidra<\/td><td>SL1.0<\/td><td>7,5 kW<\/td><td>1 conjunto<\/td><\/tr><tr><td>V\u00e1lvula borboleta<\/td><td>DN100<\/td><td>\/<\/td><td>1 unidade<\/td><\/tr><tr><td>Bomba de polpa<\/td><td>3 polegadas<\/td><td>2,2 kW<\/td><td>1 conjunto<\/td><\/tr><tr><td>Batedor de lagoa de polpa<\/td><td>110 r\/m<\/td><td>1,5kW<\/td><td>1 conjunto<\/td><\/tr><tr><td>Bombas de \u00e1guas residuais&nbsp;<\/td><td>\/<\/td><td>0,75kW<\/td><td>1 conjunto<\/td><\/tr><tr><td>Tubo de transporte de celulose<\/td><td>\/<\/td><td>\/<\/td><td>1 conjunto<\/td><\/tr><\/tbody><\/table><figcaption>Par\u00e2metros do despolpador de bandeja de ovos<\/figcaption><\/figure>    <h2 class=\"wp-block-heading\" id=\"h-structure-of-paper-shredder\">Estrutura da trituradora de papel<\/h2>    <p>A trituradora de papel inclui principalmente uma tela de cilindro, eixo, h\u00e9lice de parafuso, raspador, tremonha, estrutura, sistema de transmiss\u00e3o, etc.<\/p>    <figure class=\"wp-block-image size-full\"><img loading=\"lazy\" decoding=\"async\" width=\"720\" height=\"540\" src=\"https:\/\/eggtraym.com\/wp-content\/uploads\/2022\/09\/paper-shredder-.webp\" alt=\"trituradora de papel\" class=\"wp-image-140\" title=\"trituradora de papel\" srcset=\"https:\/\/eggtraym.com\/wp-content\/uploads\/2022\/09\/paper-shredder-.webp 720w, https:\/\/eggtraym.com\/wp-content\/uploads\/2022\/09\/paper-shredder--300x225.webp 300w\" sizes=\"auto, (max-width: 720px) 100vw, 720px\" \/><figcaption>Trituradora de papel<\/figcaption><\/figure>    <h2 class=\"wp-block-heading\" id=\"h-factors-that-affect-the-material-crushing-degree-of-pulping-machine\">Fatores que afetam o grau de britagem do material da m\u00e1quina de polpa\u00e7\u00e3o <\/h2>    <ol class=\"wp-block-list\"><li>A natureza do pr\u00f3prio material.<\/li><li>Di\u00e2metro da peneira: 0,4 ~ 1,5 mm, diferentes mat\u00e9rias-primas e requisitos de processamento, podem ser trocados por diferentes aberturas do cilindro da peneira.<\/li><li>A \u00e1rea total dos furos da peneira \u00e9 uma porcentagem da \u00e1rea total do cilindro da peneira.<\/li><li>\u00c2ngulo guia 1,52,0 (com 3\u00b0).<\/li><li>Dist\u00e2ncia entre o bast\u00e3o e a parede interna: 1~4mm.<\/li><li>Velocidade do eixo.<\/li><\/ol>    <figure class=\"wp-block-image size-full\"><img loading=\"lazy\" decoding=\"async\" width=\"720\" height=\"540\" src=\"https:\/\/eggtraym.com\/wp-content\/uploads\/2022\/09\/pulping-machine-.webp\" alt=\"m\u00e1quina de polpa\u00e7\u00e3o \" class=\"wp-image-141\" title=\"m\u00e1quina de polpa\u00e7\u00e3o \" srcset=\"https:\/\/eggtraym.com\/wp-content\/uploads\/2022\/09\/pulping-machine-.webp 720w, https:\/\/eggtraym.com\/wp-content\/uploads\/2022\/09\/pulping-machine--300x225.webp 300w\" sizes=\"auto, (max-width: 720px) 100vw, 720px\" \/><figcaption>M\u00e1quina de polpa\u00e7\u00e3o <\/figcaption><\/figure>    <h2 class=\"wp-block-heading\" id=\"h-advantages-of-paper-pulping-machine\">Vantagens da m\u00e1quina de polpa\u00e7\u00e3o de papel<\/h2>    <ol class=\"wp-block-list\"><li>O despolpador pode processar a pasta de forma eficaz, completa e uniforme.<\/li><li>A m\u00e1quina tem alta efici\u00eancia de trabalho e pode lidar com uma grande quantidade de res\u00edduos de papel de uma s\u00f3 vez.<\/li><li>O despolpador \u00e9 vertical, com design inovador e f\u00e1cil opera\u00e7\u00e3o.<\/li><li>O despolpador de bandeja para ovos possui baixo consumo de energia, f\u00e1cil de usar e baixo custo.<\/li><\/ol>    <figure class=\"wp-block-image size-full\"><img loading=\"lazy\" decoding=\"async\" width=\"720\" height=\"540\" src=\"https:\/\/eggtraym.com\/wp-content\/uploads\/2022\/09\/paper-pulping-machine-.webp\" alt=\"m\u00e1quina de polpa\u00e7\u00e3o de papel\" class=\"wp-image-142\" title=\"m\u00e1quina de polpa\u00e7\u00e3o de papel\" srcset=\"https:\/\/eggtraym.com\/wp-content\/uploads\/2022\/09\/paper-pulping-machine-.webp 720w, https:\/\/eggtraym.com\/wp-content\/uploads\/2022\/09\/paper-pulping-machine--300x225.webp 300w\" sizes=\"auto, (max-width: 720px) 100vw, 720px\" \/><figcaption>M\u00e1quina de polpa\u00e7\u00e3o de papel<\/figcaption><\/figure>","protected":false},"excerpt":{"rendered":"<p>A m\u00e1quina descascadora de bandejas para ovos \u00e9 um equipamento necess\u00e1rio na produ\u00e7\u00e3o de bandejas para ovos. Pode processar v\u00e1rias mat\u00e9rias-primas de papel em uma polpa uniforme. <\/p>","protected":false},"author":1,"featured_media":136,"parent":0,"template":"","tags":[17,29,30],"product-type":[4],"class_list":["post-74","product","type-product","status-publish","has-post-thumbnail","hentry","tag-automatic-egg-tray-machine","tag-egg-tray-pulping-machine","tag-integrated-pulping-system","product-type-egg-tray-pulping-machine"],"_links":{"self":[{"href":"https:\/\/eggtraym.com\/pt\/wp-json\/wp\/v2\/product\/74","targetHints":{"allow":["GET"]}}],"collection":[{"href":"https:\/\/eggtraym.com\/pt\/wp-json\/wp\/v2\/product"}],"about":[{"href":"https:\/\/eggtraym.com\/pt\/wp-json\/wp\/v2\/types\/product"}],"author":[{"embeddable":true,"href":"https:\/\/eggtraym.com\/pt\/wp-json\/wp\/v2\/users\/1"}],"wp:featuredmedia":[{"embeddable":true,"href":"https:\/\/eggtraym.com\/pt\/wp-json\/wp\/v2\/media\/136"}],"wp:attachment":[{"href":"https:\/\/eggtraym.com\/pt\/wp-json\/wp\/v2\/media?parent=74"}],"wp:term":[{"taxonomy":"post_tag","embeddable":true,"href":"https:\/\/eggtraym.com\/pt\/wp-json\/wp\/v2\/tags?post=74"},{"taxonomy":"product-type","embeddable":true,"href":"https:\/\/eggtraym.com\/pt\/wp-json\/wp\/v2\/product-type?post=74"}],"curies":[{"name":"wp","href":"https:\/\/api.w.org\/{rel}","templated":true}]}}