{"id":71,"date":"2022-09-14T06:45:17","date_gmt":"2022-09-14T06:45:17","guid":{"rendered":"https:\/\/eggtraym.com\/?post_type=product&#038;p=71"},"modified":"2024-06-13T16:01:21","modified_gmt":"2024-06-13T08:01:21","slug":"fruit-tray-making-machine","status":"publish","type":"product","link":"https:\/\/eggtraym.com\/pt\/product\/fruit-tray-making-machine\/","title":{"rendered":"M\u00e1quina para fazer bandejas de frutas de ma\u00e7\u00e3 para venda"},"content":{"rendered":"<div class=\"kk-star-ratings kksr-auto kksr-align-left kksr-valign-top\"     data-payload='{&quot;align&quot;:&quot;left&quot;,&quot;id&quot;:&quot;71&quot;,&quot;slug&quot;:&quot;default&quot;,&quot;valign&quot;:&quot;top&quot;,&quot;ignore&quot;:&quot;&quot;,&quot;reference&quot;:&quot;auto&quot;,&quot;class&quot;:&quot;&quot;,&quot;count&quot;:&quot;89&quot;,&quot;legendonly&quot;:&quot;&quot;,&quot;readonly&quot;:&quot;&quot;,&quot;score&quot;:&quot;4.7&quot;,&quot;starsonly&quot;:&quot;&quot;,&quot;best&quot;:&quot;5&quot;,&quot;gap&quot;:&quot;5&quot;,&quot;greet&quot;:&quot;Rate this product&quot;,&quot;legend&quot;:&quot;4.7\\\/5 - (89 votes)&quot;,&quot;size&quot;:&quot;24&quot;,&quot;title&quot;:&quot;Apple Fruit Tray Making Machine For Sale&quot;,&quot;width&quot;:&quot;133.8&quot;,&quot;_legend&quot;:&quot;{score}\\\/{best} - ({count} {votes})&quot;,&quot;font_factor&quot;:&quot;1.25&quot;}'>              <div class=\"kksr-stars\">      <div class=\"kksr-stars-inactive\">             <div class=\"kksr-star\" data-star=\"1\" style=\"padding-right: 5px\">               <div class=\"kksr-icon\" style=\"width: 24px; height: 24px;\"><\/div>         <\/div>             <div class=\"kksr-star\" data-star=\"2\" style=\"padding-right: 5px\">               <div class=\"kksr-icon\" style=\"width: 24px; height: 24px;\"><\/div>         <\/div>             <div class=\"kksr-star\" data-star=\"3\" style=\"padding-right: 5px\">               <div class=\"kksr-icon\" style=\"width: 24px; height: 24px;\"><\/div>         <\/div>             <div class=\"kksr-star\" data-star=\"4\" style=\"padding-right: 5px\">               <div class=\"kksr-icon\" style=\"width: 24px; height: 24px;\"><\/div>         <\/div>             <div class=\"kksr-star\" data-star=\"5\" style=\"padding-right: 5px\">               <div class=\"kksr-icon\" style=\"width: 24px; height: 24px;\"><\/div>         <\/div>     <\/div>      <div class=\"kksr-stars-active\" style=\"width: 133.8px;\">             <div class=\"kksr-star\" style=\"padding-right: 5px\">               <div class=\"kksr-icon\" style=\"width: 24px; height: 24px;\"><\/div>         <\/div>             <div class=\"kksr-star\" style=\"padding-right: 5px\">               <div class=\"kksr-icon\" style=\"width: 24px; height: 24px;\"><\/div>         <\/div>             <div class=\"kksr-star\" style=\"padding-right: 5px\">               <div class=\"kksr-icon\" style=\"width: 24px; height: 24px;\"><\/div>         <\/div>             <div class=\"kksr-star\" style=\"padding-right: 5px\">               <div class=\"kksr-icon\" style=\"width: 24px; height: 24px;\"><\/div>         <\/div>             <div class=\"kksr-star\" style=\"padding-right: 5px\">               <div class=\"kksr-icon\" style=\"width: 24px; height: 24px;\"><\/div>         <\/div>     <\/div> <\/div>                   <div class=\"kksr-legend\" style=\"font-size: 19.2px;\">             4.7\/5 - (89 votos)    <\/div>     <\/div>  <p>A m\u00e1quina para fazer bandejas de frutas \u00e9 um dos equipamentos importantes para m\u00e1quinas de embalagem. Usar bandejas de ma\u00e7\u00e3s para colocar ma\u00e7\u00e3s pode proteg\u00ea-las de colis\u00f5es. As bandejas tamb\u00e9m permitem que as ma\u00e7\u00e3s sejam armazenadas por mais tempo. Al\u00e9m disso, uma boa embalagem pode aumentar o valor das ma\u00e7\u00e3s. As mat\u00e9rias-primas utilizadas para fazer bandejas de ma\u00e7\u00e3 s\u00e3o v\u00e1rios tipos de res\u00edduos de papel reciclado. Assim o uso de bandejas de ma\u00e7\u00e3 n\u00e3o causa desperd\u00edcio de recursos e tamb\u00e9m traz lucro ao usu\u00e1rio.<\/p>    <figure class=\"wp-block-embed aligncenter is-type-video is-provider-youtube wp-block-embed-youtube wp-embed-aspect-16-9 wp-has-aspect-ratio\"><div class=\"wp-block-embed__wrapper\"> <iframe loading=\"lazy\" title=\"Excelente desempenho da m\u00e1quina para fazer bandejas de ma\u00e7\u00e3! M\u00e1quina de moldagem de bandeja de frutas\" width=\"500\" height=\"281\" src=\"https:\/\/www.youtube.com\/embed\/utc1UM-L1VE?feature=oembed\" frameborder=\"0\" allow=\"accelerometer; autoplay; clipboard-write; encrypted-media; gyroscope; picture-in-picture; web-share\" referrerpolicy=\"strict-origin-when-cross-origin\" allowfullscreen><\/iframe> <\/div><figcaption class=\"wp-element-caption\">v\u00eddeo de trabalho da m\u00e1quina de fazer bandeja de ma\u00e7\u00e3<\/figcaption><\/figure>    <h2 class=\"wp-block-heading\" id=\"h-what-s-the-fruit-tray-making-machine\">Qual \u00e9 a m\u00e1quina para fazer bandejas de frutas?<\/h2>    <p class=\"translation-block\">Al\u00e9m da <a href=\"https:\/\/eggtraym.com\/pt\/product\/automatic-egg-tray-machine\/\">m\u00e1quina de fabricar bandejas de ovos<\/a>, a Shuliy Machinery tamb\u00e9m produz uma m\u00e1quina de bandejas para ma\u00e7\u00e3s. A m\u00e1quina de bandejas para ma\u00e7\u00e3s pode produzir v\u00e1rias formas de bandejas para ma\u00e7\u00e3s. Portanto, pode atender \u00e0s necessidades dos usu\u00e1rios para diferentes formas de embalagem de ma\u00e7\u00e3s. A m\u00e1quina pode produzir n\u00e3o apenas bandejas para ma\u00e7\u00e3s, mas tamb\u00e9m bandejas para outras frutas, como p\u00eassego, pera, laranja, kiwi, etc. A maneira de alcan\u00e7ar esse efeito de produ\u00e7\u00e3o \u00e9 trocar o molde da bandeja. <\/p>    <p>Nossa m\u00e1quina para fazer bandejas de ma\u00e7\u00e3 pode trocar v\u00e1rios moldes e \u00e9 f\u00e1cil de usar. Devido \u00e0s v\u00e1rias fun\u00e7\u00f5es das bandejas de ma\u00e7\u00e3 e ao material dur\u00e1vel, ela se tornou uma m\u00e1quina obrigat\u00f3ria para muitos fabricantes de m\u00e1quinas de bandejas de ma\u00e7\u00e3. Se voc\u00ea tiver alguma d\u00favida, fique \u00e0 vontade para perguntar!<\/p>   <div class=\"wp-block-image\"> <figure class=\"aligncenter size-full is-resized\"><img loading=\"lazy\" decoding=\"async\" width=\"720\" height=\"540\" src=\"https:\/\/eggtraym.com\/wp-content\/uploads\/2022\/09\/fruit-tray-making-machine-2.webp\" alt=\"m\u00e1quina de fazer bandeja de frutas\" class=\"wp-image-129\" style=\"width:720px;height:540px\" title=\"m\u00e1quina de fazer bandeja de frutas\" srcset=\"https:\/\/eggtraym.com\/wp-content\/uploads\/2022\/09\/fruit-tray-making-machine-2.webp 720w, https:\/\/eggtraym.com\/wp-content\/uploads\/2022\/09\/fruit-tray-making-machine-2-300x225.webp 300w\" sizes=\"auto, (max-width: 720px) 100vw, 720px\" \/><figcaption class=\"wp-element-caption\">m\u00e1quina de fazer bandeja de frutas<\/figcaption><\/figure> <\/div>   <h2 class=\"wp-block-heading\" id=\"h-what-fruit-trays-can-be-made-by-the-apple-tray-making-machine\">Quais bandejas de frutas podem ser feitas com a m\u00e1quina formadora de bandejas de ma\u00e7\u00e3?<\/h2>    <p>A m\u00e1quina pode fazer bandejas de ma\u00e7\u00e3, al\u00e9m das bandejas de ma\u00e7\u00e3, a m\u00e1quina tamb\u00e9m pode produzir bandejas que podem suportar outras frutas. Por exemplo, laranjas, morangos, peras, lim\u00f5es, laranjas, p\u00eassegos, etc.<\/p>    <figure class=\"wp-block-gallery has-nested-images columns-default is-cropped wp-block-gallery-2 is-layout-flex wp-block-gallery-is-layout-flex\"> <figure class=\"wp-block-image size-large\"><img loading=\"lazy\" decoding=\"async\" width=\"720\" height=\"540\" data-id=\"130\" src=\"https:\/\/eggtraym.com\/wp-content\/uploads\/2022\/09\/appel-tray-.webp\" alt=\"bandeja de ma\u00e7\u00e3\" class=\"wp-image-130\" title=\"bandeja de ma\u00e7\u00e3\" srcset=\"https:\/\/eggtraym.com\/wp-content\/uploads\/2022\/09\/appel-tray-.webp 720w, https:\/\/eggtraym.com\/wp-content\/uploads\/2022\/09\/appel-tray--300x225.webp 300w\" sizes=\"auto, (max-width: 720px) 100vw, 720px\" \/><figcaption class=\"wp-element-caption\">Bandeja de Apela\u00e7\u00e3o<\/figcaption><\/figure>    <figure class=\"wp-block-image size-large\"><img loading=\"lazy\" decoding=\"async\" width=\"720\" height=\"540\" data-id=\"131\" src=\"https:\/\/eggtraym.com\/wp-content\/uploads\/2022\/09\/various-tray-.jpg\" alt=\"v\u00e1rias bandejas acabadas\" class=\"wp-image-131\" title=\"v\u00e1rias bandejas acabadas\" srcset=\"https:\/\/eggtraym.com\/wp-content\/uploads\/2022\/09\/various-tray-.jpg 720w, https:\/\/eggtraym.com\/wp-content\/uploads\/2022\/09\/various-tray--300x225.jpg 300w\" sizes=\"auto, (max-width: 720px) 100vw, 720px\" \/><figcaption class=\"wp-element-caption\">V\u00e1rias bandejas acabadas<\/figcaption><\/figure> <\/figure>    <h2 class=\"wp-block-heading\" id=\"h-parameters-of-the-fruit-tray-molding-machine\">Par\u00e2metros da m\u00e1quina de moldagem de bandeja de frutas<\/h2>    <figure class=\"wp-block-table is-style-stripes\"><table><tbody><tr><td>Modelo<\/td><td>Capacidade<\/td><td>Consumo de papel<\/td><td>Consumo de \u00e1gua<\/td><td>Energia utilizada<\/td><td>Trabalhador<\/td><\/tr><tr><td>SL-3*1<\/td><td>1000-1500 unidades\/h<\/td><td>120kg\/hora<\/td><td>300kg\/hora<\/td><td>32 kw\/h<\/td><td>3-4<\/td><\/tr><tr><td>SL-4*1<\/td><td>1500-2000 PCS\/h<\/td><td>160kg\/hora<\/td><td>380kg\/hora<\/td><td>45 kw\/h<\/td><td>3-4<\/td><\/tr><tr><td>SL-3*4<\/td><td>2.000-2.500 unidades\/h<\/td><td>200kg\/hora<\/td><td>450kg\/hora<\/td><td>58 kw\/h<\/td><td>4-5<\/td><\/tr><tr><td>SL-4*4<\/td><td>3000-3500 unidades\/h<\/td><td>280kg\/hora<\/td><td>560kg\/hora<\/td><td>78 kw\/h<\/td><td>4-5<\/td><\/tr><tr><td>SL-4*8<\/td><td>4000 unidades\/h<\/td><td>320kg\/hora<\/td><td>600kg\/hora<\/td><td>80 kw\/h<\/td><td>5-6<\/td><\/tr><tr><td>SL-5*8<\/td><td>5000 unidades\/h<\/td><td>400kg\/hora<\/td><td>750kg\/hora<\/td><td>85 kw\/h<\/td><td>3-4<\/td><\/tr><tr><td>SL-5*12<\/td><td>6000 unidades\/h<\/td><td>480kg\/hora<\/td><td>900kg\/hora<\/td><td>90 kw\/h<\/td><td>3-4<\/td><\/tr><tr><td>SL-6*12<\/td><td>8000 unidades\/h<\/td><td>640kg\/hora<\/td><td>1.040 kg\/hora<\/td><td>100 kw\/h<\/td><td>3-4<\/td><\/tr><\/tbody><\/table><figcaption class=\"wp-element-caption\">par\u00e2metro da m\u00e1quina de moldagem de bandeja de frutas<\/figcaption><\/figure>    <h2 class=\"wp-block-heading\" id=\"h-the-manufacturing-process-of-apple-trays\">Processo de fabrica\u00e7\u00e3o de bandejas de ma\u00e7\u00e3<\/h2>   <div id=\"rank-math-howto\" class=\"rank-math-block\" > <div class=\"rank-math-howto-description\">  <\/div>  <div class=\"rank-math-steps\"> <div id=\"howto-step-1718264736738\" class=\"rank-math-step\"> <h3 class=\"rank-math-step-title\">Processamento de polpa<\/h3> <div class=\"rank-math-step-content\"><p>Coloque o papel usado na m\u00e1quina de celulose. Ap\u00f3s tratamento com polpa grossa. Em seguida, a polpa grossa \u00e9 refinada e ajustada no tanque de armazenamento de polpa.<\/p> <\/div> <\/div> <div id=\"howto-step-1718264745706\" class=\"rank-math-step\"> <h3 class=\"rank-math-step-title\">Formando bandeja de ma\u00e7\u00e3<\/h3> <div class=\"rank-math-step-content\"><p>Atrav\u00e9s da bomba de polpa e da bomba de v\u00e1cuo, a polpa \u00e9 adsorvida no molde formador da m\u00e1quina de fazer bandejas de frutas. Por fim, s\u00e3o feitas as bandejas de frutas formadas.<\/p> <\/div> <\/div> <div id=\"howto-step-1718264759075\" class=\"rank-math-step\"> <h3 class=\"rank-math-step-title\">Bandeja de ma\u00e7\u00e3 secando<\/h3> <div class=\"rank-math-step-content\"><p>Em seguida, as bandejas de ma\u00e7\u00e3 formadas s\u00e3o colocadas na m\u00e1quina de secar. Ap\u00f3s a secagem, as bandejas de ma\u00e7\u00e3 ficam r\u00edgidas e prontas para prensagem a quente e embalagem.<\/p> <\/div> <\/div> <\/div> <\/div>      <div class=\"wp-block-image\"> <figure class=\"aligncenter size-full\"><img loading=\"lazy\" decoding=\"async\" width=\"720\" height=\"540\" src=\"https:\/\/eggtraym.com\/wp-content\/uploads\/2022\/09\/fruit-tray-molding-machine-.webp\" alt=\"m\u00e1quina de moldagem de bandeja de frutas\" class=\"wp-image-132\" title=\"m\u00e1quina de moldagem de bandeja de frutas\" srcset=\"https:\/\/eggtraym.com\/wp-content\/uploads\/2022\/09\/fruit-tray-molding-machine-.webp 720w, https:\/\/eggtraym.com\/wp-content\/uploads\/2022\/09\/fruit-tray-molding-machine--300x225.webp 300w\" sizes=\"auto, (max-width: 720px) 100vw, 720px\" \/><figcaption class=\"wp-element-caption\">m\u00e1quina de moldagem de bandeja de frutas<\/figcaption><\/figure> <\/div>   <h2 class=\"wp-block-heading\" id=\"h-how-to-choose-a-good-apple-tray-machine\">Como escolher uma boa m\u00e1quina de bandeja de ma\u00e7\u00e3? <\/h2>    <ul class=\"wp-block-list\"> <li><strong>M\u00e1quina de alta qualidade<br><\/strong>Uma m\u00e1quina de alta qualidade pode ser usada por muito tempo. A m\u00e1quina para fazer bandejas de frutas fabricada pela Shuliy tem uma vida \u00fatil de mais de 8 anos. Al\u00e9m disso, nossas m\u00e1quinas s\u00e3o altamente autom\u00e1ticas e f\u00e1ceis de operar. Depois que nossos clientes estrangeiros recebem a m\u00e1quina, ela funciona perfeitamente e \u00e9 amada por nossos clientes.<\/li>    <li><strong>\u00d3timo fornecedor de m\u00e1quinas<br><\/strong>Shuliy \u00e9 um fabricante profissional de m\u00e1quinas para bandejas para ovos e bandejas para frutas. Desde a cria\u00e7\u00e3o da nossa f\u00e1brica, temos feito melhorias e inova\u00e7\u00f5es cont\u00ednuas nas fun\u00e7\u00f5es e estruturas das nossas m\u00e1quinas. Agora nossa tecnologia de fabrica\u00e7\u00e3o atingiu um alto n\u00edvel. Os clientes t\u00eam a garantia de escolher a m\u00e1quina de que precisam.<\/li>    <li><strong>Servi\u00e7o completo<br><\/strong>Responderemos a quaisquer perguntas dos clientes a tempo. Tamb\u00e9m recomendaremos a melhor m\u00e1quina para fazer bandejas de frutas de acordo com as necessidades e situa\u00e7\u00e3o do cliente. Al\u00e9m disso, tamb\u00e9m projetamos o layout da f\u00e1brica. Se necess\u00e1rio, tamb\u00e9m cuidaremos da instala\u00e7\u00e3o da m\u00e1quina. Depois que o cliente receber a m\u00e1quina, forneceremos um servi\u00e7o p\u00f3s-venda de um ano.<\/li> <\/ul>    <figure class=\"wp-block-gallery has-nested-images columns-default is-cropped wp-block-gallery-3 is-layout-flex wp-block-gallery-is-layout-flex\"> <figure class=\"wp-block-image size-large\"><img loading=\"lazy\" decoding=\"async\" width=\"720\" height=\"540\" data-id=\"133\" src=\"https:\/\/eggtraym.com\/wp-content\/uploads\/2022\/09\/apple-tray-machine-.webp\" alt=\"m\u00e1quina de bandeja de ma\u00e7\u00e3\" class=\"wp-image-133\" title=\"m\u00e1quina de bandeja de ma\u00e7\u00e3\" srcset=\"https:\/\/eggtraym.com\/wp-content\/uploads\/2022\/09\/apple-tray-machine-.webp 720w, https:\/\/eggtraym.com\/wp-content\/uploads\/2022\/09\/apple-tray-machine--300x225.webp 300w\" sizes=\"auto, (max-width: 720px) 100vw, 720px\" \/><figcaption class=\"wp-element-caption\">M\u00e1quina de bandeja de ma\u00e7\u00e3<\/figcaption><\/figure>    <figure class=\"wp-block-image size-large\"><img loading=\"lazy\" decoding=\"async\" width=\"720\" height=\"540\" data-id=\"134\" src=\"https:\/\/eggtraym.com\/wp-content\/uploads\/2022\/09\/fruit-tray-making-machine-3.webp\" alt=\"M\u00e1quina para fazer bandejas de frutas.\" class=\"wp-image-134\" title=\"M\u00e1quina para fazer bandejas de frutas.\" srcset=\"https:\/\/eggtraym.com\/wp-content\/uploads\/2022\/09\/fruit-tray-making-machine-3.webp 720w, https:\/\/eggtraym.com\/wp-content\/uploads\/2022\/09\/fruit-tray-making-machine-3-300x225.webp 300w\" sizes=\"auto, (max-width: 720px) 100vw, 720px\" \/><figcaption class=\"wp-element-caption\">M\u00e1quina para fazer bandejas de frutas <\/figcaption><\/figure> <\/figure>    <h2 class=\"wp-block-heading\" id=\"h-apple-fruit-tray-making-machine-sold-to-nigeria\">M\u00e1quina para fazer bandejas de frutas de ma\u00e7\u00e3 vendida para a Nig\u00e9ria<\/h2>    <p class=\"translation-block\">Este cliente na <a href=\"https:\/\/en.wikipedia.org\/wiki\/Nigeria\" target=\"_blank\" rel=\"noopener\">Nig\u00e9ria<\/a> queria iniciar um neg\u00f3cio fabricando m\u00e1quinas de bandejas de ovos. Ent\u00e3o ele pesquisou a m\u00e1quina relevante na internet e depois foi ao nosso site. Finalmente, ele nos enviou uma consulta para uma m\u00e1quina de fazer bandejas de frutas. <\/p>    <p>Ap\u00f3s recebermos a mensagem do cliente, fornecemos ao cliente fotos, v\u00eddeos e par\u00e2metros da m\u00e1quina. Em seguida, perguntamos ao cliente o tamanho das ma\u00e7\u00e3s e determinamos o tamanho da bandeja de ovos. Ap\u00f3s a confirma\u00e7\u00e3o de todas as informa\u00e7\u00f5es, fornecemos um or\u00e7amento ao cliente. O cliente pagou pela m\u00e1quina de fazer bandejas de frutas.<\/p>    <figure class=\"wp-block-gallery has-nested-images columns-default is-cropped wp-block-gallery-4 is-layout-flex wp-block-gallery-is-layout-flex\"> <figure class=\"wp-block-image size-large\"><img loading=\"lazy\" decoding=\"async\" width=\"720\" height=\"540\" data-id=\"628\" src=\"https:\/\/eggtraym.com\/wp-content\/uploads\/2022\/09\/apple-tray-making-machine-loading-site.webp\" alt=\"local de carregamento da m\u00e1quina para fazer bandejas de ma\u00e7\u00e3\" class=\"wp-image-628\" title=\"\" srcset=\"https:\/\/eggtraym.com\/wp-content\/uploads\/2022\/09\/apple-tray-making-machine-loading-site.webp 720w, https:\/\/eggtraym.com\/wp-content\/uploads\/2022\/09\/apple-tray-making-machine-loading-site-300x225.webp 300w, https:\/\/eggtraym.com\/wp-content\/uploads\/2022\/09\/apple-tray-making-machine-loading-site-16x12.webp 16w\" sizes=\"auto, (max-width: 720px) 100vw, 720px\" \/><figcaption class=\"wp-element-caption\">Local de carregamento da m\u00e1quina para fazer bandejas Apple<\/figcaption><\/figure>    <figure class=\"wp-block-image size-large\"><img loading=\"lazy\" decoding=\"async\" width=\"720\" height=\"540\" data-id=\"629\" src=\"https:\/\/eggtraym.com\/wp-content\/uploads\/2022\/09\/fruit-tray-molding-machine-for-sale.webp\" alt=\"M\u00e1quina de moldagem de bandeja de frutas para venda\" class=\"wp-image-629\" title=\"\" srcset=\"https:\/\/eggtraym.com\/wp-content\/uploads\/2022\/09\/fruit-tray-molding-machine-for-sale.webp 720w, https:\/\/eggtraym.com\/wp-content\/uploads\/2022\/09\/fruit-tray-molding-machine-for-sale-300x225.webp 300w, https:\/\/eggtraym.com\/wp-content\/uploads\/2022\/09\/fruit-tray-molding-machine-for-sale-16x12.webp 16w\" sizes=\"auto, (max-width: 720px) 100vw, 720px\" \/><figcaption class=\"wp-element-caption\">M\u00e1quina de moldagem de bandejas de frutas para venda<\/figcaption><\/figure> <\/figure>    <h2 class=\"wp-block-heading\" id=\"h-what-are-the-benefits-of-using-shuliy-s-egg-plate-making-machine\">Benef\u00edcios de usar a m\u00e1quina de fazer pratos para ovos da Shuliy<\/h2>    <ul class=\"wp-block-list\"> <li>Aumente a efici\u00eancia da produ\u00e7\u00e3o de bandejas de ma\u00e7\u00e3. Se o cliente usar a m\u00e1quina junto com um batedor, secador, modelador e enfardadeira, a efici\u00eancia ser\u00e1 bastante melhorada.<\/li>    <li>Reduza o n\u00famero de manuten\u00e7\u00f5es. Nossas m\u00e1quinas s\u00e3o de alta qualidade e n\u00e3o apresentam problemas frequentes, portanto os clientes podem utiliz\u00e1-las com confian\u00e7a.<\/li>    <li>Produtos acabados de alta qualidade. Nossa m\u00e1quina para fazer bandejas de frutas produz bandejas de ma\u00e7\u00e3 dur\u00e1veis, resistentes \u00e0 press\u00e3o e com boa permeabilidade ao ar, e s\u00e3o amplamente utilizadas no mercado.<\/li>    <li>Aumentar a renda. Os clientes podem obter renda mais rapidamente produzindo e vendendo bandejas de frutas.<\/li> <\/ul>   <div class=\"wp-block-image\"> <figure class=\"aligncenter size-full\"><img loading=\"lazy\" decoding=\"async\" width=\"720\" height=\"540\" src=\"https:\/\/eggtraym.com\/wp-content\/uploads\/2022\/09\/egg-plate-making-machine-.webp\" alt=\"m\u00e1quina de fazer placa de ovo\" class=\"wp-image-135\" title=\"m\u00e1quina de fazer placa de ovo\" srcset=\"https:\/\/eggtraym.com\/wp-content\/uploads\/2022\/09\/egg-plate-making-machine-.webp 720w, https:\/\/eggtraym.com\/wp-content\/uploads\/2022\/09\/egg-plate-making-machine--300x225.webp 300w\" sizes=\"auto, (max-width: 720px) 100vw, 720px\" \/><figcaption class=\"wp-element-caption\">m\u00e1quina de fazer placa de ovo<\/figcaption><\/figure> <\/div>   <p>Nossa f\u00e1brica \u00e9 especializada na produ\u00e7\u00e3o de equipamentos de reciclagem de res\u00edduos de papel para forma\u00e7\u00e3o de bandejas de papel h\u00e1 muitos anos. Se voc\u00ea estiver interessado, navegue neste site e n\u00e3o hesite em nos contatar para customiza\u00e7\u00e3o da m\u00e1quina.<\/p>","protected":false},"excerpt":{"rendered":"<p>A m\u00e1quina para fazer bandejas de frutas \u00e9 um dos equipamentos importantes para m\u00e1quinas de embalagem. Os produtos acabados produzidos por esta m\u00e1quina podem ser embalados e protegidos para frutas.<\/p>","protected":false},"author":1,"featured_media":127,"parent":0,"template":"","tags":[45,41,46],"product-type":[3],"class_list":["post-71","product","type-product","status-publish","has-post-thumbnail","hentry","tag-apple-tray","tag-egg-tray","tag-fruit-tray","product-type-egg-tray-making-machine"],"_links":{"self":[{"href":"https:\/\/eggtraym.com\/pt\/wp-json\/wp\/v2\/product\/71","targetHints":{"allow":["GET"]}}],"collection":[{"href":"https:\/\/eggtraym.com\/pt\/wp-json\/wp\/v2\/product"}],"about":[{"href":"https:\/\/eggtraym.com\/pt\/wp-json\/wp\/v2\/types\/product"}],"author":[{"embeddable":true,"href":"https:\/\/eggtraym.com\/pt\/wp-json\/wp\/v2\/users\/1"}],"wp:featuredmedia":[{"embeddable":true,"href":"https:\/\/eggtraym.com\/pt\/wp-json\/wp\/v2\/media\/127"}],"wp:attachment":[{"href":"https:\/\/eggtraym.com\/pt\/wp-json\/wp\/v2\/media?parent=71"}],"wp:term":[{"taxonomy":"post_tag","embeddable":true,"href":"https:\/\/eggtraym.com\/pt\/wp-json\/wp\/v2\/tags?post=71"},{"taxonomy":"product-type","embeddable":true,"href":"https:\/\/eggtraym.com\/pt\/wp-json\/wp\/v2\/product-type?post=71"}],"curies":[{"name":"wp","href":"https:\/\/api.w.org\/{rel}","templated":true}]}}