{"id":65,"date":"2022-09-14T03:26:36","date_gmt":"2022-09-14T03:26:36","guid":{"rendered":"https:\/\/eggtraym.com\/?post_type=product&#038;p=65"},"modified":"2025-06-17T17:20:47","modified_gmt":"2025-06-17T09:20:47","slug":"1500pc-h-egg-tray-making-machine","status":"publish","type":"product","link":"https:\/\/eggtraym.com\/pt\/product\/1500pc-h-egg-tray-making-machine\/","title":{"rendered":"M\u00e1quina semiautom\u00e1tica para fazer bandejas de ovos 1500PC\/H para venda"},"content":{"rendered":"<div class=\"kk-star-ratings kksr-auto kksr-align-left kksr-valign-top\"     data-payload='{&quot;align&quot;:&quot;left&quot;,&quot;id&quot;:&quot;65&quot;,&quot;slug&quot;:&quot;default&quot;,&quot;valign&quot;:&quot;top&quot;,&quot;ignore&quot;:&quot;&quot;,&quot;reference&quot;:&quot;auto&quot;,&quot;class&quot;:&quot;&quot;,&quot;count&quot;:&quot;80&quot;,&quot;legendonly&quot;:&quot;&quot;,&quot;readonly&quot;:&quot;&quot;,&quot;score&quot;:&quot;4.7&quot;,&quot;starsonly&quot;:&quot;&quot;,&quot;best&quot;:&quot;5&quot;,&quot;gap&quot;:&quot;5&quot;,&quot;greet&quot;:&quot;Rate this product&quot;,&quot;legend&quot;:&quot;4.7\\\/5 - (80 votes)&quot;,&quot;size&quot;:&quot;24&quot;,&quot;title&quot;:&quot;Semi-Automatic 1500PC\\\/H Egg Tray Making Machine For Sale&quot;,&quot;width&quot;:&quot;133.8&quot;,&quot;_legend&quot;:&quot;{score}\\\/{best} - ({count} {votes})&quot;,&quot;font_factor&quot;:&quot;1.25&quot;}'>              <div class=\"kksr-stars\">      <div class=\"kksr-stars-inactive\">             <div class=\"kksr-star\" data-star=\"1\" style=\"padding-right: 5px\">               <div class=\"kksr-icon\" style=\"width: 24px; height: 24px;\"><\/div>         <\/div>             <div class=\"kksr-star\" data-star=\"2\" style=\"padding-right: 5px\">               <div class=\"kksr-icon\" style=\"width: 24px; height: 24px;\"><\/div>         <\/div>             <div class=\"kksr-star\" data-star=\"3\" style=\"padding-right: 5px\">               <div class=\"kksr-icon\" style=\"width: 24px; height: 24px;\"><\/div>         <\/div>             <div class=\"kksr-star\" data-star=\"4\" style=\"padding-right: 5px\">               <div class=\"kksr-icon\" style=\"width: 24px; height: 24px;\"><\/div>         <\/div>             <div class=\"kksr-star\" data-star=\"5\" style=\"padding-right: 5px\">               <div class=\"kksr-icon\" style=\"width: 24px; height: 24px;\"><\/div>         <\/div>     <\/div>      <div class=\"kksr-stars-active\" style=\"width: 133.8px;\">             <div class=\"kksr-star\" style=\"padding-right: 5px\">               <div class=\"kksr-icon\" style=\"width: 24px; height: 24px;\"><\/div>         <\/div>             <div class=\"kksr-star\" style=\"padding-right: 5px\">               <div class=\"kksr-icon\" style=\"width: 24px; height: 24px;\"><\/div>         <\/div>             <div class=\"kksr-star\" style=\"padding-right: 5px\">               <div class=\"kksr-icon\" style=\"width: 24px; height: 24px;\"><\/div>         <\/div>             <div class=\"kksr-star\" style=\"padding-right: 5px\">               <div class=\"kksr-icon\" style=\"width: 24px; height: 24px;\"><\/div>         <\/div>             <div class=\"kksr-star\" style=\"padding-right: 5px\">               <div class=\"kksr-icon\" style=\"width: 24px; height: 24px;\"><\/div>         <\/div>     <\/div> <\/div>                   <div class=\"kksr-legend\" style=\"font-size: 19.2px;\">             4.7\/5 - (80 votos)    <\/div>     <\/div>  <p>A m\u00e1quina de fabrica\u00e7\u00e3o de bandejas de ovos de polpa \u00e9 um equipamento eficiente e ecol\u00f3gico para produzir produtos moldados em polpa, como bandejas de ovos, caixas de ovos, bandejas de frutas, bandejas para copos de caf\u00e9, entre outros. <\/p>    <p>A nossa m\u00e1quina de fazer bandejas de ovos de 1500pc\/h requer apenas de 1 a 3 pessoas para completar a opera\u00e7\u00e3o e a manuten\u00e7\u00e3o di\u00e1ria, sendo especialmente adequada para pequenas empresas, oficinas familiares e projetos empreendedores.<\/p>    <p>A m\u00e1quina pode utilizar papel desperd\u00edcio, como livros, revistas, papel A4, bandejas de papel, cart\u00e3o, etc., como mat\u00e9rias-primas, e adotar uma propor\u00e7\u00e3o de 3:1 de \u00e1gua para papel para mistura e polpa. <\/p>    <p>O equipamento possui uma estrutura compacta, f\u00e1cil de trocar moldes e \u00e9 flex\u00edvel para lidar com as necessidades de produ\u00e7\u00e3o de diferentes produtos de palete.<\/p>    <figure class=\"wp-block-embed aligncenter is-type-video is-provider-youtube wp-block-embed-youtube wp-embed-aspect-16-9 wp-has-aspect-ratio\"><div class=\"wp-block-embed__wrapper\"> <iframe loading=\"lazy\" title=\"M\u00e1quina formadora de bandejas para ovos em pequena escala: vitrine de efici\u00eancia de 1500 unidades \/ h!\" width=\"500\" height=\"281\" src=\"https:\/\/www.youtube.com\/embed\/jJ8B8YF0I7s?feature=oembed\" frameborder=\"0\" allow=\"accelerometer; autoplay; clipboard-write; encrypted-media; gyroscope; picture-in-picture; web-share\" referrerpolicy=\"strict-origin-when-cross-origin\" allowfullscreen><\/iframe> <\/div><figcaption class=\"wp-element-caption\">v\u00eddeo de trabalho de uma pequena m\u00e1quina formadora de caixa de ovos<\/figcaption><\/figure>    <p>Normalmente, a m\u00e1quina de fazer bandejas de ovos de 1500pc\/h com uma produ\u00e7\u00e3o menor opera de forma semi-autom\u00e1tica. A nossa linha de produ\u00e7\u00e3o de bandejas de ovos semi-autom\u00e1tica consiste geralmente em m\u00e1quinas de polpa e m\u00e1quinas de moldagem, enquanto os processos de secagem e embalagem requerem manuseio manual.<\/p>   <div class=\"wp-block-image\"> <figure class=\"aligncenter size-full\"><img loading=\"lazy\" decoding=\"async\" width=\"720\" height=\"540\" src=\"https:\/\/eggtraym.com\/wp-content\/uploads\/2022\/09\/egg-tray-making-machine-.webp\" alt=\"bandeja do ovo 1500pc\/h que faz a m\u00e1quina\" class=\"wp-image-98\" title=\"m\u00e1quina de fazer bandeja para ovos\" srcset=\"https:\/\/eggtraym.com\/wp-content\/uploads\/2022\/09\/egg-tray-making-machine-.webp 720w, https:\/\/eggtraym.com\/wp-content\/uploads\/2022\/09\/egg-tray-making-machine--300x225.webp 300w\" sizes=\"auto, (max-width: 720px) 100vw, 720px\" \/><figcaption class=\"wp-element-caption\">bandeja do ovo 1500pc\/h que faz a m\u00e1quina<\/figcaption><\/figure> <\/div>   <h2 class=\"wp-block-heading\">Produtos acabados da m\u00e1quina de bandeja de papel<\/h2>    <p>A caracter\u00edstica distintiva da m\u00e1quina formadora de pasta de papel \u00e9 a sua versatilidade e variedade. Ao trocar diferentes moldes, ele pode criar facilmente produtos acabados em v\u00e1rios formatos e tipos, oferecendo aos usu\u00e1rios flexibilidade e op\u00e7\u00f5es de produ\u00e7\u00e3o significativas.<\/p>   <div class=\"wp-block-image\"> <figure class=\"aligncenter size-full\"><img loading=\"lazy\" decoding=\"async\" width=\"720\" height=\"540\" src=\"https:\/\/eggtraym.com\/wp-content\/uploads\/2022\/09\/various-paper-egg-tray-finished-products-display.webp\" alt=\"Exibi\u00e7\u00e3o de v\u00e1rios produtos acabados de bandejas de ovos de papel\" class=\"wp-image-834\" title=\"\" srcset=\"https:\/\/eggtraym.com\/wp-content\/uploads\/2022\/09\/various-paper-egg-tray-finished-products-display.webp 720w, https:\/\/eggtraym.com\/wp-content\/uploads\/2022\/09\/various-paper-egg-tray-finished-products-display-300x225.webp 300w, https:\/\/eggtraym.com\/wp-content\/uploads\/2022\/09\/various-paper-egg-tray-finished-products-display-16x12.webp 16w\" sizes=\"auto, (max-width: 720px) 100vw, 720px\" \/><figcaption class=\"wp-element-caption\">Exibi\u00e7\u00e3o de v\u00e1rios produtos acabados de bandejas de ovos de papel<\/figcaption><\/figure> <\/div>  <div class=\"wp-block-image\"> <figure class=\"aligncenter size-full\"><img loading=\"lazy\" decoding=\"async\" width=\"720\" height=\"540\" src=\"https:\/\/eggtraym.com\/wp-content\/uploads\/2022\/09\/finished-paper-trays-in-different-shapes.webp\" alt=\"bandejas de papel acabadas em diferentes formatos\" class=\"wp-image-611\" title=\"\" srcset=\"https:\/\/eggtraym.com\/wp-content\/uploads\/2022\/09\/finished-paper-trays-in-different-shapes.webp 720w, https:\/\/eggtraym.com\/wp-content\/uploads\/2022\/09\/finished-paper-trays-in-different-shapes-300x225.webp 300w, https:\/\/eggtraym.com\/wp-content\/uploads\/2022\/09\/finished-paper-trays-in-different-shapes-16x12.webp 16w\" sizes=\"auto, (max-width: 720px) 100vw, 720px\" \/><figcaption class=\"wp-element-caption\">bandejas de papel acabadas em diferentes formatos<\/figcaption><\/figure> <\/div>   <h2 class=\"wp-block-heading\" id=\"h-what-is-the-machine-composition-of-the-1500pc-h-semi-automatic-egg-tray-making-machine\">Quais m\u00e1quinas podem trabalhar com a m\u00e1quina de bandejas de ovos pequena?<\/h2>    <p>A m\u00e1quina para fazer bandejas para ovos de 1500 unidades\/h pode ser usada em conjunto com um despolpador de bandejas para ovos, uma m\u00e1quina de secagem manual, uma m\u00e1quina de embalagem e muito mais.<\/p>    <p class=\"translation-block\">Pode escolher a m\u00e1quina de secagem, a prensa quente e a m\u00e1quina de embalagem para formar uma linha de produ\u00e7\u00e3o totalmente autom\u00e1tica. (Mais informa\u00e7\u00f5es: <a href=\"https:\/\/eggtraym.com\/pt\/product\/egg-tray-manufacturing-plant\/\"><em>Egg Tray Manufacturing Plant Paper Pulp Molding Machines<\/em><\/a>)<\/p>    <p class=\"translation-block\">As m\u00e1quinas de caixas de ovos da nossa f\u00e1brica t\u00eam uma capacidade de 1000 a 6000 unidades\/h. As m\u00e1quinas de fabrico de caixas de ovos de grande capacidade s\u00e3o geralmente linhas de produ\u00e7\u00e3o totalmente autom\u00e1ticas, o que pode melhorar significativamente a efici\u00eancia do trabalho. (Publica\u00e7\u00e3o relacionada: <a href=\"https:\/\/eggtraym.com\/pt\/product\/automatic-egg-tray-machine\/\"><em>Fully Automatic High Capacity Egg Tray Machine<\/em><\/a>)<\/p>    <figure class=\"wp-block-gallery has-nested-images columns-default is-cropped wp-block-gallery-2 is-layout-flex wp-block-gallery-is-layout-flex\"> <figure class=\"wp-block-image size-large\"><img loading=\"lazy\" decoding=\"async\" width=\"720\" height=\"540\" data-id=\"96\" src=\"https:\/\/eggtraym.com\/wp-content\/uploads\/2022\/09\/egg-tray-pulper-.webp\" alt=\"despolpador de bandeja de ovos\" class=\"wp-image-96\" title=\"despolpador de bandeja de ovos\" srcset=\"https:\/\/eggtraym.com\/wp-content\/uploads\/2022\/09\/egg-tray-pulper-.webp 720w, https:\/\/eggtraym.com\/wp-content\/uploads\/2022\/09\/egg-tray-pulper--300x225.webp 300w\" sizes=\"auto, (max-width: 720px) 100vw, 720px\" \/><figcaption class=\"wp-element-caption\">Despolpador de bandeja de ovos<\/figcaption><\/figure>    <figure class=\"wp-block-image size-large\"><img loading=\"lazy\" decoding=\"async\" width=\"720\" height=\"540\" data-id=\"97\" src=\"https:\/\/eggtraym.com\/wp-content\/uploads\/2022\/09\/manual-drying-machine-.webp\" alt=\"m\u00e1quina de secar manual\" class=\"wp-image-97\" title=\"m\u00e1quina de secar manual\" srcset=\"https:\/\/eggtraym.com\/wp-content\/uploads\/2022\/09\/manual-drying-machine-.webp 720w, https:\/\/eggtraym.com\/wp-content\/uploads\/2022\/09\/manual-drying-machine--300x225.webp 300w\" sizes=\"auto, (max-width: 720px) 100vw, 720px\" \/><figcaption class=\"wp-element-caption\">M\u00e1quina de secagem manual<\/figcaption><\/figure> <\/figure>    <h2 class=\"wp-block-heading\" id=\"h-technical-parameters-of-the-small-egg-tray-making-machine\">Par\u00e2metros da m\u00e1quina de fazer bandeja para ovos 1500pc\/h<\/h2>    <figure class=\"wp-block-table is-style-stripes\"><table><tbody><tr><td>Modelo<\/td><td>Sa\u00edda<\/td><td>Consumo de papel<\/td><td>Consumo de \u00e1gua<\/td><td>Energia utilizada<\/td><td>N\u00famero do trabalhador<\/td><\/tr><tr><td>SL-4*1<\/td><td>1500-2000 PCS\/h<\/td><td>160kg\/hora<\/td><td>380kg\/hora<\/td><td>45 kw\/h<\/td><td>3-4<\/td><\/tr><\/tbody><\/table><figcaption class=\"wp-element-caption\">Par\u00e2metros da m\u00e1quina de fabrica\u00e7\u00e3o de bandejas de ovos de 1500pc\/h<\/figcaption><\/figure>    <h2 class=\"wp-block-heading\">Como funciona a m\u00e1quina moldadora de bandeja para ovos?<\/h2>    <ul class=\"wp-block-list\"> <li>Pulpeamento de mat\u00e9ria-prima: papel reciclado e \u00e1gua s\u00e3o colocados no pulper hidr\u00e1ulico na propor\u00e7\u00e3o de 3:1 e misturados para fazer uma polpa uniforme.<\/li>    <li>Mistura de polpa: a polpa passa por triagem por vibra\u00e7\u00e3o e ajuste de concentra\u00e7\u00e3o, e entra no sistema de moldagem para pe\u00e7as sobressalentes.<\/li>    <li>Moldagem por adsor\u00e7\u00e3o a v\u00e1cuo: a polpa \u00e9 adsorvida na superf\u00edcie do molde por uma bomba de v\u00e1cuo para formar a forma desejada da bandeja de ovos.<\/li>    <li>Remo\u00e7\u00e3o do molde: ap\u00f3s a moldagem, a bandeja de ovos \u00e9 removida do molde por meios pneum\u00e1ticos ou manuais e transferida para a se\u00e7\u00e3o de secagem.<\/li>    <li>Secagem: a bandeja de ovos molhada \u00e9 seca atrav\u00e9s do sistema de secagem a ar quente para garantir sua estrutura s\u00f3lida e forma adequada.<\/li>    <li>Coleta do produto acabado: a bandeja de ovos seca pode ser coletada, embalada e inserida diretamente no processo de vendas ou uso.<\/li> <\/ul>    <figure class=\"wp-block-embed aligncenter is-type-video is-provider-youtube wp-block-embed-youtube wp-embed-aspect-16-9 wp-has-aspect-ratio\"><div class=\"wp-block-embed__wrapper\"> <iframe loading=\"lazy\" title=\"V\u00eddeo de teste da m\u00e1quina de moldagem de bandeja para ovos para cliente da Z\u00e2mbia! M\u00e1quina multifuncional para fazer bandeja para ovos\" width=\"500\" height=\"281\" src=\"https:\/\/www.youtube.com\/embed\/7IYZRPQuuVY?feature=oembed\" frameborder=\"0\" allow=\"accelerometer; autoplay; clipboard-write; encrypted-media; gyroscope; picture-in-picture; web-share\" referrerpolicy=\"strict-origin-when-cross-origin\" allowfullscreen><\/iframe> <\/div><figcaption class=\"wp-element-caption\">v\u00eddeo de trabalho da m\u00e1quina de fazer bandeja para ovos de 1500 unidades \/ h<\/figcaption><\/figure>    <h2 class=\"wp-block-heading\" id=\"h-features-of-1500pc-h-paper-pulp-egg-tray-making-machine\">Vantagens da m\u00e1quina de bandejas de ovos de papel pequenas<\/h2>    <ul class=\"wp-block-list\"> <li>Baixo custo de investimento: comparado com a linha de produ\u00e7\u00e3o totalmente autom\u00e1tica, esta m\u00e1quina de fazer bandejas de ovos de 1500pc\/h n\u00e3o precisa de secador, prensa a quente e m\u00e1quina de embalagem, o custo geral \u00e9 mais baixo, adequada para startups.<\/li>    <li>Melhor efici\u00eancia do que equipamentos manuais: modo de trabalho semi-autom\u00e1tico, a produ\u00e7\u00e3o e efici\u00eancia s\u00e3o muito superiores \u00e0s da m\u00e1quina manual de bandejas de ovos, economizando tempo de trabalho.<\/li>    <li>Adequado para investidores pequenos e m\u00e9dios: capacidade de 1500 pe\u00e7as\/hora atende \u00e0 demanda m\u00e9dia di\u00e1ria, adequado para empreendedorismo rural ou produ\u00e7\u00e3o em casa.<\/li>    <li>Forte expansibilidade: a estrutura do equipamento \u00e9 modularizada, o que facilita a atualiza\u00e7\u00e3o para uma linha de produ\u00e7\u00e3o totalmente autom\u00e1tica de forma flex\u00edvel, de acordo com o desenvolvimento do neg\u00f3cio em uma fase posterior.<\/li>    <li>Opera\u00e7\u00e3o simples e f\u00e1cil manuten\u00e7\u00e3o: apenas 1-3 pessoas s\u00e3o necess\u00e1rias para completar a opera\u00e7\u00e3o e a manuten\u00e7\u00e3o di\u00e1ria, baixa intensidade de trabalho e pequeno custo de gest\u00e3o.<\/li> <\/ul>   <div class=\"wp-block-image\"> <figure class=\"aligncenter size-full\"><img loading=\"lazy\" decoding=\"async\" width=\"720\" height=\"540\" src=\"https:\/\/eggtraym.com\/wp-content\/uploads\/2022\/09\/paper-pulp-egg-tray-.webp\" alt=\"bandeja de ovos de polpa de papel\" class=\"wp-image-101\" title=\"bandeja de ovos de polpa de papel\" srcset=\"https:\/\/eggtraym.com\/wp-content\/uploads\/2022\/09\/paper-pulp-egg-tray-.webp 720w, https:\/\/eggtraym.com\/wp-content\/uploads\/2022\/09\/paper-pulp-egg-tray--300x225.webp 300w\" sizes=\"auto, (max-width: 720px) 100vw, 720px\" \/><figcaption class=\"wp-element-caption\">bandeja de ovos de polpa de papel<\/figcaption><\/figure> <\/div>   <h2 class=\"wp-block-heading\" id=\"h-how-to-choose-a-suitable-egg-tray-molding-machine\">Como escolher uma m\u00e1quina moldadora de bandejas para ovos adequada?<\/h2>    <p>Existem diferentes tipos de m\u00e1quinas para fazer bandejas para ovos de 1500 unidades \/ h no mercado. Os clientes podem escolher a m\u00e1quina formadora de bandejas para ovos adequada para eles de acordo com os seguintes pontos:<\/p>   <div id=\"rank-math-faq\" class=\"rank-math-block\"> <div class=\"rank-math-list\"> <div id=\"faq-question-1718185350122\" class=\"rank-math-list-item\"> <h3 class=\"rank-math-question\">Quantas bandejas de ovos voc\u00ea precisa produzir por hora?<\/h3> <div class=\"rank-math-answer\">  <p>Os clientes podem selecionar a m\u00e1quina de moldagem de bandeja para ovos com base em seus requisitos de capacidade de produ\u00e7\u00e3o. O resultado ditar\u00e1 qual modelo de m\u00e1quina de bandejas para ovos \u00e9 adequado e as dimens\u00f5es das bandejas para ovos que o cliente pretende produzir.<\/p>  <\/div> <\/div> <div id=\"faq-question-1718185353803\" class=\"rank-math-list-item\"> <h3 class=\"rank-math-question\">Qual \u00e9 o seu or\u00e7amento?<\/h3> <div class=\"rank-math-answer\">  <p>Os clientes devem adquirir a m\u00e1quina de fabrica\u00e7\u00e3o de bandejas de ovos com base nas suas circunst\u00e2ncias espec\u00edficas. Al\u00e9m do pre\u00e7o do dispositivo, \u00e9 importante levar em conta outros fatores como custos de m\u00e3o de obra, despesas de constru\u00e7\u00e3o, custos de mat\u00e9rias-primas e taxas de manuten\u00e7\u00e3o.<\/p>  <\/div> <\/div> <div id=\"faq-question-1718185362340\" class=\"rank-math-list-item\"> <h3 class=\"rank-math-question\">Onde comprar a m\u00e1quina para fazer bandejas para ovos de papel?<\/h3> <div class=\"rank-math-answer\">  <p>Dados os custos de transporte, muitos clientes podem preferir adquirir a m\u00e1quina localmente. No entanto, nossa m\u00e1quina de bandeja para ovos recebeu feedback positivo de v\u00e1rios clientes internacionais. Como fabricante, oferecemos m\u00e1quinas de bandejas para ovos de alta qualidade a pre\u00e7os competitivos, al\u00e9m de excelente atendimento ao cliente. Al\u00e9m disso, tamb\u00e9m fornecemos servi\u00e7os de instala\u00e7\u00e3o da m\u00e1quina.<\/p>  <\/div> <\/div> <\/div> <\/div>   <figure class=\"wp-block-gallery has-nested-images columns-default is-cropped wp-block-gallery-3 is-layout-flex wp-block-gallery-is-layout-flex\"> <figure class=\"wp-block-image size-large\"><img loading=\"lazy\" decoding=\"async\" width=\"720\" height=\"540\" data-id=\"99\" src=\"https:\/\/eggtraym.com\/wp-content\/uploads\/2022\/09\/egg-tray-molding-machine-1-1.webp\" alt=\"bandeja do ovo 1500pc\/h que faz a m\u00e1quina\" class=\"wp-image-99\" title=\"m\u00e1quina de moldagem de bandeja de ovos\" srcset=\"https:\/\/eggtraym.com\/wp-content\/uploads\/2022\/09\/egg-tray-molding-machine-1-1.webp 720w, https:\/\/eggtraym.com\/wp-content\/uploads\/2022\/09\/egg-tray-molding-machine-1-1-300x225.webp 300w\" sizes=\"auto, (max-width: 720px) 100vw, 720px\" \/><figcaption class=\"wp-element-caption\">ovo 1500Pc\/H Tray Making Machine<\/figcaption><\/figure>    <figure class=\"wp-block-image size-large\"><img loading=\"lazy\" decoding=\"async\" width=\"720\" height=\"540\" data-id=\"100\" src=\"https:\/\/eggtraym.com\/wp-content\/uploads\/2022\/09\/small-egg-tray-making-machine.webp\" alt=\"pequena m\u00e1quina de fazer bandeja para ovos\" class=\"wp-image-100\" title=\"pequena m\u00e1quina de fazer bandeja para ovos\" srcset=\"https:\/\/eggtraym.com\/wp-content\/uploads\/2022\/09\/small-egg-tray-making-machine.webp 720w, https:\/\/eggtraym.com\/wp-content\/uploads\/2022\/09\/small-egg-tray-making-machine-300x225.webp 300w\" sizes=\"auto, (max-width: 720px) 100vw, 720px\" \/><figcaption class=\"wp-element-caption\">M\u00e1quina para fazer bandejas para ovos pequenas<\/figcaption><\/figure> <\/figure>    <h2 class=\"wp-block-heading\">M\u00e1quina de fazer caixas de ovos \u00e9 vendida \u00e0 Venezuela<\/h2>    <p class=\"translation-block\">No m\u00eas passado, um cliente da <a href=\"https:\/\/en.wikipedia.org\/wiki\/Venezuela\" target=\"_blank\" rel=\"noopener\">Venezuela<\/a> comprou-nos uma m\u00e1quina de fabrico de caixas de ovos. Ele pretendia usar a m\u00e1quina para os seus prop\u00f3sitos, pois possu\u00eda uma quinta de galinhas e queria produzir as suas pr\u00f3prias caixas de ovos para embalar os seus ovos para venda.<\/p>    <figure class=\"wp-block-gallery has-nested-images columns-default is-cropped wp-block-gallery-4 is-layout-flex wp-block-gallery-is-layout-flex\"> <figure class=\"wp-block-image size-large\"><img loading=\"lazy\" decoding=\"async\" width=\"720\" height=\"540\" data-id=\"612\" src=\"https:\/\/eggtraym.com\/wp-content\/uploads\/2022\/09\/paper-carton-forming-machine.webp\" alt=\"m\u00e1quina formadora de caixa de papel\" class=\"wp-image-612\" title=\"\" srcset=\"https:\/\/eggtraym.com\/wp-content\/uploads\/2022\/09\/paper-carton-forming-machine.webp 720w, https:\/\/eggtraym.com\/wp-content\/uploads\/2022\/09\/paper-carton-forming-machine-300x225.webp 300w, https:\/\/eggtraym.com\/wp-content\/uploads\/2022\/09\/paper-carton-forming-machine-16x12.webp 16w\" sizes=\"auto, (max-width: 720px) 100vw, 720px\" \/><figcaption class=\"wp-element-caption\">M\u00e1quina formadora de caixa de papel<\/figcaption><\/figure>    <figure class=\"wp-block-image size-large\"><img loading=\"lazy\" decoding=\"async\" width=\"720\" height=\"540\" data-id=\"613\" src=\"https:\/\/eggtraym.com\/wp-content\/uploads\/2022\/09\/small-egg-carton-making-machine.webp\" alt=\"m\u00e1quina de fazer caixa de ovo pequena\" class=\"wp-image-613\" title=\"\" srcset=\"https:\/\/eggtraym.com\/wp-content\/uploads\/2022\/09\/small-egg-carton-making-machine.webp 720w, https:\/\/eggtraym.com\/wp-content\/uploads\/2022\/09\/small-egg-carton-making-machine-300x225.webp 300w, https:\/\/eggtraym.com\/wp-content\/uploads\/2022\/09\/small-egg-carton-making-machine-16x12.webp 16w\" sizes=\"auto, (max-width: 720px) 100vw, 720px\" \/><figcaption class=\"wp-element-caption\">M\u00e1quina para fazer caixas de ovos pequenas<\/figcaption><\/figure> <\/figure>    <p>Durante a compra da m\u00e1quina para fazer bandejas para ovos 1500pc\/h, mantivemos uma comunica\u00e7\u00e3o ativa com o cliente, abordando todas as suas preocupa\u00e7\u00f5es. Fornecer boa comunica\u00e7\u00e3o e servi\u00e7o ajuda a garantir que o cliente se sinta confiante em sua decis\u00e3o de comprar nossa m\u00e1quina formadora de bandeja para ovos!<\/p>   <div class=\"wp-block-image\"> <figure class=\"aligncenter size-full\"><img loading=\"lazy\" decoding=\"async\" width=\"720\" height=\"540\" src=\"https:\/\/eggtraym.com\/wp-content\/uploads\/2023\/03\/Venezuela-customer-.webp\" alt=\"Cliente venezuelano\" class=\"wp-image-456\" title=\"Cliente venezuelano\" srcset=\"https:\/\/eggtraym.com\/wp-content\/uploads\/2023\/03\/Venezuela-customer-.webp 720w, https:\/\/eggtraym.com\/wp-content\/uploads\/2023\/03\/Venezuela-customer--300x225.webp 300w\" sizes=\"auto, (max-width: 720px) 100vw, 720px\" \/><figcaption class=\"wp-element-caption\">Cliente venezuelano<\/figcaption><\/figure> <\/div>   <h2 class=\"wp-block-heading\">Famoso fabricante de m\u00e1quina para fazer bandejas de papel<\/h2>    <p>A Shuliy Machinery est\u00e1 em opera\u00e7\u00e3o h\u00e1 mais de dez anos, ostentando tecnologia avan\u00e7ada e ampla experi\u00eancia em exporta\u00e7\u00e3o na produ\u00e7\u00e3o de m\u00e1quinas para fazer bandejas para ovos. Nossa dedicada equipe profissional de P&amp;D, juntamente com nossa equipe de fabrica\u00e7\u00e3o e supervis\u00e3o, est\u00e1 comprometida em fornecer equipamentos de fabrica\u00e7\u00e3o de bandejas para ovos de alta qualidade aos nossos clientes!<\/p>   <div class=\"wp-block-image\"> <figure class=\"aligncenter size-full\"><img loading=\"lazy\" decoding=\"async\" width=\"720\" height=\"540\" src=\"https:\/\/eggtraym.com\/wp-content\/uploads\/2023\/03\/Shuliy-egg-crate-making-machine-factory-.webp\" alt=\"F\u00e1brica de m\u00e1quinas para fazer caixas de ovos Shuliy \" class=\"wp-image-454\" title=\"F\u00e1brica de m\u00e1quinas para fazer caixas de ovos Shuliy \" srcset=\"https:\/\/eggtraym.com\/wp-content\/uploads\/2023\/03\/Shuliy-egg-crate-making-machine-factory-.webp 720w, https:\/\/eggtraym.com\/wp-content\/uploads\/2023\/03\/Shuliy-egg-crate-making-machine-factory--300x225.webp 300w\" sizes=\"auto, (max-width: 720px) 100vw, 720px\" \/><figcaption class=\"wp-element-caption\">F\u00e1brica de m\u00e1quinas para fazer caixas de ovos Shuliy<\/figcaption><\/figure> <\/div>   <p>Export\u00e1mos com sucesso para v\u00e1rios pa\u00edses, como Bol\u00edvia, Camar\u00f5es, Gana, Venezuela, Qu\u00e9nia, Mo\u00e7ambique, Ar\u00e1bia Saudita e muito mais. Al\u00e9m disso, temos nossa f\u00e1brica para fornecer pre\u00e7os direto da f\u00e1brica. Shuliy Machinery convida voc\u00ea a entrar em contato para tirar d\u00favidas a qualquer momento!<\/p>","protected":false},"excerpt":{"rendered":"<p>A m\u00e1quina de fazer bandejas de ovos de 1500 pc\/h \u00e9 adequada para investidores pequenos e m\u00e9dios, que podem reutilizar papel reciclado para produzir produtos de moldagem de polpa, como bandejas de ovos e bandejas de frutas.<\/p>","protected":false},"author":1,"featured_media":94,"parent":0,"template":"","tags":[43,41,42],"product-type":[3],"class_list":["post-65","product","type-product","status-publish","has-post-thumbnail","hentry","tag-egg-carton","tag-egg-tray","tag-paper-tray","product-type-egg-tray-making-machine"],"_links":{"self":[{"href":"https:\/\/eggtraym.com\/pt\/wp-json\/wp\/v2\/product\/65","targetHints":{"allow":["GET"]}}],"collection":[{"href":"https:\/\/eggtraym.com\/pt\/wp-json\/wp\/v2\/product"}],"about":[{"href":"https:\/\/eggtraym.com\/pt\/wp-json\/wp\/v2\/types\/product"}],"author":[{"embeddable":true,"href":"https:\/\/eggtraym.com\/pt\/wp-json\/wp\/v2\/users\/1"}],"wp:featuredmedia":[{"embeddable":true,"href":"https:\/\/eggtraym.com\/pt\/wp-json\/wp\/v2\/media\/94"}],"wp:attachment":[{"href":"https:\/\/eggtraym.com\/pt\/wp-json\/wp\/v2\/media?parent=65"}],"wp:term":[{"taxonomy":"post_tag","embeddable":true,"href":"https:\/\/eggtraym.com\/pt\/wp-json\/wp\/v2\/tags?post=65"},{"taxonomy":"product-type","embeddable":true,"href":"https:\/\/eggtraym.com\/pt\/wp-json\/wp\/v2\/product-type?post=65"}],"curies":[{"name":"wp","href":"https:\/\/api.w.org\/{rel}","templated":true}]}}