{"id":355,"date":"2022-12-08T17:11:52","date_gmt":"2022-12-08T09:11:52","guid":{"rendered":"https:\/\/eggtraym.com\/?post_type=product&#038;p=355"},"modified":"2024-06-14T15:20:25","modified_gmt":"2024-06-14T07:20:25","slug":"paper-pulp-coffee-cup-holder-making-machine","status":"publish","type":"product","link":"https:\/\/eggtraym.com\/pt\/product\/paper-pulp-coffee-cup-holder-making-machine\/","title":{"rendered":"M\u00e1quina de fazer porta-copos de caf\u00e9 para celulose"},"content":{"rendered":"<div class=\"kk-star-ratings kksr-auto kksr-align-left kksr-valign-top\"     data-payload='{&quot;align&quot;:&quot;left&quot;,&quot;id&quot;:&quot;355&quot;,&quot;slug&quot;:&quot;default&quot;,&quot;valign&quot;:&quot;top&quot;,&quot;ignore&quot;:&quot;&quot;,&quot;reference&quot;:&quot;auto&quot;,&quot;class&quot;:&quot;&quot;,&quot;count&quot;:&quot;85&quot;,&quot;legendonly&quot;:&quot;&quot;,&quot;readonly&quot;:&quot;&quot;,&quot;score&quot;:&quot;4.8&quot;,&quot;starsonly&quot;:&quot;&quot;,&quot;best&quot;:&quot;5&quot;,&quot;gap&quot;:&quot;5&quot;,&quot;greet&quot;:&quot;Rate this product&quot;,&quot;legend&quot;:&quot;4.8\\\/5 - (85 votes)&quot;,&quot;size&quot;:&quot;24&quot;,&quot;title&quot;:&quot;Paper Pulp Coffee Cup Holder Making Machine&quot;,&quot;width&quot;:&quot;136.7&quot;,&quot;_legend&quot;:&quot;{score}\\\/{best} - ({count} {votes})&quot;,&quot;font_factor&quot;:&quot;1.25&quot;}'>              <div class=\"kksr-stars\">      <div class=\"kksr-stars-inactive\">             <div class=\"kksr-star\" data-star=\"1\" style=\"padding-right: 5px\">               <div class=\"kksr-icon\" style=\"width: 24px; height: 24px;\"><\/div>         <\/div>             <div class=\"kksr-star\" data-star=\"2\" style=\"padding-right: 5px\">               <div class=\"kksr-icon\" style=\"width: 24px; height: 24px;\"><\/div>         <\/div>             <div class=\"kksr-star\" data-star=\"3\" style=\"padding-right: 5px\">               <div class=\"kksr-icon\" style=\"width: 24px; height: 24px;\"><\/div>         <\/div>             <div class=\"kksr-star\" data-star=\"4\" style=\"padding-right: 5px\">               <div class=\"kksr-icon\" style=\"width: 24px; height: 24px;\"><\/div>         <\/div>             <div class=\"kksr-star\" data-star=\"5\" style=\"padding-right: 5px\">               <div class=\"kksr-icon\" style=\"width: 24px; height: 24px;\"><\/div>         <\/div>     <\/div>      <div class=\"kksr-stars-active\" style=\"width: 136.7px;\">             <div class=\"kksr-star\" style=\"padding-right: 5px\">               <div class=\"kksr-icon\" style=\"width: 24px; height: 24px;\"><\/div>         <\/div>             <div class=\"kksr-star\" style=\"padding-right: 5px\">               <div class=\"kksr-icon\" style=\"width: 24px; height: 24px;\"><\/div>         <\/div>             <div class=\"kksr-star\" style=\"padding-right: 5px\">               <div class=\"kksr-icon\" style=\"width: 24px; height: 24px;\"><\/div>         <\/div>             <div class=\"kksr-star\" style=\"padding-right: 5px\">               <div class=\"kksr-icon\" style=\"width: 24px; height: 24px;\"><\/div>         <\/div>             <div class=\"kksr-star\" style=\"padding-right: 5px\">               <div class=\"kksr-icon\" style=\"width: 24px; height: 24px;\"><\/div>         <\/div>     <\/div> <\/div>                   <div class=\"kksr-legend\" style=\"font-size: 19.2px;\">             4.8\/5 - (85 votos)    <\/div>     <\/div>  <p>A m\u00e1quina para fazer porta-copos de caf\u00e9 \u00e9 um dispositivo que pode fazer uma variedade de porta-copos. Geralmente, existem porta-copos de 2 e 4 caf\u00e9s. Porta-copos de caf\u00e9 s\u00e3o itens comuns em nosso dia a dia. Ajuda o caf\u00e9 a ficar em p\u00e9 sem inclinar. \u00c9 um bom produto para embalagem de copos.<\/p>    <figure class=\"wp-block-embed aligncenter is-type-video is-provider-youtube wp-block-embed-youtube wp-embed-aspect-16-9 wp-has-aspect-ratio\"><div class=\"wp-block-embed__wrapper\"> <iframe loading=\"lazy\" title=\"M\u00e1quina formadora de caixa de papel sem esfor\u00e7o: Precis\u00e3o perfeita da bandeja de papel!\" width=\"500\" height=\"281\" src=\"https:\/\/www.youtube.com\/embed\/qXrj-Foo3Xc?feature=oembed\" frameborder=\"0\" allow=\"accelerometer; autoplay; clipboard-write; encrypted-media; gyroscope; picture-in-picture; web-share\" referrerpolicy=\"strict-origin-when-cross-origin\" allowfullscreen><\/iframe> <\/div><figcaption class=\"wp-element-caption\">v\u00eddeo de funcionamento da m\u00e1quina de moldagem de caixa de papel<\/figcaption><\/figure>    <h2 class=\"wp-block-heading\">Introdu\u00e7\u00e3o da m\u00e1quina de fazer porta-copos de caf\u00e9 Shuliy<\/h2>    <p>A m\u00e1quina para fazer porta-copos de caf\u00e9 e a m\u00e1quina para bandeja para ovos produzidas pela Shuliy funcionam com o mesmo princ\u00edpio. Todos s\u00e3o feitos de embalagens de papel, moldando a polpa. Nossa m\u00e1quina para fazer bandejas para x\u00edcaras de caf\u00e9 \u00e9 potente o suficiente para fazer porta-copos em diferentes quantidades. <\/p>    <p>As quantidades mais comuns s\u00e3o 2 e 4. A m\u00e1quina para fazer porta-copos de caf\u00e9 utiliza res\u00edduos de papel para realizar a reciclagem de recursos. Portanto, utilizar a m\u00e1quina porta-copos de caf\u00e9 \u00e9 a escolha de cada vez mais pessoas.<\/p>    <figure class=\"wp-block-gallery has-nested-images columns-default is-cropped wp-block-gallery-2 is-layout-flex wp-block-gallery-is-layout-flex\"> <figure class=\"wp-block-image size-large\"><img loading=\"lazy\" decoding=\"async\" width=\"720\" height=\"540\" data-id=\"358\" src=\"https:\/\/eggtraym.com\/wp-content\/uploads\/2022\/12\/coffee-cup-holder-making-machine-1-.webp\" alt=\"m\u00e1quina de fazer porta-copos de caf\u00e9\" class=\"wp-image-358\" title=\"m\u00e1quina de fazer porta-copos de caf\u00e9\" srcset=\"https:\/\/eggtraym.com\/wp-content\/uploads\/2022\/12\/coffee-cup-holder-making-machine-1-.webp 720w, https:\/\/eggtraym.com\/wp-content\/uploads\/2022\/12\/coffee-cup-holder-making-machine-1--300x225.webp 300w\" sizes=\"auto, (max-width: 720px) 100vw, 720px\" \/><figcaption class=\"wp-element-caption\">M\u00e1quina de fazer porta-copos de caf\u00e9<\/figcaption><\/figure>    <figure class=\"wp-block-image size-large\"><img loading=\"lazy\" decoding=\"async\" width=\"720\" height=\"540\" data-id=\"359\" src=\"https:\/\/eggtraym.com\/wp-content\/uploads\/2022\/12\/coffee-cup-tray-making-machine-.webp\" alt=\"m\u00e1quina de fazer bandeja para x\u00edcaras de caf\u00e9\" class=\"wp-image-359\" title=\"m\u00e1quina de fazer bandeja para x\u00edcaras de caf\u00e9\" srcset=\"https:\/\/eggtraym.com\/wp-content\/uploads\/2022\/12\/coffee-cup-tray-making-machine-.webp 720w, https:\/\/eggtraym.com\/wp-content\/uploads\/2022\/12\/coffee-cup-tray-making-machine--300x225.webp 300w\" sizes=\"auto, (max-width: 720px) 100vw, 720px\" \/><figcaption class=\"wp-element-caption\">M\u00e1quina para fazer bandejas para x\u00edcaras de caf\u00e9<\/figcaption><\/figure> <\/figure>    <h2 class=\"wp-block-heading\">Moldes para m\u00e1quina de fazer bandejas para x\u00edcaras de caf\u00e9<\/h2>    <p>Nossa m\u00e1quina para fazer porta-copos de caf\u00e9 \u00e9 a mesma m\u00e1quina que faz outras bandejas de papel. Apenas a parte do molde \u00e9 diferente. Portanto, os clientes podem produzir bandejas para ovos, bandejas para frutas, bandejas para caixas de ovos, bandejas para x\u00edcaras de caf\u00e9, etc., alterando diferentes moldes.<\/p>    <p class=\"translation-block\"><strong>Material of egg tray mold:<\/strong> O nosso molde de bandeja de ovos para caf\u00e9 \u00e9 de alum\u00ednio, o que \u00e9 muito dur\u00e1vel e pode ser utilizado durante muitos anos.<\/p>    <figure class=\"wp-block-gallery has-nested-images columns-default is-cropped wp-block-gallery-3 is-layout-flex wp-block-gallery-is-layout-flex\"> <figure class=\"wp-block-image size-large\"><img loading=\"lazy\" decoding=\"async\" width=\"720\" height=\"540\" data-id=\"360\" src=\"https:\/\/eggtraym.com\/wp-content\/uploads\/2022\/12\/coffee-cup-pulp-tray-machine-.webp\" alt=\"m\u00e1quina de bandeja de polpa para x\u00edcara de caf\u00e9\" class=\"wp-image-360\" title=\"m\u00e1quina de bandeja de polpa para x\u00edcara de caf\u00e9\" srcset=\"https:\/\/eggtraym.com\/wp-content\/uploads\/2022\/12\/coffee-cup-pulp-tray-machine-.webp 720w, https:\/\/eggtraym.com\/wp-content\/uploads\/2022\/12\/coffee-cup-pulp-tray-machine--300x225.webp 300w\" sizes=\"auto, (max-width: 720px) 100vw, 720px\" \/><figcaption class=\"wp-element-caption\">M\u00e1quina de bandeja de polpa para x\u00edcara de caf\u00e9<\/figcaption><\/figure>    <figure class=\"wp-block-image size-large\"><img loading=\"lazy\" decoding=\"async\" width=\"720\" height=\"540\" data-id=\"361\" src=\"https:\/\/eggtraym.com\/wp-content\/uploads\/2022\/12\/models-of-cup-tray-molding-machine-.webp\" alt=\"modelos de m\u00e1quina de moldagem de bandeja de copo\" class=\"wp-image-361\" title=\"modelos de m\u00e1quina de moldagem de bandeja de copo\" srcset=\"https:\/\/eggtraym.com\/wp-content\/uploads\/2022\/12\/models-of-cup-tray-molding-machine-.webp 720w, https:\/\/eggtraym.com\/wp-content\/uploads\/2022\/12\/models-of-cup-tray-molding-machine--300x225.webp 300w\" sizes=\"auto, (max-width: 720px) 100vw, 720px\" \/><figcaption class=\"wp-element-caption\">Modelos de m\u00e1quina de moldagem de bandejas de copos<\/figcaption><\/figure> <\/figure>    <h2 class=\"wp-block-heading\">Quais s\u00e3o os m\u00e9todos de secagem das bandejas de caf\u00e9?<\/h2>    <ul class=\"wp-block-list\"> <li><strong>Secador de metal para secagem.<\/strong> Se voc\u00ea estiver usando uma m\u00e1quina para fazer porta-copos de caf\u00e9 de grande volume, recomendamos usar tamb\u00e9m um secador de metal grande. Com alta efici\u00eancia de trabalho, a m\u00e1quina pode manusear muitas bandejas de ovos, bandejas de caf\u00e9, etc. E a m\u00e1quina com o menor espa\u00e7o ocupado.<\/li>    <li><strong>Secagem de bandeja de caf\u00e9 em tijolo.<\/strong> O cliente precisa construir em sua f\u00e1brica uma olaria para secagem de produtos acabados. Pegada pequena, a fonte de calor pode ser GLP, GNL, diesel, g\u00e1s natural, etc.<\/li>    <li><strong>Seque ao ar naturalmente.<\/strong> Suponha que o cliente esteja usando uma m\u00e1quina de bandeja de polpa para x\u00edcaras de caf\u00e9 com uma produ\u00e7\u00e3o pequena. Tamb\u00e9m pode ser seco naturalmente na prateleira. Este m\u00e9todo de secagem ao ar ocupa uma \u00e1rea relativamente grande.<\/li> <\/ul>   <div class=\"wp-block-image\"> <figure class=\"aligncenter size-full\"><img loading=\"lazy\" decoding=\"async\" width=\"720\" height=\"540\" src=\"https:\/\/eggtraym.com\/wp-content\/uploads\/2022\/12\/three-types-of-dryer-.webp\" alt=\"tr\u00eas tipos de secador\" class=\"wp-image-362\" title=\"tr\u00eas tipos de secador\" srcset=\"https:\/\/eggtraym.com\/wp-content\/uploads\/2022\/12\/three-types-of-dryer-.webp 720w, https:\/\/eggtraym.com\/wp-content\/uploads\/2022\/12\/three-types-of-dryer--300x225.webp 300w\" sizes=\"auto, (max-width: 720px) 100vw, 720px\" \/><figcaption class=\"wp-element-caption\">tr\u00eas tipos de secador<\/figcaption><\/figure> <\/div>   <h2 class=\"wp-block-heading\">Benef\u00edcios de usar porta-caf\u00e9 de papel<\/h2>    <ul class=\"wp-block-list\"> <li>Pode reciclar recursos e proteger o meio ambiente. A mat\u00e9ria-prima do produto \u00e9 a polpa de papel, e a bandeja de caf\u00e9 usada pode ser reaproveitada.<\/li>    <li>Al\u00e9m de embalar caf\u00e9, tamb\u00e9m pode embalar outros produtos de x\u00edcara, como ch\u00e1 com leite, produtos de ch\u00e1, leite de soja, etc.<\/li>    <li>A bandeja de papel para caf\u00e9 \u00e9 leve e f\u00e1cil de transportar.<\/li> <\/ul>    <figure class=\"wp-block-gallery has-nested-images columns-default is-cropped wp-block-gallery-4 is-layout-flex wp-block-gallery-is-layout-flex\"> <figure class=\"wp-block-image size-large\"><img loading=\"lazy\" decoding=\"async\" width=\"720\" height=\"540\" data-id=\"363\" src=\"https:\/\/eggtraym.com\/wp-content\/uploads\/2022\/12\/raw-materials-of-the-egg-tray-making-machine-.webp\" alt=\"mat\u00e9rias-primas da m\u00e1quina de fazer bandejas para ovos\" class=\"wp-image-363\" title=\"mat\u00e9rias-primas da m\u00e1quina de fazer bandejas para ovos\" srcset=\"https:\/\/eggtraym.com\/wp-content\/uploads\/2022\/12\/raw-materials-of-the-egg-tray-making-machine-.webp 720w, https:\/\/eggtraym.com\/wp-content\/uploads\/2022\/12\/raw-materials-of-the-egg-tray-making-machine--300x225.webp 300w\" sizes=\"auto, (max-width: 720px) 100vw, 720px\" \/><figcaption class=\"wp-element-caption\">Mat\u00e9rias-primas da m\u00e1quina de fazer bandejas para ovos<\/figcaption><\/figure>    <figure class=\"wp-block-image size-large\"><img loading=\"lazy\" decoding=\"async\" width=\"720\" height=\"540\" data-id=\"364\" src=\"https:\/\/eggtraym.com\/wp-content\/uploads\/2022\/12\/various-cups-.webp\" alt=\"v\u00e1rios copos \" class=\"wp-image-364\" title=\"v\u00e1rios copos \" srcset=\"https:\/\/eggtraym.com\/wp-content\/uploads\/2022\/12\/various-cups-.webp 720w, https:\/\/eggtraym.com\/wp-content\/uploads\/2022\/12\/various-cups--300x225.webp 300w\" sizes=\"auto, (max-width: 720px) 100vw, 720px\" \/><figcaption class=\"wp-element-caption\">V\u00e1rias x\u00edcaras<\/figcaption><\/figure> <\/figure>    <h2 class=\"wp-block-heading\">Caracter\u00edsticas da m\u00e1quina de bandeja de polpa para x\u00edcara de caf\u00e9<\/h2>    <ul class=\"wp-block-list\"> <li>As mat\u00e9rias-primas e os produtos acabados da m\u00e1quina para fazer porta-copos de caf\u00e9 podem ser reciclados. E est\u00e1 em linha com a tend\u00eancia e o conceito atuais de prote\u00e7\u00e3o ambiental.<\/li>    <li>Nossa m\u00e1quina para fazer porta-copos de caf\u00e9 \u00e9 feita apenas de materiais mec\u00e2nicos de alta qualidade, com opera\u00e7\u00e3o est\u00e1vel, menos tempos de manuten\u00e7\u00e3o e uma longa vida \u00fatil.<\/li>    <li>Grande produ\u00e7\u00e3o <a href=\"https:\/\/en.wikipedia.org\/wiki\/Coffee\" target=\"_blank\" rel=\"noopener\">caf\u00e9<\/a> as linhas de produ\u00e7\u00e3o de copos podem ser usadas com secadores de metal. Desta forma, a efici\u00eancia da produ\u00e7\u00e3o ser\u00e1 maior.<\/li>    <li>Com fun\u00e7\u00f5es poderosas, uma m\u00e1quina pode fabricar v\u00e1rios produtos de bandeja de papel.<\/li> <\/ul>    <figure class=\"wp-block-gallery has-nested-images columns-default is-cropped wp-block-gallery-5 is-layout-flex wp-block-gallery-is-layout-flex\"> <figure class=\"wp-block-image size-large\"><img loading=\"lazy\" decoding=\"async\" width=\"720\" height=\"540\" data-id=\"365\" src=\"https:\/\/eggtraym.com\/wp-content\/uploads\/2022\/12\/coffee-cup-tray-machine-.webp\" alt=\"m\u00e1quina de bandeja para x\u00edcaras de caf\u00e9\" class=\"wp-image-365\" title=\"m\u00e1quina de bandeja para x\u00edcaras de caf\u00e9\" srcset=\"https:\/\/eggtraym.com\/wp-content\/uploads\/2022\/12\/coffee-cup-tray-machine-.webp 720w, https:\/\/eggtraym.com\/wp-content\/uploads\/2022\/12\/coffee-cup-tray-machine--300x225.webp 300w\" sizes=\"auto, (max-width: 720px) 100vw, 720px\" \/><figcaption class=\"wp-element-caption\">M\u00e1quina de bandeja para x\u00edcaras de caf\u00e9<\/figcaption><\/figure>    <figure class=\"wp-block-image size-large\"><img loading=\"lazy\" decoding=\"async\" width=\"720\" height=\"540\" data-id=\"369\" src=\"https:\/\/eggtraym.com\/wp-content\/uploads\/2022\/12\/our-factory-.webp\" alt=\"nossa f\u00e1brica \" class=\"wp-image-369\" title=\"nossa f\u00e1brica \" srcset=\"https:\/\/eggtraym.com\/wp-content\/uploads\/2022\/12\/our-factory-.webp 720w, https:\/\/eggtraym.com\/wp-content\/uploads\/2022\/12\/our-factory--300x225.webp 300w\" sizes=\"auto, (max-width: 720px) 100vw, 720px\" \/><figcaption class=\"wp-element-caption\">Nossa f\u00e1brica<\/figcaption><\/figure> <\/figure>    <h2 class=\"wp-block-heading\">Por que escolher a m\u00e1quina de fazer porta-copos da shuliy?<\/h2>    <ul class=\"wp-block-list\"> <li>Como fabricante profissional, produzimos <a href=\"https:\/\/eggtraym.com\/pt\/product\/automatic-egg-tray-machine\/\">m\u00e1quinas para fazer bandejas para ovos<\/a> por muitos anos e temos trabalhado duro na fabrica\u00e7\u00e3o de m\u00e1quinas de bandejas para caf\u00e9. Leve melhores m\u00e1quinas de bandejas de caf\u00e9 aos clientes.<\/li>    <li>Temos muitos equipamentos de suporte relacionados, por exemplo, despolpador, secador, prensa t\u00e9rmica, enfardadeira e assim por diante. Pode ajudar os clientes a personalizar o plano de produ\u00e7\u00e3o apropriado.<\/li>    <li>Rica experi\u00eancia de exporta\u00e7\u00e3o. Iniciamos um neg\u00f3cio de exporta\u00e7\u00e3o desde o estabelecimento da f\u00e1brica e podemos ajudar os clientes a resolver diversos problemas encontrados no processo de compra.<\/li>    <li>Servi\u00e7o p\u00f3s-venda de um ano. Os clientes podem comprar nossos equipamentos com confian\u00e7a.<\/li> <\/ul>    <figure class=\"wp-block-gallery has-nested-images columns-default is-cropped wp-block-gallery-6 is-layout-flex wp-block-gallery-is-layout-flex\"> <figure class=\"wp-block-image size-large\"><img loading=\"lazy\" decoding=\"async\" width=\"720\" height=\"540\" data-id=\"367\" src=\"https:\/\/eggtraym.com\/wp-content\/uploads\/2022\/12\/related-supporting-equipment-.webp\" alt=\"equipamento de suporte relacionado\" class=\"wp-image-367\" title=\"equipamento de suporte relacionado\" srcset=\"https:\/\/eggtraym.com\/wp-content\/uploads\/2022\/12\/related-supporting-equipment-.webp 720w, https:\/\/eggtraym.com\/wp-content\/uploads\/2022\/12\/related-supporting-equipment--300x225.webp 300w\" sizes=\"auto, (max-width: 720px) 100vw, 720px\" \/><figcaption class=\"wp-element-caption\">Equipamento de suporte relacionado<\/figcaption><\/figure>    <figure class=\"wp-block-image size-large\"><img loading=\"lazy\" decoding=\"async\" width=\"720\" height=\"540\" data-id=\"368\" src=\"https:\/\/eggtraym.com\/wp-content\/uploads\/2022\/12\/after-service-of-egg-tray-making-machine-.webp\" alt=\"ap\u00f3s o servi\u00e7o da m\u00e1quina de fazer bandeja para ovos\" class=\"wp-image-368\" title=\"ap\u00f3s o servi\u00e7o da m\u00e1quina de fazer bandeja para ovos\" srcset=\"https:\/\/eggtraym.com\/wp-content\/uploads\/2022\/12\/after-service-of-egg-tray-making-machine-.webp 720w, https:\/\/eggtraym.com\/wp-content\/uploads\/2022\/12\/after-service-of-egg-tray-making-machine--300x225.webp 300w\" sizes=\"auto, (max-width: 720px) 100vw, 720px\" \/><figcaption class=\"wp-element-caption\">Ap\u00f3s o servi\u00e7o da m\u00e1quina de fazer bandejas para ovos<\/figcaption><\/figure> <\/figure>    <p>Nossa f\u00e1brica pode produzir m\u00e1quinas moldadoras de bandejas de papel de diferentes capacidades e aceitar m\u00e1quinas personalizadas. Sinta-se \u00e0 vontade para entrar em contato conosco!<\/p>","protected":false},"excerpt":{"rendered":"<p>A m\u00e1quina para fazer porta-copos de caf\u00e9 \u00e9 um dispositivo de reciclagem de papel que pode fazer uma variedade de bandejas para copos. Geralmente, existem porta-copos de 2 e 4 caf\u00e9s. <\/p>","protected":false},"author":1,"featured_media":356,"parent":0,"template":"","tags":[41,48,42],"product-type":[3],"class_list":["post-355","product","type-product","status-publish","has-post-thumbnail","hentry","tag-egg-tray","tag-paper-carton","tag-paper-tray","product-type-egg-tray-making-machine"],"_links":{"self":[{"href":"https:\/\/eggtraym.com\/pt\/wp-json\/wp\/v2\/product\/355","targetHints":{"allow":["GET"]}}],"collection":[{"href":"https:\/\/eggtraym.com\/pt\/wp-json\/wp\/v2\/product"}],"about":[{"href":"https:\/\/eggtraym.com\/pt\/wp-json\/wp\/v2\/types\/product"}],"author":[{"embeddable":true,"href":"https:\/\/eggtraym.com\/pt\/wp-json\/wp\/v2\/users\/1"}],"wp:featuredmedia":[{"embeddable":true,"href":"https:\/\/eggtraym.com\/pt\/wp-json\/wp\/v2\/media\/356"}],"wp:attachment":[{"href":"https:\/\/eggtraym.com\/pt\/wp-json\/wp\/v2\/media?parent=355"}],"wp:term":[{"taxonomy":"post_tag","embeddable":true,"href":"https:\/\/eggtraym.com\/pt\/wp-json\/wp\/v2\/tags?post=355"},{"taxonomy":"product-type","embeddable":true,"href":"https:\/\/eggtraym.com\/pt\/wp-json\/wp\/v2\/product-type?post=355"}],"curies":[{"name":"wp","href":"https:\/\/api.w.org\/{rel}","templated":true}]}}