{"id":319,"date":"2022-11-22T16:19:46","date_gmt":"2022-11-22T08:19:46","guid":{"rendered":"https:\/\/eggtraym.com\/?post_type=product&#038;p=319"},"modified":"2024-06-20T15:25:40","modified_gmt":"2024-06-20T07:25:40","slug":"egg-box-machine","status":"publish","type":"product","link":"https:\/\/eggtraym.com\/pt\/product\/egg-box-machine\/","title":{"rendered":"Equipamento de moldagem de caixa de papel para m\u00e1quina de caixa de ovo"},"content":{"rendered":"<div class=\"kk-star-ratings kksr-auto kksr-align-left kksr-valign-top\"     data-payload='{&quot;align&quot;:&quot;left&quot;,&quot;id&quot;:&quot;319&quot;,&quot;slug&quot;:&quot;default&quot;,&quot;valign&quot;:&quot;top&quot;,&quot;ignore&quot;:&quot;&quot;,&quot;reference&quot;:&quot;auto&quot;,&quot;class&quot;:&quot;&quot;,&quot;count&quot;:&quot;96&quot;,&quot;legendonly&quot;:&quot;&quot;,&quot;readonly&quot;:&quot;&quot;,&quot;score&quot;:&quot;4.9&quot;,&quot;starsonly&quot;:&quot;&quot;,&quot;best&quot;:&quot;5&quot;,&quot;gap&quot;:&quot;5&quot;,&quot;greet&quot;:&quot;Rate this product&quot;,&quot;legend&quot;:&quot;4.9\\\/5 - (96 votes)&quot;,&quot;size&quot;:&quot;24&quot;,&quot;title&quot;:&quot;Egg Box Machine Paper Carton Molding Equipment&quot;,&quot;width&quot;:&quot;139.6&quot;,&quot;_legend&quot;:&quot;{score}\\\/{best} - ({count} {votes})&quot;,&quot;font_factor&quot;:&quot;1.25&quot;}'>              <div class=\"kksr-stars\">      <div class=\"kksr-stars-inactive\">             <div class=\"kksr-star\" data-star=\"1\" style=\"padding-right: 5px\">               <div class=\"kksr-icon\" style=\"width: 24px; height: 24px;\"><\/div>         <\/div>             <div class=\"kksr-star\" data-star=\"2\" style=\"padding-right: 5px\">               <div class=\"kksr-icon\" style=\"width: 24px; height: 24px;\"><\/div>         <\/div>             <div class=\"kksr-star\" data-star=\"3\" style=\"padding-right: 5px\">               <div class=\"kksr-icon\" style=\"width: 24px; height: 24px;\"><\/div>         <\/div>             <div class=\"kksr-star\" data-star=\"4\" style=\"padding-right: 5px\">               <div class=\"kksr-icon\" style=\"width: 24px; height: 24px;\"><\/div>         <\/div>             <div class=\"kksr-star\" data-star=\"5\" style=\"padding-right: 5px\">               <div class=\"kksr-icon\" style=\"width: 24px; height: 24px;\"><\/div>         <\/div>     <\/div>      <div class=\"kksr-stars-active\" style=\"width: 139.6px;\">             <div class=\"kksr-star\" style=\"padding-right: 5px\">               <div class=\"kksr-icon\" style=\"width: 24px; height: 24px;\"><\/div>         <\/div>             <div class=\"kksr-star\" style=\"padding-right: 5px\">               <div class=\"kksr-icon\" style=\"width: 24px; height: 24px;\"><\/div>         <\/div>             <div class=\"kksr-star\" style=\"padding-right: 5px\">               <div class=\"kksr-icon\" style=\"width: 24px; height: 24px;\"><\/div>         <\/div>             <div class=\"kksr-star\" style=\"padding-right: 5px\">               <div class=\"kksr-icon\" style=\"width: 24px; height: 24px;\"><\/div>         <\/div>             <div class=\"kksr-star\" style=\"padding-right: 5px\">               <div class=\"kksr-icon\" style=\"width: 24px; height: 24px;\"><\/div>         <\/div>     <\/div> <\/div>                   <div class=\"kksr-legend\" style=\"font-size: 19.2px;\">             4.9\/5 - (96 votos)    <\/div>     <\/div>  <p>A m\u00e1quina para caixa de ovos \u00e9 uma m\u00e1quina que processa res\u00edduos de polpa de papel em formatos como bandejas para ovos. Por meio de processos de forma\u00e7\u00e3o de moldes e secagem, realiza o reaproveitamento de res\u00edduos de papel e \u00e9 amplamente utilizado na ind\u00fastria de embalagens. Existem muitos modelos de m\u00e1quinas para fazer caixas de ovos que fabricamos, que podem atender \u00e0s diferentes necessidades de produ\u00e7\u00e3o dos clientes. Bem-vindo a entrar em contato conosco para personaliza\u00e7\u00e3o da m\u00e1quina.<\/p>    <figure class=\"wp-block-embed aligncenter is-type-video is-provider-youtube wp-block-embed-youtube wp-embed-aspect-16-9 wp-has-aspect-ratio\"><div class=\"wp-block-embed__wrapper\"> <iframe loading=\"lazy\" title=\"Produ\u00e7\u00e3o sem esfor\u00e7o de caixas de ovos: testemunhe a magia de nossa m\u00e1quina de bandejas de ovos!#eggtray #eggcarton\" width=\"500\" height=\"281\" src=\"https:\/\/www.youtube.com\/embed\/y_AmLniIsO4?feature=oembed\" frameborder=\"0\" allow=\"accelerometer; autoplay; clipboard-write; encrypted-media; gyroscope; picture-in-picture; web-share\" referrerpolicy=\"strict-origin-when-cross-origin\" allowfullscreen><\/iframe> <\/div><figcaption class=\"wp-element-caption\">v\u00eddeo de funcionamento da m\u00e1quina de caixa de ovo de papel<\/figcaption><\/figure>    <h2 class=\"wp-block-heading\">Breve introdu\u00e7\u00e3o da m\u00e1quina de caixa de ovos<\/h2>    <p>Nossa m\u00e1quina de caixa de ovos pode fazer caixas de ovos de diferentes especifica\u00e7\u00f5es. E diferem no n\u00famero de ovos que cont\u00eam. Por exemplo, existem embalagens de 4, embalagens de 6, embalagens de 8, embalagens de 12, embalagens de 24, etc. Tamb\u00e9m podemos personalizar caixas de ovos com formatos especiais de acordo com as necessidades espec\u00edficas dos clientes. <\/p>    <p>Como a produ\u00e7\u00e3o de m\u00e1quinas de grande porte tamb\u00e9m \u00e9 grande, recomendamos que os clientes formem uma linha de produ\u00e7\u00e3o de bandejas para ovos com outras m\u00e1quinas. Isso pode melhorar muito a efici\u00eancia. A m\u00e1quina para fazer caixas de ovos com uma pequena produ\u00e7\u00e3o pode ser usada como uma m\u00e1quina independente.<\/p>    <figure class=\"wp-block-gallery has-nested-images columns-default is-cropped wp-block-gallery-2 is-layout-flex wp-block-gallery-is-layout-flex\"> <figure class=\"wp-block-image size-large\"><img loading=\"lazy\" decoding=\"async\" width=\"720\" height=\"540\" data-id=\"328\" src=\"https:\/\/eggtraym.com\/wp-content\/uploads\/2022\/11\/egg-box-machine-2.webp\" alt=\"m\u00e1quina de caixa de ovo \" class=\"wp-image-328\" title=\"m\u00e1quina de caixa de ovo \" srcset=\"https:\/\/eggtraym.com\/wp-content\/uploads\/2022\/11\/egg-box-machine-2.webp 720w, https:\/\/eggtraym.com\/wp-content\/uploads\/2022\/11\/egg-box-machine-2-300x225.webp 300w\" sizes=\"auto, (max-width: 720px) 100vw, 720px\" \/><figcaption class=\"wp-element-caption\">M\u00e1quina de caixa de ovo <\/figcaption><\/figure>    <figure class=\"wp-block-image size-large\"><img loading=\"lazy\" decoding=\"async\" width=\"720\" height=\"540\" data-id=\"330\" src=\"https:\/\/eggtraym.com\/wp-content\/uploads\/2022\/11\/egg-carton-maker-1-1.webp\" alt=\"fabricante de caixas de ovos\" class=\"wp-image-330\" title=\"fabricante de caixas de ovos\" srcset=\"https:\/\/eggtraym.com\/wp-content\/uploads\/2022\/11\/egg-carton-maker-1-1.webp 720w, https:\/\/eggtraym.com\/wp-content\/uploads\/2022\/11\/egg-carton-maker-1-1-300x225.webp 300w\" sizes=\"auto, (max-width: 720px) 100vw, 720px\" \/><figcaption class=\"wp-element-caption\">Fabricante de caixas de ovos<\/figcaption><\/figure> <\/figure>    <h2 class=\"wp-block-heading\">Mat\u00e9rias-primas para fazer caixas de ovos<\/h2>    <p>A mat\u00e9ria-prima das caixas de ovos s\u00e3o diversos res\u00edduos de papel, como jornais, livros, revistas, papel de escrit\u00f3rio, papel kraft, papel A4, papel\u00e3o, etc.<\/p>   <div class=\"wp-block-image\"> <figure class=\"aligncenter size-full\"><img loading=\"lazy\" decoding=\"async\" width=\"720\" height=\"540\" src=\"https:\/\/eggtraym.com\/wp-content\/uploads\/2022\/11\/waste-paper-for-egg-box.webp\" alt=\"res\u00edduos de papel para caixa de ovo\" class=\"wp-image-634\" title=\"\" srcset=\"https:\/\/eggtraym.com\/wp-content\/uploads\/2022\/11\/waste-paper-for-egg-box.webp 720w, https:\/\/eggtraym.com\/wp-content\/uploads\/2022\/11\/waste-paper-for-egg-box-300x225.webp 300w, https:\/\/eggtraym.com\/wp-content\/uploads\/2022\/11\/waste-paper-for-egg-box-16x12.webp 16w\" sizes=\"auto, (max-width: 720px) 100vw, 720px\" \/><figcaption class=\"wp-element-caption\">res\u00edduos de papel para caixa de ovo<\/figcaption><\/figure> <\/div>  <div class=\"wp-block-image\"> <figure class=\"aligncenter size-full\"><img loading=\"lazy\" decoding=\"async\" width=\"720\" height=\"540\" src=\"https:\/\/eggtraym.com\/wp-content\/uploads\/2022\/11\/Raw-materials-.webp\" alt=\"Mat\u00e9rias-primas \" class=\"wp-image-331\" title=\"Mat\u00e9rias-primas \" srcset=\"https:\/\/eggtraym.com\/wp-content\/uploads\/2022\/11\/Raw-materials-.webp 720w, https:\/\/eggtraym.com\/wp-content\/uploads\/2022\/11\/Raw-materials--300x225.webp 300w\" sizes=\"auto, (max-width: 720px) 100vw, 720px\" \/><figcaption class=\"wp-element-caption\">Mat\u00e9rias-primas <\/figcaption><\/figure> <\/div>   <h2 class=\"wp-block-heading\">Uso de caixas de ovos<\/h2>    <p>Como o nome sugere, as caixas de ovos s\u00e3o usadas para guardar os ovos. O uso de caixas de ovos para embalar os ovos pode proteg\u00ea-los ao m\u00e1ximo e reduzir os incha\u00e7os. Ao mesmo tempo, os ovos embalados s\u00e3o mais prop\u00edcios \u00e0 contagem das pessoas. Al\u00e9m disso, tamb\u00e9m favorece o empilhamento de ovos, o que pode reduzir a \u00e1rea \u00fatil para armazenamento dos ovos.<\/p>   <div class=\"wp-block-image\"> <figure class=\"aligncenter size-full\"><img loading=\"lazy\" decoding=\"async\" width=\"720\" height=\"540\" src=\"https:\/\/eggtraym.com\/wp-content\/uploads\/2022\/11\/egg-carton-production.webp\" alt=\"produ\u00e7\u00e3o de caixas de ovos\" class=\"wp-image-652\" title=\"\" srcset=\"https:\/\/eggtraym.com\/wp-content\/uploads\/2022\/11\/egg-carton-production.webp 720w, https:\/\/eggtraym.com\/wp-content\/uploads\/2022\/11\/egg-carton-production-300x225.webp 300w, https:\/\/eggtraym.com\/wp-content\/uploads\/2022\/11\/egg-carton-production-16x12.webp 16w\" sizes=\"auto, (max-width: 720px) 100vw, 720px\" \/><figcaption class=\"wp-element-caption\">produ\u00e7\u00e3o de caixas de ovos<\/figcaption><\/figure> <\/div>   <h2 class=\"wp-block-heading\">Design de bandeja para ovos de papel<\/h2>    <p>Nossa m\u00e1quina de embalagem de ovos pode fabricar caixas de ovos que s\u00e3o frequentemente usadas no mercado. Ao mesmo tempo, tamb\u00e9m podemos fazer caixas de ovos com designs exclusivos. Os clientes precisam nos fornecer informa\u00e7\u00f5es detalhadas sobre as caixas de ovos de que precisam. E personalizaremos os moldes da caixa de ovos de acordo com as informa\u00e7\u00f5es.<\/p>   <div class=\"wp-block-image\"> <figure class=\"aligncenter size-full\"><img loading=\"lazy\" decoding=\"async\" width=\"720\" height=\"540\" src=\"https:\/\/eggtraym.com\/wp-content\/uploads\/2022\/11\/Egg-box-design-.webp\" alt=\"Projeto de caixa de ovo\" class=\"wp-image-332\" title=\"Projeto de caixa de ovo\" srcset=\"https:\/\/eggtraym.com\/wp-content\/uploads\/2022\/11\/Egg-box-design-.webp 720w, https:\/\/eggtraym.com\/wp-content\/uploads\/2022\/11\/Egg-box-design--300x225.webp 300w\" sizes=\"auto, (max-width: 720px) 100vw, 720px\" \/><figcaption class=\"wp-element-caption\">Projeto de caixa de ovo<\/figcaption><\/figure> <\/div>  <div class=\"wp-block-image\"> <figure class=\"aligncenter size-full\"><img loading=\"lazy\" decoding=\"async\" width=\"720\" height=\"540\" src=\"https:\/\/eggtraym.com\/wp-content\/uploads\/2022\/11\/paper-carton-production.webp\" alt=\"produ\u00e7\u00e3o de caixas de papel\" class=\"wp-image-650\" title=\"\" srcset=\"https:\/\/eggtraym.com\/wp-content\/uploads\/2022\/11\/paper-carton-production.webp 720w, https:\/\/eggtraym.com\/wp-content\/uploads\/2022\/11\/paper-carton-production-300x225.webp 300w, https:\/\/eggtraym.com\/wp-content\/uploads\/2022\/11\/paper-carton-production-16x12.webp 16w\" sizes=\"auto, (max-width: 720px) 100vw, 720px\" \/><figcaption class=\"wp-element-caption\">produ\u00e7\u00e3o de caixas de papel<\/figcaption><\/figure> <\/div>   <h2 class=\"wp-block-heading\">Composi\u00e7\u00e3o da linha de produ\u00e7\u00e3o de caixas de ovos<\/h2>    <p>Em geral, as m\u00e1quinas de caixa de ovos de alto rendimento ser\u00e3o equipadas com outras m\u00e1quinas para formar uma linha de produ\u00e7\u00e3o. As m\u00e1quinas equipadas incluem um despolpador, m\u00e1quina para caixa de ovos, secador, prensa t\u00e9rmica, m\u00e1quina de embalagem, etc. A linha de produ\u00e7\u00e3o da m\u00e1quina para caixa de ovos pode fazer caixas de ovos com efici\u00eancia. E o produto final fica mais compacto e bonito.<\/p>    <figure class=\"wp-block-gallery has-nested-images columns-2 is-cropped wp-block-gallery-3 is-layout-flex wp-block-gallery-is-layout-flex\"> <figure class=\"wp-block-image size-large\"><img loading=\"lazy\" decoding=\"async\" width=\"720\" height=\"540\" data-id=\"326\" src=\"https:\/\/eggtraym.com\/wp-content\/uploads\/2022\/11\/paper-shredder-.webp\" alt=\"m\u00e1quina de pasta de papel \" class=\"wp-image-326\" title=\"m\u00e1quina de pasta de papel \" srcset=\"https:\/\/eggtraym.com\/wp-content\/uploads\/2022\/11\/paper-shredder-.webp 720w, https:\/\/eggtraym.com\/wp-content\/uploads\/2022\/11\/paper-shredder--300x225.webp 300w\" sizes=\"auto, (max-width: 720px) 100vw, 720px\" \/><figcaption class=\"wp-element-caption\">M\u00e1quina de celulose <\/figcaption><\/figure>    <figure class=\"wp-block-image size-large\"><img loading=\"lazy\" decoding=\"async\" width=\"720\" height=\"540\" data-id=\"333\" src=\"https:\/\/eggtraym.com\/wp-content\/uploads\/2022\/11\/egg-tray-molding-machine-.webp\" alt=\"m\u00e1quina de moldagem de bandeja de ovos \" class=\"wp-image-333\" title=\"m\u00e1quina de moldagem de bandeja de ovos \" srcset=\"https:\/\/eggtraym.com\/wp-content\/uploads\/2022\/11\/egg-tray-molding-machine-.webp 720w, https:\/\/eggtraym.com\/wp-content\/uploads\/2022\/11\/egg-tray-molding-machine--300x225.webp 300w\" sizes=\"auto, (max-width: 720px) 100vw, 720px\" \/><figcaption class=\"wp-element-caption\">M\u00e1quina de moldagem de bandeja de ovos<\/figcaption><\/figure>    <figure class=\"wp-block-image size-large\"><img loading=\"lazy\" decoding=\"async\" width=\"720\" height=\"540\" data-id=\"335\" src=\"https:\/\/eggtraym.com\/wp-content\/uploads\/2022\/11\/metal-egg-tray-dryer-.webp\" alt=\"secador de caixa de ovo de metal\" class=\"wp-image-335\" title=\"secador de caixa de ovo de metal\" srcset=\"https:\/\/eggtraym.com\/wp-content\/uploads\/2022\/11\/metal-egg-tray-dryer-.webp 720w, https:\/\/eggtraym.com\/wp-content\/uploads\/2022\/11\/metal-egg-tray-dryer--300x225.webp 300w\" sizes=\"auto, (max-width: 720px) 100vw, 720px\" \/><figcaption class=\"wp-element-caption\">Secador de caixa de ovo de metal<\/figcaption><\/figure>    <figure class=\"wp-block-image size-large\"><img loading=\"lazy\" decoding=\"async\" width=\"720\" height=\"540\" data-id=\"336\" src=\"https:\/\/eggtraym.com\/wp-content\/uploads\/2022\/11\/hot-press-machine-.webp\" alt=\"m\u00e1quina de prensagem a quente\" class=\"wp-image-336\" title=\"m\u00e1quina de prensagem a quente\" srcset=\"https:\/\/eggtraym.com\/wp-content\/uploads\/2022\/11\/hot-press-machine-.webp 720w, https:\/\/eggtraym.com\/wp-content\/uploads\/2022\/11\/hot-press-machine--300x225.webp 300w\" sizes=\"auto, (max-width: 720px) 100vw, 720px\" \/><figcaption class=\"wp-element-caption\">M\u00e1quina de prensagem a quente<\/figcaption><\/figure> <\/figure>    <h2 class=\"wp-block-heading\">Que fatores voc\u00ea precisa considerar ao escolher uma m\u00e1quina moldadora para caixas de ovos?<\/h2>    <ol class=\"wp-block-list\"> <li>Quantas caixas voc\u00ea precisa todos os dias?<\/li>    <li>Quanta \u00e1rea de terreno voc\u00ea planeja usar para construir a f\u00e1brica?<\/li>    <li>Qual \u00e9 a tens\u00e3o local?<\/li>    <li>Temos tr\u00eas equipamentos de secagem diferentes, que tipo de secador voc\u00ea precisa?<\/li> <\/ol>    <p>Essas perguntas s\u00e3o apenas algumas de muitas perguntas e outros detalhes precisam ser confirmados com voc\u00ea. Se voc\u00ea estiver interessado em nossos produtos, entre em contato conosco imediatamente. N\u00f3s lhe forneceremos uma resposta profissional.<\/p>    <figure class=\"wp-block-gallery has-nested-images columns-default is-cropped wp-block-gallery-4 is-layout-flex wp-block-gallery-is-layout-flex\"> <figure class=\"wp-block-image size-large\"><img loading=\"lazy\" decoding=\"async\" width=\"720\" height=\"540\" data-id=\"637\" src=\"https:\/\/eggtraym.com\/wp-content\/uploads\/2022\/11\/6000pcs-paper-tray-forming-machine.webp\" alt=\"m\u00e1quina formadora de bandeja de papel 6000pcs\" class=\"wp-image-637\" title=\"\" srcset=\"https:\/\/eggtraym.com\/wp-content\/uploads\/2022\/11\/6000pcs-paper-tray-forming-machine.webp 720w, https:\/\/eggtraym.com\/wp-content\/uploads\/2022\/11\/6000pcs-paper-tray-forming-machine-300x225.webp 300w, https:\/\/eggtraym.com\/wp-content\/uploads\/2022\/11\/6000pcs-paper-tray-forming-machine-16x12.webp 16w\" sizes=\"auto, (max-width: 720px) 100vw, 720px\" \/><figcaption class=\"wp-element-caption\">bandeja de papel 6000Pcs que forma a m\u00e1quina<\/figcaption><\/figure>    <figure class=\"wp-block-image size-large\"><img loading=\"lazy\" decoding=\"async\" width=\"720\" height=\"540\" data-id=\"638\" src=\"https:\/\/eggtraym.com\/wp-content\/uploads\/2022\/11\/large-egg-box-making-machine.webp\" alt=\"m\u00e1quina de fazer caixa de ovo grande\" class=\"wp-image-638\" title=\"\" srcset=\"https:\/\/eggtraym.com\/wp-content\/uploads\/2022\/11\/large-egg-box-making-machine.webp 720w, https:\/\/eggtraym.com\/wp-content\/uploads\/2022\/11\/large-egg-box-making-machine-300x225.webp 300w, https:\/\/eggtraym.com\/wp-content\/uploads\/2022\/11\/large-egg-box-making-machine-16x12.webp 16w\" sizes=\"auto, (max-width: 720px) 100vw, 720px\" \/><figcaption class=\"wp-element-caption\">M\u00e1quina para fazer caixas de ovos grandes<\/figcaption><\/figure> <\/figure>    <h2 class=\"wp-block-heading\">M\u00e1quina de fazer caixas de ovos \u00e9 vendida para Camar\u00f5es<\/h2>    <p class=\"translation-block\">Os nossos clientes de <a href=\"https:\/\/en.wikipedia.org\/wiki\/Cameroon\" target=\"_blank\" rel=\"noopener\">Camar\u00f5es<\/a> tinham uma quinta anterior e queriam mudar para a produ\u00e7\u00e3o de caixas de ovos. Depois de recebermos a mensagem do cliente, fornecemos imediatamente ao cliente fotos e v\u00eddeos da m\u00e1quina de caixas de ovos. <\/p>    <p>Como \u00e9 a primeira vez que o cliente inicia o neg\u00f3cio de m\u00e1quinas de bandejas para ovos, recomendamos ao cliente um modelo pequeno de m\u00e1quina de bandejas para ovos. Em seguida, os par\u00e2metros da m\u00e1quina de caixa de ovos foram fornecidos ao cliente. O cliente decidiu comprar este pequeno modelo de m\u00e1quina de caixa de ovos SL-3 * 1 ap\u00f3s considera\u00e7\u00e3o.<\/p>   <div class=\"wp-block-image\"> <figure class=\"aligncenter size-full is-resized\"><img loading=\"lazy\" decoding=\"async\" width=\"720\" height=\"540\" src=\"https:\/\/eggtraym.com\/wp-content\/uploads\/2022\/11\/egg-tray-machine-for-shipping-.webp\" alt=\"m\u00e1quina de bandeja de ovos para envio\" class=\"wp-image-341\" style=\"width:720px;height:540px\" title=\"m\u00e1quina de bandeja de ovos para envio\" srcset=\"https:\/\/eggtraym.com\/wp-content\/uploads\/2022\/11\/egg-tray-machine-for-shipping-.webp 720w, https:\/\/eggtraym.com\/wp-content\/uploads\/2022\/11\/egg-tray-machine-for-shipping--300x225.webp 300w\" sizes=\"auto, (max-width: 720px) 100vw, 720px\" \/><figcaption class=\"wp-element-caption\">m\u00e1quina de bandeja de ovos para envio<\/figcaption><\/figure> <\/div>   <h2 class=\"wp-block-heading\">Custo comercial de uma linha de produ\u00e7\u00e3o de m\u00e1quina de bandeja para ovos<\/h2>    <p class=\"translation-block\">Devido \u00e0s diferentes configura\u00e7\u00f5es da linha de produ\u00e7\u00e3o, o custo da <strong><em><a href=\"https:\/\/eggtraym.com\/pt\/product\/egg-tray-manufacturing-plant\/\">linha de produ\u00e7\u00e3o da m\u00e1quina de bandejas de papel para ovos<\/a><\/em><\/strong> tamb\u00e9m \u00e9 diferente.<\/p>    <ol class=\"wp-block-list\"> <li>Em rela\u00e7\u00e3o aos equipamentos de secagem, temos linhas de secagem de tijolos e linhas de secagem de metal. Eles diferem nos custos de constru\u00e7\u00e3o e equipamento. E recomendaremos o equipamento de secagem certo para sua situa\u00e7\u00e3o espec\u00edfica.<\/li>    <li>Outros equipamentos. Al\u00e9m do equipamento de secagem, a linha de produ\u00e7\u00e3o de bandejas para ovos tamb\u00e9m possui outros equipamentos, como prensas t\u00e9rmicas para caixas de ovos e m\u00e1quinas de embalagem de caixas para ovos, incluindo empilhadeiras para caixas de ovos. Embora a compra desses dispositivos aumente o custo, ela pode melhorar bastante a efici\u00eancia.<\/li> <\/ol>    <h2 class=\"wp-block-heading\">M\u00e1quina de fazer bandejas para ovos de Shuliy<\/h2>    <ul class=\"wp-block-list\"> <li>Nossa caixa de c\u00e2mbio \u00e9 importada de Taiwan, o que economiza mais energia e funciona perfeitamente.<\/li>    <li>O sistema de secagem adota uma linha de secagem de camada \u00fanica que economiza energia e n\u00e3o agride o meio ambiente. Este tipo de linha de produ\u00e7\u00e3o de m\u00e1quina de embalagem de ovos economiza mais energia, a estrutura de a\u00e7o \u00e9 seca em camada \u00fanica e a instala\u00e7\u00e3o \u00e9 conveniente, pr\u00e1tica e bonita.<\/li>    <li>Durante todo o processo de utiliza\u00e7\u00e3o da m\u00e1quina, nenhuma descarga de \u00e1guas residuais pode ser reciclada.<\/li>    <li>A estrutura principal \u00e9 feita de canal de a\u00e7o 20# espessado e o eixo de transmiss\u00e3o \u00e9 feito de um eixo deslizante para garantir estabilidade.<\/li> <\/ul>    <figure class=\"wp-block-gallery has-nested-images columns-default is-cropped wp-block-gallery-5 is-layout-flex wp-block-gallery-is-layout-flex\"> <figure class=\"wp-block-image size-large\"><img loading=\"lazy\" decoding=\"async\" width=\"720\" height=\"540\" data-id=\"338\" src=\"https:\/\/eggtraym.com\/wp-content\/uploads\/2022\/11\/egg-tray-molding-machine-2.webp\" alt=\"m\u00e1quina de moldagem de bandeja de ovos\" class=\"wp-image-338\" title=\"m\u00e1quina de moldagem de bandeja de ovos\" srcset=\"https:\/\/eggtraym.com\/wp-content\/uploads\/2022\/11\/egg-tray-molding-machine-2.webp 720w, https:\/\/eggtraym.com\/wp-content\/uploads\/2022\/11\/egg-tray-molding-machine-2-300x225.webp 300w\" sizes=\"auto, (max-width: 720px) 100vw, 720px\" \/><figcaption class=\"wp-element-caption\">M\u00e1quina de moldagem de bandeja de ovos<\/figcaption><\/figure>    <figure class=\"wp-block-image size-large\"><img loading=\"lazy\" decoding=\"async\" width=\"720\" height=\"540\" data-id=\"339\" src=\"https:\/\/eggtraym.com\/wp-content\/uploads\/2022\/11\/egg-trays-.webp\" alt=\"bandejas de ovos\" class=\"wp-image-339\" title=\"bandejas de ovos\" srcset=\"https:\/\/eggtraym.com\/wp-content\/uploads\/2022\/11\/egg-trays-.webp 720w, https:\/\/eggtraym.com\/wp-content\/uploads\/2022\/11\/egg-trays--300x225.webp 300w\" sizes=\"auto, (max-width: 720px) 100vw, 720px\" \/><figcaption class=\"wp-element-caption\">Bandejas de ovos<\/figcaption><\/figure> <\/figure>","protected":false},"excerpt":{"rendered":"<p>A m\u00e1quina para caixa de ovos \u00e9 uma m\u00e1quina que processa res\u00edduos de polpa de papel em formatos como bandejas para ovos. \u00c9 uma m\u00e1quina amiga do ambiente e utilizada em muitos pa\u00edses.<\/p>","protected":false},"author":1,"featured_media":327,"parent":0,"template":"","tags":[47,41,42],"product-type":[3],"class_list":["post-319","product","type-product","status-publish","has-post-thumbnail","hentry","tag-egg-box","tag-egg-tray","tag-paper-tray","product-type-egg-tray-making-machine"],"_links":{"self":[{"href":"https:\/\/eggtraym.com\/pt\/wp-json\/wp\/v2\/product\/319","targetHints":{"allow":["GET"]}}],"collection":[{"href":"https:\/\/eggtraym.com\/pt\/wp-json\/wp\/v2\/product"}],"about":[{"href":"https:\/\/eggtraym.com\/pt\/wp-json\/wp\/v2\/types\/product"}],"author":[{"embeddable":true,"href":"https:\/\/eggtraym.com\/pt\/wp-json\/wp\/v2\/users\/1"}],"wp:featuredmedia":[{"embeddable":true,"href":"https:\/\/eggtraym.com\/pt\/wp-json\/wp\/v2\/media\/327"}],"wp:attachment":[{"href":"https:\/\/eggtraym.com\/pt\/wp-json\/wp\/v2\/media?parent=319"}],"wp:term":[{"taxonomy":"post_tag","embeddable":true,"href":"https:\/\/eggtraym.com\/pt\/wp-json\/wp\/v2\/tags?post=319"},{"taxonomy":"product-type","embeddable":true,"href":"https:\/\/eggtraym.com\/pt\/wp-json\/wp\/v2\/product-type?post=319"}],"curies":[{"name":"wp","href":"https:\/\/api.w.org\/{rel}","templated":true}]}}