{"id":232,"date":"2022-09-16T10:23:05","date_gmt":"2022-09-16T10:23:05","guid":{"rendered":"https:\/\/eggtraym.com\/?post_type=product&#038;p=232"},"modified":"2026-02-10T13:51:00","modified_gmt":"2026-02-10T05:51:00","slug":"egg-carton-production-line","status":"publish","type":"product","link":"https:\/\/eggtraym.com\/pt\/product\/egg-carton-production-line\/","title":{"rendered":"Linha de produ\u00e7\u00e3o de bandejas de papel para caixas de ovos"},"content":{"rendered":"<div class=\"kk-star-ratings kksr-auto kksr-align-left kksr-valign-top\"     data-payload='{&quot;align&quot;:&quot;left&quot;,&quot;id&quot;:&quot;232&quot;,&quot;slug&quot;:&quot;default&quot;,&quot;valign&quot;:&quot;top&quot;,&quot;ignore&quot;:&quot;&quot;,&quot;reference&quot;:&quot;auto&quot;,&quot;class&quot;:&quot;&quot;,&quot;count&quot;:&quot;88&quot;,&quot;legendonly&quot;:&quot;&quot;,&quot;readonly&quot;:&quot;&quot;,&quot;score&quot;:&quot;4.8&quot;,&quot;starsonly&quot;:&quot;&quot;,&quot;best&quot;:&quot;5&quot;,&quot;gap&quot;:&quot;5&quot;,&quot;greet&quot;:&quot;Rate this product&quot;,&quot;legend&quot;:&quot;4.8\\\/5 - (88 votes)&quot;,&quot;size&quot;:&quot;24&quot;,&quot;title&quot;:&quot;Egg Carton Production Line Paper Tray Making Machines&quot;,&quot;width&quot;:&quot;136.7&quot;,&quot;_legend&quot;:&quot;{score}\\\/{best} - ({count} {votes})&quot;,&quot;font_factor&quot;:&quot;1.25&quot;}'>              <div class=\"kksr-stars\">      <div class=\"kksr-stars-inactive\">             <div class=\"kksr-star\" data-star=\"1\" style=\"padding-right: 5px\">               <div class=\"kksr-icon\" style=\"width: 24px; height: 24px;\"><\/div>         <\/div>             <div class=\"kksr-star\" data-star=\"2\" style=\"padding-right: 5px\">               <div class=\"kksr-icon\" style=\"width: 24px; height: 24px;\"><\/div>         <\/div>             <div class=\"kksr-star\" data-star=\"3\" style=\"padding-right: 5px\">               <div class=\"kksr-icon\" style=\"width: 24px; height: 24px;\"><\/div>         <\/div>             <div class=\"kksr-star\" data-star=\"4\" style=\"padding-right: 5px\">               <div class=\"kksr-icon\" style=\"width: 24px; height: 24px;\"><\/div>         <\/div>             <div class=\"kksr-star\" data-star=\"5\" style=\"padding-right: 5px\">               <div class=\"kksr-icon\" style=\"width: 24px; height: 24px;\"><\/div>         <\/div>     <\/div>      <div class=\"kksr-stars-active\" style=\"width: 136.7px;\">             <div class=\"kksr-star\" style=\"padding-right: 5px\">               <div class=\"kksr-icon\" style=\"width: 24px; height: 24px;\"><\/div>         <\/div>             <div class=\"kksr-star\" style=\"padding-right: 5px\">               <div class=\"kksr-icon\" style=\"width: 24px; height: 24px;\"><\/div>         <\/div>             <div class=\"kksr-star\" style=\"padding-right: 5px\">               <div class=\"kksr-icon\" style=\"width: 24px; height: 24px;\"><\/div>         <\/div>             <div class=\"kksr-star\" style=\"padding-right: 5px\">               <div class=\"kksr-icon\" style=\"width: 24px; height: 24px;\"><\/div>         <\/div>             <div class=\"kksr-star\" style=\"padding-right: 5px\">               <div class=\"kksr-icon\" style=\"width: 24px; height: 24px;\"><\/div>         <\/div>     <\/div> <\/div>                   <div class=\"kksr-legend\" style=\"font-size: 19.2px;\">             4.8\/5 - (88 votos)    <\/div>     <\/div>  <p>A linha de produ\u00e7\u00e3o de cartuchos de ovos \u00e9 um conjunto completo de equipamentos que integra a fabrica\u00e7\u00e3o de polpa, moldagem, secagem e embalagem, projetada para a produ\u00e7\u00e3o eficiente de bandejas de ovos moldadas em polpa.<\/p>    <p>Os utilizadores s\u00f3 precisam de adquirir este conjunto completo de equipamentos, sem necessidade de comprar instala\u00e7\u00f5es auxiliares adicionais, podendo assim iniciar diretamente o neg\u00f3cio de produ\u00e7\u00e3o de bandejas para ovos.<\/p>    <p>Esta configura\u00e7\u00e3o centralizada n\u00e3o s\u00f3 economiza significativamente o tempo de sele\u00e7\u00e3o e os custos de compra, mas tamb\u00e9m simplifica o processo operacional e melhora a efici\u00eancia da produ\u00e7\u00e3o.<\/p>    <p>Com uma capacidade de 1.000-8.000 pe\u00e7as\/h dispon\u00edvel para aloca\u00e7\u00e3o, \u00e9 uma escolha ideal para f\u00e1bricas em in\u00edcio de atividade, pequenas unidades de processamento ou projetos de expans\u00e3o de produ\u00e7\u00e3o.<\/p>    <figure class=\"wp-block-embed aligncenter is-type-video is-provider-youtube wp-block-embed-youtube wp-embed-aspect-16-9 wp-has-aspect-ratio\"><div class=\"wp-block-embed__wrapper\"> <iframe loading=\"lazy\" title=\"Linha de produ\u00e7\u00e3o totalmente autom\u00e1tica de bandeja de ovo para moldagem de polpa Feedback do local de trabalho do cliente na Z\u00e2mbia\" width=\"500\" height=\"281\" src=\"https:\/\/www.youtube.com\/embed\/jZivhVJ6DFA?feature=oembed\" frameborder=\"0\" allow=\"accelerometer; autoplay; clipboard-write; encrypted-media; gyroscope; picture-in-picture; web-share\" referrerpolicy=\"strict-origin-when-cross-origin\" allowfullscreen><\/iframe> <\/div><figcaption class=\"wp-element-caption\">linha de produ\u00e7\u00e3o de caixa de ovo todo o processo<\/figcaption><\/figure>    <h2 class=\"wp-block-heading\">Produtos acabados da linha de produ\u00e7\u00e3o de cart\u00f5es de ovos<\/h2>    <p>A linha de produ\u00e7\u00e3o de cartuchos de ovos n\u00e3o pode apenas ser usada para produzir bandejas de ovos tradicionais, mas tamb\u00e9m para fabricar produtos de moldagem em polpa para v\u00e1rios fins, dependendo das mudan\u00e7as nos moldes e nas demandas. \u00c9 amplamente utilizada em muitos campos, como agricultura, embalagem de alimentos e prote\u00e7\u00e3o log\u00edstica:<\/p>    <ul class=\"wp-block-list\"> <li>Caixas de ovos padr\u00e3o de 30 pe\u00e7as e 6\/10\/12 pe\u00e7as do tipo varejo (com ou sem tampa).<\/li>    <li>Caixas de frutas sortidas, como ma\u00e7\u00e3s, laranjas-mandarinas, etc. Embalagem \u00e0 prova de choque.<\/li>    <li>Suportes de copos de caf\u00e9 de polpa de 2 ou 4 copos, alternativa ecol\u00f3gica ao pl\u00e1stico.<\/li>    <li>Suportes para sapatos ou bandejas para transporte e prote\u00e7\u00e3o de estilo.<\/li>    <li>Bandeja de amortecimento para produtos eletr\u00f4nicos, como fones de ouvido, baterias e outras embalagens \u00e0 prova de choque.<\/li>    <li>Bandejas farmac\u00eauticas, embalagem segura para produtos fr\u00e1geis, como frascos de medicamentos, ampolas, etc.<\/li>    <li>Suporte para moldes personalizados para produzir bandejas personalizadas, como bandejas para l\u00e2mpadas, bandejas para garrafas de vinho, bandejas para cosm\u00e9ticos e assim por diante.<\/li> <\/ul>    <figure class=\"wp-block-gallery has-nested-images columns-default is-cropped wp-block-gallery-2 is-layout-flex wp-block-gallery-is-layout-flex\"> <figure class=\"wp-block-image size-large\"><img loading=\"lazy\" decoding=\"async\" width=\"720\" height=\"540\" data-id=\"234\" src=\"https:\/\/eggtraym.com\/wp-content\/uploads\/2022\/09\/egg-tray-1.webp\" alt=\"bandeja de ovos \" class=\"wp-image-234\" title=\"bandeja de ovos \" srcset=\"https:\/\/eggtraym.com\/wp-content\/uploads\/2022\/09\/egg-tray-1.webp 720w, https:\/\/eggtraym.com\/wp-content\/uploads\/2022\/09\/egg-tray-1-300x225.webp 300w\" sizes=\"auto, (max-width: 720px) 100vw, 720px\" \/><figcaption class=\"wp-element-caption\">Bandeja de ovos <\/figcaption><\/figure>    <figure class=\"wp-block-image size-large\"><img loading=\"lazy\" decoding=\"async\" width=\"720\" height=\"540\" data-id=\"235\" src=\"https:\/\/eggtraym.com\/wp-content\/uploads\/2022\/09\/fruit-tray-.webp\" alt=\"bandeja de frutas \" class=\"wp-image-235\" title=\"bandeja de frutas \" srcset=\"https:\/\/eggtraym.com\/wp-content\/uploads\/2022\/09\/fruit-tray-.webp 720w, https:\/\/eggtraym.com\/wp-content\/uploads\/2022\/09\/fruit-tray--300x225.webp 300w\" sizes=\"auto, (max-width: 720px) 100vw, 720px\" \/><figcaption class=\"wp-element-caption\">Bandeja de frutas <\/figcaption><\/figure> <\/figure>    <h2 class=\"wp-block-heading\">O que \u00e9 polpa de alta qualidade?<\/h2>    <p>Fazer polpa de alta qualidade requer primeiro uma m\u00e1quina de fabrica\u00e7\u00e3o de polpa de alta qualidade. Uma m\u00e1quina de polpa de alta qualidade funciona de forma suave e poderosa para processar efetivamente o material de papel reciclado. A polpa tratada \u00e9 fina e uniforme. Al\u00e9m disso, precisamos tratar o material bruto de forma limpa e remover impurezas.<\/p>    <figure class=\"wp-block-embed aligncenter is-type-video is-provider-youtube wp-block-embed-youtube wp-embed-aspect-16-9 wp-has-aspect-ratio\"><div class=\"wp-block-embed__wrapper\"> <iframe loading=\"lazy\" title=\"Todo o processo da linha de fabrica\u00e7\u00e3o de caixas de ovos de papel \u00e9 revelado!\" width=\"500\" height=\"281\" src=\"https:\/\/www.youtube.com\/embed\/CLfcexmvNSY?feature=oembed\" frameborder=\"0\" allow=\"accelerometer; autoplay; clipboard-write; encrypted-media; gyroscope; picture-in-picture; web-share\" referrerpolicy=\"strict-origin-when-cross-origin\" allowfullscreen><\/iframe> <\/div><figcaption class=\"wp-element-caption\">V\u00eddeo de trabalho da linha de produ\u00e7\u00e3o de cart\u00f4es de ovos de moldagem de polpa de papel.<\/figcaption><\/figure>    <h2 class=\"wp-block-heading\">Como \u00e9 formada a bandeja de ovos?<\/h2>    <p class=\"translation-block\"><strong>Moldagem de tabuleiros de ovos: <\/strong>a polpa polida \u00e9 transportada para a m\u00e1quina de tabuleiros de ovos, onde os moldes na m\u00e1quina moldam a polpa. Ap\u00f3s isso, o tabuleiro de ovos moldado \u00e9 criado. O tabuleiro de ovos est\u00e1 ent\u00e3o pronto para o pr\u00f3ximo processo de secagem.<\/p>    <p class=\"translation-block\"><strong>Tabuleiro de ovos colorido:<\/strong> fazer um tabuleiro de ovos colorido \u00e9 relativamente simples. Pode colocar os pigmentos apropriados na piscina de polpa e mistur\u00e1-los bem.<\/p>    <figure class=\"wp-block-gallery has-nested-images columns-default is-cropped wp-block-gallery-3 is-layout-flex wp-block-gallery-is-layout-flex\"> <figure class=\"wp-block-image size-large\"><img loading=\"lazy\" decoding=\"async\" width=\"720\" height=\"540\" data-id=\"236\" src=\"https:\/\/eggtraym.com\/wp-content\/uploads\/2022\/09\/colorful-egg-tray-.webp\" alt=\"bandeja de ovos colorida\" class=\"wp-image-236\" title=\"bandeja de ovos colorida\" srcset=\"https:\/\/eggtraym.com\/wp-content\/uploads\/2022\/09\/colorful-egg-tray-.webp 720w, https:\/\/eggtraym.com\/wp-content\/uploads\/2022\/09\/colorful-egg-tray--300x225.webp 300w\" sizes=\"auto, (max-width: 720px) 100vw, 720px\" \/><figcaption class=\"wp-element-caption\">Bandeja de ovos colorida <\/figcaption><\/figure>    <figure class=\"wp-block-image size-large\"><img loading=\"lazy\" decoding=\"async\" width=\"720\" height=\"540\" data-id=\"237\" src=\"https:\/\/eggtraym.com\/wp-content\/uploads\/2022\/09\/egg-tray-making-machine-1-4.webp\" alt=\"m\u00e1quina para fazer bandejas para ovos produ\u00e7\u00e3o finalizada\" class=\"wp-image-237\" title=\"m\u00e1quina de fazer bandeja para ovos\" srcset=\"https:\/\/eggtraym.com\/wp-content\/uploads\/2022\/09\/egg-tray-making-machine-1-4.webp 720w, https:\/\/eggtraym.com\/wp-content\/uploads\/2022\/09\/egg-tray-making-machine-1-4-300x225.webp 300w\" sizes=\"auto, (max-width: 720px) 100vw, 720px\" \/><figcaption class=\"wp-element-caption\">M\u00e1quina para fazer bandejas de ovos com produ\u00e7\u00e3o finalizada<\/figcaption><\/figure> <\/figure>    <h2 class=\"wp-block-heading\">Como a m\u00e1quina de bandejas de ovos produz muitas formas de bandejas de ovos?<\/h2>    <p class=\"translation-block\"><strong>Tabuleiro de ovos: <\/strong>a <a href=\"https:\/\/eggtraym.com\/pt\/products\/egg-tray-making-machine\/\">m\u00e1quina para fabricar tabuleiros de ovos de polpa de papel<\/a> fabrica tabuleiros de ovos principalmente atrav\u00e9s de moldagem. Portanto, se desejar obter diferentes formas de tabuleiros de ovos, basta alterar os moldes. <\/p>    <p class=\"translation-block\"><strong>Outros tabuleiros:<\/strong> al\u00e9m de tabuleiros de ovos, temos outras formas de moldes para apoiar a produ\u00e7\u00e3o de diferentes formatos de tabuleiros. Por exemplo, tabuleiros para vinho, tabuleiros para ma\u00e7\u00e3s, tabuleiros para peras, tabuleiros para laranjas e outros tipos de tabuleiros de embalagem.<\/p>    <figure class=\"wp-block-gallery has-nested-images columns-default is-cropped wp-block-gallery-4 is-layout-flex wp-block-gallery-is-layout-flex\"> <figure class=\"wp-block-image size-large\"><img loading=\"lazy\" decoding=\"async\" width=\"720\" height=\"540\" data-id=\"238\" src=\"https:\/\/eggtraym.com\/wp-content\/uploads\/2022\/09\/egg-carton-production-line-2.webp\" alt=\"m\u00e1quina formadora de caixa de ovo\" class=\"wp-image-238\" title=\"linha de produ\u00e7\u00e3o de caixas de ovos\" srcset=\"https:\/\/eggtraym.com\/wp-content\/uploads\/2022\/09\/egg-carton-production-line-2.webp 720w, https:\/\/eggtraym.com\/wp-content\/uploads\/2022\/09\/egg-carton-production-line-2-300x225.webp 300w\" sizes=\"auto, (max-width: 720px) 100vw, 720px\" \/><figcaption class=\"wp-element-caption\">M\u00e1quina formadora de caixa de ovos<\/figcaption><\/figure>    <figure class=\"wp-block-image size-large\"><img loading=\"lazy\" decoding=\"async\" width=\"720\" height=\"540\" data-id=\"239\" src=\"https:\/\/eggtraym.com\/wp-content\/uploads\/2022\/09\/mold-of-the-egg-tray-.webp\" alt=\"molde da bandeja de ovos \" class=\"wp-image-239\" title=\"molde da bandeja de ovos \" srcset=\"https:\/\/eggtraym.com\/wp-content\/uploads\/2022\/09\/mold-of-the-egg-tray-.webp 720w, https:\/\/eggtraym.com\/wp-content\/uploads\/2022\/09\/mold-of-the-egg-tray--300x225.webp 300w\" sizes=\"auto, (max-width: 720px) 100vw, 720px\" \/><figcaption class=\"wp-element-caption\">Molde da bandeja de ovos <\/figcaption><\/figure> <\/figure>    <h2 class=\"wp-block-heading\">Tipos de equipamentos para secagem de bandejas de ovos<\/h2>    <p>De um modo geral, existem tr\u00eas tipos de equipamentos para secar bandejas de ovos aplicados na linha de produ\u00e7\u00e3o de cart\u00f5es de ovos.<\/p>    <ul class=\"wp-block-list\"> <li><strong>Secagem natural:<\/strong> adequado para pequenas linhas de produ\u00e7\u00e3o de cartuchos de ovos semi-autom\u00e1ticos, utilizando vento natural e luz solar para secagem, com baixo custo de investimento, mas requerendo mais m\u00e3o de obra e espa\u00e7o, geralmente utilizado com prateleiras de secagem.<\/li>    <li><strong>Linha de secagem de tijolos:<\/strong> adequado para linha de produ\u00e7\u00e3o de caixas de ovos de m\u00e9dia capacidade, um canal de secagem em t\u00fanel \u00e9 formado por uma estrutura de tijolos. A circula\u00e7\u00e3o de ar quente faz com que a bandeja de ovos termine a secagem em pouco tempo, a efici\u00eancia \u00e9 superior \u00e0 secagem natural, e a rela\u00e7\u00e3o custo-benef\u00edcio \u00e9 alta.<\/li>    <li><a href=\"https:\/\/eggtraym.com\/pt\/product\/egg-tray-dryer\/\">Equipamento de secagem cont\u00ednua autom\u00e1tica de metal<\/a>: projetado para uma linha de produ\u00e7\u00e3o de grande sa\u00edda, adotando uma estrutura met\u00e1lica em m\u00faltiplas camadas, pode secar um grande n\u00famero de bandejas de ovos ao mesmo tempo. A distribui\u00e7\u00e3o de ar quente \u00e9 uniforme, a velocidade de secagem \u00e9 r\u00e1pida, o efeito \u00e9 est\u00e1vel, o grau de automa\u00e7\u00e3o \u00e9 elevado e economiza m\u00e3o de obra.<\/li> <\/ul>    <h2 class=\"wp-block-heading\">Como escolher a linha de produ\u00e7\u00e3o de bandejas de ovos de papel certa?<\/h2>    <p>Ao comprar uma linha de produ\u00e7\u00e3o de cart\u00f5es de ovos, por favor, considere suas pr\u00f3prias necessidades reais, a partir dos seguintes aspectos para uma considera\u00e7\u00e3o abrangente:<\/p>    <ol class=\"wp-block-list\"> <li>Determine a demanda de produ\u00e7\u00e3o: quantas bandejas de ovos voc\u00ea deseja produzir por dia ou por hora? (Chave)<\/li>    <li>Se voc\u00ea precisa de equipamentos de secagem: se deve combinar com a linha de secagem met\u00e1lica para melhorar a efici\u00eancia de secagem?<\/li>    <li>Defina os requisitos do produto acabado: h\u00e1 alguma necessidade especial quanto \u00e0 forma, tamanho, cor, etc. do produto acabado?<\/li>    <li>Faixa or\u00e7ament\u00e1ria: qual \u00e9 o or\u00e7amento do equipamento que voc\u00ea planeja investir? (Chave)<\/li>    <li>Foco: h\u00e1 algum requisito especial, como economia de energia, ocupa\u00e7\u00e3o de terreno, automa\u00e7\u00e3o ou manuten\u00e7\u00e3o?<\/li> <\/ol>    <figure class=\"wp-block-gallery has-nested-images columns-default is-cropped wp-block-gallery-5 is-layout-flex wp-block-gallery-is-layout-flex\"> <figure class=\"wp-block-image size-large\"><img loading=\"lazy\" decoding=\"async\" width=\"720\" height=\"540\" data-id=\"242\" src=\"https:\/\/eggtraym.com\/wp-content\/uploads\/2022\/09\/paper-egg-tray-production-line-1-1.webp\" alt=\"m\u00e1quinas de linha de produ\u00e7\u00e3o de bandejas para ovos de papel\" class=\"wp-image-242\" title=\"linha de produ\u00e7\u00e3o de bandeja para ovos de papel\" srcset=\"https:\/\/eggtraym.com\/wp-content\/uploads\/2022\/09\/paper-egg-tray-production-line-1-1.webp 720w, https:\/\/eggtraym.com\/wp-content\/uploads\/2022\/09\/paper-egg-tray-production-line-1-1-300x225.webp 300w\" sizes=\"auto, (max-width: 720px) 100vw, 720px\" \/><figcaption class=\"wp-element-caption\">M\u00e1quinas de linha de produ\u00e7\u00e3o de bandejas para ovos de papel<\/figcaption><\/figure>    <figure class=\"wp-block-image size-large\"><img loading=\"lazy\" decoding=\"async\" width=\"720\" height=\"540\" data-id=\"243\" src=\"https:\/\/eggtraym.com\/wp-content\/uploads\/2022\/09\/egg-carton-production-line-3-.webp\" alt=\"molde para m\u00e1quina de caixa de ovo\" class=\"wp-image-243\" title=\"linha de produ\u00e7\u00e3o de caixas de ovos\" srcset=\"https:\/\/eggtraym.com\/wp-content\/uploads\/2022\/09\/egg-carton-production-line-3-.webp 720w, https:\/\/eggtraym.com\/wp-content\/uploads\/2022\/09\/egg-carton-production-line-3--300x225.webp 300w\" sizes=\"auto, (max-width: 720px) 100vw, 720px\" \/><figcaption class=\"wp-element-caption\">Molde para m\u00e1quina de caixa de ovos<\/figcaption><\/figure> <\/figure>    <h2 class=\"wp-block-heading\">Par\u00e2metros t\u00e9cnicos da linha de produ\u00e7\u00e3o de bandejas de ovos<\/h2>    <figure class=\"wp-block-table is-style-stripes\"><table><tbody><tr><td>Modelo<\/td><td>Capacidade<\/td><td>Consumo de papel<\/td><td>Consumo de \u00e1gua<\/td><td>Energia utilizada<\/td><td>Trabalhador<\/td><\/tr><tr><td>SL-3*1<\/td><td>1000-1500 unidades\/h<\/td><td>120kg\/hora<\/td><td>300kg\/hora<\/td><td>32 kw\/h<\/td><td>3-4<\/td><\/tr><tr><td>SL-4*1<\/td><td>1500-2000 PCS\/h<\/td><td>160kg\/hora<\/td><td>380kg\/hora<\/td><td>45 kw\/h<\/td><td>3-4<\/td><\/tr><tr><td>SL-3*4<\/td><td>2.000-2.500 unidades\/h<\/td><td>200kg\/hora<\/td><td>450kg\/hora<\/td><td>58 kw\/h<\/td><td>4-5<\/td><\/tr><tr><td>SL-4*4<\/td><td>3000-3500 unidades\/h<\/td><td>280kg\/hora<\/td><td>560kg\/hora<\/td><td>78 kw\/h<\/td><td>4-5<\/td><\/tr><tr><td>SL-4*8<\/td><td>4000 unidades\/h<\/td><td>320kg\/hora<\/td><td>600kg\/hora<\/td><td>80 kw\/h<\/td><td>5-6<\/td><\/tr><tr><td>SL-5*8<\/td><td>5000 unidades\/h<\/td><td>400kg\/hora<\/td><td>750kg\/hora<\/td><td>85 kw\/h<\/td><td>3-4<\/td><\/tr><tr><td>SL-6*8<\/td><td>6000 unidades\/h<\/td><td>480kg\/hora<\/td><td>900kg\/hora<\/td><td>90 kw\/h<\/td><td>3-4<\/td><\/tr><tr><td>SL-8*8<\/td><td>8000 unidades\/h<\/td><td>640kg\/hora<\/td><td>1.040 kg\/hora<\/td><td>100 kw\/h<\/td><td>3-4<\/td><\/tr><\/tbody><\/table><figcaption class=\"wp-element-caption\">par\u00e2metro da linha de produ\u00e7\u00e3o de cart\u00f4es de ovos<\/figcaption><\/figure>   <div class=\"wp-block-image\"> <figure class=\"aligncenter size-full\"><img loading=\"lazy\" decoding=\"async\" width=\"720\" height=\"540\" src=\"https:\/\/eggtraym.com\/wp-content\/uploads\/2022\/09\/egg-trays-1-1.webp\" alt=\"bandejas de ovos \" class=\"wp-image-241\" title=\"bandejas de ovos \" srcset=\"https:\/\/eggtraym.com\/wp-content\/uploads\/2022\/09\/egg-trays-1-1.webp 720w, https:\/\/eggtraym.com\/wp-content\/uploads\/2022\/09\/egg-trays-1-1-300x225.webp 300w\" sizes=\"auto, (max-width: 720px) 100vw, 720px\" \/><figcaption class=\"wp-element-caption\">bandejas de ovos <\/figcaption><\/figure> <\/div>   <p class=\"translation-block\">Nossa f\u00e1brica tem muitos anos de experi\u00eancia na produ\u00e7\u00e3o e exporta\u00e7\u00e3o de m\u00e1quinas de tabuleiros de ovos e enviou-as para Peru, <a href=\"https:\/\/en.wikipedia.org\/wiki\/Bolivia\" target=\"_blank\" rel=\"noopener\">Bol\u00edvia<\/a>, Ar\u00e1bia Saudita, Emirados \u00c1rabes Unidos, Qu\u00eania, Indon\u00e9sia, Camar\u00f5es, Zimb\u00e1bue, Uganda e muitos outros pa\u00edses. <\/p>    <p>Podemos personalizar a m\u00e1quina de forma\u00e7\u00e3o de bandejas de papel de acordo com o tamanho do seu neg\u00f3cio e as necessidades do produto acabado. Sinta-se \u00e0 vontade para nos contactar para mais informa\u00e7\u00f5es e faremos a recomenda\u00e7\u00e3o certa para voc\u00ea.<\/p>","protected":false},"excerpt":{"rendered":"<p>A linha de produ\u00e7\u00e3o de caixas de ovos \u00e9 adequada para a produ\u00e7\u00e3o em massa de todos os tipos de produtos moldados em polpa, como bandejas para ovos, bandejas para frutas, bandejas para caf\u00e9, etc. Tem as vantagens de investimento flex\u00edvel e ampla aplica\u00e7\u00e3o.<\/p>","protected":false},"author":1,"featured_media":233,"parent":0,"template":"","tags":[43,41,42],"product-type":[8],"class_list":["post-232","product","type-product","status-publish","has-post-thumbnail","hentry","tag-egg-carton","tag-egg-tray","tag-paper-tray","product-type-production-line"],"_links":{"self":[{"href":"https:\/\/eggtraym.com\/pt\/wp-json\/wp\/v2\/product\/232","targetHints":{"allow":["GET"]}}],"collection":[{"href":"https:\/\/eggtraym.com\/pt\/wp-json\/wp\/v2\/product"}],"about":[{"href":"https:\/\/eggtraym.com\/pt\/wp-json\/wp\/v2\/types\/product"}],"author":[{"embeddable":true,"href":"https:\/\/eggtraym.com\/pt\/wp-json\/wp\/v2\/users\/1"}],"wp:featuredmedia":[{"embeddable":true,"href":"https:\/\/eggtraym.com\/pt\/wp-json\/wp\/v2\/media\/233"}],"wp:attachment":[{"href":"https:\/\/eggtraym.com\/pt\/wp-json\/wp\/v2\/media?parent=232"}],"wp:term":[{"taxonomy":"post_tag","embeddable":true,"href":"https:\/\/eggtraym.com\/pt\/wp-json\/wp\/v2\/tags?post=232"},{"taxonomy":"product-type","embeddable":true,"href":"https:\/\/eggtraym.com\/pt\/wp-json\/wp\/v2\/product-type?post=232"}],"curies":[{"name":"wp","href":"https:\/\/api.w.org\/{rel}","templated":true}]}}