{"id":1090,"date":"2026-04-29T17:56:23","date_gmt":"2026-04-29T09:56:23","guid":{"rendered":"https:\/\/eggtraym.com\/?post_type=product&#038;p=1090"},"modified":"2026-04-29T17:56:25","modified_gmt":"2026-04-29T09:56:25","slug":"wine-tray-making-machine","status":"publish","type":"product","link":"https:\/\/eggtraym.com\/pt\/product\/wine-tray-making-machine\/","title":{"rendered":"M\u00e1quina de fabrica\u00e7\u00e3o de bandejas de vinho | Linha de produ\u00e7\u00e3o de embalagem de vinho de 1000\u20137000 p\u00e7s\/h"},"content":{"rendered":"<div class=\"kk-star-ratings kksr-auto kksr-align-left kksr-valign-top\"     data-payload='{&quot;align&quot;:&quot;left&quot;,&quot;id&quot;:&quot;1090&quot;,&quot;slug&quot;:&quot;default&quot;,&quot;valign&quot;:&quot;top&quot;,&quot;ignore&quot;:&quot;&quot;,&quot;reference&quot;:&quot;auto&quot;,&quot;class&quot;:&quot;&quot;,&quot;count&quot;:&quot;78&quot;,&quot;legendonly&quot;:&quot;&quot;,&quot;readonly&quot;:&quot;&quot;,&quot;score&quot;:&quot;4.8&quot;,&quot;starsonly&quot;:&quot;&quot;,&quot;best&quot;:&quot;5&quot;,&quot;gap&quot;:&quot;5&quot;,&quot;greet&quot;:&quot;Rate this product&quot;,&quot;legend&quot;:&quot;4.8\\\/5 - (78 votes)&quot;,&quot;size&quot;:&quot;24&quot;,&quot;title&quot;:&quot;Wine Tray Making Machine | 1000\u20137000 Pcs\\\/h Wine Packaging Production Line&quot;,&quot;width&quot;:&quot;136.7&quot;,&quot;_legend&quot;:&quot;{score}\\\/{best} - ({count} {votes})&quot;,&quot;font_factor&quot;:&quot;1.25&quot;}'>              <div class=\"kksr-stars\">      <div class=\"kksr-stars-inactive\">             <div class=\"kksr-star\" data-star=\"1\" style=\"padding-right: 5px\">               <div class=\"kksr-icon\" style=\"width: 24px; height: 24px;\"><\/div>         <\/div>             <div class=\"kksr-star\" data-star=\"2\" style=\"padding-right: 5px\">               <div class=\"kksr-icon\" style=\"width: 24px; height: 24px;\"><\/div>         <\/div>             <div class=\"kksr-star\" data-star=\"3\" style=\"padding-right: 5px\">               <div class=\"kksr-icon\" style=\"width: 24px; height: 24px;\"><\/div>         <\/div>             <div class=\"kksr-star\" data-star=\"4\" style=\"padding-right: 5px\">               <div class=\"kksr-icon\" style=\"width: 24px; height: 24px;\"><\/div>         <\/div>             <div class=\"kksr-star\" data-star=\"5\" style=\"padding-right: 5px\">               <div class=\"kksr-icon\" style=\"width: 24px; height: 24px;\"><\/div>         <\/div>     <\/div>      <div class=\"kksr-stars-active\" style=\"width: 136.7px;\">             <div class=\"kksr-star\" style=\"padding-right: 5px\">               <div class=\"kksr-icon\" style=\"width: 24px; height: 24px;\"><\/div>         <\/div>             <div class=\"kksr-star\" style=\"padding-right: 5px\">               <div class=\"kksr-icon\" style=\"width: 24px; height: 24px;\"><\/div>         <\/div>             <div class=\"kksr-star\" style=\"padding-right: 5px\">               <div class=\"kksr-icon\" style=\"width: 24px; height: 24px;\"><\/div>         <\/div>             <div class=\"kksr-star\" style=\"padding-right: 5px\">               <div class=\"kksr-icon\" style=\"width: 24px; height: 24px;\"><\/div>         <\/div>             <div class=\"kksr-star\" style=\"padding-right: 5px\">               <div class=\"kksr-icon\" style=\"width: 24px; height: 24px;\"><\/div>         <\/div>     <\/div> <\/div>                   <div class=\"kksr-legend\" style=\"font-size: 19.2px;\">             4.8\/5 - (78 votos)    <\/div>     <\/div>  <p class=\"translation-block\">Na tend\u00eancia global de ado\u00e7\u00e3o r\u00e1pida de embalagens ecol\u00f3gicas, a <strong>m\u00e1quina de fabrica\u00e7\u00e3o de bandejas de vinho de polpa<\/strong> tem emergido gradualmente como uma pe\u00e7a vital de equipamento de produ\u00e7\u00e3o na ind\u00fastria de embalagem de vinho. Esta m\u00e1quina utiliza papel reciclado \u2014 como caixas de papel\u00e3o descartadas e jornais \u2014 como mat\u00e9ria-prima. <\/p>    <p>Atrav\u00e9s de processos incluindo pulping, moldagem, secagem e embalagem, produz bandejas de vinho ecol\u00f3gicas de polpa moldada para garrafas de vidro usadas em vinho, champanhe e destilados. A capacidade de produ\u00e7\u00e3o varia de 1.000 a 7.000 pe\u00e7as por hora, com uma faixa de pot\u00eancia de aproximadamente 38\u2013120 kW. <\/p>    <p>Pode acomodar necessidades de produ\u00e7\u00e3o de v\u00e1rias escalas, tornando-se adequado para tudo, desde pequenas e m\u00e9dias vin\u00edcolas at\u00e9 grandes f\u00e1bricas industriais de embalagem. Em compara\u00e7\u00e3o com embalagens tradicionais de espuma e pl\u00e1stico, as bandejas de vinho de polpa oferecem vantagens como biodegradabilidade, seguran\u00e7a ambiental e excelente desempenho de amortecimento.<\/p>    <figure class=\"wp-block-gallery has-nested-images columns-default is-cropped wp-block-gallery-2 is-layout-flex wp-block-gallery-is-layout-flex\"> <figure class=\"wp-block-image size-large\"><img loading=\"lazy\" decoding=\"async\" width=\"720\" height=\"540\" data-id=\"1092\" src=\"https:\/\/eggtraym.com\/wp-content\/uploads\/2026\/04\/wine-packaging-tray-making-machine.webp\" alt=\"M\u00e1quina de fabrica\u00e7\u00e3o de bandejas de embalagem de vinho\" class=\"wp-image-1092\" title=\"\" srcset=\"https:\/\/eggtraym.com\/wp-content\/uploads\/2026\/04\/wine-packaging-tray-making-machine.webp 720w, https:\/\/eggtraym.com\/wp-content\/uploads\/2026\/04\/wine-packaging-tray-making-machine-300x225.webp 300w, https:\/\/eggtraym.com\/wp-content\/uploads\/2026\/04\/wine-packaging-tray-making-machine-16x12.webp 16w\" sizes=\"auto, (max-width: 720px) 100vw, 720px\" \/><figcaption class=\"wp-element-caption\">M\u00e1quina de fabrica\u00e7\u00e3o de bandejas de embalagem de vinho<\/figcaption><\/figure>    <figure class=\"wp-block-image size-large\"><img loading=\"lazy\" decoding=\"async\" width=\"720\" height=\"540\" data-id=\"1091\" src=\"https:\/\/eggtraym.com\/wp-content\/uploads\/2026\/04\/wine-bottle-protection-tray-machine.webp\" alt=\"m\u00e1quina de prote\u00e7\u00e3o de garrafas de vinho\" class=\"wp-image-1091\" title=\"\" srcset=\"https:\/\/eggtraym.com\/wp-content\/uploads\/2026\/04\/wine-bottle-protection-tray-machine.webp 720w, https:\/\/eggtraym.com\/wp-content\/uploads\/2026\/04\/wine-bottle-protection-tray-machine-300x225.webp 300w, https:\/\/eggtraym.com\/wp-content\/uploads\/2026\/04\/wine-bottle-protection-tray-machine-16x12.webp 16w\" sizes=\"auto, (max-width: 720px) 100vw, 720px\" \/><figcaption class=\"wp-element-caption\">M\u00e1quina de bandeja de prote\u00e7\u00e3o para garrafas de vinho<\/figcaption><\/figure> <\/figure>    <p>Al\u00e9m disso, a m\u00e1quina de fabrica\u00e7\u00e3o de bandejas de vinho suporta a produ\u00e7\u00e3o de moldes personalizados para v\u00e1rias configura\u00e7\u00f5es de garrafas (como conjuntos de 1, 2, 6 e 12 garrafas) e diferentes tamanhos de garrafas (750ml, 1L, 1,5L, etc.), permitindo uma adapta\u00e7\u00e3o flex\u00edvel \u00e0s diversas necessidades de embalagem. Como resultado, sua aplica\u00e7\u00e3o no mercado global de embalagens verdes est\u00e1 a crescer cada vez mais.<\/p>    <h2 class=\"wp-block-heading\">Tipos de dispensadores de vinho e aplica\u00e7\u00f5es industriais<\/h2>    <p>Dispensadores de vinho v\u00eam em v\u00e1rios designs para atender \u00e0s diferentes necessidades de embalagem e ind\u00fastria:<\/p>    <ul class=\"wp-block-list\"> <li>Dispensadores de vinho de uma garrafa\/duas garrafas: usados para vinho de alta qualidade e embalagem de caixas de presente.<\/li>    <li>Dispensadores de vinho de 6 garrafas\/12 garrafas: adequados para envio por com\u00e9rcio eletr\u00f3nico, venda por grosso e transporte de exporta\u00e7\u00e3o.<\/li>    <li>Dispensadores de vinho do tipo exibi\u00e7\u00e3o: usados para exibi\u00e7\u00f5es em supermercados e promo\u00e7\u00e3o de marcas.<\/li> <\/ul>    <p class=\"translation-block\"><strong>Ampliamente utilizada nas seguintes ind\u00fastrias:<\/strong><\/p>    <ul class=\"wp-block-list\"> <li>Fabricantes de vinho e destilados<\/li>    <li>Empresas de exporta\u00e7\u00e3o e com\u00e9rcio de vinho<\/li>    <li>Ind\u00fastrias de log\u00edstica e armazenamento de com\u00e9rcio eletr\u00f3nico<\/li>    <li>Empresas de embalagem de presentes e design<\/li>    <li>Fabricantes de embalagens ecol\u00f3gicas<\/li> <\/ul>    <p>Combinando recursos de prote\u00e7\u00e3o e ecol\u00f3gicos, esses produtos s\u00e3o adequados para uma ampla gama de necessidades de embalagem.<\/p>    <figure class=\"wp-block-gallery has-nested-images columns-default is-cropped wp-block-gallery-3 is-layout-flex wp-block-gallery-is-layout-flex\"> <figure class=\"wp-block-image size-large\"><img loading=\"lazy\" decoding=\"async\" width=\"720\" height=\"540\" data-id=\"1093\" src=\"https:\/\/eggtraym.com\/wp-content\/uploads\/2026\/04\/paper-pulp-wine-tray.webp\" alt=\"paper pulp wine tray\" class=\"wp-image-1093\" title=\"\" srcset=\"https:\/\/eggtraym.com\/wp-content\/uploads\/2026\/04\/paper-pulp-wine-tray.webp 720w, https:\/\/eggtraym.com\/wp-content\/uploads\/2026\/04\/paper-pulp-wine-tray-300x225.webp 300w, https:\/\/eggtraym.com\/wp-content\/uploads\/2026\/04\/paper-pulp-wine-tray-16x12.webp 16w\" sizes=\"auto, (max-width: 720px) 100vw, 720px\" \/><figcaption class=\"wp-element-caption\">Bandeja de vinho de polpa de papel<\/figcaption><\/figure>    <figure class=\"wp-block-image size-large\"><img loading=\"lazy\" decoding=\"async\" width=\"720\" height=\"540\" data-id=\"1094\" src=\"https:\/\/eggtraym.com\/wp-content\/uploads\/2026\/04\/wine-bottle-packaging-tray.webp\" alt=\"wine bottle packaging tray\" class=\"wp-image-1094\" title=\"\" srcset=\"https:\/\/eggtraym.com\/wp-content\/uploads\/2026\/04\/wine-bottle-packaging-tray.webp 720w, https:\/\/eggtraym.com\/wp-content\/uploads\/2026\/04\/wine-bottle-packaging-tray-300x225.webp 300w, https:\/\/eggtraym.com\/wp-content\/uploads\/2026\/04\/wine-bottle-packaging-tray-16x12.webp 16w\" sizes=\"auto, (max-width: 720px) 100vw, 720px\" \/><figcaption class=\"wp-element-caption\">Bandeja de embalagem de garrafas de vinho<\/figcaption><\/figure>    <figure class=\"wp-block-image size-large\"><img loading=\"lazy\" decoding=\"async\" width=\"720\" height=\"540\" data-id=\"1095\" src=\"https:\/\/eggtraym.com\/wp-content\/uploads\/2026\/04\/wine-bottle-protection-tray.webp\" alt=\"wine bottle protection tray\" class=\"wp-image-1095\" title=\"\" srcset=\"https:\/\/eggtraym.com\/wp-content\/uploads\/2026\/04\/wine-bottle-protection-tray.webp 720w, https:\/\/eggtraym.com\/wp-content\/uploads\/2026\/04\/wine-bottle-protection-tray-300x225.webp 300w, https:\/\/eggtraym.com\/wp-content\/uploads\/2026\/04\/wine-bottle-protection-tray-16x12.webp 16w\" sizes=\"auto, (max-width: 720px) 100vw, 720px\" \/><figcaption class=\"wp-element-caption\">Bandeja de prote\u00e7\u00e3o para garrafas de vinho<\/figcaption><\/figure> <\/figure>    <h2 class=\"wp-block-heading\">Estrutura da m\u00e1quina e princ\u00edpios de funcionamento<\/h2>    <p>A linha de processamento da m\u00e1quina de fabrica\u00e7\u00e3o de bandejas de vinho consiste em quatro sistemas principais que trabalham juntos para garantir uma produ\u00e7\u00e3o eficiente e est\u00e1vel:<\/p>    <ul class=\"wp-block-list\"> <li>Sistema de prepara\u00e7\u00e3o de polpa: papel de desperd\u00edcio \u00e9 misturado com \u00e1gua e triturado para formar uma polpa uniforme.<\/li>    <li>Sistema de forma\u00e7\u00e3o: um processo de suc\u00e7\u00e3o a v\u00e1cuo molda a polpa na estrutura de um porta-vasos de vinho.<\/li>    <li>Sistema de secagem: ar quente de alta temperatura ou secagem em v\u00e1rias camadas define rapidamente a forma.<\/li>    <li>Sistema de embalagem: empilhamento, contagem e agrupamento autom\u00e1ticos melhoram a efici\u00eancia do envio.<\/li> <\/ul>    <p>O equipamento utiliza um processo comprovado de moldagem por polpa, com um fluxo de trabalho claro e eficiente:<\/p>    <p>Prepara\u00e7\u00e3o de polpa \u2192 moldagem \u2192 secagem \u2192 empilhamento e embalagem<\/p>    <p>Sob suc\u00e7\u00e3o a v\u00e1cuo, a polpa adere \u00e0 superf\u00edcie do molde para formar uma estrutura especificamente projetada para garrafas de vinho. Ap\u00f3s secar e definir, o produto possui excelente resist\u00eancia e resist\u00eancia \u00e0 compress\u00e3o, protegendo efetivamente as garrafas de vidro durante o transporte.<\/p>    <figure class=\"wp-block-gallery has-nested-images columns-default is-cropped wp-block-gallery-4 is-layout-flex wp-block-gallery-is-layout-flex\"> <figure class=\"wp-block-image size-large\"><img loading=\"lazy\" decoding=\"async\" width=\"720\" height=\"540\" data-id=\"1096\" src=\"https:\/\/eggtraym.com\/wp-content\/uploads\/2026\/04\/eco-friendly-wine-bottle-tray-machine.webp\" alt=\"m\u00e1quina ecol\u00f3gica de bandeja de garrafas de vinho\" class=\"wp-image-1096\" title=\"\" srcset=\"https:\/\/eggtraym.com\/wp-content\/uploads\/2026\/04\/eco-friendly-wine-bottle-tray-machine.webp 720w, https:\/\/eggtraym.com\/wp-content\/uploads\/2026\/04\/eco-friendly-wine-bottle-tray-machine-300x225.webp 300w, https:\/\/eggtraym.com\/wp-content\/uploads\/2026\/04\/eco-friendly-wine-bottle-tray-machine-16x12.webp 16w\" sizes=\"auto, (max-width: 720px) 100vw, 720px\" \/><figcaption class=\"wp-element-caption\">M\u00e1quina de bandeja de garrafa de vinho ecol\u00f3gica<\/figcaption><\/figure>    <figure class=\"wp-block-image size-large\"><img loading=\"lazy\" decoding=\"async\" width=\"720\" height=\"540\" data-id=\"1097\" src=\"https:\/\/eggtraym.com\/wp-content\/uploads\/2026\/04\/wine-tray-making-machine-mold.webp\" alt=\"molde de m\u00e1quina de fabrica\u00e7\u00e3o de bandejas de vinho\" class=\"wp-image-1097\" title=\"\" srcset=\"https:\/\/eggtraym.com\/wp-content\/uploads\/2026\/04\/wine-tray-making-machine-mold.webp 720w, https:\/\/eggtraym.com\/wp-content\/uploads\/2026\/04\/wine-tray-making-machine-mold-300x225.webp 300w, https:\/\/eggtraym.com\/wp-content\/uploads\/2026\/04\/wine-tray-making-machine-mold-16x12.webp 16w\" sizes=\"auto, (max-width: 720px) 100vw, 720px\" \/><figcaption class=\"wp-element-caption\">Molde de m\u00e1quina de fabrica\u00e7\u00e3o de bandejas de vinho<\/figcaption><\/figure> <\/figure>    <h2 class=\"wp-block-heading\">Especifica\u00e7\u00f5es da m\u00e1quina de fabrica\u00e7\u00e3o de bandejas de vinho<\/h2>    <figure class=\"wp-block-table is-style-stripes\"><table class=\"has-fixed-layout\"><tbody><tr><td><strong>Modelo<\/strong><\/td><td><strong>Capacidade<\/strong><\/td><td><strong>Poder<\/strong><\/td><td><strong>Tens\u00e3o<\/strong><\/td><td><strong>Peso<\/strong><\/td><td><strong>Uso de polpa<\/strong><\/td><td><strong>Uso de \u00e1gua<\/strong><\/td><td><strong>Tamanho (mm)<\/strong><\/td><\/tr><tr><td>SL-1000-3X1<\/td><td>1000 unidades\/h<\/td><td>38 kW<\/td><td>380 V, 50 Hz<\/td><td>2500kg<\/td><td>80kg\/hora<\/td><td>160kg\/hora<\/td><td>2600*2200*1900<\/td><\/tr><tr><td>SL-1500-4X1<\/td><td>1500 p\u00e7s\/h<\/td><td>38 kW<\/td><td>380 V, 50 Hz<\/td><td>3000kg<\/td><td>120kg\/hora<\/td><td>240kg\/h<\/td><td>2800*2200*1900<\/td><\/tr><tr><td>SL-2500-3X4<\/td><td>2500 unidades\/h<\/td><td>55 kW<\/td><td>380 V, 50 Hz<\/td><td>4000kg<\/td><td>200kg\/hora<\/td><td>400kg\/hora<\/td><td>2900*1800*1800<\/td><\/tr><tr><td>SL-3000-4X4<\/td><td>3000 p\u00e7s\/h<\/td><td>60kw<\/td><td>380 V, 50 Hz<\/td><td>4800kg<\/td><td>240kg\/h<\/td><td>480kg\/hora<\/td><td>3250*1800*1800<\/td><\/tr><tr><td>SL-4000-4X8<\/td><td>4000 unidades\/h<\/td><td>95kw<\/td><td>380 V, 50 Hz<\/td><td>7000kg<\/td><td>320kg\/hora<\/td><td>640kg\/hora<\/td><td>3250*2300*2500<\/td><\/tr><tr><td>SL-5000-5X8<\/td><td>5000 unidades\/h<\/td><td>95kw<\/td><td>380 V, 50 Hz<\/td><td>8000kg<\/td><td>400kg\/hora<\/td><td>800kg\/h<\/td><td>3700*2300*2500<\/td><\/tr><tr><td>SL-7000-6X8<\/td><td>7000 unidades\/h<\/td><td>120 kW<\/td><td>380 V, 50 Hz<\/td><td>10.000 kg<\/td><td>480kg\/hora<\/td><td>960 kg\/hora<\/td><td>3200*2300*2500<\/td><\/tr><\/tbody><\/table><figcaption class=\"wp-element-caption\">Par\u00e2metros t\u00e9cnicos da m\u00e1quina autom\u00e1tica de fabrica\u00e7\u00e3o de bandejas de vinho<\/figcaption><\/figure>    <h2 class=\"wp-block-heading\">Vantagens da m\u00e1quina de moldagem de bandejas de vinho<\/h2>    <ul class=\"wp-block-list\"> <li>Produ\u00e7\u00e3o totalmente automatizada e de alta efici\u00eancia: todo o processo, desde a produ\u00e7\u00e3o de polpa at\u00e9 a embalagem, \u00e9 totalmente automatizado, reduzindo significativamente os custos de m\u00e3o-de-obra e melhorando a efici\u00eancia de produ\u00e7\u00e3o.<\/li>    <li>Materiais ecol\u00f3gicos e sustent\u00e1veis: feitos de papel de desperd\u00edcio reciclado, sem emiss\u00f5es de polui\u00e7\u00e3o, em conformidade com as pol\u00edticas globais de embalagem verde e ambientais.<\/li>    <li>Sistema de moldes altamente personaliz\u00e1vel: os moldes podem ser adaptados para diferentes tamanhos e formas de garrafas, garantindo um ajuste preciso e suporte est\u00e1vel.<\/li>    <li>Amortecimento e prote\u00e7\u00e3o superiores: a estrutura de polpa oferece excelente resist\u00eancia \u00e0 compress\u00e3o e absor\u00e7\u00e3o de choque, reduzindo efetivamente as taxas de quebra durante o transporte.<\/li>    <li>Produ\u00e7\u00e3o flex\u00edvel de m\u00faltiplos tamanhos: capaz de produzir configura\u00e7\u00f5es de transporte de vinho de uma garrafa, duas garrafas, seis garrafas e doze garrafas para atender \u00e0s diversas necessidades de aplica\u00e7\u00e3o.<\/li> <\/ul>    <figure class=\"wp-block-gallery has-nested-images columns-default is-cropped wp-block-gallery-5 is-layout-flex wp-block-gallery-is-layout-flex\"> <figure class=\"wp-block-image size-large\"><img loading=\"lazy\" decoding=\"async\" width=\"720\" height=\"540\" data-id=\"1099\" src=\"https:\/\/eggtraym.com\/wp-content\/uploads\/2026\/04\/wine-tray-making-machine.webp\" alt=\"m\u00e1quina de fabrica\u00e7\u00e3o de bandejas de vinho\" class=\"wp-image-1099\" title=\"\" srcset=\"https:\/\/eggtraym.com\/wp-content\/uploads\/2026\/04\/wine-tray-making-machine.webp 720w, https:\/\/eggtraym.com\/wp-content\/uploads\/2026\/04\/wine-tray-making-machine-300x225.webp 300w, https:\/\/eggtraym.com\/wp-content\/uploads\/2026\/04\/wine-tray-making-machine-16x12.webp 16w\" sizes=\"auto, (max-width: 720px) 100vw, 720px\" \/><figcaption class=\"wp-element-caption\">M\u00e1quina de fabrica\u00e7\u00e3o de bandejas de vinho<\/figcaption><\/figure>    <figure class=\"wp-block-image size-large\"><img loading=\"lazy\" decoding=\"async\" width=\"720\" height=\"540\" data-id=\"1098\" src=\"https:\/\/eggtraym.com\/wp-content\/uploads\/2026\/04\/molded-pulp-wine-bottle-tray-machine.webp\" alt=\"m\u00e1quina de bandeja de garrafa de vinho de polpa moldada\" class=\"wp-image-1098\" title=\"\" srcset=\"https:\/\/eggtraym.com\/wp-content\/uploads\/2026\/04\/molded-pulp-wine-bottle-tray-machine.webp 720w, https:\/\/eggtraym.com\/wp-content\/uploads\/2026\/04\/molded-pulp-wine-bottle-tray-machine-300x225.webp 300w, https:\/\/eggtraym.com\/wp-content\/uploads\/2026\/04\/molded-pulp-wine-bottle-tray-machine-16x12.webp 16w\" sizes=\"auto, (max-width: 720px) 100vw, 720px\" \/><figcaption class=\"wp-element-caption\">M\u00e1quina de bandeja de garrafa de vinho de polpa moldada<\/figcaption><\/figure> <\/figure>    <h2 class=\"wp-block-heading\">Contate-nos<\/h2>    <p>Se estiver a planear um projeto de produ\u00e7\u00e3o de bandejas de vinho ou desejar atualizar as suas solu\u00e7\u00f5es de embalagem existentes, entre em contacto connosco imediatamente para uma solu\u00e7\u00e3o personalizada e or\u00e7amento. N\u00e3o s\u00f3 fornecemos linhas de produ\u00e7\u00e3o de m\u00e1quinas de fabrica\u00e7\u00e3o de bandejas de vinho comprovadas e confi\u00e1veis, como tamb\u00e9m oferecemos planeamento de plantas turnkey, design de moldes personalizados e suporte t\u00e9cnico adaptado \u00e0s suas necessidades.<\/p>    <p>Al\u00e9m disso, aproveitando as capacidades multifuncionais da tecnologia de moldagem por polpa, voc\u00ea pode expandir para outras \u00e1reas de produto, como:<\/p>    <ul class=\"wp-block-list\"> <li>Embalagem de ovos: <strong><em><a href=\"https:\/\/eggtraym.com\/pt\/product\/automatic-egg-tray-machine\/\">M\u00e1quina de fazer bandejas para ovos<\/a><\/em><\/strong><\/li>    <li>Embalagem de suporte para cal\u00e7ado: <strong><em><a href=\"https:\/\/eggtraym.com\/pt\/product\/shoe-tray-making-machine\/\">M\u00e1quina de moldagem de polpa de \u00e1rvore de cal\u00e7ado<\/a><\/em><\/strong><\/li>    <li>Embalagem de frutas: <strong><em><a href=\"https:\/\/eggtraym.com\/pt\/product\/fruit-tray-making-machine\/\">M\u00e1quina para fazer bandejas de frutas<\/a><\/em><\/strong><\/li> <\/ul>    <p>Basta trocar os moldes para produzir uma variedade de produtos, aumentando significativamente a utiliza\u00e7\u00e3o do equipamento e o retorno do investimento. Contacte-nos hoje para come\u00e7ar a planear sua linha de produ\u00e7\u00e3o de embalagens ecol\u00f3gicas!<\/p>","protected":false},"excerpt":{"rendered":"<p>A m\u00e1quina de fabrica\u00e7\u00e3o de bandejas de papel pulp produz embalagens de polpa moldada ecol\u00f3gicas para garrafas de vinho com alta efici\u00eancia e moldes personaliz\u00e1veis, apoiando solu\u00e7\u00f5es de embalagem sustent\u00e1veis e econ\u00f4micas.<\/p>","protected":false},"author":1,"featured_media":1100,"parent":0,"template":"","tags":[41,42],"product-type":[3],"class_list":["post-1090","product","type-product","status-publish","has-post-thumbnail","hentry","tag-egg-tray","tag-paper-tray","product-type-egg-tray-making-machine"],"_links":{"self":[{"href":"https:\/\/eggtraym.com\/pt\/wp-json\/wp\/v2\/product\/1090","targetHints":{"allow":["GET"]}}],"collection":[{"href":"https:\/\/eggtraym.com\/pt\/wp-json\/wp\/v2\/product"}],"about":[{"href":"https:\/\/eggtraym.com\/pt\/wp-json\/wp\/v2\/types\/product"}],"author":[{"embeddable":true,"href":"https:\/\/eggtraym.com\/pt\/wp-json\/wp\/v2\/users\/1"}],"wp:featuredmedia":[{"embeddable":true,"href":"https:\/\/eggtraym.com\/pt\/wp-json\/wp\/v2\/media\/1100"}],"wp:attachment":[{"href":"https:\/\/eggtraym.com\/pt\/wp-json\/wp\/v2\/media?parent=1090"}],"wp:term":[{"taxonomy":"post_tag","embeddable":true,"href":"https:\/\/eggtraym.com\/pt\/wp-json\/wp\/v2\/tags?post=1090"},{"taxonomy":"product-type","embeddable":true,"href":"https:\/\/eggtraym.com\/pt\/wp-json\/wp\/v2\/product-type?post=1090"}],"curies":[{"name":"wp","href":"https:\/\/api.w.org\/{rel}","templated":true}]}}