{"id":1068,"date":"2026-04-20T16:47:53","date_gmt":"2026-04-20T08:47:53","guid":{"rendered":"https:\/\/eggtraym.com\/?post_type=product&#038;p=1068"},"modified":"2026-04-20T16:52:56","modified_gmt":"2026-04-20T08:52:56","slug":"shoe-tray-making-machine","status":"publish","type":"product","link":"https:\/\/eggtraym.com\/pt\/product\/shoe-tray-making-machine\/","title":{"rendered":"M\u00e1quina de Fabrica\u00e7\u00e3o de Bandejas para Sapatos | Linha de Inser\u00e7\u00f5es de Sapatos em Moldes de Polpa"},"content":{"rendered":"<div class=\"kk-star-ratings kksr-auto kksr-align-left kksr-valign-top\"     data-payload='{&quot;align&quot;:&quot;left&quot;,&quot;id&quot;:&quot;1068&quot;,&quot;slug&quot;:&quot;default&quot;,&quot;valign&quot;:&quot;top&quot;,&quot;ignore&quot;:&quot;&quot;,&quot;reference&quot;:&quot;auto&quot;,&quot;class&quot;:&quot;&quot;,&quot;count&quot;:&quot;77&quot;,&quot;legendonly&quot;:&quot;&quot;,&quot;readonly&quot;:&quot;&quot;,&quot;score&quot;:&quot;4.7&quot;,&quot;starsonly&quot;:&quot;&quot;,&quot;best&quot;:&quot;5&quot;,&quot;gap&quot;:&quot;5&quot;,&quot;greet&quot;:&quot;Rate this product&quot;,&quot;legend&quot;:&quot;4.7\\\/5 - (77 votes)&quot;,&quot;size&quot;:&quot;24&quot;,&quot;title&quot;:&quot;Shoe Tray Making Machine | Pulp Molded Shoe Insert Line&quot;,&quot;width&quot;:&quot;133.8&quot;,&quot;_legend&quot;:&quot;{score}\\\/{best} - ({count} {votes})&quot;,&quot;font_factor&quot;:&quot;1.25&quot;}'>              <div class=\"kksr-stars\">      <div class=\"kksr-stars-inactive\">             <div class=\"kksr-star\" data-star=\"1\" style=\"padding-right: 5px\">               <div class=\"kksr-icon\" style=\"width: 24px; height: 24px;\"><\/div>         <\/div>             <div class=\"kksr-star\" data-star=\"2\" style=\"padding-right: 5px\">               <div class=\"kksr-icon\" style=\"width: 24px; height: 24px;\"><\/div>         <\/div>             <div class=\"kksr-star\" data-star=\"3\" style=\"padding-right: 5px\">               <div class=\"kksr-icon\" style=\"width: 24px; height: 24px;\"><\/div>         <\/div>             <div class=\"kksr-star\" data-star=\"4\" style=\"padding-right: 5px\">               <div class=\"kksr-icon\" style=\"width: 24px; height: 24px;\"><\/div>         <\/div>             <div class=\"kksr-star\" data-star=\"5\" style=\"padding-right: 5px\">               <div class=\"kksr-icon\" style=\"width: 24px; height: 24px;\"><\/div>         <\/div>     <\/div>      <div class=\"kksr-stars-active\" style=\"width: 133.8px;\">             <div class=\"kksr-star\" style=\"padding-right: 5px\">               <div class=\"kksr-icon\" style=\"width: 24px; height: 24px;\"><\/div>         <\/div>             <div class=\"kksr-star\" style=\"padding-right: 5px\">               <div class=\"kksr-icon\" style=\"width: 24px; height: 24px;\"><\/div>         <\/div>             <div class=\"kksr-star\" style=\"padding-right: 5px\">               <div class=\"kksr-icon\" style=\"width: 24px; height: 24px;\"><\/div>         <\/div>             <div class=\"kksr-star\" style=\"padding-right: 5px\">               <div class=\"kksr-icon\" style=\"width: 24px; height: 24px;\"><\/div>         <\/div>             <div class=\"kksr-star\" style=\"padding-right: 5px\">               <div class=\"kksr-icon\" style=\"width: 24px; height: 24px;\"><\/div>         <\/div>     <\/div> <\/div>                   <div class=\"kksr-legend\" style=\"font-size: 19.2px;\">             4,7\/5 - (77 votos)    <\/div>     <\/div>  <p>A m\u00e1quina de fazer bandejas de sapato \u00e9 usada para produzir palmilhas de pasta moldada, cabides de sapato e forros de embalagem de sapato. Utiliza papel de desperd\u00edcio (como jornais antigos, caixas de cart\u00e3o e livros) como mat\u00e9ria-prima principal, empregando um processo integrado de polpa\u00e7\u00e3o, moldagem a v\u00e1cuo, desmoldagem, secagem e prensagem a quente.<\/p>    <p>Em termos de capacidade de produ\u00e7\u00e3o, a m\u00e1quina de fazer bandejas de sapato suporta configura\u00e7\u00f5es flex\u00edveis de 1.000 a 7.000 unidades por hora. Os clientes podem selecionar diferentes modelos de acordo com a sua escala de produ\u00e7\u00e3o, com op\u00e7\u00f5es para designs de mesa girat\u00f3ria de um lado, quatro lados e oito lados. <\/p>    <p>Cada esta\u00e7\u00e3o de molde pode ser configurada com 3 a 6 posi\u00e7\u00f5es de molde, atendendo \u00e0s diversas necessidades de tudo, desde pequenas e m\u00e9dias f\u00e1bricas at\u00e9 linhas de produ\u00e7\u00e3o industriais de grande escala.<\/p>    <figure class=\"wp-block-embed aligncenter is-type-video is-provider-youtube wp-block-embed-youtube wp-embed-aspect-16-9 wp-has-aspect-ratio\"><div class=\"wp-block-embed__wrapper\"> <iframe loading=\"lazy\" title=\"M\u00e1quina de moldagem de pasta para fazer inser\u00e7\u00f5es de sapato | Produ\u00e7\u00e3o ecol\u00f3gica de suportes de sapato#reciclagem de papel\" width=\"500\" height=\"281\" src=\"https:\/\/www.youtube.com\/embed\/xYeHdUcdNZM?feature=oembed\" frameborder=\"0\" allow=\"accelerometer; autoplay; clipboard-write; encrypted-media; gyroscope; picture-in-picture; web-share\" referrerpolicy=\"strict-origin-when-cross-origin\" allowfullscreen><\/iframe> <\/div><figcaption class=\"wp-element-caption\">V\u00eddeo de trabalho da m\u00e1quina de fazer bandejas de sapato<\/figcaption><\/figure>    <p>Dada a estrutura diversificada dos produtos de cal\u00e7ado (incluindo t\u00e9nis, sapatos de couro e sapatos de crian\u00e7a), a m\u00e1quina de moldar palmilhas suporta um design de molde totalmente personalizado. <\/p>    <p>Os moldes podem ser desenvolvidos com precis\u00e3o de acordo com as dimens\u00f5es do cal\u00e7ado, estruturas de suporte e requisitos de marca, garantindo que os produtos finais ofere\u00e7am n\u00e3o s\u00f3 excelente suporte e prote\u00e7\u00e3o, mas tamb\u00e9m funcionem como solu\u00e7\u00f5es eficazes de exibi\u00e7\u00e3o e embalagem de marca.<\/p>    <h2 class=\"wp-block-heading\">Uso industrial de m\u00e1quinas de fazer bandejas de sapato<\/h2>    <ul class=\"wp-block-list\"> <li><strong>Tipos de produtos vers\u00e1teis<\/strong>: capaz de produzir inser\u00e7\u00f5es de sapatos, bandejas inferiores, forros de caixas e bandejas de sapatos com logotipo personalizado para v\u00e1rias necessidades de embalagem. <\/li>    <li><strong>Ampla cobertura da ind\u00fastria<\/strong>: adequado para fabricantes de cal\u00e7ado, empresas de embalagem de exporta\u00e7\u00e3o, armaz\u00e9ns de com\u00e9rcio eletr\u00f3nico, fornecedores de embalagens ecol\u00f3gicas e f\u00e1bricas OEM\/ODM. <\/li>    <li><strong>Cen\u00e1rios de aplica\u00e7\u00e3o flex\u00edveis<\/strong>: ideal para produ\u00e7\u00e3o em grande escala de embalagens de cal\u00e7ado ecol\u00f3gicas, substituindo materiais pl\u00e1sticos e de espuma, e atendendo aos padr\u00f5es ambientais da UE e dos EUA. <\/li>    <li><strong>Solu\u00e7\u00e3o econ\u00f3mica<\/strong>: possibilita produ\u00e7\u00e3o de embalagem interna, reduzindo custos de material e log\u00edstica, ao mesmo tempo que aumenta o valor da marca e a apresenta\u00e7\u00e3o do produto.<\/li> <\/ul>    <figure class=\"wp-block-gallery has-nested-images columns-default is-cropped wp-block-gallery-2 is-layout-flex wp-block-gallery-is-layout-flex\"> <figure class=\"wp-block-image size-large\"><img loading=\"lazy\" decoding=\"async\" width=\"720\" height=\"540\" data-id=\"1072\" src=\"https:\/\/eggtraym.com\/wp-content\/uploads\/2026\/04\/shoe-tray-production.webp\" alt=\"produ\u00e7\u00e3o de bandejas de sapato\" class=\"wp-image-1072\" title=\"\" srcset=\"https:\/\/eggtraym.com\/wp-content\/uploads\/2026\/04\/shoe-tray-production.webp 720w, https:\/\/eggtraym.com\/wp-content\/uploads\/2026\/04\/shoe-tray-production-300x225.webp 300w, https:\/\/eggtraym.com\/wp-content\/uploads\/2026\/04\/shoe-tray-production-16x12.webp 16w\" sizes=\"auto, (max-width: 720px) 100vw, 720px\" \/><figcaption class=\"wp-element-caption\">Produ\u00e7\u00e3o de Bandejas de Sapato<\/figcaption><\/figure>    <figure class=\"wp-block-image size-large\"><img loading=\"lazy\" decoding=\"async\" width=\"720\" height=\"540\" data-id=\"1070\" src=\"https:\/\/eggtraym.com\/wp-content\/uploads\/2026\/04\/shoe-inserts.webp\" alt=\"inser\u00e7\u00f5es de sapato\" class=\"wp-image-1070\" title=\"\" srcset=\"https:\/\/eggtraym.com\/wp-content\/uploads\/2026\/04\/shoe-inserts.webp 720w, https:\/\/eggtraym.com\/wp-content\/uploads\/2026\/04\/shoe-inserts-300x225.webp 300w, https:\/\/eggtraym.com\/wp-content\/uploads\/2026\/04\/shoe-inserts-16x12.webp 16w\" sizes=\"auto, (max-width: 720px) 100vw, 720px\" \/><figcaption class=\"wp-element-caption\">Inser\u00e7\u00f5es de sapato a partir da m\u00e1quina de fazer bandejas de sapato<\/figcaption><\/figure>    <figure class=\"wp-block-image size-large\"><img loading=\"lazy\" decoding=\"async\" width=\"720\" height=\"540\" data-id=\"1071\" src=\"https:\/\/eggtraym.com\/wp-content\/uploads\/2026\/04\/shoe-support-tray.webp\" alt=\"bandeja de suporte de sapato\" class=\"wp-image-1071\" title=\"\" srcset=\"https:\/\/eggtraym.com\/wp-content\/uploads\/2026\/04\/shoe-support-tray.webp 720w, https:\/\/eggtraym.com\/wp-content\/uploads\/2026\/04\/shoe-support-tray-300x225.webp 300w, https:\/\/eggtraym.com\/wp-content\/uploads\/2026\/04\/shoe-support-tray-16x12.webp 16w\" sizes=\"auto, (max-width: 720px) 100vw, 720px\" \/><figcaption class=\"wp-element-caption\">Bandeja de suporte de sapato<\/figcaption><\/figure> <\/figure>    <h2 class=\"wp-block-heading\">Vantagens principais da m\u00e1quina de inser\u00e7\u00e3o de sola de pasta<\/h2>    <ul class=\"wp-block-list\"> <li>Fabricados usando um processo de reciclagem de papel usado, os produtos s\u00e3o 100% biodegrad\u00e1veis e cumprem os requisitos da \u2018ordem de restri\u00e7\u00e3o de pl\u00e1stico\u2019.<\/li>    <li>Utilizar papel de desperd\u00edcio, caixas de cart\u00e3o, livros antigos e materiais similares como mat\u00e9rias-primas garante uma ampla variedade de fontes, baixos custos e margens de lucro substanciais.<\/li>    <li>Suportamos personaliza\u00e7\u00e3o para v\u00e1rias estruturas, incluindo inser\u00e7\u00f5es de sapato, cabides de sapato e forros de caixas de sapato, e tamb\u00e9m podemos gravar logotipos de marca.<\/li>    <li>Basta trocar os moldes para produzir: inser\u00e7\u00f5es de sapato, cabides de sapato, bandejas de ovos, descansos de caf\u00e9, bandejas m\u00e9dicas e forros para produtos eletr\u00f4nicos.<\/li>    <li>Um sistema de controlo inteligente PLC combinado com empilhamento e embalagem autom\u00e1ticos reduz significativamente a depend\u00eancia de m\u00e3o-de-obra.<\/li> <\/ul>    <h2 class=\"wp-block-heading\">Princ\u00edpio de funcionamento da m\u00e1quina de fazer bandejas de sapato<\/h2>    <p>A m\u00e1quina de fazer bandejas de sapato utiliza tecnologia avan\u00e7ada de forma\u00e7\u00e3o a v\u00e1cuo de pasta moldada para transformar papel de desperd\u00edcio em bandejas de sapato de alta resist\u00eancia e ecol\u00f3gicas atrav\u00e9s de um processo de produ\u00e7\u00e3o totalmente automatizado.<\/p>    <p>A linha de produ\u00e7\u00e3o completa integra processos de polpa\u00e7\u00e3o, forma\u00e7\u00e3o, secagem, prensagem a quente e sistemas de embalagem autom\u00e1ticos, permitindo uma produ\u00e7\u00e3o cont\u00ednua, em grande escala e padronizada.<\/p>    <figure class=\"wp-block-gallery has-nested-images columns-default is-cropped wp-block-gallery-3 is-layout-flex wp-block-gallery-is-layout-flex\"> <figure class=\"wp-block-image size-large\"><img loading=\"lazy\" decoding=\"async\" width=\"720\" height=\"540\" data-id=\"1073\" src=\"https:\/\/eggtraym.com\/wp-content\/uploads\/2026\/04\/automatic-shoe-tray-forming-machine.webp\" alt=\"m\u00e1quina autom\u00e1tica de forma\u00e7\u00e3o de bandejas de sapato\" class=\"wp-image-1073\" title=\"\" srcset=\"https:\/\/eggtraym.com\/wp-content\/uploads\/2026\/04\/automatic-shoe-tray-forming-machine.webp 720w, https:\/\/eggtraym.com\/wp-content\/uploads\/2026\/04\/automatic-shoe-tray-forming-machine-300x225.webp 300w, https:\/\/eggtraym.com\/wp-content\/uploads\/2026\/04\/automatic-shoe-tray-forming-machine-16x12.webp 16w\" sizes=\"auto, (max-width: 720px) 100vw, 720px\" \/><figcaption class=\"wp-element-caption\">M\u00e1quina autom\u00e1tica de forma\u00e7\u00e3o de bandejas de sapato<\/figcaption><\/figure>    <figure class=\"wp-block-image size-large\"><img loading=\"lazy\" decoding=\"async\" width=\"720\" height=\"540\" data-id=\"1074\" src=\"https:\/\/eggtraym.com\/wp-content\/uploads\/2026\/04\/shoe-tray-making-machine.webp\" alt=\"m\u00e1quina de fazer bandejas de sapato\" class=\"wp-image-1074\" title=\"\" srcset=\"https:\/\/eggtraym.com\/wp-content\/uploads\/2026\/04\/shoe-tray-making-machine.webp 720w, https:\/\/eggtraym.com\/wp-content\/uploads\/2026\/04\/shoe-tray-making-machine-300x225.webp 300w, https:\/\/eggtraym.com\/wp-content\/uploads\/2026\/04\/shoe-tray-making-machine-16x12.webp 16w\" sizes=\"auto, (max-width: 720px) 100vw, 720px\" \/><figcaption class=\"wp-element-caption\">M\u00e1quina de fazer bandejas de sapato<\/figcaption><\/figure> <\/figure>   <div id=\"rank-math-howto\" class=\"rank-math-block\" > <div class=\"rank-math-howto-description\">  <\/div>  <div class=\"rank-math-steps\"> <div id=\"howto-step-1776670153872\" class=\"rank-math-step\"> <h3 class=\"rank-math-step-title\">Sistema de polpa\u00e7\u00e3o<\/h3> <div class=\"rank-math-step-content\"><p>Papel usado \u00e9 misturado com \u00e1gua e aditivos num polpador hidr\u00e1ulico, onde \u00e9 decomposto em uma pasta fina e uniforme, que \u00e9 ent\u00e3o transportada para um tanque de pasta para armazenamento.<\/p> <\/div> <\/div> <div id=\"howto-step-1776670161648\" class=\"rank-math-step\"> <h3 class=\"rank-math-step-title\">Sistema de forma\u00e7\u00e3o<\/h3> <div class=\"rank-math-step-content\"><p>A pasta \u00e9 atra\u00edda para o molde por suc\u00e7\u00e3o a v\u00e1cuo, formando uma base de palmilha de sapato molhada na superf\u00edcie do molde, que \u00e9 ent\u00e3o transferida automaticamente para um sistema de esteira para desmoldagem.<\/p> <\/div> <\/div> <div id=\"howto-step-1776670175748\" class=\"rank-math-step\"> <h3 class=\"rank-math-step-title\">Sistema de secagem<\/h3> <div class=\"rank-math-step-content\"><p>As palmilhas de sapato molhadas passam por r\u00e1pida remo\u00e7\u00e3o de humidade atrav\u00e9s de uma linha de secagem a ar quente, forno t\u00fanel ou m\u00e9todos de secagem natural, atingindo uma modelagem preliminar.<\/p> <\/div> <\/div> <div id=\"howto-step-1776670185471\" class=\"rank-math-step\"> <h3 class=\"rank-math-step-title\">Sistema de prensagem a quente<\/h3> <div class=\"rank-math-step-content\"><p>As palmilhas de sapato secas passam por moldagem a alta temperatura e alta press\u00e3o para tornar o produto mais robusto, plano e estruturalmente est\u00e1vel, ao mesmo tempo que melhoram o desempenho de empilhamento e transporte.<\/p> <\/div> <\/div> <div id=\"howto-step-1776670198136\" class=\"rank-math-step\"> <h3 class=\"rank-math-step-title\">Sistema de embalagem autom\u00e1tica<\/h3> <div class=\"rank-math-step-content\"><p>Produtos acabados passam por empilhamento, contagem e embalagem autom\u00e1ticos para garantir manuseamento padronizado antes do envio.<\/p> <\/div> <\/div> <\/div> <\/div>       <h2 class=\"wp-block-heading\">M\u00e1quina de moldagem por prensagem a quente (equipamento de atualiza\u00e7\u00e3o principal)<\/h2>    <div class=\"wp-block-media-text is-stacked-on-mobile\"><figure class=\"wp-block-media-text__media\"><img loading=\"lazy\" decoding=\"async\" width=\"540\" height=\"720\" src=\"https:\/\/eggtraym.com\/wp-content\/uploads\/2026\/04\/hot-press-moulding-machine.webp\" alt=\"hot-press moulding machine\" class=\"wp-image-1076 size-full\" title=\"\" srcset=\"https:\/\/eggtraym.com\/wp-content\/uploads\/2026\/04\/hot-press-moulding-machine.webp 540w, https:\/\/eggtraym.com\/wp-content\/uploads\/2026\/04\/hot-press-moulding-machine-225x300.webp 225w, https:\/\/eggtraym.com\/wp-content\/uploads\/2026\/04\/hot-press-moulding-machine-9x12.webp 9w\" sizes=\"auto, (max-width: 540px) 100vw, 540px\" \/><\/figure><div class=\"wp-block-media-text__content\"> <p>O sistema de prensagem a quente \u00e9 uma das pe\u00e7as centrais do equipamento que determina a qualidade das palmilhas de sapato. Ao controlar com precis\u00e3o a temperatura e a press\u00e3o, garante que o produto ofere\u00e7a:<\/p>    <ul class=\"wp-block-list\"> <li>Maior rigidez<\/li>    <li>Superf\u00edcie mais lisa<\/li>    <li>Estabilidade estrutural aprimorada<\/li>    <li>Facilita o empilhamento e transporte<\/li> <\/ul>    <p>Ao mesmo tempo, melhora significativamente a qualidade visual do produto, tornando-o mais adequado para o mercado de embalagens de cal\u00e7ado de alta gama.<\/p> <\/div><\/div>    <h2 class=\"wp-block-heading\">Par\u00e2metros t\u00e9cnicos da m\u00e1quina de fazer bandejas de sapato<\/h2>    <figure class=\"wp-block-table is-style-stripes\"><table class=\"has-fixed-layout\"><tbody><tr><td><strong>Modelo<\/strong><\/td><td><strong>Produ\u00e7\u00e3o<\/strong><br><strong>Capacidade<\/strong><\/td><td><strong>Total <\/strong><br><strong>Poder<\/strong><\/td><td><strong>Tens\u00e3o<\/strong><\/td><td><strong>Instalado <\/strong><br><strong>\u00c1rea<\/strong><\/td><td><strong>Polpa <\/strong><br><strong>Consumo<\/strong><\/td><td><strong>\u00c1gua <\/strong><br><strong>Consumo<\/strong><\/td><td><strong>Produ\u00e7\u00e3o <\/strong><br><strong>Estrutura<\/strong><\/td><\/tr><tr><td>SL-1000<\/td><td>800\u20131000 <br>pcs\/h<\/td><td>35\u201340 kW<\/td><td>380V \/ <br>50Hz<\/td><td>~70\u201390 <br>m\u00b2<\/td><td>70\u201390 <br>kg\/h<\/td><td>140\u2013180 <br>kg\/h<\/td><td>Single-<br>rota\u00e7\u00e3o lateral<\/td><\/tr><tr><td>SL-1500<\/td><td>1200\u2013<br>1500 <br>pcs\/h<\/td><td>40\u201345 kW<\/td><td>380V \/ <br>50Hz<\/td><td>~90\u2013110 <br>m\u00b2<\/td><td>100\u2013130 <br>kg\/h<\/td><td>200\u2013260 <br>kg\/h<\/td><td>Single \/ <br>Quatro lados <br>opcional<\/td><\/tr><tr><td>SL-2500<\/td><td>2000\u2013<br>2500 <br>pcs\/h<\/td><td>50\u201360 kW<\/td><td>380V \/ <br>50Hz<\/td><td>~110\u2013140 <br>m\u00b2<\/td><td>160\u2013220 <br>kg\/h<\/td><td>320\u2013440 <br>kg\/h<\/td><td>Quatro lados <br>rotativo <br>sistema<\/td><\/tr><tr><td>SL-3000<\/td><td>2600\u2013<br>3200 <br>pcs\/h<\/td><td>60\u201370 kW<\/td><td>380V \/ <br>50Hz<\/td><td>~130\u2013160 <br>m\u00b2<\/td><td>220\u2013260 <br>kg\/h<\/td><td>440\u2013520 <br>kg\/h<\/td><td>Quatro lados <br>alto-<br>efici\u00eancia<\/td><\/tr><tr><td>SL-4000<\/td><td>3500\u2013<br>4200 <br>pcs\/h<\/td><td>85\u2013100 <br>kW<\/td><td>380V \/ <br>50Hz<\/td><td>~160\u2013200 <br>m\u00b2<\/td><td>280\u2013340 <br>kg\/h<\/td><td>560\u2013680 <br>kg\/h<\/td><td>Quatro \/ <br>Oito-lados <br>opcional<\/td><\/tr><tr><td>SL-5000<\/td><td>4500\u2013<br>5200 <br>pcs\/h<\/td><td>100\u2013110 <br>kW<\/td><td>380V \/ <br>50Hz<\/td><td>~180\u2013220 <br>m\u00b2<\/td><td>360\u2013420 <br>kg\/h<\/td><td>720\u2013840 <br>kg\/h<\/td><td>Oito-lados <br>rotativo <br>sistema<\/td><\/tr><tr><td>SL-7000<\/td><td>6000\u2013<br>7000 <br>pcs\/h<\/td><td>110\u2013130 <br>kW<\/td><td>380V \/ <br>50Hz<\/td><td>~220\u2013260 <br>m\u00b2<\/td><td>450\u2013520 <br>kg\/h<\/td><td>900\u20131050 <br>kg\/h<\/td><td>Alta-<br>velocidade <br>multi-<br>esta\u00e7\u00e3o<\/td><\/tr><\/tbody><\/table><figcaption class=\"wp-element-caption\">Especifica\u00e7\u00f5es detalhadas da m\u00e1quina de fazer bandejas de sapato<\/figcaption><\/figure>    <p>Ao trocar os moldes, a mesma linha de produ\u00e7\u00e3o pode tamb\u00e9m ser usada para fabricar produtos de embalagem ecol\u00f3gicos, como bandejas de ovos, bandejas de ma\u00e7\u00e3 e bandejas de copos de caf\u00e9, maximizando assim a versatilidade do equipamento e o retorno do investimento.<\/p>    <p class=\"translation-block\">Se estiver interessado em outros equipamentos de moldagem de pasta, como m\u00e1quinas de moldar bandejas de ovos, <strong><em><a href=\"https:\/\/eggtraym.com\/pt\/product\/fruit-tray-making-machine\/\">m\u00e1quinas de moldar bandejas de ma\u00e7\u00e3<\/a><\/em><\/strong> e <strong><em><a href=\"https:\/\/eggtraym.com\/pt\/product\/paper-pulp-coffee-cup-holder-making-machine\/\">m\u00e1quinas de moldar bandejas de copos de caf\u00e9<\/a><\/em><\/strong>. Por favor, entre em contacto connosco para saber mais sobre a nossa gama de produtos e descobrir as nossas solu\u00e7\u00f5es completas de embalagem ecol\u00f3gica de uma s\u00f3 paragem.<\/p>","protected":false},"excerpt":{"rendered":"<p>A m\u00e1quina de fazer bandejas de sapato pode utilizar pasta de papel de desperd\u00edcio para produzir palmilhas de sapato ecol\u00f3gicas, cabides de sapato e forros de embalagem de sapato, oferecendo alta capacidade de produ\u00e7\u00e3o, baixos custos e op\u00e7\u00f5es de personaliza\u00e7\u00e3o.<\/p>","protected":false},"author":1,"featured_media":1075,"parent":0,"template":"","tags":[42,51],"product-type":[3],"class_list":["post-1068","product","type-product","status-publish","has-post-thumbnail","hentry","tag-paper-tray","tag-shoe-tray","product-type-egg-tray-making-machine"],"_links":{"self":[{"href":"https:\/\/eggtraym.com\/pt\/wp-json\/wp\/v2\/product\/1068","targetHints":{"allow":["GET"]}}],"collection":[{"href":"https:\/\/eggtraym.com\/pt\/wp-json\/wp\/v2\/product"}],"about":[{"href":"https:\/\/eggtraym.com\/pt\/wp-json\/wp\/v2\/types\/product"}],"author":[{"embeddable":true,"href":"https:\/\/eggtraym.com\/pt\/wp-json\/wp\/v2\/users\/1"}],"wp:featuredmedia":[{"embeddable":true,"href":"https:\/\/eggtraym.com\/pt\/wp-json\/wp\/v2\/media\/1075"}],"wp:attachment":[{"href":"https:\/\/eggtraym.com\/pt\/wp-json\/wp\/v2\/media?parent=1068"}],"wp:term":[{"taxonomy":"post_tag","embeddable":true,"href":"https:\/\/eggtraym.com\/pt\/wp-json\/wp\/v2\/tags?post=1068"},{"taxonomy":"product-type","embeddable":true,"href":"https:\/\/eggtraym.com\/pt\/wp-json\/wp\/v2\/product-type?post=1068"}],"curies":[{"name":"wp","href":"https:\/\/api.w.org\/{rel}","templated":true}]}}