{"id":45,"date":"2022-09-07T06:40:27","date_gmt":"2022-09-07T06:40:27","guid":{"rendered":"https:\/\/eggtraym.com\/?page_id=45"},"modified":"2025-08-05T17:42:08","modified_gmt":"2025-08-05T09:42:08","slug":"contact-us","status":"publish","type":"page","link":"https:\/\/eggtraym.com\/pt\/contact-us\/","title":{"rendered":"Contate-nos"},"content":{"rendered":"<div class=\"wp-block-columns is-layout-flex wp-container-core-columns-is-layout-9d6595d7 wp-block-columns-is-layout-flex\"> <div class=\"wp-block-column is-vertically-aligned-top is-content-justification-left is-layout-constrained wp-container-core-column-is-layout-02d07192 wp-block-column-is-layout-constrained\"> <h2 class=\"wp-block-heading\">Por favor, consulte os seguintes aspectos para especificar os seus requisitos:<\/h2>    <ul class=\"wp-block-list\"> <li>O Grupo Shuliy adere aos princ\u00edpios de integridade, pragmatismo e inova\u00e7\u00e3o tecnol\u00f3gica, focando na cria\u00e7\u00e3o de equipamentos de alta qualidade. <\/li>    <li>Estamos comprometidos com uma abordagem centrada no cliente, esfor\u00e7ando-nos n\u00e3o apenas por reconhecimento, mas tamb\u00e9m por superar expectativas, ajudando assim os nossos clientes a alcan\u00e7ar um maior valor.<\/li> <\/ul> <\/div>    <div class=\"wp-block-column is-vertically-aligned-top is-layout-flow wp-block-column-is-layout-flow\" style=\"flex-basis:40%\"> <ol class=\"wp-block-list\"> <li>Qual \u00e9 o seu volume de produ\u00e7\u00e3o esperado?<\/li>    <li>Voc\u00ea precisa de uma linha de secagem cont\u00ednua?<\/li>    <li>Existem requisitos espec\u00edficos para a forma, espessura ou aplica\u00e7\u00e3o do produto final?<\/li>    <li>Qual \u00e9 o seu or\u00e7amento aproximado para a aquisi\u00e7\u00e3o de equipamentos?<\/li>    <li>Quais aspectos s\u00e3o os mais importantes para si? (Oferecemos servi\u00e7os personalizados.)<\/li> <\/ol>    <div class=\"wp-block-buttons is-layout-flex wp-block-buttons-is-layout-flex\"> <div class=\"wp-block-button\"><a class=\"wp-block-button__link wp-element-button\" href=\"https:\/\/api.whatsapp.com\/send?phone=+86%2017320158259&amp;text=Hi,%20I%20am%20interested%20in%20this%20product,%20please%20contact%20me.%20https:\/\/eggtraym.com\/contact-us\/\" data-no-translation=\"\">Get Started<\/a><\/div> <\/div> <\/div> <\/div>   <h1 style=\"font-style:normal;font-weight:700;\" class=\"has-text-align-left wp-block-site-title has-medium-font-size\"><a href=\"https:\/\/eggtraym.com\/pt\" target=\"_self\" rel=\"home\">M\u00e1quina de fazer bandejas para ovos<\/a><\/h1>   <p class=\"has-text-align-left\">Solu\u00e7\u00f5es completas para bandejas de ovos<\/p>    <div class=\"wp-block-buttons is-content-justification-center is-layout-flex wp-container-core-buttons-is-layout-16018d1d wp-block-buttons-is-layout-flex\"> <div class=\"wp-block-button has-custom-width wp-block-button__width-100\"><a class=\"wp-block-button__link wp-element-button\" href=\"https:\/\/www.youtube.com\/@eggtraymachinesupplier8158\" target=\"_blank\" rel=\"noopener\">Clique para ver meus v\u00eddeos mais recentes<\/a><\/div>    <div class=\"wp-block-button has-custom-width wp-block-button__width-100\"><a class=\"wp-block-button__link wp-element-button\" href=\"https:\/\/api.whatsapp.com\/send?phone=+86%2017320158259&amp;text=Hi,%20I%20am%20interested%20in%20this%20product,%20please%20contact%20me.%20https:\/\/eggtraym.com\/contact-us\/\" data-no-translation=\"\">Click to contact me on WhatsApp<\/a><\/div>    <div class=\"wp-block-button has-custom-width wp-block-button__width-100\"><a class=\"wp-block-button__link wp-element-button\">E-mail: info@eggtraym.com<\/a><\/div>    <div class=\"wp-block-button has-custom-width wp-block-button__width-100\"><a class=\"wp-block-button__link wp-element-button\">Endere\u00e7o: Pra\u00e7a Jingkai, Leste da Estrada Hanghai, ETDZ, Zhengzhou, Henan, China<\/a><\/div> <\/div>","protected":false},"excerpt":{"rendered":"<p>Por favor, consulte os seguintes aspetos para especificar os seus requisitos: Solu\u00e7\u00f5es Completas de Tabuleiros de Ovos<\/p>","protected":false},"author":1,"featured_media":0,"parent":0,"menu_order":0,"comment_status":"closed","ping_status":"closed","template":"","meta":{"footnotes":""},"class_list":["post-45","page","type-page","status-publish","hentry"],"_links":{"self":[{"href":"https:\/\/eggtraym.com\/pt\/wp-json\/wp\/v2\/pages\/45","targetHints":{"allow":["GET"]}}],"collection":[{"href":"https:\/\/eggtraym.com\/pt\/wp-json\/wp\/v2\/pages"}],"about":[{"href":"https:\/\/eggtraym.com\/pt\/wp-json\/wp\/v2\/types\/page"}],"author":[{"embeddable":true,"href":"https:\/\/eggtraym.com\/pt\/wp-json\/wp\/v2\/users\/1"}],"replies":[{"embeddable":true,"href":"https:\/\/eggtraym.com\/pt\/wp-json\/wp\/v2\/comments?post=45"}],"version-history":[{"count":0,"href":"https:\/\/eggtraym.com\/pt\/wp-json\/wp\/v2\/pages\/45\/revisions"}],"wp:attachment":[{"href":"https:\/\/eggtraym.com\/pt\/wp-json\/wp\/v2\/media?parent=45"}],"curies":[{"name":"wp","href":"https:\/\/api.w.org\/{rel}","templated":true}]}}