{"id":12,"date":"2022-09-06T08:42:41","date_gmt":"2022-09-06T08:42:41","guid":{"rendered":"https:\/\/eggtraym.com\/?page_id=12"},"modified":"2022-09-07T10:38:45","modified_gmt":"2022-09-07T10:38:45","slug":"about-us","status":"publish","type":"page","link":"https:\/\/eggtraym.com\/pt\/about-us\/","title":{"rendered":"Sobre n\u00f3s"},"content":{"rendered":"<div class=\"wp-block-media-text alignwide is-stacked-on-mobile\"><figure class=\"wp-block-media-text__media\"><img loading=\"lazy\" decoding=\"async\" width=\"720\" height=\"540\" src=\"https:\/\/eggtraym.com\/wp-content\/uploads\/2022\/09\/facotry-.webp\" alt=\"f\u00e1brica shuliy\" class=\"wp-image-34 size-full\" title=\"\" srcset=\"https:\/\/eggtraym.com\/wp-content\/uploads\/2022\/09\/facotry-.webp 720w, https:\/\/eggtraym.com\/wp-content\/uploads\/2022\/09\/facotry--300x225.webp 300w\" sizes=\"auto, (max-width: 720px) 100vw, 720px\" \/><\/figure><div class=\"wp-block-media-text__content\"> <p>A Shuliy Machinery foi fundada em 1984 e tem trabalhado duro para avan\u00e7ar no campo de equipamentos para m\u00e1quinas de bandejas para ovos. Por ser uma m\u00e1quina ecologicamente correta, as m\u00e1quinas de bandejas para ovos podem reutilizar v\u00e1rios recursos de res\u00edduos de papel, o que \u00e9 ben\u00e9fico para o meio ambiente. Desde a sua cria\u00e7\u00e3o, os nossos produtos tamb\u00e9m t\u00eam sido apreciados pelos clientes tanto no pa\u00eds como no estrangeiro. E muitos pa\u00edses estabeleceram coopera\u00e7\u00e3o connosco, como Nig\u00e9ria, Bol\u00edvia, Camar\u00f5es, Mo\u00e7ambique, Uzbequist\u00e3o, Z\u00e2mbia, \u00c1frica do Sul, etc.<\/p> <\/div><\/div>    <h2 class=\"wp-block-heading\" id=\"h-main-products-and-finished-products\">Principais produtos e produtos acabados<\/h2>    <p class=\"translation-block\">Os nossos principais produtos s\u00e3o <strong>m\u00e1quinas de bandejas de ovos<\/strong>, <strong>linhas de produ\u00e7\u00e3o de bandejas de ovos<\/strong>, <strong>m\u00e1quinas de bandejas de ma\u00e7\u00e3<\/strong>, <strong>m\u00e1quinas de fabrica\u00e7\u00e3o de polpa<\/strong>, <strong>m\u00e1quinas de secagem de bandejas de ovos<\/strong>, <strong>m\u00e1quinas de prensagem a quente<\/strong>, <strong>m\u00e1quinas de embalagem<\/strong>, etc. que podem formar a linha de produ\u00e7\u00e3o de bandejas de ovos. Al\u00e9m das bandejas de ovos, as nossas m\u00e1quinas tamb\u00e9m podem produzir outros produtos acabados em v\u00e1rias formas. Estes produtos acabados podem ser usados para ovos, frutas, aparelhos el\u00e9tricos, ferramentas, sapatos, caf\u00e9, garrafas de vinho, etc.<\/p>    <figure class=\"wp-block-image size-full\"><img loading=\"lazy\" decoding=\"async\" width=\"720\" height=\"540\" src=\"https:\/\/eggtraym.com\/wp-content\/uploads\/2022\/09\/finished-products-.webp\" alt=\"produtos acabados\" class=\"wp-image-36\" title=\"produtos acabados\" srcset=\"https:\/\/eggtraym.com\/wp-content\/uploads\/2022\/09\/finished-products-.webp 720w, https:\/\/eggtraym.com\/wp-content\/uploads\/2022\/09\/finished-products--300x225.webp 300w\" sizes=\"auto, (max-width: 720px) 100vw, 720px\" \/><figcaption>Produtos Acabados<\/figcaption><\/figure>    <h2 class=\"wp-block-heading\" id=\"h-certificates\">Certificados<\/h2>    <p>Nossa empresa obteve a certifica\u00e7\u00e3o do sistema nacional de gest\u00e3o da qualidade ISO9001:2008, al\u00e9m de outros certificados relacionados.<\/p>    <figure class=\"wp-block-image size-full\"><img loading=\"lazy\" decoding=\"async\" width=\"720\" height=\"540\" src=\"https:\/\/eggtraym.com\/wp-content\/uploads\/2022\/09\/Certificates-.webp\" alt=\"Certificados\" class=\"wp-image-35\" title=\"Certificados\" srcset=\"https:\/\/eggtraym.com\/wp-content\/uploads\/2022\/09\/Certificates-.webp 720w, https:\/\/eggtraym.com\/wp-content\/uploads\/2022\/09\/Certificates--300x225.webp 300w\" sizes=\"auto, (max-width: 720px) 100vw, 720px\" \/><figcaption>Certificados<\/figcaption><\/figure>    <h2 class=\"wp-block-heading\" id=\"h-our-service\">Nosso servi\u00e7o<\/h2>    <ol class=\"wp-block-list\"><li>Servi\u00e7o de vendas. Forneceremos aos clientes v\u00eddeos, fotos e solu\u00e7\u00f5es de m\u00e1quinas confi\u00e1veis. Tamb\u00e9m apoiamos a customiza\u00e7\u00e3o de m\u00e1quinas e moldes de produtos. Tamb\u00e9m forneceremos aos clientes esbo\u00e7os e plantas da f\u00e1brica, se necess\u00e1rio.<\/li><li>Servi\u00e7o p\u00f3s-venda. Oferecemos servi\u00e7o p\u00f3s-venda de um ano aos nossos clientes. Instala\u00e7\u00e3o e comissionamento de m\u00e1quinas para clientes. Os clientes podem se comunicar conosco on-line e off-line se tiverem alguma d\u00favida.<\/li><\/ol>    <p><\/p>","protected":false},"excerpt":{"rendered":"<p>Shuliy Machinery was established in 1984 and has been working hard to move forward in the field of egg tray machine equipment. As an environment-friendly machine, the egg tray machines can reuse various waste paper resources, which is beneficial to the environment. Since its establishment, our products have also been loved by customers both at [&hellip;]<\/p>\n","protected":false},"author":1,"featured_media":0,"parent":0,"menu_order":0,"comment_status":"closed","ping_status":"closed","template":"","meta":{"footnotes":""},"class_list":["post-12","page","type-page","status-publish","hentry"],"_links":{"self":[{"href":"https:\/\/eggtraym.com\/pt\/wp-json\/wp\/v2\/pages\/12","targetHints":{"allow":["GET"]}}],"collection":[{"href":"https:\/\/eggtraym.com\/pt\/wp-json\/wp\/v2\/pages"}],"about":[{"href":"https:\/\/eggtraym.com\/pt\/wp-json\/wp\/v2\/types\/page"}],"author":[{"embeddable":true,"href":"https:\/\/eggtraym.com\/pt\/wp-json\/wp\/v2\/users\/1"}],"replies":[{"embeddable":true,"href":"https:\/\/eggtraym.com\/pt\/wp-json\/wp\/v2\/comments?post=12"}],"version-history":[{"count":0,"href":"https:\/\/eggtraym.com\/pt\/wp-json\/wp\/v2\/pages\/12\/revisions"}],"wp:attachment":[{"href":"https:\/\/eggtraym.com\/pt\/wp-json\/wp\/v2\/media?parent=12"}],"curies":[{"name":"wp","href":"https:\/\/api.w.org\/{rel}","templated":true}]}}