{"id":81,"date":"2022-09-14T09:11:21","date_gmt":"2022-09-14T09:11:21","guid":{"rendered":"https:\/\/eggtraym.com\/?post_type=product&#038;p=81"},"modified":"2022-09-28T18:28:10","modified_gmt":"2022-09-28T10:28:10","slug":"egg-tray-packaging-machine-for-sale","status":"publish","type":"product","link":"https:\/\/eggtraym.com\/fr\/product\/egg-tray-packaging-machine-for-sale\/","title":{"rendered":"Machine d'emballage de plateaux \u00e0 \u0153ufs \u00e0 vendre"},"content":{"rendered":"<div class=\"kk-star-ratings kksr-auto kksr-align-left kksr-valign-top\"     data-payload='{&quot;align&quot;:&quot;left&quot;,&quot;id&quot;:&quot;81&quot;,&quot;slug&quot;:&quot;default&quot;,&quot;valign&quot;:&quot;top&quot;,&quot;ignore&quot;:&quot;&quot;,&quot;reference&quot;:&quot;auto&quot;,&quot;class&quot;:&quot;&quot;,&quot;count&quot;:&quot;29&quot;,&quot;legendonly&quot;:&quot;&quot;,&quot;readonly&quot;:&quot;&quot;,&quot;score&quot;:&quot;4.5&quot;,&quot;starsonly&quot;:&quot;&quot;,&quot;best&quot;:&quot;5&quot;,&quot;gap&quot;:&quot;5&quot;,&quot;greet&quot;:&quot;Rate this product&quot;,&quot;legend&quot;:&quot;4.5\\\/5 - (29 votes)&quot;,&quot;size&quot;:&quot;24&quot;,&quot;title&quot;:&quot;Egg tray packaging machine for sale&quot;,&quot;width&quot;:&quot;128&quot;,&quot;_legend&quot;:&quot;{score}\\\/{best} - ({count} {votes})&quot;,&quot;font_factor&quot;:&quot;1.25&quot;}'>              <div class=\"kksr-stars\">      <div class=\"kksr-stars-inactive\">             <div class=\"kksr-star\" data-star=\"1\" style=\"padding-right: 5px\">               <div class=\"kksr-icon\" style=\"width: 24px; height: 24px;\"><\/div>         <\/div>             <div class=\"kksr-star\" data-star=\"2\" style=\"padding-right: 5px\">               <div class=\"kksr-icon\" style=\"width: 24px; height: 24px;\"><\/div>         <\/div>             <div class=\"kksr-star\" data-star=\"3\" style=\"padding-right: 5px\">               <div class=\"kksr-icon\" style=\"width: 24px; height: 24px;\"><\/div>         <\/div>             <div class=\"kksr-star\" data-star=\"4\" style=\"padding-right: 5px\">               <div class=\"kksr-icon\" style=\"width: 24px; height: 24px;\"><\/div>         <\/div>             <div class=\"kksr-star\" data-star=\"5\" style=\"padding-right: 5px\">               <div class=\"kksr-icon\" style=\"width: 24px; height: 24px;\"><\/div>         <\/div>     <\/div>      <div class=\"kksr-stars-active\" style=\"width: 128px;\">             <div class=\"kksr-star\" style=\"padding-right: 5px\">               <div class=\"kksr-icon\" style=\"width: 24px; height: 24px;\"><\/div>         <\/div>             <div class=\"kksr-star\" style=\"padding-right: 5px\">               <div class=\"kksr-icon\" style=\"width: 24px; height: 24px;\"><\/div>         <\/div>             <div class=\"kksr-star\" style=\"padding-right: 5px\">               <div class=\"kksr-icon\" style=\"width: 24px; height: 24px;\"><\/div>         <\/div>             <div class=\"kksr-star\" style=\"padding-right: 5px\">               <div class=\"kksr-icon\" style=\"width: 24px; height: 24px;\"><\/div>         <\/div>             <div class=\"kksr-star\" style=\"padding-right: 5px\">               <div class=\"kksr-icon\" style=\"width: 24px; height: 24px;\"><\/div>         <\/div>     <\/div> <\/div>                   <div class=\"kksr-legend\" style=\"font-size: 19.2px;\">             4,5\/5 - (29 votes)    <\/div>     <\/div>  <p>La machine d'emballage de plateaux \u00e0 \u0153ufs \u00e0 vendre est utilis\u00e9e dans le processus final de la ligne de machines \u00e0 plateaux \u00e0 \u0153ufs. Avec cette machine, le plateau \u00e0 \u0153ufs peut \u00eatre press\u00e9 fermement et solidement pour \u00e9viter la dispersion. Cette presse automatique a de bonnes performances et une belle forme. En outre, la machine est facile \u00e0 utiliser et \u00e0 entretenir, s\u00fbre et \u00e9conome en \u00e9nergie.<\/p>    <h2 class=\"wp-block-heading\">Introduction de la machine d'emballage de plateaux \u00e0 \u0153ufs \u00e0 vendre<\/h2>    <p>Cette machine est largement utilis\u00e9e dans diverses lignes de moulage de p\u00e2te \u00e0 papier. C'est le syst\u00e8me d'emballage le plus couramment utilis\u00e9. Il peut \u00eatre utilis\u00e9 pour extruder le plateau \u00e0 \u0153ufs fini selon des sp\u00e9cifications d\u00e9finies. La machine \u00e0 plateaux \u00e0 \u0153ufs en balles est empil\u00e9e \u00e9troitement pour \u00e9conomiser de l'espace de stockage et de transport. Nous produisons des machines d'emballage aliment\u00e9es par l'hydraulique ou l'\u00e9lectricit\u00e9. Il peut g\u00e9rer plusieurs plateaux \u00e0 \u0153ufs \u00e0 la fois, r\u00e9duisant consid\u00e9rablement la charge de travail des employ\u00e9s.<\/p>    <figure class=\"wp-block-image size-full\"><img loading=\"lazy\" decoding=\"async\" width=\"720\" height=\"540\" src=\"https:\/\/eggtraym.com\/wp-content\/uploads\/2022\/09\/egg-tray-packaging-machine-.webp\" alt=\"Machine d&#039;emballage de plateaux \u00e0 \u0153ufs \u00e0 vendre\" class=\"wp-image-165\" title=\"Machine d&#039;emballage de plateaux \u00e0 \u0153ufs \u00e0 vendre\" srcset=\"https:\/\/eggtraym.com\/wp-content\/uploads\/2022\/09\/egg-tray-packaging-machine-.webp 720w, https:\/\/eggtraym.com\/wp-content\/uploads\/2022\/09\/egg-tray-packaging-machine--300x225.webp 300w\" sizes=\"auto, (max-width: 720px) 100vw, 720px\" \/><figcaption>Machine de conditionnement de plateaux \u00e0 \u0153ufs \u00e0 vendre<\/figcaption><\/figure>    <h2 class=\"wp-block-heading\">Domaine d'application de l'empileur de plateaux \u00e0 \u0153ufs<\/h2>    <p class=\"translation-block\">La machine est largement utilis\u00e9e dans les <a href=\"https:\/\/www.shuliy.com\/product\/egg-tray-production-line-plant\/\" target=\"_blank\" rel=\"noopener\">lignes de production de machines \u00e0 plateaux \u00e0 \u0153ufs<\/a>, les lignes de production de machines \u00e0 plateaux \u00e0 fruits, les lignes de production de machines \u00e0 plateaux \u00e0 chaussures, les lignes de production de machines \u00e0 plateaux \u00e0 vin et d'autres lignes de production de moulage de pulpe.<\/p>    <h2 class=\"wp-block-heading\">Caract\u00e9ristiques de la machine d'emballage de plateaux \u00e0 \u0153ufs<\/h2>    <ol class=\"wp-block-list\"><li>La structure de la presse \u00e0 plateaux \u00e0 \u0153ufs est simple et facile \u00e0 utiliser.<\/li><li>La machine adopte une structure verticale et occupe une petite surface.<\/li><li>La presse a une fonction de levage automatique et une efficacit\u00e9 de travail \u00e9lev\u00e9e.<\/li><\/ol>    <figure class=\"wp-block-image size-full\"><img loading=\"lazy\" decoding=\"async\" width=\"720\" height=\"540\" src=\"https:\/\/eggtraym.com\/wp-content\/uploads\/2022\/09\/egg-tray-stacker-.webp\" alt=\"empileur de plateaux \u00e0 \u0153ufs\" class=\"wp-image-167\" title=\"empileur de plateaux \u00e0 \u0153ufs\" srcset=\"https:\/\/eggtraym.com\/wp-content\/uploads\/2022\/09\/egg-tray-stacker-.webp 720w, https:\/\/eggtraym.com\/wp-content\/uploads\/2022\/09\/egg-tray-stacker--300x225.webp 300w\" sizes=\"auto, (max-width: 720px) 100vw, 720px\" \/><figcaption>Empileur de plateaux \u00e0 \u0153ufs<\/figcaption><\/figure>    <h2 class=\"wp-block-heading\">Param\u00e8tres de la machine d'emballage de barquettes semi-automatique<\/h2>    <figure class=\"wp-block-table\"><table><tbody><tr><td>Nom de la machine<\/td><td>Presse \u00e0 balles pour plateau \u00e0 \u0153ufs<\/td><\/tr><tr><td>Source d'\u00e9nergie<\/td><td>Pneumatique<\/td><\/tr><tr><td>Type d'automatisation<\/td><td>Automatisation<\/td><\/tr><tr><td>Couleur machine<\/td><td>Personnalisation<\/td><\/tr><tr><td>Applications<\/td><td>Divers plateaux en papier, tels que plateaux \u00e0 \u0153ufs, plateaux \u00e0 pommes, plateaux \u00e0 \u0153ufs de caille, etc.<\/td><\/tr><tr><td>Les fonctions<\/td><td>Emballer<\/td><\/tr><\/tbody><\/table><\/figure>    <h2 class=\"wp-block-heading\">L'application de la machine d'emballage de plateaux \u00e0 \u0153ufs dans la ligne de production de plateaux \u00e0 \u0153ufs<\/h2>    <p class=\"translation-block\">Notre ligne de production de plateaux \u00e0 \u0153ufs comprend g\u00e9n\u00e9ralement une d\u00e9chiqueteuse \u00e0 papier, une machine de formage de plateaux \u00e0 \u0153ufs, une <a href=\"https:\/\/eggtraym.com\/fr\/product\/egg-tray-dryer\/\">machine de s\u00e9chage de plateaux \u00e0 \u0153ufs<\/a>, une <a href=\"https:\/\/eggtraym.com\/fr\/product\/egg-tray-hot-press-machine\/\">machine de pressage \u00e0 chaud de plateaux \u00e0 \u0153ufs<\/a>, une machine d'emballage de plateaux \u00e0 \u0153ufs \u00e0 vendre et une machine d'empilage de plateaux \u00e0 \u0153ufs. Par cons\u00e9quent, la machine d'emballage de plateaux \u00e0 \u0153ufs est la machine de finition de la ligne de production. Comme la machine d'empilage de plateaux \u00e0 \u0153ufs, elle permet d'\u00e9conomiser beaucoup de main-d'\u0153uvre et de temps. Travailler avec d'autres machines peut consid\u00e9rablement acc\u00e9l\u00e9rer le processus de production des plateaux \u00e0 \u0153ufs.<\/p>    <figure class=\"wp-block-image size-full\"><img loading=\"lazy\" decoding=\"async\" width=\"720\" height=\"540\" src=\"https:\/\/eggtraym.com\/wp-content\/uploads\/2022\/09\/egg-tray-packing-machine-.webp\" alt=\"machine d&#039;emballage de plateaux \u00e0 \u0153ufs\" class=\"wp-image-166\" title=\"machine d&#039;emballage de plateaux \u00e0 \u0153ufs\" srcset=\"https:\/\/eggtraym.com\/wp-content\/uploads\/2022\/09\/egg-tray-packing-machine-.webp 720w, https:\/\/eggtraym.com\/wp-content\/uploads\/2022\/09\/egg-tray-packing-machine--300x225.webp 300w\" sizes=\"auto, (max-width: 720px) 100vw, 720px\" \/><figcaption>Machine d'emballage de plateaux \u00e0 \u0153ufs<\/figcaption><\/figure>","protected":false},"excerpt":{"rendered":"<p>La machine d'emballage de plateaux \u00e0 \u0153ufs \u00e0 vendre est utilis\u00e9e dans le processus final de la ligne de machines \u00e0 plateaux \u00e0 \u0153ufs. <\/p>","protected":false},"author":1,"featured_media":162,"parent":0,"template":"","tags":[34,12],"product-type":[7],"class_list":["post-81","product","type-product","status-publish","has-post-thumbnail","hentry","tag-egg-tray-packaging-machine-for-sale","tag-egg-tray-production-line","product-type-egg-tray-packing-machine"],"_links":{"self":[{"href":"https:\/\/eggtraym.com\/fr\/wp-json\/wp\/v2\/product\/81","targetHints":{"allow":["GET"]}}],"collection":[{"href":"https:\/\/eggtraym.com\/fr\/wp-json\/wp\/v2\/product"}],"about":[{"href":"https:\/\/eggtraym.com\/fr\/wp-json\/wp\/v2\/types\/product"}],"author":[{"embeddable":true,"href":"https:\/\/eggtraym.com\/fr\/wp-json\/wp\/v2\/users\/1"}],"wp:featuredmedia":[{"embeddable":true,"href":"https:\/\/eggtraym.com\/fr\/wp-json\/wp\/v2\/media\/162"}],"wp:attachment":[{"href":"https:\/\/eggtraym.com\/fr\/wp-json\/wp\/v2\/media?parent=81"}],"wp:term":[{"taxonomy":"post_tag","embeddable":true,"href":"https:\/\/eggtraym.com\/fr\/wp-json\/wp\/v2\/tags?post=81"},{"taxonomy":"product-type","embeddable":true,"href":"https:\/\/eggtraym.com\/fr\/wp-json\/wp\/v2\/product-type?post=81"}],"curies":[{"name":"wp","href":"https:\/\/api.w.org\/{rel}","templated":true}]}}