{"id":79,"date":"2022-09-14T08:58:35","date_gmt":"2022-09-14T08:58:35","guid":{"rendered":"https:\/\/eggtraym.com\/?post_type=product&#038;p=79"},"modified":"2022-09-28T18:27:22","modified_gmt":"2022-09-28T10:27:22","slug":"egg-tray-hot-press-machine","status":"publish","type":"product","link":"https:\/\/eggtraym.com\/fr\/product\/egg-tray-hot-press-machine\/","title":{"rendered":"Presse \u00e0 chaud pour plateaux \u00e0 \u0153ufs, machine de fa\u00e7onnage \u00e0 chaud"},"content":{"rendered":"<div class=\"kk-star-ratings kksr-auto kksr-align-left kksr-valign-top\"     data-payload='{&quot;align&quot;:&quot;left&quot;,&quot;id&quot;:&quot;79&quot;,&quot;slug&quot;:&quot;default&quot;,&quot;valign&quot;:&quot;top&quot;,&quot;ignore&quot;:&quot;&quot;,&quot;reference&quot;:&quot;auto&quot;,&quot;class&quot;:&quot;&quot;,&quot;count&quot;:&quot;25&quot;,&quot;legendonly&quot;:&quot;&quot;,&quot;readonly&quot;:&quot;&quot;,&quot;score&quot;:&quot;4.6&quot;,&quot;starsonly&quot;:&quot;&quot;,&quot;best&quot;:&quot;5&quot;,&quot;gap&quot;:&quot;5&quot;,&quot;greet&quot;:&quot;Rate this product&quot;,&quot;legend&quot;:&quot;4.6\\\/5 - (25 votes)&quot;,&quot;size&quot;:&quot;24&quot;,&quot;title&quot;:&quot;Egg tray hot press machine\u4e28hot press shaping machine&quot;,&quot;width&quot;:&quot;130.9&quot;,&quot;_legend&quot;:&quot;{score}\\\/{best} - ({count} {votes})&quot;,&quot;font_factor&quot;:&quot;1.25&quot;}'>              <div class=\"kksr-stars\">      <div class=\"kksr-stars-inactive\">             <div class=\"kksr-star\" data-star=\"1\" style=\"padding-right: 5px\">               <div class=\"kksr-icon\" style=\"width: 24px; height: 24px;\"><\/div>         <\/div>             <div class=\"kksr-star\" data-star=\"2\" style=\"padding-right: 5px\">               <div class=\"kksr-icon\" style=\"width: 24px; height: 24px;\"><\/div>         <\/div>             <div class=\"kksr-star\" data-star=\"3\" style=\"padding-right: 5px\">               <div class=\"kksr-icon\" style=\"width: 24px; height: 24px;\"><\/div>         <\/div>             <div class=\"kksr-star\" data-star=\"4\" style=\"padding-right: 5px\">               <div class=\"kksr-icon\" style=\"width: 24px; height: 24px;\"><\/div>         <\/div>             <div class=\"kksr-star\" data-star=\"5\" style=\"padding-right: 5px\">               <div class=\"kksr-icon\" style=\"width: 24px; height: 24px;\"><\/div>         <\/div>     <\/div>      <div class=\"kksr-stars-active\" style=\"width: 130.9px;\">             <div class=\"kksr-star\" style=\"padding-right: 5px\">               <div class=\"kksr-icon\" style=\"width: 24px; height: 24px;\"><\/div>         <\/div>             <div class=\"kksr-star\" style=\"padding-right: 5px\">               <div class=\"kksr-icon\" style=\"width: 24px; height: 24px;\"><\/div>         <\/div>             <div class=\"kksr-star\" style=\"padding-right: 5px\">               <div class=\"kksr-icon\" style=\"width: 24px; height: 24px;\"><\/div>         <\/div>             <div class=\"kksr-star\" style=\"padding-right: 5px\">               <div class=\"kksr-icon\" style=\"width: 24px; height: 24px;\"><\/div>         <\/div>             <div class=\"kksr-star\" style=\"padding-right: 5px\">               <div class=\"kksr-icon\" style=\"width: 24px; height: 24px;\"><\/div>         <\/div>     <\/div> <\/div>                   <div class=\"kksr-legend\" style=\"font-size: 19.2px;\">             4,6\/5 - (25 votes)    <\/div>     <\/div>  <p class=\"translation-block\">La machine de pressage \u00e0 chaud pour plateaux \u00e0 \u0153ufs est l'un des \u00e9quipements auxiliaires de la ligne de production de plateaux \u00e0 \u0153ufs. Cette machine est utilis\u00e9e apr\u00e8s le <a href=\"https:\/\/eggtraym.com\/fr\/product\/egg-tray-dryer\/\">s\u00e9choir \u00e0 plateaux \u00e0 \u0153ufs<\/a>. Apr\u00e8s le pressage \u00e0 chaud, le plateau \u00e0 \u0153ufs est plus lisse et a une meilleure r\u00e9sistance et rigidit\u00e9. La machine est facile \u00e0 utiliser et occupe peu d'espace, ce qui en fait une machine indispensable pour la plupart des fabricants de plateaux \u00e0 \u0153ufs.<\/p>    <h2 class=\"wp-block-heading\">Qu'est-ce que la presse \u00e0 chaud pour plateaux \u00e0 \u0153ufs\u00a0?<\/h2>    <p class=\"translation-block\">La <a href=\"https:\/\/www.shuliy.com\/product\/egg-tray-press-packing-machine\/\" target=\"_blank\" rel=\"noopener\">machine de pressage \u00e0 chaud pour plateaux \u00e0 \u0153ufs Shuliy<\/a> est utilis\u00e9e pour mettre en forme les produits moul\u00e9s en pulpe en chauffant le mod\u00e8le. La machine est contr\u00f4l\u00e9e par l'\u00e9lectricit\u00e9. Les performances pneumatiques sont bonnes et l'op\u00e9ration est s\u00fbre. La taille et la conception du moule de la machine de pressage \u00e0 chaud pour plateaux \u00e0 \u0153ufs peuvent \u00eatre ajust\u00e9es en fonction des produits en pulpe afin que les produits puissent \u00eatre facilement d\u00e9moul\u00e9s.<\/p>    <figure class=\"wp-block-image size-full\"><img loading=\"lazy\" decoding=\"async\" width=\"720\" height=\"540\" src=\"https:\/\/eggtraym.com\/wp-content\/uploads\/2022\/09\/egg-tray-hot-press-machine-2.webp\" alt=\"machine de presse chaude de plateau d&#039;oeufs\" class=\"wp-image-158\" title=\"machine de presse chaude de plateau d&#039;oeufs\" srcset=\"https:\/\/eggtraym.com\/wp-content\/uploads\/2022\/09\/egg-tray-hot-press-machine-2.webp 720w, https:\/\/eggtraym.com\/wp-content\/uploads\/2022\/09\/egg-tray-hot-press-machine-2-300x225.webp 300w\" sizes=\"auto, (max-width: 720px) 100vw, 720px\" \/><figcaption>Presse \u00e0 chaud pour plateaux \u00e0 \u0153ufs<\/figcaption><\/figure>    <h2 class=\"wp-block-heading\">Utilisation de la machine de fa\u00e7onnage par presse \u00e0 chaud<\/h2>    <p>Utilis\u00e9 pour les produits moul\u00e9s en p\u00e2te \u00e0 papier press\u00e9 \u00e0 chaud, tels que les plateaux \u00e0 \u0153ufs, les cartons \u00e0 \u0153ufs, les bo\u00eetes \u00e0 \u0153ufs et les emballages industriels.<\/p>    <h2 class=\"wp-block-heading\">Structure et fonction de la machine de formage de bacs \u00e0 papier<\/h2>    <ol class=\"wp-block-list\"><li>Le cadre est utilis\u00e9 pour supporter le v\u00e9rin hydraulique, la plaque de presse \u00e0 chaud et d'autres pi\u00e8ces, et supporter la pression totale de la presse \u00e0 chaud pendant le travail.<\/li><li>Cylindre hydraulique, l'actionneur pour effectuer un mouvement lin\u00e9aire alternatif.<\/li><li>Plaque de presse chaude et syst\u00e8me de chauffage. La plaque de presse chaude est le composant de transfert de chaleur et de pression.<\/li><\/ol>    <figure class=\"wp-block-image size-full\"><img loading=\"lazy\" decoding=\"async\" width=\"720\" height=\"540\" src=\"https:\/\/eggtraym.com\/wp-content\/uploads\/2022\/09\/paper-tray-forming-machine-.webp\" alt=\"machine de formage de bacs \u00e0 papier\" class=\"wp-image-160\" title=\"machine de formage de bacs \u00e0 papier\" srcset=\"https:\/\/eggtraym.com\/wp-content\/uploads\/2022\/09\/paper-tray-forming-machine-.webp 720w, https:\/\/eggtraym.com\/wp-content\/uploads\/2022\/09\/paper-tray-forming-machine--300x225.webp 300w\" sizes=\"auto, (max-width: 720px) 100vw, 720px\" \/><figcaption>Machine de formage de bacs \u00e0 papier<\/figcaption><\/figure>    <h2 class=\"wp-block-heading\">Pourquoi utilisons-nous une machine de fa\u00e7onnage \u00e0 chaud ?<\/h2>    <ol class=\"wp-block-list\"><li>Nous utilisons la presse \u00e0 chaud pour plateaux \u00e0 \u0153ufs pour rendre l'apparence des produits de moulage de p\u00e2te plus lisse.<\/li><li>La presse \u00e0 chaud du plateau \u00e0 \u0153ufs peut automatiquement maintenir une temp\u00e9rature constante apr\u00e8s le r\u00e9glage. Il fonctionne \u00e0 haute temp\u00e9rature pour uniformiser l\u2019\u00e9paisseur du produit.<\/li><li>La machine peut enlever le bord rugueux.<\/li><\/ol>    <figure class=\"wp-block-image size-full\"><img loading=\"lazy\" decoding=\"async\" width=\"720\" height=\"540\" src=\"https:\/\/eggtraym.com\/wp-content\/uploads\/2022\/09\/hot-press-shaping-machine-.webp\" alt=\"machine de fa\u00e7onnage \u00e0 chaud\" class=\"wp-image-161\" title=\"machine de fa\u00e7onnage \u00e0 chaud\" srcset=\"https:\/\/eggtraym.com\/wp-content\/uploads\/2022\/09\/hot-press-shaping-machine-.webp 720w, https:\/\/eggtraym.com\/wp-content\/uploads\/2022\/09\/hot-press-shaping-machine--300x225.webp 300w\" sizes=\"auto, (max-width: 720px) 100vw, 720px\" \/><figcaption>Machine de fa\u00e7onnage \u00e0 chaud<\/figcaption><\/figure>    <h2 class=\"wp-block-heading\">Caract\u00e9ristiques de la presse \u00e0 chaud semi-automatique<\/h2>    <ol class=\"wp-block-list\"><li>La presse \u00e0 chaud pour plateaux \u00e0 \u0153ufs a une structure simple et une apparence soign\u00e9e.<\/li><li>Son syst\u00e8me de commande \u00e9lectrique est assez stable et les performances pneumatiques sont satisfaisantes.<\/li><li>La nouvelle presse \u00e0 chaud est aliment\u00e9e par des v\u00e9rins pneumatiques et hydrauliques.<\/li><li>Par cons\u00e9quent, cette machine a un rendement \u00e9lev\u00e9, une pression \u00e9lev\u00e9e et une bonne \u00e9conomie d\u2019\u00e9nergie.<\/li><li>La machine est \u00e9quip\u00e9e d'un dispositif de comptage facile \u00e0 utiliser.<\/li><\/ol>    <h2 class=\"wp-block-heading\">Param\u00e8tres de la machine de presse \u00e0 chaud de p\u00e2te<\/h2>    <figure class=\"wp-block-table\"><table><tbody><tr><td>Nom de la machine<\/td><td>Machine de pressage \u00e0 chaud<\/td><\/tr><tr><td>Dimension<\/td><td>1200*800*1800mm<\/td><\/tr><tr><td>Pression de travail<\/td><td>15 tonnes<\/td><\/tr><tr><td>Pouvoir<\/td><td>6,5 kW<\/td><\/tr><tr><td>Temp\u00e9rature de fonctionnement<\/td><td>160 ~ 200 \u2103<\/td><\/tr><tr><td>Temps de cycle de travail<\/td><td>6-10 secondes<\/td><\/tr><tr><td>Air comprim\u00e9 requis<\/td><td>0,5 ~ 0,6MPa, 1M3\/min\u00a0;<\/td><\/tr><tr><td>Contr\u00f4le<\/td><td>Contr\u00f4le par API<\/td><\/tr><\/tbody><\/table><figcaption>Param\u00e8tres de la machine de presse \u00e0 chaud pour p\u00e2te \u00e0 papier<\/figcaption><\/figure>","protected":false},"excerpt":{"rendered":"<p>La presse \u00e0 chaud pour plateaux \u00e0 \u0153ufs est l'un des \u00e9quipements auxiliaires de la cha\u00eene de production de plateaux \u00e0 \u0153ufs. Il est utilis\u00e9 apr\u00e8s le s\u00e9choir \u00e0 plateaux \u00e0 \u0153ufs.<\/p>","protected":false},"author":1,"featured_media":156,"parent":0,"template":"","tags":[32,28,33],"product-type":[6],"class_list":["post-79","product","type-product","status-publish","has-post-thumbnail","hentry","tag-egg-tray-hot-press-machine","tag-egg-tray-manufacturing-plant","tag-hot-press-shaping-machine","product-type-egg-tray-pressing-machine"],"_links":{"self":[{"href":"https:\/\/eggtraym.com\/fr\/wp-json\/wp\/v2\/product\/79","targetHints":{"allow":["GET"]}}],"collection":[{"href":"https:\/\/eggtraym.com\/fr\/wp-json\/wp\/v2\/product"}],"about":[{"href":"https:\/\/eggtraym.com\/fr\/wp-json\/wp\/v2\/types\/product"}],"author":[{"embeddable":true,"href":"https:\/\/eggtraym.com\/fr\/wp-json\/wp\/v2\/users\/1"}],"wp:featuredmedia":[{"embeddable":true,"href":"https:\/\/eggtraym.com\/fr\/wp-json\/wp\/v2\/media\/156"}],"wp:attachment":[{"href":"https:\/\/eggtraym.com\/fr\/wp-json\/wp\/v2\/media?parent=79"}],"wp:term":[{"taxonomy":"post_tag","embeddable":true,"href":"https:\/\/eggtraym.com\/fr\/wp-json\/wp\/v2\/tags?post=79"},{"taxonomy":"product-type","embeddable":true,"href":"https:\/\/eggtraym.com\/fr\/wp-json\/wp\/v2\/product-type?post=79"}],"curies":[{"name":"wp","href":"https:\/\/api.w.org\/{rel}","templated":true}]}}