{"id":77,"date":"2022-09-14T08:19:37","date_gmt":"2022-09-14T08:19:37","guid":{"rendered":"https:\/\/eggtraym.com\/?post_type=product&#038;p=77"},"modified":"2025-06-26T17:08:50","modified_gmt":"2025-06-26T09:08:50","slug":"egg-tray-dryer","status":"publish","type":"product","link":"https:\/\/eggtraym.com\/fr\/product\/egg-tray-dryer\/","title":{"rendered":"Machine de s\u00e9chage continue multicouche de s\u00e9choir \u00e0 plateaux d'oeufs"},"content":{"rendered":"<div class=\"kk-star-ratings kksr-auto kksr-align-left kksr-valign-top\"     data-payload='{&quot;align&quot;:&quot;left&quot;,&quot;id&quot;:&quot;77&quot;,&quot;slug&quot;:&quot;default&quot;,&quot;valign&quot;:&quot;top&quot;,&quot;ignore&quot;:&quot;&quot;,&quot;reference&quot;:&quot;auto&quot;,&quot;class&quot;:&quot;&quot;,&quot;count&quot;:&quot;65&quot;,&quot;legendonly&quot;:&quot;&quot;,&quot;readonly&quot;:&quot;&quot;,&quot;score&quot;:&quot;4.8&quot;,&quot;starsonly&quot;:&quot;&quot;,&quot;best&quot;:&quot;5&quot;,&quot;gap&quot;:&quot;5&quot;,&quot;greet&quot;:&quot;Rate this product&quot;,&quot;legend&quot;:&quot;4.8\\\/5 - (65 votes)&quot;,&quot;size&quot;:&quot;24&quot;,&quot;title&quot;:&quot;Egg Tray Dryer Multi-layer Continuous Drying Machine&quot;,&quot;width&quot;:&quot;136.7&quot;,&quot;_legend&quot;:&quot;{score}\\\/{best} - ({count} {votes})&quot;,&quot;font_factor&quot;:&quot;1.25&quot;}'>              <div class=\"kksr-stars\">      <div class=\"kksr-stars-inactive\">             <div class=\"kksr-star\" data-star=\"1\" style=\"padding-right: 5px\">               <div class=\"kksr-icon\" style=\"width: 24px; height: 24px;\"><\/div>         <\/div>             <div class=\"kksr-star\" data-star=\"2\" style=\"padding-right: 5px\">               <div class=\"kksr-icon\" style=\"width: 24px; height: 24px;\"><\/div>         <\/div>             <div class=\"kksr-star\" data-star=\"3\" style=\"padding-right: 5px\">               <div class=\"kksr-icon\" style=\"width: 24px; height: 24px;\"><\/div>         <\/div>             <div class=\"kksr-star\" data-star=\"4\" style=\"padding-right: 5px\">               <div class=\"kksr-icon\" style=\"width: 24px; height: 24px;\"><\/div>         <\/div>             <div class=\"kksr-star\" data-star=\"5\" style=\"padding-right: 5px\">               <div class=\"kksr-icon\" style=\"width: 24px; height: 24px;\"><\/div>         <\/div>     <\/div>      <div class=\"kksr-stars-active\" style=\"width: 136.7px;\">             <div class=\"kksr-star\" style=\"padding-right: 5px\">               <div class=\"kksr-icon\" style=\"width: 24px; height: 24px;\"><\/div>         <\/div>             <div class=\"kksr-star\" style=\"padding-right: 5px\">               <div class=\"kksr-icon\" style=\"width: 24px; height: 24px;\"><\/div>         <\/div>             <div class=\"kksr-star\" style=\"padding-right: 5px\">               <div class=\"kksr-icon\" style=\"width: 24px; height: 24px;\"><\/div>         <\/div>             <div class=\"kksr-star\" style=\"padding-right: 5px\">               <div class=\"kksr-icon\" style=\"width: 24px; height: 24px;\"><\/div>         <\/div>             <div class=\"kksr-star\" style=\"padding-right: 5px\">               <div class=\"kksr-icon\" style=\"width: 24px; height: 24px;\"><\/div>         <\/div>     <\/div> <\/div>                   <div class=\"kksr-legend\" style=\"font-size: 19.2px;\">             4.8\/5 - (65 votes)    <\/div>     <\/div>  <p>Dans la ligne de production de plateaux \u00e0 \u0153ufs, l'\u00e9tape de s\u00e9chage affecte directement la qualit\u00e9 des produits finis et l'efficacit\u00e9 de la production. En particulier pour les lignes de production de capacit\u00e9 moyenne et grande, le s\u00e9choir \u00e0 plateaux \u00e0 \u0153ufs continu multi-couches est le choix id\u00e9al gr\u00e2ce \u00e0 son efficacit\u00e9 \u00e9lev\u00e9e, son \u00e9conomie d'\u00e9nergie et ses caract\u00e9ristiques intelligentes. <\/p>    <p>La machine adopte un syst\u00e8me avanc\u00e9 de circulation d'air chaud et un panneau de contr\u00f4le intelligent, et prend en charge plusieurs m\u00e9thodes de chauffage : huile, gaz, \u00e9lectricit\u00e9 ou vapeur. Elle peut s\u00e9cher jusqu'\u00e0 10 000 plateaux d'\u0153ufs en 8 heures avec une vitesse de s\u00e9chage rapide et uniforme, ce qui en fait un \u00e9quipement central indispensable pour la production moderne de plateaux d'\u0153ufs. <\/p>    <figure class=\"wp-block-embed aligncenter is-type-video is-provider-youtube wp-block-embed-youtube wp-embed-aspect-16-9 wp-has-aspect-ratio\"><div class=\"wp-block-embed__wrapper\"> <iframe loading=\"lazy\" title=\"Machine de s\u00e9chage continue pour bac \u00e0 papier\u00a0: garantit une qualit\u00e9 constante dans la fabrication de bacs \u00e0 \u0153ufs\u00a0!\" width=\"500\" height=\"281\" src=\"https:\/\/www.youtube.com\/embed\/_8BFitakCJs?feature=oembed\" frameborder=\"0\" allow=\"accelerometer; autoplay; clipboard-write; encrypted-media; gyroscope; picture-in-picture; web-share\" referrerpolicy=\"strict-origin-when-cross-origin\" allowfullscreen><\/iframe> <\/div><figcaption class=\"wp-element-caption\">vid\u00e9o de travail d'une machine de s\u00e9chage continue de plateaux \u00e0 \u0153ufs<\/figcaption><\/figure>    <p>Actuellement, il existe trois m\u00e9thodes principales de s\u00e9chage des plateaux d'\u0153ufs : le s\u00e9chage naturel, le s\u00e9chage au four en briques et le s\u00e9chage continu. Ensuite, nous allons vous pr\u00e9senter en d\u00e9tail les diff\u00e9rentes m\u00e9thodes de s\u00e9chage et les avantages du s\u00e9choir \u00e0 plateaux d'\u0153ufs continu.<\/p>    <h2 class=\"wp-block-heading\" id=\"h-introduction-of-egg-tray-dryer\">Caract\u00e9ristiques du s\u00e9choir \u00e0 plateaux \u00e0 \u0153ufs continu<\/h2>    <ul class=\"wp-block-list\"> <li>Capacit\u00e9 ultra-haute vitesse : la capacit\u00e9 de chargement unique est augment\u00e9e par un design de bande modulaire \u00e0 mailles de 6 \u00e0 12 couches. Efficacit\u00e9 de s\u00e9chage 8 fois sup\u00e9rieure \u00e0 celle des fours \u00e0 briques traditionnels, capacit\u00e9 quotidienne pour r\u00e9pondre aux besoins d'emballage de 200 000 \u0153ufs des grandes fermes avicoles.<\/li>    <li>R\u00e9volution de la consommation d'\u00e9nergie : adoption d'un syst\u00e8me de r\u00e9cup\u00e9ration de chaleur des gaz d'\u00e9chappement (rendement thermique \u226590%) et technologie d'alimentation en air \u00e0 fr\u00e9quence variable par zones, la consommation d'\u00e9nergie unitaire est aussi basse que 0,11 kW-h\/toe, par rapport \u00e0 l'\u00e9quipement traditionnel, \u00e9conomie d'\u00e9nergie de 30%-40% par rapport \u00e0 l'\u00e9quipement traditionnel.<\/li>    <li>S\u00e9chage sans dommage : \u00c9quilibre dynamique du champ de temp\u00e9rature intelligent, vitesse du vent r\u00e9glable par paliers. Assurez-vous que la teneur en eau du plateau \u00e0 \u0153ufs est r\u00e9duite (taux de conformit\u00e9 \u226598%) et que le taux de casse &lt;0,5%.<\/li>    <li>Adaptabilit\u00e9 de la source de chaleur polyvalente : compatibilit\u00e9 multi-combustibles gaz\/vapeur\/biomasse\/\u00e9lectricit\u00e9, prise en charge d'un atelier sans chaudi\u00e8re directement connect\u00e9 \u00e0 la production, les \u00e9missions de carbone sont r\u00e9duites.<\/li> <\/ul>    <figure class=\"wp-block-gallery aligncenter has-nested-images columns-default is-cropped wp-block-gallery-2 is-layout-flex wp-block-gallery-is-layout-flex\"><div class=\"wp-block-image\"> <figure class=\"aligncenter size-large\"><img loading=\"lazy\" decoding=\"async\" width=\"720\" height=\"540\" data-id=\"151\" src=\"https:\/\/eggtraym.com\/wp-content\/uploads\/2022\/09\/Egg-tray-dryer-2-1.webp\" alt=\"S\u00e9cheuse \u00e0 plateaux \u00e0 \u0153ufs\" class=\"wp-image-151\" title=\"\" srcset=\"https:\/\/eggtraym.com\/wp-content\/uploads\/2022\/09\/Egg-tray-dryer-2-1.webp 720w, https:\/\/eggtraym.com\/wp-content\/uploads\/2022\/09\/Egg-tray-dryer-2-1-300x225.webp 300w\" sizes=\"auto, (max-width: 720px) 100vw, 720px\" \/><figcaption class=\"wp-element-caption\">S\u00e9cheuse \u00e0 plateaux \u00e0 \u0153ufs<\/figcaption><\/figure> <\/div><\/figure>    <h2 class=\"wp-block-heading\" id=\"h-the-working-principle-of-the-paper-egg-tray-drying-line\">Principe de fonctionnement de la ligne de s\u00e9chage de plateaux \u00e0 \u0153ufs en papier <\/h2>   <div id=\"rank-math-howto\" class=\"rank-math-block\" > <div class=\"rank-math-howto-description\">  <\/div>  <div class=\"rank-math-steps\"> <div id=\"howto-step-1750928021723\" class=\"rank-math-step\"> <h3 class=\"rank-math-step-title\">Multiples sources d'\u00e9nergie pour chauffer l'air<\/h3> <div class=\"rank-math-step-content\"><p>L'\u00e9quipement peut choisir le fioul, le gaz, l'\u00e9lectricit\u00e9 ou la vapeur (huile thermique) comme source de chaleur en fonction de la demande r\u00e9elle pour chauffer l'air et g\u00e9n\u00e9rer de l'air chaud.<\/p> <\/div> <\/div> <div id=\"howto-step-1750928040279\" class=\"rank-math-step\"> <h3 class=\"rank-math-step-title\">L'air chaud circule pour chauffer le plateau \u00e0 \u0153ufs<\/h3> <div class=\"rank-math-step-content\"><p>L'air chaud est souffl\u00e9 uniform\u00e9ment dans la zone de s\u00e9chage, chauffant le plateau \u00e0 \u0153ufs dans toutes les directions et acc\u00e9l\u00e9rant l'\u00e9vaporation de l'eau.<\/p> <\/div> <\/div> <div id=\"howto-step-1750928051206\" class=\"rank-math-step\"> <h3 class=\"rank-math-step-title\">La vapeur d'eau est \u00e9vacu\u00e9e \u00e0 temps<\/h3> <div class=\"rank-math-step-content\"><p>Le puissant ventilateur int\u00e9gr\u00e9 \u00e9vacuera rapidement la vapeur d'eau \u00e9vapor\u00e9e des plateaux d'\u0153ufs pour maintenir l'environnement de s\u00e9chage sec, ce qui aide \u00e0 am\u00e9liorer la vitesse et l'efficacit\u00e9 du s\u00e9chage.<\/p> <\/div> <\/div> <div id=\"howto-step-1750928061495\" class=\"rank-math-step\"> <h3 class=\"rank-math-step-title\">Structure de fonctionnement continu<\/h3> <div class=\"rank-math-step-content\"><p>En adoptant une structure de transport continue \u00e0 une ou plusieurs couches, les plateaux \u00e0 \u0153ufs peuvent \u00eatre transport\u00e9s en continu dans le canal de s\u00e9chage sans manipulation manuelle, ce qui augmente la capacit\u00e9 de production.<\/p> <\/div> <\/div> <div id=\"howto-step-1750928074621\" class=\"rank-math-step\"> <h3 class=\"rank-math-step-title\">Syst\u00e8me de contr\u00f4le intelligent<\/h3> <div class=\"rank-math-step-content\"><p>Le syst\u00e8me peut contr\u00f4ler automatiquement la temp\u00e9rature, la vitesse du vent et la vitesse de transport pour r\u00e9aliser un processus de s\u00e9chage stable et contr\u00f4lable et garantir la qualit\u00e9 des plateaux d'\u0153ufs finis.<\/p> <\/div> <\/div> <\/div> <\/div>      <div class=\"wp-block-image\"> <figure class=\"aligncenter size-full\"><img loading=\"lazy\" decoding=\"async\" width=\"720\" height=\"540\" src=\"https:\/\/eggtraym.com\/wp-content\/uploads\/2022\/09\/metal-egg-tray-dryer-2.webp\" alt=\"s\u00e9choir continu \u00e0 plateaux \u00e0 \u0153ufs\" class=\"wp-image-149\" title=\"S\u00e9choir \u00e0 plateaux \u00e0 \u0153ufs en m\u00e9tal\" srcset=\"https:\/\/eggtraym.com\/wp-content\/uploads\/2022\/09\/metal-egg-tray-dryer-2.webp 720w, https:\/\/eggtraym.com\/wp-content\/uploads\/2022\/09\/metal-egg-tray-dryer-2-300x225.webp 300w\" sizes=\"auto, (max-width: 720px) 100vw, 720px\" \/><figcaption class=\"wp-element-caption\">s\u00e9choir continu \u00e0 plateaux \u00e0 \u0153ufs<\/figcaption><\/figure> <\/div>   <h2 class=\"wp-block-heading\" id=\"h-structure-of-the-egg-tray-drying-system\">Structure du syst\u00e8me de s\u00e9chage des plateaux \u00e0 \u0153ufs<\/h2>    <p>Le syst\u00e8me de s\u00e9chage des plateaux \u00e0 \u0153ufs comprend principalement la bo\u00eete h\u00f4te, l'\u00e9quipement de chauffage, les ventilateurs, les tuyaux, les cha\u00eenes, les pignons, les plateaux grillag\u00e9s, etc. L'ensemble de la machine est stable en fonctionnement, s\u00fbr et fiable, rapide \u00e0 s\u00e9cher et hautement automatis\u00e9.<\/p>   <div class=\"wp-block-image\"> <figure class=\"aligncenter size-full\"><img loading=\"lazy\" decoding=\"async\" width=\"720\" height=\"540\" src=\"https:\/\/eggtraym.com\/wp-content\/uploads\/2022\/09\/dryer-machine-internal-structure.webp\" alt=\"structure interne du s\u00e8che-linge\" class=\"wp-image-656\" title=\"\" srcset=\"https:\/\/eggtraym.com\/wp-content\/uploads\/2022\/09\/dryer-machine-internal-structure.webp 720w, https:\/\/eggtraym.com\/wp-content\/uploads\/2022\/09\/dryer-machine-internal-structure-300x225.webp 300w, https:\/\/eggtraym.com\/wp-content\/uploads\/2022\/09\/dryer-machine-internal-structure-16x12.webp 16w\" sizes=\"auto, (max-width: 720px) 100vw, 720px\" \/><figcaption class=\"wp-element-caption\">structure interne de la s\u00e9cheuse<\/figcaption><\/figure> <\/div>   <h2 class=\"wp-block-heading\">Param\u00e8tres techniques de la machine de s\u00e9chage de bacs \u00e0 papier<\/h2>    <p>Ci-dessous, nous d\u00e9taillons les principales sp\u00e9cifications techniques et les donn\u00e9es de performance de ce s\u00e9choir \u00e0 plateaux d'\u0153ufs. Ces param\u00e8tres couvrent sa capacit\u00e9, sa consommation d'\u00e9nergie et d'autres caract\u00e9ristiques essentielles. Cela peut vous aider \u00e0 \u00e9valuer pleinement l'ad\u00e9quation et l'efficacit\u00e9 de l'\u00e9quipement.<\/p>    <figure class=\"wp-block-table is-style-stripes\"><table><tbody><tr><td class=\"has-text-align-left\" data-align=\"left\">Moule<\/td><td class=\"has-text-align-center\" data-align=\"center\">Sortir<\/td><td class=\"has-text-align-center\" data-align=\"center\">Consommation de papier<\/td><td class=\"has-text-align-center\" data-align=\"center\">Consommation d'eau<\/td><td class=\"has-text-align-center\" data-align=\"center\">\u00c9nergie utilis\u00e9e<\/td><td class=\"has-text-align-center\" data-align=\"center\">Num\u00e9ro de travailleur<\/td><\/tr><tr><td class=\"has-text-align-left\" data-align=\"left\">SL-4*4<\/td><td class=\"has-text-align-center\" data-align=\"center\">3500 pc\/h<\/td><td class=\"has-text-align-center\" data-align=\"center\">280kg\/heure<\/td><td class=\"has-text-align-center\" data-align=\"center\">560kg\/heure<\/td><td class=\"has-text-align-center\" data-align=\"center\">78kg\/heure<\/td><td class=\"has-text-align-center\" data-align=\"center\">4-5<\/td><\/tr><tr><td class=\"has-text-align-left\" data-align=\"left\">SL-4*8<\/td><td class=\"has-text-align-center\" data-align=\"center\">4000 pc\/h<\/td><td class=\"has-text-align-center\" data-align=\"center\">320kg\/heure<\/td><td class=\"has-text-align-center\" data-align=\"center\">600kg\/heure<\/td><td class=\"has-text-align-center\" data-align=\"center\">80kg\/heure<\/td><td class=\"has-text-align-center\" data-align=\"center\">5-6<\/td><\/tr><tr><td class=\"has-text-align-left\" data-align=\"left\">SL-5*8<\/td><td class=\"has-text-align-center\" data-align=\"center\">5000 pc\/h<\/td><td class=\"has-text-align-center\" data-align=\"center\">400kg\/h<\/td><td class=\"has-text-align-center\" data-align=\"center\">750kg\/h<\/td><td class=\"has-text-align-center\" data-align=\"center\">85kg\/heure<\/td><td class=\"has-text-align-center\" data-align=\"center\">3-4<\/td><\/tr><tr><td class=\"has-text-align-left\" data-align=\"left\">SL-5*12<\/td><td class=\"has-text-align-center\" data-align=\"center\">6000 pc\/h<\/td><td class=\"has-text-align-center\" data-align=\"center\">480kg\/heure<\/td><td class=\"has-text-align-center\" data-align=\"center\">900kg\/h<\/td><td class=\"has-text-align-center\" data-align=\"center\">90kg\/h<\/td><td class=\"has-text-align-center\" data-align=\"center\">3-4<\/td><\/tr><tr><td class=\"has-text-align-left\" data-align=\"left\">SL-6*12<\/td><td class=\"has-text-align-center\" data-align=\"center\">8000 pc\/h<\/td><td class=\"has-text-align-center\" data-align=\"center\">640 kg\/heure<\/td><td class=\"has-text-align-center\" data-align=\"center\">1040 kg\/heure<\/td><td class=\"has-text-align-center\" data-align=\"center\">100kg\/heure<\/td><td class=\"has-text-align-center\" data-align=\"center\">3-4<\/td><\/tr><\/tbody><\/table><figcaption class=\"wp-element-caption\">Param\u00e8tres du s\u00e9choir \u00e0 plateaux \u00e0 \u0153ufs<\/figcaption><\/figure>   <div class=\"wp-block-image is-resized\"> <figure class=\"aligncenter size-full\"><img loading=\"lazy\" decoding=\"async\" width=\"720\" height=\"540\" src=\"https:\/\/eggtraym.com\/wp-content\/uploads\/2022\/09\/metal-egg-tray-dryer-.webp\" alt=\"s\u00e9choir \u00e0 bacs \u00e0 papier multicouche\" class=\"wp-image-148\" title=\"S\u00e9choir \u00e0 plateaux \u00e0 \u0153ufs en m\u00e9tal\" srcset=\"https:\/\/eggtraym.com\/wp-content\/uploads\/2022\/09\/metal-egg-tray-dryer-.webp 720w, https:\/\/eggtraym.com\/wp-content\/uploads\/2022\/09\/metal-egg-tray-dryer--300x225.webp 300w\" sizes=\"auto, (max-width: 720px) 100vw, 720px\" \/><figcaption class=\"wp-element-caption\">s\u00e9choir \u00e0 bacs \u00e0 papier multicouche<\/figcaption><\/figure> <\/div>   <h2 class=\"wp-block-heading\">Trieur de plateaux \u00e0 \u0153ufs<\/h2>    <p class=\"translation-block\">Dans la <strong><em><a href=\"https:\/\/eggtraym.com\/fr\/product\/egg-tray-manufacturing-plant\/\">ligne de production de plateaux \u00e0 \u0153ufs<\/a><\/em><\/strong>, les plateaux \u00e0 \u0153ufs finis sont s\u00e9ch\u00e9s. Ensuite, imm\u00e9diatement suivis par la machine de tri pour organiser et collecter les plateaux. Ce processus garantit que les plateaux \u00e0 \u0153ufs sont soigneusement empil\u00e9s et pr\u00eats pour l'emballage et le transport ult\u00e9rieurs. La figure ci-dessous montre l'effet r\u00e9el en fonctionnement.<\/p>   <div class=\"wp-block-image\"> <figure class=\"aligncenter size-full\"><img loading=\"lazy\" decoding=\"async\" width=\"720\" height=\"540\" src=\"https:\/\/eggtraym.com\/wp-content\/uploads\/2022\/09\/egg-tray-sorter-device.webp\" alt=\"dispositif de tri de plateaux \u00e0 \u0153ufs\" class=\"wp-image-655\" title=\"\" srcset=\"https:\/\/eggtraym.com\/wp-content\/uploads\/2022\/09\/egg-tray-sorter-device.webp 720w, https:\/\/eggtraym.com\/wp-content\/uploads\/2022\/09\/egg-tray-sorter-device-300x225.webp 300w, https:\/\/eggtraym.com\/wp-content\/uploads\/2022\/09\/egg-tray-sorter-device-16x12.webp 16w\" sizes=\"auto, (max-width: 720px) 100vw, 720px\" \/><figcaption class=\"wp-element-caption\">dispositif de tri de plateaux \u00e0 \u0153ufs<\/figcaption><\/figure> <\/div>   <h2 class=\"wp-block-heading\">Autres s\u00e9choirs pour plateaux \u00e0 \u0153ufs<\/h2>    <p>Vous trouverez ci-dessous deux autres m\u00e9thodes de s\u00e9chage sur plateau \u00e0 \u0153ufs. Nous pouvons vous les recommander en fonction du rendement de votre ligne de production de plateaux \u00e0 \u0153ufs et de la taille de votre site. Et nous pouvons \u00e9galement vous aider dans la conception lorsque vous choisissez le s\u00e9chage au four \u00e0 briques.<\/p>    <figure class=\"wp-block-gallery has-nested-images columns-default is-cropped wp-block-gallery-3 is-layout-flex wp-block-gallery-is-layout-flex\"> <figure class=\"wp-block-image size-large\"><img loading=\"lazy\" decoding=\"async\" width=\"720\" height=\"540\" data-id=\"153\" src=\"https:\/\/eggtraym.com\/wp-content\/uploads\/2022\/09\/manual-drying-egg-tray-.webp\" alt=\"plateau \u00e0 \u0153ufs \u00e0 s\u00e9chage manuel\" class=\"wp-image-153\" title=\"plateau \u00e0 \u0153ufs \u00e0 s\u00e9chage naturel\" srcset=\"https:\/\/eggtraym.com\/wp-content\/uploads\/2022\/09\/manual-drying-egg-tray-.webp 720w, https:\/\/eggtraym.com\/wp-content\/uploads\/2022\/09\/manual-drying-egg-tray--300x225.webp 300w\" sizes=\"auto, (max-width: 720px) 100vw, 720px\" \/><figcaption class=\"wp-element-caption\">Plateau \u00e0 \u0153ufs \u00e0 s\u00e9chage manuel<\/figcaption><\/figure>    <figure class=\"wp-block-image size-full\"><img loading=\"lazy\" decoding=\"async\" width=\"720\" height=\"540\" data-id=\"154\" src=\"https:\/\/eggtraym.com\/wp-content\/uploads\/2022\/09\/brick-egg-tray-dryer-1-1.webp\" alt=\"S\u00e9choir \u00e0 plateaux \u00e0 \u0153ufs en brique\" class=\"wp-image-154\" title=\"S\u00e9choir \u00e0 plateaux \u00e0 \u0153ufs en brique \" srcset=\"https:\/\/eggtraym.com\/wp-content\/uploads\/2022\/09\/brick-egg-tray-dryer-1-1.webp 720w, https:\/\/eggtraym.com\/wp-content\/uploads\/2022\/09\/brick-egg-tray-dryer-1-1-300x225.webp 300w\" sizes=\"auto, (max-width: 720px) 100vw, 720px\" \/><figcaption class=\"wp-element-caption\">S\u00e9choir \u00e0 plateaux \u00e0 \u0153ufs en brique<\/figcaption><\/figure> <\/figure>    <h2 class=\"wp-block-heading\">Contactez-nous<\/h2>    <p>En tant que fabricant leader de machines de traitement de plateaux \u00e0 \u0153ufs, nous nous engageons \u00e0 r\u00e9pondre aux besoins diversifi\u00e9s de nos clients du monde entier et avons acquis une r\u00e9putation internationale pour nos produits et services de qualit\u00e9 sup\u00e9rieure.<\/p>    <p class=\"translation-block\">Nos \u00e9quipements de s\u00e9chage de plateaux \u00e0 \u0153ufs ont \u00e9t\u00e9 export\u00e9s avec succ\u00e8s dans de nombreux pays tels que l'<a href=\"https:\/\/en.wikipedia.org\/wiki\/Ethiopia\" target=\"_blank\" rel=\"noopener\">\u00c9thiopie<\/a>, le Liban, l'Afrique du Sud, le S\u00e9n\u00e9gal, le Ghana, la Zambie et l'\u00c9gypte, o\u00f9 ils sont largement utilis\u00e9s sur diff\u00e9rents march\u00e9s.<\/p>    <p>Nous fournissons des services de conception et de production personnalis\u00e9s pour garantir que chaque s\u00e9choir puisse r\u00e9pondre pr\u00e9cis\u00e9ment aux exigences sp\u00e9cifiques de nos clients. De plus, nous proposons des services complets allant du conseil et de la conception au support apr\u00e8s-vente. N'h\u00e9sitez pas \u00e0 nous contacter pour plus d'informations et des conseils professionnels.<\/p>","protected":false},"excerpt":{"rendered":"<p>Ce s\u00e9choir \u00e0 plateaux \u00e0 \u0153ufs continu multicouche utilise une technologie avanc\u00e9e de circulation d'air chaud et un syst\u00e8me de contr\u00f4le intelligent. Il garantit des r\u00e9sultats de s\u00e9chage optimaux pour chaque lot de plateaux \u00e0 \u0153ufs.<\/p>","protected":false},"author":1,"featured_media":143,"parent":0,"template":"","tags":[26,31],"product-type":[5],"class_list":["post-77","product","type-product","status-publish","has-post-thumbnail","hentry","tag-egg-tray-dryer","tag-paper-egg-tray-drying-line","product-type-egg-tray-drying-machine"],"_links":{"self":[{"href":"https:\/\/eggtraym.com\/fr\/wp-json\/wp\/v2\/product\/77","targetHints":{"allow":["GET"]}}],"collection":[{"href":"https:\/\/eggtraym.com\/fr\/wp-json\/wp\/v2\/product"}],"about":[{"href":"https:\/\/eggtraym.com\/fr\/wp-json\/wp\/v2\/types\/product"}],"author":[{"embeddable":true,"href":"https:\/\/eggtraym.com\/fr\/wp-json\/wp\/v2\/users\/1"}],"wp:featuredmedia":[{"embeddable":true,"href":"https:\/\/eggtraym.com\/fr\/wp-json\/wp\/v2\/media\/143"}],"wp:attachment":[{"href":"https:\/\/eggtraym.com\/fr\/wp-json\/wp\/v2\/media?parent=77"}],"wp:term":[{"taxonomy":"post_tag","embeddable":true,"href":"https:\/\/eggtraym.com\/fr\/wp-json\/wp\/v2\/tags?post=77"},{"taxonomy":"product-type","embeddable":true,"href":"https:\/\/eggtraym.com\/fr\/wp-json\/wp\/v2\/product-type?post=77"}],"curies":[{"name":"wp","href":"https:\/\/api.w.org\/{rel}","templated":true}]}}