{"id":74,"date":"2022-09-14T07:25:56","date_gmt":"2022-09-14T07:25:56","guid":{"rendered":"https:\/\/eggtraym.com\/?post_type=product&#038;p=74"},"modified":"2022-09-28T18:25:53","modified_gmt":"2022-09-28T10:25:53","slug":"egg-tray-pulping-machine","status":"publish","type":"product","link":"https:\/\/eggtraym.com\/fr\/product\/egg-tray-pulping-machine\/","title":{"rendered":"Machine de r\u00e9duction en p\u00e2te pour plateaux \u00e0 \u0153ufs, syst\u00e8me de r\u00e9duction en p\u00e2te int\u00e9gr\u00e9"},"content":{"rendered":"<div class=\"kk-star-ratings kksr-auto kksr-align-left kksr-valign-top\"     data-payload='{&quot;align&quot;:&quot;left&quot;,&quot;id&quot;:&quot;74&quot;,&quot;slug&quot;:&quot;default&quot;,&quot;valign&quot;:&quot;top&quot;,&quot;ignore&quot;:&quot;&quot;,&quot;reference&quot;:&quot;auto&quot;,&quot;class&quot;:&quot;&quot;,&quot;count&quot;:&quot;6&quot;,&quot;legendonly&quot;:&quot;&quot;,&quot;readonly&quot;:&quot;&quot;,&quot;score&quot;:&quot;4.5&quot;,&quot;starsonly&quot;:&quot;&quot;,&quot;best&quot;:&quot;5&quot;,&quot;gap&quot;:&quot;5&quot;,&quot;greet&quot;:&quot;Rate this product&quot;,&quot;legend&quot;:&quot;4.5\\\/5 - (6 votes)&quot;,&quot;size&quot;:&quot;24&quot;,&quot;title&quot;:&quot;Egg tray pulping machine\u4e28integrated pulping system&quot;,&quot;width&quot;:&quot;128&quot;,&quot;_legend&quot;:&quot;{score}\\\/{best} - ({count} {votes})&quot;,&quot;font_factor&quot;:&quot;1.25&quot;}'>              <div class=\"kksr-stars\">      <div class=\"kksr-stars-inactive\">             <div class=\"kksr-star\" data-star=\"1\" style=\"padding-right: 5px\">               <div class=\"kksr-icon\" style=\"width: 24px; height: 24px;\"><\/div>         <\/div>             <div class=\"kksr-star\" data-star=\"2\" style=\"padding-right: 5px\">               <div class=\"kksr-icon\" style=\"width: 24px; height: 24px;\"><\/div>         <\/div>             <div class=\"kksr-star\" data-star=\"3\" style=\"padding-right: 5px\">               <div class=\"kksr-icon\" style=\"width: 24px; height: 24px;\"><\/div>         <\/div>             <div class=\"kksr-star\" data-star=\"4\" style=\"padding-right: 5px\">               <div class=\"kksr-icon\" style=\"width: 24px; height: 24px;\"><\/div>         <\/div>             <div class=\"kksr-star\" data-star=\"5\" style=\"padding-right: 5px\">               <div class=\"kksr-icon\" style=\"width: 24px; height: 24px;\"><\/div>         <\/div>     <\/div>      <div class=\"kksr-stars-active\" style=\"width: 128px;\">             <div class=\"kksr-star\" style=\"padding-right: 5px\">               <div class=\"kksr-icon\" style=\"width: 24px; height: 24px;\"><\/div>         <\/div>             <div class=\"kksr-star\" style=\"padding-right: 5px\">               <div class=\"kksr-icon\" style=\"width: 24px; height: 24px;\"><\/div>         <\/div>             <div class=\"kksr-star\" style=\"padding-right: 5px\">               <div class=\"kksr-icon\" style=\"width: 24px; height: 24px;\"><\/div>         <\/div>             <div class=\"kksr-star\" style=\"padding-right: 5px\">               <div class=\"kksr-icon\" style=\"width: 24px; height: 24px;\"><\/div>         <\/div>             <div class=\"kksr-star\" style=\"padding-right: 5px\">               <div class=\"kksr-icon\" style=\"width: 24px; height: 24px;\"><\/div>         <\/div>     <\/div> <\/div>                   <div class=\"kksr-legend\" style=\"font-size: 19.2px;\">             4,5\/5 - (6 votes)    <\/div>     <\/div>  <p>La machine \u00e0 r\u00e9duire en p\u00e2te les plateaux \u00e0 \u0153ufs est un \u00e9quipement n\u00e9cessaire dans la production de plateaux \u00e0 \u0153ufs. La machine peut traiter diverses mati\u00e8res premi\u00e8res de papier avec de l'eau en une p\u00e2te uniforme. La pulpe transform\u00e9e peut \u00eatre utilis\u00e9e pour fabriquer divers plateaux \u00e0 \u0153ufs, pi\u00e8ces, t\u00e9l\u00e9phones portables, accessoires, objets artisanaux, vin, fruits et autres emballages.<\/p>    <h2 class=\"wp-block-heading\" id=\"h-what-is-the-egg-tray-pulping-machine\">Qu'est-ce que la machine \u00e0 r\u00e9duire en p\u00e2te les plateaux \u00e0 \u0153ufs\u00a0?<\/h2>    <p class=\"translation-block\">La machine de mise en p\u00e2te de plateaux \u00e0 \u0153ufs peut traiter toutes sortes de papier d\u00e9chiquet\u00e9, de rebuts de papier, de cartons, etc. en pulpe. Cette machine est g\u00e9n\u00e9ralement utilis\u00e9e pour traiter les mati\u00e8res premi\u00e8res pour la formation de plateaux \u00e0 \u0153ufs. C'est l'\u00e9quipement de base n\u00e9cessaire pour la <a href=\"https:\/\/eggtraym.com\/fr\/product\/automatic-egg-tray-machine\/\">machine de fabrication de plateaux \u00e0 \u0153ufs<\/a>. La pulpe trait\u00e9e est utilis\u00e9e pour fabriquer divers plateaux \u00e0 \u0153ufs, plateaux \u00e0 pommes et autres produits d'emballage. Nous avons diff\u00e9rents mod\u00e8les de batteurs \u00e0 pulpe. Il peut \u00eatre utilis\u00e9 avec diff\u00e9rentes machines de plateaux \u00e0 \u0153ufs. C'est \u00e9galement l'un des \u00e9quipements n\u00e9cessaires pour la <a href=\"https:\/\/www.shuliy.com\/product\/egg-tray-production-line-plant\/\" target=\"_blank\" rel=\"noopener\">ligne de production de plateaux \u00e0 \u0153ufs<\/a>.<\/p>    <figure class=\"wp-block-image size-full\"><img loading=\"lazy\" decoding=\"async\" width=\"720\" height=\"540\" src=\"https:\/\/eggtraym.com\/wp-content\/uploads\/2022\/09\/egg-tray-pulping-machine-.webp\" alt=\"machine \u00e0 r\u00e9duire en p\u00e2te les plateaux \u00e0 \u0153ufs\" class=\"wp-image-139\" title=\"machine \u00e0 r\u00e9duire en p\u00e2te les plateaux \u00e0 \u0153ufs\" srcset=\"https:\/\/eggtraym.com\/wp-content\/uploads\/2022\/09\/egg-tray-pulping-machine-.webp 720w, https:\/\/eggtraym.com\/wp-content\/uploads\/2022\/09\/egg-tray-pulping-machine--300x225.webp 300w\" sizes=\"auto, (max-width: 720px) 100vw, 720px\" \/><figcaption>Machine de r\u00e9duction en p\u00e2te de plateaux \u00e0 \u0153ufs<\/figcaption><\/figure>    <h2 class=\"wp-block-heading\" id=\"h-working-principle-of-egg-tray-pulping-system\">Principe de fonctionnement du syst\u00e8me de r\u00e9duction en p\u00e2te \u00e0 \u0153ufs<\/h2>    <p>La pulpe circule dans le r\u00e9servoir et, gr\u00e2ce \u00e0 l'action entre le couteau volant et le couteau inf\u00e9rieur, elle produit une coupe horizontale, une fente verticale et une rupture.<\/p>    <h2 class=\"wp-block-heading\" id=\"h-egg-tray-pulper-s-parameters\">Param\u00e8tres du pulpeur de plateaux \u00e0 \u0153ufs<\/h2>    <figure class=\"wp-block-table\"><table><tbody><tr><td>Nom de la machine<\/td><td>Mod\u00e8le<\/td><td>Pouvoir<\/td><td>Unit\u00e9<\/td><\/tr><tr><td>Pulpeur d'hydre<\/td><td>SL1.0<\/td><td>7,5 kW<\/td><td>1 jeu<\/td><\/tr><tr><td>Vanne papillon<\/td><td>DN100<\/td><td>\/<\/td><td>1 pc<\/td><\/tr><tr><td>Pompe \u00e0 pulpe<\/td><td>3 pouces<\/td><td>2,2 kW<\/td><td>1 jeu<\/td><\/tr><tr><td>Batteur pour bassin \u00e0 pulpe<\/td><td>110 tr\/min<\/td><td>1,5 kW<\/td><td>1 jeu<\/td><\/tr><tr><td>Pompes \u00e0 eaux us\u00e9es&nbsp;<\/td><td>\/<\/td><td>0,75 kW<\/td><td>1 jeu<\/td><\/tr><tr><td>Tuyau de transport de p\u00e2te<\/td><td>\/<\/td><td>\/<\/td><td>1 jeu<\/td><\/tr><\/tbody><\/table><figcaption>Param\u00e8tres du pulpeur de plateaux \u00e0 \u0153ufs<\/figcaption><\/figure>    <h2 class=\"wp-block-heading\" id=\"h-structure-of-paper-shredder\">Structure du destructeur de papier<\/h2>    <p>Le destructeur de papier comprend principalement un tamis cylindrique, un arbre, une h\u00e9lice \u00e0 vis, un grattoir, une tr\u00e9mie, un cadre, un syst\u00e8me de transmission, etc.<\/p>    <figure class=\"wp-block-image size-full\"><img loading=\"lazy\" decoding=\"async\" width=\"720\" height=\"540\" src=\"https:\/\/eggtraym.com\/wp-content\/uploads\/2022\/09\/paper-shredder-.webp\" alt=\"d\u00e9chiqueteuse\" class=\"wp-image-140\" title=\"d\u00e9chiqueteuse\" srcset=\"https:\/\/eggtraym.com\/wp-content\/uploads\/2022\/09\/paper-shredder-.webp 720w, https:\/\/eggtraym.com\/wp-content\/uploads\/2022\/09\/paper-shredder--300x225.webp 300w\" sizes=\"auto, (max-width: 720px) 100vw, 720px\" \/><figcaption>D\u00e9chiqueteuse<\/figcaption><\/figure>    <h2 class=\"wp-block-heading\" id=\"h-factors-that-affect-the-material-crushing-degree-of-pulping-machine\">Facteurs qui affectent le degr\u00e9 de concassage du mat\u00e9riau de la machine \u00e0 p\u00e2te <\/h2>    <ol class=\"wp-block-list\"><li>La nature du mat\u00e9riau lui-m\u00eame.<\/li><li>Diam\u00e8tre du tamis : 0,4 ~ 1,5 mm, diff\u00e9rentes mati\u00e8res premi\u00e8res et exigences de traitement, peuvent \u00eatre \u00e9chang\u00e9es contre diff\u00e9rentes ouvertures du cylindre de tamis.<\/li><li>La surface totale des trous de tamisage repr\u00e9sente un pourcentage de la surface totale du cylindre de tamisage.<\/li><li>Angle de guidage 1.52.0 (avec 3\u00b0).<\/li><li>Distance entre le b\u00e2ton et la paroi int\u00e9rieure : 1 ~ 4 mm.<\/li><li>Vitesse de l'arbre.<\/li><\/ol>    <figure class=\"wp-block-image size-full\"><img loading=\"lazy\" decoding=\"async\" width=\"720\" height=\"540\" src=\"https:\/\/eggtraym.com\/wp-content\/uploads\/2022\/09\/pulping-machine-.webp\" alt=\"machine \u00e0 r\u00e9duire en p\u00e2te \" class=\"wp-image-141\" title=\"machine \u00e0 r\u00e9duire en p\u00e2te \" srcset=\"https:\/\/eggtraym.com\/wp-content\/uploads\/2022\/09\/pulping-machine-.webp 720w, https:\/\/eggtraym.com\/wp-content\/uploads\/2022\/09\/pulping-machine--300x225.webp 300w\" sizes=\"auto, (max-width: 720px) 100vw, 720px\" \/><figcaption>Machine de mise en p\u00e2te <\/figcaption><\/figure>    <h2 class=\"wp-block-heading\" id=\"h-advantages-of-paper-pulping-machine\">Avantages de la machine \u00e0 p\u00e2te \u00e0 papier<\/h2>    <ol class=\"wp-block-list\"><li>Le pulpeur peut traiter la boue de mani\u00e8re efficace, compl\u00e8te et uniforme.<\/li><li>La machine a une efficacit\u00e9 de travail \u00e9lev\u00e9e et peut traiter une grande quantit\u00e9 de vieux papiers \u00e0 la fois.<\/li><li>Le pulpeur est vertical, avec une conception nouvelle et une utilisation facile.<\/li><li>Le pulpeur de plateaux \u00e0 \u0153ufs a une faible consommation d'\u00e9nergie, est facile \u00e0 utiliser et \u00e0 faible co\u00fbt.<\/li><\/ol>    <figure class=\"wp-block-image size-full\"><img loading=\"lazy\" decoding=\"async\" width=\"720\" height=\"540\" src=\"https:\/\/eggtraym.com\/wp-content\/uploads\/2022\/09\/paper-pulping-machine-.webp\" alt=\"machine \u00e0 p\u00e2te \u00e0 papier\" class=\"wp-image-142\" title=\"machine \u00e0 p\u00e2te \u00e0 papier\" srcset=\"https:\/\/eggtraym.com\/wp-content\/uploads\/2022\/09\/paper-pulping-machine-.webp 720w, https:\/\/eggtraym.com\/wp-content\/uploads\/2022\/09\/paper-pulping-machine--300x225.webp 300w\" sizes=\"auto, (max-width: 720px) 100vw, 720px\" \/><figcaption>Machine de fabrication de p\u00e2te \u00e0 papier<\/figcaption><\/figure>","protected":false},"excerpt":{"rendered":"<p>La machine \u00e0 r\u00e9duire en p\u00e2te les plateaux \u00e0 \u0153ufs est un \u00e9quipement n\u00e9cessaire dans la production de plateaux \u00e0 \u0153ufs. Il peut transformer diverses mati\u00e8res premi\u00e8res de papier en une p\u00e2te uniforme. <\/p>","protected":false},"author":1,"featured_media":136,"parent":0,"template":"","tags":[17,29,30],"product-type":[4],"class_list":["post-74","product","type-product","status-publish","has-post-thumbnail","hentry","tag-automatic-egg-tray-machine","tag-egg-tray-pulping-machine","tag-integrated-pulping-system","product-type-egg-tray-pulping-machine"],"_links":{"self":[{"href":"https:\/\/eggtraym.com\/fr\/wp-json\/wp\/v2\/product\/74","targetHints":{"allow":["GET"]}}],"collection":[{"href":"https:\/\/eggtraym.com\/fr\/wp-json\/wp\/v2\/product"}],"about":[{"href":"https:\/\/eggtraym.com\/fr\/wp-json\/wp\/v2\/types\/product"}],"author":[{"embeddable":true,"href":"https:\/\/eggtraym.com\/fr\/wp-json\/wp\/v2\/users\/1"}],"wp:featuredmedia":[{"embeddable":true,"href":"https:\/\/eggtraym.com\/fr\/wp-json\/wp\/v2\/media\/136"}],"wp:attachment":[{"href":"https:\/\/eggtraym.com\/fr\/wp-json\/wp\/v2\/media?parent=74"}],"wp:term":[{"taxonomy":"post_tag","embeddable":true,"href":"https:\/\/eggtraym.com\/fr\/wp-json\/wp\/v2\/tags?post=74"},{"taxonomy":"product-type","embeddable":true,"href":"https:\/\/eggtraym.com\/fr\/wp-json\/wp\/v2\/product-type?post=74"}],"curies":[{"name":"wp","href":"https:\/\/api.w.org\/{rel}","templated":true}]}}