{"id":71,"date":"2022-09-14T06:45:17","date_gmt":"2022-09-14T06:45:17","guid":{"rendered":"https:\/\/eggtraym.com\/?post_type=product&#038;p=71"},"modified":"2024-06-13T16:01:21","modified_gmt":"2024-06-13T08:01:21","slug":"fruit-tray-making-machine","status":"publish","type":"product","link":"https:\/\/eggtraym.com\/fr\/product\/fruit-tray-making-machine\/","title":{"rendered":"Machine de fabrication de plateaux de fruits aux pommes \u00e0 vendre"},"content":{"rendered":"<div class=\"kk-star-ratings kksr-auto kksr-align-left kksr-valign-top\"     data-payload='{&quot;align&quot;:&quot;left&quot;,&quot;id&quot;:&quot;71&quot;,&quot;slug&quot;:&quot;default&quot;,&quot;valign&quot;:&quot;top&quot;,&quot;ignore&quot;:&quot;&quot;,&quot;reference&quot;:&quot;auto&quot;,&quot;class&quot;:&quot;&quot;,&quot;count&quot;:&quot;89&quot;,&quot;legendonly&quot;:&quot;&quot;,&quot;readonly&quot;:&quot;&quot;,&quot;score&quot;:&quot;4.7&quot;,&quot;starsonly&quot;:&quot;&quot;,&quot;best&quot;:&quot;5&quot;,&quot;gap&quot;:&quot;5&quot;,&quot;greet&quot;:&quot;Rate this product&quot;,&quot;legend&quot;:&quot;4.7\\\/5 - (89 votes)&quot;,&quot;size&quot;:&quot;24&quot;,&quot;title&quot;:&quot;Apple Fruit Tray Making Machine For Sale&quot;,&quot;width&quot;:&quot;133.8&quot;,&quot;_legend&quot;:&quot;{score}\\\/{best} - ({count} {votes})&quot;,&quot;font_factor&quot;:&quot;1.25&quot;}'>              <div class=\"kksr-stars\">      <div class=\"kksr-stars-inactive\">             <div class=\"kksr-star\" data-star=\"1\" style=\"padding-right: 5px\">               <div class=\"kksr-icon\" style=\"width: 24px; height: 24px;\"><\/div>         <\/div>             <div class=\"kksr-star\" data-star=\"2\" style=\"padding-right: 5px\">               <div class=\"kksr-icon\" style=\"width: 24px; height: 24px;\"><\/div>         <\/div>             <div class=\"kksr-star\" data-star=\"3\" style=\"padding-right: 5px\">               <div class=\"kksr-icon\" style=\"width: 24px; height: 24px;\"><\/div>         <\/div>             <div class=\"kksr-star\" data-star=\"4\" style=\"padding-right: 5px\">               <div class=\"kksr-icon\" style=\"width: 24px; height: 24px;\"><\/div>         <\/div>             <div class=\"kksr-star\" data-star=\"5\" style=\"padding-right: 5px\">               <div class=\"kksr-icon\" style=\"width: 24px; height: 24px;\"><\/div>         <\/div>     <\/div>      <div class=\"kksr-stars-active\" style=\"width: 133.8px;\">             <div class=\"kksr-star\" style=\"padding-right: 5px\">               <div class=\"kksr-icon\" style=\"width: 24px; height: 24px;\"><\/div>         <\/div>             <div class=\"kksr-star\" style=\"padding-right: 5px\">               <div class=\"kksr-icon\" style=\"width: 24px; height: 24px;\"><\/div>         <\/div>             <div class=\"kksr-star\" style=\"padding-right: 5px\">               <div class=\"kksr-icon\" style=\"width: 24px; height: 24px;\"><\/div>         <\/div>             <div class=\"kksr-star\" style=\"padding-right: 5px\">               <div class=\"kksr-icon\" style=\"width: 24px; height: 24px;\"><\/div>         <\/div>             <div class=\"kksr-star\" style=\"padding-right: 5px\">               <div class=\"kksr-icon\" style=\"width: 24px; height: 24px;\"><\/div>         <\/div>     <\/div> <\/div>                   <div class=\"kksr-legend\" style=\"font-size: 19.2px;\">             4,7\/5 - (89 votes)    <\/div>     <\/div>  <p>La machine de fabrication de plateaux de fruits est l\u2019une des pi\u00e8ces d\u2019\u00e9quipement importantes pour les machines de type emballage. L'utilisation de bacs \u00e0 pommes pour placer les pommes peut prot\u00e9ger les pommes des collisions. Les plateaux permettent \u00e9galement de conserver les pommes plus longtemps. De plus, un bon emballage peut augmenter la valeur des pommes. Les mati\u00e8res premi\u00e8res utilis\u00e9es pour fabriquer des barquettes de pommes sont divers types de d\u00e9chets de papier recycl\u00e9. Ainsi, l\u2019utilisation de plateaux \u00e0 pommes n\u2019entra\u00eene pas de gaspillage de ressources et apporte \u00e9galement un profit \u00e0 l\u2019utilisateur.<\/p>    <figure class=\"wp-block-embed aligncenter is-type-video is-provider-youtube wp-block-embed-youtube wp-embed-aspect-16-9 wp-has-aspect-ratio\"><div class=\"wp-block-embed__wrapper\"> <iframe loading=\"lazy\" title=\"Excellentes performances de la machine de fabrication de plateaux de pommes\u00a0! Machine de moulage de plateaux de fruits\" width=\"500\" height=\"281\" src=\"https:\/\/www.youtube.com\/embed\/utc1UM-L1VE?feature=oembed\" frameborder=\"0\" allow=\"accelerometer; autoplay; clipboard-write; encrypted-media; gyroscope; picture-in-picture; web-share\" referrerpolicy=\"strict-origin-when-cross-origin\" allowfullscreen><\/iframe> <\/div><figcaption class=\"wp-element-caption\">vid\u00e9o de travail de la machine de fabrication de plateaux de pommes<\/figcaption><\/figure>    <h2 class=\"wp-block-heading\" id=\"h-what-s-the-fruit-tray-making-machine\">Quelle est la machine de fabrication de plateaux de fruits\u00a0?<\/h2>    <p class=\"translation-block\">En plus de la <a href=\"https:\/\/eggtraym.com\/fr\/product\/automatic-egg-tray-machine\/\">machine de fabrication de barquettes \u00e0 \u0153ufs<\/a>, Shuliy Machinery produit \u00e9galement une machine de fabrication de barquettes pour pommes. La machine de fabrication de barquettes pour pommes peut produire diverses formes de barquettes pour pommes. Par cons\u00e9quent, elle peut r\u00e9pondre aux besoins des utilisateurs en mati\u00e8re de diff\u00e9rentes formes d'emballage de pommes. La machine peut produire non seulement des barquettes pour pommes, mais aussi des barquettes pour d'autres fruits, tels que les p\u00eaches, les poires, les oranges, les kiwis, etc. La fa\u00e7on d'obtenir cet effet de production est de changer le moule de la barquette. <\/p>    <p>Notre machine de fabrication de plateaux \u00e0 pommes peut changer diff\u00e9rents moules et est facile \u00e0 utiliser. En raison des diverses fonctions des bacs \u00e0 pommes et de leur mat\u00e9riau durable, elle est devenue une machine incontournable pour de nombreux fabricants de machines \u00e0 bacs \u00e0 pommes. Si vous avez des questions, n'h\u00e9sitez pas \u00e0 les poser !<\/p>   <div class=\"wp-block-image\"> <figure class=\"aligncenter size-full is-resized\"><img loading=\"lazy\" decoding=\"async\" width=\"720\" height=\"540\" src=\"https:\/\/eggtraym.com\/wp-content\/uploads\/2022\/09\/fruit-tray-making-machine-2.webp\" alt=\"machine de fabrication de plateaux de fruits\" class=\"wp-image-129\" style=\"width:720px;height:540px\" title=\"machine de fabrication de plateaux de fruits\" srcset=\"https:\/\/eggtraym.com\/wp-content\/uploads\/2022\/09\/fruit-tray-making-machine-2.webp 720w, https:\/\/eggtraym.com\/wp-content\/uploads\/2022\/09\/fruit-tray-making-machine-2-300x225.webp 300w\" sizes=\"auto, (max-width: 720px) 100vw, 720px\" \/><figcaption class=\"wp-element-caption\">machine de fabrication de plateaux de fruits<\/figcaption><\/figure> <\/div>   <h2 class=\"wp-block-heading\" id=\"h-what-fruit-trays-can-be-made-by-the-apple-tray-making-machine\">Quels plateaux de fruits peuvent \u00eatre fabriqu\u00e9s par la machine de formage de plateaux de pommes\u00a0?<\/h2>    <p>La machine peut fabriquer des plateaux \u00e0 pommes en plus des plateaux \u00e0 pommes. La machine peut \u00e9galement produire des plateaux pouvant contenir d'autres fruits. Par exemple, les oranges, les fraises, les poires, les citrons, les oranges, les p\u00eaches, etc.<\/p>    <figure class=\"wp-block-gallery has-nested-images columns-default is-cropped wp-block-gallery-2 is-layout-flex wp-block-gallery-is-layout-flex\"> <figure class=\"wp-block-image size-large\"><img loading=\"lazy\" decoding=\"async\" width=\"720\" height=\"540\" data-id=\"130\" src=\"https:\/\/eggtraym.com\/wp-content\/uploads\/2022\/09\/appel-tray-.webp\" alt=\"plateau d&#039;appel\" class=\"wp-image-130\" title=\"plateau d&#039;appel\" srcset=\"https:\/\/eggtraym.com\/wp-content\/uploads\/2022\/09\/appel-tray-.webp 720w, https:\/\/eggtraym.com\/wp-content\/uploads\/2022\/09\/appel-tray--300x225.webp 300w\" sizes=\"auto, (max-width: 720px) 100vw, 720px\" \/><figcaption class=\"wp-element-caption\">Plateau d'appel<\/figcaption><\/figure>    <figure class=\"wp-block-image size-large\"><img loading=\"lazy\" decoding=\"async\" width=\"720\" height=\"540\" data-id=\"131\" src=\"https:\/\/eggtraym.com\/wp-content\/uploads\/2022\/09\/various-tray-.jpg\" alt=\"divers plateau fini\" class=\"wp-image-131\" title=\"divers plateau fini\" srcset=\"https:\/\/eggtraym.com\/wp-content\/uploads\/2022\/09\/various-tray-.jpg 720w, https:\/\/eggtraym.com\/wp-content\/uploads\/2022\/09\/various-tray--300x225.jpg 300w\" sizes=\"auto, (max-width: 720px) 100vw, 720px\" \/><figcaption class=\"wp-element-caption\">Divers plateaux finis<\/figcaption><\/figure> <\/figure>    <h2 class=\"wp-block-heading\" id=\"h-parameters-of-the-fruit-tray-molding-machine\">Param\u00e8tres de la machine de moulage de plateaux de fruits<\/h2>    <figure class=\"wp-block-table is-style-stripes\"><table><tbody><tr><td>Mod\u00e8le<\/td><td>Capacit\u00e9<\/td><td>Consommation de papier<\/td><td>Consommation d'eau<\/td><td>\u00c9nergie utilis\u00e9e<\/td><td>Ouvrier<\/td><\/tr><tr><td>SL-3*1<\/td><td>1000-1500 pi\u00e8ces\/heure<\/td><td>120kg\/heure<\/td><td>300kg\/heure<\/td><td>32 kW\/h<\/td><td>3-4<\/td><\/tr><tr><td>SL-4*1<\/td><td>1500-2000 pi\u00e8ces\/h<\/td><td>160kg\/h<\/td><td>380kg\/h<\/td><td>45 kW\/h<\/td><td>3-4<\/td><\/tr><tr><td>SL-3*4<\/td><td>2000-2500 pi\u00e8ces\/heure<\/td><td>200kg\/h<\/td><td>450kg\/h<\/td><td>58 kW\/h<\/td><td>4-5<\/td><\/tr><tr><td>SL-4*4<\/td><td>3000-3500 pi\u00e8ces\/heure<\/td><td>280kg\/heure<\/td><td>560kg\/heure<\/td><td>78 kW\/h<\/td><td>4-5<\/td><\/tr><tr><td>SL-4*8<\/td><td>4000 pi\u00e8ces\/heure<\/td><td>320kg\/heure<\/td><td>600kg\/heure<\/td><td>80 kW\/h<\/td><td>5-6<\/td><\/tr><tr><td>SL-5*8<\/td><td>5000 pi\u00e8ces\/heure<\/td><td>400kg\/h<\/td><td>750kg\/h<\/td><td>85 kW\/h<\/td><td>3-4<\/td><\/tr><tr><td>SL-5*12<\/td><td>6000 pi\u00e8ces\/heure<\/td><td>480kg\/heure<\/td><td>900kg\/h<\/td><td>90 kW\/h<\/td><td>3-4<\/td><\/tr><tr><td>SL-6*12<\/td><td>8000 pi\u00e8ces\/heure<\/td><td>640 kg\/heure<\/td><td>1040 kg\/heure<\/td><td>100 kW\/h<\/td><td>3-4<\/td><\/tr><\/tbody><\/table><figcaption class=\"wp-element-caption\">Param\u00e8tre de la machine de moulage de plateaux de fruits<\/figcaption><\/figure>    <h2 class=\"wp-block-heading\" id=\"h-the-manufacturing-process-of-apple-trays\">Processus de fabrication des barquettes de pommes<\/h2>   <div id=\"rank-math-howto\" class=\"rank-math-block\" > <div class=\"rank-math-howto-description\">  <\/div>  <div class=\"rank-math-steps\"> <div id=\"howto-step-1718264736738\" class=\"rank-math-step\"> <h3 class=\"rank-math-step-title\">Transformation de la p\u00e2te<\/h3> <div class=\"rank-math-step-content\"><p>Mettez les vieux papiers dans la machine \u00e0 p\u00e2te. Apr\u00e8s traitement avec de la pulpe grossi\u00e8re. Ensuite, la p\u00e2te grossi\u00e8re est raffin\u00e9e et ajust\u00e9e dans le r\u00e9servoir de stockage de p\u00e2te.<\/p> <\/div> <\/div> <div id=\"howto-step-1718264745706\" class=\"rank-math-step\"> <h3 class=\"rank-math-step-title\">Formage de barquettes de pommes<\/h3> <div class=\"rank-math-step-content\"><p>Gr\u00e2ce \u00e0 la pompe \u00e0 pulpe et \u00e0 la pompe \u00e0 vide, la pulpe est adsorb\u00e9e sur le moule de formage de la machine de fabrication de barquettes de fruits. Enfin, les plateaux de fruits form\u00e9s sont r\u00e9alis\u00e9s.<\/p> <\/div> <\/div> <div id=\"howto-step-1718264759075\" class=\"rank-math-step\"> <h3 class=\"rank-math-step-title\">Plateau de s\u00e9chage de pommes<\/h3> <div class=\"rank-math-step-content\"><p>Ensuite, les plateaux de pommes form\u00e9s sont plac\u00e9s dans la machine \u00e0 s\u00e9cher. Apr\u00e8s s\u00e9chage, les barquettes de pommes deviennent rigides et pr\u00eates \u00e0 \u00eatre press\u00e9es \u00e0 chaud et emball\u00e9es.<\/p> <\/div> <\/div> <\/div> <\/div>      <div class=\"wp-block-image\"> <figure class=\"aligncenter size-full\"><img loading=\"lazy\" decoding=\"async\" width=\"720\" height=\"540\" src=\"https:\/\/eggtraym.com\/wp-content\/uploads\/2022\/09\/fruit-tray-molding-machine-.webp\" alt=\"machine de moulage de plateaux de fruits\" class=\"wp-image-132\" title=\"machine de moulage de plateaux de fruits\" srcset=\"https:\/\/eggtraym.com\/wp-content\/uploads\/2022\/09\/fruit-tray-molding-machine-.webp 720w, https:\/\/eggtraym.com\/wp-content\/uploads\/2022\/09\/fruit-tray-molding-machine--300x225.webp 300w\" sizes=\"auto, (max-width: 720px) 100vw, 720px\" \/><figcaption class=\"wp-element-caption\">machine de moulage de plateaux de fruits<\/figcaption><\/figure> <\/div>   <h2 class=\"wp-block-heading\" id=\"h-how-to-choose-a-good-apple-tray-machine\">Comment choisir une bonne machine \u00e0 plateaux de pommes ? <\/h2>    <ul class=\"wp-block-list\"> <li><strong>Machine de haute qualit\u00e9<br><\/strong>Une machine de haute qualit\u00e9 peut \u00eatre utilis\u00e9e pendant longtemps. La machine de fabrication de plateaux de fruits fabriqu\u00e9e par Shuliy a une dur\u00e9e de vie de plus de 8 ans. De plus, nos machines sont hautement automatiques et faciles \u00e0 utiliser. Une fois que nos clients \u00e9trangers ont re\u00e7u la machine, elle fonctionne sans probl\u00e8me et est appr\u00e9ci\u00e9e par nos clients.<\/li>    <li><strong>Excellent fournisseur de machines<br><\/strong>Shuliy est un fabricant professionnel de machines \u00e0 plateaux \u00e0 \u0153ufs et de machines \u00e0 plateaux \u00e0 fruits. Depuis la cr\u00e9ation de notre usine, nous avons apport\u00e9 des am\u00e9liorations et des innovations continues dans les fonctions et les structures de nos machines. Aujourd'hui, notre technologie de fabrication a atteint un niveau \u00e9lev\u00e9. Les clients sont assur\u00e9s de choisir la machine dont ils ont besoin.<\/li>    <li><strong>Service complet<br><\/strong>Nous r\u00e9pondrons \u00e0 toutes les questions des clients \u00e0 temps. Nous recommanderons \u00e9galement la meilleure machine de fabrication de plateaux de fruits en fonction des exigences et de la situation du client. De plus, nous concevons \u00e9galement l\u2019am\u00e9nagement d\u2019usine. Si n\u00e9cessaire, nous nous occuperons \u00e9galement de l\u2019installation de la machine. Une fois que le client aura re\u00e7u la machine, nous fournirons un service apr\u00e8s-vente d'un an.<\/li> <\/ul>    <figure class=\"wp-block-gallery has-nested-images columns-default is-cropped wp-block-gallery-3 is-layout-flex wp-block-gallery-is-layout-flex\"> <figure class=\"wp-block-image size-large\"><img loading=\"lazy\" decoding=\"async\" width=\"720\" height=\"540\" data-id=\"133\" src=\"https:\/\/eggtraym.com\/wp-content\/uploads\/2022\/09\/apple-tray-machine-.webp\" alt=\"machine \u00e0 plateaux de pommes\" class=\"wp-image-133\" title=\"machine \u00e0 plateaux de pommes\" srcset=\"https:\/\/eggtraym.com\/wp-content\/uploads\/2022\/09\/apple-tray-machine-.webp 720w, https:\/\/eggtraym.com\/wp-content\/uploads\/2022\/09\/apple-tray-machine--300x225.webp 300w\" sizes=\"auto, (max-width: 720px) 100vw, 720px\" \/><figcaption class=\"wp-element-caption\">Machine \u00e0 plateaux de pommes<\/figcaption><\/figure>    <figure class=\"wp-block-image size-large\"><img loading=\"lazy\" decoding=\"async\" width=\"720\" height=\"540\" data-id=\"134\" src=\"https:\/\/eggtraym.com\/wp-content\/uploads\/2022\/09\/fruit-tray-making-machine-3.webp\" alt=\"machine de fabrication de plateaux de fruits.\" class=\"wp-image-134\" title=\"machine de fabrication de plateaux de fruits.\" srcset=\"https:\/\/eggtraym.com\/wp-content\/uploads\/2022\/09\/fruit-tray-making-machine-3.webp 720w, https:\/\/eggtraym.com\/wp-content\/uploads\/2022\/09\/fruit-tray-making-machine-3-300x225.webp 300w\" sizes=\"auto, (max-width: 720px) 100vw, 720px\" \/><figcaption class=\"wp-element-caption\">Machine de fabrication de plateaux de fruits <\/figcaption><\/figure> <\/figure>    <h2 class=\"wp-block-heading\" id=\"h-apple-fruit-tray-making-machine-sold-to-nigeria\">Machine de fabrication de plateaux de fruits aux pommes vendue au Nigeria<\/h2>    <p class=\"translation-block\">Ce client au <a href=\"https:\/\/en.wikipedia.org\/wiki\/Nigeria\" target=\"_blank\" rel=\"noopener\">Nigeria<\/a> souhaitait d\u00e9marrer une entreprise de fabrication de machines de fabrication de barquettes \u00e0 \u0153ufs. Il a donc recherch\u00e9 la machine correspondante sur Internet, puis a visit\u00e9 notre site Web. Finalement, il nous a envoy\u00e9 une demande de renseignements pour une machine de fabrication de barquettes de fruits. <\/p>    <p>Apr\u00e8s avoir re\u00e7u le message du client, nous lui avons fourni des photos, des vid\u00e9os et des param\u00e8tres de la machine. Nous avons ensuite interrog\u00e9 le client sur la taille des pommes et d\u00e9termin\u00e9 la taille du plateau \u00e0 \u0153ufs. Une fois toutes les informations confirm\u00e9es, nous avons fourni un devis au client. Le client a pay\u00e9 la machine de fabrication de plateaux de fruits.<\/p>    <figure class=\"wp-block-gallery has-nested-images columns-default is-cropped wp-block-gallery-4 is-layout-flex wp-block-gallery-is-layout-flex\"> <figure class=\"wp-block-image size-large\"><img loading=\"lazy\" decoding=\"async\" width=\"720\" height=\"540\" data-id=\"628\" src=\"https:\/\/eggtraym.com\/wp-content\/uploads\/2022\/09\/apple-tray-making-machine-loading-site.webp\" alt=\"site de chargement de la machine de fabrication de plateaux \u00e0 pommes\" class=\"wp-image-628\" title=\"\" srcset=\"https:\/\/eggtraym.com\/wp-content\/uploads\/2022\/09\/apple-tray-making-machine-loading-site.webp 720w, https:\/\/eggtraym.com\/wp-content\/uploads\/2022\/09\/apple-tray-making-machine-loading-site-300x225.webp 300w, https:\/\/eggtraym.com\/wp-content\/uploads\/2022\/09\/apple-tray-making-machine-loading-site-16x12.webp 16w\" sizes=\"auto, (max-width: 720px) 100vw, 720px\" \/><figcaption class=\"wp-element-caption\">Site de chargement de la machine de fabrication de plateaux \u00e0 pommes<\/figcaption><\/figure>    <figure class=\"wp-block-image size-large\"><img loading=\"lazy\" decoding=\"async\" width=\"720\" height=\"540\" data-id=\"629\" src=\"https:\/\/eggtraym.com\/wp-content\/uploads\/2022\/09\/fruit-tray-molding-machine-for-sale.webp\" alt=\"machine de moulage de plateaux de fruits \u00e0 vendre\" class=\"wp-image-629\" title=\"\" srcset=\"https:\/\/eggtraym.com\/wp-content\/uploads\/2022\/09\/fruit-tray-molding-machine-for-sale.webp 720w, https:\/\/eggtraym.com\/wp-content\/uploads\/2022\/09\/fruit-tray-molding-machine-for-sale-300x225.webp 300w, https:\/\/eggtraym.com\/wp-content\/uploads\/2022\/09\/fruit-tray-molding-machine-for-sale-16x12.webp 16w\" sizes=\"auto, (max-width: 720px) 100vw, 720px\" \/><figcaption class=\"wp-element-caption\">Machine de moulage de plateaux de fruits \u00e0 vendre<\/figcaption><\/figure> <\/figure>    <h2 class=\"wp-block-heading\" id=\"h-what-are-the-benefits-of-using-shuliy-s-egg-plate-making-machine\">Avantages de l'utilisation de la machine de fabrication d'assiettes \u00e0 \u0153ufs de Shuliy<\/h2>    <ul class=\"wp-block-list\"> <li>Augmentez l'efficacit\u00e9 de la production de plateaux de pommes. Si le client utilise la machine avec un batteur, un s\u00e9choir, un fa\u00e7onneur et une presse \u00e0 balles, l'efficacit\u00e9 sera grandement am\u00e9lior\u00e9e.<\/li>    <li>R\u00e9duisez le nombre d\u2019entretiens. Nos machines sont de haute qualit\u00e9 et ne pr\u00e9sentent pas de probl\u00e8mes fr\u00e9quents, afin que les clients puissent les utiliser en toute confiance.<\/li>    <li>Produits finis de haute qualit\u00e9. Notre machine de fabrication de plateaux de fruits produit des plateaux de pommes durables, r\u00e9sistants \u00e0 la pression et ayant une bonne perm\u00e9abilit\u00e9 \u00e0 l'air, et sont largement utilis\u00e9s sur le march\u00e9.<\/li>    <li>Augmenter les revenus. Les clients peuvent gagner des revenus plus rapidement en produisant, en fabriquant et en vendant des plateaux de fruits.<\/li> <\/ul>   <div class=\"wp-block-image\"> <figure class=\"aligncenter size-full\"><img loading=\"lazy\" decoding=\"async\" width=\"720\" height=\"540\" src=\"https:\/\/eggtraym.com\/wp-content\/uploads\/2022\/09\/egg-plate-making-machine-.webp\" alt=\"machine \u00e0 fabriquer des assiettes \u00e0 \u0153ufs\" class=\"wp-image-135\" title=\"machine \u00e0 fabriquer des assiettes \u00e0 \u0153ufs\" srcset=\"https:\/\/eggtraym.com\/wp-content\/uploads\/2022\/09\/egg-plate-making-machine-.webp 720w, https:\/\/eggtraym.com\/wp-content\/uploads\/2022\/09\/egg-plate-making-machine--300x225.webp 300w\" sizes=\"auto, (max-width: 720px) 100vw, 720px\" \/><figcaption class=\"wp-element-caption\">machine \u00e0 fabriquer des assiettes \u00e0 \u0153ufs<\/figcaption><\/figure> <\/div>   <p>Notre usine est sp\u00e9cialis\u00e9e dans la production d'\u00e9quipements de recyclage de vieux papiers formant des bacs \u00e0 papier depuis de nombreuses ann\u00e9es. Si vous \u00eates int\u00e9ress\u00e9, veuillez parcourir ce site Web et n'h\u00e9sitez pas \u00e0 nous contacter pour une personnalisation de la machine.<\/p>","protected":false},"excerpt":{"rendered":"<p>La machine de fabrication de plateaux de fruits est l\u2019un des \u00e9quipements importants pour les machines d\u2019emballage. Les produits finis fabriqu\u00e9s par cette machine peuvent \u00eatre emball\u00e9s et prot\u00e9g\u00e9s pour les fruits.<\/p>","protected":false},"author":1,"featured_media":127,"parent":0,"template":"","tags":[45,41,46],"product-type":[3],"class_list":["post-71","product","type-product","status-publish","has-post-thumbnail","hentry","tag-apple-tray","tag-egg-tray","tag-fruit-tray","product-type-egg-tray-making-machine"],"_links":{"self":[{"href":"https:\/\/eggtraym.com\/fr\/wp-json\/wp\/v2\/product\/71","targetHints":{"allow":["GET"]}}],"collection":[{"href":"https:\/\/eggtraym.com\/fr\/wp-json\/wp\/v2\/product"}],"about":[{"href":"https:\/\/eggtraym.com\/fr\/wp-json\/wp\/v2\/types\/product"}],"author":[{"embeddable":true,"href":"https:\/\/eggtraym.com\/fr\/wp-json\/wp\/v2\/users\/1"}],"wp:featuredmedia":[{"embeddable":true,"href":"https:\/\/eggtraym.com\/fr\/wp-json\/wp\/v2\/media\/127"}],"wp:attachment":[{"href":"https:\/\/eggtraym.com\/fr\/wp-json\/wp\/v2\/media?parent=71"}],"wp:term":[{"taxonomy":"post_tag","embeddable":true,"href":"https:\/\/eggtraym.com\/fr\/wp-json\/wp\/v2\/tags?post=71"},{"taxonomy":"product-type","embeddable":true,"href":"https:\/\/eggtraym.com\/fr\/wp-json\/wp\/v2\/product-type?post=71"}],"curies":[{"name":"wp","href":"https:\/\/api.w.org\/{rel}","templated":true}]}}