{"id":355,"date":"2022-12-08T17:11:52","date_gmt":"2022-12-08T09:11:52","guid":{"rendered":"https:\/\/eggtraym.com\/?post_type=product&#038;p=355"},"modified":"2024-06-14T15:20:25","modified_gmt":"2024-06-14T07:20:25","slug":"paper-pulp-coffee-cup-holder-making-machine","status":"publish","type":"product","link":"https:\/\/eggtraym.com\/fr\/product\/paper-pulp-coffee-cup-holder-making-machine\/","title":{"rendered":"Support de tasse de caf\u00e9 de p\u00e2te \u00e0 papier faisant la machine"},"content":{"rendered":"<div class=\"kk-star-ratings kksr-auto kksr-align-left kksr-valign-top\"     data-payload='{&quot;align&quot;:&quot;left&quot;,&quot;id&quot;:&quot;355&quot;,&quot;slug&quot;:&quot;default&quot;,&quot;valign&quot;:&quot;top&quot;,&quot;ignore&quot;:&quot;&quot;,&quot;reference&quot;:&quot;auto&quot;,&quot;class&quot;:&quot;&quot;,&quot;count&quot;:&quot;85&quot;,&quot;legendonly&quot;:&quot;&quot;,&quot;readonly&quot;:&quot;&quot;,&quot;score&quot;:&quot;4.8&quot;,&quot;starsonly&quot;:&quot;&quot;,&quot;best&quot;:&quot;5&quot;,&quot;gap&quot;:&quot;5&quot;,&quot;greet&quot;:&quot;Rate this product&quot;,&quot;legend&quot;:&quot;4.8\\\/5 - (85 votes)&quot;,&quot;size&quot;:&quot;24&quot;,&quot;title&quot;:&quot;Paper Pulp Coffee Cup Holder Making Machine&quot;,&quot;width&quot;:&quot;136.7&quot;,&quot;_legend&quot;:&quot;{score}\\\/{best} - ({count} {votes})&quot;,&quot;font_factor&quot;:&quot;1.25&quot;}'>              <div class=\"kksr-stars\">      <div class=\"kksr-stars-inactive\">             <div class=\"kksr-star\" data-star=\"1\" style=\"padding-right: 5px\">               <div class=\"kksr-icon\" style=\"width: 24px; height: 24px;\"><\/div>         <\/div>             <div class=\"kksr-star\" data-star=\"2\" style=\"padding-right: 5px\">               <div class=\"kksr-icon\" style=\"width: 24px; height: 24px;\"><\/div>         <\/div>             <div class=\"kksr-star\" data-star=\"3\" style=\"padding-right: 5px\">               <div class=\"kksr-icon\" style=\"width: 24px; height: 24px;\"><\/div>         <\/div>             <div class=\"kksr-star\" data-star=\"4\" style=\"padding-right: 5px\">               <div class=\"kksr-icon\" style=\"width: 24px; height: 24px;\"><\/div>         <\/div>             <div class=\"kksr-star\" data-star=\"5\" style=\"padding-right: 5px\">               <div class=\"kksr-icon\" style=\"width: 24px; height: 24px;\"><\/div>         <\/div>     <\/div>      <div class=\"kksr-stars-active\" style=\"width: 136.7px;\">             <div class=\"kksr-star\" style=\"padding-right: 5px\">               <div class=\"kksr-icon\" style=\"width: 24px; height: 24px;\"><\/div>         <\/div>             <div class=\"kksr-star\" style=\"padding-right: 5px\">               <div class=\"kksr-icon\" style=\"width: 24px; height: 24px;\"><\/div>         <\/div>             <div class=\"kksr-star\" style=\"padding-right: 5px\">               <div class=\"kksr-icon\" style=\"width: 24px; height: 24px;\"><\/div>         <\/div>             <div class=\"kksr-star\" style=\"padding-right: 5px\">               <div class=\"kksr-icon\" style=\"width: 24px; height: 24px;\"><\/div>         <\/div>             <div class=\"kksr-star\" style=\"padding-right: 5px\">               <div class=\"kksr-icon\" style=\"width: 24px; height: 24px;\"><\/div>         <\/div>     <\/div> <\/div>                   <div class=\"kksr-legend\" style=\"font-size: 19.2px;\">             4,8\/5 - (85 votes)    <\/div>     <\/div>  <p>La machine \u00e0 fabriquer des porte-gobelets \u00e0 caf\u00e9 est un appareil qui permet de fabriquer une vari\u00e9t\u00e9 de porte-gobelets. G\u00e9n\u00e9ralement, il existe 2 et 4 porte-tasses \u00e0 caf\u00e9. Les porte-gobelets \u00e0 caf\u00e9 sont des objets courants dans notre vie quotidienne. Cela aide le caf\u00e9 \u00e0 tenir debout sans s'incliner. C'est un bon produit d'emballage de tasses.<\/p>    <figure class=\"wp-block-embed aligncenter is-type-video is-provider-youtube wp-block-embed-youtube wp-embed-aspect-16-9 wp-has-aspect-ratio\"><div class=\"wp-block-embed__wrapper\"> <iframe loading=\"lazy\" title=\"Machine de formage de cartons en papier sans effort\u00a0: pr\u00e9cision parfaite des bacs \u00e0 papier\u00a0!\" width=\"500\" height=\"281\" src=\"https:\/\/www.youtube.com\/embed\/qXrj-Foo3Xc?feature=oembed\" frameborder=\"0\" allow=\"accelerometer; autoplay; clipboard-write; encrypted-media; gyroscope; picture-in-picture; web-share\" referrerpolicy=\"strict-origin-when-cross-origin\" allowfullscreen><\/iframe> <\/div><figcaption class=\"wp-element-caption\">vid\u00e9o de travail de la machine de moulage de cartons de papier<\/figcaption><\/figure>    <h2 class=\"wp-block-heading\">Introduction de la machine de fabrication de porte-gobelets \u00e0 caf\u00e9 Shuliy<\/h2>    <p>La machine de fabrication de porte-gobelets \u00e0 caf\u00e9 et la machine \u00e0 plateaux \u00e0 \u0153ufs produites par Shuliy fonctionnent sur le m\u00eame principe. Ils sont tous fabriqu\u00e9s \u00e0 partir de produits d'emballage en papier en fa\u00e7onnant la p\u00e2te. Notre machine de fabrication de plateaux pour tasses \u00e0 caf\u00e9 est suffisamment puissante pour fabriquer des porte-gobelets en diff\u00e9rentes quantit\u00e9s. <\/p>    <p>Les quantit\u00e9s les plus courantes sont 2 et 4. La machine de fabrication de porte-gobelets \u00e0 caf\u00e9 utilise des vieux papiers pour r\u00e9aliser le recyclage des ressources. Par cons\u00e9quent, l\u2019utilisation de la machine porte-gobelet \u00e0 caf\u00e9 est le choix de plus en plus de personnes.<\/p>    <figure class=\"wp-block-gallery has-nested-images columns-default is-cropped wp-block-gallery-2 is-layout-flex wp-block-gallery-is-layout-flex\"> <figure class=\"wp-block-image size-large\"><img loading=\"lazy\" decoding=\"async\" width=\"720\" height=\"540\" data-id=\"358\" src=\"https:\/\/eggtraym.com\/wp-content\/uploads\/2022\/12\/coffee-cup-holder-making-machine-1-.webp\" alt=\"machine de fabrication de porte-gobelets \u00e0 caf\u00e9\" class=\"wp-image-358\" title=\"machine de fabrication de porte-gobelets \u00e0 caf\u00e9\" srcset=\"https:\/\/eggtraym.com\/wp-content\/uploads\/2022\/12\/coffee-cup-holder-making-machine-1-.webp 720w, https:\/\/eggtraym.com\/wp-content\/uploads\/2022\/12\/coffee-cup-holder-making-machine-1--300x225.webp 300w\" sizes=\"auto, (max-width: 720px) 100vw, 720px\" \/><figcaption class=\"wp-element-caption\">Machine de fabrication de porte-gobelets \u00e0 caf\u00e9<\/figcaption><\/figure>    <figure class=\"wp-block-image size-large\"><img loading=\"lazy\" decoding=\"async\" width=\"720\" height=\"540\" data-id=\"359\" src=\"https:\/\/eggtraym.com\/wp-content\/uploads\/2022\/12\/coffee-cup-tray-making-machine-.webp\" alt=\"plateau de tasse \u00e0 caf\u00e9 faisant la machine\" class=\"wp-image-359\" title=\"plateau de tasse \u00e0 caf\u00e9 faisant la machine\" srcset=\"https:\/\/eggtraym.com\/wp-content\/uploads\/2022\/12\/coffee-cup-tray-making-machine-.webp 720w, https:\/\/eggtraym.com\/wp-content\/uploads\/2022\/12\/coffee-cup-tray-making-machine--300x225.webp 300w\" sizes=\"auto, (max-width: 720px) 100vw, 720px\" \/><figcaption class=\"wp-element-caption\">Machine de fabrication de plateaux de tasses \u00e0 caf\u00e9<\/figcaption><\/figure> <\/figure>    <h2 class=\"wp-block-heading\">Moules pour machine de fabrication de plateaux de tasses \u00e0 caf\u00e9<\/h2>    <p>Notre machine de fabrication de porte-gobelets \u00e0 caf\u00e9 est la m\u00eame machine qui fabrique d'autres plateaux en papier. Seule la partie du moule est diff\u00e9rente. Par cons\u00e9quent, les clients peuvent produire des plateaux \u00e0 \u0153ufs, des plateaux \u00e0 fruits, des plateaux \u00e0 \u0153ufs, des plateaux \u00e0 tasses \u00e0 caf\u00e9, etc. en changeant diff\u00e9rents moules.<\/p>    <p class=\"translation-block\"><strong>Mat\u00e9riau du moule d\u2019assiette d'\u0153ufs:<\/strong> Notre moule d\u2019assiette \u00e0 gobelets de caf\u00e9 est en aluminium, qui est tr\u00e8s durable et peut \u00eatre utilis\u00e9 pendant de nombreuses ann\u00e9es.<\/p>    <figure class=\"wp-block-gallery has-nested-images columns-default is-cropped wp-block-gallery-3 is-layout-flex wp-block-gallery-is-layout-flex\"> <figure class=\"wp-block-image size-large\"><img loading=\"lazy\" decoding=\"async\" width=\"720\" height=\"540\" data-id=\"360\" src=\"https:\/\/eggtraym.com\/wp-content\/uploads\/2022\/12\/coffee-cup-pulp-tray-machine-.webp\" alt=\"machine \u00e0 plateau de pulpe de tasse \u00e0 caf\u00e9\" class=\"wp-image-360\" title=\"machine \u00e0 plateau de pulpe de tasse \u00e0 caf\u00e9\" srcset=\"https:\/\/eggtraym.com\/wp-content\/uploads\/2022\/12\/coffee-cup-pulp-tray-machine-.webp 720w, https:\/\/eggtraym.com\/wp-content\/uploads\/2022\/12\/coffee-cup-pulp-tray-machine--300x225.webp 300w\" sizes=\"auto, (max-width: 720px) 100vw, 720px\" \/><figcaption class=\"wp-element-caption\">Machine de plateau de pulpe de tasse de caf\u00e9<\/figcaption><\/figure>    <figure class=\"wp-block-image size-large\"><img loading=\"lazy\" decoding=\"async\" width=\"720\" height=\"540\" data-id=\"361\" src=\"https:\/\/eggtraym.com\/wp-content\/uploads\/2022\/12\/models-of-cup-tray-molding-machine-.webp\" alt=\"mod\u00e8les de machine de moulage de plateaux de tasses\" class=\"wp-image-361\" title=\"mod\u00e8les de machine de moulage de plateaux de tasses\" srcset=\"https:\/\/eggtraym.com\/wp-content\/uploads\/2022\/12\/models-of-cup-tray-molding-machine-.webp 720w, https:\/\/eggtraym.com\/wp-content\/uploads\/2022\/12\/models-of-cup-tray-molding-machine--300x225.webp 300w\" sizes=\"auto, (max-width: 720px) 100vw, 720px\" \/><figcaption class=\"wp-element-caption\">Mod\u00e8les de machine de moulage de plateaux \u00e0 tasses<\/figcaption><\/figure> <\/figure>    <h2 class=\"wp-block-heading\">Quelles sont les m\u00e9thodes de s\u00e9chage des plateaux \u00e0 caf\u00e9 ?<\/h2>    <ul class=\"wp-block-list\"> <li><strong>S\u00e9choir en m\u00e9tal pour le s\u00e9chage.<\/strong> Si vous utilisez une machine \u00e0 fabriquer des porte-tasses \u00e0 caf\u00e9 \u00e0 grand volume, nous vous recommandons \u00e9galement d'utiliser un grand s\u00e9choir en m\u00e9tal. Avec une efficacit\u00e9 de travail \u00e9lev\u00e9e, la machine peut g\u00e9rer simultan\u00e9ment de nombreux plateaux \u00e0 \u0153ufs, plateaux \u00e0 caf\u00e9, etc. Et la machine avec le plus petit encombrement.<\/li>    <li><strong>S\u00e9chage du plateau \u00e0 caf\u00e9 en brique.<\/strong> Le client doit construire un four \u00e0 briques dans son usine pour s\u00e9cher les produits finis. Faible encombrement, la source de chaleur peut \u00eatre du LPC, du GNL, du diesel, du gaz naturel, etc.<\/li>    <li><strong>S\u00e9cher \u00e0 l'air libre naturellement.<\/strong> Supposons que le client utilise une machine \u00e0 plateaux \u00e0 pulpe pour tasses \u00e0 caf\u00e9 avec un faible d\u00e9bit. Il peut \u00e9galement \u00eatre s\u00e9ch\u00e9 naturellement sur \u00e9tag\u00e8re. Cette m\u00e9thode de s\u00e9chage \u00e0 l'air occupe une surface relativement grande.<\/li> <\/ul>   <div class=\"wp-block-image\"> <figure class=\"aligncenter size-full\"><img loading=\"lazy\" decoding=\"async\" width=\"720\" height=\"540\" src=\"https:\/\/eggtraym.com\/wp-content\/uploads\/2022\/12\/three-types-of-dryer-.webp\" alt=\"trois types de s\u00e8che-linge\" class=\"wp-image-362\" title=\"trois types de s\u00e8che-linge\" srcset=\"https:\/\/eggtraym.com\/wp-content\/uploads\/2022\/12\/three-types-of-dryer-.webp 720w, https:\/\/eggtraym.com\/wp-content\/uploads\/2022\/12\/three-types-of-dryer--300x225.webp 300w\" sizes=\"auto, (max-width: 720px) 100vw, 720px\" \/><figcaption class=\"wp-element-caption\">trois types de s\u00e8che-linge<\/figcaption><\/figure> <\/div>   <h2 class=\"wp-block-heading\">Avantages de l'utilisation de porte-caf\u00e9s en papier<\/h2>    <ul class=\"wp-block-list\"> <li>Il peut recycler les ressources et prot\u00e9ger l\u2019environnement. La mati\u00e8re premi\u00e8re du produit est la p\u00e2te \u00e0 papier usag\u00e9e et le plateau \u00e0 caf\u00e9 usag\u00e9 peut \u00eatre r\u00e9utilis\u00e9.<\/li>    <li>En plus d'emballer le caf\u00e9, il peut \u00e9galement emballer d'autres produits en tasse, tels que le th\u00e9 au lait, les produits \u00e0 base de th\u00e9, le lait de soja, etc.<\/li>    <li>Le plateau \u00e0 caf\u00e9 en papier est l\u00e9ger et facile \u00e0 transporter.<\/li> <\/ul>    <figure class=\"wp-block-gallery has-nested-images columns-default is-cropped wp-block-gallery-4 is-layout-flex wp-block-gallery-is-layout-flex\"> <figure class=\"wp-block-image size-large\"><img loading=\"lazy\" decoding=\"async\" width=\"720\" height=\"540\" data-id=\"363\" src=\"https:\/\/eggtraym.com\/wp-content\/uploads\/2022\/12\/raw-materials-of-the-egg-tray-making-machine-.webp\" alt=\"mati\u00e8res premi\u00e8res de la machine de fabrication de plateaux \u00e0 \u0153ufs\" class=\"wp-image-363\" title=\"mati\u00e8res premi\u00e8res de la machine de fabrication de plateaux \u00e0 \u0153ufs\" srcset=\"https:\/\/eggtraym.com\/wp-content\/uploads\/2022\/12\/raw-materials-of-the-egg-tray-making-machine-.webp 720w, https:\/\/eggtraym.com\/wp-content\/uploads\/2022\/12\/raw-materials-of-the-egg-tray-making-machine--300x225.webp 300w\" sizes=\"auto, (max-width: 720px) 100vw, 720px\" \/><figcaption class=\"wp-element-caption\">Mati\u00e8res premi\u00e8res de la machine de fabrication de plateaux \u00e0 \u0153ufs<\/figcaption><\/figure>    <figure class=\"wp-block-image size-large\"><img loading=\"lazy\" decoding=\"async\" width=\"720\" height=\"540\" data-id=\"364\" src=\"https:\/\/eggtraym.com\/wp-content\/uploads\/2022\/12\/various-cups-.webp\" alt=\"diverses tasses \" class=\"wp-image-364\" title=\"diverses tasses \" srcset=\"https:\/\/eggtraym.com\/wp-content\/uploads\/2022\/12\/various-cups-.webp 720w, https:\/\/eggtraym.com\/wp-content\/uploads\/2022\/12\/various-cups--300x225.webp 300w\" sizes=\"auto, (max-width: 720px) 100vw, 720px\" \/><figcaption class=\"wp-element-caption\">Diverses tasses<\/figcaption><\/figure> <\/figure>    <h2 class=\"wp-block-heading\">Caract\u00e9ristiques de la machine \u00e0 plateau de pulpe de tasse \u00e0 caf\u00e9<\/h2>    <ul class=\"wp-block-list\"> <li>Les mati\u00e8res premi\u00e8res et les produits finis de la machine \u00e0 fabriquer des porte-gobelets \u00e0 caf\u00e9 peuvent \u00eatre recycl\u00e9s. Et cela est conforme \u00e0 la tendance et au concept actuels de protection de l\u2019environnement.<\/li>    <li>Notre machine de fabrication de porte-gobelets \u00e0 caf\u00e9 est uniquement compos\u00e9e de mat\u00e9riaux m\u00e9caniques de haute qualit\u00e9, avec un fonctionnement stable, moins de temps d'entretien et une longue dur\u00e9e de vie.<\/li>    <li>Grande production <a href=\"https:\/\/en.wikipedia.org\/wiki\/Coffee\" target=\"_blank\" rel=\"noopener\">caf\u00e9<\/a> les lignes de production de gobelets peuvent \u00eatre utilis\u00e9es avec des s\u00e9choirs m\u00e9talliques. De cette fa\u00e7on, l\u2019efficacit\u00e9 de la production sera plus \u00e9lev\u00e9e.<\/li>    <li>Avec des fonctions puissantes, une machine peut fabriquer divers produits de bacs \u00e0 papier.<\/li> <\/ul>    <figure class=\"wp-block-gallery has-nested-images columns-default is-cropped wp-block-gallery-5 is-layout-flex wp-block-gallery-is-layout-flex\"> <figure class=\"wp-block-image size-large\"><img loading=\"lazy\" decoding=\"async\" width=\"720\" height=\"540\" data-id=\"365\" src=\"https:\/\/eggtraym.com\/wp-content\/uploads\/2022\/12\/coffee-cup-tray-machine-.webp\" alt=\"machine \u00e0 plateaux pour tasses \u00e0 caf\u00e9\" class=\"wp-image-365\" title=\"machine \u00e0 plateaux pour tasses \u00e0 caf\u00e9\" srcset=\"https:\/\/eggtraym.com\/wp-content\/uploads\/2022\/12\/coffee-cup-tray-machine-.webp 720w, https:\/\/eggtraym.com\/wp-content\/uploads\/2022\/12\/coffee-cup-tray-machine--300x225.webp 300w\" sizes=\"auto, (max-width: 720px) 100vw, 720px\" \/><figcaption class=\"wp-element-caption\">Machine \u00e0 plateaux de tasses \u00e0 caf\u00e9<\/figcaption><\/figure>    <figure class=\"wp-block-image size-large\"><img loading=\"lazy\" decoding=\"async\" width=\"720\" height=\"540\" data-id=\"369\" src=\"https:\/\/eggtraym.com\/wp-content\/uploads\/2022\/12\/our-factory-.webp\" alt=\"notre usine \" class=\"wp-image-369\" title=\"notre usine \" srcset=\"https:\/\/eggtraym.com\/wp-content\/uploads\/2022\/12\/our-factory-.webp 720w, https:\/\/eggtraym.com\/wp-content\/uploads\/2022\/12\/our-factory--300x225.webp 300w\" sizes=\"auto, (max-width: 720px) 100vw, 720px\" \/><figcaption class=\"wp-element-caption\">Notre usine<\/figcaption><\/figure> <\/figure>    <h2 class=\"wp-block-heading\">Pourquoi choisir la machine de fabrication de porte-gobelets Shuliy\u00a0?<\/h2>    <ul class=\"wp-block-list\"> <li>En tant que fabricant professionnel, nous avons produit <a href=\"https:\/\/eggtraym.com\/fr\/product\/automatic-egg-tray-machine\/\">machines de fabrication de plateaux \u00e0 \u0153ufs<\/a> depuis de nombreuses ann\u00e9es et nous travaillons dur sur la voie de la fabrication de machines \u00e0 plateaux \u00e0 caf\u00e9. Apportez de meilleures machines \u00e0 plateaux \u00e0 caf\u00e9 aux clients.<\/li>    <li>Nous disposons de nombreux \u00e9quipements de support connexes, par exemple un pulpeur, un s\u00e9choir, une presse \u00e0 chaud, une presse \u00e0 balles, etc. Peut aider les clients \u00e0 personnaliser le plan de production appropri\u00e9.<\/li>    <li>Riche exp\u00e9rience d'exportation. Nous avons d\u00e9marr\u00e9 une activit\u00e9 d'exportation depuis la cr\u00e9ation de l'usine et pouvons aider les clients \u00e0 r\u00e9soudre divers probl\u00e8mes rencontr\u00e9s lors du processus d'achat.<\/li>    <li>Service apr\u00e8s-vente d'un an. Les clients peuvent acheter notre \u00e9quipement en toute confiance.<\/li> <\/ul>    <figure class=\"wp-block-gallery has-nested-images columns-default is-cropped wp-block-gallery-6 is-layout-flex wp-block-gallery-is-layout-flex\"> <figure class=\"wp-block-image size-large\"><img loading=\"lazy\" decoding=\"async\" width=\"720\" height=\"540\" data-id=\"367\" src=\"https:\/\/eggtraym.com\/wp-content\/uploads\/2022\/12\/related-supporting-equipment-.webp\" alt=\"\u00e9quipement de support connexe\" class=\"wp-image-367\" title=\"\u00e9quipement de support connexe\" srcset=\"https:\/\/eggtraym.com\/wp-content\/uploads\/2022\/12\/related-supporting-equipment-.webp 720w, https:\/\/eggtraym.com\/wp-content\/uploads\/2022\/12\/related-supporting-equipment--300x225.webp 300w\" sizes=\"auto, (max-width: 720px) 100vw, 720px\" \/><figcaption class=\"wp-element-caption\">\u00c9quipement de support connexe<\/figcaption><\/figure>    <figure class=\"wp-block-image size-large\"><img loading=\"lazy\" decoding=\"async\" width=\"720\" height=\"540\" data-id=\"368\" src=\"https:\/\/eggtraym.com\/wp-content\/uploads\/2022\/12\/after-service-of-egg-tray-making-machine-.webp\" alt=\"apr\u00e8s service de la machine de fabrication de plateaux \u00e0 \u0153ufs\" class=\"wp-image-368\" title=\"apr\u00e8s service de la machine de fabrication de plateaux \u00e0 \u0153ufs\" srcset=\"https:\/\/eggtraym.com\/wp-content\/uploads\/2022\/12\/after-service-of-egg-tray-making-machine-.webp 720w, https:\/\/eggtraym.com\/wp-content\/uploads\/2022\/12\/after-service-of-egg-tray-making-machine--300x225.webp 300w\" sizes=\"auto, (max-width: 720px) 100vw, 720px\" \/><figcaption class=\"wp-element-caption\">Apr\u00e8s service de la machine de fabrication de plateaux \u00e0 \u0153ufs<\/figcaption><\/figure> <\/figure>    <p>Notre usine peut produire des machines de moulage de bacs \u00e0 papier de diff\u00e9rentes capacit\u00e9s et accepter des machines personnalis\u00e9es. N'h\u00e9sitez pas \u00e0 nous contacter!<\/p>","protected":false},"excerpt":{"rendered":"<p>La machine de fabrication de porte-gobelets \u00e0 caf\u00e9 est un dispositif de recyclage du papier qui peut fabriquer une vari\u00e9t\u00e9 de plateaux \u00e0 tasses. G\u00e9n\u00e9ralement, il existe 2 et 4 porte-tasses \u00e0 caf\u00e9. <\/p>","protected":false},"author":1,"featured_media":356,"parent":0,"template":"","tags":[41,48,42],"product-type":[3],"class_list":["post-355","product","type-product","status-publish","has-post-thumbnail","hentry","tag-egg-tray","tag-paper-carton","tag-paper-tray","product-type-egg-tray-making-machine"],"_links":{"self":[{"href":"https:\/\/eggtraym.com\/fr\/wp-json\/wp\/v2\/product\/355","targetHints":{"allow":["GET"]}}],"collection":[{"href":"https:\/\/eggtraym.com\/fr\/wp-json\/wp\/v2\/product"}],"about":[{"href":"https:\/\/eggtraym.com\/fr\/wp-json\/wp\/v2\/types\/product"}],"author":[{"embeddable":true,"href":"https:\/\/eggtraym.com\/fr\/wp-json\/wp\/v2\/users\/1"}],"wp:featuredmedia":[{"embeddable":true,"href":"https:\/\/eggtraym.com\/fr\/wp-json\/wp\/v2\/media\/356"}],"wp:attachment":[{"href":"https:\/\/eggtraym.com\/fr\/wp-json\/wp\/v2\/media?parent=355"}],"wp:term":[{"taxonomy":"post_tag","embeddable":true,"href":"https:\/\/eggtraym.com\/fr\/wp-json\/wp\/v2\/tags?post=355"},{"taxonomy":"product-type","embeddable":true,"href":"https:\/\/eggtraym.com\/fr\/wp-json\/wp\/v2\/product-type?post=355"}],"curies":[{"name":"wp","href":"https:\/\/api.w.org\/{rel}","templated":true}]}}