{"id":319,"date":"2022-11-22T16:19:46","date_gmt":"2022-11-22T08:19:46","guid":{"rendered":"https:\/\/eggtraym.com\/?post_type=product&#038;p=319"},"modified":"2024-06-20T15:25:40","modified_gmt":"2024-06-20T07:25:40","slug":"egg-box-machine","status":"publish","type":"product","link":"https:\/\/eggtraym.com\/fr\/product\/egg-box-machine\/","title":{"rendered":"\u00c9quipement de moulage de carton de papier de machine de bo\u00eete \u00e0 oeufs"},"content":{"rendered":"<div class=\"kk-star-ratings kksr-auto kksr-align-left kksr-valign-top\"     data-payload='{&quot;align&quot;:&quot;left&quot;,&quot;id&quot;:&quot;319&quot;,&quot;slug&quot;:&quot;default&quot;,&quot;valign&quot;:&quot;top&quot;,&quot;ignore&quot;:&quot;&quot;,&quot;reference&quot;:&quot;auto&quot;,&quot;class&quot;:&quot;&quot;,&quot;count&quot;:&quot;96&quot;,&quot;legendonly&quot;:&quot;&quot;,&quot;readonly&quot;:&quot;&quot;,&quot;score&quot;:&quot;4.9&quot;,&quot;starsonly&quot;:&quot;&quot;,&quot;best&quot;:&quot;5&quot;,&quot;gap&quot;:&quot;5&quot;,&quot;greet&quot;:&quot;Rate this product&quot;,&quot;legend&quot;:&quot;4.9\\\/5 - (96 votes)&quot;,&quot;size&quot;:&quot;24&quot;,&quot;title&quot;:&quot;Egg Box Machine Paper Carton Molding Equipment&quot;,&quot;width&quot;:&quot;139.6&quot;,&quot;_legend&quot;:&quot;{score}\\\/{best} - ({count} {votes})&quot;,&quot;font_factor&quot;:&quot;1.25&quot;}'>              <div class=\"kksr-stars\">      <div class=\"kksr-stars-inactive\">             <div class=\"kksr-star\" data-star=\"1\" style=\"padding-right: 5px\">               <div class=\"kksr-icon\" style=\"width: 24px; height: 24px;\"><\/div>         <\/div>             <div class=\"kksr-star\" data-star=\"2\" style=\"padding-right: 5px\">               <div class=\"kksr-icon\" style=\"width: 24px; height: 24px;\"><\/div>         <\/div>             <div class=\"kksr-star\" data-star=\"3\" style=\"padding-right: 5px\">               <div class=\"kksr-icon\" style=\"width: 24px; height: 24px;\"><\/div>         <\/div>             <div class=\"kksr-star\" data-star=\"4\" style=\"padding-right: 5px\">               <div class=\"kksr-icon\" style=\"width: 24px; height: 24px;\"><\/div>         <\/div>             <div class=\"kksr-star\" data-star=\"5\" style=\"padding-right: 5px\">               <div class=\"kksr-icon\" style=\"width: 24px; height: 24px;\"><\/div>         <\/div>     <\/div>      <div class=\"kksr-stars-active\" style=\"width: 139.6px;\">             <div class=\"kksr-star\" style=\"padding-right: 5px\">               <div class=\"kksr-icon\" style=\"width: 24px; height: 24px;\"><\/div>         <\/div>             <div class=\"kksr-star\" style=\"padding-right: 5px\">               <div class=\"kksr-icon\" style=\"width: 24px; height: 24px;\"><\/div>         <\/div>             <div class=\"kksr-star\" style=\"padding-right: 5px\">               <div class=\"kksr-icon\" style=\"width: 24px; height: 24px;\"><\/div>         <\/div>             <div class=\"kksr-star\" style=\"padding-right: 5px\">               <div class=\"kksr-icon\" style=\"width: 24px; height: 24px;\"><\/div>         <\/div>             <div class=\"kksr-star\" style=\"padding-right: 5px\">               <div class=\"kksr-icon\" style=\"width: 24px; height: 24px;\"><\/div>         <\/div>     <\/div> <\/div>                   <div class=\"kksr-legend\" style=\"font-size: 19.2px;\">             4,9\/5 - (96 votes)    <\/div>     <\/div>  <p>La machine \u00e0 bo\u00eetes \u00e0 \u0153ufs est une machine qui transforme les d\u00e9chets de p\u00e2te \u00e0 papier en formes telles que des plateaux \u00e0 \u0153ufs. Gr\u00e2ce \u00e0 des processus de formation de moules et de s\u00e9chage, il r\u00e9alise la r\u00e9utilisation des vieux papiers et est largement utilis\u00e9 dans l'industrie de l'emballage. Il existe de nombreux mod\u00e8les de machines de fabrication de cartons \u00e0 \u0153ufs que nous fabriquons, qui peuvent r\u00e9pondre aux diff\u00e9rents besoins de production des clients. Bienvenue \u00e0 nous contacter pour la personnalisation de la machine.<\/p>    <figure class=\"wp-block-embed aligncenter is-type-video is-provider-youtube wp-block-embed-youtube wp-embed-aspect-16-9 wp-has-aspect-ratio\"><div class=\"wp-block-embed__wrapper\"> <iframe loading=\"lazy\" title=\"Production de cartons \u00e0 \u0153ufs sans effort\u00a0: soyez t\u00e9moin de la magie de notre machine \u00e0 plateaux \u00e0 \u0153ufs\u00a0!#eggtray #eggcarton\" width=\"500\" height=\"281\" src=\"https:\/\/www.youtube.com\/embed\/y_AmLniIsO4?feature=oembed\" frameborder=\"0\" allow=\"accelerometer; autoplay; clipboard-write; encrypted-media; gyroscope; picture-in-picture; web-share\" referrerpolicy=\"strict-origin-when-cross-origin\" allowfullscreen><\/iframe> <\/div><figcaption class=\"wp-element-caption\">vid\u00e9o de fonctionnement de la machine \u00e0 bo\u00eetes \u00e0 \u0153ufs en papier<\/figcaption><\/figure>    <h2 class=\"wp-block-heading\">Br\u00e8ve introduction de la machine \u00e0 bo\u00eetes \u00e0 \u0153ufs<\/h2>    <p>Notre machine \u00e0 bo\u00eetes \u00e0 \u0153ufs peut fabriquer des cartons \u00e0 \u0153ufs de diff\u00e9rentes sp\u00e9cifications. Et ils diff\u00e8rent par le nombre d\u2019\u0153ufs qu\u2019ils contiennent. Par exemple, il existe des emballages de 4, 6, 8, 12, 24, etc. Nous pouvons \u00e9galement personnaliser les bo\u00eetes \u00e0 \u0153ufs avec des formes sp\u00e9ciales en fonction des besoins sp\u00e9cifiques des clients. <\/p>    <p>\u00c9tant donn\u00e9 que la production des machines \u00e0 grande \u00e9chelle est \u00e9galement importante, nous recommandons aux clients de former une ligne de production de plateaux \u00e0 \u0153ufs avec d'autres machines. Cela peut grandement am\u00e9liorer l\u2019efficacit\u00e9. La machine \u00e0 fabriquer des bo\u00eetes \u00e0 \u0153ufs \u00e0 faible rendement peut \u00eatre utilis\u00e9e comme machine autonome.<\/p>    <figure class=\"wp-block-gallery has-nested-images columns-default is-cropped wp-block-gallery-2 is-layout-flex wp-block-gallery-is-layout-flex\"> <figure class=\"wp-block-image size-large\"><img loading=\"lazy\" decoding=\"async\" width=\"720\" height=\"540\" data-id=\"328\" src=\"https:\/\/eggtraym.com\/wp-content\/uploads\/2022\/11\/egg-box-machine-2.webp\" alt=\"machine \u00e0 bo\u00eetes \u00e0 \u0153ufs \" class=\"wp-image-328\" title=\"machine \u00e0 bo\u00eetes \u00e0 \u0153ufs \" srcset=\"https:\/\/eggtraym.com\/wp-content\/uploads\/2022\/11\/egg-box-machine-2.webp 720w, https:\/\/eggtraym.com\/wp-content\/uploads\/2022\/11\/egg-box-machine-2-300x225.webp 300w\" sizes=\"auto, (max-width: 720px) 100vw, 720px\" \/><figcaption class=\"wp-element-caption\">Machine \u00e0 bo\u00eetes \u00e0 \u0153ufs <\/figcaption><\/figure>    <figure class=\"wp-block-image size-large\"><img loading=\"lazy\" decoding=\"async\" width=\"720\" height=\"540\" data-id=\"330\" src=\"https:\/\/eggtraym.com\/wp-content\/uploads\/2022\/11\/egg-carton-maker-1-1.webp\" alt=\"fabricant de cartons \u00e0 \u0153ufs\" class=\"wp-image-330\" title=\"fabricant de cartons \u00e0 \u0153ufs\" srcset=\"https:\/\/eggtraym.com\/wp-content\/uploads\/2022\/11\/egg-carton-maker-1-1.webp 720w, https:\/\/eggtraym.com\/wp-content\/uploads\/2022\/11\/egg-carton-maker-1-1-300x225.webp 300w\" sizes=\"auto, (max-width: 720px) 100vw, 720px\" \/><figcaption class=\"wp-element-caption\">Machine \u00e0 cartonner les \u0153ufs<\/figcaption><\/figure> <\/figure>    <h2 class=\"wp-block-heading\">Mati\u00e8res premi\u00e8res pour fabriquer des bo\u00eetes \u00e0 \u0153ufs<\/h2>    <p>Les mati\u00e8res premi\u00e8res des bo\u00eetes \u00e0 \u0153ufs sont divers vieux papiers, tels que les journaux, les livres, les magazines, le papier de bureau, le papier kraft, le papier A4, le carton, etc.<\/p>   <div class=\"wp-block-image\"> <figure class=\"aligncenter size-full\"><img loading=\"lazy\" decoding=\"async\" width=\"720\" height=\"540\" src=\"https:\/\/eggtraym.com\/wp-content\/uploads\/2022\/11\/waste-paper-for-egg-box.webp\" alt=\"vieux papiers pour bo\u00eete \u00e0 \u0153ufs\" class=\"wp-image-634\" title=\"\" srcset=\"https:\/\/eggtraym.com\/wp-content\/uploads\/2022\/11\/waste-paper-for-egg-box.webp 720w, https:\/\/eggtraym.com\/wp-content\/uploads\/2022\/11\/waste-paper-for-egg-box-300x225.webp 300w, https:\/\/eggtraym.com\/wp-content\/uploads\/2022\/11\/waste-paper-for-egg-box-16x12.webp 16w\" sizes=\"auto, (max-width: 720px) 100vw, 720px\" \/><figcaption class=\"wp-element-caption\">vieux papiers pour bo\u00eete \u00e0 \u0153ufs<\/figcaption><\/figure> <\/div>  <div class=\"wp-block-image\"> <figure class=\"aligncenter size-full\"><img loading=\"lazy\" decoding=\"async\" width=\"720\" height=\"540\" src=\"https:\/\/eggtraym.com\/wp-content\/uploads\/2022\/11\/Raw-materials-.webp\" alt=\"Mati\u00e8res premi\u00e8res \" class=\"wp-image-331\" title=\"Mati\u00e8res premi\u00e8res \" srcset=\"https:\/\/eggtraym.com\/wp-content\/uploads\/2022\/11\/Raw-materials-.webp 720w, https:\/\/eggtraym.com\/wp-content\/uploads\/2022\/11\/Raw-materials--300x225.webp 300w\" sizes=\"auto, (max-width: 720px) 100vw, 720px\" \/><figcaption class=\"wp-element-caption\">Mati\u00e8res premi\u00e8res <\/figcaption><\/figure> <\/div>   <h2 class=\"wp-block-heading\">Utilisation de bo\u00eetes \u00e0 \u0153ufs<\/h2>    <p>Comme leur nom l\u2019indique, les bo\u00eetes \u00e0 \u0153ufs servent \u00e0 contenir les \u0153ufs. L'utilisation de bo\u00eetes \u00e0 \u0153ufs pour emballer les \u0153ufs peut prot\u00e9ger les \u0153ufs au maximum et r\u00e9duire les bosses. Dans le m\u00eame temps, les \u0153ufs emball\u00e9s sont plus faciles \u00e0 compter. De plus, cela favorise \u00e9galement l\u2019empilage des \u0153ufs, ce qui peut r\u00e9duire la surface au sol pour le stockage des \u0153ufs.<\/p>   <div class=\"wp-block-image\"> <figure class=\"aligncenter size-full\"><img loading=\"lazy\" decoding=\"async\" width=\"720\" height=\"540\" src=\"https:\/\/eggtraym.com\/wp-content\/uploads\/2022\/11\/egg-carton-production.webp\" alt=\"production de cartons d&#039;oeufs\" class=\"wp-image-652\" title=\"\" srcset=\"https:\/\/eggtraym.com\/wp-content\/uploads\/2022\/11\/egg-carton-production.webp 720w, https:\/\/eggtraym.com\/wp-content\/uploads\/2022\/11\/egg-carton-production-300x225.webp 300w, https:\/\/eggtraym.com\/wp-content\/uploads\/2022\/11\/egg-carton-production-16x12.webp 16w\" sizes=\"auto, (max-width: 720px) 100vw, 720px\" \/><figcaption class=\"wp-element-caption\">production de cartons d'oeufs<\/figcaption><\/figure> <\/div>   <h2 class=\"wp-block-heading\">Conception de plateau \u00e0 \u0153ufs en papier<\/h2>    <p>Notre machine \u00e0 cartonner les \u0153ufs peut fabriquer des cartons \u00e0 \u0153ufs souvent utilis\u00e9s sur le march\u00e9. En m\u00eame temps, nous pouvons \u00e9galement fabriquer des bo\u00eetes \u00e0 \u0153ufs au design unique. Les clients doivent nous fournir des informations d\u00e9taill\u00e9es sur les bo\u00eetes d'\u0153ufs dont ils ont besoin. Et nous personnaliserons les moules de la bo\u00eete \u00e0 \u0153ufs en fonction des informations.<\/p>   <div class=\"wp-block-image\"> <figure class=\"aligncenter size-full\"><img loading=\"lazy\" decoding=\"async\" width=\"720\" height=\"540\" src=\"https:\/\/eggtraym.com\/wp-content\/uploads\/2022\/11\/Egg-box-design-.webp\" alt=\"Conception de bo\u00eete \u00e0 \u0153ufs\" class=\"wp-image-332\" title=\"Conception de bo\u00eete \u00e0 \u0153ufs\" srcset=\"https:\/\/eggtraym.com\/wp-content\/uploads\/2022\/11\/Egg-box-design-.webp 720w, https:\/\/eggtraym.com\/wp-content\/uploads\/2022\/11\/Egg-box-design--300x225.webp 300w\" sizes=\"auto, (max-width: 720px) 100vw, 720px\" \/><figcaption class=\"wp-element-caption\">Conception de bo\u00eete \u00e0 \u0153ufs<\/figcaption><\/figure> <\/div>  <div class=\"wp-block-image\"> <figure class=\"aligncenter size-full\"><img loading=\"lazy\" decoding=\"async\" width=\"720\" height=\"540\" src=\"https:\/\/eggtraym.com\/wp-content\/uploads\/2022\/11\/paper-carton-production.webp\" alt=\"production de cartons en papier\" class=\"wp-image-650\" title=\"\" srcset=\"https:\/\/eggtraym.com\/wp-content\/uploads\/2022\/11\/paper-carton-production.webp 720w, https:\/\/eggtraym.com\/wp-content\/uploads\/2022\/11\/paper-carton-production-300x225.webp 300w, https:\/\/eggtraym.com\/wp-content\/uploads\/2022\/11\/paper-carton-production-16x12.webp 16w\" sizes=\"auto, (max-width: 720px) 100vw, 720px\" \/><figcaption class=\"wp-element-caption\">production de cartons en papier<\/figcaption><\/figure> <\/div>   <h2 class=\"wp-block-heading\">Composition de la ligne de production de cartons \u00e0 \u0153ufs<\/h2>    <p>En g\u00e9n\u00e9ral, les machines \u00e0 caisses d'\u0153ufs \u00e0 haut rendement seront \u00e9quip\u00e9es d'autres machines pour former une ligne de production. Les machines \u00e9quip\u00e9es comprennent un pulpeur, une machine \u00e0 bo\u00eetes \u00e0 \u0153ufs, un s\u00e9choir, une presse \u00e0 chaud, une machine d'emballage, etc. La ligne de production de machines \u00e0 bo\u00eetes \u00e0 \u0153ufs peut fabriquer efficacement des bo\u00eetes \u00e0 \u0153ufs. Et le produit fini est plus compact et plus beau.<\/p>    <figure class=\"wp-block-gallery has-nested-images columns-2 is-cropped wp-block-gallery-3 is-layout-flex wp-block-gallery-is-layout-flex\"> <figure class=\"wp-block-image size-large\"><img loading=\"lazy\" decoding=\"async\" width=\"720\" height=\"540\" data-id=\"326\" src=\"https:\/\/eggtraym.com\/wp-content\/uploads\/2022\/11\/paper-shredder-.webp\" alt=\"machine \u00e0 p\u00e2te \u00e0 papier \" class=\"wp-image-326\" title=\"machine \u00e0 p\u00e2te \u00e0 papier \" srcset=\"https:\/\/eggtraym.com\/wp-content\/uploads\/2022\/11\/paper-shredder-.webp 720w, https:\/\/eggtraym.com\/wp-content\/uploads\/2022\/11\/paper-shredder--300x225.webp 300w\" sizes=\"auto, (max-width: 720px) 100vw, 720px\" \/><figcaption class=\"wp-element-caption\">Machine \u00e0 p\u00e2te \u00e0 papier <\/figcaption><\/figure>    <figure class=\"wp-block-image size-large\"><img loading=\"lazy\" decoding=\"async\" width=\"720\" height=\"540\" data-id=\"333\" src=\"https:\/\/eggtraym.com\/wp-content\/uploads\/2022\/11\/egg-tray-molding-machine-.webp\" alt=\"machine de moulage de plateaux \u00e0 \u0153ufs \" class=\"wp-image-333\" title=\"machine de moulage de plateaux \u00e0 \u0153ufs \" srcset=\"https:\/\/eggtraym.com\/wp-content\/uploads\/2022\/11\/egg-tray-molding-machine-.webp 720w, https:\/\/eggtraym.com\/wp-content\/uploads\/2022\/11\/egg-tray-molding-machine--300x225.webp 300w\" sizes=\"auto, (max-width: 720px) 100vw, 720px\" \/><figcaption class=\"wp-element-caption\">Machine de moulage de plateaux \u00e0 \u0153ufs<\/figcaption><\/figure>    <figure class=\"wp-block-image size-large\"><img loading=\"lazy\" decoding=\"async\" width=\"720\" height=\"540\" data-id=\"335\" src=\"https:\/\/eggtraym.com\/wp-content\/uploads\/2022\/11\/metal-egg-tray-dryer-.webp\" alt=\"S\u00e9choir \u00e0 \u0153ufs en m\u00e9tal\" class=\"wp-image-335\" title=\"S\u00e9choir \u00e0 \u0153ufs en m\u00e9tal\" srcset=\"https:\/\/eggtraym.com\/wp-content\/uploads\/2022\/11\/metal-egg-tray-dryer-.webp 720w, https:\/\/eggtraym.com\/wp-content\/uploads\/2022\/11\/metal-egg-tray-dryer--300x225.webp 300w\" sizes=\"auto, (max-width: 720px) 100vw, 720px\" \/><figcaption class=\"wp-element-caption\">S\u00e9choir \u00e0 \u0153ufs en m\u00e9tal<\/figcaption><\/figure>    <figure class=\"wp-block-image size-large\"><img loading=\"lazy\" decoding=\"async\" width=\"720\" height=\"540\" data-id=\"336\" src=\"https:\/\/eggtraym.com\/wp-content\/uploads\/2022\/11\/hot-press-machine-.webp\" alt=\"presse \u00e0 chaud\" class=\"wp-image-336\" title=\"presse \u00e0 chaud\" srcset=\"https:\/\/eggtraym.com\/wp-content\/uploads\/2022\/11\/hot-press-machine-.webp 720w, https:\/\/eggtraym.com\/wp-content\/uploads\/2022\/11\/hot-press-machine--300x225.webp 300w\" sizes=\"auto, (max-width: 720px) 100vw, 720px\" \/><figcaption class=\"wp-element-caption\">Presse \u00e0 chaud<\/figcaption><\/figure> <\/figure>    <h2 class=\"wp-block-heading\">Quels facteurs devez-vous prendre en compte lors du choix d\u2019une machine de moulage de bo\u00eetes \u00e0 \u0153ufs ?<\/h2>    <ol class=\"wp-block-list\"> <li>De combien de cartons avez-vous besoin chaque jour ?<\/li>    <li>Quelle superficie de terrain comptez-vous utiliser pour construire l\u2019usine\u00a0?<\/li>    <li>Quelle est la tension locale ?<\/li>    <li>Nous disposons de trois \u00e9quipements de s\u00e9chage diff\u00e9rents, de quel type de s\u00e9choir avez-vous besoin\u00a0?<\/li> <\/ol>    <p>Ces questions ne sont que quelques-unes parmi tant d\u2019autres, et d\u2019autres d\u00e9tails doivent \u00eatre confirm\u00e9s avec vous. Si vous \u00eates int\u00e9ress\u00e9 par nos produits, veuillez nous contacter imm\u00e9diatement. Nous vous fournirons une r\u00e9ponse professionnelle.<\/p>    <figure class=\"wp-block-gallery has-nested-images columns-default is-cropped wp-block-gallery-4 is-layout-flex wp-block-gallery-is-layout-flex\"> <figure class=\"wp-block-image size-large\"><img loading=\"lazy\" decoding=\"async\" width=\"720\" height=\"540\" data-id=\"637\" src=\"https:\/\/eggtraym.com\/wp-content\/uploads\/2022\/11\/6000pcs-paper-tray-forming-machine.webp\" alt=\"Machine de formage de plateaux en papier 6000 pi\u00e8ces\" class=\"wp-image-637\" title=\"\" srcset=\"https:\/\/eggtraym.com\/wp-content\/uploads\/2022\/11\/6000pcs-paper-tray-forming-machine.webp 720w, https:\/\/eggtraym.com\/wp-content\/uploads\/2022\/11\/6000pcs-paper-tray-forming-machine-300x225.webp 300w, https:\/\/eggtraym.com\/wp-content\/uploads\/2022\/11\/6000pcs-paper-tray-forming-machine-16x12.webp 16w\" sizes=\"auto, (max-width: 720px) 100vw, 720px\" \/><figcaption class=\"wp-element-caption\">Machine de formage de bacs \u00e0 papier 6000 pi\u00e8ces<\/figcaption><\/figure>    <figure class=\"wp-block-image size-large\"><img loading=\"lazy\" decoding=\"async\" width=\"720\" height=\"540\" data-id=\"638\" src=\"https:\/\/eggtraym.com\/wp-content\/uploads\/2022\/11\/large-egg-box-making-machine.webp\" alt=\"grande machine de fabrication de bo\u00eetes \u00e0 \u0153ufs\" class=\"wp-image-638\" title=\"\" srcset=\"https:\/\/eggtraym.com\/wp-content\/uploads\/2022\/11\/large-egg-box-making-machine.webp 720w, https:\/\/eggtraym.com\/wp-content\/uploads\/2022\/11\/large-egg-box-making-machine-300x225.webp 300w, https:\/\/eggtraym.com\/wp-content\/uploads\/2022\/11\/large-egg-box-making-machine-16x12.webp 16w\" sizes=\"auto, (max-width: 720px) 100vw, 720px\" \/><figcaption class=\"wp-element-caption\">Grande machine de fabrication de cartons \u00e0 \u0153ufs<\/figcaption><\/figure> <\/figure>    <h2 class=\"wp-block-heading\">Machine de fabrication de cartons \u00e0 \u0153ufs vendue au Cameroun<\/h2>    <p class=\"translation-block\">Nos clients du <a href=\"https:\/\/en.wikipedia.org\/wiki\/Cameroon\" target=\"_blank\" rel=\"noopener\">Cameroun<\/a> avaient une ferme pr\u00e9c\u00e9dente et souhaitaient passer \u00e0 la fabrication de bo\u00eetes \u00e0 \u0153ufs. Apr\u00e8s avoir re\u00e7u le message du client, nous lui avons imm\u00e9diatement fourni des photos et des vid\u00e9os de la machine \u00e0 bo\u00eetes \u00e0 \u0153ufs. <\/p>    <p>Comme c'est la premi\u00e8re fois que le client d\u00e9marre une activit\u00e9 de machine \u00e0 plateaux \u00e0 \u0153ufs, nous recommandons au client un petit mod\u00e8le de machine \u00e0 plateaux \u00e0 \u0153ufs. Ensuite, les param\u00e8tres de la machine \u00e0 bo\u00eetes \u00e0 \u0153ufs ont \u00e9t\u00e9 fournis au client. Le client a d\u00e9cid\u00e9 d'acheter ce petit mod\u00e8le de machine \u00e0 bo\u00eetes \u00e0 \u0153ufs SL-3*1 apr\u00e8s r\u00e9flexion.<\/p>   <div class=\"wp-block-image\"> <figure class=\"aligncenter size-full is-resized\"><img loading=\"lazy\" decoding=\"async\" width=\"720\" height=\"540\" src=\"https:\/\/eggtraym.com\/wp-content\/uploads\/2022\/11\/egg-tray-machine-for-shipping-.webp\" alt=\"machine \u00e0 plateaux \u00e0 \u0153ufs pour l&#039;exp\u00e9dition\" class=\"wp-image-341\" style=\"width:720px;height:540px\" title=\"machine \u00e0 plateaux \u00e0 \u0153ufs pour l&#039;exp\u00e9dition\" srcset=\"https:\/\/eggtraym.com\/wp-content\/uploads\/2022\/11\/egg-tray-machine-for-shipping-.webp 720w, https:\/\/eggtraym.com\/wp-content\/uploads\/2022\/11\/egg-tray-machine-for-shipping--300x225.webp 300w\" sizes=\"auto, (max-width: 720px) 100vw, 720px\" \/><figcaption class=\"wp-element-caption\">machine \u00e0 plateaux \u00e0 \u0153ufs pour l'exp\u00e9dition<\/figcaption><\/figure> <\/div>   <h2 class=\"wp-block-heading\">Co\u00fbt commercial d'une ligne de production de machine \u00e0 plateaux \u00e0 \u0153ufs<\/h2>    <p class=\"translation-block\">En raison des diff\u00e9rentes configurations de la ligne de production, le co\u00fbt de la <strong><em><a href=\"https:\/\/eggtraym.com\/fr\/product\/egg-tray-manufacturing-plant\/\">ligne de production de machines \u00e0 alv\u00e9oles en papier<\/a><\/em><\/strong> est \u00e9galement diff\u00e9rent.<\/p>    <ol class=\"wp-block-list\"> <li>Concernant les \u00e9quipements de s\u00e9chage, nous disposons de lignes de s\u00e9chage de briques et de lignes de s\u00e9chage de m\u00e9taux. Ils diff\u00e8rent par les co\u00fbts de construction et d'\u00e9quipement. Et nous vous recommanderons le mat\u00e9riel de s\u00e9chage adapt\u00e9 \u00e0 votre situation sp\u00e9cifique.<\/li>    <li>Autre \u00e9quipement. En plus de l'\u00e9quipement de s\u00e9chage, la ligne de production de plateaux \u00e0 \u0153ufs dispose \u00e9galement d'autres \u00e9quipements, tels que des presses thermiques pour cartons d'\u0153ufs et des machines d'emballage de cartons d'\u0153ufs, y compris des empileurs de cartons d'\u0153ufs. Bien que l\u2019achat de ces appareils augmente le co\u00fbt, il peut grandement am\u00e9liorer l\u2019efficacit\u00e9.<\/li> <\/ol>    <h2 class=\"wp-block-heading\">Machine de fabrication de plateaux \u00e0 \u0153ufs de Shuliy<\/h2>    <ul class=\"wp-block-list\"> <li>Notre bo\u00eete de vitesses est import\u00e9e de Taiwan, ce qui est plus \u00e9conome en \u00e9nergie et fonctionne sans probl\u00e8me.<\/li>    <li>Le syst\u00e8me de s\u00e9chage adopte une ligne de s\u00e9chage monocouche \u00e9conome en \u00e9nergie et respectueuse de l'environnement. Ce type de ligne de production de machines \u00e0 cartons \u00e0 \u0153ufs est plus \u00e9conome en \u00e9nergie, la structure en acier est s\u00e9ch\u00e9e en une seule couche et l'installation est pratique, pratique et belle.<\/li>    <li>Pendant tout le processus d\u2019utilisation de la machine, aucun rejet d\u2019eaux us\u00e9es ne peut \u00eatre recycl\u00e9.<\/li>    <li>Le cadre principal est en acier profil\u00e9 20# \u00e9paissi et l'arbre de transmission est constitu\u00e9 d'un arbre coulissant pour assurer la stabilit\u00e9.<\/li> <\/ul>    <figure class=\"wp-block-gallery has-nested-images columns-default is-cropped wp-block-gallery-5 is-layout-flex wp-block-gallery-is-layout-flex\"> <figure class=\"wp-block-image size-large\"><img loading=\"lazy\" decoding=\"async\" width=\"720\" height=\"540\" data-id=\"338\" src=\"https:\/\/eggtraym.com\/wp-content\/uploads\/2022\/11\/egg-tray-molding-machine-2.webp\" alt=\"machine de moulage de plateaux \u00e0 \u0153ufs\" class=\"wp-image-338\" title=\"machine de moulage de plateaux \u00e0 \u0153ufs\" srcset=\"https:\/\/eggtraym.com\/wp-content\/uploads\/2022\/11\/egg-tray-molding-machine-2.webp 720w, https:\/\/eggtraym.com\/wp-content\/uploads\/2022\/11\/egg-tray-molding-machine-2-300x225.webp 300w\" sizes=\"auto, (max-width: 720px) 100vw, 720px\" \/><figcaption class=\"wp-element-caption\">Machine de moulage de plateaux \u00e0 \u0153ufs<\/figcaption><\/figure>    <figure class=\"wp-block-image size-large\"><img loading=\"lazy\" decoding=\"async\" width=\"720\" height=\"540\" data-id=\"339\" src=\"https:\/\/eggtraym.com\/wp-content\/uploads\/2022\/11\/egg-trays-.webp\" alt=\"plateaux \u00e0 \u0153ufs\" class=\"wp-image-339\" title=\"plateaux \u00e0 \u0153ufs\" srcset=\"https:\/\/eggtraym.com\/wp-content\/uploads\/2022\/11\/egg-trays-.webp 720w, https:\/\/eggtraym.com\/wp-content\/uploads\/2022\/11\/egg-trays--300x225.webp 300w\" sizes=\"auto, (max-width: 720px) 100vw, 720px\" \/><figcaption class=\"wp-element-caption\">Plateaux \u00e0 \u0153ufs<\/figcaption><\/figure> <\/figure>","protected":false},"excerpt":{"rendered":"<p>La machine \u00e0 bo\u00eetes \u00e0 \u0153ufs est une machine qui transforme les d\u00e9chets de p\u00e2te \u00e0 papier en formes telles que des plateaux \u00e0 \u0153ufs. C'est une machine respectueuse de l'environnement et utilis\u00e9e dans de nombreux pays.<\/p>","protected":false},"author":1,"featured_media":327,"parent":0,"template":"","tags":[47,41,42],"product-type":[3],"class_list":["post-319","product","type-product","status-publish","has-post-thumbnail","hentry","tag-egg-box","tag-egg-tray","tag-paper-tray","product-type-egg-tray-making-machine"],"_links":{"self":[{"href":"https:\/\/eggtraym.com\/fr\/wp-json\/wp\/v2\/product\/319","targetHints":{"allow":["GET"]}}],"collection":[{"href":"https:\/\/eggtraym.com\/fr\/wp-json\/wp\/v2\/product"}],"about":[{"href":"https:\/\/eggtraym.com\/fr\/wp-json\/wp\/v2\/types\/product"}],"author":[{"embeddable":true,"href":"https:\/\/eggtraym.com\/fr\/wp-json\/wp\/v2\/users\/1"}],"wp:featuredmedia":[{"embeddable":true,"href":"https:\/\/eggtraym.com\/fr\/wp-json\/wp\/v2\/media\/327"}],"wp:attachment":[{"href":"https:\/\/eggtraym.com\/fr\/wp-json\/wp\/v2\/media?parent=319"}],"wp:term":[{"taxonomy":"post_tag","embeddable":true,"href":"https:\/\/eggtraym.com\/fr\/wp-json\/wp\/v2\/tags?post=319"},{"taxonomy":"product-type","embeddable":true,"href":"https:\/\/eggtraym.com\/fr\/wp-json\/wp\/v2\/product-type?post=319"}],"curies":[{"name":"wp","href":"https:\/\/api.w.org\/{rel}","templated":true}]}}