{"id":232,"date":"2022-09-16T10:23:05","date_gmt":"2022-09-16T10:23:05","guid":{"rendered":"https:\/\/eggtraym.com\/?post_type=product&#038;p=232"},"modified":"2026-02-10T13:51:00","modified_gmt":"2026-02-10T05:51:00","slug":"egg-carton-production-line","status":"publish","type":"product","link":"https:\/\/eggtraym.com\/fr\/product\/egg-carton-production-line\/","title":{"rendered":"Ligne de production de cartons d'\u0153ufs Machines de fabrication de plateaux \u00e0 papier"},"content":{"rendered":"<div class=\"kk-star-ratings kksr-auto kksr-align-left kksr-valign-top\"     data-payload='{&quot;align&quot;:&quot;left&quot;,&quot;id&quot;:&quot;232&quot;,&quot;slug&quot;:&quot;default&quot;,&quot;valign&quot;:&quot;top&quot;,&quot;ignore&quot;:&quot;&quot;,&quot;reference&quot;:&quot;auto&quot;,&quot;class&quot;:&quot;&quot;,&quot;count&quot;:&quot;88&quot;,&quot;legendonly&quot;:&quot;&quot;,&quot;readonly&quot;:&quot;&quot;,&quot;score&quot;:&quot;4.8&quot;,&quot;starsonly&quot;:&quot;&quot;,&quot;best&quot;:&quot;5&quot;,&quot;gap&quot;:&quot;5&quot;,&quot;greet&quot;:&quot;Rate this product&quot;,&quot;legend&quot;:&quot;4.8\\\/5 - (88 votes)&quot;,&quot;size&quot;:&quot;24&quot;,&quot;title&quot;:&quot;Egg Carton Production Line Paper Tray Making Machines&quot;,&quot;width&quot;:&quot;136.7&quot;,&quot;_legend&quot;:&quot;{score}\\\/{best} - ({count} {votes})&quot;,&quot;font_factor&quot;:&quot;1.25&quot;}'>              <div class=\"kksr-stars\">      <div class=\"kksr-stars-inactive\">             <div class=\"kksr-star\" data-star=\"1\" style=\"padding-right: 5px\">               <div class=\"kksr-icon\" style=\"width: 24px; height: 24px;\"><\/div>         <\/div>             <div class=\"kksr-star\" data-star=\"2\" style=\"padding-right: 5px\">               <div class=\"kksr-icon\" style=\"width: 24px; height: 24px;\"><\/div>         <\/div>             <div class=\"kksr-star\" data-star=\"3\" style=\"padding-right: 5px\">               <div class=\"kksr-icon\" style=\"width: 24px; height: 24px;\"><\/div>         <\/div>             <div class=\"kksr-star\" data-star=\"4\" style=\"padding-right: 5px\">               <div class=\"kksr-icon\" style=\"width: 24px; height: 24px;\"><\/div>         <\/div>             <div class=\"kksr-star\" data-star=\"5\" style=\"padding-right: 5px\">               <div class=\"kksr-icon\" style=\"width: 24px; height: 24px;\"><\/div>         <\/div>     <\/div>      <div class=\"kksr-stars-active\" style=\"width: 136.7px;\">             <div class=\"kksr-star\" style=\"padding-right: 5px\">               <div class=\"kksr-icon\" style=\"width: 24px; height: 24px;\"><\/div>         <\/div>             <div class=\"kksr-star\" style=\"padding-right: 5px\">               <div class=\"kksr-icon\" style=\"width: 24px; height: 24px;\"><\/div>         <\/div>             <div class=\"kksr-star\" style=\"padding-right: 5px\">               <div class=\"kksr-icon\" style=\"width: 24px; height: 24px;\"><\/div>         <\/div>             <div class=\"kksr-star\" style=\"padding-right: 5px\">               <div class=\"kksr-icon\" style=\"width: 24px; height: 24px;\"><\/div>         <\/div>             <div class=\"kksr-star\" style=\"padding-right: 5px\">               <div class=\"kksr-icon\" style=\"width: 24px; height: 24px;\"><\/div>         <\/div>     <\/div> <\/div>                   <div class=\"kksr-legend\" style=\"font-size: 19.2px;\">             4,8\/5 - (88 votes)    <\/div>     <\/div>  <p>La ligne de production de cartons d'\u0153ufs est un ensemble complet d'\u00e9quipements int\u00e9grant la pulpe, le moulage, le s\u00e9chage et l'emballage, con\u00e7u pour la production efficace de plateaux \u00e0 \u0153ufs en pulpe.<\/p>    <p>Les utilisateurs n'ont besoin d'acheter que cet ensemble complet d'\u00e9quipements, sans avoir \u00e0 acheter des installations auxiliaires suppl\u00e9mentaires, vous pouvez directement commencer l'activit\u00e9 de production de plateaux \u00e0 \u0153ufs.<\/p>    <p>Cette configuration centralis\u00e9e permet non seulement de r\u00e9duire consid\u00e9rablement le temps de s\u00e9lection et les co\u00fbts d'achat, mais elle simplifie \u00e9galement le processus op\u00e9rationnel et am\u00e9liore l'efficacit\u00e9 de la production.<\/p>    <p>Avec une capacit\u00e9 de 1 000 \u00e0 8 000 pi\u00e8ces\/heure disponible pour allocation, c'est un choix id\u00e9al pour les usines en d\u00e9marrage, les usines de transformation \u00e0 petite \u00e9chelle ou les projets d'expansion de production.<\/p>    <figure class=\"wp-block-embed aligncenter is-type-video is-provider-youtube wp-block-embed-youtube wp-embed-aspect-16-9 wp-has-aspect-ratio\"><div class=\"wp-block-embed__wrapper\"> <iframe loading=\"lazy\" title=\"Cha\u00eene de production enti\u00e8rement automatique de plateaux \u00e0 \u0153ufs pour moulage de p\u00e2te \u00e0 papier, site de travail du client en Zambie\" width=\"500\" height=\"281\" src=\"https:\/\/www.youtube.com\/embed\/jZivhVJ6DFA?feature=oembed\" frameborder=\"0\" allow=\"accelerometer; autoplay; clipboard-write; encrypted-media; gyroscope; picture-in-picture; web-share\" referrerpolicy=\"strict-origin-when-cross-origin\" allowfullscreen><\/iframe> <\/div><figcaption class=\"wp-element-caption\">Processus complet de la ligne de production de cartons d'\u0153ufs<\/figcaption><\/figure>    <h2 class=\"wp-block-heading\">Produits finis de la ligne de production de cartons d'\u0153ufs<\/h2>    <p>La ligne de production de cartons d'\u0153ufs peut non seulement \u00eatre utilis\u00e9e pour produire des plateaux \u00e0 \u0153ufs traditionnels, mais aussi pour fabriquer des produits en moulage de pulpe \u00e0 diverses fins, en fonction des changements de moules et des demandes. Elle est largement utilis\u00e9e dans de nombreux domaines tels que l'agriculture, l'emballage alimentaire et la protection logistique.<\/p>    <ul class=\"wp-block-list\"> <li>Plateaux d'\u0153ufs standard de 30 pi\u00e8ces et de type vente au d\u00e9tail de 6\/10\/12 pi\u00e8ces (avec ou sans couvercle).<\/li>    <li>Plateaux de fruits assortis, tels que des pommes, des mandarines, etc. Emballage anti-choc.<\/li>    <li>Support de tasse \u00e0 caf\u00e9 en pulpe de 2 tasses ou 4 tasses, alternative \u00e9cologique au plastique.<\/li>    <li>Supports \u00e0 chaussures ou plateaux \u00e0 chaussures pour le transport et la protection du style.<\/li>    <li>Plateau de protection pour produits \u00e9lectroniques, tels que des \u00e9couteurs, des batteries et autres emballages anti-choc.<\/li>    <li>Plateaux pharmaceutiques, emballage s\u00fbr pour des produits fragiles tels que des bouteilles de m\u00e9dicaments, des ampoules, etc.<\/li>    <li>Support de moules personnalis\u00e9s pour produire des plateaux personnalis\u00e9s tels que des plateaux \u00e0 ampoules, des plateaux \u00e0 bouteilles de vin, des plateaux cosm\u00e9tiques, etc.<\/li> <\/ul>    <figure class=\"wp-block-gallery has-nested-images columns-default is-cropped wp-block-gallery-2 is-layout-flex wp-block-gallery-is-layout-flex\"> <figure class=\"wp-block-image size-large\"><img loading=\"lazy\" decoding=\"async\" width=\"720\" height=\"540\" data-id=\"234\" src=\"https:\/\/eggtraym.com\/wp-content\/uploads\/2022\/09\/egg-tray-1.webp\" alt=\"plateau \u00e0 \u0153ufs \" class=\"wp-image-234\" title=\"plateau \u00e0 \u0153ufs \" srcset=\"https:\/\/eggtraym.com\/wp-content\/uploads\/2022\/09\/egg-tray-1.webp 720w, https:\/\/eggtraym.com\/wp-content\/uploads\/2022\/09\/egg-tray-1-300x225.webp 300w\" sizes=\"auto, (max-width: 720px) 100vw, 720px\" \/><figcaption class=\"wp-element-caption\">Plateau \u00e0 \u0153ufs <\/figcaption><\/figure>    <figure class=\"wp-block-image size-large\"><img loading=\"lazy\" decoding=\"async\" width=\"720\" height=\"540\" data-id=\"235\" src=\"https:\/\/eggtraym.com\/wp-content\/uploads\/2022\/09\/fruit-tray-.webp\" alt=\"plateau de fruits \" class=\"wp-image-235\" title=\"plateau de fruits \" srcset=\"https:\/\/eggtraym.com\/wp-content\/uploads\/2022\/09\/fruit-tray-.webp 720w, https:\/\/eggtraym.com\/wp-content\/uploads\/2022\/09\/fruit-tray--300x225.webp 300w\" sizes=\"auto, (max-width: 720px) 100vw, 720px\" \/><figcaption class=\"wp-element-caption\">Plateau de fruits <\/figcaption><\/figure> <\/figure>    <h2 class=\"wp-block-heading\">Qu\u2019est-ce qu\u2019une p\u00e2te de haute qualit\u00e9 ?<\/h2>    <p>Pour produire de la p\u00e2te de haute qualit\u00e9, il faut d'abord une machine \u00e0 p\u00e2te de haute qualit\u00e9. Une machine \u00e0 p\u00e2te de haute qualit\u00e9 fonctionne de mani\u00e8re fluide et puissante pour traiter efficacement la mati\u00e8re premi\u00e8re en papier usag\u00e9. La p\u00e2te trait\u00e9e est fine et uniforme. De plus, nous devons traiter la mati\u00e8re premi\u00e8re de mani\u00e8re propre et \u00e9liminer les impuret\u00e9s.<\/p>    <figure class=\"wp-block-embed aligncenter is-type-video is-provider-youtube wp-block-embed-youtube wp-embed-aspect-16-9 wp-has-aspect-ratio\"><div class=\"wp-block-embed__wrapper\"> <iframe loading=\"lazy\" title=\"L\u2019ensemble du processus de fabrication de cartons d\u2019\u0153ufs en papier r\u00e9v\u00e9l\u00e9\u00a0!\" width=\"500\" height=\"281\" src=\"https:\/\/www.youtube.com\/embed\/CLfcexmvNSY?feature=oembed\" frameborder=\"0\" allow=\"accelerometer; autoplay; clipboard-write; encrypted-media; gyroscope; picture-in-picture; web-share\" referrerpolicy=\"strict-origin-when-cross-origin\" allowfullscreen><\/iframe> <\/div><figcaption class=\"wp-element-caption\">Vid\u00e9o de travail de la ligne de production de cartons d'\u0153ufs en pulpe de papier.<\/figcaption><\/figure>    <h2 class=\"wp-block-heading\">Comment est form\u00e9 le plateau \u00e0 \u0153ufs ?<\/h2>    <p class=\"translation-block\"><strong>Formation du plateau \u00e0 \u0153ufs : <\/strong>la pulpe polie est transport\u00e9e \u00e0 la machine \u00e0 plateaux \u00e0 \u0153ufs, o\u00f9 les moules de la machine \u00e0 plateaux \u00e0 \u0153ufs fa\u00e7onnent la pulpe. Apr\u00e8s cela, le plateau \u00e0 \u0153ufs moul\u00e9 est cr\u00e9\u00e9. Le plateau \u00e0 \u0153ufs est ensuite pr\u00eat pour le processus de s\u00e9chage suivant.<\/p>    <p class=\"translation-block\"><strong>Plateau \u00e0 \u0153ufs color\u00e9 :<\/strong> fabriquer un plateau \u00e0 \u0153ufs color\u00e9 est relativement simple. Vous pouvez mettre les pigments appropri\u00e9s dans le bassin de pulpe et bien les m\u00e9langer.<\/p>    <figure class=\"wp-block-gallery has-nested-images columns-default is-cropped wp-block-gallery-3 is-layout-flex wp-block-gallery-is-layout-flex\"> <figure class=\"wp-block-image size-large\"><img loading=\"lazy\" decoding=\"async\" width=\"720\" height=\"540\" data-id=\"236\" src=\"https:\/\/eggtraym.com\/wp-content\/uploads\/2022\/09\/colorful-egg-tray-.webp\" alt=\"plateau \u00e0 \u0153ufs color\u00e9\" class=\"wp-image-236\" title=\"plateau \u00e0 \u0153ufs color\u00e9\" srcset=\"https:\/\/eggtraym.com\/wp-content\/uploads\/2022\/09\/colorful-egg-tray-.webp 720w, https:\/\/eggtraym.com\/wp-content\/uploads\/2022\/09\/colorful-egg-tray--300x225.webp 300w\" sizes=\"auto, (max-width: 720px) 100vw, 720px\" \/><figcaption class=\"wp-element-caption\">Plateau \u00e0 \u0153ufs color\u00e9 <\/figcaption><\/figure>    <figure class=\"wp-block-image size-large\"><img loading=\"lazy\" decoding=\"async\" width=\"720\" height=\"540\" data-id=\"237\" src=\"https:\/\/eggtraym.com\/wp-content\/uploads\/2022\/09\/egg-tray-making-machine-1-4.webp\" alt=\"Machine de fabrication de plateaux \u00e0 \u0153ufs, production termin\u00e9e\" class=\"wp-image-237\" title=\"machine de fabrication de plateaux \u00e0 \u0153ufs\" srcset=\"https:\/\/eggtraym.com\/wp-content\/uploads\/2022\/09\/egg-tray-making-machine-1-4.webp 720w, https:\/\/eggtraym.com\/wp-content\/uploads\/2022\/09\/egg-tray-making-machine-1-4-300x225.webp 300w\" sizes=\"auto, (max-width: 720px) 100vw, 720px\" \/><figcaption class=\"wp-element-caption\">Machine de fabrication de plateaux \u00e0 \u0153ufs, production termin\u00e9e<\/figcaption><\/figure> <\/figure>    <h2 class=\"wp-block-heading\">Comment la machine \u00e0 plateaux d'\u0153ufs produit-elle de nombreuses formes de plateaux d'\u0153ufs ?<\/h2>    <p class=\"translation-block\"><strong>Plateau \u00e0 \u0153ufs : <\/strong>la <a href=\"https:\/\/eggtraym.com\/fr\/products\/egg-tray-making-machine\/\">machine \u00e0 fabriquer des plateaux en pulpe de papier<\/a> fabrique des plateaux \u00e0 \u0153ufs principalement par moulage. Par cons\u00e9quent, si vous souhaitez obtenir diff\u00e9rentes formes de plateaux \u00e0 \u0153ufs, il vous suffit de changer les moules. <\/p>    <p class=\"translation-block\"><strong>Autres plateaux :<\/strong> en plus des plateaux \u00e0 \u0153ufs, nous avons d'autres formes de moules pour soutenir la production de diff\u00e9rentes formes de plateaux. Par exemple, des plateaux \u00e0 vin, des plateaux \u00e0 pommes, des plateaux \u00e0 poires, des plateaux \u00e0 oranges et d'autres types de plateaux d'emballage.<\/p>    <figure class=\"wp-block-gallery has-nested-images columns-default is-cropped wp-block-gallery-4 is-layout-flex wp-block-gallery-is-layout-flex\"> <figure class=\"wp-block-image size-large\"><img loading=\"lazy\" decoding=\"async\" width=\"720\" height=\"540\" data-id=\"238\" src=\"https:\/\/eggtraym.com\/wp-content\/uploads\/2022\/09\/egg-carton-production-line-2.webp\" alt=\"machine de carton d&#039;oeufs formant le moule\" class=\"wp-image-238\" title=\"ligne de production de cartons d&#039;oeufs\" srcset=\"https:\/\/eggtraym.com\/wp-content\/uploads\/2022\/09\/egg-carton-production-line-2.webp 720w, https:\/\/eggtraym.com\/wp-content\/uploads\/2022\/09\/egg-carton-production-line-2-300x225.webp 300w\" sizes=\"auto, (max-width: 720px) 100vw, 720px\" \/><figcaption class=\"wp-element-caption\">Machine \u00e0 cartonner les \u0153ufs formant le moule<\/figcaption><\/figure>    <figure class=\"wp-block-image size-large\"><img loading=\"lazy\" decoding=\"async\" width=\"720\" height=\"540\" data-id=\"239\" src=\"https:\/\/eggtraym.com\/wp-content\/uploads\/2022\/09\/mold-of-the-egg-tray-.webp\" alt=\"moule du plateau \u00e0 oeufs \" class=\"wp-image-239\" title=\"moule du plateau \u00e0 oeufs \" srcset=\"https:\/\/eggtraym.com\/wp-content\/uploads\/2022\/09\/mold-of-the-egg-tray-.webp 720w, https:\/\/eggtraym.com\/wp-content\/uploads\/2022\/09\/mold-of-the-egg-tray--300x225.webp 300w\" sizes=\"auto, (max-width: 720px) 100vw, 720px\" \/><figcaption class=\"wp-element-caption\">Moule du plateau \u00e0 \u0153ufs <\/figcaption><\/figure> <\/figure>    <h2 class=\"wp-block-heading\">Types d'\u00e9quipements pour s\u00e9cher les plateaux \u00e0 \u0153ufs<\/h2>    <p>En g\u00e9n\u00e9ral, il existe trois types d'\u00e9quipements pour le s\u00e9chage des plateaux \u00e0 \u0153ufs appliqu\u00e9s dans la ligne de production de cartons \u00e0 \u0153ufs.<\/p>    <ul class=\"wp-block-list\"> <li><strong>S\u00e9chage naturel :<\/strong> adapt\u00e9 aux petites lignes de production de cartons d'\u0153ufs semi-automatiques, utilisant le vent naturel et la lumi\u00e8re du soleil pour le s\u00e9chage, avec un faible co\u00fbt d'investissement, mais n\u00e9cessitant plus de main-d'\u0153uvre et d'espace, g\u00e9n\u00e9ralement utilis\u00e9 avec des \u00e9tag\u00e8res de s\u00e9chage.<\/li>    <li><strong>Ligne de s\u00e9chage de briques\u00a0:<\/strong> adapt\u00e9 pour une ligne de production de cartons d'\u0153ufs \u00e0 sortie moyenne, un canal de s\u00e9chage en tunnel est form\u00e9 par une structure en briques. La circulation de l'air chaud permet au plateau \u00e0 \u0153ufs de s\u00e9cher en peu de temps, l'efficacit\u00e9 est sup\u00e9rieure \u00e0 celle du s\u00e9chage naturel, et le rapport co\u00fbt-efficacit\u00e9 est \u00e9lev\u00e9.<\/li>    <li><a href=\"https:\/\/eggtraym.com\/fr\/product\/egg-tray-dryer\/\">\u00c9quipement de s\u00e9chage automatique continu en m\u00e9tal<\/a>con\u00e7u pour une ligne de production \u00e0 fort rendement, adoptant une structure m\u00e9tallique multi-couches, il peut s\u00e9cher un grand nombre de plateaux \u00e0 \u0153ufs en m\u00eame temps. La distribution de l'air chaud est uniforme, la vitesse de s\u00e9chage est rapide, l'effet est stable, le degr\u00e9 d'automatisation est \u00e9lev\u00e9 et cela permet d'\u00e9conomiser de la main-d'\u0153uvre.<\/li> <\/ul>    <h2 class=\"wp-block-heading\">Comment choisir la bonne ligne de production de plateaux d'\u0153ufs en papier ?<\/h2>    <p>Lors de l'achat d'une ligne de production de cartons \u00e0 \u0153ufs, veuillez tenir compte de vos besoins r\u00e9els, en consid\u00e9rant les aspects suivants :<\/p>    <ol class=\"wp-block-list\"> <li>D\u00e9terminez la demande de production : combien de plateaux \u00e0 \u0153ufs souhaitez-vous produire par jour ou par heure ? (Cl\u00e9)<\/li>    <li>Avez-vous besoin d'\u00e9quipements de s\u00e9chage : devez-vous associer la ligne de s\u00e9chage m\u00e9tallique pour am\u00e9liorer l'efficacit\u00e9 du s\u00e9chage ?<\/li>    <li>D\u00e9finissez les exigences du produit fini : y a-t-il des besoins particuliers concernant la forme, la taille, la couleur, etc. du produit fini ?<\/li>    <li>Plage budg\u00e9taire : quel est le budget de l'\u00e9quipement dans lequel vous pr\u00e9voyez d'investir ? (Cl\u00e9)<\/li>    <li>Concentration : y a-t-il des exigences particuli\u00e8res telles que l'\u00e9conomie d'\u00e9nergie, l'occupation du terrain, l'automatisation ou l'entretien ?<\/li> <\/ol>    <figure class=\"wp-block-gallery has-nested-images columns-default is-cropped wp-block-gallery-5 is-layout-flex wp-block-gallery-is-layout-flex\"> <figure class=\"wp-block-image size-large\"><img loading=\"lazy\" decoding=\"async\" width=\"720\" height=\"540\" data-id=\"242\" src=\"https:\/\/eggtraym.com\/wp-content\/uploads\/2022\/09\/paper-egg-tray-production-line-1-1.webp\" alt=\"machines de ligne de production de plateaux \u00e0 \u0153ufs en papier\" class=\"wp-image-242\" title=\"ligne de production de plateaux \u00e0 \u0153ufs en papier\" srcset=\"https:\/\/eggtraym.com\/wp-content\/uploads\/2022\/09\/paper-egg-tray-production-line-1-1.webp 720w, https:\/\/eggtraym.com\/wp-content\/uploads\/2022\/09\/paper-egg-tray-production-line-1-1-300x225.webp 300w\" sizes=\"auto, (max-width: 720px) 100vw, 720px\" \/><figcaption class=\"wp-element-caption\">Machines de cha\u00eene de production de plateaux \u00e0 \u0153ufs en papier<\/figcaption><\/figure>    <figure class=\"wp-block-image size-large\"><img loading=\"lazy\" decoding=\"async\" width=\"720\" height=\"540\" data-id=\"243\" src=\"https:\/\/eggtraym.com\/wp-content\/uploads\/2022\/09\/egg-carton-production-line-3-.webp\" alt=\"moule de machine \u00e0 carton d&#039;oeufs\" class=\"wp-image-243\" title=\"ligne de production de cartons d&#039;oeufs\" srcset=\"https:\/\/eggtraym.com\/wp-content\/uploads\/2022\/09\/egg-carton-production-line-3-.webp 720w, https:\/\/eggtraym.com\/wp-content\/uploads\/2022\/09\/egg-carton-production-line-3--300x225.webp 300w\" sizes=\"auto, (max-width: 720px) 100vw, 720px\" \/><figcaption class=\"wp-element-caption\">Moule de machine \u00e0 carton d'oeufs<\/figcaption><\/figure> <\/figure>    <h2 class=\"wp-block-heading\">Param\u00e8tres techniques de la ligne de production de plateaux \u00e0 \u0153ufs<\/h2>    <figure class=\"wp-block-table is-style-stripes\"><table><tbody><tr><td>Mod\u00e8le<\/td><td>Capacit\u00e9<\/td><td>Consommation de papier<\/td><td>Consommation d'eau<\/td><td>\u00c9nergie utilis\u00e9e<\/td><td>Ouvrier<\/td><\/tr><tr><td>SL-3*1<\/td><td>1000-1500 pi\u00e8ces\/heure<\/td><td>120kg\/heure<\/td><td>300kg\/heure<\/td><td>32 kW\/h<\/td><td>3-4<\/td><\/tr><tr><td>SL-4*1<\/td><td>1500-2000 pi\u00e8ces\/h<\/td><td>160kg\/h<\/td><td>380kg\/h<\/td><td>45 kW\/h<\/td><td>3-4<\/td><\/tr><tr><td>SL-3*4<\/td><td>2000-2500 pi\u00e8ces\/heure<\/td><td>200kg\/h<\/td><td>450kg\/h<\/td><td>58 kW\/h<\/td><td>4-5<\/td><\/tr><tr><td>SL-4*4<\/td><td>3000-3500 pi\u00e8ces\/heure<\/td><td>280kg\/heure<\/td><td>560kg\/heure<\/td><td>78 kW\/h<\/td><td>4-5<\/td><\/tr><tr><td>SL-4*8<\/td><td>4000 pi\u00e8ces\/heure<\/td><td>320kg\/heure<\/td><td>600kg\/heure<\/td><td>80 kW\/h<\/td><td>5-6<\/td><\/tr><tr><td>SL-5*8<\/td><td>5000 pi\u00e8ces\/heure<\/td><td>400kg\/h<\/td><td>750kg\/h<\/td><td>85 kW\/h<\/td><td>3-4<\/td><\/tr><tr><td>SL-6*8<\/td><td>6000 pi\u00e8ces\/heure<\/td><td>480kg\/heure<\/td><td>900kg\/h<\/td><td>90 kW\/h<\/td><td>3-4<\/td><\/tr><tr><td>SL-8*8<\/td><td>8000 pi\u00e8ces\/heure<\/td><td>640 kg\/heure<\/td><td>1040 kg\/heure<\/td><td>100 kW\/h<\/td><td>3-4<\/td><\/tr><\/tbody><\/table><figcaption class=\"wp-element-caption\">param\u00e8tre de la ligne de production de cartons \u00e0 \u0153ufs<\/figcaption><\/figure>   <div class=\"wp-block-image\"> <figure class=\"aligncenter size-full\"><img loading=\"lazy\" decoding=\"async\" width=\"720\" height=\"540\" src=\"https:\/\/eggtraym.com\/wp-content\/uploads\/2022\/09\/egg-trays-1-1.webp\" alt=\"plateaux \u00e0 \u0153ufs \" class=\"wp-image-241\" title=\"plateaux \u00e0 \u0153ufs \" srcset=\"https:\/\/eggtraym.com\/wp-content\/uploads\/2022\/09\/egg-trays-1-1.webp 720w, https:\/\/eggtraym.com\/wp-content\/uploads\/2022\/09\/egg-trays-1-1-300x225.webp 300w\" sizes=\"auto, (max-width: 720px) 100vw, 720px\" \/><figcaption class=\"wp-element-caption\">plateaux \u00e0 \u0153ufs <\/figcaption><\/figure> <\/div>   <p class=\"translation-block\">Notre usine a de nombreuses ann\u00e9es d'exp\u00e9rience dans la production et l'exportation de machines \u00e0 plateaux \u00e0 \u0153ufs et les a exp\u00e9di\u00e9es au P\u00e9rou, <a href=\"https:\/\/en.wikipedia.org\/wiki\/Bolivia\" target=\"_blank\" rel=\"noopener\">Bolivie<\/a>, en Arabie Saoudite, aux \u00c9mirats Arabes Unis, au Kenya, en Indon\u00e9sie, au Cameroun, au Zimbabwe, en Ouganda et dans de nombreux autres pays. <\/p>    <p>Nous pouvons personnaliser la machine de formation de plateaux en papier en fonction de la taille de votre entreprise et de vos besoins en produits finis. N'h\u00e9sitez pas \u00e0 nous contacter pour plus d'informations et nous vous ferons la bonne recommandation.<\/p>","protected":false},"excerpt":{"rendered":"<p>La ligne de production de cartons d'\u0153ufs est adapt\u00e9e \u00e0 la production de masse de tous types de produits en moulage de pulpe, tels que les plateaux \u00e0 \u0153ufs, les plateaux \u00e0 fruits, les plateaux \u00e0 caf\u00e9, etc. Elle pr\u00e9sente les avantages d'un investissement flexible et d'une large application.<\/p>","protected":false},"author":1,"featured_media":233,"parent":0,"template":"","tags":[43,41,42],"product-type":[8],"class_list":["post-232","product","type-product","status-publish","has-post-thumbnail","hentry","tag-egg-carton","tag-egg-tray","tag-paper-tray","product-type-production-line"],"_links":{"self":[{"href":"https:\/\/eggtraym.com\/fr\/wp-json\/wp\/v2\/product\/232","targetHints":{"allow":["GET"]}}],"collection":[{"href":"https:\/\/eggtraym.com\/fr\/wp-json\/wp\/v2\/product"}],"about":[{"href":"https:\/\/eggtraym.com\/fr\/wp-json\/wp\/v2\/types\/product"}],"author":[{"embeddable":true,"href":"https:\/\/eggtraym.com\/fr\/wp-json\/wp\/v2\/users\/1"}],"wp:featuredmedia":[{"embeddable":true,"href":"https:\/\/eggtraym.com\/fr\/wp-json\/wp\/v2\/media\/233"}],"wp:attachment":[{"href":"https:\/\/eggtraym.com\/fr\/wp-json\/wp\/v2\/media?parent=232"}],"wp:term":[{"taxonomy":"post_tag","embeddable":true,"href":"https:\/\/eggtraym.com\/fr\/wp-json\/wp\/v2\/tags?post=232"},{"taxonomy":"product-type","embeddable":true,"href":"https:\/\/eggtraym.com\/fr\/wp-json\/wp\/v2\/product-type?post=232"}],"curies":[{"name":"wp","href":"https:\/\/api.w.org\/{rel}","templated":true}]}}