{"id":1068,"date":"2026-04-20T16:47:53","date_gmt":"2026-04-20T08:47:53","guid":{"rendered":"https:\/\/eggtraym.com\/?post_type=product&#038;p=1068"},"modified":"2026-04-20T16:52:56","modified_gmt":"2026-04-20T08:52:56","slug":"shoe-tray-making-machine","status":"publish","type":"product","link":"https:\/\/eggtraym.com\/fr\/product\/shoe-tray-making-machine\/","title":{"rendered":"Machine de fabrication de plateaux pour chaussures | Ligne d'insertion de chaussures en pulpe moul\u00e9e"},"content":{"rendered":"<div class=\"kk-star-ratings kksr-auto kksr-align-left kksr-valign-top\"     data-payload='{&quot;align&quot;:&quot;left&quot;,&quot;id&quot;:&quot;1068&quot;,&quot;slug&quot;:&quot;default&quot;,&quot;valign&quot;:&quot;top&quot;,&quot;ignore&quot;:&quot;&quot;,&quot;reference&quot;:&quot;auto&quot;,&quot;class&quot;:&quot;&quot;,&quot;count&quot;:&quot;77&quot;,&quot;legendonly&quot;:&quot;&quot;,&quot;readonly&quot;:&quot;&quot;,&quot;score&quot;:&quot;4.7&quot;,&quot;starsonly&quot;:&quot;&quot;,&quot;best&quot;:&quot;5&quot;,&quot;gap&quot;:&quot;5&quot;,&quot;greet&quot;:&quot;Rate this product&quot;,&quot;legend&quot;:&quot;4.7\\\/5 - (77 votes)&quot;,&quot;size&quot;:&quot;24&quot;,&quot;title&quot;:&quot;Shoe Tray Making Machine | Pulp Molded Shoe Insert Line&quot;,&quot;width&quot;:&quot;133.8&quot;,&quot;_legend&quot;:&quot;{score}\\\/{best} - ({count} {votes})&quot;,&quot;font_factor&quot;:&quot;1.25&quot;}'>              <div class=\"kksr-stars\">      <div class=\"kksr-stars-inactive\">             <div class=\"kksr-star\" data-star=\"1\" style=\"padding-right: 5px\">               <div class=\"kksr-icon\" style=\"width: 24px; height: 24px;\"><\/div>         <\/div>             <div class=\"kksr-star\" data-star=\"2\" style=\"padding-right: 5px\">               <div class=\"kksr-icon\" style=\"width: 24px; height: 24px;\"><\/div>         <\/div>             <div class=\"kksr-star\" data-star=\"3\" style=\"padding-right: 5px\">               <div class=\"kksr-icon\" style=\"width: 24px; height: 24px;\"><\/div>         <\/div>             <div class=\"kksr-star\" data-star=\"4\" style=\"padding-right: 5px\">               <div class=\"kksr-icon\" style=\"width: 24px; height: 24px;\"><\/div>         <\/div>             <div class=\"kksr-star\" data-star=\"5\" style=\"padding-right: 5px\">               <div class=\"kksr-icon\" style=\"width: 24px; height: 24px;\"><\/div>         <\/div>     <\/div>      <div class=\"kksr-stars-active\" style=\"width: 133.8px;\">             <div class=\"kksr-star\" style=\"padding-right: 5px\">               <div class=\"kksr-icon\" style=\"width: 24px; height: 24px;\"><\/div>         <\/div>             <div class=\"kksr-star\" style=\"padding-right: 5px\">               <div class=\"kksr-icon\" style=\"width: 24px; height: 24px;\"><\/div>         <\/div>             <div class=\"kksr-star\" style=\"padding-right: 5px\">               <div class=\"kksr-icon\" style=\"width: 24px; height: 24px;\"><\/div>         <\/div>             <div class=\"kksr-star\" style=\"padding-right: 5px\">               <div class=\"kksr-icon\" style=\"width: 24px; height: 24px;\"><\/div>         <\/div>             <div class=\"kksr-star\" style=\"padding-right: 5px\">               <div class=\"kksr-icon\" style=\"width: 24px; height: 24px;\"><\/div>         <\/div>     <\/div> <\/div>                   <div class=\"kksr-legend\" style=\"font-size: 19.2px;\">             4,7\/5 - (77 votes)    <\/div>     <\/div>  <p>La machine \u00e0 fabriquer des plateaux pour chaussures est utilis\u00e9e pour produire des semelles en pulpe moul\u00e9e, des supports pour chaussures et des doublures d'emballage. Elle utilise du papier usag\u00e9 (comme des vieux journaux, des cartons et des livres) comme mati\u00e8re premi\u00e8re principale, en employant un processus int\u00e9gr\u00e9 comprenant le pulpage, le moulage sous vide, le d\u00e9collement, le s\u00e9chage et la presse \u00e0 chaud.<\/p>    <p>En termes de capacit\u00e9 de production, la machine \u00e0 fabriquer des plateaux pour chaussures supporte des configurations flexibles allant de 1 000 \u00e0 7 000 unit\u00e9s par heure. Les clients peuvent choisir diff\u00e9rents mod\u00e8les selon leur \u00e9chelle de production, avec des options pour des designs \u00e0 un c\u00f4t\u00e9, \u00e0 quatre c\u00f4t\u00e9s et \u00e0 huit c\u00f4t\u00e9s. <\/p>    <p>Chaque station de moules peut \u00eatre configur\u00e9e avec 3 \u00e0 6 positions de moules, r\u00e9pondant aux exigences diverses, allant de petites et moyennes usines \u00e0 de grandes lignes de production industrielles.<\/p>    <figure class=\"wp-block-embed aligncenter is-type-video is-provider-youtube wp-block-embed-youtube wp-embed-aspect-16-9 wp-has-aspect-ratio\"><div class=\"wp-block-embed__wrapper\"> <iframe loading=\"lazy\" title=\"Machine de moulage de pulpe pour la fabrication d&#039;inserts de chaussures | Production d&#039;appui pour chaussures \u00e9cologique#recyclagepapier\" width=\"500\" height=\"281\" src=\"https:\/\/www.youtube.com\/embed\/xYeHdUcdNZM?feature=oembed\" frameborder=\"0\" allow=\"accelerometer; autoplay; clipboard-write; encrypted-media; gyroscope; picture-in-picture; web-share\" referrerpolicy=\"strict-origin-when-cross-origin\" allowfullscreen><\/iframe> <\/div><figcaption class=\"wp-element-caption\">Vid\u00e9o de fonctionnement de la machine \u00e0 fabriquer des plateaux pour chaussures<\/figcaption><\/figure>    <p>\u00c9tant donn\u00e9 la diversit\u00e9 des structures de produits de chaussures (y compris les baskets, les chaussures en cuir et les chaussures pour enfants), la machine de moulage des semelles supporte une conception de moule enti\u00e8rement personnalis\u00e9e. <\/p>    <p>Les moules peuvent \u00eatre d\u00e9velopp\u00e9s pr\u00e9cis\u00e9ment selon les dimensions de la chaussure, les structures de support et les exigences de la marque, garantissant que les produits finis offrent non seulement un excellent support et une protection, mais aussi servent de solutions d'affichage et d'emballage de marque efficaces.<\/p>    <h2 class=\"wp-block-heading\">Utilisation industrielle de la machine \u00e0 fabriquer des plateaux pour chaussures<\/h2>    <ul class=\"wp-block-list\"> <li><strong>Types de produits polyvalents<\/strong>: capable de produire des inserts de chaussures, des plateaux inf\u00e9rieurs, des doublures de bo\u00eetes et des plateaux de chaussures \u00e0 logo personnalis\u00e9 pour divers besoins d'emballage. <\/li>    <li><strong>Couverture large de l'industrie<\/strong>: adapt\u00e9 aux fabricants de chaussures, aux entreprises d'emballage export, aux entrep\u00f4ts de commerce \u00e9lectronique, aux fournisseurs d'emballages \u00e9cologiques et aux usines OEM\/ODM. <\/li>    <li><strong>Sc\u00e9narios d'application flexibles<\/strong>: id\u00e9al pour la production \u00e0 grande \u00e9chelle d'emballages de chaussures \u00e9cologiques, rempla\u00e7ant les mat\u00e9riaux en plastique et en mousse, et respectant les normes environnementales de l'UE et des \u00c9tats-Unis. <\/li>    <li><strong>Solution \u00e9conomique<\/strong>: permet la production d'emballages en interne, r\u00e9duisant les co\u00fbts de mat\u00e9riaux et de logistique tout en renfor\u00e7ant la valeur de la marque et la pr\u00e9sentation du produit.<\/li> <\/ul>    <figure class=\"wp-block-gallery has-nested-images columns-default is-cropped wp-block-gallery-2 is-layout-flex wp-block-gallery-is-layout-flex\"> <figure class=\"wp-block-image size-large\"><img loading=\"lazy\" decoding=\"async\" width=\"720\" height=\"540\" data-id=\"1072\" src=\"https:\/\/eggtraym.com\/wp-content\/uploads\/2026\/04\/shoe-tray-production.webp\" alt=\"production de plateaux pour chaussures\" class=\"wp-image-1072\" title=\"\" srcset=\"https:\/\/eggtraym.com\/wp-content\/uploads\/2026\/04\/shoe-tray-production.webp 720w, https:\/\/eggtraym.com\/wp-content\/uploads\/2026\/04\/shoe-tray-production-300x225.webp 300w, https:\/\/eggtraym.com\/wp-content\/uploads\/2026\/04\/shoe-tray-production-16x12.webp 16w\" sizes=\"auto, (max-width: 720px) 100vw, 720px\" \/><figcaption class=\"wp-element-caption\">Production de plateaux pour chaussures<\/figcaption><\/figure>    <figure class=\"wp-block-image size-large\"><img loading=\"lazy\" decoding=\"async\" width=\"720\" height=\"540\" data-id=\"1070\" src=\"https:\/\/eggtraym.com\/wp-content\/uploads\/2026\/04\/shoe-inserts.webp\" alt=\"inserts de chaussures\" class=\"wp-image-1070\" title=\"\" srcset=\"https:\/\/eggtraym.com\/wp-content\/uploads\/2026\/04\/shoe-inserts.webp 720w, https:\/\/eggtraym.com\/wp-content\/uploads\/2026\/04\/shoe-inserts-300x225.webp 300w, https:\/\/eggtraym.com\/wp-content\/uploads\/2026\/04\/shoe-inserts-16x12.webp 16w\" sizes=\"auto, (max-width: 720px) 100vw, 720px\" \/><figcaption class=\"wp-element-caption\">Inserts de chaussures \u00e0 partir de la machine \u00e0 fabriquer des plateaux<\/figcaption><\/figure>    <figure class=\"wp-block-image size-large\"><img loading=\"lazy\" decoding=\"async\" width=\"720\" height=\"540\" data-id=\"1071\" src=\"https:\/\/eggtraym.com\/wp-content\/uploads\/2026\/04\/shoe-support-tray.webp\" alt=\"support pour chaussures\" class=\"wp-image-1071\" title=\"\" srcset=\"https:\/\/eggtraym.com\/wp-content\/uploads\/2026\/04\/shoe-support-tray.webp 720w, https:\/\/eggtraym.com\/wp-content\/uploads\/2026\/04\/shoe-support-tray-300x225.webp 300w, https:\/\/eggtraym.com\/wp-content\/uploads\/2026\/04\/shoe-support-tray-16x12.webp 16w\" sizes=\"auto, (max-width: 720px) 100vw, 720px\" \/><figcaption class=\"wp-element-caption\">Plateau de support pour chaussures<\/figcaption><\/figure> <\/figure>    <h2 class=\"wp-block-heading\">Avantages cl\u00e9s de la machine \u00e0 fabriquer des inserts en pulpe<\/h2>    <ul class=\"wp-block-list\"> <li>Les produits, fabriqu\u00e9s \u00e0 partir d'un processus de recyclage du papier usag\u00e9, sont 100 % biod\u00e9gradables et conformes aux exigences de l'\u00ab ordre de restriction sur le plastique \u00bb.<\/li>    <li>L'utilisation de papier usag\u00e9, de cartons, de vieux livres et de mat\u00e9riaux similaires comme mati\u00e8res premi\u00e8res garantit une large gamme de sources, de faibles co\u00fbts et des marges b\u00e9n\u00e9ficiaires importantes.<\/li>    <li>Nous supportons la personnalisation pour diverses structures, y compris les inserts de chaussures, supports pour chaussures et doublures de bo\u00eetes \u00e0 chaussures, et pouvons \u00e9galement graver des logos de marque.<\/li>    <li>En changeant simplement les moules, nous pouvons produire : inserts de chaussures, supports pour chaussures, plateaux d'\u0153ufs, sous-verres \u00e0 caf\u00e9, plateaux m\u00e9dicaux et doublures pour produits \u00e9lectroniques.<\/li>    <li>Un syst\u00e8me de contr\u00f4le intelligent PLC combin\u00e9 \u00e0 un empilement et un emballage automatiques r\u00e9duit consid\u00e9rablement la d\u00e9pendance \u00e0 la main-d'\u0153uvre.<\/li> <\/ul>    <h2 class=\"wp-block-heading\">Principe de fonctionnement de la machine \u00e0 fabriquer des plateaux pour chaussures<\/h2>    <p>La machine \u00e0 fabriquer des plateaux pour chaussures utilise la technologie avanc\u00e9e de moulage par vide en pulpe pour transformer le papier usag\u00e9 en plateaux pour chaussures \u00e0 haute r\u00e9sistance et \u00e9cologiques via un processus de production enti\u00e8rement automatis\u00e9.<\/p>    <p>La ligne de production compl\u00e8te int\u00e8gre le d\u00e9liantage, la formation, le s\u00e9chage, la presse \u00e0 chaud et les syst\u00e8mes d'emballage automatiques, permettant une production continue, \u00e0 grande \u00e9chelle et standardis\u00e9e.<\/p>    <figure class=\"wp-block-gallery has-nested-images columns-default is-cropped wp-block-gallery-3 is-layout-flex wp-block-gallery-is-layout-flex\"> <figure class=\"wp-block-image size-large\"><img loading=\"lazy\" decoding=\"async\" width=\"720\" height=\"540\" data-id=\"1073\" src=\"https:\/\/eggtraym.com\/wp-content\/uploads\/2026\/04\/automatic-shoe-tray-forming-machine.webp\" alt=\"Machine automatique de formation de plateaux pour chaussures\" class=\"wp-image-1073\" title=\"\" srcset=\"https:\/\/eggtraym.com\/wp-content\/uploads\/2026\/04\/automatic-shoe-tray-forming-machine.webp 720w, https:\/\/eggtraym.com\/wp-content\/uploads\/2026\/04\/automatic-shoe-tray-forming-machine-300x225.webp 300w, https:\/\/eggtraym.com\/wp-content\/uploads\/2026\/04\/automatic-shoe-tray-forming-machine-16x12.webp 16w\" sizes=\"auto, (max-width: 720px) 100vw, 720px\" \/><figcaption class=\"wp-element-caption\">Machine automatique de formation de plateaux pour chaussures<\/figcaption><\/figure>    <figure class=\"wp-block-image size-large\"><img loading=\"lazy\" decoding=\"async\" width=\"720\" height=\"540\" data-id=\"1074\" src=\"https:\/\/eggtraym.com\/wp-content\/uploads\/2026\/04\/shoe-tray-making-machine.webp\" alt=\"machine \u00e0 fabriquer des plateaux pour chaussures\" class=\"wp-image-1074\" title=\"\" srcset=\"https:\/\/eggtraym.com\/wp-content\/uploads\/2026\/04\/shoe-tray-making-machine.webp 720w, https:\/\/eggtraym.com\/wp-content\/uploads\/2026\/04\/shoe-tray-making-machine-300x225.webp 300w, https:\/\/eggtraym.com\/wp-content\/uploads\/2026\/04\/shoe-tray-making-machine-16x12.webp 16w\" sizes=\"auto, (max-width: 720px) 100vw, 720px\" \/><figcaption class=\"wp-element-caption\">Machine \u00e0 fabriquer des plateaux pour chaussures<\/figcaption><\/figure> <\/figure>   <div id=\"rank-math-howto\" class=\"rank-math-block\" > <div class=\"rank-math-howto-description\">  <\/div>  <div class=\"rank-math-steps\"> <div id=\"howto-step-1776670153872\" class=\"rank-math-step\"> <h3 class=\"rank-math-step-title\">Syst\u00e8me de pulpage<\/h3> <div class=\"rank-math-step-content\"><p>Le papier usag\u00e9 est m\u00e9lang\u00e9 avec de l'eau et des additifs dans un pulpeur hydraulique, o\u00f9 il est d\u00e9compos\u00e9 en une pulpe fine et uniforme, puis transf\u00e9r\u00e9 dans un r\u00e9servoir de pulpe pour stockage.<\/p> <\/div> <\/div> <div id=\"howto-step-1776670161648\" class=\"rank-math-step\"> <h3 class=\"rank-math-step-title\">Syst\u00e8me de formation<\/h3> <div class=\"rank-math-step-content\"><p>La pulpe est aspir\u00e9e sur le moule par aspiration sous vide, formant un blank humide d'inserts de chaussures sur la surface du moule, qui est ensuite transf\u00e9r\u00e9 automatiquement \u00e0 un syst\u00e8me de convoyage pour le d\u00e9collement.<\/p> <\/div> <\/div> <div id=\"howto-step-1776670175748\" class=\"rank-math-step\"> <h3 class=\"rank-math-step-title\">Syst\u00e8me de s\u00e9chage<\/h3> <div class=\"rank-math-step-content\"><p>Les blanks d'inserts de chaussures humides subissent une \u00e9limination rapide de l'humidit\u00e9 via une ligne de s\u00e9chage \u00e0 air chaud, un four tunnel ou des m\u00e9thodes de s\u00e9chage naturel, pour obtenir une forme pr\u00e9liminaire.<\/p> <\/div> <\/div> <div id=\"howto-step-1776670185471\" class=\"rank-math-step\"> <h3 class=\"rank-math-step-title\">Syst\u00e8me de pressage \u00e0 chaud<\/h3> <div class=\"rank-math-step-content\"><p>Les semelles de chaussures s\u00e8ches subissent une mise en forme \u00e0 haute temp\u00e9rature et haute pression pour rendre le produit plus robuste, plat et stable structurellement, tout en am\u00e9liorant la performance d'empilement et de transport.<\/p> <\/div> <\/div> <div id=\"howto-step-1776670198136\" class=\"rank-math-step\"> <h3 class=\"rank-math-step-title\">Syst\u00e8me d'emballage automatique<\/h3> <div class=\"rank-math-step-content\"><p>Les produits finis subissent un empilement, un comptage et un emballage automatiques pour assurer une manipulation standardis\u00e9e avant l'exp\u00e9dition.<\/p> <\/div> <\/div> <\/div> <\/div>       <h2 class=\"wp-block-heading\">Machine de moulage par presse \u00e0 chaud (\u00e9quipement cl\u00e9 de mise \u00e0 niveau)<\/h2>    <div class=\"wp-block-media-text is-stacked-on-mobile\"><figure class=\"wp-block-media-text__media\"><img loading=\"lazy\" decoding=\"async\" width=\"540\" height=\"720\" src=\"https:\/\/eggtraym.com\/wp-content\/uploads\/2026\/04\/hot-press-moulding-machine.webp\" alt=\"hot-press moulding machine\" class=\"wp-image-1076 size-full\" title=\"\" srcset=\"https:\/\/eggtraym.com\/wp-content\/uploads\/2026\/04\/hot-press-moulding-machine.webp 540w, https:\/\/eggtraym.com\/wp-content\/uploads\/2026\/04\/hot-press-moulding-machine-225x300.webp 225w, https:\/\/eggtraym.com\/wp-content\/uploads\/2026\/04\/hot-press-moulding-machine-9x12.webp 9w\" sizes=\"auto, (max-width: 540px) 100vw, 540px\" \/><\/figure><div class=\"wp-block-media-text__content\"> <p>Le syst\u00e8me de presse \u00e0 chaud est l'un des \u00e9quipements cl\u00e9s qui d\u00e9termine la qualit\u00e9 des semelles de chaussures. En contr\u00f4lant pr\u00e9cis\u00e9ment la temp\u00e9rature et la pression, il garantit que le produit offre :<\/p>    <ul class=\"wp-block-list\"> <li>Plus grande rigidit\u00e9<\/li>    <li>Une surface plus lisse<\/li>    <li>Stabilit\u00e9 structurelle renforc\u00e9e<\/li>    <li>Empilement et transport facilit\u00e9s<\/li> <\/ul>    <p>En m\u00eame temps, cela am\u00e9liore consid\u00e9rablement la qualit\u00e9 visuelle du produit, le rendant plus adapt\u00e9 au march\u00e9 de l'emballage de chaussures haut de gamme.<\/p> <\/div><\/div>    <h2 class=\"wp-block-heading\">Param\u00e8tres techniques de la machine \u00e0 fabriquer des plateaux pour chaussures<\/h2>    <figure class=\"wp-block-table is-style-stripes\"><table class=\"has-fixed-layout\"><tbody><tr><td><strong>Mod\u00e8le<\/strong><\/td><td><strong>Production<\/strong><br><strong>Capacit\u00e9<\/strong><\/td><td><strong>Total <\/strong><br><strong>Pouvoir<\/strong><\/td><td><strong>Tension<\/strong><\/td><td><strong>Install\u00e9 <\/strong><br><strong>Surface<\/strong><\/td><td><strong>Pulpe <\/strong><br><strong>Consommation<\/strong><\/td><td><strong>Eau <\/strong><br><strong>Consommation<\/strong><\/td><td><strong>Production <\/strong><br><strong>Structure<\/strong><\/td><\/tr><tr><td>SL-1000<\/td><td>800\u20131000 <br>pcs\/h<\/td><td>35\u201340 kW<\/td><td>380V \/ <br>50Hz<\/td><td>~70\u201390 <br>m\u00b2<\/td><td>70\u201390 <br>kg\/h<\/td><td>140\u2013180 <br>kg\/h<\/td><td>Simple-<br>rotation lat\u00e9rale<\/td><\/tr><tr><td>SL-1500<\/td><td>1200\u2013<br>1500 <br>pcs\/h<\/td><td>40\u201345 kW<\/td><td>380V \/ <br>50Hz<\/td><td>~90\u2013110 <br>m\u00b2<\/td><td>100\u2013130 <br>kg\/h<\/td><td>200\u2013260 <br>kg\/h<\/td><td>Simple \/ <br>Quatre c\u00f4t\u00e9s <br>optionnel<\/td><\/tr><tr><td>SL-2500<\/td><td>2000\u2013<br>2500 <br>pcs\/h<\/td><td>50\u201360 kW<\/td><td>380V \/ <br>50Hz<\/td><td>~110\u2013140 <br>m\u00b2<\/td><td>160\u2013220 <br>kg\/h<\/td><td>320\u2013440 <br>kg\/h<\/td><td>Quatre c\u00f4t\u00e9s <br>rotation <br>syst\u00e8me<\/td><\/tr><tr><td>SL-3000<\/td><td>2600\u2013<br>3200 <br>pcs\/h<\/td><td>60\u201370 kW<\/td><td>380V \/ <br>50Hz<\/td><td>~130\u2013160 <br>m\u00b2<\/td><td>220\u2013260 <br>kg\/h<\/td><td>440\u2013520 <br>kg\/h<\/td><td>Quatre c\u00f4t\u00e9s <br>\u00e9lev\u00e9-<br>Efficacit\u00e9<\/td><\/tr><tr><td>SL-4000<\/td><td>3500\u2013<br>4200 <br>pcs\/h<\/td><td>85\u2013100 <br>kW<\/td><td>380V \/ <br>50Hz<\/td><td>~160\u2013200 <br>m\u00b2<\/td><td>280\u2013340 <br>kg\/h<\/td><td>560\u2013680 <br>kg\/h<\/td><td>Quatre \/ <br>Huit c\u00f4t\u00e9s <br>optionnel<\/td><\/tr><tr><td>SL-5000<\/td><td>4500\u2013<br>5200 <br>pcs\/h<\/td><td>100\u2013110 <br>kW<\/td><td>380V \/ <br>50Hz<\/td><td>~180\u2013220 <br>m\u00b2<\/td><td>360\u2013420 <br>kg\/h<\/td><td>720\u2013840 <br>kg\/h<\/td><td>Huit c\u00f4t\u00e9s <br>rotation <br>syst\u00e8me<\/td><\/tr><tr><td>SL-7000<\/td><td>6000\u2013<br>7000 <br>pcs\/h<\/td><td>110\u2013130 <br>kW<\/td><td>380V \/ <br>50Hz<\/td><td>~220\u2013260 <br>m\u00b2<\/td><td>450\u2013520 <br>kg\/h<\/td><td>900\u20131050 <br>kg\/h<\/td><td>Haute-<br>vitesse <br>multi-<br>station<\/td><\/tr><\/tbody><\/table><figcaption class=\"wp-element-caption\">Sp\u00e9cifications d\u00e9taill\u00e9es de la machine \u00e0 fabriquer des plateaux pour chaussures<\/figcaption><\/figure>    <p>En changeant les moules, la m\u00eame ligne de production peut \u00e9galement fabriquer des produits d'emballage \u00e9cologiques tels que des plateaux d'\u0153ufs, des plateaux de fruits et des plateaux de tasses \u00e0 caf\u00e9, maximisant ainsi la polyvalence de l'\u00e9quipement et le retour sur investissement.<\/p>    <p class=\"translation-block\">Si vous \u00eates int\u00e9ress\u00e9 par d'autres \u00e9quipements de moulage en pulpe, tels que les machines \u00e0 fabriquer des plateaux d'\u0153ufs, <strong><em><a href=\"https:\/\/eggtraym.com\/fr\/product\/fruit-tray-making-machine\/\">machines \u00e0 fabriquer des plateaux de pommes<\/a><\/em><\/strong> et <strong><em><a href=\"https:\/\/eggtraym.com\/fr\/product\/paper-pulp-coffee-cup-holder-making-machine\/\">machines \u00e0 fabriquer des plateaux de tasses \u00e0 caf\u00e9<\/a><\/em><\/strong>. N'h\u00e9sitez pas \u00e0 nous contacter pour en savoir plus sur notre gamme de produits et d\u00e9couvrir nos solutions compl\u00e8tes d'emballage \u00e9cologique tout-en-un.<\/p>","protected":false},"excerpt":{"rendered":"<p>La machine \u00e0 fabriquer des plateaux pour chaussures peut utiliser la pulpe de papier usag\u00e9 pour produire des inserts de chaussures \u00e9cologiques, des supports pour chaussures et des doublures d'emballage, offrant une grande capacit\u00e9 de production, de faibles co\u00fbts et des options de personnalisation.<\/p>","protected":false},"author":1,"featured_media":1075,"parent":0,"template":"","tags":[42,51],"product-type":[3],"class_list":["post-1068","product","type-product","status-publish","has-post-thumbnail","hentry","tag-paper-tray","tag-shoe-tray","product-type-egg-tray-making-machine"],"_links":{"self":[{"href":"https:\/\/eggtraym.com\/fr\/wp-json\/wp\/v2\/product\/1068","targetHints":{"allow":["GET"]}}],"collection":[{"href":"https:\/\/eggtraym.com\/fr\/wp-json\/wp\/v2\/product"}],"about":[{"href":"https:\/\/eggtraym.com\/fr\/wp-json\/wp\/v2\/types\/product"}],"author":[{"embeddable":true,"href":"https:\/\/eggtraym.com\/fr\/wp-json\/wp\/v2\/users\/1"}],"wp:featuredmedia":[{"embeddable":true,"href":"https:\/\/eggtraym.com\/fr\/wp-json\/wp\/v2\/media\/1075"}],"wp:attachment":[{"href":"https:\/\/eggtraym.com\/fr\/wp-json\/wp\/v2\/media?parent=1068"}],"wp:term":[{"taxonomy":"post_tag","embeddable":true,"href":"https:\/\/eggtraym.com\/fr\/wp-json\/wp\/v2\/tags?post=1068"},{"taxonomy":"product-type","embeddable":true,"href":"https:\/\/eggtraym.com\/fr\/wp-json\/wp\/v2\/product-type?post=1068"}],"curies":[{"name":"wp","href":"https:\/\/api.w.org\/{rel}","templated":true}]}}