{"id":45,"date":"2022-09-07T06:40:27","date_gmt":"2022-09-07T06:40:27","guid":{"rendered":"https:\/\/eggtraym.com\/?page_id=45"},"modified":"2025-08-05T17:42:08","modified_gmt":"2025-08-05T09:42:08","slug":"contact-us","status":"publish","type":"page","link":"https:\/\/eggtraym.com\/fr\/contact-us\/","title":{"rendered":"Contactez-nous"},"content":{"rendered":"<div class=\"wp-block-columns is-layout-flex wp-container-core-columns-is-layout-9d6595d7 wp-block-columns-is-layout-flex\"> <div class=\"wp-block-column is-vertically-aligned-top is-content-justification-left is-layout-constrained wp-container-core-column-is-layout-02d07192 wp-block-column-is-layout-constrained\"> <h2 class=\"wp-block-heading\">Veuillez vous r\u00e9f\u00e9rer aux aspects suivants pour pr\u00e9ciser vos exigences :<\/h2>    <ul class=\"wp-block-list\"> <li>Le groupe Shuliy adh\u00e8re aux principes d'int\u00e9grit\u00e9, de pragmatisme et d'innovation technologique, en se concentrant sur la cr\u00e9ation d'\u00e9quipements de haute qualit\u00e9. <\/li>    <li>Nous nous engageons \u00e0 adopter une approche centr\u00e9e sur le client, visant non seulement \u00e0 obtenir une reconnaissance mais aussi \u00e0 d\u00e9passer les attentes, aidant ainsi nos clients \u00e0 r\u00e9aliser une plus grande valeur.<\/li> <\/ul> <\/div>    <div class=\"wp-block-column is-vertically-aligned-top is-layout-flow wp-block-column-is-layout-flow\" style=\"flex-basis:40%\"> <ol class=\"wp-block-list\"> <li>Quel est votre volume de production attendu ?<\/li>    <li>Avez-vous besoin d'une ligne de s\u00e9chage continue ?<\/li>    <li>Y a-t-il des exigences sp\u00e9cifiques concernant la forme, l'\u00e9paisseur ou l'application du produit final ?<\/li>    <li>Quel est votre budget approximatif pour l'acquisition d'\u00e9quipements ?<\/li>    <li>Quels aspects vous pr\u00e9occupent le plus ? (Nous offrons des services personnalis\u00e9s.)<\/li> <\/ol>    <div class=\"wp-block-buttons is-layout-flex wp-block-buttons-is-layout-flex\"> <div class=\"wp-block-button\"><a class=\"wp-block-button__link wp-element-button\" href=\"https:\/\/api.whatsapp.com\/send?phone=+86%2017320158259&amp;text=Hi,%20I%20am%20interested%20in%20this%20product,%20please%20contact%20me.%20https:\/\/eggtraym.com\/contact-us\/\" data-no-translation=\"\">Get Started<\/a><\/div> <\/div> <\/div> <\/div>   <h1 style=\"font-style:normal;font-weight:700;\" class=\"has-text-align-left wp-block-site-title has-medium-font-size\"><a href=\"https:\/\/eggtraym.com\/fr\" target=\"_self\" rel=\"home\">Machine de fabrication de plateaux \u00e0 \u0153ufs<\/a><\/h1>   <p class=\"has-text-align-left\">Solutions compl\u00e8tes de plateaux \u00e0 \u0153ufs<\/p>    <div class=\"wp-block-buttons is-content-justification-center is-layout-flex wp-container-core-buttons-is-layout-16018d1d wp-block-buttons-is-layout-flex\"> <div class=\"wp-block-button has-custom-width wp-block-button__width-100\"><a class=\"wp-block-button__link wp-element-button\" href=\"https:\/\/www.youtube.com\/@eggtraymachinesupplier8158\" target=\"_blank\" rel=\"noopener\">Cliquez pour regarder mes derni\u00e8res vid\u00e9os<\/a><\/div>    <div class=\"wp-block-button has-custom-width wp-block-button__width-100\"><a class=\"wp-block-button__link wp-element-button\" href=\"https:\/\/api.whatsapp.com\/send?phone=+86%2017320158259&amp;text=Hi,%20I%20am%20interested%20in%20this%20product,%20please%20contact%20me.%20https:\/\/eggtraym.com\/contact-us\/\" data-no-translation=\"\">Click to contact me on WhatsApp<\/a><\/div>    <div class=\"wp-block-button has-custom-width wp-block-button__width-100\"><a class=\"wp-block-button__link wp-element-button\">Courriel\u00a0: info@eggtraym.com<\/a><\/div>    <div class=\"wp-block-button has-custom-width wp-block-button__width-100\"><a class=\"wp-block-button__link wp-element-button\">Adresse : Jingkai Square, Est Hanghai Road, ETDZ, Zhengzhou, Henan, Chine<\/a><\/div> <\/div>","protected":false},"excerpt":{"rendered":"<p>Veuillez vous r\u00e9f\u00e9rer aux aspects suivants pour pr\u00e9ciser vos exigences : Solutions compl\u00e8tes de plateaux \u00e0 \u0153ufs<\/p>","protected":false},"author":1,"featured_media":0,"parent":0,"menu_order":0,"comment_status":"closed","ping_status":"closed","template":"","meta":{"footnotes":""},"class_list":["post-45","page","type-page","status-publish","hentry"],"_links":{"self":[{"href":"https:\/\/eggtraym.com\/fr\/wp-json\/wp\/v2\/pages\/45","targetHints":{"allow":["GET"]}}],"collection":[{"href":"https:\/\/eggtraym.com\/fr\/wp-json\/wp\/v2\/pages"}],"about":[{"href":"https:\/\/eggtraym.com\/fr\/wp-json\/wp\/v2\/types\/page"}],"author":[{"embeddable":true,"href":"https:\/\/eggtraym.com\/fr\/wp-json\/wp\/v2\/users\/1"}],"replies":[{"embeddable":true,"href":"https:\/\/eggtraym.com\/fr\/wp-json\/wp\/v2\/comments?post=45"}],"version-history":[{"count":0,"href":"https:\/\/eggtraym.com\/fr\/wp-json\/wp\/v2\/pages\/45\/revisions"}],"wp:attachment":[{"href":"https:\/\/eggtraym.com\/fr\/wp-json\/wp\/v2\/media?parent=45"}],"curies":[{"name":"wp","href":"https:\/\/api.w.org\/{rel}","templated":true}]}}