{"id":12,"date":"2022-09-06T08:42:41","date_gmt":"2022-09-06T08:42:41","guid":{"rendered":"https:\/\/eggtraym.com\/?page_id=12"},"modified":"2022-09-07T10:38:45","modified_gmt":"2022-09-07T10:38:45","slug":"about-us","status":"publish","type":"page","link":"https:\/\/eggtraym.com\/fr\/about-us\/","title":{"rendered":"\u00c0 propos de nous"},"content":{"rendered":"<div class=\"wp-block-media-text alignwide is-stacked-on-mobile\"><figure class=\"wp-block-media-text__media\"><img loading=\"lazy\" decoding=\"async\" width=\"720\" height=\"540\" src=\"https:\/\/eggtraym.com\/wp-content\/uploads\/2022\/09\/facotry-.webp\" alt=\"usine de Shuliy\" class=\"wp-image-34 size-full\" title=\"\" srcset=\"https:\/\/eggtraym.com\/wp-content\/uploads\/2022\/09\/facotry-.webp 720w, https:\/\/eggtraym.com\/wp-content\/uploads\/2022\/09\/facotry--300x225.webp 300w\" sizes=\"auto, (max-width: 720px) 100vw, 720px\" \/><\/figure><div class=\"wp-block-media-text__content\"> <p>Shuliy Machinery a \u00e9t\u00e9 cr\u00e9\u00e9e en 1984 et a travaill\u00e9 dur pour avancer dans le domaine des \u00e9quipements de machines \u00e0 plateaux \u00e0 \u0153ufs. En tant que machine respectueuse de l'environnement, les machines \u00e0 plateaux \u00e0 \u0153ufs peuvent r\u00e9utiliser diverses ressources en vieux papier, ce qui est b\u00e9n\u00e9fique pour l'environnement. Depuis sa cr\u00e9ation, nos produits ont \u00e9galement \u00e9t\u00e9 appr\u00e9ci\u00e9s par les clients tant au pays qu'\u00e0 l'\u00e9tranger. Et de nombreux pays ont \u00e9tabli une coop\u00e9ration avec nous, comme le Nigeria, la Bolivie, le Cameroun, le Mozambique, l'Ouzb\u00e9kistan, la Zambie, l'Afrique du Sud, etc.<\/p> <\/div><\/div>    <h2 class=\"wp-block-heading\" id=\"h-main-products-and-finished-products\">Principaux produits et produits finis<\/h2>    <p class=\"translation-block\">Nos principaux produits sont des <strong>machines \u00e0 plateaux d'\u0153ufs<\/strong>, des <strong>lignes de production de plateaux d'\u0153ufs<\/strong>, des <strong>machines \u00e0 plateaux de pommes<\/strong>, des <strong>machines \u00e0 p\u00e2te<\/strong>, des <strong>machines de s\u00e9chage de plateaux d'\u0153ufs<\/strong>, des <strong>machines de pressage \u00e0 chaud<\/strong>, des <strong>machines d'emballage<\/strong>, etc. qui peuvent former la ligne de production de plateaux d'\u0153ufs. En plus des plateaux d'\u0153ufs, nos machines peuvent \u00e9galement produire d'autres produits finis sous diverses formes. Ces produits finis peuvent \u00eatre utilis\u00e9s pour les \u0153ufs, les fruits, les appareils \u00e9lectriques, les outils, les chaussures, le caf\u00e9, les bouteilles de vin, etc.<\/p>    <figure class=\"wp-block-image size-full\"><img loading=\"lazy\" decoding=\"async\" width=\"720\" height=\"540\" src=\"https:\/\/eggtraym.com\/wp-content\/uploads\/2022\/09\/finished-products-.webp\" alt=\"produits finis\" class=\"wp-image-36\" title=\"produits finis\" srcset=\"https:\/\/eggtraym.com\/wp-content\/uploads\/2022\/09\/finished-products-.webp 720w, https:\/\/eggtraym.com\/wp-content\/uploads\/2022\/09\/finished-products--300x225.webp 300w\" sizes=\"auto, (max-width: 720px) 100vw, 720px\" \/><figcaption>Produits finis<\/figcaption><\/figure>    <h2 class=\"wp-block-heading\" id=\"h-certificates\">Certificats<\/h2>    <p>Notre soci\u00e9t\u00e9 a pass\u00e9 la certification du syst\u00e8me national de gestion de la qualit\u00e9 ISO9001\u00a0: 2008, en plus d'autres certificats connexes.<\/p>    <figure class=\"wp-block-image size-full\"><img loading=\"lazy\" decoding=\"async\" width=\"720\" height=\"540\" src=\"https:\/\/eggtraym.com\/wp-content\/uploads\/2022\/09\/Certificates-.webp\" alt=\"Certificats\" class=\"wp-image-35\" title=\"Certificats\" srcset=\"https:\/\/eggtraym.com\/wp-content\/uploads\/2022\/09\/Certificates-.webp 720w, https:\/\/eggtraym.com\/wp-content\/uploads\/2022\/09\/Certificates--300x225.webp 300w\" sizes=\"auto, (max-width: 720px) 100vw, 720px\" \/><figcaption>Certificats<\/figcaption><\/figure>    <h2 class=\"wp-block-heading\" id=\"h-our-service\">Notre service<\/h2>    <ol class=\"wp-block-list\"><li>Service en vente. Nous fournirons aux clients des vid\u00e9os, des images et des solutions de machines fiables. Nous prenons \u00e9galement en charge la personnalisation des machines et des moules de produits. Nous fournirons \u00e9galement aux clients des croquis et des plans de l\u2019usine s\u2019ils en ont besoin.<\/li><li>Service apr\u00e8s-vente. Nous fournissons un service apr\u00e8s-vente d'un an \u00e0 nos clients. Installation et mise en service des machines pour les clients. Les clients peuvent communiquer avec nous en ligne et hors ligne s'ils ont des questions.<\/li><\/ol>    <p><\/p>","protected":false},"excerpt":{"rendered":"<p>Shuliy Machinery was established in 1984 and has been working hard to move forward in the field of egg tray machine equipment. As an environment-friendly machine, the egg tray machines can reuse various waste paper resources, which is beneficial to the environment. Since its establishment, our products have also been loved by customers both at [&hellip;]<\/p>\n","protected":false},"author":1,"featured_media":0,"parent":0,"menu_order":0,"comment_status":"closed","ping_status":"closed","template":"","meta":{"footnotes":""},"class_list":["post-12","page","type-page","status-publish","hentry"],"_links":{"self":[{"href":"https:\/\/eggtraym.com\/fr\/wp-json\/wp\/v2\/pages\/12","targetHints":{"allow":["GET"]}}],"collection":[{"href":"https:\/\/eggtraym.com\/fr\/wp-json\/wp\/v2\/pages"}],"about":[{"href":"https:\/\/eggtraym.com\/fr\/wp-json\/wp\/v2\/types\/page"}],"author":[{"embeddable":true,"href":"https:\/\/eggtraym.com\/fr\/wp-json\/wp\/v2\/users\/1"}],"replies":[{"embeddable":true,"href":"https:\/\/eggtraym.com\/fr\/wp-json\/wp\/v2\/comments?post=12"}],"version-history":[{"count":0,"href":"https:\/\/eggtraym.com\/fr\/wp-json\/wp\/v2\/pages\/12\/revisions"}],"wp:attachment":[{"href":"https:\/\/eggtraym.com\/fr\/wp-json\/wp\/v2\/media?parent=12"}],"curies":[{"name":"wp","href":"https:\/\/api.w.org\/{rel}","templated":true}]}}