{"id":81,"date":"2022-09-14T09:11:21","date_gmt":"2022-09-14T09:11:21","guid":{"rendered":"https:\/\/eggtraym.com\/?post_type=product&#038;p=81"},"modified":"2022-09-28T18:28:10","modified_gmt":"2022-09-28T10:28:10","slug":"egg-tray-packaging-machine-for-sale","status":"publish","type":"product","link":"https:\/\/eggtraym.com\/es\/product\/egg-tray-packaging-machine-for-sale\/","title":{"rendered":"M\u00e1quina envasadora de bandejas de huevos a la venta"},"content":{"rendered":"<div class=\"kk-star-ratings kksr-auto kksr-align-left kksr-valign-top\"     data-payload='{&quot;align&quot;:&quot;left&quot;,&quot;id&quot;:&quot;81&quot;,&quot;slug&quot;:&quot;default&quot;,&quot;valign&quot;:&quot;top&quot;,&quot;ignore&quot;:&quot;&quot;,&quot;reference&quot;:&quot;auto&quot;,&quot;class&quot;:&quot;&quot;,&quot;count&quot;:&quot;29&quot;,&quot;legendonly&quot;:&quot;&quot;,&quot;readonly&quot;:&quot;&quot;,&quot;score&quot;:&quot;4.5&quot;,&quot;starsonly&quot;:&quot;&quot;,&quot;best&quot;:&quot;5&quot;,&quot;gap&quot;:&quot;5&quot;,&quot;greet&quot;:&quot;Rate this product&quot;,&quot;legend&quot;:&quot;4.5\\\/5 - (29 votos)&quot;,&quot;size&quot;:&quot;24&quot;,&quot;title&quot;:&quot;Egg tray packaging machine for sale&quot;,&quot;width&quot;:&quot;128&quot;,&quot;_legend&quot;:&quot;{score}\\\/{best} - ({count} {votes})&quot;,&quot;font_factor&quot;:&quot;1.25&quot;}'>              <div class=\"kksr-stars\">      <div class=\"kksr-stars-inactive\">             <div class=\"kksr-star\" data-star=\"1\" style=\"padding-right: 5px\">               <div class=\"kksr-icon\" style=\"width: 24px; height: 24px;\"><\/div>         <\/div>             <div class=\"kksr-star\" data-star=\"2\" style=\"padding-right: 5px\">               <div class=\"kksr-icon\" style=\"width: 24px; height: 24px;\"><\/div>         <\/div>             <div class=\"kksr-star\" data-star=\"3\" style=\"padding-right: 5px\">               <div class=\"kksr-icon\" style=\"width: 24px; height: 24px;\"><\/div>         <\/div>             <div class=\"kksr-star\" data-star=\"4\" style=\"padding-right: 5px\">               <div class=\"kksr-icon\" style=\"width: 24px; height: 24px;\"><\/div>         <\/div>             <div class=\"kksr-star\" data-star=\"5\" style=\"padding-right: 5px\">               <div class=\"kksr-icon\" style=\"width: 24px; height: 24px;\"><\/div>         <\/div>     <\/div>      <div class=\"kksr-stars-active\" style=\"width: 128px;\">             <div class=\"kksr-star\" style=\"padding-right: 5px\">               <div class=\"kksr-icon\" style=\"width: 24px; height: 24px;\"><\/div>         <\/div>             <div class=\"kksr-star\" style=\"padding-right: 5px\">               <div class=\"kksr-icon\" style=\"width: 24px; height: 24px;\"><\/div>         <\/div>             <div class=\"kksr-star\" style=\"padding-right: 5px\">               <div class=\"kksr-icon\" style=\"width: 24px; height: 24px;\"><\/div>         <\/div>             <div class=\"kksr-star\" style=\"padding-right: 5px\">               <div class=\"kksr-icon\" style=\"width: 24px; height: 24px;\"><\/div>         <\/div>             <div class=\"kksr-star\" style=\"padding-right: 5px\">               <div class=\"kksr-icon\" style=\"width: 24px; height: 24px;\"><\/div>         <\/div>     <\/div> <\/div>                   <div class=\"kksr-legend\" style=\"font-size: 19.2px;\">             4.5\/5 - (29 votos)    <\/div>     <\/div>  <p>La m\u00e1quina empacadora de bandejas de huevos a la venta se utiliza en el proceso final de la l\u00ednea de m\u00e1quinas empacadoras de bandejas de huevos. Con esta m\u00e1quina, la bandeja de huevos se puede presionar firme y s\u00f3lidamente para evitar que se esparza. Esta empacadora autom\u00e1tica tiene buen rendimiento y hermosa forma. Adem\u00e1s, la m\u00e1quina es f\u00e1cil de operar y mantener, segura y ahorra energ\u00eda.<\/p>    <h2 class=\"wp-block-heading\">Introducci\u00f3n de la m\u00e1quina envasadora de bandejas de huevos a la venta.<\/h2>    <p>Esta m\u00e1quina se utiliza ampliamente en diversas l\u00edneas de moldeo de pulpa. Es el sistema de envasado m\u00e1s utilizado. Se puede utilizar para extruir la bandeja de huevos terminada seg\u00fan las especificaciones establecidas. La m\u00e1quina para bandejas de huevos empacados se apila estrechamente para ahorrar espacio de almacenamiento y transporte. Producimos m\u00e1quinas envasadoras accionadas por hidr\u00e1ulica o electricidad. Puede manejar varias bandejas de huevos a la vez, lo que reduce en gran medida la carga de trabajo de los empleados.<\/p>    <figure class=\"wp-block-image size-full\"><img loading=\"lazy\" decoding=\"async\" width=\"720\" height=\"540\" src=\"https:\/\/eggtraym.com\/wp-content\/uploads\/2022\/09\/egg-tray-packaging-machine-.webp\" alt=\"M\u00e1quina envasadora de bandejas de huevos a la venta\" class=\"wp-image-165\" title=\"M\u00e1quina envasadora de bandejas de huevos a la venta\" srcset=\"https:\/\/eggtraym.com\/wp-content\/uploads\/2022\/09\/egg-tray-packaging-machine-.webp 720w, https:\/\/eggtraym.com\/wp-content\/uploads\/2022\/09\/egg-tray-packaging-machine--300x225.webp 300w\" sizes=\"auto, (max-width: 720px) 100vw, 720px\" \/><figcaption>M\u00e1quina envasadora de bandejas de huevos a la venta<\/figcaption><\/figure>    <h2 class=\"wp-block-heading\">Rango de aplicaci\u00f3n del apilador de bandejas de huevos<\/h2>    <p class=\"translation-block\">La m\u00e1quina se utiliza ampliamente en <a href=\"https:\/\/www.shuliy.com\/product\/egg-tray-production-line-plant\/\" target=\"_blank\" rel=\"noopener\">l\u00edneas de producci\u00f3n de m\u00e1quinas de bandejas de huevos<\/a>, l\u00edneas de producci\u00f3n de m\u00e1quinas de bandejas de frutas, l\u00edneas de producci\u00f3n de m\u00e1quinas de bandejas de zapatos, l\u00edneas de producci\u00f3n de bandejas de vino y otras l\u00edneas de producci\u00f3n de moldeo por pulpa.<\/p>    <h2 class=\"wp-block-heading\">Caracter\u00edsticas de la m\u00e1quina empacadora de bandejas de huevos.<\/h2>    <ol class=\"wp-block-list\"><li>La estructura de la empacadora de bandejas de huevos es simple y f\u00e1cil de operar.<\/li><li>La m\u00e1quina adopta una estructura vertical y ocupa un \u00e1rea peque\u00f1a.<\/li><li>La empacadora tiene una funci\u00f3n de elevaci\u00f3n autom\u00e1tica y una alta eficiencia de trabajo.<\/li><\/ol>    <figure class=\"wp-block-image size-full\"><img loading=\"lazy\" decoding=\"async\" width=\"720\" height=\"540\" src=\"https:\/\/eggtraym.com\/wp-content\/uploads\/2022\/09\/egg-tray-stacker-.webp\" alt=\"apilador de bandejas de huevos\" class=\"wp-image-167\" title=\"apilador de bandejas de huevos\" srcset=\"https:\/\/eggtraym.com\/wp-content\/uploads\/2022\/09\/egg-tray-stacker-.webp 720w, https:\/\/eggtraym.com\/wp-content\/uploads\/2022\/09\/egg-tray-stacker--300x225.webp 300w\" sizes=\"auto, (max-width: 720px) 100vw, 720px\" \/><figcaption>Apilador de bandejas de huevos<\/figcaption><\/figure>    <h2 class=\"wp-block-heading\">Par\u00e1metros de la m\u00e1quina empacadora de bandejas semiautom\u00e1tica.<\/h2>    <figure class=\"wp-block-table\"><table><tbody><tr><td>Nombre de la m\u00e1quina<\/td><td>Empacadora para bandeja de huevos<\/td><\/tr><tr><td>Fuente de alimentaci\u00f3n<\/td><td>Neum\u00e1tico<\/td><\/tr><tr><td>Tipo de automatizaci\u00f3n<\/td><td>Automatizaci\u00f3n<\/td><\/tr><tr><td>Color de la m\u00e1quina<\/td><td>Personalizaci\u00f3n<\/td><\/tr><tr><td>Aplicaciones<\/td><td>Diversas bandejas de papel, como bandejas para huevos, bandejas para manzanas, bandejas para huevos de codorniz, etc.<\/td><\/tr><tr><td>Funciones<\/td><td>Paquete<\/td><\/tr><\/tbody><\/table><\/figure>    <h2 class=\"wp-block-heading\">La aplicaci\u00f3n de la m\u00e1quina empacadora de bandejas de huevos en la l\u00ednea de producci\u00f3n de bandejas de huevos.<\/h2>    <p class=\"translation-block\">Nuestra l\u00ednea de producci\u00f3n de bandejas de huevos generalmente incluye una m\u00e1quina destructora de papel, una m\u00e1quina formadora de bandejas de huevos, <a href=\"https:\/\/eggtraym.com\/es\/product\/egg-tray-dryer\/\">m\u00e1quina secadora de bandejas de huevos<\/a>, <a href=\"https:\/\/eggtraym.com\/es\/product\/egg-tray-hot-press-machine\/\">m\u00e1quina de prensado en caliente de bandejas de huevos<\/a>, m\u00e1quina de empaquetado de bandejas de huevos en venta y m\u00e1quina apiladora de bandejas de huevos. Por lo tanto, la m\u00e1quina de empaquetado de bandejas de huevos es la m\u00e1quina de acabado en la l\u00ednea de producci\u00f3n. Al igual que el apilador de bandejas de huevos, puede ahorrar mucha mano de obra y tiempo. Trabajar junto con otras m\u00e1quinas puede acelerar en gran medida el proceso de producci\u00f3n de bandejas de huevos.<\/p>    <figure class=\"wp-block-image size-full\"><img loading=\"lazy\" decoding=\"async\" width=\"720\" height=\"540\" src=\"https:\/\/eggtraym.com\/wp-content\/uploads\/2022\/09\/egg-tray-packing-machine-.webp\" alt=\"empaquetadora de bandejas de huevos\" class=\"wp-image-166\" title=\"empaquetadora de bandejas de huevos\" srcset=\"https:\/\/eggtraym.com\/wp-content\/uploads\/2022\/09\/egg-tray-packing-machine-.webp 720w, https:\/\/eggtraym.com\/wp-content\/uploads\/2022\/09\/egg-tray-packing-machine--300x225.webp 300w\" sizes=\"auto, (max-width: 720px) 100vw, 720px\" \/><figcaption>M\u00e1quina empacadora de bandejas de huevos<\/figcaption><\/figure>","protected":false},"excerpt":{"rendered":"<p>La m\u00e1quina empacadora de bandejas de huevos a la venta se utiliza en el proceso final de la l\u00ednea de m\u00e1quinas empacadoras de bandejas de huevos. <\/p>","protected":false},"author":1,"featured_media":162,"parent":0,"template":"","tags":[34,12],"product-type":[7],"class_list":["post-81","product","type-product","status-publish","has-post-thumbnail","hentry","tag-egg-tray-packaging-machine-for-sale","tag-egg-tray-production-line","product-type-egg-tray-packing-machine"],"_links":{"self":[{"href":"https:\/\/eggtraym.com\/es\/wp-json\/wp\/v2\/product\/81","targetHints":{"allow":["GET"]}}],"collection":[{"href":"https:\/\/eggtraym.com\/es\/wp-json\/wp\/v2\/product"}],"about":[{"href":"https:\/\/eggtraym.com\/es\/wp-json\/wp\/v2\/types\/product"}],"author":[{"embeddable":true,"href":"https:\/\/eggtraym.com\/es\/wp-json\/wp\/v2\/users\/1"}],"wp:featuredmedia":[{"embeddable":true,"href":"https:\/\/eggtraym.com\/es\/wp-json\/wp\/v2\/media\/162"}],"wp:attachment":[{"href":"https:\/\/eggtraym.com\/es\/wp-json\/wp\/v2\/media?parent=81"}],"wp:term":[{"taxonomy":"post_tag","embeddable":true,"href":"https:\/\/eggtraym.com\/es\/wp-json\/wp\/v2\/tags?post=81"},{"taxonomy":"product-type","embeddable":true,"href":"https:\/\/eggtraym.com\/es\/wp-json\/wp\/v2\/product-type?post=81"}],"curies":[{"name":"wp","href":"https:\/\/api.w.org\/{rel}","templated":true}]}}