{"id":79,"date":"2022-09-14T08:58:35","date_gmt":"2022-09-14T08:58:35","guid":{"rendered":"https:\/\/eggtraym.com\/?post_type=product&#038;p=79"},"modified":"2022-09-28T18:27:22","modified_gmt":"2022-09-28T10:27:22","slug":"egg-tray-hot-press-machine","status":"publish","type":"product","link":"https:\/\/eggtraym.com\/es\/product\/egg-tray-hot-press-machine\/","title":{"rendered":"M\u00e1quina de prensado en caliente para bandejas de huevos \u4e28m\u00e1quina moldeadora de prensado en caliente"},"content":{"rendered":"<div class=\"kk-star-ratings kksr-auto kksr-align-left kksr-valign-top\"     data-payload='{&quot;align&quot;:&quot;left&quot;,&quot;id&quot;:&quot;79&quot;,&quot;slug&quot;:&quot;default&quot;,&quot;valign&quot;:&quot;top&quot;,&quot;ignore&quot;:&quot;&quot;,&quot;reference&quot;:&quot;auto&quot;,&quot;class&quot;:&quot;&quot;,&quot;count&quot;:&quot;25&quot;,&quot;legendonly&quot;:&quot;&quot;,&quot;readonly&quot;:&quot;&quot;,&quot;score&quot;:&quot;4.6&quot;,&quot;starsonly&quot;:&quot;&quot;,&quot;best&quot;:&quot;5&quot;,&quot;gap&quot;:&quot;5&quot;,&quot;greet&quot;:&quot;Rate this product&quot;,&quot;legend&quot;:&quot;4.6\\\/5 - (25 votos)&quot;,&quot;size&quot;:&quot;24&quot;,&quot;title&quot;:&quot;Egg tray hot press machine\u4e28hot press shaping machine&quot;,&quot;width&quot;:&quot;130.9&quot;,&quot;_legend&quot;:&quot;{score}\\\/{best} - ({count} {votes})&quot;,&quot;font_factor&quot;:&quot;1.25&quot;}'>              <div class=\"kksr-stars\">      <div class=\"kksr-stars-inactive\">             <div class=\"kksr-star\" data-star=\"1\" style=\"padding-right: 5px\">               <div class=\"kksr-icon\" style=\"width: 24px; height: 24px;\"><\/div>         <\/div>             <div class=\"kksr-star\" data-star=\"2\" style=\"padding-right: 5px\">               <div class=\"kksr-icon\" style=\"width: 24px; height: 24px;\"><\/div>         <\/div>             <div class=\"kksr-star\" data-star=\"3\" style=\"padding-right: 5px\">               <div class=\"kksr-icon\" style=\"width: 24px; height: 24px;\"><\/div>         <\/div>             <div class=\"kksr-star\" data-star=\"4\" style=\"padding-right: 5px\">               <div class=\"kksr-icon\" style=\"width: 24px; height: 24px;\"><\/div>         <\/div>             <div class=\"kksr-star\" data-star=\"5\" style=\"padding-right: 5px\">               <div class=\"kksr-icon\" style=\"width: 24px; height: 24px;\"><\/div>         <\/div>     <\/div>      <div class=\"kksr-stars-active\" style=\"width: 130.9px;\">             <div class=\"kksr-star\" style=\"padding-right: 5px\">               <div class=\"kksr-icon\" style=\"width: 24px; height: 24px;\"><\/div>         <\/div>             <div class=\"kksr-star\" style=\"padding-right: 5px\">               <div class=\"kksr-icon\" style=\"width: 24px; height: 24px;\"><\/div>         <\/div>             <div class=\"kksr-star\" style=\"padding-right: 5px\">               <div class=\"kksr-icon\" style=\"width: 24px; height: 24px;\"><\/div>         <\/div>             <div class=\"kksr-star\" style=\"padding-right: 5px\">               <div class=\"kksr-icon\" style=\"width: 24px; height: 24px;\"><\/div>         <\/div>             <div class=\"kksr-star\" style=\"padding-right: 5px\">               <div class=\"kksr-icon\" style=\"width: 24px; height: 24px;\"><\/div>         <\/div>     <\/div> <\/div>                   <div class=\"kksr-legend\" style=\"font-size: 19.2px;\">             4.6\/5 - (25 votos)    <\/div>     <\/div>  <p class=\"translation-block\">La m\u00e1quina de prensado en caliente para bandejas de huevos es uno de los equipos auxiliares en la l\u00ednea de producci\u00f3n de bandejas de huevos. Esta m\u00e1quina se utiliza despu\u00e9s del <a href=\"https:\/\/eggtraym.com\/es\/product\/egg-tray-dryer\/\">secador de bandejas de huevos<\/a>. Despu\u00e9s del prensado en caliente, la bandeja de huevos es m\u00e1s lisa y tiene mejor resistencia y rigidez. La m\u00e1quina es f\u00e1cil de operar y ocupa poco espacio, lo que la convierte en una m\u00e1quina necesaria para la mayor\u00eda de los fabricantes de bandejas de huevos.<\/p>    <h2 class=\"wp-block-heading\">\u00bfQu\u00e9 es la m\u00e1quina prensadora en caliente para bandejas de huevos?<\/h2>    <p class=\"translation-block\">La <a href=\"https:\/\/www.shuliy.com\/product\/egg-tray-press-packing-machine\/\" target=\"_blank\" rel=\"noopener\">m\u00e1quina de prensado en caliente para bandejas de huevos Shuliy<\/a> se utiliza para dar forma a los productos moldeados por pulpa calentando el modelo. La m\u00e1quina se controla el\u00e9ctricamente. El rendimiento neum\u00e1tico es bueno y la operaci\u00f3n es segura. El tama\u00f1o y el dise\u00f1o del molde de la prensa de calor para bandejas de huevos se pueden ajustar seg\u00fan los productos de pulpa para que los productos se desmolden f\u00e1cilmente.<\/p>    <figure class=\"wp-block-image size-full\"><img loading=\"lazy\" decoding=\"async\" width=\"720\" height=\"540\" src=\"https:\/\/eggtraym.com\/wp-content\/uploads\/2022\/09\/egg-tray-hot-press-machine-2.webp\" alt=\"m\u00e1quina de prensado en caliente para bandejas de huevos\" class=\"wp-image-158\" title=\"m\u00e1quina de prensado en caliente para bandejas de huevos\" srcset=\"https:\/\/eggtraym.com\/wp-content\/uploads\/2022\/09\/egg-tray-hot-press-machine-2.webp 720w, https:\/\/eggtraym.com\/wp-content\/uploads\/2022\/09\/egg-tray-hot-press-machine-2-300x225.webp 300w\" sizes=\"auto, (max-width: 720px) 100vw, 720px\" \/><figcaption>M\u00e1quina de prensado en caliente para bandejas de huevos<\/figcaption><\/figure>    <h2 class=\"wp-block-heading\">Uso de la m\u00e1quina moldeadora de prensa en caliente.<\/h2>    <p>Se utiliza para prensar en caliente productos moldeados de pulpa, como bandejas para huevos, cartones para huevos, cajas para huevos y embalajes industriales.<\/p>    <h2 class=\"wp-block-heading\">Estructura y funci\u00f3n de la m\u00e1quina formadora de bandejas de papel.<\/h2>    <ol class=\"wp-block-list\"><li>El marco se utiliza para soportar el cilindro hidr\u00e1ulico, la placa de prensa en caliente y otras piezas, y soporta la presi\u00f3n total de la prensa en caliente durante el trabajo.<\/li><li>Cilindro hidr\u00e1ulico, el actuador para realizar un movimiento lineal alternativo.<\/li><li>Placa de prensa caliente y sistema de calefacci\u00f3n. La placa de prensa caliente es el componente para la transferencia de calor y presi\u00f3n.<\/li><\/ol>    <figure class=\"wp-block-image size-full\"><img loading=\"lazy\" decoding=\"async\" width=\"720\" height=\"540\" src=\"https:\/\/eggtraym.com\/wp-content\/uploads\/2022\/09\/paper-tray-forming-machine-.webp\" alt=\"m\u00e1quina formadora de bandejas de papel\" class=\"wp-image-160\" title=\"m\u00e1quina formadora de bandejas de papel\" srcset=\"https:\/\/eggtraym.com\/wp-content\/uploads\/2022\/09\/paper-tray-forming-machine-.webp 720w, https:\/\/eggtraym.com\/wp-content\/uploads\/2022\/09\/paper-tray-forming-machine--300x225.webp 300w\" sizes=\"auto, (max-width: 720px) 100vw, 720px\" \/><figcaption>M\u00e1quina formadora de bandejas de papel<\/figcaption><\/figure>    <h2 class=\"wp-block-heading\">\u00bfPor qu\u00e9 utilizamos una m\u00e1quina moldeadora de prensa en caliente?<\/h2>    <ol class=\"wp-block-list\"><li>Usamos la m\u00e1quina de prensado en caliente para bandejas de huevos para suavizar la apariencia de los productos de moldeo de pulpa.<\/li><li>La m\u00e1quina de prensado en caliente para bandejas de huevos puede mantener autom\u00e1ticamente una temperatura constante despu\u00e9s de la configuraci\u00f3n. Trabaja a altas temperaturas para uniformar el espesor del producto.<\/li><li>La m\u00e1quina puede eliminar el borde \u00e1spero.<\/li><\/ol>    <figure class=\"wp-block-image size-full\"><img loading=\"lazy\" decoding=\"async\" width=\"720\" height=\"540\" src=\"https:\/\/eggtraym.com\/wp-content\/uploads\/2022\/09\/hot-press-shaping-machine-.webp\" alt=\"m\u00e1quina formadora de prensa caliente\" class=\"wp-image-161\" title=\"m\u00e1quina formadora de prensa caliente\" srcset=\"https:\/\/eggtraym.com\/wp-content\/uploads\/2022\/09\/hot-press-shaping-machine-.webp 720w, https:\/\/eggtraym.com\/wp-content\/uploads\/2022\/09\/hot-press-shaping-machine--300x225.webp 300w\" sizes=\"auto, (max-width: 720px) 100vw, 720px\" \/><figcaption>M\u00e1quina formadora de prensa caliente<\/figcaption><\/figure>    <h2 class=\"wp-block-heading\">Caracter\u00edsticas de la m\u00e1quina semiautom\u00e1tica de prensado en caliente.<\/h2>    <ol class=\"wp-block-list\"><li>La m\u00e1quina prensadora en caliente para bandejas de huevos tiene una estructura simple y una apariencia elegante.<\/li><li>Su sistema de control el\u00e9ctrico es bastante estable y el rendimiento neum\u00e1tico es satisfactorio.<\/li><li>La nueva prensa en caliente funciona mediante cilindros neum\u00e1ticos e hidr\u00e1ulicos.<\/li><li>Por lo tanto, esta m\u00e1quina tiene alta eficiencia, alta presi\u00f3n y buen ahorro de energ\u00eda.<\/li><li>La m\u00e1quina est\u00e1 equipada con un dispositivo contador que es f\u00e1cil de operar.<\/li><\/ol>    <h2 class=\"wp-block-heading\">Par\u00e1metros de la m\u00e1quina prensadora de pulpa en caliente.<\/h2>    <figure class=\"wp-block-table\"><table><tbody><tr><td>Nombre de la m\u00e1quina<\/td><td>M\u00e1quina de prensado en caliente<\/td><\/tr><tr><td>Dimensi\u00f3n<\/td><td>1200*800*1800mm<\/td><\/tr><tr><td>Presi\u00f3n laboral<\/td><td>15 toneladas<\/td><\/tr><tr><td>Fuerza<\/td><td>6,5kW<\/td><\/tr><tr><td>Temperatura de trabajo<\/td><td>160~200\u2103<\/td><\/tr><tr><td>tiempo del ciclo de trabajo<\/td><td>6-10 segundos<\/td><\/tr><tr><td>Se requiere aire comprimido<\/td><td>0,5~0,6MPa, 1M3\/minuto;<\/td><\/tr><tr><td>Control<\/td><td>control PLC<\/td><\/tr><\/tbody><\/table><figcaption>Par\u00e1metro de la m\u00e1quina de prensado en caliente de pulpa<\/figcaption><\/figure>","protected":false},"excerpt":{"rendered":"<p>La m\u00e1quina prensadora en caliente para bandejas de huevos es uno de los equipos auxiliares en la l\u00ednea de producci\u00f3n de bandejas de huevos. Se utiliza despu\u00e9s del secador de bandejas de huevos.<\/p>","protected":false},"author":1,"featured_media":156,"parent":0,"template":"","tags":[32,28,33],"product-type":[6],"class_list":["post-79","product","type-product","status-publish","has-post-thumbnail","hentry","tag-egg-tray-hot-press-machine","tag-egg-tray-manufacturing-plant","tag-hot-press-shaping-machine","product-type-egg-tray-pressing-machine"],"_links":{"self":[{"href":"https:\/\/eggtraym.com\/es\/wp-json\/wp\/v2\/product\/79","targetHints":{"allow":["GET"]}}],"collection":[{"href":"https:\/\/eggtraym.com\/es\/wp-json\/wp\/v2\/product"}],"about":[{"href":"https:\/\/eggtraym.com\/es\/wp-json\/wp\/v2\/types\/product"}],"author":[{"embeddable":true,"href":"https:\/\/eggtraym.com\/es\/wp-json\/wp\/v2\/users\/1"}],"wp:featuredmedia":[{"embeddable":true,"href":"https:\/\/eggtraym.com\/es\/wp-json\/wp\/v2\/media\/156"}],"wp:attachment":[{"href":"https:\/\/eggtraym.com\/es\/wp-json\/wp\/v2\/media?parent=79"}],"wp:term":[{"taxonomy":"post_tag","embeddable":true,"href":"https:\/\/eggtraym.com\/es\/wp-json\/wp\/v2\/tags?post=79"},{"taxonomy":"product-type","embeddable":true,"href":"https:\/\/eggtraym.com\/es\/wp-json\/wp\/v2\/product-type?post=79"}],"curies":[{"name":"wp","href":"https:\/\/api.w.org\/{rel}","templated":true}]}}