{"id":77,"date":"2022-09-14T08:19:37","date_gmt":"2022-09-14T08:19:37","guid":{"rendered":"https:\/\/eggtraym.com\/?post_type=product&#038;p=77"},"modified":"2025-06-26T17:08:50","modified_gmt":"2025-06-26T09:08:50","slug":"egg-tray-dryer","status":"publish","type":"product","link":"https:\/\/eggtraym.com\/es\/product\/egg-tray-dryer\/","title":{"rendered":"Secadora de bandejas de huevos M\u00e1quina de secado continuo multicapa"},"content":{"rendered":"<div class=\"kk-star-ratings kksr-auto kksr-align-left kksr-valign-top\"     data-payload='{&quot;align&quot;:&quot;left&quot;,&quot;id&quot;:&quot;77&quot;,&quot;slug&quot;:&quot;default&quot;,&quot;valign&quot;:&quot;top&quot;,&quot;ignore&quot;:&quot;&quot;,&quot;reference&quot;:&quot;auto&quot;,&quot;class&quot;:&quot;&quot;,&quot;count&quot;:&quot;65&quot;,&quot;legendonly&quot;:&quot;&quot;,&quot;readonly&quot;:&quot;&quot;,&quot;score&quot;:&quot;4.8&quot;,&quot;starsonly&quot;:&quot;&quot;,&quot;best&quot;:&quot;5&quot;,&quot;gap&quot;:&quot;5&quot;,&quot;greet&quot;:&quot;Rate this product&quot;,&quot;legend&quot;:&quot;4.8\\\/5 - (65 votos)&quot;,&quot;size&quot;:&quot;24&quot;,&quot;title&quot;:&quot;Egg Tray Dryer Multi-layer Continuous Drying Machine&quot;,&quot;width&quot;:&quot;136.7&quot;,&quot;_legend&quot;:&quot;{score}\\\/{best} - ({count} {votes})&quot;,&quot;font_factor&quot;:&quot;1.25&quot;}'>              <div class=\"kksr-stars\">      <div class=\"kksr-stars-inactive\">             <div class=\"kksr-star\" data-star=\"1\" style=\"padding-right: 5px\">               <div class=\"kksr-icon\" style=\"width: 24px; height: 24px;\"><\/div>         <\/div>             <div class=\"kksr-star\" data-star=\"2\" style=\"padding-right: 5px\">               <div class=\"kksr-icon\" style=\"width: 24px; height: 24px;\"><\/div>         <\/div>             <div class=\"kksr-star\" data-star=\"3\" style=\"padding-right: 5px\">               <div class=\"kksr-icon\" style=\"width: 24px; height: 24px;\"><\/div>         <\/div>             <div class=\"kksr-star\" data-star=\"4\" style=\"padding-right: 5px\">               <div class=\"kksr-icon\" style=\"width: 24px; height: 24px;\"><\/div>         <\/div>             <div class=\"kksr-star\" data-star=\"5\" style=\"padding-right: 5px\">               <div class=\"kksr-icon\" style=\"width: 24px; height: 24px;\"><\/div>         <\/div>     <\/div>      <div class=\"kksr-stars-active\" style=\"width: 136.7px;\">             <div class=\"kksr-star\" style=\"padding-right: 5px\">               <div class=\"kksr-icon\" style=\"width: 24px; height: 24px;\"><\/div>         <\/div>             <div class=\"kksr-star\" style=\"padding-right: 5px\">               <div class=\"kksr-icon\" style=\"width: 24px; height: 24px;\"><\/div>         <\/div>             <div class=\"kksr-star\" style=\"padding-right: 5px\">               <div class=\"kksr-icon\" style=\"width: 24px; height: 24px;\"><\/div>         <\/div>             <div class=\"kksr-star\" style=\"padding-right: 5px\">               <div class=\"kksr-icon\" style=\"width: 24px; height: 24px;\"><\/div>         <\/div>             <div class=\"kksr-star\" style=\"padding-right: 5px\">               <div class=\"kksr-icon\" style=\"width: 24px; height: 24px;\"><\/div>         <\/div>     <\/div> <\/div>                   <div class=\"kksr-legend\" style=\"font-size: 19.2px;\">             4.8\/5 - (65 votos)    <\/div>     <\/div>  <p>En la l\u00ednea de producci\u00f3n de bandejas de huevos, el proceso de secado afecta directamente la calidad de los productos terminados y la eficiencia de producci\u00f3n. Especialmente para l\u00edneas de producci\u00f3n de capacidad media y grande, el secador de bandejas de huevos continuo de m\u00faltiples capas es la opci\u00f3n ideal por su alta eficiencia, ahorro de energ\u00eda y caracter\u00edsticas inteligentes. <\/p>    <p>La m\u00e1quina adopta un avanzado sistema de circulaci\u00f3n de aire caliente y un panel de control inteligente, y soporta m\u00faltiples m\u00e9todos de calefacci\u00f3n de aceite, gas, electricidad o vapor. Puede secar hasta 10,000 bandejas de huevos en 8 horas con una velocidad de secado r\u00e1pida y uniforme, lo que la convierte en un equipo central indispensable para la producci\u00f3n moderna de bandejas de huevos. <\/p>    <figure class=\"wp-block-embed aligncenter is-type-video is-provider-youtube wp-block-embed-youtube wp-embed-aspect-16-9 wp-has-aspect-ratio\"><div class=\"wp-block-embed__wrapper\"> <iframe loading=\"lazy\" title=\"M\u00e1quina secadora continua para bandejas de papel: \u00a1garantiza una calidad constante en la fabricaci\u00f3n de bandejas para huevos!\" width=\"500\" height=\"281\" src=\"https:\/\/www.youtube.com\/embed\/_8BFitakCJs?feature=oembed\" frameborder=\"0\" allow=\"accelerometer; autoplay; clipboard-write; encrypted-media; gyroscope; picture-in-picture; web-share\" referrerpolicy=\"strict-origin-when-cross-origin\" allowfullscreen><\/iframe> <\/div><figcaption class=\"wp-element-caption\">V\u00eddeo de funcionamiento de una secadora continua de bandejas de huevos.<\/figcaption><\/figure>    <p>Actualmente, hay tres m\u00e9todos principales para el secado de bandejas de huevos: secado natural, secado en ladrillo y secado continuo. A continuaci\u00f3n, le presentaremos los diferentes m\u00e9todos de secado y las ventajas del secador continuo de bandejas de huevos en detalle.<\/p>    <h2 class=\"wp-block-heading\" id=\"h-introduction-of-egg-tray-dryer\">Caracter\u00edsticas del secador continuo de bandejas de huevos.<\/h2>    <ul class=\"wp-block-list\"> <li>Capacidad de ultra alta velocidad: la capacidad de carga \u00fanica se incrementa mediante un dise\u00f1o de cinta modular de malla de 6-12 capas. Eficiencia de secado 8 veces mayor que la de un horno de ladrillo tradicional, capacidad diaria para satisfacer las necesidades de envasado de 200,000 huevos de grandes granjas av\u00edcolas.<\/li>    <li>Revoluci\u00f3n en el consumo de energ\u00eda: adopci\u00f3n de un sistema de recuperaci\u00f3n de calor de gases de escape (eficiencia t\u00e9rmica \u226590%) y tecnolog\u00eda de suministro de aire con conversi\u00f3n de frecuencia zonal, el consumo de energ\u00eda de la unidad es tan bajo como 0.11 kW-h\/toe, en comparaci\u00f3n con el equipo tradicional, se ahorra entre un 30% y un 40% de energ\u00eda en comparaci\u00f3n con el equipo tradicional.<\/li>    <li>Secado sin da\u00f1os: equilibrio din\u00e1mico del campo de temperatura inteligente, velocidad del viento ajustable por niveles. Asegura que el contenido de agua de la bandeja de huevos se reduzca (tasa de cumplimiento \u226598%) y la tasa de rotura &lt;0.5%.<\/li>    <li>Adaptabilidad de fuente de calor en todos los aspectos: compatibilidad multi-combustible de gas\/vapor\/bioenerg\u00eda\/electricidad, soporte para talleres sin caldera conectados directamente a la producci\u00f3n, se reducen las emisiones de carbono.<\/li> <\/ul>    <figure class=\"wp-block-gallery aligncenter has-nested-images columns-default is-cropped wp-block-gallery-2 is-layout-flex wp-block-gallery-is-layout-flex\"><div class=\"wp-block-image\"> <figure class=\"aligncenter size-large\"><img loading=\"lazy\" decoding=\"async\" width=\"720\" height=\"540\" data-id=\"151\" src=\"https:\/\/eggtraym.com\/wp-content\/uploads\/2022\/09\/Egg-tray-dryer-2-1.webp\" alt=\"M\u00e1quina secadora de bandejas de huevos\" class=\"wp-image-151\" title=\"\" srcset=\"https:\/\/eggtraym.com\/wp-content\/uploads\/2022\/09\/Egg-tray-dryer-2-1.webp 720w, https:\/\/eggtraym.com\/wp-content\/uploads\/2022\/09\/Egg-tray-dryer-2-1-300x225.webp 300w\" sizes=\"auto, (max-width: 720px) 100vw, 720px\" \/><figcaption class=\"wp-element-caption\">M\u00e1quina secadora de bandejas de huevos<\/figcaption><\/figure> <\/div><\/figure>    <h2 class=\"wp-block-heading\" id=\"h-the-working-principle-of-the-paper-egg-tray-drying-line\">Principio de funcionamiento de la l\u00ednea de secado de bandejas de huevos de papel <\/h2>   <div id=\"rank-math-howto\" class=\"rank-math-block\" > <div class=\"rank-math-howto-description\">  <\/div>  <div class=\"rank-math-steps\"> <div id=\"howto-step-1750928021723\" class=\"rank-math-step\"> <h3 class=\"rank-math-step-title\">M\u00faltiples fuentes de energ\u00eda para calentar el aire<\/h3> <div class=\"rank-math-step-content\"><p>El equipo puede elegir aceite combustible, gas, electricidad o vapor (aceite t\u00e9rmico) como fuente de calor seg\u00fan la demanda real para calentar el aire y generar aire caliente.<\/p> <\/div> <\/div> <div id=\"howto-step-1750928040279\" class=\"rank-math-step\"> <h3 class=\"rank-math-step-title\">El aire caliente circula para calentar la bandeja de huevos<\/h3> <div class=\"rank-math-step-content\"><p>El aire caliente se sopla uniformemente hacia el \u00e1rea de secado, calentando la bandeja de huevos en todas las direcciones y acelerando la evaporaci\u00f3n del agua.<\/p> <\/div> <\/div> <div id=\"howto-step-1750928051206\" class=\"rank-math-step\"> <h3 class=\"rank-math-step-title\">El vapor de agua se descarga a tiempo<\/h3> <div class=\"rank-math-step-content\"><p>El potente ventilador incorporado extraer\u00e1 r\u00e1pidamente el vapor de agua evaporado de las bandejas de huevos para mantener el entorno de secado seco, lo que ayuda a mejorar la velocidad y eficiencia del secado.<\/p> <\/div> <\/div> <div id=\"howto-step-1750928061495\" class=\"rank-math-step\"> <h3 class=\"rank-math-step-title\">Estructura de funcionamiento continuo<\/h3> <div class=\"rank-math-step-content\"><p>Adoptando una estructura de transporte continuo de una sola capa o de m\u00faltiples capas, las bandejas de huevos pueden ser transportadas de manera continua en el canal de secado sin manipulaci\u00f3n manual, lo que aumenta la capacidad de producci\u00f3n.<\/p> <\/div> <\/div> <div id=\"howto-step-1750928074621\" class=\"rank-math-step\"> <h3 class=\"rank-math-step-title\">Sistema de control inteligente<\/h3> <div class=\"rank-math-step-content\"><p>El sistema puede controlar autom\u00e1ticamente la temperatura, la velocidad del viento y la velocidad de transporte para realizar un proceso de secado estable y controlable y garantizar la calidad de las bandejas de huevos terminadas.<\/p> <\/div> <\/div> <\/div> <\/div>      <div class=\"wp-block-image\"> <figure class=\"aligncenter size-full\"><img loading=\"lazy\" decoding=\"async\" width=\"720\" height=\"540\" src=\"https:\/\/eggtraym.com\/wp-content\/uploads\/2022\/09\/metal-egg-tray-dryer-2.webp\" alt=\"secador continuo de bandejas de huevos\" class=\"wp-image-149\" title=\"secador de bandeja de huevos de metal\" srcset=\"https:\/\/eggtraym.com\/wp-content\/uploads\/2022\/09\/metal-egg-tray-dryer-2.webp 720w, https:\/\/eggtraym.com\/wp-content\/uploads\/2022\/09\/metal-egg-tray-dryer-2-300x225.webp 300w\" sizes=\"auto, (max-width: 720px) 100vw, 720px\" \/><figcaption class=\"wp-element-caption\">secador continuo de bandejas de huevos<\/figcaption><\/figure> <\/div>   <h2 class=\"wp-block-heading\" id=\"h-structure-of-the-egg-tray-drying-system\">Estructura del sistema de secado de bandejas de huevos.<\/h2>    <p>El sistema de secado de bandejas de huevos incluye principalmente la caja hu\u00e9sped, equipo de calefacci\u00f3n, ventiladores, tuber\u00edas, cadenas, ruedas dentadas, bandejas de malla, etc. Toda la m\u00e1quina tiene un funcionamiento estable, es segura y confiable, tiene un secado r\u00e1pido y tiene un alto nivel de automatizaci\u00f3n.<\/p>   <div class=\"wp-block-image\"> <figure class=\"aligncenter size-full\"><img loading=\"lazy\" decoding=\"async\" width=\"720\" height=\"540\" src=\"https:\/\/eggtraym.com\/wp-content\/uploads\/2022\/09\/dryer-machine-internal-structure.webp\" alt=\"estructura interna de la m\u00e1quina secadora\" class=\"wp-image-656\" title=\"\" srcset=\"https:\/\/eggtraym.com\/wp-content\/uploads\/2022\/09\/dryer-machine-internal-structure.webp 720w, https:\/\/eggtraym.com\/wp-content\/uploads\/2022\/09\/dryer-machine-internal-structure-300x225.webp 300w, https:\/\/eggtraym.com\/wp-content\/uploads\/2022\/09\/dryer-machine-internal-structure-16x12.webp 16w\" sizes=\"auto, (max-width: 720px) 100vw, 720px\" \/><figcaption class=\"wp-element-caption\">Estructura interna de la secadora.<\/figcaption><\/figure> <\/div>   <h2 class=\"wp-block-heading\">Par\u00e1metros t\u00e9cnicos de la secadora de bandejas de papel.<\/h2>    <p>A continuaci\u00f3n, detallamos las especificaciones t\u00e9cnicas clave y los datos de rendimiento de este secador de bandejas de huevos. Estos par\u00e1metros cubren su capacidad, consumo de energ\u00eda y otras caracter\u00edsticas fundamentales. Esto puede ayudarle a evaluar completamente la idoneidad y eficiencia del equipo.<\/p>    <figure class=\"wp-block-table is-style-stripes\"><table><tbody><tr><td class=\"has-text-align-left\" data-align=\"left\">Moho<\/td><td class=\"has-text-align-center\" data-align=\"center\">Producci\u00f3n<\/td><td class=\"has-text-align-center\" data-align=\"center\">Consumo de papel<\/td><td class=\"has-text-align-center\" data-align=\"center\">Consumo de agua<\/td><td class=\"has-text-align-center\" data-align=\"center\">Energ\u00eda utilizada<\/td><td class=\"has-text-align-center\" data-align=\"center\">numero de trabajador<\/td><\/tr><tr><td class=\"has-text-align-left\" data-align=\"left\">SL-4*4<\/td><td class=\"has-text-align-center\" data-align=\"center\">3500 piezas por hora<\/td><td class=\"has-text-align-center\" data-align=\"center\">280kg\/hora<\/td><td class=\"has-text-align-center\" data-align=\"center\">560kg\/hora<\/td><td class=\"has-text-align-center\" data-align=\"center\">78kg\/hora<\/td><td class=\"has-text-align-center\" data-align=\"center\">4-5<\/td><\/tr><tr><td class=\"has-text-align-left\" data-align=\"left\">SL-4*8<\/td><td class=\"has-text-align-center\" data-align=\"center\">4000 piezas por hora<\/td><td class=\"has-text-align-center\" data-align=\"center\">320kg\/h<\/td><td class=\"has-text-align-center\" data-align=\"center\">600kg\/hora<\/td><td class=\"has-text-align-center\" data-align=\"center\">80kg\/hora<\/td><td class=\"has-text-align-center\" data-align=\"center\">5-6<\/td><\/tr><tr><td class=\"has-text-align-left\" data-align=\"left\">SL-5*8<\/td><td class=\"has-text-align-center\" data-align=\"center\">5000 piezas por hora<\/td><td class=\"has-text-align-center\" data-align=\"center\">400kg\/h<\/td><td class=\"has-text-align-center\" data-align=\"center\">750kg\/hora<\/td><td class=\"has-text-align-center\" data-align=\"center\">85kg\/hora<\/td><td class=\"has-text-align-center\" data-align=\"center\">3-4<\/td><\/tr><tr><td class=\"has-text-align-left\" data-align=\"left\">SL-5*12<\/td><td class=\"has-text-align-center\" data-align=\"center\">6000 piezas por hora<\/td><td class=\"has-text-align-center\" data-align=\"center\">480kg\/h<\/td><td class=\"has-text-align-center\" data-align=\"center\">900kg\/hora<\/td><td class=\"has-text-align-center\" data-align=\"center\">90kg\/hora<\/td><td class=\"has-text-align-center\" data-align=\"center\">3-4<\/td><\/tr><tr><td class=\"has-text-align-left\" data-align=\"left\">SL-6*12<\/td><td class=\"has-text-align-center\" data-align=\"center\">8000 piezas por hora<\/td><td class=\"has-text-align-center\" data-align=\"center\">640kg\/hora<\/td><td class=\"has-text-align-center\" data-align=\"center\">1040kg\/hora<\/td><td class=\"has-text-align-center\" data-align=\"center\">100kg\/h<\/td><td class=\"has-text-align-center\" data-align=\"center\">3-4<\/td><\/tr><\/tbody><\/table><figcaption class=\"wp-element-caption\">Par\u00e1metros del secador de bandeja de huevos<\/figcaption><\/figure>   <div class=\"wp-block-image is-resized\"> <figure class=\"aligncenter size-full\"><img loading=\"lazy\" decoding=\"async\" width=\"720\" height=\"540\" src=\"https:\/\/eggtraym.com\/wp-content\/uploads\/2022\/09\/metal-egg-tray-dryer-.webp\" alt=\"secador de bandejas de papel multicapa\" class=\"wp-image-148\" title=\"secador de bandeja de huevos de metal\" srcset=\"https:\/\/eggtraym.com\/wp-content\/uploads\/2022\/09\/metal-egg-tray-dryer-.webp 720w, https:\/\/eggtraym.com\/wp-content\/uploads\/2022\/09\/metal-egg-tray-dryer--300x225.webp 300w\" sizes=\"auto, (max-width: 720px) 100vw, 720px\" \/><figcaption class=\"wp-element-caption\">secador de bandejas de papel multicapa<\/figcaption><\/figure> <\/div>   <h2 class=\"wp-block-heading\">Clasificador de bandejas de huevos<\/h2>    <p class=\"translation-block\">En la <strong><em><a href=\"https:\/\/eggtraym.com\/es\/product\/egg-tray-manufacturing-plant\/\">l\u00ednea de producci\u00f3n de bandejas<\/a><\/em><\/strong>, las bandejas de huevos terminadas se secan. A continuaci\u00f3n, sigue la m\u00e1quina clasificadora para organizar y recoger las bandejas. Este proceso garantiza que las bandejas est\u00e9n apiladas de forma ordenada y listas para el embalaje y transporte posteriores. La imagen de abajo muestra el efecto real en operaci\u00f3n.<\/p>   <div class=\"wp-block-image\"> <figure class=\"aligncenter size-full\"><img loading=\"lazy\" decoding=\"async\" width=\"720\" height=\"540\" src=\"https:\/\/eggtraym.com\/wp-content\/uploads\/2022\/09\/egg-tray-sorter-device.webp\" alt=\"dispositivo clasificador de bandejas de huevos\" class=\"wp-image-655\" title=\"\" srcset=\"https:\/\/eggtraym.com\/wp-content\/uploads\/2022\/09\/egg-tray-sorter-device.webp 720w, https:\/\/eggtraym.com\/wp-content\/uploads\/2022\/09\/egg-tray-sorter-device-300x225.webp 300w, https:\/\/eggtraym.com\/wp-content\/uploads\/2022\/09\/egg-tray-sorter-device-16x12.webp 16w\" sizes=\"auto, (max-width: 720px) 100vw, 720px\" \/><figcaption class=\"wp-element-caption\">dispositivo clasificador de bandejas de huevos<\/figcaption><\/figure> <\/div>   <h2 class=\"wp-block-heading\">Otras m\u00e1quinas secadoras para bandejas de huevos.<\/h2>    <p>A continuaci\u00f3n se muestran otros dos m\u00e9todos de secado de bandejas de huevos. Podemos recomendarlos seg\u00fan la producci\u00f3n de su l\u00ednea de producci\u00f3n de bandejas de huevos y el tama\u00f1o de su sitio. Y tambi\u00e9n podemos ayudarle con el dise\u00f1o cuando elija el secado en horno de ladrillos.<\/p>    <figure class=\"wp-block-gallery has-nested-images columns-default is-cropped wp-block-gallery-3 is-layout-flex wp-block-gallery-is-layout-flex\"> <figure class=\"wp-block-image size-large\"><img loading=\"lazy\" decoding=\"async\" width=\"720\" height=\"540\" data-id=\"153\" src=\"https:\/\/eggtraym.com\/wp-content\/uploads\/2022\/09\/manual-drying-egg-tray-.webp\" alt=\"bandeja de huevos de secado manual\" class=\"wp-image-153\" title=\"bandeja de huevos de secado natural\" srcset=\"https:\/\/eggtraym.com\/wp-content\/uploads\/2022\/09\/manual-drying-egg-tray-.webp 720w, https:\/\/eggtraym.com\/wp-content\/uploads\/2022\/09\/manual-drying-egg-tray--300x225.webp 300w\" sizes=\"auto, (max-width: 720px) 100vw, 720px\" \/><figcaption class=\"wp-element-caption\">Bandeja de huevos de secado manual<\/figcaption><\/figure>    <figure class=\"wp-block-image size-full\"><img loading=\"lazy\" decoding=\"async\" width=\"720\" height=\"540\" data-id=\"154\" src=\"https:\/\/eggtraym.com\/wp-content\/uploads\/2022\/09\/brick-egg-tray-dryer-1-1.webp\" alt=\"secador de bandeja de huevos de ladrillo\" class=\"wp-image-154\" title=\"secador de bandeja de huevos de ladrillo \" srcset=\"https:\/\/eggtraym.com\/wp-content\/uploads\/2022\/09\/brick-egg-tray-dryer-1-1.webp 720w, https:\/\/eggtraym.com\/wp-content\/uploads\/2022\/09\/brick-egg-tray-dryer-1-1-300x225.webp 300w\" sizes=\"auto, (max-width: 720px) 100vw, 720px\" \/><figcaption class=\"wp-element-caption\">Secador de bandeja de huevos de ladrillo<\/figcaption><\/figure> <\/figure>    <h2 class=\"wp-block-heading\">Cont\u00e1ctenos<\/h2>    <p>Como fabricante l\u00edder de maquinaria para el procesamiento de bandejas de huevos, estamos comprometidos a satisfacer las diversas necesidades de nuestros clientes en todo el mundo y nos hemos ganado una reputaci\u00f3n internacional por nuestros productos y servicios superiores.<\/p>    <p class=\"translation-block\">Nuestro equipo de secado de bandejas de huevos ha sido exportado con \u00e9xito a muchos pa\u00edses como <a href=\"https:\/\/en.wikipedia.org\/wiki\/Ethiopia\" target=\"_blank\" rel=\"noopener\">Etiop\u00eda<\/a>, L\u00edbano, Sud\u00e1frica, Senegal, Ghana, Zambia y Egipto, que se utilizan ampliamente en diferentes mercados.<\/p>    <p>Brindamos servicios de dise\u00f1o y producci\u00f3n personalizados para garantizar que cada secadora pueda satisfacer con precisi\u00f3n los requisitos espec\u00edficos de nuestros clientes. Adem\u00e1s, ofrecemos servicios integrales desde consultor\u00eda y dise\u00f1o hasta soporte postventa. No dude en contactarnos para obtener m\u00e1s informaci\u00f3n y asesoramiento profesional.<\/p>","protected":false},"excerpt":{"rendered":"<p>Este secador continuo de bandejas de huevos multicapa utiliza tecnolog\u00eda avanzada de circulaci\u00f3n de aire caliente y un sistema de control inteligente. Garantiza resultados de secado \u00f3ptimos para cada lote de bandejas de huevos.<\/p>","protected":false},"author":1,"featured_media":143,"parent":0,"template":"","tags":[26,31],"product-type":[5],"class_list":["post-77","product","type-product","status-publish","has-post-thumbnail","hentry","tag-egg-tray-dryer","tag-paper-egg-tray-drying-line","product-type-egg-tray-drying-machine"],"_links":{"self":[{"href":"https:\/\/eggtraym.com\/es\/wp-json\/wp\/v2\/product\/77","targetHints":{"allow":["GET"]}}],"collection":[{"href":"https:\/\/eggtraym.com\/es\/wp-json\/wp\/v2\/product"}],"about":[{"href":"https:\/\/eggtraym.com\/es\/wp-json\/wp\/v2\/types\/product"}],"author":[{"embeddable":true,"href":"https:\/\/eggtraym.com\/es\/wp-json\/wp\/v2\/users\/1"}],"wp:featuredmedia":[{"embeddable":true,"href":"https:\/\/eggtraym.com\/es\/wp-json\/wp\/v2\/media\/143"}],"wp:attachment":[{"href":"https:\/\/eggtraym.com\/es\/wp-json\/wp\/v2\/media?parent=77"}],"wp:term":[{"taxonomy":"post_tag","embeddable":true,"href":"https:\/\/eggtraym.com\/es\/wp-json\/wp\/v2\/tags?post=77"},{"taxonomy":"product-type","embeddable":true,"href":"https:\/\/eggtraym.com\/es\/wp-json\/wp\/v2\/product-type?post=77"}],"curies":[{"name":"wp","href":"https:\/\/api.w.org\/{rel}","templated":true}]}}