{"id":74,"date":"2022-09-14T07:25:56","date_gmt":"2022-09-14T07:25:56","guid":{"rendered":"https:\/\/eggtraym.com\/?post_type=product&#038;p=74"},"modified":"2022-09-28T18:25:53","modified_gmt":"2022-09-28T10:25:53","slug":"egg-tray-pulping-machine","status":"publish","type":"product","link":"https:\/\/eggtraym.com\/es\/product\/egg-tray-pulping-machine\/","title":{"rendered":"M\u00e1quina despulpadora de bandejas de huevos \u4e28 sistema de despulpado integrado"},"content":{"rendered":"<div class=\"kk-star-ratings kksr-auto kksr-align-left kksr-valign-top\"     data-payload='{&quot;align&quot;:&quot;left&quot;,&quot;id&quot;:&quot;74&quot;,&quot;slug&quot;:&quot;default&quot;,&quot;valign&quot;:&quot;top&quot;,&quot;ignore&quot;:&quot;&quot;,&quot;reference&quot;:&quot;auto&quot;,&quot;class&quot;:&quot;&quot;,&quot;count&quot;:&quot;6&quot;,&quot;legendonly&quot;:&quot;&quot;,&quot;readonly&quot;:&quot;&quot;,&quot;score&quot;:&quot;4.5&quot;,&quot;starsonly&quot;:&quot;&quot;,&quot;best&quot;:&quot;5&quot;,&quot;gap&quot;:&quot;5&quot;,&quot;greet&quot;:&quot;Rate this product&quot;,&quot;legend&quot;:&quot;4.5\\\/5 - (6 votos)&quot;,&quot;size&quot;:&quot;24&quot;,&quot;title&quot;:&quot;Egg tray pulping machine\u4e28integrated pulping system&quot;,&quot;width&quot;:&quot;128&quot;,&quot;_legend&quot;:&quot;{score}\\\/{best} - ({count} {votes})&quot;,&quot;font_factor&quot;:&quot;1.25&quot;}'>              <div class=\"kksr-stars\">      <div class=\"kksr-stars-inactive\">             <div class=\"kksr-star\" data-star=\"1\" style=\"padding-right: 5px\">               <div class=\"kksr-icon\" style=\"width: 24px; height: 24px;\"><\/div>         <\/div>             <div class=\"kksr-star\" data-star=\"2\" style=\"padding-right: 5px\">               <div class=\"kksr-icon\" style=\"width: 24px; height: 24px;\"><\/div>         <\/div>             <div class=\"kksr-star\" data-star=\"3\" style=\"padding-right: 5px\">               <div class=\"kksr-icon\" style=\"width: 24px; height: 24px;\"><\/div>         <\/div>             <div class=\"kksr-star\" data-star=\"4\" style=\"padding-right: 5px\">               <div class=\"kksr-icon\" style=\"width: 24px; height: 24px;\"><\/div>         <\/div>             <div class=\"kksr-star\" data-star=\"5\" style=\"padding-right: 5px\">               <div class=\"kksr-icon\" style=\"width: 24px; height: 24px;\"><\/div>         <\/div>     <\/div>      <div class=\"kksr-stars-active\" style=\"width: 128px;\">             <div class=\"kksr-star\" style=\"padding-right: 5px\">               <div class=\"kksr-icon\" style=\"width: 24px; height: 24px;\"><\/div>         <\/div>             <div class=\"kksr-star\" style=\"padding-right: 5px\">               <div class=\"kksr-icon\" style=\"width: 24px; height: 24px;\"><\/div>         <\/div>             <div class=\"kksr-star\" style=\"padding-right: 5px\">               <div class=\"kksr-icon\" style=\"width: 24px; height: 24px;\"><\/div>         <\/div>             <div class=\"kksr-star\" style=\"padding-right: 5px\">               <div class=\"kksr-icon\" style=\"width: 24px; height: 24px;\"><\/div>         <\/div>             <div class=\"kksr-star\" style=\"padding-right: 5px\">               <div class=\"kksr-icon\" style=\"width: 24px; height: 24px;\"><\/div>         <\/div>     <\/div> <\/div>                   <div class=\"kksr-legend\" style=\"font-size: 19.2px;\">             4.5\/5 - (6 votos)    <\/div>     <\/div>  <p>La m\u00e1quina despulpadora de bandejas de huevos es un equipo necesario en la producci\u00f3n de bandejas de huevos. La m\u00e1quina puede procesar diversas materias primas de papel con agua hasta obtener una pulpa uniforme. La pulpa procesada se puede utilizar para elaborar diversas bandejas de huevos, piezas, tel\u00e9fonos m\u00f3viles, accesorios, artesan\u00edas, vino, frutas y otros envases.<\/p>    <h2 class=\"wp-block-heading\" id=\"h-what-is-the-egg-tray-pulping-machine\">\u00bfQu\u00e9 es la m\u00e1quina despulpadora de bandejas de huevos?<\/h2>    <p class=\"translation-block\">Egg tray pulping machine can process all kinds of shredded paper, paper scraps, cardboard boxes, etc. into pulp. This machine is generally used to process the raw materials for egg tray forming. It is the necessary basic equipment for <a href=\"https:\/\/eggtraym.com\/es\/product\/automatic-egg-tray-machine\/\">egg tray-making machine<\/a>. The processed pulp is used to make various egg trays, apple trays, and other packaging products. We have different models of pulp beaters. It can be used with different egg tray machines. It is also one of the necessary equipment for the <a href=\"https:\/\/www.shuliy.com\/product\/egg-tray-production-line-plant\/\" target=\"_blank\" rel=\"noopener\">egg tray production line<\/a>.<\/p>    <figure class=\"wp-block-image size-full\"><img loading=\"lazy\" decoding=\"async\" width=\"720\" height=\"540\" src=\"https:\/\/eggtraym.com\/wp-content\/uploads\/2022\/09\/egg-tray-pulping-machine-.webp\" alt=\"m\u00e1quina despulpadora de bandejas de huevos\" class=\"wp-image-139\" title=\"m\u00e1quina despulpadora de bandejas de huevos\" srcset=\"https:\/\/eggtraym.com\/wp-content\/uploads\/2022\/09\/egg-tray-pulping-machine-.webp 720w, https:\/\/eggtraym.com\/wp-content\/uploads\/2022\/09\/egg-tray-pulping-machine--300x225.webp 300w\" sizes=\"auto, (max-width: 720px) 100vw, 720px\" \/><figcaption>M\u00e1quina de pulpa de bandeja de huevos<\/figcaption><\/figure>    <h2 class=\"wp-block-heading\" id=\"h-working-principle-of-egg-tray-pulping-system\">Principio de funcionamiento del sistema de despulpado de bandejas de huevos.<\/h2>    <p>La pulpa circula en el tanque y, mediante la acci\u00f3n entre la cuchilla voladora y la cuchilla inferior, se produce un corte horizontal, una divisi\u00f3n vertical y una rotura.<\/p>    <h2 class=\"wp-block-heading\" id=\"h-egg-tray-pulper-s-parameters\">Par\u00e1metros del pulper de bandeja de huevos<\/h2>    <figure class=\"wp-block-table\"><table><tbody><tr><td>Nombre de la m\u00e1quina<\/td><td>Modelo<\/td><td>Fuerza<\/td><td>Unidad<\/td><\/tr><tr><td>pulper hidra<\/td><td>SL1.0<\/td><td>7,5kW<\/td><td>1 juego<\/td><\/tr><tr><td>V\u00e1lvula de mariposa<\/td><td>DN100<\/td><td>\/<\/td><td>1 PC<\/td><\/tr><tr><td>bomba de pulpa<\/td><td>3 pulgadas<\/td><td>2,2kW<\/td><td>1 juego<\/td><\/tr><tr><td>Batidor de pulpa para estanques<\/td><td>110 rpm<\/td><td>1,5kW<\/td><td>1 juego<\/td><\/tr><tr><td>Bombas de aguas residuales&nbsp;<\/td><td>\/<\/td><td>0,75kW<\/td><td>1 juego<\/td><\/tr><tr><td>Tuber\u00eda de transporte de pulpa<\/td><td>\/<\/td><td>\/<\/td><td>1 juego<\/td><\/tr><\/tbody><\/table><figcaption>Par\u00e1metros del pulper de bandeja de huevos<\/figcaption><\/figure>    <h2 class=\"wp-block-heading\" id=\"h-structure-of-paper-shredder\">Estructura de la trituradora de papel.<\/h2>    <p>La trituradora de papel incluye principalmente una criba cil\u00edndrica, un eje, una h\u00e9lice de tornillo, un raspador, una tolva, un marco, un sistema de transmisi\u00f3n, etc.<\/p>    <figure class=\"wp-block-image size-full\"><img loading=\"lazy\" decoding=\"async\" width=\"720\" height=\"540\" src=\"https:\/\/eggtraym.com\/wp-content\/uploads\/2022\/09\/paper-shredder-.webp\" alt=\"trituradora de papel\" class=\"wp-image-140\" title=\"trituradora de papel\" srcset=\"https:\/\/eggtraym.com\/wp-content\/uploads\/2022\/09\/paper-shredder-.webp 720w, https:\/\/eggtraym.com\/wp-content\/uploads\/2022\/09\/paper-shredder--300x225.webp 300w\" sizes=\"auto, (max-width: 720px) 100vw, 720px\" \/><figcaption>trituradora de papel<\/figcaption><\/figure>    <h2 class=\"wp-block-heading\" id=\"h-factors-that-affect-the-material-crushing-degree-of-pulping-machine\">Factores que afectan el grado de trituraci\u00f3n del material de la m\u00e1quina despulpadora. <\/h2>    <ol class=\"wp-block-list\"><li>La naturaleza del material en s\u00ed.<\/li><li>Di\u00e1metro del tamiz: 0,4 ~ 1,5 mm, se pueden cambiar diferentes materias primas y requisitos de procesamiento para diferentes aberturas del cilindro del tamiz.<\/li><li>El \u00e1rea total de los orificios del tamiz es un porcentaje del \u00e1rea total del cilindro del tamiz.<\/li><li>\u00c1ngulo de gu\u00eda 1.52.0 (con 3\u00b0).<\/li><li>Distancia entre el palo y la pared interior: 1~4 mm.<\/li><li>Velocidad del eje.<\/li><\/ol>    <figure class=\"wp-block-image size-full\"><img loading=\"lazy\" decoding=\"async\" width=\"720\" height=\"540\" src=\"https:\/\/eggtraym.com\/wp-content\/uploads\/2022\/09\/pulping-machine-.webp\" alt=\"m\u00e1quina despulpadora \" class=\"wp-image-141\" title=\"m\u00e1quina despulpadora \" srcset=\"https:\/\/eggtraym.com\/wp-content\/uploads\/2022\/09\/pulping-machine-.webp 720w, https:\/\/eggtraym.com\/wp-content\/uploads\/2022\/09\/pulping-machine--300x225.webp 300w\" sizes=\"auto, (max-width: 720px) 100vw, 720px\" \/><figcaption>M\u00e1quina de pulpa <\/figcaption><\/figure>    <h2 class=\"wp-block-heading\" id=\"h-advantages-of-paper-pulping-machine\">Ventajas de la m\u00e1quina despulpadora de papel.<\/h2>    <ol class=\"wp-block-list\"><li>El despulpador puede procesar la pulpa de manera efectiva, completa y uniforme.<\/li><li>La m\u00e1quina tiene una alta eficiencia de trabajo y puede manejar una gran cantidad de papel usado a la vez.<\/li><li>El despulpador es vertical, con un novedoso dise\u00f1o y f\u00e1cil manejo.<\/li><li>La despulpadora de bandejas de huevos tiene un bajo consumo de energ\u00eda, es f\u00e1cil de usar y de bajo costo.<\/li><\/ol>    <figure class=\"wp-block-image size-full\"><img loading=\"lazy\" decoding=\"async\" width=\"720\" height=\"540\" src=\"https:\/\/eggtraym.com\/wp-content\/uploads\/2022\/09\/paper-pulping-machine-.webp\" alt=\"m\u00e1quina de pulpa de papel\" class=\"wp-image-142\" title=\"m\u00e1quina de pulpa de papel\" srcset=\"https:\/\/eggtraym.com\/wp-content\/uploads\/2022\/09\/paper-pulping-machine-.webp 720w, https:\/\/eggtraym.com\/wp-content\/uploads\/2022\/09\/paper-pulping-machine--300x225.webp 300w\" sizes=\"auto, (max-width: 720px) 100vw, 720px\" \/><figcaption>M\u00e1quina de pulpa de papel<\/figcaption><\/figure>","protected":false},"excerpt":{"rendered":"<p>La m\u00e1quina despulpadora de bandejas de huevos es un equipo necesario en la producci\u00f3n de bandejas de huevos. Puede procesar diversas materias primas de papel hasta obtener una pulpa uniforme. <\/p>","protected":false},"author":1,"featured_media":136,"parent":0,"template":"","tags":[17,29,30],"product-type":[4],"class_list":["post-74","product","type-product","status-publish","has-post-thumbnail","hentry","tag-automatic-egg-tray-machine","tag-egg-tray-pulping-machine","tag-integrated-pulping-system","product-type-egg-tray-pulping-machine"],"_links":{"self":[{"href":"https:\/\/eggtraym.com\/es\/wp-json\/wp\/v2\/product\/74","targetHints":{"allow":["GET"]}}],"collection":[{"href":"https:\/\/eggtraym.com\/es\/wp-json\/wp\/v2\/product"}],"about":[{"href":"https:\/\/eggtraym.com\/es\/wp-json\/wp\/v2\/types\/product"}],"author":[{"embeddable":true,"href":"https:\/\/eggtraym.com\/es\/wp-json\/wp\/v2\/users\/1"}],"wp:featuredmedia":[{"embeddable":true,"href":"https:\/\/eggtraym.com\/es\/wp-json\/wp\/v2\/media\/136"}],"wp:attachment":[{"href":"https:\/\/eggtraym.com\/es\/wp-json\/wp\/v2\/media?parent=74"}],"wp:term":[{"taxonomy":"post_tag","embeddable":true,"href":"https:\/\/eggtraym.com\/es\/wp-json\/wp\/v2\/tags?post=74"},{"taxonomy":"product-type","embeddable":true,"href":"https:\/\/eggtraym.com\/es\/wp-json\/wp\/v2\/product-type?post=74"}],"curies":[{"name":"wp","href":"https:\/\/api.w.org\/{rel}","templated":true}]}}