{"id":71,"date":"2022-09-14T06:45:17","date_gmt":"2022-09-14T06:45:17","guid":{"rendered":"https:\/\/eggtraym.com\/?post_type=product&#038;p=71"},"modified":"2024-06-13T16:01:21","modified_gmt":"2024-06-13T08:01:21","slug":"fruit-tray-making-machine","status":"publish","type":"product","link":"https:\/\/eggtraym.com\/es\/product\/fruit-tray-making-machine\/","title":{"rendered":"M\u00e1quina para fabricar bandejas de frutas de manzana a la venta"},"content":{"rendered":"<div class=\"kk-star-ratings kksr-auto kksr-align-left kksr-valign-top\"     data-payload='{&quot;align&quot;:&quot;left&quot;,&quot;id&quot;:&quot;71&quot;,&quot;slug&quot;:&quot;default&quot;,&quot;valign&quot;:&quot;top&quot;,&quot;ignore&quot;:&quot;&quot;,&quot;reference&quot;:&quot;auto&quot;,&quot;class&quot;:&quot;&quot;,&quot;count&quot;:&quot;89&quot;,&quot;legendonly&quot;:&quot;&quot;,&quot;readonly&quot;:&quot;&quot;,&quot;score&quot;:&quot;4.7&quot;,&quot;starsonly&quot;:&quot;&quot;,&quot;best&quot;:&quot;5&quot;,&quot;gap&quot;:&quot;5&quot;,&quot;greet&quot;:&quot;Rate this product&quot;,&quot;legend&quot;:&quot;4.7\\\/5 - (89 votos)&quot;,&quot;size&quot;:&quot;24&quot;,&quot;title&quot;:&quot;Apple Fruit Tray Making Machine For Sale&quot;,&quot;width&quot;:&quot;133.8&quot;,&quot;_legend&quot;:&quot;{score}\\\/{best} - ({count} {votes})&quot;,&quot;font_factor&quot;:&quot;1.25&quot;}'>              <div class=\"kksr-stars\">      <div class=\"kksr-stars-inactive\">             <div class=\"kksr-star\" data-star=\"1\" style=\"padding-right: 5px\">               <div class=\"kksr-icon\" style=\"width: 24px; height: 24px;\"><\/div>         <\/div>             <div class=\"kksr-star\" data-star=\"2\" style=\"padding-right: 5px\">               <div class=\"kksr-icon\" style=\"width: 24px; height: 24px;\"><\/div>         <\/div>             <div class=\"kksr-star\" data-star=\"3\" style=\"padding-right: 5px\">               <div class=\"kksr-icon\" style=\"width: 24px; height: 24px;\"><\/div>         <\/div>             <div class=\"kksr-star\" data-star=\"4\" style=\"padding-right: 5px\">               <div class=\"kksr-icon\" style=\"width: 24px; height: 24px;\"><\/div>         <\/div>             <div class=\"kksr-star\" data-star=\"5\" style=\"padding-right: 5px\">               <div class=\"kksr-icon\" style=\"width: 24px; height: 24px;\"><\/div>         <\/div>     <\/div>      <div class=\"kksr-stars-active\" style=\"width: 133.8px;\">             <div class=\"kksr-star\" style=\"padding-right: 5px\">               <div class=\"kksr-icon\" style=\"width: 24px; height: 24px;\"><\/div>         <\/div>             <div class=\"kksr-star\" style=\"padding-right: 5px\">               <div class=\"kksr-icon\" style=\"width: 24px; height: 24px;\"><\/div>         <\/div>             <div class=\"kksr-star\" style=\"padding-right: 5px\">               <div class=\"kksr-icon\" style=\"width: 24px; height: 24px;\"><\/div>         <\/div>             <div class=\"kksr-star\" style=\"padding-right: 5px\">               <div class=\"kksr-icon\" style=\"width: 24px; height: 24px;\"><\/div>         <\/div>             <div class=\"kksr-star\" style=\"padding-right: 5px\">               <div class=\"kksr-icon\" style=\"width: 24px; height: 24px;\"><\/div>         <\/div>     <\/div> <\/div>                   <div class=\"kksr-legend\" style=\"font-size: 19.2px;\">             4.7\/5 - (89 votos)    <\/div>     <\/div>  <p>La m\u00e1quina para fabricar bandejas de frutas es uno de los equipos importantes para el tipo de maquinaria de envasado. El uso de bandejas para manzanas para colocar manzanas puede protegerlas de colisiones. Las bandejas tambi\u00e9n permiten almacenar las manzanas durante m\u00e1s tiempo. Adem\u00e1s, un buen embalaje puede aumentar el valor de las manzanas. La materia prima utilizada para fabricar bandejas para manzanas son diversos tipos de papel reciclado. Por tanto, el uso de bandejas para manzanas no supone un desperdicio de recursos y adem\u00e1s aporta beneficios al usuario.<\/p>    <figure class=\"wp-block-embed aligncenter is-type-video is-provider-youtube wp-block-embed-youtube wp-embed-aspect-16-9 wp-has-aspect-ratio\"><div class=\"wp-block-embed__wrapper\"> <iframe loading=\"lazy\" title=\"\u00a1Gran rendimiento de la m\u00e1quina para fabricar bandejas de manzanas! M\u00e1quina moldeadora de bandejas de frutas\" width=\"500\" height=\"281\" src=\"https:\/\/www.youtube.com\/embed\/utc1UM-L1VE?feature=oembed\" frameborder=\"0\" allow=\"accelerometer; autoplay; clipboard-write; encrypted-media; gyroscope; picture-in-picture; web-share\" referrerpolicy=\"strict-origin-when-cross-origin\" allowfullscreen><\/iframe> <\/div><figcaption class=\"wp-element-caption\">Video de trabajo de la m\u00e1quina para fabricar bandejas de manzanas.<\/figcaption><\/figure>    <h2 class=\"wp-block-heading\" id=\"h-what-s-the-fruit-tray-making-machine\">\u00bfQu\u00e9 es la m\u00e1quina para fabricar bandejas de frutas?<\/h2>    <p class=\"translation-block\">Adem\u00e1s de la <a href=\"https:\/\/eggtraym.com\/es\/product\/automatic-egg-tray-machine\/\">m\u00e1quina para hacer bandejas de huevos<\/a>, Shuliy Machinery tambi\u00e9n produce una m\u00e1quina para bandejas de manzana. La m\u00e1quina para bandejas de manzana puede producir diversas formas de bandejas de manzana. Por lo tanto, puede satisfacer las necesidades de los usuarios para diferentes formas de empaque de manzana. La m\u00e1quina puede producir no solo bandejas de manzana, sino tambi\u00e9n bandejas para otras frutas, como duraznos, peras, naranjas, kiwis, etc. La forma de lograr este efecto de producci\u00f3n es cambiar el molde de la bandeja. <\/p>    <p>Nuestra m\u00e1quina para fabricar bandejas de manzanas puede cambiar varios moldes y es f\u00e1cil de usar. Debido a las diversas funciones de las bandejas para manzanas y al material duradero, se ha convertido en una m\u00e1quina imprescindible para muchos fabricantes de m\u00e1quinas para bandejas para manzanas. Si tiene alguna pregunta, \u00a1no dude en preguntar!<\/p>   <div class=\"wp-block-image\"> <figure class=\"aligncenter size-full is-resized\"><img loading=\"lazy\" decoding=\"async\" width=\"720\" height=\"540\" src=\"https:\/\/eggtraym.com\/wp-content\/uploads\/2022\/09\/fruit-tray-making-machine-2.webp\" alt=\"m\u00e1quina para fabricar bandejas de frutas\" class=\"wp-image-129\" style=\"width:720px;height:540px\" title=\"m\u00e1quina para fabricar bandejas de frutas\" srcset=\"https:\/\/eggtraym.com\/wp-content\/uploads\/2022\/09\/fruit-tray-making-machine-2.webp 720w, https:\/\/eggtraym.com\/wp-content\/uploads\/2022\/09\/fruit-tray-making-machine-2-300x225.webp 300w\" sizes=\"auto, (max-width: 720px) 100vw, 720px\" \/><figcaption class=\"wp-element-caption\">m\u00e1quina para fabricar bandejas de frutas<\/figcaption><\/figure> <\/div>   <h2 class=\"wp-block-heading\" id=\"h-what-fruit-trays-can-be-made-by-the-apple-tray-making-machine\">\u00bfQu\u00e9 bandejas de frutas se pueden fabricar con la m\u00e1quina formadora de bandejas de manzanas?<\/h2>    <p>La m\u00e1quina puede fabricar bandejas para manzanas, adem\u00e1s de bandejas para manzanas. La m\u00e1quina tambi\u00e9n puede producir bandejas que puedan soportar otras frutas. Por ejemplo, naranjas, fresas, peras, limones, naranjas, melocotones, etc.<\/p>    <figure class=\"wp-block-gallery has-nested-images columns-default is-cropped wp-block-gallery-2 is-layout-flex wp-block-gallery-is-layout-flex\"> <figure class=\"wp-block-image size-large\"><img loading=\"lazy\" decoding=\"async\" width=\"720\" height=\"540\" data-id=\"130\" src=\"https:\/\/eggtraym.com\/wp-content\/uploads\/2022\/09\/appel-tray-.webp\" alt=\"bandeja de apelaci\u00f3n\" class=\"wp-image-130\" title=\"bandeja de apelaci\u00f3n\" srcset=\"https:\/\/eggtraym.com\/wp-content\/uploads\/2022\/09\/appel-tray-.webp 720w, https:\/\/eggtraym.com\/wp-content\/uploads\/2022\/09\/appel-tray--300x225.webp 300w\" sizes=\"auto, (max-width: 720px) 100vw, 720px\" \/><figcaption class=\"wp-element-caption\">Bandeja de manzanas<\/figcaption><\/figure>    <figure class=\"wp-block-image size-large\"><img loading=\"lazy\" decoding=\"async\" width=\"720\" height=\"540\" data-id=\"131\" src=\"https:\/\/eggtraym.com\/wp-content\/uploads\/2022\/09\/various-tray-.jpg\" alt=\"varias bandejas terminadas\" class=\"wp-image-131\" title=\"varias bandejas terminadas\" srcset=\"https:\/\/eggtraym.com\/wp-content\/uploads\/2022\/09\/various-tray-.jpg 720w, https:\/\/eggtraym.com\/wp-content\/uploads\/2022\/09\/various-tray--300x225.jpg 300w\" sizes=\"auto, (max-width: 720px) 100vw, 720px\" \/><figcaption class=\"wp-element-caption\">Varias bandejas terminadas<\/figcaption><\/figure> <\/figure>    <h2 class=\"wp-block-heading\" id=\"h-parameters-of-the-fruit-tray-molding-machine\">Par\u00e1metros de la m\u00e1quina moldeadora de bandejas de frutas.<\/h2>    <figure class=\"wp-block-table is-style-stripes\"><table><tbody><tr><td>Modelo<\/td><td>Capacidad<\/td><td>Consumo de papel<\/td><td>Consumo de agua<\/td><td>Energ\u00eda utilizada<\/td><td>Obrero<\/td><\/tr><tr><td>SL-3*1<\/td><td>1000-1500 unidades\/h<\/td><td>120kg\/hora<\/td><td>300kg\/h<\/td><td>32 kw\/h<\/td><td>3-4<\/td><\/tr><tr><td>SL-4*1<\/td><td>1500-2000PCS\/h<\/td><td>160kg\/hora<\/td><td>380kg\/h<\/td><td>45kw\/h<\/td><td>3-4<\/td><\/tr><tr><td>SL-3*4<\/td><td>2000-2500 piezas\/h<\/td><td>200kg\/h<\/td><td>450kg\/h<\/td><td>58 kw\/h<\/td><td>4-5<\/td><\/tr><tr><td>SL-4*4<\/td><td>3000-3500 piezas\/h<\/td><td>280kg\/hora<\/td><td>560kg\/hora<\/td><td>78 kw\/h<\/td><td>4-5<\/td><\/tr><tr><td>SL-4*8<\/td><td>4000 piezas\/h<\/td><td>320kg\/h<\/td><td>600kg\/hora<\/td><td>80 kw\/h<\/td><td>5-6<\/td><\/tr><tr><td>SL-5*8<\/td><td>5000 unidades\/hora<\/td><td>400kg\/h<\/td><td>750kg\/hora<\/td><td>85 kw\/h<\/td><td>3-4<\/td><\/tr><tr><td>SL-5*12<\/td><td>6000 piezas\/hora<\/td><td>480kg\/h<\/td><td>900kg\/hora<\/td><td>90 kw\/h<\/td><td>3-4<\/td><\/tr><tr><td>SL-6*12<\/td><td>8000 piezas\/hora<\/td><td>640kg\/hora<\/td><td>1040kg\/hora<\/td><td>100 kw\/h<\/td><td>3-4<\/td><\/tr><\/tbody><\/table><figcaption class=\"wp-element-caption\">Par\u00e1metro de la m\u00e1quina moldeadora de bandejas de frutas<\/figcaption><\/figure>    <h2 class=\"wp-block-heading\" id=\"h-the-manufacturing-process-of-apple-trays\">Proceso de fabricaci\u00f3n de bandejas de manzanas.<\/h2>   <div id=\"rank-math-howto\" class=\"rank-math-block\" > <div class=\"rank-math-howto-description\">  <\/div>  <div class=\"rank-math-steps\"> <div id=\"howto-step-1718264736738\" class=\"rank-math-step\"> <h3 class=\"rank-math-step-title\">Procesamiento de pulpa<\/h3> <div class=\"rank-math-step-content\"><p>Coloque el papel usado en la m\u00e1quina de pulpa. Despu\u00e9s del tratamiento con pulpa gruesa. Luego la pulpa gruesa se refina y se ajusta en el tanque de almacenamiento de pulpa.<\/p> <\/div> <\/div> <div id=\"howto-step-1718264745706\" class=\"rank-math-step\"> <h3 class=\"rank-math-step-title\">Formando bandejas de manzana<\/h3> <div class=\"rank-math-step-content\"><p>A trav\u00e9s de la bomba de pulpa y la bomba de vac\u00edo, la pulpa se adsorbe en el molde formador de la m\u00e1quina fabricadora de bandejas de frutas. Finalmente se elaboran las bandejas de fruta formadas.<\/p> <\/div> <\/div> <div id=\"howto-step-1718264759075\" class=\"rank-math-step\"> <h3 class=\"rank-math-step-title\">Bandeja de secado de manzanas<\/h3> <div class=\"rank-math-step-content\"><p>A continuaci\u00f3n, las bandejas de manzanas formadas se colocan en la secadora. Despu\u00e9s del secado, las bandejas de manzanas se vuelven r\u00edgidas y listas para su posterior prensado y envasado en caliente.<\/p> <\/div> <\/div> <\/div> <\/div>      <div class=\"wp-block-image\"> <figure class=\"aligncenter size-full\"><img loading=\"lazy\" decoding=\"async\" width=\"720\" height=\"540\" src=\"https:\/\/eggtraym.com\/wp-content\/uploads\/2022\/09\/fruit-tray-molding-machine-.webp\" alt=\"m\u00e1quina de moldeo de bandejas de frutas\" class=\"wp-image-132\" title=\"m\u00e1quina de moldeo de bandejas de frutas\" srcset=\"https:\/\/eggtraym.com\/wp-content\/uploads\/2022\/09\/fruit-tray-molding-machine-.webp 720w, https:\/\/eggtraym.com\/wp-content\/uploads\/2022\/09\/fruit-tray-molding-machine--300x225.webp 300w\" sizes=\"auto, (max-width: 720px) 100vw, 720px\" \/><figcaption class=\"wp-element-caption\">m\u00e1quina de moldeo de bandejas de frutas<\/figcaption><\/figure> <\/div>   <h2 class=\"wp-block-heading\" id=\"h-how-to-choose-a-good-apple-tray-machine\">\u00bfC\u00f3mo elegir una buena m\u00e1quina de bandejas para manzanas? <\/h2>    <ul class=\"wp-block-list\"> <li><strong>M\u00e1quina de alta calidad<br><\/strong>Una m\u00e1quina de alta calidad se puede utilizar durante mucho tiempo. La m\u00e1quina para fabricar bandejas de frutas fabricada por Shuliy tiene una vida \u00fatil de m\u00e1s de 8 a\u00f1os. Adem\u00e1s, nuestras m\u00e1quinas son altamente autom\u00e1ticas y f\u00e1ciles de operar. Despu\u00e9s de que nuestros clientes extranjeros reciben la m\u00e1quina, \u00e9sta funciona sin problemas y nuestros clientes la adoran.<\/li>    <li><strong>Gran proveedor de m\u00e1quinas<br><\/strong>Shuliy es un fabricante profesional de m\u00e1quinas para bandejas de huevos y m\u00e1quinas para bandejas de frutas. Desde el establecimiento de nuestra f\u00e1brica, hemos realizado continuas mejoras e innovaciones en las funciones y estructuras de nuestras m\u00e1quinas. Ahora nuestra tecnolog\u00eda de fabricaci\u00f3n ha alcanzado un alto nivel. Los clientes tienen la seguridad de elegir la m\u00e1quina que necesitan.<\/li>    <li><strong>Servicio completo<br><\/strong>Responderemos a cualquier pregunta de los clientes a tiempo. Tambi\u00e9n recomendaremos la mejor m\u00e1quina para fabricar bandejas de frutas seg\u00fan los requisitos y la situaci\u00f3n del cliente. Adem\u00e1s, tambi\u00e9n realizamos dise\u00f1o de distribuci\u00f3n de f\u00e1brica. Si es necesario, tambi\u00e9n nos encargaremos de la instalaci\u00f3n de la m\u00e1quina. Despu\u00e9s de que el cliente reciba la m\u00e1quina, brindaremos un servicio postventa de un a\u00f1o.<\/li> <\/ul>    <figure class=\"wp-block-gallery has-nested-images columns-default is-cropped wp-block-gallery-3 is-layout-flex wp-block-gallery-is-layout-flex\"> <figure class=\"wp-block-image size-large\"><img loading=\"lazy\" decoding=\"async\" width=\"720\" height=\"540\" data-id=\"133\" src=\"https:\/\/eggtraym.com\/wp-content\/uploads\/2022\/09\/apple-tray-machine-.webp\" alt=\"m\u00e1quina de bandeja de manzana\" class=\"wp-image-133\" title=\"m\u00e1quina de bandeja de manzana\" srcset=\"https:\/\/eggtraym.com\/wp-content\/uploads\/2022\/09\/apple-tray-machine-.webp 720w, https:\/\/eggtraym.com\/wp-content\/uploads\/2022\/09\/apple-tray-machine--300x225.webp 300w\" sizes=\"auto, (max-width: 720px) 100vw, 720px\" \/><figcaption class=\"wp-element-caption\">M\u00e1quina de bandejas de manzana<\/figcaption><\/figure>    <figure class=\"wp-block-image size-large\"><img loading=\"lazy\" decoding=\"async\" width=\"720\" height=\"540\" data-id=\"134\" src=\"https:\/\/eggtraym.com\/wp-content\/uploads\/2022\/09\/fruit-tray-making-machine-3.webp\" alt=\"M\u00e1quina para fabricar bandejas de frutas.\" class=\"wp-image-134\" title=\"M\u00e1quina para fabricar bandejas de frutas.\" srcset=\"https:\/\/eggtraym.com\/wp-content\/uploads\/2022\/09\/fruit-tray-making-machine-3.webp 720w, https:\/\/eggtraym.com\/wp-content\/uploads\/2022\/09\/fruit-tray-making-machine-3-300x225.webp 300w\" sizes=\"auto, (max-width: 720px) 100vw, 720px\" \/><figcaption class=\"wp-element-caption\">M\u00e1quina para fabricar bandejas de frutas <\/figcaption><\/figure> <\/figure>    <h2 class=\"wp-block-heading\" id=\"h-apple-fruit-tray-making-machine-sold-to-nigeria\">M\u00e1quina para fabricar bandejas de frutas de manzana vendida a Nigeria<\/h2>    <p class=\"translation-block\">Este cliente en <a href=\"https:\/\/en.wikipedia.org\/wiki\/Nigeria\" target=\"_blank\" rel=\"noopener\">Nigeria<\/a> quer\u00eda iniciar un negocio de fabricaci\u00f3n de m\u00e1quinas para bandejas de huevos. As\u00ed que busc\u00f3 la m\u00e1quina relevante en internet y luego fue a nuestro sitio web. Finalmente, nos envi\u00f3 una consulta para una m\u00e1quina para hacer bandejas de frutas. <\/p>    <p>Despu\u00e9s de recibir el mensaje del cliente, le proporcionamos im\u00e1genes, videos y par\u00e1metros de la m\u00e1quina. Luego preguntamos al cliente sobre el tama\u00f1o de las manzanas y determinamos el tama\u00f1o de la bandeja de huevos. Una vez confirmada toda la informaci\u00f3n, le proporcionamos al cliente una cotizaci\u00f3n. El cliente pag\u00f3 por la m\u00e1quina para fabricar bandejas de frutas.<\/p>    <figure class=\"wp-block-gallery has-nested-images columns-default is-cropped wp-block-gallery-4 is-layout-flex wp-block-gallery-is-layout-flex\"> <figure class=\"wp-block-image size-large\"><img loading=\"lazy\" decoding=\"async\" width=\"720\" height=\"540\" data-id=\"628\" src=\"https:\/\/eggtraym.com\/wp-content\/uploads\/2022\/09\/apple-tray-making-machine-loading-site.webp\" alt=\"Sitio de carga de la m\u00e1quina para fabricar bandejas de manzanas.\" class=\"wp-image-628\" title=\"\" srcset=\"https:\/\/eggtraym.com\/wp-content\/uploads\/2022\/09\/apple-tray-making-machine-loading-site.webp 720w, https:\/\/eggtraym.com\/wp-content\/uploads\/2022\/09\/apple-tray-making-machine-loading-site-300x225.webp 300w, https:\/\/eggtraym.com\/wp-content\/uploads\/2022\/09\/apple-tray-making-machine-loading-site-16x12.webp 16w\" sizes=\"auto, (max-width: 720px) 100vw, 720px\" \/><figcaption class=\"wp-element-caption\">Sitio de carga de la m\u00e1quina para fabricar bandejas de manzana<\/figcaption><\/figure>    <figure class=\"wp-block-image size-large\"><img loading=\"lazy\" decoding=\"async\" width=\"720\" height=\"540\" data-id=\"629\" src=\"https:\/\/eggtraym.com\/wp-content\/uploads\/2022\/09\/fruit-tray-molding-machine-for-sale.webp\" alt=\"M\u00e1quina moldeadora de bandejas de frutas a la venta\" class=\"wp-image-629\" title=\"\" srcset=\"https:\/\/eggtraym.com\/wp-content\/uploads\/2022\/09\/fruit-tray-molding-machine-for-sale.webp 720w, https:\/\/eggtraym.com\/wp-content\/uploads\/2022\/09\/fruit-tray-molding-machine-for-sale-300x225.webp 300w, https:\/\/eggtraym.com\/wp-content\/uploads\/2022\/09\/fruit-tray-molding-machine-for-sale-16x12.webp 16w\" sizes=\"auto, (max-width: 720px) 100vw, 720px\" \/><figcaption class=\"wp-element-caption\">M\u00e1quina de moldeo de bandejas de frutas a la venta<\/figcaption><\/figure> <\/figure>    <h2 class=\"wp-block-heading\" id=\"h-what-are-the-benefits-of-using-shuliy-s-egg-plate-making-machine\">Beneficios de utilizar la m\u00e1quina para fabricar platos de huevos de Shuliy<\/h2>    <ul class=\"wp-block-list\"> <li>Incrementar la eficiencia en la producci\u00f3n de bandejas de manzanas. Si el cliente utiliza la m\u00e1quina junto con una batidora, secadora, moldeadora y empacadora, la eficiencia mejorar\u00e1 enormemente.<\/li>    <li>Reducir el n\u00famero de mantenimiento. Nuestras m\u00e1quinas son de alta calidad y no presentan problemas frecuentes, por lo que los clientes pueden utilizarlas con confianza.<\/li>    <li>Productos terminados de alta calidad. Nuestra m\u00e1quina para fabricar bandejas de frutas produce bandejas de manzanas duraderas, resistentes a la presi\u00f3n y con buena permeabilidad al aire, y se utilizan ampliamente en el mercado.<\/li>    <li>Aumentar los ingresos. Los clientes pueden obtener ingresos m\u00e1s r\u00e1pido produciendo y vendiendo bandejas de frutas.<\/li> <\/ul>   <div class=\"wp-block-image\"> <figure class=\"aligncenter size-full\"><img loading=\"lazy\" decoding=\"async\" width=\"720\" height=\"540\" src=\"https:\/\/eggtraym.com\/wp-content\/uploads\/2022\/09\/egg-plate-making-machine-.webp\" alt=\"m\u00e1quina para hacer platos de huevos\" class=\"wp-image-135\" title=\"m\u00e1quina para hacer platos de huevos\" srcset=\"https:\/\/eggtraym.com\/wp-content\/uploads\/2022\/09\/egg-plate-making-machine-.webp 720w, https:\/\/eggtraym.com\/wp-content\/uploads\/2022\/09\/egg-plate-making-machine--300x225.webp 300w\" sizes=\"auto, (max-width: 720px) 100vw, 720px\" \/><figcaption class=\"wp-element-caption\">m\u00e1quina para hacer platos de huevos<\/figcaption><\/figure> <\/div>   <p>Nuestra f\u00e1brica se ha especializado en la producci\u00f3n de equipos de reciclaje de papel usado para la formaci\u00f3n de bandejas de papel durante muchos a\u00f1os. Si est\u00e1 interesado, navegue por este sitio web y no dude en contactarnos para personalizar la m\u00e1quina.<\/p>","protected":false},"excerpt":{"rendered":"<p>La m\u00e1quina para fabricar bandejas de frutas es uno de los equipos importantes para la maquinaria de envasado. Los productos terminados producidos por esta m\u00e1quina se pueden envasar y proteger para frutas.<\/p>","protected":false},"author":1,"featured_media":127,"parent":0,"template":"","tags":[45,41,46],"product-type":[3],"class_list":["post-71","product","type-product","status-publish","has-post-thumbnail","hentry","tag-apple-tray","tag-egg-tray","tag-fruit-tray","product-type-egg-tray-making-machine"],"_links":{"self":[{"href":"https:\/\/eggtraym.com\/es\/wp-json\/wp\/v2\/product\/71","targetHints":{"allow":["GET"]}}],"collection":[{"href":"https:\/\/eggtraym.com\/es\/wp-json\/wp\/v2\/product"}],"about":[{"href":"https:\/\/eggtraym.com\/es\/wp-json\/wp\/v2\/types\/product"}],"author":[{"embeddable":true,"href":"https:\/\/eggtraym.com\/es\/wp-json\/wp\/v2\/users\/1"}],"wp:featuredmedia":[{"embeddable":true,"href":"https:\/\/eggtraym.com\/es\/wp-json\/wp\/v2\/media\/127"}],"wp:attachment":[{"href":"https:\/\/eggtraym.com\/es\/wp-json\/wp\/v2\/media?parent=71"}],"wp:term":[{"taxonomy":"post_tag","embeddable":true,"href":"https:\/\/eggtraym.com\/es\/wp-json\/wp\/v2\/tags?post=71"},{"taxonomy":"product-type","embeddable":true,"href":"https:\/\/eggtraym.com\/es\/wp-json\/wp\/v2\/product-type?post=71"}],"curies":[{"name":"wp","href":"https:\/\/api.w.org\/{rel}","templated":true}]}}