{"id":65,"date":"2022-09-14T03:26:36","date_gmt":"2022-09-14T03:26:36","guid":{"rendered":"https:\/\/eggtraym.com\/?post_type=product&#038;p=65"},"modified":"2025-06-17T17:20:47","modified_gmt":"2025-06-17T09:20:47","slug":"1500pc-h-egg-tray-making-machine","status":"publish","type":"product","link":"https:\/\/eggtraym.com\/es\/product\/1500pc-h-egg-tray-making-machine\/","title":{"rendered":"M\u00e1quina semiautom\u00e1tica para fabricar bandejas de huevos 1500PC\/H a la venta"},"content":{"rendered":"<div class=\"kk-star-ratings kksr-auto kksr-align-left kksr-valign-top\"     data-payload='{&quot;align&quot;:&quot;left&quot;,&quot;id&quot;:&quot;65&quot;,&quot;slug&quot;:&quot;default&quot;,&quot;valign&quot;:&quot;top&quot;,&quot;ignore&quot;:&quot;&quot;,&quot;reference&quot;:&quot;auto&quot;,&quot;class&quot;:&quot;&quot;,&quot;count&quot;:&quot;80&quot;,&quot;legendonly&quot;:&quot;&quot;,&quot;readonly&quot;:&quot;&quot;,&quot;score&quot;:&quot;4.7&quot;,&quot;starsonly&quot;:&quot;&quot;,&quot;best&quot;:&quot;5&quot;,&quot;gap&quot;:&quot;5&quot;,&quot;greet&quot;:&quot;Rate this product&quot;,&quot;legend&quot;:&quot;4.7\\\/5 - (80 votos)&quot;,&quot;size&quot;:&quot;24&quot;,&quot;title&quot;:&quot;Semi-Automatic 1500PC\\\/H Egg Tray Making Machine For Sale&quot;,&quot;width&quot;:&quot;133.8&quot;,&quot;_legend&quot;:&quot;{score}\\\/{best} - ({count} {votes})&quot;,&quot;font_factor&quot;:&quot;1.25&quot;}'>              <div class=\"kksr-stars\">      <div class=\"kksr-stars-inactive\">             <div class=\"kksr-star\" data-star=\"1\" style=\"padding-right: 5px\">               <div class=\"kksr-icon\" style=\"width: 24px; height: 24px;\"><\/div>         <\/div>             <div class=\"kksr-star\" data-star=\"2\" style=\"padding-right: 5px\">               <div class=\"kksr-icon\" style=\"width: 24px; height: 24px;\"><\/div>         <\/div>             <div class=\"kksr-star\" data-star=\"3\" style=\"padding-right: 5px\">               <div class=\"kksr-icon\" style=\"width: 24px; height: 24px;\"><\/div>         <\/div>             <div class=\"kksr-star\" data-star=\"4\" style=\"padding-right: 5px\">               <div class=\"kksr-icon\" style=\"width: 24px; height: 24px;\"><\/div>         <\/div>             <div class=\"kksr-star\" data-star=\"5\" style=\"padding-right: 5px\">               <div class=\"kksr-icon\" style=\"width: 24px; height: 24px;\"><\/div>         <\/div>     <\/div>      <div class=\"kksr-stars-active\" style=\"width: 133.8px;\">             <div class=\"kksr-star\" style=\"padding-right: 5px\">               <div class=\"kksr-icon\" style=\"width: 24px; height: 24px;\"><\/div>         <\/div>             <div class=\"kksr-star\" style=\"padding-right: 5px\">               <div class=\"kksr-icon\" style=\"width: 24px; height: 24px;\"><\/div>         <\/div>             <div class=\"kksr-star\" style=\"padding-right: 5px\">               <div class=\"kksr-icon\" style=\"width: 24px; height: 24px;\"><\/div>         <\/div>             <div class=\"kksr-star\" style=\"padding-right: 5px\">               <div class=\"kksr-icon\" style=\"width: 24px; height: 24px;\"><\/div>         <\/div>             <div class=\"kksr-star\" style=\"padding-right: 5px\">               <div class=\"kksr-icon\" style=\"width: 24px; height: 24px;\"><\/div>         <\/div>     <\/div> <\/div>                   <div class=\"kksr-legend\" style=\"font-size: 19.2px;\">             4.7\/5 - (80 votos)    <\/div>     <\/div>  <p>La m\u00e1quina de fabricaci\u00f3n de bandejas de huevos de pulpa es un equipo eficiente y ecol\u00f3gico para producir productos de moldeo de pulpa como bandejas de huevos, cartones de huevos, bandejas de frutas, bandejas para tazas de caf\u00e9, etc. <\/p>    <p>Nuestra m\u00e1quina para fabricar bandejas de huevos de 1500 piezas\/h requiere solo de 1 a 3 personas para completar la operaci\u00f3n y el mantenimiento diario, siendo especialmente adecuada para peque\u00f1as empresas, talleres familiares y proyectos emprendedores.<\/p>    <p>La m\u00e1quina puede utilizar papel de desecho como libros, revistas, papel A4, bandejas de papel de desecho, cart\u00f3n, etc., como materias primas, y adoptar una relaci\u00f3n de 3:1 de agua a papel para mezclar y pulpar. <\/p>    <p>El equipo tiene una estructura compacta, es f\u00e1cil de cambiar moldes y es flexible para adaptarse a las necesidades de producci\u00f3n de diferentes productos de palets.<\/p>    <figure class=\"wp-block-embed aligncenter is-type-video is-provider-youtube wp-block-embed-youtube wp-embed-aspect-16-9 wp-has-aspect-ratio\"><div class=\"wp-block-embed__wrapper\"> <iframe loading=\"lazy\" title=\"M\u00e1quina formadora de bandejas de huevos a peque\u00f1a escala: \u00a1Escaparate de eficiencia de 1500 piezas\/h!\" width=\"500\" height=\"281\" src=\"https:\/\/www.youtube.com\/embed\/jJ8B8YF0I7s?feature=oembed\" frameborder=\"0\" allow=\"accelerometer; autoplay; clipboard-write; encrypted-media; gyroscope; picture-in-picture; web-share\" referrerpolicy=\"strict-origin-when-cross-origin\" allowfullscreen><\/iframe> <\/div><figcaption class=\"wp-element-caption\">V\u00eddeo de funcionamiento de una peque\u00f1a m\u00e1quina formadora de cartones de huevos.<\/figcaption><\/figure>    <p>T\u00edpicamente, la m\u00e1quina de fabricaci\u00f3n de bandejas de huevos de 1500pc\/h con una producci\u00f3n m\u00e1s peque\u00f1a opera de manera semiautom\u00e1tica. Nuestra l\u00ednea de producci\u00f3n de bandejas de huevos semiautom\u00e1tica generalmente consiste en m\u00e1quinas de pulpa y m\u00e1quinas de formaci\u00f3n, mientras que los procesos de secado y embalaje requieren manejo manual.<\/p>   <div class=\"wp-block-image\"> <figure class=\"aligncenter size-full\"><img loading=\"lazy\" decoding=\"async\" width=\"720\" height=\"540\" src=\"https:\/\/eggtraym.com\/wp-content\/uploads\/2022\/09\/egg-tray-making-machine-.webp\" alt=\"M\u00e1quina para fabricar bandejas de huevos 1500pc\/h\" class=\"wp-image-98\" title=\"m\u00e1quina para fabricar bandejas de huevos\" srcset=\"https:\/\/eggtraym.com\/wp-content\/uploads\/2022\/09\/egg-tray-making-machine-.webp 720w, https:\/\/eggtraym.com\/wp-content\/uploads\/2022\/09\/egg-tray-making-machine--300x225.webp 300w\" sizes=\"auto, (max-width: 720px) 100vw, 720px\" \/><figcaption class=\"wp-element-caption\">M\u00e1quina para fabricar bandejas de huevos 1500pc\/h<\/figcaption><\/figure> <\/div>   <h2 class=\"wp-block-heading\">Productos terminados de la m\u00e1quina de bandejas de papel.<\/h2>    <p>La caracter\u00edstica distintiva de la m\u00e1quina formadora de pulpa de papel es su versatilidad y variedad. Al intercambiar diferentes moldes, puede crear sin esfuerzo productos terminados en varias formas y tipos, ofreciendo a los usuarios una flexibilidad y opciones de producci\u00f3n significativas.<\/p>   <div class=\"wp-block-image\"> <figure class=\"aligncenter size-full\"><img loading=\"lazy\" decoding=\"async\" width=\"720\" height=\"540\" src=\"https:\/\/eggtraym.com\/wp-content\/uploads\/2022\/09\/various-paper-egg-tray-finished-products-display.webp\" alt=\"Exhibici\u00f3n de varios productos terminados de bandejas de huevos de papel\" class=\"wp-image-834\" title=\"\" srcset=\"https:\/\/eggtraym.com\/wp-content\/uploads\/2022\/09\/various-paper-egg-tray-finished-products-display.webp 720w, https:\/\/eggtraym.com\/wp-content\/uploads\/2022\/09\/various-paper-egg-tray-finished-products-display-300x225.webp 300w, https:\/\/eggtraym.com\/wp-content\/uploads\/2022\/09\/various-paper-egg-tray-finished-products-display-16x12.webp 16w\" sizes=\"auto, (max-width: 720px) 100vw, 720px\" \/><figcaption class=\"wp-element-caption\">Exhibici\u00f3n de varios productos terminados de bandejas de huevos de papel<\/figcaption><\/figure> <\/div>  <div class=\"wp-block-image\"> <figure class=\"aligncenter size-full\"><img loading=\"lazy\" decoding=\"async\" width=\"720\" height=\"540\" src=\"https:\/\/eggtraym.com\/wp-content\/uploads\/2022\/09\/finished-paper-trays-in-different-shapes.webp\" alt=\"bandejas de papel terminadas en diferentes formas\" class=\"wp-image-611\" title=\"\" srcset=\"https:\/\/eggtraym.com\/wp-content\/uploads\/2022\/09\/finished-paper-trays-in-different-shapes.webp 720w, https:\/\/eggtraym.com\/wp-content\/uploads\/2022\/09\/finished-paper-trays-in-different-shapes-300x225.webp 300w, https:\/\/eggtraym.com\/wp-content\/uploads\/2022\/09\/finished-paper-trays-in-different-shapes-16x12.webp 16w\" sizes=\"auto, (max-width: 720px) 100vw, 720px\" \/><figcaption class=\"wp-element-caption\">bandejas de papel terminadas en diferentes formas<\/figcaption><\/figure> <\/div>   <h2 class=\"wp-block-heading\" id=\"h-what-is-the-machine-composition-of-the-1500pc-h-semi-automatic-egg-tray-making-machine\">\u00bfQu\u00e9 m\u00e1quinas pueden trabajar con la m\u00e1quina de bandejas de huevo peque\u00f1a?<\/h2>    <p>La m\u00e1quina para fabricar bandejas de huevos de 1500 piezas por hora se puede utilizar junto con una despulpadora de bandejas de huevos, una secadora manual, una m\u00e1quina empacadora y m\u00e1s.<\/p>    <p class=\"translation-block\">Puede elegir la m\u00e1quina de secado, la prensa en caliente y la m\u00e1quina de embalaje para formar una l\u00ednea de producci\u00f3n completamente autom\u00e1tica. (M\u00e1s informaci\u00f3n: <a href=\"https:\/\/eggtraym.com\/es\/product\/egg-tray-manufacturing-plant\/\"><em>M\u00e1quinas para plantas de fabricaci\u00f3n de bandejas de huevos con moldeo de pulpa de papel<\/em><\/a>)<\/p>    <p class=\"translation-block\">Las m\u00e1quinas para bandejas de huevos de nuestra f\u00e1brica tienen una capacidad de 1000 a 6000 unidades\/hora. Las m\u00e1quinas para bandejas de huevos de gran capacidad suelen ser l\u00edneas de producci\u00f3n totalmente autom\u00e1ticas, que pueden mejorar en gran medida la eficiencia del trabajo. (Publicaci\u00f3n relacionada: <a href=\"https:\/\/eggtraym.com\/es\/product\/automatic-egg-tray-machine\/\"><em>M\u00e1quina autom\u00e1tica de bandejas de huevos de alta capacidad<\/em><\/a>)<\/p>    <figure class=\"wp-block-gallery has-nested-images columns-default is-cropped wp-block-gallery-2 is-layout-flex wp-block-gallery-is-layout-flex\"> <figure class=\"wp-block-image size-large\"><img loading=\"lazy\" decoding=\"async\" width=\"720\" height=\"540\" data-id=\"96\" src=\"https:\/\/eggtraym.com\/wp-content\/uploads\/2022\/09\/egg-tray-pulper-.webp\" alt=\"despulpadora de bandejas de huevos\" class=\"wp-image-96\" title=\"despulpadora de bandejas de huevos\" srcset=\"https:\/\/eggtraym.com\/wp-content\/uploads\/2022\/09\/egg-tray-pulper-.webp 720w, https:\/\/eggtraym.com\/wp-content\/uploads\/2022\/09\/egg-tray-pulper--300x225.webp 300w\" sizes=\"auto, (max-width: 720px) 100vw, 720px\" \/><figcaption class=\"wp-element-caption\">Pulper de bandeja de huevos<\/figcaption><\/figure>    <figure class=\"wp-block-image size-large\"><img loading=\"lazy\" decoding=\"async\" width=\"720\" height=\"540\" data-id=\"97\" src=\"https:\/\/eggtraym.com\/wp-content\/uploads\/2022\/09\/manual-drying-machine-.webp\" alt=\"secadora manual\" class=\"wp-image-97\" title=\"secadora manual\" srcset=\"https:\/\/eggtraym.com\/wp-content\/uploads\/2022\/09\/manual-drying-machine-.webp 720w, https:\/\/eggtraym.com\/wp-content\/uploads\/2022\/09\/manual-drying-machine--300x225.webp 300w\" sizes=\"auto, (max-width: 720px) 100vw, 720px\" \/><figcaption class=\"wp-element-caption\">Secadora manual<\/figcaption><\/figure> <\/figure>    <h2 class=\"wp-block-heading\" id=\"h-technical-parameters-of-the-small-egg-tray-making-machine\">Par\u00e1metros de la m\u00e1quina para fabricar bandejas de huevos de 1500 piezas\/h<\/h2>    <figure class=\"wp-block-table is-style-stripes\"><table><tbody><tr><td>Modelo<\/td><td>Producci\u00f3n<\/td><td>Consumo de papel<\/td><td>Consumo de agua<\/td><td>Energ\u00eda utilizada<\/td><td>numero de trabajador<\/td><\/tr><tr><td>SL-4*1<\/td><td>1500-2000PCS\/h<\/td><td>160kg\/hora<\/td><td>380kg\/h<\/td><td>45kw\/h<\/td><td>3-4<\/td><\/tr><\/tbody><\/table><figcaption class=\"wp-element-caption\">Par\u00e1metros de la m\u00e1quina de fabricaci\u00f3n de bandejas de huevos de 1500pc\/h<\/figcaption><\/figure>    <h2 class=\"wp-block-heading\">\u00bfC\u00f3mo funciona la m\u00e1quina moldeadora de bandejas de huevos?<\/h2>    <ul class=\"wp-block-list\"> <li>Pulpeo de materia prima: el papel reciclado y el agua se introducen en el pulper hidr\u00e1ulico en una proporci\u00f3n de 3:1 y se agitan para hacer pulpa uniforme.<\/li>    <li>Mezcla de pulpa: la pulpa pasa por un tamiz vibratorio y ajuste de concentraci\u00f3n, y entra en el sistema de moldeo para piezas de repuesto.<\/li>    <li>Moldeo por adsorci\u00f3n al vac\u00edo: la pulpa se adsorbe a la superficie del molde mediante una bomba de vac\u00edo para formar la forma deseada de la bandeja de huevo.<\/li>    <li>Retirar del molde: despu\u00e9s del moldeo, la bandeja de huevo se retira del molde por medios neum\u00e1ticos o manuales y se transfiere a la secci\u00f3n de secado.<\/li>    <li>Secado: la bandeja de huevo h\u00fameda se seca a trav\u00e9s del sistema de secado por aire caliente para asegurar su estructura s\u00f3lida y forma ordenada.<\/li>    <li>Recolecci\u00f3n del producto terminado: la bandeja de huevo seca se puede recolectar directamente, empaquetar e ingresar al proceso de venta o uso.<\/li> <\/ul>    <figure class=\"wp-block-embed aligncenter is-type-video is-provider-youtube wp-block-embed-youtube wp-embed-aspect-16-9 wp-has-aspect-ratio\"><div class=\"wp-block-embed__wrapper\"> <iframe loading=\"lazy\" title=\"\u00a1Video de prueba de la m\u00e1quina moldeadora de bandejas de huevos para un cliente de Zambia! M\u00e1quina multifunci\u00f3n para fabricar bandejas de huevos\" width=\"500\" height=\"281\" src=\"https:\/\/www.youtube.com\/embed\/7IYZRPQuuVY?feature=oembed\" frameborder=\"0\" allow=\"accelerometer; autoplay; clipboard-write; encrypted-media; gyroscope; picture-in-picture; web-share\" referrerpolicy=\"strict-origin-when-cross-origin\" allowfullscreen><\/iframe> <\/div><figcaption class=\"wp-element-caption\">V\u00eddeo de trabajo de la m\u00e1quina para fabricar bandejas de huevos de 1500 piezas\/h<\/figcaption><\/figure>    <h2 class=\"wp-block-heading\" id=\"h-features-of-1500pc-h-paper-pulp-egg-tray-making-machine\">Ventajas de la m\u00e1quina de bandejas de huevos de papel peque\u00f1as<\/h2>    <ul class=\"wp-block-list\"> <li>Bajo costo de inversi\u00f3n: en comparaci\u00f3n con la l\u00ednea de producci\u00f3n totalmente autom\u00e1tica, esta m\u00e1quina para hacer bandejas de huevos de 1500pc\/h no necesita secadora, prensa caliente ni m\u00e1quina de embalaje, el costo total es m\u00e1s bajo, adecuada para nuevas empresas.<\/li>    <li>Mejor eficiencia que el equipo manual: modo de trabajo semiautom\u00e1tico, la producci\u00f3n y eficiencia son mucho mayores que las de la m\u00e1quina manual de bandejas de huevos, ahorrando tiempo de trabajo.<\/li>    <li>Adecuado para inversores peque\u00f1os y medianos: la capacidad de 1500 piezas\/hora satisface la demanda media diaria, adecuado para el emprendimiento rural o la producci\u00f3n en casa.<\/li>    <li>Fuerte expandibilidad: la estructura del equipo est\u00e1 modularizada, lo que facilita la actualizaci\u00f3n a una l\u00ednea de producci\u00f3n totalmente autom\u00e1tica de manera flexible seg\u00fan el desarrollo del negocio en una etapa posterior.<\/li>    <li>Operaci\u00f3n simple y f\u00e1cil mantenimiento: solo se necesitan de 1 a 3 personas para completar la operaci\u00f3n y el mantenimiento diario, baja intensidad laboral y bajo costo de gesti\u00f3n.<\/li> <\/ul>   <div class=\"wp-block-image\"> <figure class=\"aligncenter size-full\"><img loading=\"lazy\" decoding=\"async\" width=\"720\" height=\"540\" src=\"https:\/\/eggtraym.com\/wp-content\/uploads\/2022\/09\/paper-pulp-egg-tray-.webp\" alt=\"bandeja de huevos de pulpa de papel\" class=\"wp-image-101\" title=\"bandeja de huevos de pulpa de papel\" srcset=\"https:\/\/eggtraym.com\/wp-content\/uploads\/2022\/09\/paper-pulp-egg-tray-.webp 720w, https:\/\/eggtraym.com\/wp-content\/uploads\/2022\/09\/paper-pulp-egg-tray--300x225.webp 300w\" sizes=\"auto, (max-width: 720px) 100vw, 720px\" \/><figcaption class=\"wp-element-caption\">bandeja de huevos de pulpa de papel<\/figcaption><\/figure> <\/div>   <h2 class=\"wp-block-heading\" id=\"h-how-to-choose-a-suitable-egg-tray-molding-machine\">\u00bfC\u00f3mo elegir una m\u00e1quina moldeadora de bandejas de huevos adecuada?<\/h2>    <p>Existen diferentes tipos de m\u00e1quinas para fabricar bandejas de huevos de 1500 pc\/h en el mercado. Los clientes pueden elegir la m\u00e1quina formadora de bandejas de huevos adecuada para ellos de acuerdo con los siguientes puntos:<\/p>   <div id=\"rank-math-faq\" class=\"rank-math-block\"> <div class=\"rank-math-list\"> <div id=\"faq-question-1718185350122\" class=\"rank-math-list-item\"> <h3 class=\"rank-math-question\">\u00bfCu\u00e1ntas bandejas de huevos necesitas producir por hora?<\/h3> <div class=\"rank-math-answer\">  <p>Los clientes pueden seleccionar la m\u00e1quina moldeadora de bandejas de huevos seg\u00fan sus requisitos de capacidad de producci\u00f3n. El resultado determinar\u00e1 qu\u00e9 modelo de m\u00e1quina de bandejas de huevos es adecuado y las dimensiones de las bandejas de huevos que el cliente pretende producir.<\/p>  <\/div> <\/div> <div id=\"faq-question-1718185353803\" class=\"rank-math-list-item\"> <h3 class=\"rank-math-question\">\u00bfCual es tu presupuesto?<\/h3> <div class=\"rank-math-answer\">  <p>Los clientes deben comprar la m\u00e1quina para fabricar bandejas de huevos seg\u00fan sus circunstancias espec\u00edficas. Adem\u00e1s del precio del dispositivo, es importante tener en cuenta otros factores como los costes laborales, los gastos de construcci\u00f3n, los costes de las materias primas y las tarifas de mantenimiento.<\/p>  <\/div> <\/div> <div id=\"faq-question-1718185362340\" class=\"rank-math-list-item\"> <h3 class=\"rank-math-question\">\u00bfD\u00f3nde comprar la m\u00e1quina para fabricar bandejas de huevos de papel?<\/h3> <div class=\"rank-math-answer\">  <p>Dados los costos de transporte, es posible que muchos clientes prefieran comprar la m\u00e1quina localmente. Sin embargo, nuestra m\u00e1quina para bandejas de huevos ha recibido comentarios positivos de numerosos clientes internacionales. Como fabricante, ofrecemos m\u00e1quinas para bandejas de huevos de alta calidad a precios competitivos, adem\u00e1s de un excelente servicio al cliente. Adem\u00e1s, tambi\u00e9n brindamos servicios de instalaci\u00f3n para la m\u00e1quina.<\/p>  <\/div> <\/div> <\/div> <\/div>   <figure class=\"wp-block-gallery has-nested-images columns-default is-cropped wp-block-gallery-3 is-layout-flex wp-block-gallery-is-layout-flex\"> <figure class=\"wp-block-image size-large\"><img loading=\"lazy\" decoding=\"async\" width=\"720\" height=\"540\" data-id=\"99\" src=\"https:\/\/eggtraym.com\/wp-content\/uploads\/2022\/09\/egg-tray-molding-machine-1-1.webp\" alt=\"M\u00e1quina para fabricar bandejas de huevos 1500pc\/h\" class=\"wp-image-99\" title=\"m\u00e1quina de moldeo de bandejas de huevos\" srcset=\"https:\/\/eggtraym.com\/wp-content\/uploads\/2022\/09\/egg-tray-molding-machine-1-1.webp 720w, https:\/\/eggtraym.com\/wp-content\/uploads\/2022\/09\/egg-tray-molding-machine-1-1-300x225.webp 300w\" sizes=\"auto, (max-width: 720px) 100vw, 720px\" \/><figcaption class=\"wp-element-caption\">Bandeja del huevo 1500Pc\/H que hace la m\u00e1quina<\/figcaption><\/figure>    <figure class=\"wp-block-image size-large\"><img loading=\"lazy\" decoding=\"async\" width=\"720\" height=\"540\" data-id=\"100\" src=\"https:\/\/eggtraym.com\/wp-content\/uploads\/2022\/09\/small-egg-tray-making-machine.webp\" alt=\"m\u00e1quina para fabricar bandejas de huevos peque\u00f1as\" class=\"wp-image-100\" title=\"m\u00e1quina para fabricar bandejas de huevos peque\u00f1as\" srcset=\"https:\/\/eggtraym.com\/wp-content\/uploads\/2022\/09\/small-egg-tray-making-machine.webp 720w, https:\/\/eggtraym.com\/wp-content\/uploads\/2022\/09\/small-egg-tray-making-machine-300x225.webp 300w\" sizes=\"auto, (max-width: 720px) 100vw, 720px\" \/><figcaption class=\"wp-element-caption\">M\u00e1quina para fabricar bandejas de huevos peque\u00f1as<\/figcaption><\/figure> <\/figure>    <h2 class=\"wp-block-heading\">Venden m\u00e1quina para fabricar cajas de huevos a Venezuela<\/h2>    <p class=\"translation-block\">El mes pasado, un cliente de <a href=\"https:\/\/es.wikipedia.org\/wiki\/Venezuela\" target=\"_blank\" rel=\"noopener\">Venezuela<\/a> nos compr\u00f3 una m\u00e1quina para fabricar bandejas de huevos. Ten\u00eda la intenci\u00f3n de utilizar la m\u00e1quina para sus propios fines, ya que pose\u00eda una granja de pollos y quer\u00eda producir sus propias bandejas de huevos para envasar sus huevos para la venta.<\/p>    <figure class=\"wp-block-gallery has-nested-images columns-default is-cropped wp-block-gallery-4 is-layout-flex wp-block-gallery-is-layout-flex\"> <figure class=\"wp-block-image size-large\"><img loading=\"lazy\" decoding=\"async\" width=\"720\" height=\"540\" data-id=\"612\" src=\"https:\/\/eggtraym.com\/wp-content\/uploads\/2022\/09\/paper-carton-forming-machine.webp\" alt=\"m\u00e1quina formadora de cajas de papel\" class=\"wp-image-612\" title=\"\" srcset=\"https:\/\/eggtraym.com\/wp-content\/uploads\/2022\/09\/paper-carton-forming-machine.webp 720w, https:\/\/eggtraym.com\/wp-content\/uploads\/2022\/09\/paper-carton-forming-machine-300x225.webp 300w, https:\/\/eggtraym.com\/wp-content\/uploads\/2022\/09\/paper-carton-forming-machine-16x12.webp 16w\" sizes=\"auto, (max-width: 720px) 100vw, 720px\" \/><figcaption class=\"wp-element-caption\">M\u00e1quina formadora de cajas de papel<\/figcaption><\/figure>    <figure class=\"wp-block-image size-large\"><img loading=\"lazy\" decoding=\"async\" width=\"720\" height=\"540\" data-id=\"613\" src=\"https:\/\/eggtraym.com\/wp-content\/uploads\/2022\/09\/small-egg-carton-making-machine.webp\" alt=\"peque\u00f1a m\u00e1quina para fabricar cartones de huevos\" class=\"wp-image-613\" title=\"\" srcset=\"https:\/\/eggtraym.com\/wp-content\/uploads\/2022\/09\/small-egg-carton-making-machine.webp 720w, https:\/\/eggtraym.com\/wp-content\/uploads\/2022\/09\/small-egg-carton-making-machine-300x225.webp 300w, https:\/\/eggtraym.com\/wp-content\/uploads\/2022\/09\/small-egg-carton-making-machine-16x12.webp 16w\" sizes=\"auto, (max-width: 720px) 100vw, 720px\" \/><figcaption class=\"wp-element-caption\">M\u00e1quina para fabricar cajas de huevos peque\u00f1as<\/figcaption><\/figure> <\/figure>    <p>Durante la compra de la m\u00e1quina para fabricar bandejas de huevos de 1500pc\/h, mantuvimos una comunicaci\u00f3n activa con el cliente, atendiendo todas sus inquietudes. \u00a1Brindar una buena comunicaci\u00f3n y servicio ayuda a garantizar que el cliente se sienta seguro en su decisi\u00f3n de comprar nuestra m\u00e1quina formadora de bandejas de huevos!<\/p>   <div class=\"wp-block-image\"> <figure class=\"aligncenter size-full\"><img loading=\"lazy\" decoding=\"async\" width=\"720\" height=\"540\" src=\"https:\/\/eggtraym.com\/wp-content\/uploads\/2023\/03\/Venezuela-customer-.webp\" alt=\"cliente venezolano\" class=\"wp-image-456\" title=\"cliente venezolano\" srcset=\"https:\/\/eggtraym.com\/wp-content\/uploads\/2023\/03\/Venezuela-customer-.webp 720w, https:\/\/eggtraym.com\/wp-content\/uploads\/2023\/03\/Venezuela-customer--300x225.webp 300w\" sizes=\"auto, (max-width: 720px) 100vw, 720px\" \/><figcaption class=\"wp-element-caption\">cliente venezolano<\/figcaption><\/figure> <\/div>   <h2 class=\"wp-block-heading\">Famoso fabricante de m\u00e1quinas para fabricar bandejas de papel.<\/h2>    <p>Shuliy Machinery ha estado en funcionamiento durante m\u00e1s de diez a\u00f1os y cuenta con tecnolog\u00eda avanzada y una amplia experiencia exportadora en la producci\u00f3n de m\u00e1quinas para fabricar bandejas de huevos. \u00a1Nuestro dedicado equipo profesional de investigaci\u00f3n y desarrollo, junto con nuestro personal de fabricaci\u00f3n y supervisi\u00f3n, est\u00e1 comprometido a entregar equipos de fabricaci\u00f3n de bandejas de huevos de alta calidad a nuestros clientes!<\/p>   <div class=\"wp-block-image\"> <figure class=\"aligncenter size-full\"><img loading=\"lazy\" decoding=\"async\" width=\"720\" height=\"540\" src=\"https:\/\/eggtraym.com\/wp-content\/uploads\/2023\/03\/Shuliy-egg-crate-making-machine-factory-.webp\" alt=\"F\u00e1brica de m\u00e1quinas para fabricar cajas de huevos Shuliy \" class=\"wp-image-454\" title=\"F\u00e1brica de m\u00e1quinas para fabricar cajas de huevos Shuliy \" srcset=\"https:\/\/eggtraym.com\/wp-content\/uploads\/2023\/03\/Shuliy-egg-crate-making-machine-factory-.webp 720w, https:\/\/eggtraym.com\/wp-content\/uploads\/2023\/03\/Shuliy-egg-crate-making-machine-factory--300x225.webp 300w\" sizes=\"auto, (max-width: 720px) 100vw, 720px\" \/><figcaption class=\"wp-element-caption\">F\u00e1brica de m\u00e1quinas para fabricar cajas de huevos Shuliy<\/figcaption><\/figure> <\/div>   <p>Hemos exportado con \u00e9xito a numerosos pa\u00edses, como Bolivia, Camer\u00fan, Ghana, Venezuela, Kenia, Mozambique, Arabia Saudita y m\u00e1s. Adem\u00e1s, contamos con nuestra f\u00e1brica para ofrecerle precios directos de f\u00e1brica. \u00a1Shuliy Machinery lo invita a comunicarse para realizar consultas en cualquier momento!<\/p>","protected":false},"excerpt":{"rendered":"<p>La m\u00e1quina de hacer bandejas de huevos de 1500 pc\/h es adecuada para inversores peque\u00f1os y medianos, que pueden reutilizar papel de desecho para producir productos de moldeo de pulpa como bandejas de huevos y bandejas de frutas.<\/p>","protected":false},"author":1,"featured_media":94,"parent":0,"template":"","tags":[43,41,42],"product-type":[3],"class_list":["post-65","product","type-product","status-publish","has-post-thumbnail","hentry","tag-egg-carton","tag-egg-tray","tag-paper-tray","product-type-egg-tray-making-machine"],"_links":{"self":[{"href":"https:\/\/eggtraym.com\/es\/wp-json\/wp\/v2\/product\/65","targetHints":{"allow":["GET"]}}],"collection":[{"href":"https:\/\/eggtraym.com\/es\/wp-json\/wp\/v2\/product"}],"about":[{"href":"https:\/\/eggtraym.com\/es\/wp-json\/wp\/v2\/types\/product"}],"author":[{"embeddable":true,"href":"https:\/\/eggtraym.com\/es\/wp-json\/wp\/v2\/users\/1"}],"wp:featuredmedia":[{"embeddable":true,"href":"https:\/\/eggtraym.com\/es\/wp-json\/wp\/v2\/media\/94"}],"wp:attachment":[{"href":"https:\/\/eggtraym.com\/es\/wp-json\/wp\/v2\/media?parent=65"}],"wp:term":[{"taxonomy":"post_tag","embeddable":true,"href":"https:\/\/eggtraym.com\/es\/wp-json\/wp\/v2\/tags?post=65"},{"taxonomy":"product-type","embeddable":true,"href":"https:\/\/eggtraym.com\/es\/wp-json\/wp\/v2\/product-type?post=65"}],"curies":[{"name":"wp","href":"https:\/\/api.w.org\/{rel}","templated":true}]}}