{"id":355,"date":"2022-12-08T17:11:52","date_gmt":"2022-12-08T09:11:52","guid":{"rendered":"https:\/\/eggtraym.com\/?post_type=product&#038;p=355"},"modified":"2024-06-14T15:20:25","modified_gmt":"2024-06-14T07:20:25","slug":"paper-pulp-coffee-cup-holder-making-machine","status":"publish","type":"product","link":"https:\/\/eggtraym.com\/es\/product\/paper-pulp-coffee-cup-holder-making-machine\/","title":{"rendered":"M\u00e1quina para fabricar portavasos de caf\u00e9 de pulpa de papel"},"content":{"rendered":"<div class=\"kk-star-ratings kksr-auto kksr-align-left kksr-valign-top\"     data-payload='{&quot;align&quot;:&quot;left&quot;,&quot;id&quot;:&quot;355&quot;,&quot;slug&quot;:&quot;default&quot;,&quot;valign&quot;:&quot;top&quot;,&quot;ignore&quot;:&quot;&quot;,&quot;reference&quot;:&quot;auto&quot;,&quot;class&quot;:&quot;&quot;,&quot;count&quot;:&quot;85&quot;,&quot;legendonly&quot;:&quot;&quot;,&quot;readonly&quot;:&quot;&quot;,&quot;score&quot;:&quot;4.8&quot;,&quot;starsonly&quot;:&quot;&quot;,&quot;best&quot;:&quot;5&quot;,&quot;gap&quot;:&quot;5&quot;,&quot;greet&quot;:&quot;Rate this product&quot;,&quot;legend&quot;:&quot;4.8\\\/5 - (85 votos)&quot;,&quot;size&quot;:&quot;24&quot;,&quot;title&quot;:&quot;Paper Pulp Coffee Cup Holder Making Machine&quot;,&quot;width&quot;:&quot;136.7&quot;,&quot;_legend&quot;:&quot;{score}\\\/{best} - ({count} {votes})&quot;,&quot;font_factor&quot;:&quot;1.25&quot;}'>              <div class=\"kksr-stars\">      <div class=\"kksr-stars-inactive\">             <div class=\"kksr-star\" data-star=\"1\" style=\"padding-right: 5px\">               <div class=\"kksr-icon\" style=\"width: 24px; height: 24px;\"><\/div>         <\/div>             <div class=\"kksr-star\" data-star=\"2\" style=\"padding-right: 5px\">               <div class=\"kksr-icon\" style=\"width: 24px; height: 24px;\"><\/div>         <\/div>             <div class=\"kksr-star\" data-star=\"3\" style=\"padding-right: 5px\">               <div class=\"kksr-icon\" style=\"width: 24px; height: 24px;\"><\/div>         <\/div>             <div class=\"kksr-star\" data-star=\"4\" style=\"padding-right: 5px\">               <div class=\"kksr-icon\" style=\"width: 24px; height: 24px;\"><\/div>         <\/div>             <div class=\"kksr-star\" data-star=\"5\" style=\"padding-right: 5px\">               <div class=\"kksr-icon\" style=\"width: 24px; height: 24px;\"><\/div>         <\/div>     <\/div>      <div class=\"kksr-stars-active\" style=\"width: 136.7px;\">             <div class=\"kksr-star\" style=\"padding-right: 5px\">               <div class=\"kksr-icon\" style=\"width: 24px; height: 24px;\"><\/div>         <\/div>             <div class=\"kksr-star\" style=\"padding-right: 5px\">               <div class=\"kksr-icon\" style=\"width: 24px; height: 24px;\"><\/div>         <\/div>             <div class=\"kksr-star\" style=\"padding-right: 5px\">               <div class=\"kksr-icon\" style=\"width: 24px; height: 24px;\"><\/div>         <\/div>             <div class=\"kksr-star\" style=\"padding-right: 5px\">               <div class=\"kksr-icon\" style=\"width: 24px; height: 24px;\"><\/div>         <\/div>             <div class=\"kksr-star\" style=\"padding-right: 5px\">               <div class=\"kksr-icon\" style=\"width: 24px; height: 24px;\"><\/div>         <\/div>     <\/div> <\/div>                   <div class=\"kksr-legend\" style=\"font-size: 19.2px;\">             4.8\/5 - (85 votos)    <\/div>     <\/div>  <p>La m\u00e1quina para fabricar portavasos es un dispositivo que puede fabricar una variedad de portavasos. Generalmente hay 2 y 4 portavasos de caf\u00e9. Los portavasos de caf\u00e9 son elementos habituales en nuestra vida diaria. Ayuda a que el caf\u00e9 se mantenga erguido sin inclinarse. Es un buen producto para envasar vasos.<\/p>    <figure class=\"wp-block-embed aligncenter is-type-video is-provider-youtube wp-block-embed-youtube wp-embed-aspect-16-9 wp-has-aspect-ratio\"><div class=\"wp-block-embed__wrapper\"> <iframe loading=\"lazy\" title=\"M\u00e1quina formadora de cajas de papel sin esfuerzo: \u00a1Precisi\u00f3n perfecta en la bandeja de papel!\" width=\"500\" height=\"281\" src=\"https:\/\/www.youtube.com\/embed\/qXrj-Foo3Xc?feature=oembed\" frameborder=\"0\" allow=\"accelerometer; autoplay; clipboard-write; encrypted-media; gyroscope; picture-in-picture; web-share\" referrerpolicy=\"strict-origin-when-cross-origin\" allowfullscreen><\/iframe> <\/div><figcaption class=\"wp-element-caption\">Video de trabajo de la m\u00e1quina de moldeo de cart\u00f3n de papel.<\/figcaption><\/figure>    <h2 class=\"wp-block-heading\">Introducci\u00f3n de la m\u00e1quina para fabricar portavasos de caf\u00e9 Shuliy<\/h2>    <p>La m\u00e1quina para fabricar portavasos de caf\u00e9 y la m\u00e1quina para fabricar bandejas para huevos producidas por Shuliy funcionan seg\u00fan el mismo principio. Todos ellos est\u00e1n hechos de productos de embalaje de papel d\u00e1ndoles forma a la pulpa. Nuestra m\u00e1quina para fabricar bandejas para tazas de caf\u00e9 es lo suficientemente potente como para fabricar portavasos en diferentes cantidades. <\/p>    <p>Las cantidades m\u00e1s comunes son 2 y 4. La m\u00e1quina para fabricar portavasos de caf\u00e9 utiliza papel usado para realizar el reciclaje de recursos. Por eso, utilizar la m\u00e1quina portavasos de caf\u00e9 es la elecci\u00f3n de cada vez m\u00e1s personas.<\/p>    <figure class=\"wp-block-gallery has-nested-images columns-default is-cropped wp-block-gallery-2 is-layout-flex wp-block-gallery-is-layout-flex\"> <figure class=\"wp-block-image size-large\"><img loading=\"lazy\" decoding=\"async\" width=\"720\" height=\"540\" data-id=\"358\" src=\"https:\/\/eggtraym.com\/wp-content\/uploads\/2022\/12\/coffee-cup-holder-making-machine-1-.webp\" alt=\"m\u00e1quina para fabricar portavasos de caf\u00e9\" class=\"wp-image-358\" title=\"m\u00e1quina para fabricar portavasos de caf\u00e9\" srcset=\"https:\/\/eggtraym.com\/wp-content\/uploads\/2022\/12\/coffee-cup-holder-making-machine-1-.webp 720w, https:\/\/eggtraym.com\/wp-content\/uploads\/2022\/12\/coffee-cup-holder-making-machine-1--300x225.webp 300w\" sizes=\"auto, (max-width: 720px) 100vw, 720px\" \/><figcaption class=\"wp-element-caption\">M\u00e1quina para fabricar portavasos de caf\u00e9<\/figcaption><\/figure>    <figure class=\"wp-block-image size-large\"><img loading=\"lazy\" decoding=\"async\" width=\"720\" height=\"540\" data-id=\"359\" src=\"https:\/\/eggtraym.com\/wp-content\/uploads\/2022\/12\/coffee-cup-tray-making-machine-.webp\" alt=\"m\u00e1quina para fabricar bandejas para tazas de caf\u00e9\" class=\"wp-image-359\" title=\"m\u00e1quina para fabricar bandejas para tazas de caf\u00e9\" srcset=\"https:\/\/eggtraym.com\/wp-content\/uploads\/2022\/12\/coffee-cup-tray-making-machine-.webp 720w, https:\/\/eggtraym.com\/wp-content\/uploads\/2022\/12\/coffee-cup-tray-making-machine--300x225.webp 300w\" sizes=\"auto, (max-width: 720px) 100vw, 720px\" \/><figcaption class=\"wp-element-caption\">M\u00e1quina para fabricar bandejas para tazas de caf\u00e9<\/figcaption><\/figure> <\/figure>    <h2 class=\"wp-block-heading\">Moldes para m\u00e1quina para fabricar bandejas para tazas de caf\u00e9.<\/h2>    <p>Nuestra m\u00e1quina para fabricar portavasos de caf\u00e9 es la misma m\u00e1quina que fabrica otras bandejas de papel. S\u00f3lo la parte del molde es diferente. Por lo tanto, los clientes pueden producir bandejas para huevos, bandejas para frutas, bandejas para cajas de huevos, bandejas para tazas de caf\u00e9, etc. cambiando diferentes moldes.<\/p>    <p class=\"translation-block\"><strong>Material del molde de bandeja de huevo:<\/strong> Nuestro molde de bandeja para vasos de caf\u00e9 es de aluminio, muy duradero y puede utilizarse durante muchos a\u00f1os.<\/p>    <figure class=\"wp-block-gallery has-nested-images columns-default is-cropped wp-block-gallery-3 is-layout-flex wp-block-gallery-is-layout-flex\"> <figure class=\"wp-block-image size-large\"><img loading=\"lazy\" decoding=\"async\" width=\"720\" height=\"540\" data-id=\"360\" src=\"https:\/\/eggtraym.com\/wp-content\/uploads\/2022\/12\/coffee-cup-pulp-tray-machine-.webp\" alt=\"m\u00e1quina de bandeja de pulpa de taza de caf\u00e9\" class=\"wp-image-360\" title=\"m\u00e1quina de bandeja de pulpa de taza de caf\u00e9\" srcset=\"https:\/\/eggtraym.com\/wp-content\/uploads\/2022\/12\/coffee-cup-pulp-tray-machine-.webp 720w, https:\/\/eggtraym.com\/wp-content\/uploads\/2022\/12\/coffee-cup-pulp-tray-machine--300x225.webp 300w\" sizes=\"auto, (max-width: 720px) 100vw, 720px\" \/><figcaption class=\"wp-element-caption\">M\u00e1quina de bandeja de pulpa de taza de caf\u00e9<\/figcaption><\/figure>    <figure class=\"wp-block-image size-large\"><img loading=\"lazy\" decoding=\"async\" width=\"720\" height=\"540\" data-id=\"361\" src=\"https:\/\/eggtraym.com\/wp-content\/uploads\/2022\/12\/models-of-cup-tray-molding-machine-.webp\" alt=\"Modelos de m\u00e1quina moldeadora de bandejas para tazas.\" class=\"wp-image-361\" title=\"Modelos de m\u00e1quina moldeadora de bandejas para tazas.\" srcset=\"https:\/\/eggtraym.com\/wp-content\/uploads\/2022\/12\/models-of-cup-tray-molding-machine-.webp 720w, https:\/\/eggtraym.com\/wp-content\/uploads\/2022\/12\/models-of-cup-tray-molding-machine--300x225.webp 300w\" sizes=\"auto, (max-width: 720px) 100vw, 720px\" \/><figcaption class=\"wp-element-caption\">Modelos de m\u00e1quina de moldeo de bandejas para tazas<\/figcaption><\/figure> <\/figure>    <h2 class=\"wp-block-heading\">\u00bfCu\u00e1les son los m\u00e9todos para secar las bandejas de caf\u00e9?<\/h2>    <ul class=\"wp-block-list\"> <li><strong>Secador met\u00e1lico para secado.<\/strong> Si est\u00e1 utilizando una m\u00e1quina para fabricar portavasos de caf\u00e9 de gran volumen, le recomendamos utilizar tambi\u00e9n un secador de metal grande. Con una alta eficiencia de trabajo, la m\u00e1quina puede manejar muchas bandejas de huevos, bandejas de caf\u00e9, etc. simult\u00e1neamente. Y la m\u00e1quina que ocupa el menor espacio.<\/li>    <li><strong>Secado en bandeja de caf\u00e9 de ladrillo.<\/strong> El cliente necesita construir un horno de ladrillos en su f\u00e1brica para secar productos terminados. Tama\u00f1o reducido, la fuente de calor puede ser LPC, GNL, di\u00e9sel, gas natural, etc.<\/li>    <li><strong>Secar al aire de forma natural.<\/strong> Supongamos que el cliente est\u00e1 utilizando una m\u00e1quina con bandeja para pulpa de tazas de caf\u00e9 con una producci\u00f3n peque\u00f1a. Tambi\u00e9n se puede secar de forma natural en el estante. Este m\u00e9todo de secado al aire ocupa un \u00e1rea relativamente grande.<\/li> <\/ul>   <div class=\"wp-block-image\"> <figure class=\"aligncenter size-full\"><img loading=\"lazy\" decoding=\"async\" width=\"720\" height=\"540\" src=\"https:\/\/eggtraym.com\/wp-content\/uploads\/2022\/12\/three-types-of-dryer-.webp\" alt=\"tres tipos de secadora\" class=\"wp-image-362\" title=\"tres tipos de secadora\" srcset=\"https:\/\/eggtraym.com\/wp-content\/uploads\/2022\/12\/three-types-of-dryer-.webp 720w, https:\/\/eggtraym.com\/wp-content\/uploads\/2022\/12\/three-types-of-dryer--300x225.webp 300w\" sizes=\"auto, (max-width: 720px) 100vw, 720px\" \/><figcaption class=\"wp-element-caption\">tres tipos de secadora<\/figcaption><\/figure> <\/div>   <h2 class=\"wp-block-heading\">Beneficios de utilizar porta caf\u00e9 de papel<\/h2>    <ul class=\"wp-block-list\"> <li>Puede reciclar recursos y proteger el medio ambiente. La materia prima del producto es pulpa de papel usado y la bandeja de caf\u00e9 usada se puede reutilizar.<\/li>    <li>Adem\u00e1s de envasar caf\u00e9, tambi\u00e9n puede envasar otros productos en taza, como t\u00e9 con leche, productos de t\u00e9, leche de soja, etc.<\/li>    <li>La bandeja de papel para caf\u00e9 es liviana y f\u00e1cil de transportar.<\/li> <\/ul>    <figure class=\"wp-block-gallery has-nested-images columns-default is-cropped wp-block-gallery-4 is-layout-flex wp-block-gallery-is-layout-flex\"> <figure class=\"wp-block-image size-large\"><img loading=\"lazy\" decoding=\"async\" width=\"720\" height=\"540\" data-id=\"363\" src=\"https:\/\/eggtraym.com\/wp-content\/uploads\/2022\/12\/raw-materials-of-the-egg-tray-making-machine-.webp\" alt=\"Materias primas de la m\u00e1quina para fabricar bandejas de huevos.\" class=\"wp-image-363\" title=\"Materias primas de la m\u00e1quina para fabricar bandejas de huevos.\" srcset=\"https:\/\/eggtraym.com\/wp-content\/uploads\/2022\/12\/raw-materials-of-the-egg-tray-making-machine-.webp 720w, https:\/\/eggtraym.com\/wp-content\/uploads\/2022\/12\/raw-materials-of-the-egg-tray-making-machine--300x225.webp 300w\" sizes=\"auto, (max-width: 720px) 100vw, 720px\" \/><figcaption class=\"wp-element-caption\">Materias primas de la m\u00e1quina para fabricar bandejas de huevos<\/figcaption><\/figure>    <figure class=\"wp-block-image size-large\"><img loading=\"lazy\" decoding=\"async\" width=\"720\" height=\"540\" data-id=\"364\" src=\"https:\/\/eggtraym.com\/wp-content\/uploads\/2022\/12\/various-cups-.webp\" alt=\"varias tazas \" class=\"wp-image-364\" title=\"varias tazas \" srcset=\"https:\/\/eggtraym.com\/wp-content\/uploads\/2022\/12\/various-cups-.webp 720w, https:\/\/eggtraym.com\/wp-content\/uploads\/2022\/12\/various-cups--300x225.webp 300w\" sizes=\"auto, (max-width: 720px) 100vw, 720px\" \/><figcaption class=\"wp-element-caption\">Varias tazas<\/figcaption><\/figure> <\/figure>    <h2 class=\"wp-block-heading\">Caracter\u00edsticas de la m\u00e1quina con bandeja para pulpa de tazas de caf\u00e9<\/h2>    <ul class=\"wp-block-list\"> <li>Las materias primas y los productos terminados de la m\u00e1quina para fabricar portavasos de caf\u00e9 se pueden reciclar. Y est\u00e1 en l\u00ednea con la tendencia y el concepto actual de protecci\u00f3n del medio ambiente.<\/li>    <li>Nuestra m\u00e1quina para fabricar portavasos de caf\u00e9 est\u00e1 fabricada \u00fanicamente con materiales mec\u00e1nicos de alta calidad, con un funcionamiento estable, menos tiempos de mantenimiento y una larga vida \u00fatil.<\/li>    <li>Gran producci\u00f3n <a href=\"https:\/\/en.wikipedia.org\/wiki\/Coffee\" target=\"_blank\" rel=\"noopener\">caf\u00e9<\/a> Las l\u00edneas de producci\u00f3n de vasos se pueden utilizar con secadores de metal. De esta forma, la eficiencia de producci\u00f3n ser\u00e1 mayor.<\/li>    <li>Con potentes funciones, una m\u00e1quina puede fabricar varios productos de bandejas de papel.<\/li> <\/ul>    <figure class=\"wp-block-gallery has-nested-images columns-default is-cropped wp-block-gallery-5 is-layout-flex wp-block-gallery-is-layout-flex\"> <figure class=\"wp-block-image size-large\"><img loading=\"lazy\" decoding=\"async\" width=\"720\" height=\"540\" data-id=\"365\" src=\"https:\/\/eggtraym.com\/wp-content\/uploads\/2022\/12\/coffee-cup-tray-machine-.webp\" alt=\"m\u00e1quina de bandeja de taza de caf\u00e9\" class=\"wp-image-365\" title=\"m\u00e1quina de bandeja de taza de caf\u00e9\" srcset=\"https:\/\/eggtraym.com\/wp-content\/uploads\/2022\/12\/coffee-cup-tray-machine-.webp 720w, https:\/\/eggtraym.com\/wp-content\/uploads\/2022\/12\/coffee-cup-tray-machine--300x225.webp 300w\" sizes=\"auto, (max-width: 720px) 100vw, 720px\" \/><figcaption class=\"wp-element-caption\">M\u00e1quina de bandejas para tazas de caf\u00e9<\/figcaption><\/figure>    <figure class=\"wp-block-image size-large\"><img loading=\"lazy\" decoding=\"async\" width=\"720\" height=\"540\" data-id=\"369\" src=\"https:\/\/eggtraym.com\/wp-content\/uploads\/2022\/12\/our-factory-.webp\" alt=\"nuestra f\u00e1brica \" class=\"wp-image-369\" title=\"nuestra f\u00e1brica \" srcset=\"https:\/\/eggtraym.com\/wp-content\/uploads\/2022\/12\/our-factory-.webp 720w, https:\/\/eggtraym.com\/wp-content\/uploads\/2022\/12\/our-factory--300x225.webp 300w\" sizes=\"auto, (max-width: 720px) 100vw, 720px\" \/><figcaption class=\"wp-element-caption\">Nuestra f\u00e1brica<\/figcaption><\/figure> <\/figure>    <h2 class=\"wp-block-heading\">\u00bfPor qu\u00e9 elegir la m\u00e1quina para fabricar portavasos de Shuliy?<\/h2>    <ul class=\"wp-block-list\"> <li>Como fabricante profesional, hemos producido <a href=\"https:\/\/eggtraym.com\/es\/product\/automatic-egg-tray-machine\/\">m\u00e1quinas para fabricar bandejas de huevos<\/a> Durante muchos a\u00f1os y hemos estado trabajando duro en el camino de la fabricaci\u00f3n de m\u00e1quinas de bandejas de caf\u00e9. Llevar mejores m\u00e1quinas de bandejas de caf\u00e9 a los clientes.<\/li>    <li>Contamos con muchos equipos de soporte relacionados, por ejemplo, despulpadora, secadora, prensa t\u00e9rmica, empacadora, etc. Puede ayudar a los clientes a personalizar el plan de producci\u00f3n adecuado.<\/li>    <li>Rica experiencia exportadora. Hemos iniciado un negocio de exportaci\u00f3n desde el establecimiento de la f\u00e1brica y podemos ayudar a los clientes a resolver diversos problemas encontrados en el proceso de compra.<\/li>    <li>Un a\u00f1o de servicio postventa. Los clientes pueden comprar nuestros equipos con confianza.<\/li> <\/ul>    <figure class=\"wp-block-gallery has-nested-images columns-default is-cropped wp-block-gallery-6 is-layout-flex wp-block-gallery-is-layout-flex\"> <figure class=\"wp-block-image size-large\"><img loading=\"lazy\" decoding=\"async\" width=\"720\" height=\"540\" data-id=\"367\" src=\"https:\/\/eggtraym.com\/wp-content\/uploads\/2022\/12\/related-supporting-equipment-.webp\" alt=\"equipo de soporte relacionado\" class=\"wp-image-367\" title=\"equipo de soporte relacionado\" srcset=\"https:\/\/eggtraym.com\/wp-content\/uploads\/2022\/12\/related-supporting-equipment-.webp 720w, https:\/\/eggtraym.com\/wp-content\/uploads\/2022\/12\/related-supporting-equipment--300x225.webp 300w\" sizes=\"auto, (max-width: 720px) 100vw, 720px\" \/><figcaption class=\"wp-element-caption\">Equipo de soporte relacionado<\/figcaption><\/figure>    <figure class=\"wp-block-image size-large\"><img loading=\"lazy\" decoding=\"async\" width=\"720\" height=\"540\" data-id=\"368\" src=\"https:\/\/eggtraym.com\/wp-content\/uploads\/2022\/12\/after-service-of-egg-tray-making-machine-.webp\" alt=\"Servicio posventa de la m\u00e1quina para fabricar bandejas de huevos.\" class=\"wp-image-368\" title=\"Servicio posventa de la m\u00e1quina para fabricar bandejas de huevos.\" srcset=\"https:\/\/eggtraym.com\/wp-content\/uploads\/2022\/12\/after-service-of-egg-tray-making-machine-.webp 720w, https:\/\/eggtraym.com\/wp-content\/uploads\/2022\/12\/after-service-of-egg-tray-making-machine--300x225.webp 300w\" sizes=\"auto, (max-width: 720px) 100vw, 720px\" \/><figcaption class=\"wp-element-caption\">Servicio posventa de la m\u00e1quina para fabricar bandejas de huevos<\/figcaption><\/figure> <\/figure>    <p>Nuestra f\u00e1brica puede producir m\u00e1quinas moldeadoras de bandejas de papel de diferentes capacidades y aceptar m\u00e1quinas personalizadas. \u00a1Si\u00e9ntete libre de contactarnos!<\/p>","protected":false},"excerpt":{"rendered":"<p>La m\u00e1quina para fabricar portavasos es un dispositivo de reciclaje de papel que puede fabricar una variedad de bandejas para tazas. Generalmente hay 2 y 4 portavasos de caf\u00e9. <\/p>","protected":false},"author":1,"featured_media":356,"parent":0,"template":"","tags":[41,48,42],"product-type":[3],"class_list":["post-355","product","type-product","status-publish","has-post-thumbnail","hentry","tag-egg-tray","tag-paper-carton","tag-paper-tray","product-type-egg-tray-making-machine"],"_links":{"self":[{"href":"https:\/\/eggtraym.com\/es\/wp-json\/wp\/v2\/product\/355","targetHints":{"allow":["GET"]}}],"collection":[{"href":"https:\/\/eggtraym.com\/es\/wp-json\/wp\/v2\/product"}],"about":[{"href":"https:\/\/eggtraym.com\/es\/wp-json\/wp\/v2\/types\/product"}],"author":[{"embeddable":true,"href":"https:\/\/eggtraym.com\/es\/wp-json\/wp\/v2\/users\/1"}],"wp:featuredmedia":[{"embeddable":true,"href":"https:\/\/eggtraym.com\/es\/wp-json\/wp\/v2\/media\/356"}],"wp:attachment":[{"href":"https:\/\/eggtraym.com\/es\/wp-json\/wp\/v2\/media?parent=355"}],"wp:term":[{"taxonomy":"post_tag","embeddable":true,"href":"https:\/\/eggtraym.com\/es\/wp-json\/wp\/v2\/tags?post=355"},{"taxonomy":"product-type","embeddable":true,"href":"https:\/\/eggtraym.com\/es\/wp-json\/wp\/v2\/product-type?post=355"}],"curies":[{"name":"wp","href":"https:\/\/api.w.org\/{rel}","templated":true}]}}