{"id":319,"date":"2022-11-22T16:19:46","date_gmt":"2022-11-22T08:19:46","guid":{"rendered":"https:\/\/eggtraym.com\/?post_type=product&#038;p=319"},"modified":"2024-06-20T15:25:40","modified_gmt":"2024-06-20T07:25:40","slug":"egg-box-machine","status":"publish","type":"product","link":"https:\/\/eggtraym.com\/es\/product\/egg-box-machine\/","title":{"rendered":"Equipo de moldeo de cart\u00f3n de papel de m\u00e1quina de caja de huevos"},"content":{"rendered":"<div class=\"kk-star-ratings kksr-auto kksr-align-left kksr-valign-top\"     data-payload='{&quot;align&quot;:&quot;left&quot;,&quot;id&quot;:&quot;319&quot;,&quot;slug&quot;:&quot;default&quot;,&quot;valign&quot;:&quot;top&quot;,&quot;ignore&quot;:&quot;&quot;,&quot;reference&quot;:&quot;auto&quot;,&quot;class&quot;:&quot;&quot;,&quot;count&quot;:&quot;96&quot;,&quot;legendonly&quot;:&quot;&quot;,&quot;readonly&quot;:&quot;&quot;,&quot;score&quot;:&quot;4.9&quot;,&quot;starsonly&quot;:&quot;&quot;,&quot;best&quot;:&quot;5&quot;,&quot;gap&quot;:&quot;5&quot;,&quot;greet&quot;:&quot;Rate this product&quot;,&quot;legend&quot;:&quot;4.9\\\/5 - (96 votos)&quot;,&quot;size&quot;:&quot;24&quot;,&quot;title&quot;:&quot;Egg Box Machine Paper Carton Molding Equipment&quot;,&quot;width&quot;:&quot;139.6&quot;,&quot;_legend&quot;:&quot;{score}\\\/{best} - ({count} {votes})&quot;,&quot;font_factor&quot;:&quot;1.25&quot;}'>              <div class=\"kksr-stars\">      <div class=\"kksr-stars-inactive\">             <div class=\"kksr-star\" data-star=\"1\" style=\"padding-right: 5px\">               <div class=\"kksr-icon\" style=\"width: 24px; height: 24px;\"><\/div>         <\/div>             <div class=\"kksr-star\" data-star=\"2\" style=\"padding-right: 5px\">               <div class=\"kksr-icon\" style=\"width: 24px; height: 24px;\"><\/div>         <\/div>             <div class=\"kksr-star\" data-star=\"3\" style=\"padding-right: 5px\">               <div class=\"kksr-icon\" style=\"width: 24px; height: 24px;\"><\/div>         <\/div>             <div class=\"kksr-star\" data-star=\"4\" style=\"padding-right: 5px\">               <div class=\"kksr-icon\" style=\"width: 24px; height: 24px;\"><\/div>         <\/div>             <div class=\"kksr-star\" data-star=\"5\" style=\"padding-right: 5px\">               <div class=\"kksr-icon\" style=\"width: 24px; height: 24px;\"><\/div>         <\/div>     <\/div>      <div class=\"kksr-stars-active\" style=\"width: 139.6px;\">             <div class=\"kksr-star\" style=\"padding-right: 5px\">               <div class=\"kksr-icon\" style=\"width: 24px; height: 24px;\"><\/div>         <\/div>             <div class=\"kksr-star\" style=\"padding-right: 5px\">               <div class=\"kksr-icon\" style=\"width: 24px; height: 24px;\"><\/div>         <\/div>             <div class=\"kksr-star\" style=\"padding-right: 5px\">               <div class=\"kksr-icon\" style=\"width: 24px; height: 24px;\"><\/div>         <\/div>             <div class=\"kksr-star\" style=\"padding-right: 5px\">               <div class=\"kksr-icon\" style=\"width: 24px; height: 24px;\"><\/div>         <\/div>             <div class=\"kksr-star\" style=\"padding-right: 5px\">               <div class=\"kksr-icon\" style=\"width: 24px; height: 24px;\"><\/div>         <\/div>     <\/div> <\/div>                   <div class=\"kksr-legend\" style=\"font-size: 19.2px;\">             4,9\/5 - (96 votos)    <\/div>     <\/div>  <p>La m\u00e1quina para fabricar cajas de huevos es una m\u00e1quina que procesa pulpa de papel usado en formas como bandejas para huevos. A trav\u00e9s de procesos de formaci\u00f3n de moldes y secado, logra la reutilizaci\u00f3n del papel usado y se usa ampliamente en la industria del embalaje. Hay muchos modelos de m\u00e1quinas para fabricar cartones de huevos que fabricamos, que pueden satisfacer las diferentes necesidades de producci\u00f3n de los clientes. Bienvenido a contactarnos para personalizar la m\u00e1quina.<\/p>    <figure class=\"wp-block-embed aligncenter is-type-video is-provider-youtube wp-block-embed-youtube wp-embed-aspect-16-9 wp-has-aspect-ratio\"><div class=\"wp-block-embed__wrapper\"> <iframe loading=\"lazy\" title=\"Producci\u00f3n de cart\u00f3n de huevos sin esfuerzo: \u00a1Sea testigo de la magia de nuestra m\u00e1quina para fabricar bandejas de huevos!#eggtray #eggcarton\" width=\"500\" height=\"281\" src=\"https:\/\/www.youtube.com\/embed\/y_AmLniIsO4?feature=oembed\" frameborder=\"0\" allow=\"accelerometer; autoplay; clipboard-write; encrypted-media; gyroscope; picture-in-picture; web-share\" referrerpolicy=\"strict-origin-when-cross-origin\" allowfullscreen><\/iframe> <\/div><figcaption class=\"wp-element-caption\">Video de trabajo de la m\u00e1quina de cajas de huevos de papel.<\/figcaption><\/figure>    <h2 class=\"wp-block-heading\">Breve introducci\u00f3n de la m\u00e1quina para fabricar cajas de huevos.<\/h2>    <p>Nuestra m\u00e1quina para fabricar cajas de huevos puede fabricar cartones de huevos de diferentes especificaciones. Y se diferencian en la cantidad de huevos que contienen. Por ejemplo, hay empaques de 4, empaques de 6, empaques de 8, empaques de 12, empaques de 24, etc. Tambi\u00e9n podemos personalizar cajas de huevos con formas especiales de acuerdo con las necesidades espec\u00edficas de los clientes. <\/p>    <p>Dado que la producci\u00f3n de m\u00e1quinas de gran escala tambi\u00e9n es grande, recomendamos a los clientes formar una l\u00ednea de producci\u00f3n de bandejas de huevos con otras m\u00e1quinas. Esto puede mejorar enormemente la eficiencia. La m\u00e1quina para fabricar cajas de huevos con una producci\u00f3n peque\u00f1a se puede utilizar como una m\u00e1quina independiente.<\/p>    <figure class=\"wp-block-gallery has-nested-images columns-default is-cropped wp-block-gallery-2 is-layout-flex wp-block-gallery-is-layout-flex\"> <figure class=\"wp-block-image size-large\"><img loading=\"lazy\" decoding=\"async\" width=\"720\" height=\"540\" data-id=\"328\" src=\"https:\/\/eggtraym.com\/wp-content\/uploads\/2022\/11\/egg-box-machine-2.webp\" alt=\"maquina para hacer cajas de huevos \" class=\"wp-image-328\" title=\"maquina para hacer cajas de huevos \" srcset=\"https:\/\/eggtraym.com\/wp-content\/uploads\/2022\/11\/egg-box-machine-2.webp 720w, https:\/\/eggtraym.com\/wp-content\/uploads\/2022\/11\/egg-box-machine-2-300x225.webp 300w\" sizes=\"auto, (max-width: 720px) 100vw, 720px\" \/><figcaption class=\"wp-element-caption\">M\u00e1quina de cajas de huevos <\/figcaption><\/figure>    <figure class=\"wp-block-image size-large\"><img loading=\"lazy\" decoding=\"async\" width=\"720\" height=\"540\" data-id=\"330\" src=\"https:\/\/eggtraym.com\/wp-content\/uploads\/2022\/11\/egg-carton-maker-1-1.webp\" alt=\"fabricante de cartones de huevos\" class=\"wp-image-330\" title=\"fabricante de cartones de huevos\" srcset=\"https:\/\/eggtraym.com\/wp-content\/uploads\/2022\/11\/egg-carton-maker-1-1.webp 720w, https:\/\/eggtraym.com\/wp-content\/uploads\/2022\/11\/egg-carton-maker-1-1-300x225.webp 300w\" sizes=\"auto, (max-width: 720px) 100vw, 720px\" \/><figcaption class=\"wp-element-caption\">Fabricante de cart\u00f3n de huevos<\/figcaption><\/figure> <\/figure>    <h2 class=\"wp-block-heading\">Materias primas para fabricar cajas de huevos.<\/h2>    <p>La materia prima de las cajas de huevos son diversos papeles de desecho, como peri\u00f3dicos, libros, revistas, papel de oficina, papel kraft, papel A4, cart\u00f3n, etc.<\/p>   <div class=\"wp-block-image\"> <figure class=\"aligncenter size-full\"><img loading=\"lazy\" decoding=\"async\" width=\"720\" height=\"540\" src=\"https:\/\/eggtraym.com\/wp-content\/uploads\/2022\/11\/waste-paper-for-egg-box.webp\" alt=\"papel usado para caja de huevos\" class=\"wp-image-634\" title=\"\" srcset=\"https:\/\/eggtraym.com\/wp-content\/uploads\/2022\/11\/waste-paper-for-egg-box.webp 720w, https:\/\/eggtraym.com\/wp-content\/uploads\/2022\/11\/waste-paper-for-egg-box-300x225.webp 300w, https:\/\/eggtraym.com\/wp-content\/uploads\/2022\/11\/waste-paper-for-egg-box-16x12.webp 16w\" sizes=\"auto, (max-width: 720px) 100vw, 720px\" \/><figcaption class=\"wp-element-caption\">papel usado para caja de huevos<\/figcaption><\/figure> <\/div>  <div class=\"wp-block-image\"> <figure class=\"aligncenter size-full\"><img loading=\"lazy\" decoding=\"async\" width=\"720\" height=\"540\" src=\"https:\/\/eggtraym.com\/wp-content\/uploads\/2022\/11\/Raw-materials-.webp\" alt=\"Materias primas \" class=\"wp-image-331\" title=\"Materias primas \" srcset=\"https:\/\/eggtraym.com\/wp-content\/uploads\/2022\/11\/Raw-materials-.webp 720w, https:\/\/eggtraym.com\/wp-content\/uploads\/2022\/11\/Raw-materials--300x225.webp 300w\" sizes=\"auto, (max-width: 720px) 100vw, 720px\" \/><figcaption class=\"wp-element-caption\">Materias primas <\/figcaption><\/figure> <\/div>   <h2 class=\"wp-block-heading\">Uso de cajas de huevos.<\/h2>    <p>Como sugiere el nombre, las cajas de huevos se utilizan para guardar huevos. El uso de cajas de huevos para empacar huevos puede protegerlos al m\u00e1ximo y reducir los golpes. Al mismo tiempo, los huevos envasados \u200b\u200bfavorecen m\u00e1s el conteo de las personas. Adem\u00e1s, tambi\u00e9n favorece el apilamiento de huevos, lo que puede reducir el \u00e1rea del suelo para almacenar huevos.<\/p>   <div class=\"wp-block-image\"> <figure class=\"aligncenter size-full\"><img loading=\"lazy\" decoding=\"async\" width=\"720\" height=\"540\" src=\"https:\/\/eggtraym.com\/wp-content\/uploads\/2022\/11\/egg-carton-production.webp\" alt=\"producci\u00f3n de cart\u00f3n de huevos\" class=\"wp-image-652\" title=\"\" srcset=\"https:\/\/eggtraym.com\/wp-content\/uploads\/2022\/11\/egg-carton-production.webp 720w, https:\/\/eggtraym.com\/wp-content\/uploads\/2022\/11\/egg-carton-production-300x225.webp 300w, https:\/\/eggtraym.com\/wp-content\/uploads\/2022\/11\/egg-carton-production-16x12.webp 16w\" sizes=\"auto, (max-width: 720px) 100vw, 720px\" \/><figcaption class=\"wp-element-caption\">producci\u00f3n de cart\u00f3n de huevos<\/figcaption><\/figure> <\/div>   <h2 class=\"wp-block-heading\">Dise\u00f1o de bandeja de huevos de papel.<\/h2>    <p>Nuestra m\u00e1quina de cart\u00f3n de huevos puede fabricar cartones de huevos que se utilizan con frecuencia en el mercado. Al mismo tiempo, tambi\u00e9n podemos fabricar cajas de huevos con dise\u00f1os exclusivos. Los clientes deben proporcionarnos informaci\u00f3n detallada sobre las cajas de huevos que necesitan. Y personalizaremos los moldes para cajas de huevos seg\u00fan la informaci\u00f3n.<\/p>   <div class=\"wp-block-image\"> <figure class=\"aligncenter size-full\"><img loading=\"lazy\" decoding=\"async\" width=\"720\" height=\"540\" src=\"https:\/\/eggtraym.com\/wp-content\/uploads\/2022\/11\/Egg-box-design-.webp\" alt=\"Dise\u00f1o de caja de huevos\" class=\"wp-image-332\" title=\"Dise\u00f1o de caja de huevos\" srcset=\"https:\/\/eggtraym.com\/wp-content\/uploads\/2022\/11\/Egg-box-design-.webp 720w, https:\/\/eggtraym.com\/wp-content\/uploads\/2022\/11\/Egg-box-design--300x225.webp 300w\" sizes=\"auto, (max-width: 720px) 100vw, 720px\" \/><figcaption class=\"wp-element-caption\">Dise\u00f1o de caja de huevos<\/figcaption><\/figure> <\/div>  <div class=\"wp-block-image\"> <figure class=\"aligncenter size-full\"><img loading=\"lazy\" decoding=\"async\" width=\"720\" height=\"540\" src=\"https:\/\/eggtraym.com\/wp-content\/uploads\/2022\/11\/paper-carton-production.webp\" alt=\"producci\u00f3n de cart\u00f3n de papel\" class=\"wp-image-650\" title=\"\" srcset=\"https:\/\/eggtraym.com\/wp-content\/uploads\/2022\/11\/paper-carton-production.webp 720w, https:\/\/eggtraym.com\/wp-content\/uploads\/2022\/11\/paper-carton-production-300x225.webp 300w, https:\/\/eggtraym.com\/wp-content\/uploads\/2022\/11\/paper-carton-production-16x12.webp 16w\" sizes=\"auto, (max-width: 720px) 100vw, 720px\" \/><figcaption class=\"wp-element-caption\">producci\u00f3n de cart\u00f3n de papel<\/figcaption><\/figure> <\/div>   <h2 class=\"wp-block-heading\">Composici\u00f3n de la l\u00ednea de producci\u00f3n de cart\u00f3n de huevos.<\/h2>    <p>En general, las m\u00e1quinas para fabricar cajas de huevos de alto rendimiento estar\u00e1n equipadas con otras m\u00e1quinas para formar una l\u00ednea de producci\u00f3n. Las m\u00e1quinas equipadas incluyen una despulpadora, una m\u00e1quina para fabricar cajas de huevos, una secadora, una prensa t\u00e9rmica, una m\u00e1quina empacadora, etc. La l\u00ednea de producci\u00f3n de m\u00e1quinas para fabricar cajas de huevos puede fabricar cajas de huevos de manera eficiente. Y el producto final es m\u00e1s compacto y hermoso.<\/p>    <figure class=\"wp-block-gallery has-nested-images columns-2 is-cropped wp-block-gallery-3 is-layout-flex wp-block-gallery-is-layout-flex\"> <figure class=\"wp-block-image size-large\"><img loading=\"lazy\" decoding=\"async\" width=\"720\" height=\"540\" data-id=\"326\" src=\"https:\/\/eggtraym.com\/wp-content\/uploads\/2022\/11\/paper-shredder-.webp\" alt=\"m\u00e1quina de pulpa de papel \" class=\"wp-image-326\" title=\"m\u00e1quina de pulpa de papel \" srcset=\"https:\/\/eggtraym.com\/wp-content\/uploads\/2022\/11\/paper-shredder-.webp 720w, https:\/\/eggtraym.com\/wp-content\/uploads\/2022\/11\/paper-shredder--300x225.webp 300w\" sizes=\"auto, (max-width: 720px) 100vw, 720px\" \/><figcaption class=\"wp-element-caption\">M\u00e1quina de pulpa de papel <\/figcaption><\/figure>    <figure class=\"wp-block-image size-large\"><img loading=\"lazy\" decoding=\"async\" width=\"720\" height=\"540\" data-id=\"333\" src=\"https:\/\/eggtraym.com\/wp-content\/uploads\/2022\/11\/egg-tray-molding-machine-.webp\" alt=\"m\u00e1quina de moldeo de bandejas de huevos \" class=\"wp-image-333\" title=\"m\u00e1quina de moldeo de bandejas de huevos \" srcset=\"https:\/\/eggtraym.com\/wp-content\/uploads\/2022\/11\/egg-tray-molding-machine-.webp 720w, https:\/\/eggtraym.com\/wp-content\/uploads\/2022\/11\/egg-tray-molding-machine--300x225.webp 300w\" sizes=\"auto, (max-width: 720px) 100vw, 720px\" \/><figcaption class=\"wp-element-caption\">M\u00e1quina de moldeo de bandejas de huevos<\/figcaption><\/figure>    <figure class=\"wp-block-image size-large\"><img loading=\"lazy\" decoding=\"async\" width=\"720\" height=\"540\" data-id=\"335\" src=\"https:\/\/eggtraym.com\/wp-content\/uploads\/2022\/11\/metal-egg-tray-dryer-.webp\" alt=\"secador de caja de huevos de metal\" class=\"wp-image-335\" title=\"secador de caja de huevos de metal\" srcset=\"https:\/\/eggtraym.com\/wp-content\/uploads\/2022\/11\/metal-egg-tray-dryer-.webp 720w, https:\/\/eggtraym.com\/wp-content\/uploads\/2022\/11\/metal-egg-tray-dryer--300x225.webp 300w\" sizes=\"auto, (max-width: 720px) 100vw, 720px\" \/><figcaption class=\"wp-element-caption\">Secadora de cajas de huevos de metal<\/figcaption><\/figure>    <figure class=\"wp-block-image size-large\"><img loading=\"lazy\" decoding=\"async\" width=\"720\" height=\"540\" data-id=\"336\" src=\"https:\/\/eggtraym.com\/wp-content\/uploads\/2022\/11\/hot-press-machine-.webp\" alt=\"m\u00e1quina de prensa caliente\" class=\"wp-image-336\" title=\"m\u00e1quina de prensa caliente\" srcset=\"https:\/\/eggtraym.com\/wp-content\/uploads\/2022\/11\/hot-press-machine-.webp 720w, https:\/\/eggtraym.com\/wp-content\/uploads\/2022\/11\/hot-press-machine--300x225.webp 300w\" sizes=\"auto, (max-width: 720px) 100vw, 720px\" \/><figcaption class=\"wp-element-caption\">M\u00e1quina de prensado en caliente<\/figcaption><\/figure> <\/figure>    <h2 class=\"wp-block-heading\">\u00bfQu\u00e9 factores debe considerar al elegir una m\u00e1quina moldeadora de cajas de huevos?<\/h2>    <ol class=\"wp-block-list\"> <li>\u00bfCu\u00e1ntas cajas necesitas cada d\u00eda?<\/li>    <li>\u00bfCu\u00e1nta superficie de terreno planea utilizar para construir la f\u00e1brica?<\/li>    <li>\u00bfCu\u00e1l es el voltaje local?<\/li>    <li>Disponemos de tres equipos de secado diferentes, \u00bfqu\u00e9 tipo de secadora necesitas?<\/li> <\/ol>    <p>Estas preguntas son s\u00f3lo algunas de muchas preguntas y es necesario confirmar otros detalles con usted. Si est\u00e1 interesado en nuestros productos, cont\u00e1ctenos de inmediato. Le proporcionaremos una respuesta profesional.<\/p>    <figure class=\"wp-block-gallery has-nested-images columns-default is-cropped wp-block-gallery-4 is-layout-flex wp-block-gallery-is-layout-flex\"> <figure class=\"wp-block-image size-large\"><img loading=\"lazy\" decoding=\"async\" width=\"720\" height=\"540\" data-id=\"637\" src=\"https:\/\/eggtraym.com\/wp-content\/uploads\/2022\/11\/6000pcs-paper-tray-forming-machine.webp\" alt=\"M\u00e1quina formadora de bandejas de papel 6000 piezas\" class=\"wp-image-637\" title=\"\" srcset=\"https:\/\/eggtraym.com\/wp-content\/uploads\/2022\/11\/6000pcs-paper-tray-forming-machine.webp 720w, https:\/\/eggtraym.com\/wp-content\/uploads\/2022\/11\/6000pcs-paper-tray-forming-machine-300x225.webp 300w, https:\/\/eggtraym.com\/wp-content\/uploads\/2022\/11\/6000pcs-paper-tray-forming-machine-16x12.webp 16w\" sizes=\"auto, (max-width: 720px) 100vw, 720px\" \/><figcaption class=\"wp-element-caption\">M\u00e1quina formadora de bandejas de papel 6000 piezas<\/figcaption><\/figure>    <figure class=\"wp-block-image size-large\"><img loading=\"lazy\" decoding=\"async\" width=\"720\" height=\"540\" data-id=\"638\" src=\"https:\/\/eggtraym.com\/wp-content\/uploads\/2022\/11\/large-egg-box-making-machine.webp\" alt=\"m\u00e1quina para fabricar cajas de huevos grandes\" class=\"wp-image-638\" title=\"\" srcset=\"https:\/\/eggtraym.com\/wp-content\/uploads\/2022\/11\/large-egg-box-making-machine.webp 720w, https:\/\/eggtraym.com\/wp-content\/uploads\/2022\/11\/large-egg-box-making-machine-300x225.webp 300w, https:\/\/eggtraym.com\/wp-content\/uploads\/2022\/11\/large-egg-box-making-machine-16x12.webp 16w\" sizes=\"auto, (max-width: 720px) 100vw, 720px\" \/><figcaption class=\"wp-element-caption\">M\u00e1quina para fabricar cajas de huevos grandes<\/figcaption><\/figure> <\/figure>    <h2 class=\"wp-block-heading\">M\u00e1quina para fabricar cartones de huevos vendida a Camer\u00fan<\/h2>    <p class=\"translation-block\">Nuestros clientes de <a href=\"https:\/\/en.wikipedia.org\/wiki\/Cameroon\" target=\"_blank\" rel=\"noopener\">Camer\u00fan<\/a> ten\u00edan una granja anterior y quer\u00edan cambiar a la fabricaci\u00f3n de cartones de huevo. Despu\u00e9s de recibir el mensaje del cliente, inmediatamente le proporcionamos al cliente fotos y videos de la m\u00e1quina de cajas de huevo. <\/p>    <p>Dado que es la primera vez que el cliente inicia el negocio de la m\u00e1quina para fabricar bandejas de huevos, le recomendamos un modelo peque\u00f1o de m\u00e1quina para fabricar bandejas de huevos. Luego se proporcionaron al cliente los par\u00e1metros de la m\u00e1quina de cajas de huevos. El cliente decidi\u00f3 comprar esta m\u00e1quina para fabricar cajas de huevos modelo peque\u00f1o SL-3*1 despu\u00e9s de considerarlo.<\/p>   <div class=\"wp-block-image\"> <figure class=\"aligncenter size-full is-resized\"><img loading=\"lazy\" decoding=\"async\" width=\"720\" height=\"540\" src=\"https:\/\/eggtraym.com\/wp-content\/uploads\/2022\/11\/egg-tray-machine-for-shipping-.webp\" alt=\"m\u00e1quina de bandeja de huevos para env\u00edo\" class=\"wp-image-341\" style=\"width:720px;height:540px\" title=\"m\u00e1quina de bandeja de huevos para env\u00edo\" srcset=\"https:\/\/eggtraym.com\/wp-content\/uploads\/2022\/11\/egg-tray-machine-for-shipping-.webp 720w, https:\/\/eggtraym.com\/wp-content\/uploads\/2022\/11\/egg-tray-machine-for-shipping--300x225.webp 300w\" sizes=\"auto, (max-width: 720px) 100vw, 720px\" \/><figcaption class=\"wp-element-caption\">m\u00e1quina de bandeja de huevos para env\u00edo<\/figcaption><\/figure> <\/div>   <h2 class=\"wp-block-heading\">Costo comercial de una l\u00ednea de producci\u00f3n de m\u00e1quinas para bandejas de huevos.<\/h2>    <p class=\"translation-block\">Debido a las diferentes configuraciones de la l\u00ednea de producci\u00f3n, el costo de la <strong><em><a href=\"https:\/\/eggtraym.com\/es\/product\/egg-tray-manufacturing-plant\/\">l\u00ednea de producci\u00f3n de m\u00e1quinas de bandejas de papel para huevos<\/a><\/em><\/strong> tambi\u00e9n es diferente.<\/p>    <ol class=\"wp-block-list\"> <li>En cuanto a equipos de secado, contamos con l\u00edneas de secado de ladrillos y l\u00edneas de secado de metales. Se diferencian en los costos de construcci\u00f3n y equipo. Y le recomendaremos el equipo de secado adecuado para su situaci\u00f3n espec\u00edfica.<\/li>    <li>Otro equipo. Adem\u00e1s del equipo de secado, la l\u00ednea de producci\u00f3n de bandejas de huevos tambi\u00e9n cuenta con otros equipos, como prensas t\u00e9rmicas de cart\u00f3n de huevos y m\u00e1quinas empacadoras de cart\u00f3n de huevos, incluidos apiladores de cart\u00f3n de huevos. Aunque la compra de estos dispositivos aumentar\u00e1 el coste, puede mejorar enormemente la eficiencia.<\/li> <\/ol>    <h2 class=\"wp-block-heading\">M\u00e1quina para fabricar bandejas de huevos de Shuliy<\/h2>    <ul class=\"wp-block-list\"> <li>Nuestra caja de cambios se importa de Taiw\u00e1n, lo que ahorra m\u00e1s energ\u00eda y funciona sin problemas.<\/li>    <li>El sistema de secado adopta una l\u00ednea de secado de una sola capa que ahorra energ\u00eda y es respetuosa con el medio ambiente. Este tipo de l\u00ednea de producci\u00f3n de m\u00e1quinas de cart\u00f3n de huevos ahorra m\u00e1s energ\u00eda, la estructura de acero se seca en una sola capa y la instalaci\u00f3n es conveniente, pr\u00e1ctica y hermosa.<\/li>    <li>Durante todo el proceso de uso de la m\u00e1quina, no se puede reciclar ning\u00fan vertido de aguas residuales.<\/li>    <li>El bastidor principal est\u00e1 hecho de canal de acero 20# engrosado y el eje de transmisi\u00f3n est\u00e1 hecho de un eje deslizante para garantizar la estabilidad.<\/li> <\/ul>    <figure class=\"wp-block-gallery has-nested-images columns-default is-cropped wp-block-gallery-5 is-layout-flex wp-block-gallery-is-layout-flex\"> <figure class=\"wp-block-image size-large\"><img loading=\"lazy\" decoding=\"async\" width=\"720\" height=\"540\" data-id=\"338\" src=\"https:\/\/eggtraym.com\/wp-content\/uploads\/2022\/11\/egg-tray-molding-machine-2.webp\" alt=\"m\u00e1quina de moldeo de bandejas de huevos\" class=\"wp-image-338\" title=\"m\u00e1quina de moldeo de bandejas de huevos\" srcset=\"https:\/\/eggtraym.com\/wp-content\/uploads\/2022\/11\/egg-tray-molding-machine-2.webp 720w, https:\/\/eggtraym.com\/wp-content\/uploads\/2022\/11\/egg-tray-molding-machine-2-300x225.webp 300w\" sizes=\"auto, (max-width: 720px) 100vw, 720px\" \/><figcaption class=\"wp-element-caption\">M\u00e1quina de moldeo de bandejas de huevos<\/figcaption><\/figure>    <figure class=\"wp-block-image size-large\"><img loading=\"lazy\" decoding=\"async\" width=\"720\" height=\"540\" data-id=\"339\" src=\"https:\/\/eggtraym.com\/wp-content\/uploads\/2022\/11\/egg-trays-.webp\" alt=\"bandejas de huevos\" class=\"wp-image-339\" title=\"bandejas de huevos\" srcset=\"https:\/\/eggtraym.com\/wp-content\/uploads\/2022\/11\/egg-trays-.webp 720w, https:\/\/eggtraym.com\/wp-content\/uploads\/2022\/11\/egg-trays--300x225.webp 300w\" sizes=\"auto, (max-width: 720px) 100vw, 720px\" \/><figcaption class=\"wp-element-caption\">Bandejas para huevos<\/figcaption><\/figure> <\/figure>","protected":false},"excerpt":{"rendered":"<p>La m\u00e1quina para fabricar cajas de huevos es una m\u00e1quina que procesa pulpa de papel usado en formas como bandejas para huevos. Es una m\u00e1quina respetuosa con el medio ambiente y se utiliza en muchos pa\u00edses.<\/p>","protected":false},"author":1,"featured_media":327,"parent":0,"template":"","tags":[47,41,42],"product-type":[3],"class_list":["post-319","product","type-product","status-publish","has-post-thumbnail","hentry","tag-egg-box","tag-egg-tray","tag-paper-tray","product-type-egg-tray-making-machine"],"_links":{"self":[{"href":"https:\/\/eggtraym.com\/es\/wp-json\/wp\/v2\/product\/319","targetHints":{"allow":["GET"]}}],"collection":[{"href":"https:\/\/eggtraym.com\/es\/wp-json\/wp\/v2\/product"}],"about":[{"href":"https:\/\/eggtraym.com\/es\/wp-json\/wp\/v2\/types\/product"}],"author":[{"embeddable":true,"href":"https:\/\/eggtraym.com\/es\/wp-json\/wp\/v2\/users\/1"}],"wp:featuredmedia":[{"embeddable":true,"href":"https:\/\/eggtraym.com\/es\/wp-json\/wp\/v2\/media\/327"}],"wp:attachment":[{"href":"https:\/\/eggtraym.com\/es\/wp-json\/wp\/v2\/media?parent=319"}],"wp:term":[{"taxonomy":"post_tag","embeddable":true,"href":"https:\/\/eggtraym.com\/es\/wp-json\/wp\/v2\/tags?post=319"},{"taxonomy":"product-type","embeddable":true,"href":"https:\/\/eggtraym.com\/es\/wp-json\/wp\/v2\/product-type?post=319"}],"curies":[{"name":"wp","href":"https:\/\/api.w.org\/{rel}","templated":true}]}}