{"id":232,"date":"2022-09-16T10:23:05","date_gmt":"2022-09-16T10:23:05","guid":{"rendered":"https:\/\/eggtraym.com\/?post_type=product&#038;p=232"},"modified":"2026-02-10T13:51:00","modified_gmt":"2026-02-10T05:51:00","slug":"egg-carton-production-line","status":"publish","type":"product","link":"https:\/\/eggtraym.com\/es\/product\/egg-carton-production-line\/","title":{"rendered":"L\u00ednea de producci\u00f3n de cart\u00f3n de huevos M\u00e1quinas para fabricar bandejas de papel"},"content":{"rendered":"<div class=\"kk-star-ratings kksr-auto kksr-align-left kksr-valign-top\"     data-payload='{&quot;align&quot;:&quot;left&quot;,&quot;id&quot;:&quot;232&quot;,&quot;slug&quot;:&quot;default&quot;,&quot;valign&quot;:&quot;top&quot;,&quot;ignore&quot;:&quot;&quot;,&quot;reference&quot;:&quot;auto&quot;,&quot;class&quot;:&quot;&quot;,&quot;count&quot;:&quot;88&quot;,&quot;legendonly&quot;:&quot;&quot;,&quot;readonly&quot;:&quot;&quot;,&quot;score&quot;:&quot;4.8&quot;,&quot;starsonly&quot;:&quot;&quot;,&quot;best&quot;:&quot;5&quot;,&quot;gap&quot;:&quot;5&quot;,&quot;greet&quot;:&quot;Rate this product&quot;,&quot;legend&quot;:&quot;4.8\\\/5 - (88 votos)&quot;,&quot;size&quot;:&quot;24&quot;,&quot;title&quot;:&quot;Egg Carton Production Line Paper Tray Making Machines&quot;,&quot;width&quot;:&quot;136.7&quot;,&quot;_legend&quot;:&quot;{score}\\\/{best} - ({count} {votes})&quot;,&quot;font_factor&quot;:&quot;1.25&quot;}'>              <div class=\"kksr-stars\">      <div class=\"kksr-stars-inactive\">             <div class=\"kksr-star\" data-star=\"1\" style=\"padding-right: 5px\">               <div class=\"kksr-icon\" style=\"width: 24px; height: 24px;\"><\/div>         <\/div>             <div class=\"kksr-star\" data-star=\"2\" style=\"padding-right: 5px\">               <div class=\"kksr-icon\" style=\"width: 24px; height: 24px;\"><\/div>         <\/div>             <div class=\"kksr-star\" data-star=\"3\" style=\"padding-right: 5px\">               <div class=\"kksr-icon\" style=\"width: 24px; height: 24px;\"><\/div>         <\/div>             <div class=\"kksr-star\" data-star=\"4\" style=\"padding-right: 5px\">               <div class=\"kksr-icon\" style=\"width: 24px; height: 24px;\"><\/div>         <\/div>             <div class=\"kksr-star\" data-star=\"5\" style=\"padding-right: 5px\">               <div class=\"kksr-icon\" style=\"width: 24px; height: 24px;\"><\/div>         <\/div>     <\/div>      <div class=\"kksr-stars-active\" style=\"width: 136.7px;\">             <div class=\"kksr-star\" style=\"padding-right: 5px\">               <div class=\"kksr-icon\" style=\"width: 24px; height: 24px;\"><\/div>         <\/div>             <div class=\"kksr-star\" style=\"padding-right: 5px\">               <div class=\"kksr-icon\" style=\"width: 24px; height: 24px;\"><\/div>         <\/div>             <div class=\"kksr-star\" style=\"padding-right: 5px\">               <div class=\"kksr-icon\" style=\"width: 24px; height: 24px;\"><\/div>         <\/div>             <div class=\"kksr-star\" style=\"padding-right: 5px\">               <div class=\"kksr-icon\" style=\"width: 24px; height: 24px;\"><\/div>         <\/div>             <div class=\"kksr-star\" style=\"padding-right: 5px\">               <div class=\"kksr-icon\" style=\"width: 24px; height: 24px;\"><\/div>         <\/div>     <\/div> <\/div>                   <div class=\"kksr-legend\" style=\"font-size: 19.2px;\">             4.8\/5 - (88 votos)    <\/div>     <\/div>  <p>La l\u00ednea de producci\u00f3n de cartones de huevo es un conjunto completo de sistemas de equipos que integra la pulpa, el moldeo, el secado y el empaquetado, dise\u00f1ado para la producci\u00f3n eficiente de bandejas de huevo moldeadas en pulpa.<\/p>    <p>Los usuarios solo necesitan comprar este conjunto completo de equipos, sin necesidad de adquirir instalaciones auxiliares adicionales, pueden comenzar directamente el negocio de producci\u00f3n de bandejas de huevos.<\/p>    <p>Esta configuraci\u00f3n centralizada no solo ahorra en gran medida el tiempo de selecci\u00f3n y los costos de compra, sino que tambi\u00e9n simplifica el proceso operativo y mejora la eficiencia de producci\u00f3n.<\/p>    <p>Con una capacidad de 1,000-8,000 piezas\/hora disponible para asignaci\u00f3n, es una opci\u00f3n ideal para f\u00e1bricas emergentes, plantas de procesamiento a peque\u00f1a escala o proyectos de expansi\u00f3n de producci\u00f3n.<\/p>    <figure class=\"wp-block-embed aligncenter is-type-video is-provider-youtube wp-block-embed-youtube wp-embed-aspect-16-9 wp-has-aspect-ratio\"><div class=\"wp-block-embed__wrapper\"> <iframe loading=\"lazy\" title=\"L\u00ednea de producci\u00f3n de bandejas de huevos con moldeo de pulpa completamente autom\u00e1tica Comentarios del sitio de trabajo de clientes de Zambia\" width=\"500\" height=\"281\" src=\"https:\/\/www.youtube.com\/embed\/jZivhVJ6DFA?feature=oembed\" frameborder=\"0\" allow=\"accelerometer; autoplay; clipboard-write; encrypted-media; gyroscope; picture-in-picture; web-share\" referrerpolicy=\"strict-origin-when-cross-origin\" allowfullscreen><\/iframe> <\/div><figcaption class=\"wp-element-caption\">L\u00ednea de producci\u00f3n de cart\u00f3n de huevos, todo el proceso.<\/figcaption><\/figure>    <h2 class=\"wp-block-heading\">Productos terminados de la l\u00ednea de producci\u00f3n de cartones de huevo<\/h2>    <p>La l\u00ednea de producci\u00f3n de cartones de huevo no solo se puede utilizar para producir bandejas de huevo tradicionales, sino tambi\u00e9n para fabricar productos de moldeo de pulpa para diversos prop\u00f3sitos, dependiendo de los cambios en los moldes y las demandas. Se utiliza ampliamente en muchos campos como la agricultura, el embalaje de alimentos y la protecci\u00f3n log\u00edstica.<\/p>    <ul class=\"wp-block-list\"> <li>Bandejas de huevos est\u00e1ndar de 30 piezas y de 6\/10\/12 piezas tipo retail (con o sin tapa).<\/li>    <li>Bandejas de frutas surtidas, como manzanas, mandarinas, etc. Embalaje a prueba de golpes.<\/li>    <li>Soportes de caf\u00e9 de pulpa de 2 tazas o 4 tazas, alternativa ecol\u00f3gica al pl\u00e1stico.<\/li>    <li>Soportes para zapatos o bandejas para zapatos para transporte y protecci\u00f3n de estilo.<\/li>    <li>Bandeja de amortiguaci\u00f3n para productos electr\u00f3nicos, como auriculares, bater\u00edas y otro embalaje a prueba de golpes.<\/li>    <li>Bandejas farmac\u00e9uticas, embalaje seguro para productos fr\u00e1giles como botellas de medicina, ampollas, etc.<\/li>    <li>Soporte para moldes personalizados para producir bandejas personalizadas como bandejas para bombillas, bandejas para botellas de vino, bandejas de cosm\u00e9ticos, etc.<\/li> <\/ul>    <figure class=\"wp-block-gallery has-nested-images columns-default is-cropped wp-block-gallery-2 is-layout-flex wp-block-gallery-is-layout-flex\"> <figure class=\"wp-block-image size-large\"><img loading=\"lazy\" decoding=\"async\" width=\"720\" height=\"540\" data-id=\"234\" src=\"https:\/\/eggtraym.com\/wp-content\/uploads\/2022\/09\/egg-tray-1.webp\" alt=\"bandeja de huevos \" class=\"wp-image-234\" title=\"bandeja de huevos \" srcset=\"https:\/\/eggtraym.com\/wp-content\/uploads\/2022\/09\/egg-tray-1.webp 720w, https:\/\/eggtraym.com\/wp-content\/uploads\/2022\/09\/egg-tray-1-300x225.webp 300w\" sizes=\"auto, (max-width: 720px) 100vw, 720px\" \/><figcaption class=\"wp-element-caption\">Bandeja de huevos <\/figcaption><\/figure>    <figure class=\"wp-block-image size-large\"><img loading=\"lazy\" decoding=\"async\" width=\"720\" height=\"540\" data-id=\"235\" src=\"https:\/\/eggtraym.com\/wp-content\/uploads\/2022\/09\/fruit-tray-.webp\" alt=\"bandeja de frutas \" class=\"wp-image-235\" title=\"bandeja de frutas \" srcset=\"https:\/\/eggtraym.com\/wp-content\/uploads\/2022\/09\/fruit-tray-.webp 720w, https:\/\/eggtraym.com\/wp-content\/uploads\/2022\/09\/fruit-tray--300x225.webp 300w\" sizes=\"auto, (max-width: 720px) 100vw, 720px\" \/><figcaption class=\"wp-element-caption\">Bandeja de frutas <\/figcaption><\/figure> <\/figure>    <h2 class=\"wp-block-heading\">\u00bfQu\u00e9 es la pulpa de alta calidad?<\/h2>    <p>Hacer pulpa de alta calidad requiere primero una m\u00e1quina de fabricaci\u00f3n de pulpa de alta calidad. Una m\u00e1quina de pulpa de alta calidad funciona de manera suave y potente para procesar eficazmente la materia prima de papel reciclado. La pulpa tratada es fina y uniforme. Adem\u00e1s, necesitamos tratar la materia prima de manera limpia y eliminar las impurezas.<\/p>    <figure class=\"wp-block-embed aligncenter is-type-video is-provider-youtube wp-block-embed-youtube wp-embed-aspect-16-9 wp-has-aspect-ratio\"><div class=\"wp-block-embed__wrapper\"> <iframe loading=\"lazy\" title=\"\u00a1Se revela todo el proceso de la l\u00ednea de fabricaci\u00f3n de cartones de huevos!\" width=\"500\" height=\"281\" src=\"https:\/\/www.youtube.com\/embed\/CLfcexmvNSY?feature=oembed\" frameborder=\"0\" allow=\"accelerometer; autoplay; clipboard-write; encrypted-media; gyroscope; picture-in-picture; web-share\" referrerpolicy=\"strict-origin-when-cross-origin\" allowfullscreen><\/iframe> <\/div><figcaption class=\"wp-element-caption\">video de trabajo de la l\u00ednea de producci\u00f3n de cartones de huevos de moldeo de pulpa de papel<\/figcaption><\/figure>    <h2 class=\"wp-block-heading\">\u00bfC\u00f3mo se forma la bandeja de huevos?<\/h2>    <p class=\"translation-block\"><strong>Moldeado de bandejas para huevos: <\/strong>la pulpa pulida se transporta a la m\u00e1quina para bandejas de huevos, donde los moldes de la m\u00e1quina dan forma a la pulpa. Despu\u00e9s de eso, se crea la bandeja para huevos moldeada. La bandeja para huevos est\u00e1 lista para el siguiente proceso de secado.<\/p>    <p class=\"translation-block\"><strong>Bandeja para huevos de colores:<\/strong> hacer una bandeja para huevos de colores es relativamente sencillo. Puede poner los pigmentos apropiados en el tanque de pulpa y mezclarlos bien.<\/p>    <figure class=\"wp-block-gallery has-nested-images columns-default is-cropped wp-block-gallery-3 is-layout-flex wp-block-gallery-is-layout-flex\"> <figure class=\"wp-block-image size-large\"><img loading=\"lazy\" decoding=\"async\" width=\"720\" height=\"540\" data-id=\"236\" src=\"https:\/\/eggtraym.com\/wp-content\/uploads\/2022\/09\/colorful-egg-tray-.webp\" alt=\"bandeja de huevos colorida\" class=\"wp-image-236\" title=\"bandeja de huevos colorida\" srcset=\"https:\/\/eggtraym.com\/wp-content\/uploads\/2022\/09\/colorful-egg-tray-.webp 720w, https:\/\/eggtraym.com\/wp-content\/uploads\/2022\/09\/colorful-egg-tray--300x225.webp 300w\" sizes=\"auto, (max-width: 720px) 100vw, 720px\" \/><figcaption class=\"wp-element-caption\">Bandeja de huevos colorida <\/figcaption><\/figure>    <figure class=\"wp-block-image size-large\"><img loading=\"lazy\" decoding=\"async\" width=\"720\" height=\"540\" data-id=\"237\" src=\"https:\/\/eggtraym.com\/wp-content\/uploads\/2022\/09\/egg-tray-making-machine-1-4.webp\" alt=\"M\u00e1quina para fabricar bandejas de huevos producci\u00f3n terminada\" class=\"wp-image-237\" title=\"m\u00e1quina para fabricar bandejas de huevos\" srcset=\"https:\/\/eggtraym.com\/wp-content\/uploads\/2022\/09\/egg-tray-making-machine-1-4.webp 720w, https:\/\/eggtraym.com\/wp-content\/uploads\/2022\/09\/egg-tray-making-machine-1-4-300x225.webp 300w\" sizes=\"auto, (max-width: 720px) 100vw, 720px\" \/><figcaption class=\"wp-element-caption\">M\u00e1quina para fabricar bandejas de huevos Producci\u00f3n terminada<\/figcaption><\/figure> <\/figure>    <h2 class=\"wp-block-heading\">\u00bfC\u00f3mo produce la m\u00e1quina de bandejas de huevos muchas formas de bandejas de huevos?<\/h2>    <p class=\"translation-block\"><strong>Bandeja para huevos: <\/strong>la <a href=\"https:\/\/eggtraym.com\/es\/products\/egg-tray-making-machine\/\">m\u00e1quina para fabricar bandejas de huevos de pulpa de papel<\/a> fabrica bandejas para huevos principalmente mediante el moldeo. Por lo tanto, si desea obtener diferentes formas de bandejas para huevos, solo necesita cambiar los moldes. <\/p>    <p class=\"translation-block\"><strong>Otras bandejas:<\/strong> adem\u00e1s de las bandejas para huevos, tenemos otras formas de moldes para apoyar la producci\u00f3n de bandejas de diferentes formas. Por ejemplo, bandejas para vino, bandejas para manzanas, bandejas para peras, bandejas para naranjas y otros tipos de bandejas de embalaje.<\/p>    <figure class=\"wp-block-gallery has-nested-images columns-default is-cropped wp-block-gallery-4 is-layout-flex wp-block-gallery-is-layout-flex\"> <figure class=\"wp-block-image size-large\"><img loading=\"lazy\" decoding=\"async\" width=\"720\" height=\"540\" data-id=\"238\" src=\"https:\/\/eggtraym.com\/wp-content\/uploads\/2022\/09\/egg-carton-production-line-2.webp\" alt=\"M\u00e1quina formadora de cart\u00f3n de huevos\" class=\"wp-image-238\" title=\"l\u00ednea de producci\u00f3n de cart\u00f3n de huevos\" srcset=\"https:\/\/eggtraym.com\/wp-content\/uploads\/2022\/09\/egg-carton-production-line-2.webp 720w, https:\/\/eggtraym.com\/wp-content\/uploads\/2022\/09\/egg-carton-production-line-2-300x225.webp 300w\" sizes=\"auto, (max-width: 720px) 100vw, 720px\" \/><figcaption class=\"wp-element-caption\">M\u00e1quina formadora de cart\u00f3n de huevos<\/figcaption><\/figure>    <figure class=\"wp-block-image size-large\"><img loading=\"lazy\" decoding=\"async\" width=\"720\" height=\"540\" data-id=\"239\" src=\"https:\/\/eggtraym.com\/wp-content\/uploads\/2022\/09\/mold-of-the-egg-tray-.webp\" alt=\"molde de la bandeja de huevos \" class=\"wp-image-239\" title=\"molde de la bandeja de huevos \" srcset=\"https:\/\/eggtraym.com\/wp-content\/uploads\/2022\/09\/mold-of-the-egg-tray-.webp 720w, https:\/\/eggtraym.com\/wp-content\/uploads\/2022\/09\/mold-of-the-egg-tray--300x225.webp 300w\" sizes=\"auto, (max-width: 720px) 100vw, 720px\" \/><figcaption class=\"wp-element-caption\">Molde de la bandeja de huevos <\/figcaption><\/figure> <\/figure>    <h2 class=\"wp-block-heading\">Tipos de equipos para secar las bandejas de huevos.<\/h2>    <p>En t\u00e9rminos generales, hay tres tipos de equipos para secar bandejas de huevos aplicados en la l\u00ednea de producci\u00f3n de cartones de huevos.<\/p>    <ul class=\"wp-block-list\"> <li><strong>Secado natural:<\/strong> adecuado para peque\u00f1as l\u00edneas de producci\u00f3n de cartones de huevos semiautom\u00e1ticos, utilizando viento natural y luz solar para el secado, con bajo costo de inversi\u00f3n, pero requiriendo m\u00e1s mano de obra y espacio, generalmente utilizado con estantes de secado.<\/li>    <li><strong>L\u00ednea de secado de ladrillos:<\/strong> adecuado para una l\u00ednea de producci\u00f3n de cartones de huevo de salida media, se forma un canal de secado en t\u00fanel mediante una estructura de ladrillo. La circulaci\u00f3n de aire caliente hace que la bandeja de huevos termine de secarse en poco tiempo, la eficiencia es mayor que el secado natural y la relaci\u00f3n costo-rendimiento es alta.<\/li>    <li><a href=\"https:\/\/eggtraym.com\/es\/product\/egg-tray-dryer\/\">Equipo de secado autom\u00e1tico continuo de metal<\/a>dise\u00f1ado para una l\u00ednea de producci\u00f3n de gran salida, adoptando una estructura met\u00e1lica de m\u00faltiples capas, puede secar una gran cantidad de bandejas de huevos al mismo tiempo. La distribuci\u00f3n del aire caliente es uniforme, la velocidad de secado es r\u00e1pida, el efecto es estable, el grado de automatizaci\u00f3n es alto y ahorra mano de obra.<\/li> <\/ul>    <h2 class=\"wp-block-heading\">\u00bfC\u00f3mo elegir la l\u00ednea de producci\u00f3n de bandejas de papel para huevos adecuada?<\/h2>    <p>Al comprar una l\u00ednea de producci\u00f3n de cartones de huevos, por favor combina con tus propias necesidades reales, considerando los siguientes aspectos de manera integral:<\/p>    <ol class=\"wp-block-list\"> <li>Determina la demanda de producci\u00f3n: \u00bfcu\u00e1ntas bandejas de huevos deseas producir por d\u00eda o por hora? (Clave)<\/li>    <li>Si necesitas equipo de secado: \u00bfes necesario combinar la l\u00ednea de secado met\u00e1lica para mejorar la eficiencia de secado?<\/li>    <li>Define los requisitos del producto terminado: \u00bfhay alguna necesidad especial en cuanto a forma, tama\u00f1o, color, etc. del producto terminado?<\/li>    <li>Rango de presupuesto: \u00bfcu\u00e1l es el presupuesto del equipo en el que planeas invertir? (Clave)<\/li>    <li>Enfoque: \u00bfhay requisitos especiales como ahorro de energ\u00eda, ocupaci\u00f3n de terreno, automatizaci\u00f3n o mantenimiento?<\/li> <\/ol>    <figure class=\"wp-block-gallery has-nested-images columns-default is-cropped wp-block-gallery-5 is-layout-flex wp-block-gallery-is-layout-flex\"> <figure class=\"wp-block-image size-large\"><img loading=\"lazy\" decoding=\"async\" width=\"720\" height=\"540\" data-id=\"242\" src=\"https:\/\/eggtraym.com\/wp-content\/uploads\/2022\/09\/paper-egg-tray-production-line-1-1.webp\" alt=\"L\u00ednea de producci\u00f3n de bandejas de huevos de papel.\" class=\"wp-image-242\" title=\"L\u00ednea de producci\u00f3n de bandejas de huevos de papel.\" srcset=\"https:\/\/eggtraym.com\/wp-content\/uploads\/2022\/09\/paper-egg-tray-production-line-1-1.webp 720w, https:\/\/eggtraym.com\/wp-content\/uploads\/2022\/09\/paper-egg-tray-production-line-1-1-300x225.webp 300w\" sizes=\"auto, (max-width: 720px) 100vw, 720px\" \/><figcaption class=\"wp-element-caption\">M\u00e1quinas de l\u00ednea de producci\u00f3n de bandejas de huevos de papel<\/figcaption><\/figure>    <figure class=\"wp-block-image size-large\"><img loading=\"lazy\" decoding=\"async\" width=\"720\" height=\"540\" data-id=\"243\" src=\"https:\/\/eggtraym.com\/wp-content\/uploads\/2022\/09\/egg-carton-production-line-3-.webp\" alt=\"molde de la m\u00e1quina del cart\u00f3n de huevos\" class=\"wp-image-243\" title=\"l\u00ednea de producci\u00f3n de cart\u00f3n de huevos\" srcset=\"https:\/\/eggtraym.com\/wp-content\/uploads\/2022\/09\/egg-carton-production-line-3-.webp 720w, https:\/\/eggtraym.com\/wp-content\/uploads\/2022\/09\/egg-carton-production-line-3--300x225.webp 300w\" sizes=\"auto, (max-width: 720px) 100vw, 720px\" \/><figcaption class=\"wp-element-caption\">Molde de m\u00e1quina de cart\u00f3n de huevos<\/figcaption><\/figure> <\/figure>    <h2 class=\"wp-block-heading\">Par\u00e1metros t\u00e9cnicos de la l\u00ednea de producci\u00f3n de bandejas de huevo<\/h2>    <figure class=\"wp-block-table is-style-stripes\"><table><tbody><tr><td>Modelo<\/td><td>Capacidad<\/td><td>Consumo de papel<\/td><td>Consumo de agua<\/td><td>Energ\u00eda utilizada<\/td><td>Obrero<\/td><\/tr><tr><td>SL-3*1<\/td><td>1000-1500 unidades\/h<\/td><td>120kg\/hora<\/td><td>300kg\/h<\/td><td>32 kw\/h<\/td><td>3-4<\/td><\/tr><tr><td>SL-4*1<\/td><td>1500-2000PCS\/h<\/td><td>160kg\/hora<\/td><td>380kg\/h<\/td><td>45kw\/h<\/td><td>3-4<\/td><\/tr><tr><td>SL-3*4<\/td><td>2000-2500 piezas\/h<\/td><td>200kg\/h<\/td><td>450kg\/h<\/td><td>58 kw\/h<\/td><td>4-5<\/td><\/tr><tr><td>SL-4*4<\/td><td>3000-3500 piezas\/h<\/td><td>280kg\/hora<\/td><td>560kg\/hora<\/td><td>78 kw\/h<\/td><td>4-5<\/td><\/tr><tr><td>SL-4*8<\/td><td>4000 piezas\/h<\/td><td>320kg\/h<\/td><td>600kg\/hora<\/td><td>80 kw\/h<\/td><td>5-6<\/td><\/tr><tr><td>SL-5*8<\/td><td>5000 unidades\/hora<\/td><td>400kg\/h<\/td><td>750kg\/hora<\/td><td>85 kw\/h<\/td><td>3-4<\/td><\/tr><tr><td>SL-6*8<\/td><td>6000 piezas\/hora<\/td><td>480kg\/h<\/td><td>900kg\/hora<\/td><td>90 kw\/h<\/td><td>3-4<\/td><\/tr><tr><td>SL-8*8<\/td><td>8000 piezas\/hora<\/td><td>640kg\/hora<\/td><td>1040kg\/hora<\/td><td>100 kw\/h<\/td><td>3-4<\/td><\/tr><\/tbody><\/table><figcaption class=\"wp-element-caption\">par\u00e1metro de la l\u00ednea de producci\u00f3n de cartones de huevo<\/figcaption><\/figure>   <div class=\"wp-block-image\"> <figure class=\"aligncenter size-full\"><img loading=\"lazy\" decoding=\"async\" width=\"720\" height=\"540\" src=\"https:\/\/eggtraym.com\/wp-content\/uploads\/2022\/09\/egg-trays-1-1.webp\" alt=\"bandejas de huevos \" class=\"wp-image-241\" title=\"bandejas de huevos \" srcset=\"https:\/\/eggtraym.com\/wp-content\/uploads\/2022\/09\/egg-trays-1-1.webp 720w, https:\/\/eggtraym.com\/wp-content\/uploads\/2022\/09\/egg-trays-1-1-300x225.webp 300w\" sizes=\"auto, (max-width: 720px) 100vw, 720px\" \/><figcaption class=\"wp-element-caption\">bandejas de huevos <\/figcaption><\/figure> <\/div>   <p class=\"translation-block\">Nuestra f\u00e1brica tiene muchos a\u00f1os de experiencia en la producci\u00f3n y exportaci\u00f3n de m\u00e1quinas para bandejas de huevos y las ha enviado a Per\u00fa, <a href=\"https:\/\/en.wikipedia.org\/wiki\/Bolivia\" target=\"_blank\" rel=\"noopener\">Bolivia<\/a>, Arabia Saudita, los Emiratos \u00c1rabes Unidos, Kenia, Indonesia, Camer\u00fan, Zimbabue, Uganda y muchos otros pa\u00edses. <\/p>    <p>Podemos personalizar la m\u00e1quina formadora de bandejas de papel seg\u00fan el tama\u00f1o de su negocio y las necesidades del producto terminado. No dude en contactarnos para m\u00e1s informaci\u00f3n y haremos la recomendaci\u00f3n adecuada para usted.<\/p>","protected":false},"excerpt":{"rendered":"<p>La l\u00ednea de producci\u00f3n de cartones de huevos es adecuada para la producci\u00f3n en masa de todo tipo de productos moldeados de pulpa, como bandejas para huevos, bandejas para frutas, bandejas para caf\u00e9, etc. Tiene las ventajas de una inversi\u00f3n flexible y una amplia aplicaci\u00f3n.<\/p>","protected":false},"author":1,"featured_media":233,"parent":0,"template":"","tags":[43,41,42],"product-type":[8],"class_list":["post-232","product","type-product","status-publish","has-post-thumbnail","hentry","tag-egg-carton","tag-egg-tray","tag-paper-tray","product-type-production-line"],"_links":{"self":[{"href":"https:\/\/eggtraym.com\/es\/wp-json\/wp\/v2\/product\/232","targetHints":{"allow":["GET"]}}],"collection":[{"href":"https:\/\/eggtraym.com\/es\/wp-json\/wp\/v2\/product"}],"about":[{"href":"https:\/\/eggtraym.com\/es\/wp-json\/wp\/v2\/types\/product"}],"author":[{"embeddable":true,"href":"https:\/\/eggtraym.com\/es\/wp-json\/wp\/v2\/users\/1"}],"wp:featuredmedia":[{"embeddable":true,"href":"https:\/\/eggtraym.com\/es\/wp-json\/wp\/v2\/media\/233"}],"wp:attachment":[{"href":"https:\/\/eggtraym.com\/es\/wp-json\/wp\/v2\/media?parent=232"}],"wp:term":[{"taxonomy":"post_tag","embeddable":true,"href":"https:\/\/eggtraym.com\/es\/wp-json\/wp\/v2\/tags?post=232"},{"taxonomy":"product-type","embeddable":true,"href":"https:\/\/eggtraym.com\/es\/wp-json\/wp\/v2\/product-type?post=232"}],"curies":[{"name":"wp","href":"https:\/\/api.w.org\/{rel}","templated":true}]}}