{"id":1068,"date":"2026-04-20T16:47:53","date_gmt":"2026-04-20T08:47:53","guid":{"rendered":"https:\/\/eggtraym.com\/?post_type=product&#038;p=1068"},"modified":"2026-04-20T16:52:56","modified_gmt":"2026-04-20T08:52:56","slug":"shoe-tray-making-machine","status":"publish","type":"product","link":"https:\/\/eggtraym.com\/es\/product\/shoe-tray-making-machine\/","title":{"rendered":"M\u00e1quina de fabricaci\u00f3n de bandejas para zapatos | L\u00ednea de inserciones de zapatos moldeados en pulpa"},"content":{"rendered":"<div class=\"kk-star-ratings kksr-auto kksr-align-left kksr-valign-top\"     data-payload='{&quot;align&quot;:&quot;left&quot;,&quot;id&quot;:&quot;1068&quot;,&quot;slug&quot;:&quot;default&quot;,&quot;valign&quot;:&quot;top&quot;,&quot;ignore&quot;:&quot;&quot;,&quot;reference&quot;:&quot;auto&quot;,&quot;class&quot;:&quot;&quot;,&quot;count&quot;:&quot;77&quot;,&quot;legendonly&quot;:&quot;&quot;,&quot;readonly&quot;:&quot;&quot;,&quot;score&quot;:&quot;4.7&quot;,&quot;starsonly&quot;:&quot;&quot;,&quot;best&quot;:&quot;5&quot;,&quot;gap&quot;:&quot;5&quot;,&quot;greet&quot;:&quot;Rate this product&quot;,&quot;legend&quot;:&quot;4.7\\\/5 - (77 votos)&quot;,&quot;size&quot;:&quot;24&quot;,&quot;title&quot;:&quot;Shoe Tray Making Machine | Pulp Molded Shoe Insert Line&quot;,&quot;width&quot;:&quot;133.8&quot;,&quot;_legend&quot;:&quot;{score}\\\/{best} - ({count} {votes})&quot;,&quot;font_factor&quot;:&quot;1.25&quot;}'>              <div class=\"kksr-stars\">      <div class=\"kksr-stars-inactive\">             <div class=\"kksr-star\" data-star=\"1\" style=\"padding-right: 5px\">               <div class=\"kksr-icon\" style=\"width: 24px; height: 24px;\"><\/div>         <\/div>             <div class=\"kksr-star\" data-star=\"2\" style=\"padding-right: 5px\">               <div class=\"kksr-icon\" style=\"width: 24px; height: 24px;\"><\/div>         <\/div>             <div class=\"kksr-star\" data-star=\"3\" style=\"padding-right: 5px\">               <div class=\"kksr-icon\" style=\"width: 24px; height: 24px;\"><\/div>         <\/div>             <div class=\"kksr-star\" data-star=\"4\" style=\"padding-right: 5px\">               <div class=\"kksr-icon\" style=\"width: 24px; height: 24px;\"><\/div>         <\/div>             <div class=\"kksr-star\" data-star=\"5\" style=\"padding-right: 5px\">               <div class=\"kksr-icon\" style=\"width: 24px; height: 24px;\"><\/div>         <\/div>     <\/div>      <div class=\"kksr-stars-active\" style=\"width: 133.8px;\">             <div class=\"kksr-star\" style=\"padding-right: 5px\">               <div class=\"kksr-icon\" style=\"width: 24px; height: 24px;\"><\/div>         <\/div>             <div class=\"kksr-star\" style=\"padding-right: 5px\">               <div class=\"kksr-icon\" style=\"width: 24px; height: 24px;\"><\/div>         <\/div>             <div class=\"kksr-star\" style=\"padding-right: 5px\">               <div class=\"kksr-icon\" style=\"width: 24px; height: 24px;\"><\/div>         <\/div>             <div class=\"kksr-star\" style=\"padding-right: 5px\">               <div class=\"kksr-icon\" style=\"width: 24px; height: 24px;\"><\/div>         <\/div>             <div class=\"kksr-star\" style=\"padding-right: 5px\">               <div class=\"kksr-icon\" style=\"width: 24px; height: 24px;\"><\/div>         <\/div>     <\/div> <\/div>                   <div class=\"kksr-legend\" style=\"font-size: 19.2px;\">             4,7\/5 - (77 votos)    <\/div>     <\/div>  <p>La m\u00e1quina de fabricaci\u00f3n de bandejas para zapatos se utiliza para producir plantillas de zapatos, \u00e1rboles para zapatos y liners de embalaje para zapatos moldeados en pulpa. Utiliza papel de desecho (como peri\u00f3dicos viejos, cajas de cart\u00f3n y libros) como materia prima principal, empleando un proceso integrado que comprende pulpeo, moldeo por vac\u00edo, desmoldeo, secado y prensado en caliente.<\/p>    <p>En t\u00e9rminos de capacidad de producci\u00f3n, la m\u00e1quina de fabricaci\u00f3n de bandejas para zapatos soporta configuraciones flexibles que van desde 1,000 hasta 7,000 unidades por hora. Los clientes pueden seleccionar diferentes modelos seg\u00fan su escala de producci\u00f3n, con opciones disponibles para dise\u00f1os de plato giratorio de un lado, cuatro lados y ocho lados. <\/p>    <p>Cada estaci\u00f3n de molde puede configurarse con 3 a 6 posiciones de molde, satisfaciendo las diversas necesidades desde peque\u00f1as y medianas f\u00e1bricas hasta l\u00edneas de producci\u00f3n industriales a gran escala.<\/p>    <figure class=\"wp-block-embed aligncenter is-type-video is-provider-youtube wp-block-embed-youtube wp-embed-aspect-16-9 wp-has-aspect-ratio\"><div class=\"wp-block-embed__wrapper\"> <iframe loading=\"lazy\" title=\"M\u00e1quina de moldeo en pulpa para fabricar plantillas de zapatos | Producci\u00f3n ecol\u00f3gica de soporte para zapatos#reciclaje de papel\" width=\"500\" height=\"281\" src=\"https:\/\/www.youtube.com\/embed\/xYeHdUcdNZM?feature=oembed\" frameborder=\"0\" allow=\"accelerometer; autoplay; clipboard-write; encrypted-media; gyroscope; picture-in-picture; web-share\" referrerpolicy=\"strict-origin-when-cross-origin\" allowfullscreen><\/iframe> <\/div><figcaption class=\"wp-element-caption\">Video de funcionamiento de la m\u00e1quina de fabricaci\u00f3n de bandejas para zapatos<\/figcaption><\/figure>    <p>Dado la diversa estructura de los productos de calzado (incluyendo zapatillas, zapatos de cuero y zapatos infantiles), la m\u00e1quina de moldeo de plantillas soporta un dise\u00f1o de molde completamente personalizado. <\/p>    <p>Los moldes pueden desarrollarse con precisi\u00f3n seg\u00fan las dimensiones del zapato, estructuras de soporte y requisitos de marca, asegurando que los productos terminados no solo ofrezcan excelente soporte y protecci\u00f3n, sino que tambi\u00e9n sirvan como soluciones efectivas de exhibici\u00f3n y embalaje de marca.<\/p>    <h2 class=\"wp-block-heading\">Uso industrial de la m\u00e1quina de fabricaci\u00f3n de bandejas para zapatos<\/h2>    <ul class=\"wp-block-list\"> <li><strong>Tipos de productos vers\u00e1tiles<\/strong>: capaz de producir inserciones de zapatos, bandejas inferiores, liners de cajas y bandejas de zapatos con logotipo personalizado para diversas necesidades de embalaje. <\/li>    <li><strong>Amplia cobertura industrial<\/strong>: adecuado para fabricantes de calzado, empresas de embalaje de exportaci\u00f3n, almacenes de comercio electr\u00f3nico, proveedores de embalaje ecol\u00f3gico y f\u00e1bricas OEM\/ODM. <\/li>    <li><strong>Escenarios de aplicaci\u00f3n flexibles<\/strong>: ideal para producci\u00f3n a gran escala de embalaje ecol\u00f3gico para zapatos, reemplazando materiales pl\u00e1sticos y de espuma, y cumpliendo con las normas ambientales de la UE y EE. UU. <\/li>    <li><strong>Soluci\u00f3n rentable<\/strong>: permite la producci\u00f3n de embalaje en casa, reduciendo costos de material y log\u00edstica, y mejorando el valor de marca y la presentaci\u00f3n del producto.<\/li> <\/ul>    <figure class=\"wp-block-gallery has-nested-images columns-default is-cropped wp-block-gallery-2 is-layout-flex wp-block-gallery-is-layout-flex\"> <figure class=\"wp-block-image size-large\"><img loading=\"lazy\" decoding=\"async\" width=\"720\" height=\"540\" data-id=\"1072\" src=\"https:\/\/eggtraym.com\/wp-content\/uploads\/2026\/04\/shoe-tray-production.webp\" alt=\"producci\u00f3n de bandejas para zapatos\" class=\"wp-image-1072\" title=\"\" srcset=\"https:\/\/eggtraym.com\/wp-content\/uploads\/2026\/04\/shoe-tray-production.webp 720w, https:\/\/eggtraym.com\/wp-content\/uploads\/2026\/04\/shoe-tray-production-300x225.webp 300w, https:\/\/eggtraym.com\/wp-content\/uploads\/2026\/04\/shoe-tray-production-16x12.webp 16w\" sizes=\"auto, (max-width: 720px) 100vw, 720px\" \/><figcaption class=\"wp-element-caption\">Producci\u00f3n de bandejas para zapatos<\/figcaption><\/figure>    <figure class=\"wp-block-image size-large\"><img loading=\"lazy\" decoding=\"async\" width=\"720\" height=\"540\" data-id=\"1070\" src=\"https:\/\/eggtraym.com\/wp-content\/uploads\/2026\/04\/shoe-inserts.webp\" alt=\"plantillas de zapatos\" class=\"wp-image-1070\" title=\"\" srcset=\"https:\/\/eggtraym.com\/wp-content\/uploads\/2026\/04\/shoe-inserts.webp 720w, https:\/\/eggtraym.com\/wp-content\/uploads\/2026\/04\/shoe-inserts-300x225.webp 300w, https:\/\/eggtraym.com\/wp-content\/uploads\/2026\/04\/shoe-inserts-16x12.webp 16w\" sizes=\"auto, (max-width: 720px) 100vw, 720px\" \/><figcaption class=\"wp-element-caption\">Plantillas de zapatos del m\u00e1quina de bandejas para zapatos<\/figcaption><\/figure>    <figure class=\"wp-block-image size-large\"><img loading=\"lazy\" decoding=\"async\" width=\"720\" height=\"540\" data-id=\"1071\" src=\"https:\/\/eggtraym.com\/wp-content\/uploads\/2026\/04\/shoe-support-tray.webp\" alt=\"Bandeja de soporte para zapatos\" class=\"wp-image-1071\" title=\"\" srcset=\"https:\/\/eggtraym.com\/wp-content\/uploads\/2026\/04\/shoe-support-tray.webp 720w, https:\/\/eggtraym.com\/wp-content\/uploads\/2026\/04\/shoe-support-tray-300x225.webp 300w, https:\/\/eggtraym.com\/wp-content\/uploads\/2026\/04\/shoe-support-tray-16x12.webp 16w\" sizes=\"auto, (max-width: 720px) 100vw, 720px\" \/><figcaption class=\"wp-element-caption\">Bandeja de soporte para zapatos<\/figcaption><\/figure> <\/figure>    <h2 class=\"wp-block-heading\">Ventajas principales de la m\u00e1quina de inserciones de zapatos en pulpa<\/h2>    <ul class=\"wp-block-list\"> <li>Fabricados mediante un proceso de reciclaje de papel de desecho, los productos son 100% biodegradables y cumplen con los requisitos de la 'orden de restricci\u00f3n de pl\u00e1sticos'.<\/li>    <li>El uso de papel de desecho, cajas de cart\u00f3n, libros viejos y materiales similares como materias primas garantiza una amplia variedad de fuentes, bajos costos y m\u00e1rgenes de beneficio sustanciales.<\/li>    <li>Apoyamos la personalizaci\u00f3n para varias estructuras, incluyendo plantillas de zapatos, \u00e1rboles para zapatos y liners de cajas de zapatos, y tambi\u00e9n podemos grabar logotipos de marca.<\/li>    <li>Simplemente cambiando los moldes, podemos producir: plantillas de zapatos, \u00e1rboles para zapatos, bandejas de huevos, posavasos de caf\u00e9, bandejas m\u00e9dicas y liners para productos electr\u00f3nicos.<\/li>    <li>Un sistema de control inteligente PLC combinado con apilado y embalaje autom\u00e1ticos reduce significativamente la dependencia de mano de obra.<\/li> <\/ul>    <h2 class=\"wp-block-heading\">Principio de funcionamiento de la m\u00e1quina de fabricaci\u00f3n de bandejas para zapatos<\/h2>    <p>La m\u00e1quina de fabricaci\u00f3n de bandejas para zapatos adopta tecnolog\u00eda avanzada de moldeo en pulpa por vac\u00edo para convertir papel de desecho en bandejas para zapatos de alta resistencia y ecol\u00f3gicas mediante un proceso totalmente automatizado.<\/p>    <p>La l\u00ednea de producci\u00f3n completa integra pulpeo, formaci\u00f3n, secado, prensado en caliente y sistemas de embalaje autom\u00e1ticos, permitiendo una producci\u00f3n continua, a gran escala y estandarizada.<\/p>    <figure class=\"wp-block-gallery has-nested-images columns-default is-cropped wp-block-gallery-3 is-layout-flex wp-block-gallery-is-layout-flex\"> <figure class=\"wp-block-image size-large\"><img loading=\"lazy\" decoding=\"async\" width=\"720\" height=\"540\" data-id=\"1073\" src=\"https:\/\/eggtraym.com\/wp-content\/uploads\/2026\/04\/automatic-shoe-tray-forming-machine.webp\" alt=\"m\u00e1quina autom\u00e1tica de formaci\u00f3n de bandejas para zapatos\" class=\"wp-image-1073\" title=\"\" srcset=\"https:\/\/eggtraym.com\/wp-content\/uploads\/2026\/04\/automatic-shoe-tray-forming-machine.webp 720w, https:\/\/eggtraym.com\/wp-content\/uploads\/2026\/04\/automatic-shoe-tray-forming-machine-300x225.webp 300w, https:\/\/eggtraym.com\/wp-content\/uploads\/2026\/04\/automatic-shoe-tray-forming-machine-16x12.webp 16w\" sizes=\"auto, (max-width: 720px) 100vw, 720px\" \/><figcaption class=\"wp-element-caption\">M\u00e1quina autom\u00e1tica de formaci\u00f3n de bandejas para zapatos<\/figcaption><\/figure>    <figure class=\"wp-block-image size-large\"><img loading=\"lazy\" decoding=\"async\" width=\"720\" height=\"540\" data-id=\"1074\" src=\"https:\/\/eggtraym.com\/wp-content\/uploads\/2026\/04\/shoe-tray-making-machine.webp\" alt=\"m\u00e1quina de fabricaci\u00f3n de bandejas para zapatos\" class=\"wp-image-1074\" title=\"\" srcset=\"https:\/\/eggtraym.com\/wp-content\/uploads\/2026\/04\/shoe-tray-making-machine.webp 720w, https:\/\/eggtraym.com\/wp-content\/uploads\/2026\/04\/shoe-tray-making-machine-300x225.webp 300w, https:\/\/eggtraym.com\/wp-content\/uploads\/2026\/04\/shoe-tray-making-machine-16x12.webp 16w\" sizes=\"auto, (max-width: 720px) 100vw, 720px\" \/><figcaption class=\"wp-element-caption\">M\u00e1quina de fabricaci\u00f3n de bandejas para zapatos<\/figcaption><\/figure> <\/figure>   <div id=\"rank-math-howto\" class=\"rank-math-block\" > <div class=\"rank-math-howto-description\">  <\/div>  <div class=\"rank-math-steps\"> <div id=\"howto-step-1776670153872\" class=\"rank-math-step\"> <h3 class=\"rank-math-step-title\">Sistema de pulpeo<\/h3> <div class=\"rank-math-step-content\"><p>El papel de desecho se mezcla con agua y aditivos en un pulper hidr\u00e1ulico, donde se descompone en una pulpa uniforme y fina, que luego se transporta a un tanque de pulpa para su almacenamiento.<\/p> <\/div> <\/div> <div id=\"howto-step-1776670161648\" class=\"rank-math-step\"> <h3 class=\"rank-math-step-title\">Sistema de formaci\u00f3n<\/h3> <div class=\"rank-math-step-content\"><p>La pulpa se aspira al molde mediante succi\u00f3n por vac\u00edo, formando una plantilla h\u00fameda de plantilla de zapato en la superficie del molde, que luego se transfiere autom\u00e1ticamente a un sistema de transporte para su desmoldeo.<\/p> <\/div> <\/div> <div id=\"howto-step-1776670175748\" class=\"rank-math-step\"> <h3 class=\"rank-math-step-title\">Sistema de secado<\/h3> <div class=\"rank-math-step-content\"><p>Las plantillas de zapatos h\u00famedas pasan por una r\u00e1pida eliminaci\u00f3n de humedad mediante una l\u00ednea de secado con aire caliente, horno t\u00fanel o m\u00e9todos de secado natural, logrando una forma preliminar.<\/p> <\/div> <\/div> <div id=\"howto-step-1776670185471\" class=\"rank-math-step\"> <h3 class=\"rank-math-step-title\">Sistema de prensa caliente<\/h3> <div class=\"rank-math-step-content\"><p>Las plantillas de zapatos secas pasan por un moldeado a alta temperatura y alta presi\u00f3n para hacer el producto m\u00e1s resistente, plano y estructuralmente estable, mejorando tambi\u00e9n el rendimiento en apilamiento y transporte.<\/p> <\/div> <\/div> <div id=\"howto-step-1776670198136\" class=\"rank-math-step\"> <h3 class=\"rank-math-step-title\">Sistema de embalaje autom\u00e1tico<\/h3> <div class=\"rank-math-step-content\"><p>Los productos terminados pasan por apilado, conteo y embalaje autom\u00e1ticos para garantizar un manejo estandarizado antes del env\u00edo.<\/p> <\/div> <\/div> <\/div> <\/div>       <h2 class=\"wp-block-heading\">M\u00e1quina de moldeo por prensa caliente (equipo clave de actualizaci\u00f3n)<\/h2>    <div class=\"wp-block-media-text is-stacked-on-mobile\"><figure class=\"wp-block-media-text__media\"><img loading=\"lazy\" decoding=\"async\" width=\"540\" height=\"720\" src=\"https:\/\/eggtraym.com\/wp-content\/uploads\/2026\/04\/hot-press-moulding-machine.webp\" alt=\"hot-press moulding machine\" class=\"wp-image-1076 size-full\" title=\"\" srcset=\"https:\/\/eggtraym.com\/wp-content\/uploads\/2026\/04\/hot-press-moulding-machine.webp 540w, https:\/\/eggtraym.com\/wp-content\/uploads\/2026\/04\/hot-press-moulding-machine-225x300.webp 225w, https:\/\/eggtraym.com\/wp-content\/uploads\/2026\/04\/hot-press-moulding-machine-9x12.webp 9w\" sizes=\"auto, (max-width: 540px) 100vw, 540px\" \/><\/figure><div class=\"wp-block-media-text__content\"> <p>El sistema de prensa caliente es una de las piezas clave del equipo que determina la calidad de las plantillas de zapatos. Al controlar con precisi\u00f3n la temperatura y la presi\u00f3n, garantiza que el producto ofrezca:<\/p>    <ul class=\"wp-block-list\"> <li>Mayor rigidez<\/li>    <li>Superficie m\u00e1s lisa<\/li>    <li>Mayor estabilidad estructural<\/li>    <li>Facilita el apilamiento y transporte<\/li> <\/ul>    <p>Al mismo tiempo, mejora significativamente la calidad visual del producto, haci\u00e9ndolo m\u00e1s adecuado para el mercado de embalaje de calzado de alta gama.<\/p> <\/div><\/div>    <h2 class=\"wp-block-heading\">Par\u00e1metros t\u00e9cnicos de la m\u00e1quina de fabricaci\u00f3n de bandejas para zapatos<\/h2>    <figure class=\"wp-block-table is-style-stripes\"><table class=\"has-fixed-layout\"><tbody><tr><td><strong>Modelo<\/strong><\/td><td><strong>Producci\u00f3n<\/strong><br><strong>Capacidad<\/strong><\/td><td><strong>Total <\/strong><br><strong>Fuerza<\/strong><\/td><td><strong>Voltaje<\/strong><\/td><td><strong>Instalado <\/strong><br><strong>\u00c1rea<\/strong><\/td><td><strong>Pulpa <\/strong><br><strong>Consumo<\/strong><\/td><td><strong>Agua <\/strong><br><strong>Consumo<\/strong><\/td><td><strong>Producci\u00f3n <\/strong><br><strong>Estructura<\/strong><\/td><\/tr><tr><td>SL-1000<\/td><td>800\u20131000 <br>pcs\/h<\/td><td>35\u201340 kW<\/td><td>380V \/ <br>50Hz<\/td><td>~70\u201390 <br>m\u00b2<\/td><td>70\u201390 <br>kg\/h<\/td><td>140\u2013180 <br>kg\/h<\/td><td>Individual<br>rotatorio lateral<\/td><\/tr><tr><td>SL-1500<\/td><td>1200\u2013<br>1500 <br>pcs\/h<\/td><td>40\u201345 kW<\/td><td>380V \/ <br>50Hz<\/td><td>~90\u2013110 <br>m\u00b2<\/td><td>100\u2013130 <br>kg\/h<\/td><td>200\u2013260 <br>kg\/h<\/td><td>Individual \/ <br>Cuatro lados <br>opcional<\/td><\/tr><tr><td>SL-2500<\/td><td>2000\u2013<br>2500 <br>pcs\/h<\/td><td>50\u201360 kW<\/td><td>380V \/ <br>50Hz<\/td><td>~110\u2013140 <br>m\u00b2<\/td><td>160\u2013220 <br>kg\/h<\/td><td>320\u2013440 <br>kg\/h<\/td><td>Cuatro lados <br>rotatorio <br>sistema<\/td><\/tr><tr><td>SL-3000<\/td><td>2600\u2013<br>3200 <br>pcs\/h<\/td><td>60\u201370 kW<\/td><td>380V \/ <br>50Hz<\/td><td>~130\u2013160 <br>m\u00b2<\/td><td>220\u2013260 <br>kg\/h<\/td><td>440\u2013520 <br>kg\/h<\/td><td>Cuatro lados <br>alto-<br>eficiencia<\/td><\/tr><tr><td>SL-4000<\/td><td>3500\u2013<br>4200 <br>pcs\/h<\/td><td>85\u2013100 <br>kW<\/td><td>380V \/ <br>50Hz<\/td><td>~160\u2013200 <br>m\u00b2<\/td><td>280\u2013340 <br>kg\/h<\/td><td>560\u2013680 <br>kg\/h<\/td><td>Cuatro \/ <br>Ocho lados <br>opcional<\/td><\/tr><tr><td>SL-5000<\/td><td>4500\u2013<br>5200 <br>pcs\/h<\/td><td>100\u2013110 <br>kW<\/td><td>380V \/ <br>50Hz<\/td><td>~180\u2013220 <br>m\u00b2<\/td><td>360\u2013420 <br>kg\/h<\/td><td>720\u2013840 <br>kg\/h<\/td><td>Ocho lados <br>rotatorio <br>sistema<\/td><\/tr><tr><td>SL-7000<\/td><td>6000\u2013<br>7000 <br>pcs\/h<\/td><td>110\u2013130 <br>kW<\/td><td>380V \/ <br>50Hz<\/td><td>~220\u2013260 <br>m\u00b2<\/td><td>450\u2013520 <br>kg\/h<\/td><td>900\u20131050 <br>kg\/h<\/td><td>Alto-<br>velocidad <br>multi-<br>estaci\u00f3n<\/td><\/tr><\/tbody><\/table><figcaption class=\"wp-element-caption\">Especificaciones detalladas de la m\u00e1quina de fabricaci\u00f3n de bandejas para zapatos<\/figcaption><\/figure>    <p>Al cambiar los moldes, la misma l\u00ednea de producci\u00f3n tambi\u00e9n puede usarse para fabricar productos de embalaje ecol\u00f3gicos como bandejas de huevos, bandejas de manzanas y bandejas para tazas de caf\u00e9, maximizando as\u00ed la versatilidad del equipo y el retorno de inversi\u00f3n.<\/p>    <p class=\"translation-block\">Si est\u00e1 interesado en otros equipos de moldeo en pulpa, como m\u00e1quinas de moldeo de bandejas de huevos, <strong><em><a href=\"https:\/\/eggtraym.com\/es\/product\/fruit-tray-making-machine\/\">m\u00e1quinas de moldeo de bandejas de manzanas<\/a><\/em><\/strong> y <strong><em><a href=\"https:\/\/eggtraym.com\/es\/product\/paper-pulp-coffee-cup-holder-making-machine\/\">m\u00e1quinas de moldeo de bandejas para tazas de caf\u00e9<\/a><\/em><\/strong>. No dude en contactarnos para obtener m\u00e1s informaci\u00f3n sobre nuestra gama de productos y descubrir nuestras soluciones integrales de embalaje ecol\u00f3gico de un solo punto.<\/p>","protected":false},"excerpt":{"rendered":"<p>La m\u00e1quina de fabricaci\u00f3n de bandejas para zapatos puede utilizar pulpa de papel de desecho para producir plantillas de zapatos ecol\u00f3gicas, \u00e1rboles para zapatos y liners de embalaje para zapatos, ofreciendo alta capacidad de producci\u00f3n, bajos costos y opciones de personalizaci\u00f3n.<\/p>","protected":false},"author":1,"featured_media":1075,"parent":0,"template":"","tags":[42,51],"product-type":[3],"class_list":["post-1068","product","type-product","status-publish","has-post-thumbnail","hentry","tag-paper-tray","tag-shoe-tray","product-type-egg-tray-making-machine"],"_links":{"self":[{"href":"https:\/\/eggtraym.com\/es\/wp-json\/wp\/v2\/product\/1068","targetHints":{"allow":["GET"]}}],"collection":[{"href":"https:\/\/eggtraym.com\/es\/wp-json\/wp\/v2\/product"}],"about":[{"href":"https:\/\/eggtraym.com\/es\/wp-json\/wp\/v2\/types\/product"}],"author":[{"embeddable":true,"href":"https:\/\/eggtraym.com\/es\/wp-json\/wp\/v2\/users\/1"}],"wp:featuredmedia":[{"embeddable":true,"href":"https:\/\/eggtraym.com\/es\/wp-json\/wp\/v2\/media\/1075"}],"wp:attachment":[{"href":"https:\/\/eggtraym.com\/es\/wp-json\/wp\/v2\/media?parent=1068"}],"wp:term":[{"taxonomy":"post_tag","embeddable":true,"href":"https:\/\/eggtraym.com\/es\/wp-json\/wp\/v2\/tags?post=1068"},{"taxonomy":"product-type","embeddable":true,"href":"https:\/\/eggtraym.com\/es\/wp-json\/wp\/v2\/product-type?post=1068"}],"curies":[{"name":"wp","href":"https:\/\/api.w.org\/{rel}","templated":true}]}}