{"id":45,"date":"2022-09-07T06:40:27","date_gmt":"2022-09-07T06:40:27","guid":{"rendered":"https:\/\/eggtraym.com\/?page_id=45"},"modified":"2025-08-05T17:42:08","modified_gmt":"2025-08-05T09:42:08","slug":"contact-us","status":"publish","type":"page","link":"https:\/\/eggtraym.com\/es\/contact-us\/","title":{"rendered":"Cont\u00e1ctenos"},"content":{"rendered":"<div class=\"wp-block-columns is-layout-flex wp-container-core-columns-is-layout-9d6595d7 wp-block-columns-is-layout-flex\"> <div class=\"wp-block-column is-vertically-aligned-top is-content-justification-left is-layout-constrained wp-container-core-column-is-layout-02d07192 wp-block-column-is-layout-constrained\"> <h2 class=\"wp-block-heading\">Por favor, consulte los siguientes aspectos para especificar sus requisitos:<\/h2>    <ul class=\"wp-block-list\"> <li>El Grupo Shuliy se adhiere a los principios de integridad, pragmatismo e innovaci\u00f3n tecnol\u00f3gica, centr\u00e1ndose en la creaci\u00f3n de equipos de alta calidad. <\/li>    <li>Estamos comprometidos con un enfoque centrado en el cliente, esforz\u00e1ndonos no solo por el reconocimiento, sino tambi\u00e9n por superar las expectativas, ayudando as\u00ed a nuestros clientes a lograr un mayor valor.<\/li> <\/ul> <\/div>    <div class=\"wp-block-column is-vertically-aligned-top is-layout-flow wp-block-column-is-layout-flow\" style=\"flex-basis:40%\"> <ol class=\"wp-block-list\"> <li>\u00bfCu\u00e1l es su volumen de producci\u00f3n esperado?<\/li>    <li>\u00bfRequiere una l\u00ednea de secado continua?<\/li>    <li>\u00bfHay requisitos espec\u00edficos para la forma, el grosor o la aplicaci\u00f3n del producto final?<\/li>    <li>\u00bfCu\u00e1l es su presupuesto aproximado para la adquisici\u00f3n de equipos?<\/li>    <li>\u00bfQu\u00e9 aspectos le preocupan m\u00e1s? (Ofrecemos servicios personalizados.)<\/li> <\/ol>    <div class=\"wp-block-buttons is-layout-flex wp-block-buttons-is-layout-flex\"> <div class=\"wp-block-button\"><a class=\"wp-block-button__link wp-element-button\" href=\"https:\/\/api.whatsapp.com\/send?phone=+86%2017320158259&amp;text=Hi,%20I%20am%20interested%20in%20this%20product,%20please%20contact%20me.%20https:\/\/eggtraym.com\/contact-us\/\" data-no-translation=\"\">Get Started<\/a><\/div> <\/div> <\/div> <\/div>   <h1 style=\"font-style:normal;font-weight:700;\" class=\"has-text-align-left wp-block-site-title has-medium-font-size\"><a href=\"https:\/\/eggtraym.com\/es\" target=\"_self\" rel=\"home\">M\u00e1quina para fabricar bandejas de huevos<\/a><\/h1>   <p class=\"has-text-align-left\">Soluciones completas para bandejas de huevos<\/p>    <div class=\"wp-block-buttons is-content-justification-center is-layout-flex wp-container-core-buttons-is-layout-16018d1d wp-block-buttons-is-layout-flex\"> <div class=\"wp-block-button has-custom-width wp-block-button__width-100\"><a class=\"wp-block-button__link wp-element-button\" href=\"https:\/\/www.youtube.com\/@eggtraymachinesupplier8158\" target=\"_blank\" rel=\"noopener\">Haga clic para ver mis \u00faltimos videos<\/a><\/div>    <div class=\"wp-block-button has-custom-width wp-block-button__width-100\"><a class=\"wp-block-button__link wp-element-button\" href=\"https:\/\/api.whatsapp.com\/send?phone=+86%2017320158259&amp;text=Hi,%20I%20am%20interested%20in%20this%20product,%20please%20contact%20me.%20https:\/\/eggtraym.com\/contact-us\/\" data-no-translation=\"\">Click to contact me on WhatsApp<\/a><\/div>    <div class=\"wp-block-button has-custom-width wp-block-button__width-100\"><a class=\"wp-block-button__link wp-element-button\">Correo electr\u00f3nico: info@eggtraym.com<\/a><\/div>    <div class=\"wp-block-button has-custom-width wp-block-button__width-100\"><a class=\"wp-block-button__link wp-element-button\">Direcci\u00f3n: Jingkai Square East Hanghai Road, ETDZ, Zhengzhou, Henan, China<\/a><\/div> <\/div>","protected":false},"excerpt":{"rendered":"<p>Por favor, consulte los siguientes aspectos para especificar sus requisitos: Soluciones completas para bandejas de huevos<\/p>","protected":false},"author":1,"featured_media":0,"parent":0,"menu_order":0,"comment_status":"closed","ping_status":"closed","template":"","meta":{"footnotes":""},"class_list":["post-45","page","type-page","status-publish","hentry"],"_links":{"self":[{"href":"https:\/\/eggtraym.com\/es\/wp-json\/wp\/v2\/pages\/45","targetHints":{"allow":["GET"]}}],"collection":[{"href":"https:\/\/eggtraym.com\/es\/wp-json\/wp\/v2\/pages"}],"about":[{"href":"https:\/\/eggtraym.com\/es\/wp-json\/wp\/v2\/types\/page"}],"author":[{"embeddable":true,"href":"https:\/\/eggtraym.com\/es\/wp-json\/wp\/v2\/users\/1"}],"replies":[{"embeddable":true,"href":"https:\/\/eggtraym.com\/es\/wp-json\/wp\/v2\/comments?post=45"}],"version-history":[{"count":0,"href":"https:\/\/eggtraym.com\/es\/wp-json\/wp\/v2\/pages\/45\/revisions"}],"wp:attachment":[{"href":"https:\/\/eggtraym.com\/es\/wp-json\/wp\/v2\/media?parent=45"}],"curies":[{"name":"wp","href":"https:\/\/api.w.org\/{rel}","templated":true}]}}