{"id":12,"date":"2022-09-06T08:42:41","date_gmt":"2022-09-06T08:42:41","guid":{"rendered":"https:\/\/eggtraym.com\/?page_id=12"},"modified":"2022-09-07T10:38:45","modified_gmt":"2022-09-07T10:38:45","slug":"about-us","status":"publish","type":"page","link":"https:\/\/eggtraym.com\/es\/about-us\/","title":{"rendered":"Sobre nosotros"},"content":{"rendered":"<div class=\"wp-block-media-text alignwide is-stacked-on-mobile\"><figure class=\"wp-block-media-text__media\"><img loading=\"lazy\" decoding=\"async\" width=\"720\" height=\"540\" src=\"https:\/\/eggtraym.com\/wp-content\/uploads\/2022\/09\/facotry-.webp\" alt=\"f\u00e1brica de shuly\" class=\"wp-image-34 size-full\" title=\"\" srcset=\"https:\/\/eggtraym.com\/wp-content\/uploads\/2022\/09\/facotry-.webp 720w, https:\/\/eggtraym.com\/wp-content\/uploads\/2022\/09\/facotry--300x225.webp 300w\" sizes=\"auto, (max-width: 720px) 100vw, 720px\" \/><\/figure><div class=\"wp-block-media-text__content\"> <p>Shuliy Machinery se estableci\u00f3 en 1984 y ha estado trabajando arduamente para avanzar en el campo de los equipos de m\u00e1quinas para bandejas de huevos. Como m\u00e1quina respetuosa con el medio ambiente, las m\u00e1quinas para bandejas de huevos pueden reutilizar diversos recursos de papel de desecho, lo que es beneficioso para el medio ambiente. Desde su creaci\u00f3n, nuestros productos tambi\u00e9n han sido amados por los clientes tanto nacionales como extranjeros. Y muchos pa\u00edses han establecido cooperaci\u00f3n con nosotros, como Nigeria, Bolivia, Camer\u00fan, Mozambique, Uzbekist\u00e1n, Zambia, Sud\u00e1frica, etc.<\/p> <\/div><\/div>    <h2 class=\"wp-block-heading\" id=\"h-main-products-and-finished-products\">Productos principales y productos terminados.<\/h2>    <p class=\"translation-block\">Nuestros principales productos son <strong>m\u00e1quinas para bandejas de huevos<\/strong>, <strong>l\u00edneas de producci\u00f3n de bandejas de huevos<\/strong>, <strong>m\u00e1quinas para bandejas de manzanas<\/strong>, <strong>m\u00e1quinas para hacer pulpa<\/strong>, <strong>m\u00e1quinas para secar bandejas de huevos<\/strong>, <strong>m\u00e1quinas de prensado en caliente<\/strong>, <strong>m\u00e1quinas de embalaje<\/strong>, etc. que pueden formar la l\u00ednea de producci\u00f3n de bandejas de huevos. Adem\u00e1s de bandejas de huevos, nuestras m\u00e1quinas tambi\u00e9n pueden producir otros productos terminados en varias formas. Estos productos terminados pueden ser utilizados para huevos, frutas, electrodom\u00e9sticos, herramientas, zapatos, caf\u00e9, botellas de vino, etc.<\/p>    <figure class=\"wp-block-image size-full\"><img loading=\"lazy\" decoding=\"async\" width=\"720\" height=\"540\" src=\"https:\/\/eggtraym.com\/wp-content\/uploads\/2022\/09\/finished-products-.webp\" alt=\"productos terminados\" class=\"wp-image-36\" title=\"productos terminados\" srcset=\"https:\/\/eggtraym.com\/wp-content\/uploads\/2022\/09\/finished-products-.webp 720w, https:\/\/eggtraym.com\/wp-content\/uploads\/2022\/09\/finished-products--300x225.webp 300w\" sizes=\"auto, (max-width: 720px) 100vw, 720px\" \/><figcaption>Productos terminados<\/figcaption><\/figure>    <h2 class=\"wp-block-heading\" id=\"h-certificates\">Certificados<\/h2>    <p>Nuestra empresa ha aprobado la certificaci\u00f3n del sistema nacional de gesti\u00f3n de calidad ISO9001:2008, adem\u00e1s de otros certificados relacionados.<\/p>    <figure class=\"wp-block-image size-full\"><img loading=\"lazy\" decoding=\"async\" width=\"720\" height=\"540\" src=\"https:\/\/eggtraym.com\/wp-content\/uploads\/2022\/09\/Certificates-.webp\" alt=\"Certificados\" class=\"wp-image-35\" title=\"Certificados\" srcset=\"https:\/\/eggtraym.com\/wp-content\/uploads\/2022\/09\/Certificates-.webp 720w, https:\/\/eggtraym.com\/wp-content\/uploads\/2022\/09\/Certificates--300x225.webp 300w\" sizes=\"auto, (max-width: 720px) 100vw, 720px\" \/><figcaption>Certificados<\/figcaption><\/figure>    <h2 class=\"wp-block-heading\" id=\"h-our-service\">Nuestro servicio<\/h2>    <ol class=\"wp-block-list\"><li>Servicio en ventas. Proporcionaremos a los clientes v\u00eddeos, im\u00e1genes y soluciones de m\u00e1quinas confiables. Tambi\u00e9n apoyamos la personalizaci\u00f3n de m\u00e1quinas y moldes de productos. Tambi\u00e9n proporcionaremos a los clientes bocetos y planos de la f\u00e1brica si los necesitan.<\/li><li>Servicio postventa. Ofrecemos un a\u00f1o de servicio postventa a nuestros clientes. Instalaci\u00f3n y puesta en marcha de m\u00e1quinas para clientes. Los clientes pueden comunicarse con nosotros en l\u00ednea y fuera de l\u00ednea si tienen alguna pregunta.<\/li><\/ol>    <p><\/p>","protected":false},"excerpt":{"rendered":"<p>Shuliy Machinery was established in 1984 and has been working hard to move forward in the field of egg tray machine equipment. As an environment-friendly machine, the egg tray machines can reuse various waste paper resources, which is beneficial to the environment. Since its establishment, our products have also been loved by customers both at [&hellip;]<\/p>\n","protected":false},"author":1,"featured_media":0,"parent":0,"menu_order":0,"comment_status":"closed","ping_status":"closed","template":"","meta":{"footnotes":""},"class_list":["post-12","page","type-page","status-publish","hentry"],"_links":{"self":[{"href":"https:\/\/eggtraym.com\/es\/wp-json\/wp\/v2\/pages\/12","targetHints":{"allow":["GET"]}}],"collection":[{"href":"https:\/\/eggtraym.com\/es\/wp-json\/wp\/v2\/pages"}],"about":[{"href":"https:\/\/eggtraym.com\/es\/wp-json\/wp\/v2\/types\/page"}],"author":[{"embeddable":true,"href":"https:\/\/eggtraym.com\/es\/wp-json\/wp\/v2\/users\/1"}],"replies":[{"embeddable":true,"href":"https:\/\/eggtraym.com\/es\/wp-json\/wp\/v2\/comments?post=12"}],"version-history":[{"count":0,"href":"https:\/\/eggtraym.com\/es\/wp-json\/wp\/v2\/pages\/12\/revisions"}],"wp:attachment":[{"href":"https:\/\/eggtraym.com\/es\/wp-json\/wp\/v2\/media?parent=12"}],"curies":[{"name":"wp","href":"https:\/\/api.w.org\/{rel}","templated":true}]}}