{"id":81,"date":"2022-09-14T09:11:21","date_gmt":"2022-09-14T09:11:21","guid":{"rendered":"https:\/\/eggtraym.com\/?post_type=product&#038;p=81"},"modified":"2022-09-28T18:28:10","modified_gmt":"2022-09-28T10:28:10","slug":"egg-tray-packaging-machine-for-sale","status":"publish","type":"product","link":"https:\/\/eggtraym.com\/de\/product\/egg-tray-packaging-machine-for-sale\/","title":{"rendered":"Eierschalen-Verpackungsmaschine zu verkaufen"},"content":{"rendered":"<div class=\"kk-star-ratings kksr-auto kksr-align-left kksr-valign-top\"     data-payload='{&quot;align&quot;:&quot;left&quot;,&quot;id&quot;:&quot;81&quot;,&quot;slug&quot;:&quot;default&quot;,&quot;valign&quot;:&quot;top&quot;,&quot;ignore&quot;:&quot;&quot;,&quot;reference&quot;:&quot;auto&quot;,&quot;class&quot;:&quot;&quot;,&quot;count&quot;:&quot;29&quot;,&quot;legendonly&quot;:&quot;&quot;,&quot;readonly&quot;:&quot;&quot;,&quot;score&quot;:&quot;4.5&quot;,&quot;starsonly&quot;:&quot;&quot;,&quot;best&quot;:&quot;5&quot;,&quot;gap&quot;:&quot;5&quot;,&quot;greet&quot;:&quot;Rate this product&quot;,&quot;legend&quot;:&quot;4.5\\\/5 - (29 votes)&quot;,&quot;size&quot;:&quot;24&quot;,&quot;title&quot;:&quot;Egg tray packaging machine for sale&quot;,&quot;width&quot;:&quot;128&quot;,&quot;_legend&quot;:&quot;{score}\\\/{best} - ({count} {votes})&quot;,&quot;font_factor&quot;:&quot;1.25&quot;}'>              <div class=\"kksr-stars\">      <div class=\"kksr-stars-inactive\">             <div class=\"kksr-star\" data-star=\"1\" style=\"padding-right: 5px\">               <div class=\"kksr-icon\" style=\"width: 24px; height: 24px;\"><\/div>         <\/div>             <div class=\"kksr-star\" data-star=\"2\" style=\"padding-right: 5px\">               <div class=\"kksr-icon\" style=\"width: 24px; height: 24px;\"><\/div>         <\/div>             <div class=\"kksr-star\" data-star=\"3\" style=\"padding-right: 5px\">               <div class=\"kksr-icon\" style=\"width: 24px; height: 24px;\"><\/div>         <\/div>             <div class=\"kksr-star\" data-star=\"4\" style=\"padding-right: 5px\">               <div class=\"kksr-icon\" style=\"width: 24px; height: 24px;\"><\/div>         <\/div>             <div class=\"kksr-star\" data-star=\"5\" style=\"padding-right: 5px\">               <div class=\"kksr-icon\" style=\"width: 24px; height: 24px;\"><\/div>         <\/div>     <\/div>      <div class=\"kksr-stars-active\" style=\"width: 128px;\">             <div class=\"kksr-star\" style=\"padding-right: 5px\">               <div class=\"kksr-icon\" style=\"width: 24px; height: 24px;\"><\/div>         <\/div>             <div class=\"kksr-star\" style=\"padding-right: 5px\">               <div class=\"kksr-icon\" style=\"width: 24px; height: 24px;\"><\/div>         <\/div>             <div class=\"kksr-star\" style=\"padding-right: 5px\">               <div class=\"kksr-icon\" style=\"width: 24px; height: 24px;\"><\/div>         <\/div>             <div class=\"kksr-star\" style=\"padding-right: 5px\">               <div class=\"kksr-icon\" style=\"width: 24px; height: 24px;\"><\/div>         <\/div>             <div class=\"kksr-star\" style=\"padding-right: 5px\">               <div class=\"kksr-icon\" style=\"width: 24px; height: 24px;\"><\/div>         <\/div>     <\/div> <\/div>                   <div class=\"kksr-legend\" style=\"font-size: 19.2px;\">             4,5\/5 - (29 Stimmen)    <\/div>     <\/div>  <p>Die zum Verkauf stehende Eierschalen-Verpackungsmaschine wird im Endprozess der Eierschalen-Maschinenlinie eingesetzt. Mit dieser Maschine kann die Eierablage fest und fest gedr\u00fcckt werden, um ein Verstreuen zu vermeiden. Diese automatische Ballenpresse hat eine gute Leistung und eine sch\u00f6ne Form. Dar\u00fcber hinaus ist die Maschine einfach zu bedienen und zu warten, sicher und energiesparend.<\/p>    <h2 class=\"wp-block-heading\">Einf\u00fchrung einer zum Verkauf stehenden Eierschalen-Verpackungsmaschine<\/h2>    <p>Diese Maschine wird h\u00e4ufig in verschiedenen Zellstoffformlinien eingesetzt. Es ist das am h\u00e4ufigsten verwendete Verpackungssystem. Es kann verwendet werden, um die fertige Eierschale nach festgelegten Spezifikationen zu extrudieren. Die Ballen-Eierschalenmaschine ist dicht gestapelt, um Lager- und Transportraum zu sparen. Wir produzieren Verpackungsmaschinen mit hydraulischem oder elektrischem Antrieb. Es kann mehrere Eierablagen gleichzeitig verarbeiten, was die Arbeitsbelastung der Mitarbeiter erheblich reduziert.<\/p>    <figure class=\"wp-block-image size-full\"><img loading=\"lazy\" decoding=\"async\" width=\"720\" height=\"540\" src=\"https:\/\/eggtraym.com\/wp-content\/uploads\/2022\/09\/egg-tray-packaging-machine-.webp\" alt=\"Eierschalen-Verpackungsmaschine zu verkaufen\" class=\"wp-image-165\" title=\"Eierschalen-Verpackungsmaschine zu verkaufen\" srcset=\"https:\/\/eggtraym.com\/wp-content\/uploads\/2022\/09\/egg-tray-packaging-machine-.webp 720w, https:\/\/eggtraym.com\/wp-content\/uploads\/2022\/09\/egg-tray-packaging-machine--300x225.webp 300w\" sizes=\"auto, (max-width: 720px) 100vw, 720px\" \/><figcaption>Eierschalen-Verpackungsmaschine zu verkaufen<\/figcaption><\/figure>    <h2 class=\"wp-block-heading\">Einsatzbereich des Eierschalenstaplers<\/h2>    <p class=\"translation-block\">Die Maschine wird h\u00e4ufig in <a href=\"https:\/\/www.shuliy.com\/product\/egg-tray-production-line-plant\/\" target=\"_blank\" rel=\"noopener\">Ei-Schalen-Maschinen-Produktionslinien<\/a>, Obstschalen-Maschinen-Produktionslinien, Schuhschalen-Maschinen-Produktionslinien, Weinschalen-Produktionslinien und anderen Zellstoffformen-Produktionslinien verwendet.<\/p>    <h2 class=\"wp-block-heading\">Merkmale der Eierschalen-Verpackungsmaschine<\/h2>    <ol class=\"wp-block-list\"><li>Der Aufbau der Eierschalenpresse ist einfach und leicht zu bedienen.<\/li><li>Die Maschine nimmt eine vertikale Struktur an und nimmt eine kleine Fl\u00e4che ein.<\/li><li>Die Ballenpresse verf\u00fcgt \u00fcber eine automatische Hebefunktion und eine hohe Arbeitseffizienz.<\/li><\/ol>    <figure class=\"wp-block-image size-full\"><img loading=\"lazy\" decoding=\"async\" width=\"720\" height=\"540\" src=\"https:\/\/eggtraym.com\/wp-content\/uploads\/2022\/09\/egg-tray-stacker-.webp\" alt=\"Eierablagestapler\" class=\"wp-image-167\" title=\"Eierablagestapler\" srcset=\"https:\/\/eggtraym.com\/wp-content\/uploads\/2022\/09\/egg-tray-stacker-.webp 720w, https:\/\/eggtraym.com\/wp-content\/uploads\/2022\/09\/egg-tray-stacker--300x225.webp 300w\" sizes=\"auto, (max-width: 720px) 100vw, 720px\" \/><figcaption>Eierablagestapler<\/figcaption><\/figure>    <h2 class=\"wp-block-heading\">Parameter der halbautomatischen Schalenverpackungsmaschine<\/h2>    <figure class=\"wp-block-table\"><table><tbody><tr><td>Maschinenname<\/td><td>Ballenpresse f\u00fcr Eierschale<\/td><\/tr><tr><td>Stromquelle<\/td><td>Pneumatisch<\/td><\/tr><tr><td>Automatisierungstyp<\/td><td>Automatisierung<\/td><\/tr><tr><td>Maschinenfarbe<\/td><td>Anpassung<\/td><\/tr><tr><td>Anwendungen<\/td><td>Verschiedene Papierschalen, wie Eierschalen, Apfelschalen, Wachteleierschalen usw<\/td><\/tr><tr><td>Funktionen<\/td><td>Paket<\/td><\/tr><\/tbody><\/table><\/figure>    <h2 class=\"wp-block-heading\">Der Einsatz einer Eierschalen-Verpackungsmaschine in der Eierschalen-Produktionslinie<\/h2>    <p class=\"translation-block\">Unsere Ei-Schalen-Produktionslinie umfasst normalerweise eine Papierreissmaschine, Ei-Schalen-Formmaschine, <a href=\"https:\/\/eggtraym.com\/de\/product\/egg-tray-dryer\/\">Ei-Schalen-Trockenmaschine<\/a>, <a href=\"https:\/\/eggtraym.com\/de\/product\/egg-tray-hot-press-machine\/\">Ei-Schalen-Hei\u00dfpresse<\/a>, Ei-Schalen-Verpackungsmaschine zum Verkauf und Ei-Schalen-Stapelmaschine. Daher ist die Ei-Schalen-Verpackungsmaschine die Endbearbeitungsmaschine in der Produktionslinie. Wie der Ei-Schalen-Stapler kann sie viel Arbeitskraft und Zeit sparen. Die Zusammenarbeit mit anderen Maschinen kann den Ei-Schalen-Produktionsprozess erheblich beschleunigen.<\/p>    <figure class=\"wp-block-image size-full\"><img loading=\"lazy\" decoding=\"async\" width=\"720\" height=\"540\" src=\"https:\/\/eggtraym.com\/wp-content\/uploads\/2022\/09\/egg-tray-packing-machine-.webp\" alt=\"Eierschalen-Verpackungsmaschine\" class=\"wp-image-166\" title=\"Eierschalen-Verpackungsmaschine\" srcset=\"https:\/\/eggtraym.com\/wp-content\/uploads\/2022\/09\/egg-tray-packing-machine-.webp 720w, https:\/\/eggtraym.com\/wp-content\/uploads\/2022\/09\/egg-tray-packing-machine--300x225.webp 300w\" sizes=\"auto, (max-width: 720px) 100vw, 720px\" \/><figcaption>Eierablage-Verpackungsmaschine<\/figcaption><\/figure>","protected":false},"excerpt":{"rendered":"<p>Die zum Verkauf stehende Eierschalen-Verpackungsmaschine wird im Endprozess der Eierschalen-Maschinenlinie eingesetzt. <\/p>","protected":false},"author":1,"featured_media":162,"parent":0,"template":"","tags":[34,12],"product-type":[7],"class_list":["post-81","product","type-product","status-publish","has-post-thumbnail","hentry","tag-egg-tray-packaging-machine-for-sale","tag-egg-tray-production-line","product-type-egg-tray-packing-machine"],"_links":{"self":[{"href":"https:\/\/eggtraym.com\/de\/wp-json\/wp\/v2\/product\/81","targetHints":{"allow":["GET"]}}],"collection":[{"href":"https:\/\/eggtraym.com\/de\/wp-json\/wp\/v2\/product"}],"about":[{"href":"https:\/\/eggtraym.com\/de\/wp-json\/wp\/v2\/types\/product"}],"author":[{"embeddable":true,"href":"https:\/\/eggtraym.com\/de\/wp-json\/wp\/v2\/users\/1"}],"wp:featuredmedia":[{"embeddable":true,"href":"https:\/\/eggtraym.com\/de\/wp-json\/wp\/v2\/media\/162"}],"wp:attachment":[{"href":"https:\/\/eggtraym.com\/de\/wp-json\/wp\/v2\/media?parent=81"}],"wp:term":[{"taxonomy":"post_tag","embeddable":true,"href":"https:\/\/eggtraym.com\/de\/wp-json\/wp\/v2\/tags?post=81"},{"taxonomy":"product-type","embeddable":true,"href":"https:\/\/eggtraym.com\/de\/wp-json\/wp\/v2\/product-type?post=81"}],"curies":[{"name":"wp","href":"https:\/\/api.w.org\/{rel}","templated":true}]}}