{"id":79,"date":"2022-09-14T08:58:35","date_gmt":"2022-09-14T08:58:35","guid":{"rendered":"https:\/\/eggtraym.com\/?post_type=product&#038;p=79"},"modified":"2022-09-28T18:27:22","modified_gmt":"2022-09-28T10:27:22","slug":"egg-tray-hot-press-machine","status":"publish","type":"product","link":"https:\/\/eggtraym.com\/de\/product\/egg-tray-hot-press-machine\/","title":{"rendered":"Eierablage-Hei\u00dfpressmaschine, Hei\u00dfpressformmaschine"},"content":{"rendered":"<div class=\"kk-star-ratings kksr-auto kksr-align-left kksr-valign-top\"     data-payload='{&quot;align&quot;:&quot;left&quot;,&quot;id&quot;:&quot;79&quot;,&quot;slug&quot;:&quot;default&quot;,&quot;valign&quot;:&quot;top&quot;,&quot;ignore&quot;:&quot;&quot;,&quot;reference&quot;:&quot;auto&quot;,&quot;class&quot;:&quot;&quot;,&quot;count&quot;:&quot;25&quot;,&quot;legendonly&quot;:&quot;&quot;,&quot;readonly&quot;:&quot;&quot;,&quot;score&quot;:&quot;4.6&quot;,&quot;starsonly&quot;:&quot;&quot;,&quot;best&quot;:&quot;5&quot;,&quot;gap&quot;:&quot;5&quot;,&quot;greet&quot;:&quot;Rate this product&quot;,&quot;legend&quot;:&quot;4.6\\\/5 - (25 votes)&quot;,&quot;size&quot;:&quot;24&quot;,&quot;title&quot;:&quot;Egg tray hot press machine\u4e28hot press shaping machine&quot;,&quot;width&quot;:&quot;130.9&quot;,&quot;_legend&quot;:&quot;{score}\\\/{best} - ({count} {votes})&quot;,&quot;font_factor&quot;:&quot;1.25&quot;}'>              <div class=\"kksr-stars\">      <div class=\"kksr-stars-inactive\">             <div class=\"kksr-star\" data-star=\"1\" style=\"padding-right: 5px\">               <div class=\"kksr-icon\" style=\"width: 24px; height: 24px;\"><\/div>         <\/div>             <div class=\"kksr-star\" data-star=\"2\" style=\"padding-right: 5px\">               <div class=\"kksr-icon\" style=\"width: 24px; height: 24px;\"><\/div>         <\/div>             <div class=\"kksr-star\" data-star=\"3\" style=\"padding-right: 5px\">               <div class=\"kksr-icon\" style=\"width: 24px; height: 24px;\"><\/div>         <\/div>             <div class=\"kksr-star\" data-star=\"4\" style=\"padding-right: 5px\">               <div class=\"kksr-icon\" style=\"width: 24px; height: 24px;\"><\/div>         <\/div>             <div class=\"kksr-star\" data-star=\"5\" style=\"padding-right: 5px\">               <div class=\"kksr-icon\" style=\"width: 24px; height: 24px;\"><\/div>         <\/div>     <\/div>      <div class=\"kksr-stars-active\" style=\"width: 130.9px;\">             <div class=\"kksr-star\" style=\"padding-right: 5px\">               <div class=\"kksr-icon\" style=\"width: 24px; height: 24px;\"><\/div>         <\/div>             <div class=\"kksr-star\" style=\"padding-right: 5px\">               <div class=\"kksr-icon\" style=\"width: 24px; height: 24px;\"><\/div>         <\/div>             <div class=\"kksr-star\" style=\"padding-right: 5px\">               <div class=\"kksr-icon\" style=\"width: 24px; height: 24px;\"><\/div>         <\/div>             <div class=\"kksr-star\" style=\"padding-right: 5px\">               <div class=\"kksr-icon\" style=\"width: 24px; height: 24px;\"><\/div>         <\/div>             <div class=\"kksr-star\" style=\"padding-right: 5px\">               <div class=\"kksr-icon\" style=\"width: 24px; height: 24px;\"><\/div>         <\/div>     <\/div> <\/div>                   <div class=\"kksr-legend\" style=\"font-size: 19.2px;\">             4,6\/5 - (25 Stimmen)    <\/div>     <\/div>  <p class=\"translation-block\">Die Hei\u00dfpressmaschine f\u00fcr Eiertrays ist eines der Hilfsger\u00e4te in der Produktion von Eiertrays. Diese Maschine wird nach dem <a href=\"https:\/\/eggtraym.com\/de\/product\/egg-tray-dryer\/\">Eiertray-Trockner<\/a> verwendet. Nach der Hei\u00dfpressung ist das Eiertray glatter und hat bessere Festigkeit und Steifigkeit. Die Maschine ist einfach zu bedienen und ben\u00f6tigt nur wenig Platz, was sie zu einer notwendigen Maschine f\u00fcr die meisten Hersteller von Eiertrays macht.<\/p>    <h2 class=\"wp-block-heading\">Was ist die Hei\u00dfpressmaschine f\u00fcr Eierkartons?<\/h2>    <p class=\"translation-block\">Die <a href=\"https:\/\/www.shuliy.com\/product\/egg-tray-press-packing-machine\/\" target=\"_blank\" rel=\"noopener\">Hei\u00dfpressmaschine f\u00fcr Eiertrays von Shuliy<\/a> wird verwendet, um die aus Pulp geformten Produkte durch Erw\u00e4rmen der Form zu gestalten. Die Maschine wird elektrisch gesteuert. Die pneumatische Leistung ist gut und der Betrieb ist sicher. Die Gr\u00f6\u00dfe und das Design der Form der Hei\u00dfpressmaschine f\u00fcr Eiertrays k\u00f6nnen an die Pulpprodukte angepasst werden, sodass die Produkte leicht entformt werden k\u00f6nnen.<\/p>    <figure class=\"wp-block-image size-full\"><img loading=\"lazy\" decoding=\"async\" width=\"720\" height=\"540\" src=\"https:\/\/eggtraym.com\/wp-content\/uploads\/2022\/09\/egg-tray-hot-press-machine-2.webp\" alt=\"Eierablage-Hei\u00dfpressmaschine\" class=\"wp-image-158\" title=\"Eierablage-Hei\u00dfpressmaschine\" srcset=\"https:\/\/eggtraym.com\/wp-content\/uploads\/2022\/09\/egg-tray-hot-press-machine-2.webp 720w, https:\/\/eggtraym.com\/wp-content\/uploads\/2022\/09\/egg-tray-hot-press-machine-2-300x225.webp 300w\" sizes=\"auto, (max-width: 720px) 100vw, 720px\" \/><figcaption>Eierablage-Hei\u00dfpressmaschine<\/figcaption><\/figure>    <h2 class=\"wp-block-heading\">Verwendung der Hei\u00dfpressformmaschine<\/h2>    <p>Wird zum Hei\u00dfpressen von aus Zellstoff geformten Produkten wie Eierschalen, Eierkartons, Eierkartons und Industrieverpackungen verwendet.<\/p>    <h2 class=\"wp-block-heading\">Aufbau und Funktion einer Papierfachformmaschine<\/h2>    <ol class=\"wp-block-list\"><li>Der Rahmen dient zur Unterst\u00fctzung des Hydraulikzylinders, der Hei\u00dfpressplatte und anderer Teile und tr\u00e4gt den Gesamtdruck der Hei\u00dfpresse w\u00e4hrend der Arbeit.<\/li><li>Hydraulikzylinder, der Aktuator f\u00fcr eine hin- und hergehende lineare Bewegung.<\/li><li>Hei\u00dfpressplatte und Heizsystem. Die Hei\u00dfpressplatte ist die Komponente zur W\u00e4rme- und Druck\u00fcbertragung.<\/li><\/ol>    <figure class=\"wp-block-image size-full\"><img loading=\"lazy\" decoding=\"async\" width=\"720\" height=\"540\" src=\"https:\/\/eggtraym.com\/wp-content\/uploads\/2022\/09\/paper-tray-forming-machine-.webp\" alt=\"Papierfachformmaschine\" class=\"wp-image-160\" title=\"Papierfachformmaschine\" srcset=\"https:\/\/eggtraym.com\/wp-content\/uploads\/2022\/09\/paper-tray-forming-machine-.webp 720w, https:\/\/eggtraym.com\/wp-content\/uploads\/2022\/09\/paper-tray-forming-machine--300x225.webp 300w\" sizes=\"auto, (max-width: 720px) 100vw, 720px\" \/><figcaption>Maschine zum Formen von Papierschalen<\/figcaption><\/figure>    <h2 class=\"wp-block-heading\">Warum verwenden wir eine Hei\u00dfpressformmaschine?<\/h2>    <ol class=\"wp-block-list\"><li>Wir verwenden die Eierschalen-Hei\u00dfpressmaschine, um das Erscheinungsbild von Zellstoffformprodukten glatter zu gestalten.<\/li><li>Die Eierablage-Hei\u00dfpressmaschine kann nach dem Abbinden automatisch eine konstante Temperatur halten. Es arbeitet bei hohen Temperaturen, um die Produktdicke gleichm\u00e4\u00dfig zu machen.<\/li><li>Die Maschine kann die raue Kante entfernen.<\/li><\/ol>    <figure class=\"wp-block-image size-full\"><img loading=\"lazy\" decoding=\"async\" width=\"720\" height=\"540\" src=\"https:\/\/eggtraym.com\/wp-content\/uploads\/2022\/09\/hot-press-shaping-machine-.webp\" alt=\"Hei\u00dfpressformmaschine\" class=\"wp-image-161\" title=\"Hei\u00dfpressformmaschine\" srcset=\"https:\/\/eggtraym.com\/wp-content\/uploads\/2022\/09\/hot-press-shaping-machine-.webp 720w, https:\/\/eggtraym.com\/wp-content\/uploads\/2022\/09\/hot-press-shaping-machine--300x225.webp 300w\" sizes=\"auto, (max-width: 720px) 100vw, 720px\" \/><figcaption>Hei\u00dfpressformmaschine<\/figcaption><\/figure>    <h2 class=\"wp-block-heading\">Merkmale der halbautomatischen Hei\u00dfpressmaschine<\/h2>    <ol class=\"wp-block-list\"><li>Die Eierablage-Hei\u00dfpressmaschine hat eine einfache Struktur und ein gepflegtes Aussehen.<\/li><li>Das elektrische Steuersystem ist recht stabil und die pneumatische Leistung ist zufriedenstellend.<\/li><li>Der Antrieb der neuen Hei\u00dfpresse erfolgt \u00fcber pneumatisch und hydraulisch unterst\u00fctzte Zylinder.<\/li><li>Daher verf\u00fcgt diese Maschine \u00fcber einen hohen Wirkungsgrad, einen hohen Druck und eine gute Energieeinsparung.<\/li><li>Die Maschine ist mit einer Z\u00e4hlervorrichtung ausgestattet, die einfach zu bedienen ist.<\/li><\/ol>    <h2 class=\"wp-block-heading\">Parameter der Zellstoff-Hei\u00dfpressmaschine<\/h2>    <figure class=\"wp-block-table\"><table><tbody><tr><td>Maschinenname<\/td><td>Hei\u00dfpressmaschine<\/td><\/tr><tr><td>Dimension<\/td><td>1200*800*1800mm<\/td><\/tr><tr><td>Arbeitsdruck<\/td><td>15 Tonnen<\/td><\/tr><tr><td>Leistung<\/td><td>6,5 kW<\/td><\/tr><tr><td>Arbeitstemperatur<\/td><td>160~200\u2103<\/td><\/tr><tr><td>Arbeitszykluszeit<\/td><td>6-10 Sekunden<\/td><\/tr><tr><td>Druckluft erforderlich<\/td><td>0,5~0,6 MPa, 1M3\/min;<\/td><\/tr><tr><td>Kontrolle<\/td><td>SPS-Steuerung<\/td><\/tr><\/tbody><\/table><figcaption>Parameter der Hei\u00dfpressmaschine f\u00fcr Zellstoff<\/figcaption><\/figure>","protected":false},"excerpt":{"rendered":"<p>Die Eierschalen-Hei\u00dfpressmaschine ist eine der Zusatzausr\u00fcstungen in der Eierschalen-Produktionslinie. Es wird nach dem Eierschalentrockner verwendet.<\/p>","protected":false},"author":1,"featured_media":156,"parent":0,"template":"","tags":[32,28,33],"product-type":[6],"class_list":["post-79","product","type-product","status-publish","has-post-thumbnail","hentry","tag-egg-tray-hot-press-machine","tag-egg-tray-manufacturing-plant","tag-hot-press-shaping-machine","product-type-egg-tray-pressing-machine"],"_links":{"self":[{"href":"https:\/\/eggtraym.com\/de\/wp-json\/wp\/v2\/product\/79","targetHints":{"allow":["GET"]}}],"collection":[{"href":"https:\/\/eggtraym.com\/de\/wp-json\/wp\/v2\/product"}],"about":[{"href":"https:\/\/eggtraym.com\/de\/wp-json\/wp\/v2\/types\/product"}],"author":[{"embeddable":true,"href":"https:\/\/eggtraym.com\/de\/wp-json\/wp\/v2\/users\/1"}],"wp:featuredmedia":[{"embeddable":true,"href":"https:\/\/eggtraym.com\/de\/wp-json\/wp\/v2\/media\/156"}],"wp:attachment":[{"href":"https:\/\/eggtraym.com\/de\/wp-json\/wp\/v2\/media?parent=79"}],"wp:term":[{"taxonomy":"post_tag","embeddable":true,"href":"https:\/\/eggtraym.com\/de\/wp-json\/wp\/v2\/tags?post=79"},{"taxonomy":"product-type","embeddable":true,"href":"https:\/\/eggtraym.com\/de\/wp-json\/wp\/v2\/product-type?post=79"}],"curies":[{"name":"wp","href":"https:\/\/api.w.org\/{rel}","templated":true}]}}