{"id":77,"date":"2022-09-14T08:19:37","date_gmt":"2022-09-14T08:19:37","guid":{"rendered":"https:\/\/eggtraym.com\/?post_type=product&#038;p=77"},"modified":"2025-06-26T17:08:50","modified_gmt":"2025-06-26T09:08:50","slug":"egg-tray-dryer","status":"publish","type":"product","link":"https:\/\/eggtraym.com\/de\/product\/egg-tray-dryer\/","title":{"rendered":"Eierschalentrockner Mehrschichtige kontinuierliche Trocknungsmaschine"},"content":{"rendered":"<div class=\"kk-star-ratings kksr-auto kksr-align-left kksr-valign-top\"     data-payload='{&quot;align&quot;:&quot;left&quot;,&quot;id&quot;:&quot;77&quot;,&quot;slug&quot;:&quot;default&quot;,&quot;valign&quot;:&quot;top&quot;,&quot;ignore&quot;:&quot;&quot;,&quot;reference&quot;:&quot;auto&quot;,&quot;class&quot;:&quot;&quot;,&quot;count&quot;:&quot;65&quot;,&quot;legendonly&quot;:&quot;&quot;,&quot;readonly&quot;:&quot;&quot;,&quot;score&quot;:&quot;4.8&quot;,&quot;starsonly&quot;:&quot;&quot;,&quot;best&quot;:&quot;5&quot;,&quot;gap&quot;:&quot;5&quot;,&quot;greet&quot;:&quot;Rate this product&quot;,&quot;legend&quot;:&quot;4.8\\\/5 - (65 votes)&quot;,&quot;size&quot;:&quot;24&quot;,&quot;title&quot;:&quot;Egg Tray Dryer Multi-layer Continuous Drying Machine&quot;,&quot;width&quot;:&quot;136.7&quot;,&quot;_legend&quot;:&quot;{score}\\\/{best} - ({count} {votes})&quot;,&quot;font_factor&quot;:&quot;1.25&quot;}'>              <div class=\"kksr-stars\">      <div class=\"kksr-stars-inactive\">             <div class=\"kksr-star\" data-star=\"1\" style=\"padding-right: 5px\">               <div class=\"kksr-icon\" style=\"width: 24px; height: 24px;\"><\/div>         <\/div>             <div class=\"kksr-star\" data-star=\"2\" style=\"padding-right: 5px\">               <div class=\"kksr-icon\" style=\"width: 24px; height: 24px;\"><\/div>         <\/div>             <div class=\"kksr-star\" data-star=\"3\" style=\"padding-right: 5px\">               <div class=\"kksr-icon\" style=\"width: 24px; height: 24px;\"><\/div>         <\/div>             <div class=\"kksr-star\" data-star=\"4\" style=\"padding-right: 5px\">               <div class=\"kksr-icon\" style=\"width: 24px; height: 24px;\"><\/div>         <\/div>             <div class=\"kksr-star\" data-star=\"5\" style=\"padding-right: 5px\">               <div class=\"kksr-icon\" style=\"width: 24px; height: 24px;\"><\/div>         <\/div>     <\/div>      <div class=\"kksr-stars-active\" style=\"width: 136.7px;\">             <div class=\"kksr-star\" style=\"padding-right: 5px\">               <div class=\"kksr-icon\" style=\"width: 24px; height: 24px;\"><\/div>         <\/div>             <div class=\"kksr-star\" style=\"padding-right: 5px\">               <div class=\"kksr-icon\" style=\"width: 24px; height: 24px;\"><\/div>         <\/div>             <div class=\"kksr-star\" style=\"padding-right: 5px\">               <div class=\"kksr-icon\" style=\"width: 24px; height: 24px;\"><\/div>         <\/div>             <div class=\"kksr-star\" style=\"padding-right: 5px\">               <div class=\"kksr-icon\" style=\"width: 24px; height: 24px;\"><\/div>         <\/div>             <div class=\"kksr-star\" style=\"padding-right: 5px\">               <div class=\"kksr-icon\" style=\"width: 24px; height: 24px;\"><\/div>         <\/div>     <\/div> <\/div>                   <div class=\"kksr-legend\" style=\"font-size: 19.2px;\">             4,8\/5 - (65 Stimmen)    <\/div>     <\/div>  <p>In der Eierkartonproduktionslinie beeinflusst der Trocknungsprozess direkt die Qualit\u00e4t der Fertigprodukte und die Produktionseffizienz. Besonders f\u00fcr Produktionslinien mit mittlerer und gro\u00dfer Kapazit\u00e4t ist der mehrschichtige kontinuierliche Eierkartontrockner die ideale Wahl mit seiner hohen Effizienz, Energieeinsparung und intelligenten Funktionen. <\/p>    <p>Die Maschine verf\u00fcgt \u00fcber ein fortschrittliches Hei\u00dfluftzirkulationssystem und ein intelligentes Bedienfeld und unterst\u00fctzt mehrere Heizmethoden wie \u00d6l, Gas, Elektrizit\u00e4t oder Dampf. Sie kann in 8 Stunden bis zu 10.000 Eierpaletten mit schneller und gleichm\u00e4\u00dfiger Trocknungsgeschwindigkeit trocknen, was sie zu einem unverzichtbaren Kernger\u00e4t f\u00fcr die moderne Eierpalettenproduktion macht. <\/p>    <figure class=\"wp-block-embed aligncenter is-type-video is-provider-youtube wp-block-embed-youtube wp-embed-aspect-16-9 wp-has-aspect-ratio\"><div class=\"wp-block-embed__wrapper\"> <iframe loading=\"lazy\" title=\"Kontinuierliche Trocknermaschine f\u00fcr Papierschalen: Sorgt f\u00fcr gleichbleibende Qualit\u00e4t bei der Herstellung von Eierschalen!\" width=\"500\" height=\"281\" src=\"https:\/\/www.youtube.com\/embed\/_8BFitakCJs?feature=oembed\" frameborder=\"0\" allow=\"accelerometer; autoplay; clipboard-write; encrypted-media; gyroscope; picture-in-picture; web-share\" referrerpolicy=\"strict-origin-when-cross-origin\" allowfullscreen><\/iframe> <\/div><figcaption class=\"wp-element-caption\">Arbeitsvideo einer kontinuierlichen Eierschalentrocknungsmaschine<\/figcaption><\/figure>    <p>Derzeit gibt es drei Hauptmethoden zum Trocknen von Eierpaletten: nat\u00fcrliche Trocknung, Ziegeltrocknung und kontinuierliche Trocknung. Als n\u00e4chstes werden wir Ihnen die verschiedenen Trocknungsmethoden und die Vorteile des kontinuierlichen Eierpalettentrockners im Detail vorstellen.<\/p>    <h2 class=\"wp-block-heading\" id=\"h-introduction-of-egg-tray-dryer\">Merkmale des kontinuierlichen Eierschalentrockners<\/h2>    <ul class=\"wp-block-list\"> <li>Ultra-hohe Geschwindigkeit: Die Einzelbeladungskapazit\u00e4t wird durch das modulare Gitterbanddesign um 6-12 Schichten erh\u00f6ht. 8-mal h\u00f6here Trocknungseffizienz als traditionelle Ziegel\u00f6fen, t\u00e4gliche Kapazit\u00e4t zur Deckung des Verpackungsbedarfs von 200.000 Eiern gro\u00dfer Gefl\u00fcgelfarmen.<\/li>    <li>Revolution des Energieverbrauchs: Einf\u00fchrung eines Abgasw\u00e4rmer\u00fcckgewinnungssystems (thermische Effizienz \u226590%) und zonenbasierter Frequenzumwandlungsluftversorgungstechnologie, der spezifische Energieverbrauch liegt bei nur 0,11 kW-h\/toe, was im Vergleich zu herk\u00f6mmlichen Ger\u00e4ten eine Energieeinsparung von 30%-40% bedeutet.<\/li>    <li>Nullschaden-Trocknung: Intelligente Temperaturfeld-Dynamikbalance, windgeschwindigkeitsgradierte Anpassung. Sicherstellen, dass der Wassergehalt des Eiertr\u00e4gers reduziert wird (Einhaltungsrate \u226598%) und die Bruchrate &lt;0,5%.<\/li>    <li>Vielseitige Anpassungsf\u00e4higkeit der W\u00e4rmequelle: Gas-\/Dampf-\/Biomasse-\/Strom-Multibrennstoffkompatibilit\u00e4t, Unterst\u00fctzung f\u00fcr eine direkte Verbindung der Produktionsst\u00e4tten ohne Kessel, die Kohlenstoffemissionen werden reduziert.<\/li> <\/ul>    <figure class=\"wp-block-gallery aligncenter has-nested-images columns-default is-cropped wp-block-gallery-2 is-layout-flex wp-block-gallery-is-layout-flex\"><div class=\"wp-block-image\"> <figure class=\"aligncenter size-large\"><img loading=\"lazy\" decoding=\"async\" width=\"720\" height=\"540\" data-id=\"151\" src=\"https:\/\/eggtraym.com\/wp-content\/uploads\/2022\/09\/Egg-tray-dryer-2-1.webp\" alt=\"Eierschalen-Trocknungsmaschine\" class=\"wp-image-151\" title=\"\" srcset=\"https:\/\/eggtraym.com\/wp-content\/uploads\/2022\/09\/Egg-tray-dryer-2-1.webp 720w, https:\/\/eggtraym.com\/wp-content\/uploads\/2022\/09\/Egg-tray-dryer-2-1-300x225.webp 300w\" sizes=\"auto, (max-width: 720px) 100vw, 720px\" \/><figcaption class=\"wp-element-caption\">Eierschalen-Trocknungsmaschine<\/figcaption><\/figure> <\/div><\/figure>    <h2 class=\"wp-block-heading\" id=\"h-the-working-principle-of-the-paper-egg-tray-drying-line\">Funktionsprinzip der Papier-Eierablage-Trocknungslinie <\/h2>   <div id=\"rank-math-howto\" class=\"rank-math-block\" > <div class=\"rank-math-howto-description\">  <\/div>  <div class=\"rank-math-steps\"> <div id=\"howto-step-1750928021723\" class=\"rank-math-step\"> <h3 class=\"rank-math-step-title\">Mehrere Energiequellen zur Erw\u00e4rmung der Luft<\/h3> <div class=\"rank-math-step-content\"><p>Die Ausr\u00fcstung kann je nach tats\u00e4chlichem Bedarf Heiz\u00f6l, Gas, Elektrizit\u00e4t oder Dampf (w\u00e4rmeleitendes \u00d6l) als W\u00e4rmequelle w\u00e4hlen, um die Luft zu erhitzen und warme Luft zu erzeugen.<\/p> <\/div> <\/div> <div id=\"howto-step-1750928040279\" class=\"rank-math-step\"> <h3 class=\"rank-math-step-title\">Warme Luft zirkuliert, um das Eiergestell zu erw\u00e4rmen<\/h3> <div class=\"rank-math-step-content\"><p>Die beheizte hei\u00dfe Luft wird gleichm\u00e4\u00dfig in den Trocknungsbereich geblasen, erw\u00e4rmt die Eierablage aus allen Richtungen und beschleunigt die Wasserverdampfung.<\/p> <\/div> <\/div> <div id=\"howto-step-1750928051206\" class=\"rank-math-step\"> <h3 class=\"rank-math-step-title\">Wasserdampf wird rechtzeitig abgef\u00fchrt<\/h3> <div class=\"rank-math-step-content\"><p>Der integrierte leistungsstarke Ventilator zieht schnell den aus den Eierablagen verdampften Wasserdampf ab, um die Trocknungsumgebung trocken zu halten, was hilft, die Trocknungsgeschwindigkeit und -effizienz zu verbessern.<\/p> <\/div> <\/div> <div id=\"howto-step-1750928061495\" class=\"rank-math-step\"> <h3 class=\"rank-math-step-title\">Kontinuierliche Betriebsstruktur<\/h3> <div class=\"rank-math-step-content\"><p>Durch die Annahme einer einlagigen oder mehrlagigen kontinuierlichen F\u00f6rderstruktur k\u00f6nnen die Eiertrays kontinuierlich im Trocknungskanal gef\u00f6rdert werden, ohne dass eine manuelle Handhabung erforderlich ist, was die Produktionskapazit\u00e4t erh\u00f6ht.<\/p> <\/div> <\/div> <div id=\"howto-step-1750928074621\" class=\"rank-math-step\"> <h3 class=\"rank-math-step-title\">Intelligentes Steuerungssystem<\/h3> <div class=\"rank-math-step-content\"><p>Das System kann automatisch die Temperatur, die Windgeschwindigkeit und die F\u00f6rdergeschwindigkeit steuern, um einen stabilen und kontrollierbaren Trocknungsprozess zu realisieren und die Qualit\u00e4t der fertigen Eierkartons sicherzustellen.<\/p> <\/div> <\/div> <\/div> <\/div>      <div class=\"wp-block-image\"> <figure class=\"aligncenter size-full\"><img loading=\"lazy\" decoding=\"async\" width=\"720\" height=\"540\" src=\"https:\/\/eggtraym.com\/wp-content\/uploads\/2022\/09\/metal-egg-tray-dryer-2.webp\" alt=\"Kontinuierlicher Eierschalentrockner\" class=\"wp-image-149\" title=\"Eierschalentrockner aus Metall\" srcset=\"https:\/\/eggtraym.com\/wp-content\/uploads\/2022\/09\/metal-egg-tray-dryer-2.webp 720w, https:\/\/eggtraym.com\/wp-content\/uploads\/2022\/09\/metal-egg-tray-dryer-2-300x225.webp 300w\" sizes=\"auto, (max-width: 720px) 100vw, 720px\" \/><figcaption class=\"wp-element-caption\">Kontinuierlicher Eierschalentrockner<\/figcaption><\/figure> <\/div>   <h2 class=\"wp-block-heading\" id=\"h-structure-of-the-egg-tray-drying-system\">Aufbau des Eierschalen-Trocknungssystems<\/h2>    <p>Das Eierschalen-Trocknungssystem umfasst haupts\u00e4chlich die Wirtsbox, Heizger\u00e4te, Ventilatoren, Rohre, Ketten, Kettenr\u00e4der, Gitterschalen usw. Die gesamte Maschine ist stabil im Betrieb, sicher und zuverl\u00e4ssig, trocknet schnell und weist einen hohen Automatisierungsgrad auf.<\/p>   <div class=\"wp-block-image\"> <figure class=\"aligncenter size-full\"><img loading=\"lazy\" decoding=\"async\" width=\"720\" height=\"540\" src=\"https:\/\/eggtraym.com\/wp-content\/uploads\/2022\/09\/dryer-machine-internal-structure.webp\" alt=\"Innenstruktur der Trocknermaschine\" class=\"wp-image-656\" title=\"\" srcset=\"https:\/\/eggtraym.com\/wp-content\/uploads\/2022\/09\/dryer-machine-internal-structure.webp 720w, https:\/\/eggtraym.com\/wp-content\/uploads\/2022\/09\/dryer-machine-internal-structure-300x225.webp 300w, https:\/\/eggtraym.com\/wp-content\/uploads\/2022\/09\/dryer-machine-internal-structure-16x12.webp 16w\" sizes=\"auto, (max-width: 720px) 100vw, 720px\" \/><figcaption class=\"wp-element-caption\">die interne Struktur der Trocknermaschine<\/figcaption><\/figure> <\/div>   <h2 class=\"wp-block-heading\">Technische Parameter der Papierfachtrocknungsmaschine<\/h2>    <p>Im Folgenden erl\u00e4utern wir die wichtigsten technischen Spezifikationen und Leistungsdaten dieses Eierkartontrockners. Diese Parameter umfassen seine Kapazit\u00e4t, den Energieverbrauch und andere zentrale Merkmale. Dies kann Ihnen helfen, die Eignung und Effizienz des Ger\u00e4ts vollst\u00e4ndig zu bewerten.<\/p>    <figure class=\"wp-block-table is-style-stripes\"><table><tbody><tr><td class=\"has-text-align-left\" data-align=\"left\">Schimmel<\/td><td class=\"has-text-align-center\" data-align=\"center\">Ausgabe<\/td><td class=\"has-text-align-center\" data-align=\"center\">Papierverbrauch<\/td><td class=\"has-text-align-center\" data-align=\"center\">Wasserverbrauch<\/td><td class=\"has-text-align-center\" data-align=\"center\">Energie verbraucht<\/td><td class=\"has-text-align-center\" data-align=\"center\">Arbeiternummer<\/td><\/tr><tr><td class=\"has-text-align-left\" data-align=\"left\">SL-4*4<\/td><td class=\"has-text-align-center\" data-align=\"center\">3500 St\u00fcck\/h<\/td><td class=\"has-text-align-center\" data-align=\"center\">280kg\/h<\/td><td class=\"has-text-align-center\" data-align=\"center\">560kg\/h<\/td><td class=\"has-text-align-center\" data-align=\"center\">78kg\/h<\/td><td class=\"has-text-align-center\" data-align=\"center\">4-5<\/td><\/tr><tr><td class=\"has-text-align-left\" data-align=\"left\">SL-4*8<\/td><td class=\"has-text-align-center\" data-align=\"center\">4000 St\u00fcck\/h<\/td><td class=\"has-text-align-center\" data-align=\"center\">320kg\/h<\/td><td class=\"has-text-align-center\" data-align=\"center\">600kg\/h<\/td><td class=\"has-text-align-center\" data-align=\"center\">80kg\/h<\/td><td class=\"has-text-align-center\" data-align=\"center\">5-6<\/td><\/tr><tr><td class=\"has-text-align-left\" data-align=\"left\">SL-5*8<\/td><td class=\"has-text-align-center\" data-align=\"center\">5000 St\u00fcck\/h<\/td><td class=\"has-text-align-center\" data-align=\"center\">400kg\/h<\/td><td class=\"has-text-align-center\" data-align=\"center\">750kg\/h<\/td><td class=\"has-text-align-center\" data-align=\"center\">85kg\/h<\/td><td class=\"has-text-align-center\" data-align=\"center\">3-4<\/td><\/tr><tr><td class=\"has-text-align-left\" data-align=\"left\">SL-5*12<\/td><td class=\"has-text-align-center\" data-align=\"center\">6000 St\u00fcck\/h<\/td><td class=\"has-text-align-center\" data-align=\"center\">480kg\/h<\/td><td class=\"has-text-align-center\" data-align=\"center\">900kg\/h<\/td><td class=\"has-text-align-center\" data-align=\"center\">90kg\/h<\/td><td class=\"has-text-align-center\" data-align=\"center\">3-4<\/td><\/tr><tr><td class=\"has-text-align-left\" data-align=\"left\">SL-6*12<\/td><td class=\"has-text-align-center\" data-align=\"center\">8000 St\u00fcck\/h<\/td><td class=\"has-text-align-center\" data-align=\"center\">640kg\/h<\/td><td class=\"has-text-align-center\" data-align=\"center\">1040 kg\/h<\/td><td class=\"has-text-align-center\" data-align=\"center\">100kg\/h<\/td><td class=\"has-text-align-center\" data-align=\"center\">3-4<\/td><\/tr><\/tbody><\/table><figcaption class=\"wp-element-caption\">Parameter des Eierschalentrockners<\/figcaption><\/figure>   <div class=\"wp-block-image is-resized\"> <figure class=\"aligncenter size-full\"><img loading=\"lazy\" decoding=\"async\" width=\"720\" height=\"540\" src=\"https:\/\/eggtraym.com\/wp-content\/uploads\/2022\/09\/metal-egg-tray-dryer-.webp\" alt=\"Mehrschicht-Papierbeh\u00e4ltertrockner\" class=\"wp-image-148\" title=\"Eierschalentrockner aus Metall\" srcset=\"https:\/\/eggtraym.com\/wp-content\/uploads\/2022\/09\/metal-egg-tray-dryer-.webp 720w, https:\/\/eggtraym.com\/wp-content\/uploads\/2022\/09\/metal-egg-tray-dryer--300x225.webp 300w\" sizes=\"auto, (max-width: 720px) 100vw, 720px\" \/><figcaption class=\"wp-element-caption\">Mehrschicht-Papierbeh\u00e4ltertrockner<\/figcaption><\/figure> <\/div>   <h2 class=\"wp-block-heading\">Sortierer f\u00fcr Eierschalen<\/h2>    <p class=\"translation-block\">In der <strong><em><a href=\"https:\/\/eggtraym.com\/de\/product\/egg-tray-manufacturing-plant\/\">Eierkarton-Produktionslinie<\/a><\/em><\/strong> werden die fertigen Eierkartons getrocknet. Danach folgt sofort die Sortiermaschine, um die Kartons zu organisieren und zu sammeln. Dieser Prozess stellt sicher, dass die Eierkartons ordentlich gestapelt und bereit f\u00fcr die anschlie\u00dfende Verpackung und den Transport sind. Das Bild unten zeigt den tats\u00e4chlichen Effekt im Betrieb.<\/p>   <div class=\"wp-block-image\"> <figure class=\"aligncenter size-full\"><img loading=\"lazy\" decoding=\"async\" width=\"720\" height=\"540\" src=\"https:\/\/eggtraym.com\/wp-content\/uploads\/2022\/09\/egg-tray-sorter-device.webp\" alt=\"Sortierger\u00e4t f\u00fcr Eierschalen\" class=\"wp-image-655\" title=\"\" srcset=\"https:\/\/eggtraym.com\/wp-content\/uploads\/2022\/09\/egg-tray-sorter-device.webp 720w, https:\/\/eggtraym.com\/wp-content\/uploads\/2022\/09\/egg-tray-sorter-device-300x225.webp 300w, https:\/\/eggtraym.com\/wp-content\/uploads\/2022\/09\/egg-tray-sorter-device-16x12.webp 16w\" sizes=\"auto, (max-width: 720px) 100vw, 720px\" \/><figcaption class=\"wp-element-caption\">Sortierger\u00e4t f\u00fcr Eierschalen<\/figcaption><\/figure> <\/div>   <h2 class=\"wp-block-heading\">Andere Trocknermaschinen f\u00fcr Eierschalen<\/h2>    <p>Unten sind zwei weitere Methoden zum Trocknen von Eierschalen dargestellt. Wir k\u00f6nnen sie entsprechend der Leistung Ihrer Eierschalen-Produktionslinie und der Gr\u00f6\u00dfe Ihres Standorts empfehlen. Und wenn Sie sich f\u00fcr die Ziegelofentrocknung entscheiden, k\u00f6nnen wir Ihnen auch bei der Planung behilflich sein.<\/p>    <figure class=\"wp-block-gallery has-nested-images columns-default is-cropped wp-block-gallery-3 is-layout-flex wp-block-gallery-is-layout-flex\"> <figure class=\"wp-block-image size-large\"><img loading=\"lazy\" decoding=\"async\" width=\"720\" height=\"540\" data-id=\"153\" src=\"https:\/\/eggtraym.com\/wp-content\/uploads\/2022\/09\/manual-drying-egg-tray-.webp\" alt=\"Manuelles Trocknen der Eierablage\" class=\"wp-image-153\" title=\"Nat\u00fcrliche trocknende Eierablage\" srcset=\"https:\/\/eggtraym.com\/wp-content\/uploads\/2022\/09\/manual-drying-egg-tray-.webp 720w, https:\/\/eggtraym.com\/wp-content\/uploads\/2022\/09\/manual-drying-egg-tray--300x225.webp 300w\" sizes=\"auto, (max-width: 720px) 100vw, 720px\" \/><figcaption class=\"wp-element-caption\">Manuell trocknende Eierablage<\/figcaption><\/figure>    <figure class=\"wp-block-image size-full\"><img loading=\"lazy\" decoding=\"async\" width=\"720\" height=\"540\" data-id=\"154\" src=\"https:\/\/eggtraym.com\/wp-content\/uploads\/2022\/09\/brick-egg-tray-dryer-1-1.webp\" alt=\"Gemauerter Eierschalentrockner\" class=\"wp-image-154\" title=\"Gemauerter Eierschalentrockner \" srcset=\"https:\/\/eggtraym.com\/wp-content\/uploads\/2022\/09\/brick-egg-tray-dryer-1-1.webp 720w, https:\/\/eggtraym.com\/wp-content\/uploads\/2022\/09\/brick-egg-tray-dryer-1-1-300x225.webp 300w\" sizes=\"auto, (max-width: 720px) 100vw, 720px\" \/><figcaption class=\"wp-element-caption\">Backstein-Eierablagetrockner<\/figcaption><\/figure> <\/figure>    <h2 class=\"wp-block-heading\">Kontaktieren Sie uns<\/h2>    <p>Als f\u00fchrender Hersteller von Eierschalen-Verarbeitungsmaschinen sind wir bestrebt, die vielf\u00e4ltigen Bed\u00fcrfnisse unserer Kunden auf der ganzen Welt zu erf\u00fcllen und haben uns mit unseren erstklassigen Produkten und Dienstleistungen einen internationalen Ruf erworben.<\/p>    <p class=\"translation-block\">Unsere Eierkarton-Trocknungsger\u00e4te wurden erfolgreich in viele L\u00e4nder exportiert, darunter <a href=\"https:\/\/en.wikipedia.org\/wiki\/Ethiopia\" target=\"_blank\" rel=\"noopener\">\u00c4thiopien<\/a>, Libanon, S\u00fcdafrika, Senegal, Ghana, Sambia und \u00c4gypten, und werden in verschiedenen M\u00e4rkten weit verbreitet eingesetzt.<\/p>    <p>Wir bieten ma\u00dfgeschneiderte Design- und Produktionsdienstleistungen an, um sicherzustellen, dass jeder Trockner genau den spezifischen Anforderungen unserer Kunden entspricht. Dar\u00fcber hinaus bieten wir umfassende Dienstleistungen von der Beratung \u00fcber die Konstruktion bis hin zum After-Sales-Support. F\u00fcr weitere Informationen und professionelle Beratung k\u00f6nnen Sie uns gerne kontaktieren.<\/p>","protected":false},"excerpt":{"rendered":"<p>Dieser mehrschichtige kontinuierliche Eierschalentrockner nutzt fortschrittliche Hei\u00dfluftzirkulationstechnologie und ein intelligentes Steuerungssystem. Es gew\u00e4hrleistet optimale Trocknungsergebnisse f\u00fcr jede Charge Eierschalen.<\/p>","protected":false},"author":1,"featured_media":143,"parent":0,"template":"","tags":[26,31],"product-type":[5],"class_list":["post-77","product","type-product","status-publish","has-post-thumbnail","hentry","tag-egg-tray-dryer","tag-paper-egg-tray-drying-line","product-type-egg-tray-drying-machine"],"_links":{"self":[{"href":"https:\/\/eggtraym.com\/de\/wp-json\/wp\/v2\/product\/77","targetHints":{"allow":["GET"]}}],"collection":[{"href":"https:\/\/eggtraym.com\/de\/wp-json\/wp\/v2\/product"}],"about":[{"href":"https:\/\/eggtraym.com\/de\/wp-json\/wp\/v2\/types\/product"}],"author":[{"embeddable":true,"href":"https:\/\/eggtraym.com\/de\/wp-json\/wp\/v2\/users\/1"}],"wp:featuredmedia":[{"embeddable":true,"href":"https:\/\/eggtraym.com\/de\/wp-json\/wp\/v2\/media\/143"}],"wp:attachment":[{"href":"https:\/\/eggtraym.com\/de\/wp-json\/wp\/v2\/media?parent=77"}],"wp:term":[{"taxonomy":"post_tag","embeddable":true,"href":"https:\/\/eggtraym.com\/de\/wp-json\/wp\/v2\/tags?post=77"},{"taxonomy":"product-type","embeddable":true,"href":"https:\/\/eggtraym.com\/de\/wp-json\/wp\/v2\/product-type?post=77"}],"curies":[{"name":"wp","href":"https:\/\/api.w.org\/{rel}","templated":true}]}}