{"id":74,"date":"2022-09-14T07:25:56","date_gmt":"2022-09-14T07:25:56","guid":{"rendered":"https:\/\/eggtraym.com\/?post_type=product&#038;p=74"},"modified":"2022-09-28T18:25:53","modified_gmt":"2022-09-28T10:25:53","slug":"egg-tray-pulping-machine","status":"publish","type":"product","link":"https:\/\/eggtraym.com\/de\/product\/egg-tray-pulping-machine\/","title":{"rendered":"Eierschalen-Aufschlussmaschine \u2013 integriertes Aufschlusssystem"},"content":{"rendered":"<div class=\"kk-star-ratings kksr-auto kksr-align-left kksr-valign-top\"     data-payload='{&quot;align&quot;:&quot;left&quot;,&quot;id&quot;:&quot;74&quot;,&quot;slug&quot;:&quot;default&quot;,&quot;valign&quot;:&quot;top&quot;,&quot;ignore&quot;:&quot;&quot;,&quot;reference&quot;:&quot;auto&quot;,&quot;class&quot;:&quot;&quot;,&quot;count&quot;:&quot;6&quot;,&quot;legendonly&quot;:&quot;&quot;,&quot;readonly&quot;:&quot;&quot;,&quot;score&quot;:&quot;4.5&quot;,&quot;starsonly&quot;:&quot;&quot;,&quot;best&quot;:&quot;5&quot;,&quot;gap&quot;:&quot;5&quot;,&quot;greet&quot;:&quot;Rate this product&quot;,&quot;legend&quot;:&quot;4.5\\\/5 - (6 votes)&quot;,&quot;size&quot;:&quot;24&quot;,&quot;title&quot;:&quot;Egg tray pulping machine\u4e28integrated pulping system&quot;,&quot;width&quot;:&quot;128&quot;,&quot;_legend&quot;:&quot;{score}\\\/{best} - ({count} {votes})&quot;,&quot;font_factor&quot;:&quot;1.25&quot;}'>              <div class=\"kksr-stars\">      <div class=\"kksr-stars-inactive\">             <div class=\"kksr-star\" data-star=\"1\" style=\"padding-right: 5px\">               <div class=\"kksr-icon\" style=\"width: 24px; height: 24px;\"><\/div>         <\/div>             <div class=\"kksr-star\" data-star=\"2\" style=\"padding-right: 5px\">               <div class=\"kksr-icon\" style=\"width: 24px; height: 24px;\"><\/div>         <\/div>             <div class=\"kksr-star\" data-star=\"3\" style=\"padding-right: 5px\">               <div class=\"kksr-icon\" style=\"width: 24px; height: 24px;\"><\/div>         <\/div>             <div class=\"kksr-star\" data-star=\"4\" style=\"padding-right: 5px\">               <div class=\"kksr-icon\" style=\"width: 24px; height: 24px;\"><\/div>         <\/div>             <div class=\"kksr-star\" data-star=\"5\" style=\"padding-right: 5px\">               <div class=\"kksr-icon\" style=\"width: 24px; height: 24px;\"><\/div>         <\/div>     <\/div>      <div class=\"kksr-stars-active\" style=\"width: 128px;\">             <div class=\"kksr-star\" style=\"padding-right: 5px\">               <div class=\"kksr-icon\" style=\"width: 24px; height: 24px;\"><\/div>         <\/div>             <div class=\"kksr-star\" style=\"padding-right: 5px\">               <div class=\"kksr-icon\" style=\"width: 24px; height: 24px;\"><\/div>         <\/div>             <div class=\"kksr-star\" style=\"padding-right: 5px\">               <div class=\"kksr-icon\" style=\"width: 24px; height: 24px;\"><\/div>         <\/div>             <div class=\"kksr-star\" style=\"padding-right: 5px\">               <div class=\"kksr-icon\" style=\"width: 24px; height: 24px;\"><\/div>         <\/div>             <div class=\"kksr-star\" style=\"padding-right: 5px\">               <div class=\"kksr-icon\" style=\"width: 24px; height: 24px;\"><\/div>         <\/div>     <\/div> <\/div>                   <div class=\"kksr-legend\" style=\"font-size: 19.2px;\">             4,5\/5 - (6 Stimmen)    <\/div>     <\/div>  <p>Die Eierschalenzerkleinerungsmaschine ist ein notwendiges Ger\u00e4t bei der Eierschalenproduktion. Die Maschine kann verschiedene Papierrohstoffe mit Wasser zu einem einheitlichen Brei verarbeiten. Aus dem verarbeiteten Fruchtfleisch k\u00f6nnen verschiedene Eierschalen, Teile, Mobiltelefone, Accessoires, Kunsthandwerk, Wein, Obst und andere Verpackungen hergestellt werden.<\/p>    <h2 class=\"wp-block-heading\" id=\"h-what-is-the-egg-tray-pulping-machine\">Was ist die Eierschalen-Aufschlussmaschine?<\/h2>    <p class=\"translation-block\">Die Eierkarton-Pulpmachine kann alle Arten von zerkleinertem Papier, Papierabf\u00e4llen, Kartons usw. zu Pulpe verarbeiten. Diese Maschine wird allgemein verwendet, um die Rohstoffe f\u00fcr die Herstellung von Eierkartons zu verarbeiten. Es ist die notwendige Basisausr\u00fcstung f\u00fcr <a href=\"https:\/\/eggtraym.com\/de\/product\/automatic-egg-tray-machine\/\">Eierkarton-Herstellungsmaschine<\/a>. Die verarbeitete Pulpe wird verwendet, um verschiedene Eierkartons, Apfelkartons und andere Verpackungsprodukte herzustellen. Wir haben verschiedene Modelle von Pulpern. Sie kann mit verschiedenen Eierkartonmaschinen verwendet werden. Sie ist auch eines der notwendigen Ger\u00e4te f\u00fcr die <a href=\"https:\/\/www.shuliy.com\/product\/egg-tray-production-line-plant\/\" target=\"_blank\" rel=\"noopener\">Eierkarton-Produktionslinie<\/a>.<\/p>    <figure class=\"wp-block-image size-full\"><img loading=\"lazy\" decoding=\"async\" width=\"720\" height=\"540\" src=\"https:\/\/eggtraym.com\/wp-content\/uploads\/2022\/09\/egg-tray-pulping-machine-.webp\" alt=\"Eierschalen-Aufschlussmaschine\" class=\"wp-image-139\" title=\"Eierschalen-Aufschlussmaschine\" srcset=\"https:\/\/eggtraym.com\/wp-content\/uploads\/2022\/09\/egg-tray-pulping-machine-.webp 720w, https:\/\/eggtraym.com\/wp-content\/uploads\/2022\/09\/egg-tray-pulping-machine--300x225.webp 300w\" sizes=\"auto, (max-width: 720px) 100vw, 720px\" \/><figcaption>Eierschalen-Aufschlussmaschine<\/figcaption><\/figure>    <h2 class=\"wp-block-heading\" id=\"h-working-principle-of-egg-tray-pulping-system\">Funktionsprinzip des Eierschalen-Aufschlusssystems<\/h2>    <p>Das Fruchtfleisch zirkuliert im Tank und erzeugt durch die Wirkung zwischen dem fliegenden Messer und dem unteren Messer ein horizontales Schneiden, vertikales Spalten und Brechen.<\/p>    <h2 class=\"wp-block-heading\" id=\"h-egg-tray-pulper-s-parameters\">Parameter des Eierschalen-Pulpers<\/h2>    <figure class=\"wp-block-table\"><table><tbody><tr><td>Maschinenname<\/td><td>Modell<\/td><td>Leistung<\/td><td>Einheit<\/td><\/tr><tr><td>Hydra-Pulper<\/td><td>SL1.0<\/td><td>7,5 kW<\/td><td>1 Satz<\/td><\/tr><tr><td>Absperrklappe<\/td><td>DN100<\/td><td>\/<\/td><td>1 Stk<\/td><\/tr><tr><td>Zellstoffpumpe<\/td><td>3 Zoll<\/td><td>2,2 kW<\/td><td>1 Satz<\/td><\/tr><tr><td>Pulp-Teichschl\u00e4ger<\/td><td>110 U\/min<\/td><td>1,5 kW<\/td><td>1 Satz<\/td><\/tr><tr><td>Abwasserpumpen&nbsp;<\/td><td>\/<\/td><td>0,75 kW<\/td><td>1 Satz<\/td><\/tr><tr><td>Zellstofff\u00f6rderrohr<\/td><td>\/<\/td><td>\/<\/td><td>1 Satz<\/td><\/tr><\/tbody><\/table><figcaption>Parameter des Eierschalen-Pulpers<\/figcaption><\/figure>    <h2 class=\"wp-block-heading\" id=\"h-structure-of-paper-shredder\">Aufbau des Aktenvernichters<\/h2>    <p>Der Aktenvernichter besteht haupts\u00e4chlich aus einem Zylindersieb, einer Welle, einem Schraubenpropeller, einem Schaber, einem Trichter, einem Rahmen, einem \u00dcbertragungssystem usw.<\/p>    <figure class=\"wp-block-image size-full\"><img loading=\"lazy\" decoding=\"async\" width=\"720\" height=\"540\" src=\"https:\/\/eggtraym.com\/wp-content\/uploads\/2022\/09\/paper-shredder-.webp\" alt=\"Aktenvernichter\" class=\"wp-image-140\" title=\"Aktenvernichter\" srcset=\"https:\/\/eggtraym.com\/wp-content\/uploads\/2022\/09\/paper-shredder-.webp 720w, https:\/\/eggtraym.com\/wp-content\/uploads\/2022\/09\/paper-shredder--300x225.webp 300w\" sizes=\"auto, (max-width: 720px) 100vw, 720px\" \/><figcaption>Aktenvernichter<\/figcaption><\/figure>    <h2 class=\"wp-block-heading\" id=\"h-factors-that-affect-the-material-crushing-degree-of-pulping-machine\">Faktoren, die den Materialzerkleinerungsgrad der Aufschlussmaschine beeinflussen <\/h2>    <ol class=\"wp-block-list\"><li>Die Beschaffenheit des Materials selbst.<\/li><li>Siebdurchmesser: 0,4 ~ 1,5 mm, unterschiedliche Rohstoffe und Verarbeitungsanforderungen, austauschbar gegen unterschiedliche \u00d6ffnungen des Siebzylinders.<\/li><li>Die Gesamtfl\u00e4che der Siebl\u00f6cher ist ein Prozentsatz der Gesamtfl\u00e4che des Siebzylinders.<\/li><li>F\u00fchrungswinkel 1,52,0 (mit 3\u00b0).<\/li><li>Abstand zwischen Stab und Innenwand: 1~4 mm.<\/li><li>Drehzahl der Welle.<\/li><\/ol>    <figure class=\"wp-block-image size-full\"><img loading=\"lazy\" decoding=\"async\" width=\"720\" height=\"540\" src=\"https:\/\/eggtraym.com\/wp-content\/uploads\/2022\/09\/pulping-machine-.webp\" alt=\"Aufschlussmaschine \" class=\"wp-image-141\" title=\"Aufschlussmaschine \" srcset=\"https:\/\/eggtraym.com\/wp-content\/uploads\/2022\/09\/pulping-machine-.webp 720w, https:\/\/eggtraym.com\/wp-content\/uploads\/2022\/09\/pulping-machine--300x225.webp 300w\" sizes=\"auto, (max-width: 720px) 100vw, 720px\" \/><figcaption>Aufschlussmaschine <\/figcaption><\/figure>    <h2 class=\"wp-block-heading\" id=\"h-advantages-of-paper-pulping-machine\">Vorteile der Papieraufschlussmaschine<\/h2>    <ol class=\"wp-block-list\"><li>Der Pulper kann die Aufschl\u00e4mmung effektiv, vollst\u00e4ndig und gleichm\u00e4\u00dfig verarbeiten.<\/li><li>Die Maschine verf\u00fcgt \u00fcber eine hohe Arbeitseffizienz und kann eine gro\u00dfe Menge Altpapier auf einmal verarbeiten.<\/li><li>Der Pulper ist vertikal, mit neuartigem Design und einfacher Bedienung.<\/li><li>Der Eierschalen-Pulper hat einen geringen Energieverbrauch, ist einfach zu bedienen und kosteng\u00fcnstig.<\/li><\/ol>    <figure class=\"wp-block-image size-full\"><img loading=\"lazy\" decoding=\"async\" width=\"720\" height=\"540\" src=\"https:\/\/eggtraym.com\/wp-content\/uploads\/2022\/09\/paper-pulping-machine-.webp\" alt=\"Papieraufschlussmaschine\" class=\"wp-image-142\" title=\"Papieraufschlussmaschine\" srcset=\"https:\/\/eggtraym.com\/wp-content\/uploads\/2022\/09\/paper-pulping-machine-.webp 720w, https:\/\/eggtraym.com\/wp-content\/uploads\/2022\/09\/paper-pulping-machine--300x225.webp 300w\" sizes=\"auto, (max-width: 720px) 100vw, 720px\" \/><figcaption>Papieraufschlussmaschine<\/figcaption><\/figure>","protected":false},"excerpt":{"rendered":"<p>Die Eierschalenzerkleinerungsmaschine ist eine notwendige Ausr\u00fcstung bei der Eierschalenproduktion. Es kann verschiedene Papierrohstoffe zu einem einheitlichen Zellstoff verarbeiten. <\/p>","protected":false},"author":1,"featured_media":136,"parent":0,"template":"","tags":[17,29,30],"product-type":[4],"class_list":["post-74","product","type-product","status-publish","has-post-thumbnail","hentry","tag-automatic-egg-tray-machine","tag-egg-tray-pulping-machine","tag-integrated-pulping-system","product-type-egg-tray-pulping-machine"],"_links":{"self":[{"href":"https:\/\/eggtraym.com\/de\/wp-json\/wp\/v2\/product\/74","targetHints":{"allow":["GET"]}}],"collection":[{"href":"https:\/\/eggtraym.com\/de\/wp-json\/wp\/v2\/product"}],"about":[{"href":"https:\/\/eggtraym.com\/de\/wp-json\/wp\/v2\/types\/product"}],"author":[{"embeddable":true,"href":"https:\/\/eggtraym.com\/de\/wp-json\/wp\/v2\/users\/1"}],"wp:featuredmedia":[{"embeddable":true,"href":"https:\/\/eggtraym.com\/de\/wp-json\/wp\/v2\/media\/136"}],"wp:attachment":[{"href":"https:\/\/eggtraym.com\/de\/wp-json\/wp\/v2\/media?parent=74"}],"wp:term":[{"taxonomy":"post_tag","embeddable":true,"href":"https:\/\/eggtraym.com\/de\/wp-json\/wp\/v2\/tags?post=74"},{"taxonomy":"product-type","embeddable":true,"href":"https:\/\/eggtraym.com\/de\/wp-json\/wp\/v2\/product-type?post=74"}],"curies":[{"name":"wp","href":"https:\/\/api.w.org\/{rel}","templated":true}]}}