{"id":71,"date":"2022-09-14T06:45:17","date_gmt":"2022-09-14T06:45:17","guid":{"rendered":"https:\/\/eggtraym.com\/?post_type=product&#038;p=71"},"modified":"2024-06-13T16:01:21","modified_gmt":"2024-06-13T08:01:21","slug":"fruit-tray-making-machine","status":"publish","type":"product","link":"https:\/\/eggtraym.com\/de\/product\/fruit-tray-making-machine\/","title":{"rendered":"Maschine zur Herstellung von Apfelfruchttabletts zu verkaufen"},"content":{"rendered":"<div class=\"kk-star-ratings kksr-auto kksr-align-left kksr-valign-top\"     data-payload='{&quot;align&quot;:&quot;left&quot;,&quot;id&quot;:&quot;71&quot;,&quot;slug&quot;:&quot;default&quot;,&quot;valign&quot;:&quot;top&quot;,&quot;ignore&quot;:&quot;&quot;,&quot;reference&quot;:&quot;auto&quot;,&quot;class&quot;:&quot;&quot;,&quot;count&quot;:&quot;89&quot;,&quot;legendonly&quot;:&quot;&quot;,&quot;readonly&quot;:&quot;&quot;,&quot;score&quot;:&quot;4.7&quot;,&quot;starsonly&quot;:&quot;&quot;,&quot;best&quot;:&quot;5&quot;,&quot;gap&quot;:&quot;5&quot;,&quot;greet&quot;:&quot;Rate this product&quot;,&quot;legend&quot;:&quot;4.7\\\/5 - (89 votes)&quot;,&quot;size&quot;:&quot;24&quot;,&quot;title&quot;:&quot;Apple Fruit Tray Making Machine For Sale&quot;,&quot;width&quot;:&quot;133.8&quot;,&quot;_legend&quot;:&quot;{score}\\\/{best} - ({count} {votes})&quot;,&quot;font_factor&quot;:&quot;1.25&quot;}'>              <div class=\"kksr-stars\">      <div class=\"kksr-stars-inactive\">             <div class=\"kksr-star\" data-star=\"1\" style=\"padding-right: 5px\">               <div class=\"kksr-icon\" style=\"width: 24px; height: 24px;\"><\/div>         <\/div>             <div class=\"kksr-star\" data-star=\"2\" style=\"padding-right: 5px\">               <div class=\"kksr-icon\" style=\"width: 24px; height: 24px;\"><\/div>         <\/div>             <div class=\"kksr-star\" data-star=\"3\" style=\"padding-right: 5px\">               <div class=\"kksr-icon\" style=\"width: 24px; height: 24px;\"><\/div>         <\/div>             <div class=\"kksr-star\" data-star=\"4\" style=\"padding-right: 5px\">               <div class=\"kksr-icon\" style=\"width: 24px; height: 24px;\"><\/div>         <\/div>             <div class=\"kksr-star\" data-star=\"5\" style=\"padding-right: 5px\">               <div class=\"kksr-icon\" style=\"width: 24px; height: 24px;\"><\/div>         <\/div>     <\/div>      <div class=\"kksr-stars-active\" style=\"width: 133.8px;\">             <div class=\"kksr-star\" style=\"padding-right: 5px\">               <div class=\"kksr-icon\" style=\"width: 24px; height: 24px;\"><\/div>         <\/div>             <div class=\"kksr-star\" style=\"padding-right: 5px\">               <div class=\"kksr-icon\" style=\"width: 24px; height: 24px;\"><\/div>         <\/div>             <div class=\"kksr-star\" style=\"padding-right: 5px\">               <div class=\"kksr-icon\" style=\"width: 24px; height: 24px;\"><\/div>         <\/div>             <div class=\"kksr-star\" style=\"padding-right: 5px\">               <div class=\"kksr-icon\" style=\"width: 24px; height: 24px;\"><\/div>         <\/div>             <div class=\"kksr-star\" style=\"padding-right: 5px\">               <div class=\"kksr-icon\" style=\"width: 24px; height: 24px;\"><\/div>         <\/div>     <\/div> <\/div>                   <div class=\"kksr-legend\" style=\"font-size: 19.2px;\">             4,7\/5 - (89 Stimmen)    <\/div>     <\/div>  <p>Die Maschine zur Herstellung von Obstschalen ist eines der wichtigsten Ger\u00e4te f\u00fcr Verpackungsmaschinen. Die Verwendung von Apfelschalen zum Platzieren von \u00c4pfeln kann \u00c4pfel vor Kollisionen sch\u00fctzen. Die Tabletts erm\u00f6glichen auch eine l\u00e4ngere Lagerung von \u00c4pfeln. Auch eine gute Verpackung kann den Wert von \u00c4pfeln steigern. Die Rohstoffe f\u00fcr die Herstellung von Apfelschalen sind verschiedene Arten von Altpapier. Der Einsatz von Apfelschalen verursacht also keine Ressourcenverschwendung und bringt dem Anwender auch Gewinn.<\/p>    <figure class=\"wp-block-embed aligncenter is-type-video is-provider-youtube wp-block-embed-youtube wp-embed-aspect-16-9 wp-has-aspect-ratio\"><div class=\"wp-block-embed__wrapper\"> <iframe loading=\"lazy\" title=\"Gro\u00dfartige Leistung der Maschine zur Herstellung von Apfelschalen! Formmaschine f\u00fcr Obstschalen\" width=\"500\" height=\"281\" src=\"https:\/\/www.youtube.com\/embed\/utc1UM-L1VE?feature=oembed\" frameborder=\"0\" allow=\"accelerometer; autoplay; clipboard-write; encrypted-media; gyroscope; picture-in-picture; web-share\" referrerpolicy=\"strict-origin-when-cross-origin\" allowfullscreen><\/iframe> <\/div><figcaption class=\"wp-element-caption\">Arbeitsvideo der Maschine zur Herstellung von Apfelschalen<\/figcaption><\/figure>    <h2 class=\"wp-block-heading\" id=\"h-what-s-the-fruit-tray-making-machine\">Was ist die Obsttablett-Herstellungsmaschine?<\/h2>    <p class=\"translation-block\">Zus\u00e4tzlich zur <a href=\"https:\/\/eggtraym.com\/de\/product\/automatic-egg-tray-machine\/\">Eier-Tray-Maschine<\/a> produziert Shuliy Machinery auch eine Apfel-Tray-Maschine. Die Apfel-Tray-Maschine kann verschiedene Formen von Apfel-Trays herstellen. Daher kann sie die Bed\u00fcrfnisse der Benutzer f\u00fcr verschiedene Apfelverpackungsformen erf\u00fcllen. Die Maschine kann nicht nur Apfel-Trays, sondern auch Trays f\u00fcr andere Fr\u00fcchte wie Pfirsiche, Birnen, Orangen, Kiwis usw. herstellen. Die Art und Weise, wie dieser Produktionseffekt erzielt wird, ist die \u00c4nderung der Form des Trays. <\/p>    <p>Unsere Maschine zur Herstellung von Apfelschalen kann verschiedene Formen wechseln und ist einfach zu bedienen. Aufgrund der vielf\u00e4ltigen Funktionen von Apfelschalen und des langlebigen Materials ist sie f\u00fcr viele Hersteller von Apfelschalenmaschinen zu einem unverzichtbaren Ger\u00e4t geworden. Wenn Sie Fragen haben, k\u00f6nnen Sie diese gerne stellen!<\/p>   <div class=\"wp-block-image\"> <figure class=\"aligncenter size-full is-resized\"><img loading=\"lazy\" decoding=\"async\" width=\"720\" height=\"540\" src=\"https:\/\/eggtraym.com\/wp-content\/uploads\/2022\/09\/fruit-tray-making-machine-2.webp\" alt=\"Maschine zur Herstellung von Obstschalen\" class=\"wp-image-129\" style=\"width:720px;height:540px\" title=\"Maschine zur Herstellung von Obstschalen\" srcset=\"https:\/\/eggtraym.com\/wp-content\/uploads\/2022\/09\/fruit-tray-making-machine-2.webp 720w, https:\/\/eggtraym.com\/wp-content\/uploads\/2022\/09\/fruit-tray-making-machine-2-300x225.webp 300w\" sizes=\"auto, (max-width: 720px) 100vw, 720px\" \/><figcaption class=\"wp-element-caption\">Maschine zur Herstellung von Obstschalen<\/figcaption><\/figure> <\/div>   <h2 class=\"wp-block-heading\" id=\"h-what-fruit-trays-can-be-made-by-the-apple-tray-making-machine\">Welche Obstschalen k\u00f6nnen mit einer Apfelschalenformmaschine hergestellt werden?<\/h2>    <p>Die Maschine kann neben Apfelschalen auch Apfelschalen herstellen. Die Maschine kann auch Schalen herstellen, die andere Fr\u00fcchte tragen k\u00f6nnen. Zum Beispiel Orangen, Erdbeeren, Birnen, Zitronen, Orangen, Pfirsiche usw.<\/p>    <figure class=\"wp-block-gallery has-nested-images columns-default is-cropped wp-block-gallery-2 is-layout-flex wp-block-gallery-is-layout-flex\"> <figure class=\"wp-block-image size-large\"><img loading=\"lazy\" decoding=\"async\" width=\"720\" height=\"540\" data-id=\"130\" src=\"https:\/\/eggtraym.com\/wp-content\/uploads\/2022\/09\/appel-tray-.webp\" alt=\"Apfeltablett\" class=\"wp-image-130\" title=\"Apfeltablett\" srcset=\"https:\/\/eggtraym.com\/wp-content\/uploads\/2022\/09\/appel-tray-.webp 720w, https:\/\/eggtraym.com\/wp-content\/uploads\/2022\/09\/appel-tray--300x225.webp 300w\" sizes=\"auto, (max-width: 720px) 100vw, 720px\" \/><figcaption class=\"wp-element-caption\">Apfeltablett<\/figcaption><\/figure>    <figure class=\"wp-block-image size-large\"><img loading=\"lazy\" decoding=\"async\" width=\"720\" height=\"540\" data-id=\"131\" src=\"https:\/\/eggtraym.com\/wp-content\/uploads\/2022\/09\/various-tray-.jpg\" alt=\"verschiedene fertige Tabletts\" class=\"wp-image-131\" title=\"verschiedene fertige Tabletts\" srcset=\"https:\/\/eggtraym.com\/wp-content\/uploads\/2022\/09\/various-tray-.jpg 720w, https:\/\/eggtraym.com\/wp-content\/uploads\/2022\/09\/various-tray--300x225.jpg 300w\" sizes=\"auto, (max-width: 720px) 100vw, 720px\" \/><figcaption class=\"wp-element-caption\">Verschiedene fertige Tabletts<\/figcaption><\/figure> <\/figure>    <h2 class=\"wp-block-heading\" id=\"h-parameters-of-the-fruit-tray-molding-machine\">Parameter der Obstschalenformmaschine<\/h2>    <figure class=\"wp-block-table is-style-stripes\"><table><tbody><tr><td>Modell<\/td><td>Kapazit\u00e4t<\/td><td>Papierverbrauch<\/td><td>Wasserverbrauch<\/td><td>Energie verbraucht<\/td><td>Arbeitnehmer<\/td><\/tr><tr><td>SL-3*1<\/td><td>1000-1500 St\u00fcck\/h<\/td><td>120kg\/h<\/td><td>300kg\/h<\/td><td>32 kW\/h<\/td><td>3-4<\/td><\/tr><tr><td>SL-4*1<\/td><td>1500\u20132000 St\u00fcck\/h<\/td><td>160kg\/h<\/td><td>380kg\/h<\/td><td>45 kW\/h<\/td><td>3-4<\/td><\/tr><tr><td>SL-3*4<\/td><td>2000-2500 St\u00fcck\/h<\/td><td>200kg\/h<\/td><td>450kg\/h<\/td><td>58 kW\/h<\/td><td>4-5<\/td><\/tr><tr><td>SL-4*4<\/td><td>3000-3500 St\u00fcck\/h<\/td><td>280kg\/h<\/td><td>560kg\/h<\/td><td>78 kW\/h<\/td><td>4-5<\/td><\/tr><tr><td>SL-4*8<\/td><td>4000 St\u00fcck\/h<\/td><td>320kg\/h<\/td><td>600kg\/h<\/td><td>80 kW\/h<\/td><td>5-6<\/td><\/tr><tr><td>SL-5*8<\/td><td>5000 St\u00fcck\/h<\/td><td>400kg\/h<\/td><td>750kg\/h<\/td><td>85 kW\/h<\/td><td>3-4<\/td><\/tr><tr><td>SL-5*12<\/td><td>6000 St\u00fcck\/h<\/td><td>480kg\/h<\/td><td>900kg\/h<\/td><td>90 kW\/h<\/td><td>3-4<\/td><\/tr><tr><td>SL-6*12<\/td><td>8000 St\u00fcck\/h<\/td><td>640kg\/h<\/td><td>1040 kg\/h<\/td><td>100 kW\/h<\/td><td>3-4<\/td><\/tr><\/tbody><\/table><figcaption class=\"wp-element-caption\">Parameter der Obsttablett-Formmaschine<\/figcaption><\/figure>    <h2 class=\"wp-block-heading\" id=\"h-the-manufacturing-process-of-apple-trays\">Herstellungsprozess von Apfelschalen<\/h2>   <div id=\"rank-math-howto\" class=\"rank-math-block\" > <div class=\"rank-math-howto-description\">  <\/div>  <div class=\"rank-math-steps\"> <div id=\"howto-step-1718264736738\" class=\"rank-math-step\"> <h3 class=\"rank-math-step-title\">Verarbeitung von Zellstoff<\/h3> <div class=\"rank-math-step-content\"><p>Geben Sie das Altpapier in die Zellstoffmaschine. Nach der Behandlung mit grobem Fruchtfleisch. Anschlie\u00dfend wird der grobe Zellstoff verfeinert und im Zellstofflagertank eingestellt.<\/p> <\/div> <\/div> <div id=\"howto-step-1718264745706\" class=\"rank-math-step\"> <h3 class=\"rank-math-step-title\">Apfelschale formen<\/h3> <div class=\"rank-math-step-content\"><p>Durch die Fruchtfleischpumpe und die Vakuumpumpe wird das Fruchtfleisch an der Form der Obstschalen-Herstellungsmaschine adsorbiert. Abschlie\u00dfend werden die geformten Obstschalen hergestellt.<\/p> <\/div> <\/div> <div id=\"howto-step-1718264759075\" class=\"rank-math-step\"> <h3 class=\"rank-math-step-title\">Apfeltrocknungstablett<\/h3> <div class=\"rank-math-step-content\"><p>Anschlie\u00dfend werden die geformten Apfelschalen in den Trockner gegeben. Nach dem Trocknen sind die Apfelschalen steif und bereit f\u00fcr die weitere Hei\u00dfpressung und Verpackung.<\/p> <\/div> <\/div> <\/div> <\/div>      <div class=\"wp-block-image\"> <figure class=\"aligncenter size-full\"><img loading=\"lazy\" decoding=\"async\" width=\"720\" height=\"540\" src=\"https:\/\/eggtraym.com\/wp-content\/uploads\/2022\/09\/fruit-tray-molding-machine-.webp\" alt=\"Formmaschine f\u00fcr Obstschalen\" class=\"wp-image-132\" title=\"Formmaschine f\u00fcr Obstschalen\" srcset=\"https:\/\/eggtraym.com\/wp-content\/uploads\/2022\/09\/fruit-tray-molding-machine-.webp 720w, https:\/\/eggtraym.com\/wp-content\/uploads\/2022\/09\/fruit-tray-molding-machine--300x225.webp 300w\" sizes=\"auto, (max-width: 720px) 100vw, 720px\" \/><figcaption class=\"wp-element-caption\">Formmaschine f\u00fcr Obstschalen<\/figcaption><\/figure> <\/div>   <h2 class=\"wp-block-heading\" id=\"h-how-to-choose-a-good-apple-tray-machine\">Wie w\u00e4hlt man eine gute Apfelschalenmaschine aus? <\/h2>    <ul class=\"wp-block-list\"> <li><strong>Hochwertige Maschine<br><\/strong>Eine hochwertige Maschine kann lange genutzt werden. Die von Shuliy hergestellte Maschine zur Herstellung von Obstschalen hat eine Lebensdauer von mehr als 8 Jahren. Dar\u00fcber hinaus sind unsere Maschinen hochautomatisch und einfach zu bedienen. Nachdem unsere Kunden im Ausland die Maschine erhalten haben, l\u00e4uft sie reibungslos und ist bei unseren Kunden beliebt.<\/li>    <li><strong>Toller Maschinenlieferant<br><\/strong>Shuliy ist ein professioneller Hersteller von Eierablagemaschinen und Obsttablettmaschinen. Seit der Gr\u00fcndung unserer Fabrik haben wir kontinuierlich Verbesserungen und Innovationen in den Funktionen und Strukturen unserer Maschinen vorgenommen. Mittlerweile hat unsere Fertigungstechnologie ein hohes Niveau erreicht. Kunden haben die Gewissheit, dass sie sich f\u00fcr die Maschine entscheiden, die sie ben\u00f6tigen.<\/li>    <li><strong>Gr\u00fcndlicher Service<br><\/strong>Wir werden alle Fragen von Kunden rechtzeitig beantworten. Wir werden auch die beste Obsttablettmaschine entsprechend den Anforderungen und der Situation des Kunden empfehlen. Dar\u00fcber hinaus bieten wir auch die Planung des Fabriklayouts an. Falls erforderlich, k\u00fcmmern wir uns auch um die Installation der Maschine. Nachdem der Kunde die Maschine erhalten hat, bieten wir einen einj\u00e4hrigen After-Sales-Service an.<\/li> <\/ul>    <figure class=\"wp-block-gallery has-nested-images columns-default is-cropped wp-block-gallery-3 is-layout-flex wp-block-gallery-is-layout-flex\"> <figure class=\"wp-block-image size-large\"><img loading=\"lazy\" decoding=\"async\" width=\"720\" height=\"540\" data-id=\"133\" src=\"https:\/\/eggtraym.com\/wp-content\/uploads\/2022\/09\/apple-tray-machine-.webp\" alt=\"Apfeltablettmaschine\" class=\"wp-image-133\" title=\"Apfeltablettmaschine\" srcset=\"https:\/\/eggtraym.com\/wp-content\/uploads\/2022\/09\/apple-tray-machine-.webp 720w, https:\/\/eggtraym.com\/wp-content\/uploads\/2022\/09\/apple-tray-machine--300x225.webp 300w\" sizes=\"auto, (max-width: 720px) 100vw, 720px\" \/><figcaption class=\"wp-element-caption\">Apfeltablettmaschine<\/figcaption><\/figure>    <figure class=\"wp-block-image size-large\"><img loading=\"lazy\" decoding=\"async\" width=\"720\" height=\"540\" data-id=\"134\" src=\"https:\/\/eggtraym.com\/wp-content\/uploads\/2022\/09\/fruit-tray-making-machine-3.webp\" alt=\"Fr\u00fcchtekorb-Maschine.\" class=\"wp-image-134\" title=\"Fr\u00fcchtekorb-Maschine.\" srcset=\"https:\/\/eggtraym.com\/wp-content\/uploads\/2022\/09\/fruit-tray-making-machine-3.webp 720w, https:\/\/eggtraym.com\/wp-content\/uploads\/2022\/09\/fruit-tray-making-machine-3-300x225.webp 300w\" sizes=\"auto, (max-width: 720px) 100vw, 720px\" \/><figcaption class=\"wp-element-caption\">Maschine zur Herstellung von Obsttabletts <\/figcaption><\/figure> <\/figure>    <h2 class=\"wp-block-heading\" id=\"h-apple-fruit-tray-making-machine-sold-to-nigeria\">Maschine zur Herstellung von Apfelfruchtschalen nach Nigeria verkauft<\/h2>    <p class=\"translation-block\">Dieser Kunde in <a href=\"https:\/\/en.wikipedia.org\/wiki\/Nigeria\" target=\"_blank\" rel=\"noopener\">Nigeria<\/a> wollte ein Unternehmen f\u00fcr die Herstellung von Eier-Tray-Maschinen gr\u00fcnden. Also suchte er im Internet nach der entsprechenden Maschine und besuchte dann unsere Website. Schlie\u00dflich schickte er uns eine Anfrage f\u00fcr eine Obst-Tray-Maschine. <\/p>    <p>Nachdem wir die Nachricht des Kunden erhalten hatten, stellten wir dem Kunden Bilder, Videos und Parameter der Maschine zur Verf\u00fcgung. Dann haben wir den Kunden nach der Gr\u00f6\u00dfe der \u00c4pfel gefragt und die Gr\u00f6\u00dfe der Eierablage ermittelt. Nachdem alle Informationen best\u00e4tigt waren, haben wir dem Kunden ein Angebot unterbreitet. Der Kunde hat die Maschine zur Herstellung von Obstschalen bezahlt.<\/p>    <figure class=\"wp-block-gallery has-nested-images columns-default is-cropped wp-block-gallery-4 is-layout-flex wp-block-gallery-is-layout-flex\"> <figure class=\"wp-block-image size-large\"><img loading=\"lazy\" decoding=\"async\" width=\"720\" height=\"540\" data-id=\"628\" src=\"https:\/\/eggtraym.com\/wp-content\/uploads\/2022\/09\/apple-tray-making-machine-loading-site.webp\" alt=\"Ladestelle f\u00fcr die Apfelschalenherstellungsmaschine\" class=\"wp-image-628\" title=\"\" srcset=\"https:\/\/eggtraym.com\/wp-content\/uploads\/2022\/09\/apple-tray-making-machine-loading-site.webp 720w, https:\/\/eggtraym.com\/wp-content\/uploads\/2022\/09\/apple-tray-making-machine-loading-site-300x225.webp 300w, https:\/\/eggtraym.com\/wp-content\/uploads\/2022\/09\/apple-tray-making-machine-loading-site-16x12.webp 16w\" sizes=\"auto, (max-width: 720px) 100vw, 720px\" \/><figcaption class=\"wp-element-caption\">Ladeseite f\u00fcr die Maschine zur Herstellung von Apfelschalen<\/figcaption><\/figure>    <figure class=\"wp-block-image size-large\"><img loading=\"lazy\" decoding=\"async\" width=\"720\" height=\"540\" data-id=\"629\" src=\"https:\/\/eggtraym.com\/wp-content\/uploads\/2022\/09\/fruit-tray-molding-machine-for-sale.webp\" alt=\"Obstschalenformmaschine zu verkaufen\" class=\"wp-image-629\" title=\"\" srcset=\"https:\/\/eggtraym.com\/wp-content\/uploads\/2022\/09\/fruit-tray-molding-machine-for-sale.webp 720w, https:\/\/eggtraym.com\/wp-content\/uploads\/2022\/09\/fruit-tray-molding-machine-for-sale-300x225.webp 300w, https:\/\/eggtraym.com\/wp-content\/uploads\/2022\/09\/fruit-tray-molding-machine-for-sale-16x12.webp 16w\" sizes=\"auto, (max-width: 720px) 100vw, 720px\" \/><figcaption class=\"wp-element-caption\">Obsttablett-Formmaschine zu verkaufen<\/figcaption><\/figure> <\/figure>    <h2 class=\"wp-block-heading\" id=\"h-what-are-the-benefits-of-using-shuliy-s-egg-plate-making-machine\">Vorteile der Verwendung der Eierplattenmaschine von Shuliy<\/h2>    <ul class=\"wp-block-list\"> <li>Erh\u00f6hen Sie die Effizienz bei der Herstellung von Apfelschalen. Wenn der Kunde die Maschine zusammen mit einem Schl\u00e4ger, einem Trockner, einem Former und einer Ballenpresse verwendet, wird die Effizienz erheblich verbessert.<\/li>    <li>Reduzieren Sie die Anzahl der Wartungsarbeiten. Unsere Maschinen sind von hoher Qualit\u00e4t und weisen nicht h\u00e4ufig Probleme auf, sodass Kunden sie bedenkenlos nutzen k\u00f6nnen.<\/li>    <li>Hochwertige Fertigprodukte. Unsere Maschine zur Herstellung von Obstschalen produziert langlebige Apfelschalen, die druckbest\u00e4ndig und gut luftdurchl\u00e4ssig sind und auf dem Markt weit verbreitet sind.<\/li>    <li>Einkommen steigern. Kunden k\u00f6nnen durch die Herstellung und den Verkauf von Obstschalen schneller Einnahmen erzielen.<\/li> <\/ul>   <div class=\"wp-block-image\"> <figure class=\"aligncenter size-full\"><img loading=\"lazy\" decoding=\"async\" width=\"720\" height=\"540\" src=\"https:\/\/eggtraym.com\/wp-content\/uploads\/2022\/09\/egg-plate-making-machine-.webp\" alt=\"Maschine zur Herstellung von Eierplatten\" class=\"wp-image-135\" title=\"Maschine zur Herstellung von Eierplatten\" srcset=\"https:\/\/eggtraym.com\/wp-content\/uploads\/2022\/09\/egg-plate-making-machine-.webp 720w, https:\/\/eggtraym.com\/wp-content\/uploads\/2022\/09\/egg-plate-making-machine--300x225.webp 300w\" sizes=\"auto, (max-width: 720px) 100vw, 720px\" \/><figcaption class=\"wp-element-caption\">Maschine zur Herstellung von Eierplatten<\/figcaption><\/figure> <\/div>   <p>Unser Werk ist seit vielen Jahren auf die Herstellung von Altpapier-Recyclingger\u00e4ten zur Papierschalenformung spezialisiert. Wenn Sie interessiert sind, st\u00f6bern Sie bitte auf dieser Website und kontaktieren Sie uns f\u00fcr eine Maschinenanpassung.<\/p>","protected":false},"excerpt":{"rendered":"<p>Die Maschine zur Herstellung von Obstschalen ist eine der wichtigsten Ausr\u00fcstungen f\u00fcr Verpackungsmaschinen. Die von dieser Maschine hergestellten Fertigprodukte k\u00f6nnen f\u00fcr Fr\u00fcchte verpackt und gesch\u00fctzt werden.<\/p>","protected":false},"author":1,"featured_media":127,"parent":0,"template":"","tags":[45,41,46],"product-type":[3],"class_list":["post-71","product","type-product","status-publish","has-post-thumbnail","hentry","tag-apple-tray","tag-egg-tray","tag-fruit-tray","product-type-egg-tray-making-machine"],"_links":{"self":[{"href":"https:\/\/eggtraym.com\/de\/wp-json\/wp\/v2\/product\/71","targetHints":{"allow":["GET"]}}],"collection":[{"href":"https:\/\/eggtraym.com\/de\/wp-json\/wp\/v2\/product"}],"about":[{"href":"https:\/\/eggtraym.com\/de\/wp-json\/wp\/v2\/types\/product"}],"author":[{"embeddable":true,"href":"https:\/\/eggtraym.com\/de\/wp-json\/wp\/v2\/users\/1"}],"wp:featuredmedia":[{"embeddable":true,"href":"https:\/\/eggtraym.com\/de\/wp-json\/wp\/v2\/media\/127"}],"wp:attachment":[{"href":"https:\/\/eggtraym.com\/de\/wp-json\/wp\/v2\/media?parent=71"}],"wp:term":[{"taxonomy":"post_tag","embeddable":true,"href":"https:\/\/eggtraym.com\/de\/wp-json\/wp\/v2\/tags?post=71"},{"taxonomy":"product-type","embeddable":true,"href":"https:\/\/eggtraym.com\/de\/wp-json\/wp\/v2\/product-type?post=71"}],"curies":[{"name":"wp","href":"https:\/\/api.w.org\/{rel}","templated":true}]}}