{"id":65,"date":"2022-09-14T03:26:36","date_gmt":"2022-09-14T03:26:36","guid":{"rendered":"https:\/\/eggtraym.com\/?post_type=product&#038;p=65"},"modified":"2025-06-17T17:20:47","modified_gmt":"2025-06-17T09:20:47","slug":"1500pc-h-egg-tray-making-machine","status":"publish","type":"product","link":"https:\/\/eggtraym.com\/de\/product\/1500pc-h-egg-tray-making-machine\/","title":{"rendered":"Halbautomatische 1500PC\/H Eierablage-Herstellungsmaschine zu verkaufen"},"content":{"rendered":"<div class=\"kk-star-ratings kksr-auto kksr-align-left kksr-valign-top\"     data-payload='{&quot;align&quot;:&quot;left&quot;,&quot;id&quot;:&quot;65&quot;,&quot;slug&quot;:&quot;default&quot;,&quot;valign&quot;:&quot;top&quot;,&quot;ignore&quot;:&quot;&quot;,&quot;reference&quot;:&quot;auto&quot;,&quot;class&quot;:&quot;&quot;,&quot;count&quot;:&quot;80&quot;,&quot;legendonly&quot;:&quot;&quot;,&quot;readonly&quot;:&quot;&quot;,&quot;score&quot;:&quot;4.7&quot;,&quot;starsonly&quot;:&quot;&quot;,&quot;best&quot;:&quot;5&quot;,&quot;gap&quot;:&quot;5&quot;,&quot;greet&quot;:&quot;Rate this product&quot;,&quot;legend&quot;:&quot;4.7\\\/5 - (80 votes)&quot;,&quot;size&quot;:&quot;24&quot;,&quot;title&quot;:&quot;Semi-Automatic 1500PC\\\/H Egg Tray Making Machine For Sale&quot;,&quot;width&quot;:&quot;133.8&quot;,&quot;_legend&quot;:&quot;{score}\\\/{best} - ({count} {votes})&quot;,&quot;font_factor&quot;:&quot;1.25&quot;}'>              <div class=\"kksr-stars\">      <div class=\"kksr-stars-inactive\">             <div class=\"kksr-star\" data-star=\"1\" style=\"padding-right: 5px\">               <div class=\"kksr-icon\" style=\"width: 24px; height: 24px;\"><\/div>         <\/div>             <div class=\"kksr-star\" data-star=\"2\" style=\"padding-right: 5px\">               <div class=\"kksr-icon\" style=\"width: 24px; height: 24px;\"><\/div>         <\/div>             <div class=\"kksr-star\" data-star=\"3\" style=\"padding-right: 5px\">               <div class=\"kksr-icon\" style=\"width: 24px; height: 24px;\"><\/div>         <\/div>             <div class=\"kksr-star\" data-star=\"4\" style=\"padding-right: 5px\">               <div class=\"kksr-icon\" style=\"width: 24px; height: 24px;\"><\/div>         <\/div>             <div class=\"kksr-star\" data-star=\"5\" style=\"padding-right: 5px\">               <div class=\"kksr-icon\" style=\"width: 24px; height: 24px;\"><\/div>         <\/div>     <\/div>      <div class=\"kksr-stars-active\" style=\"width: 133.8px;\">             <div class=\"kksr-star\" style=\"padding-right: 5px\">               <div class=\"kksr-icon\" style=\"width: 24px; height: 24px;\"><\/div>         <\/div>             <div class=\"kksr-star\" style=\"padding-right: 5px\">               <div class=\"kksr-icon\" style=\"width: 24px; height: 24px;\"><\/div>         <\/div>             <div class=\"kksr-star\" style=\"padding-right: 5px\">               <div class=\"kksr-icon\" style=\"width: 24px; height: 24px;\"><\/div>         <\/div>             <div class=\"kksr-star\" style=\"padding-right: 5px\">               <div class=\"kksr-icon\" style=\"width: 24px; height: 24px;\"><\/div>         <\/div>             <div class=\"kksr-star\" style=\"padding-right: 5px\">               <div class=\"kksr-icon\" style=\"width: 24px; height: 24px;\"><\/div>         <\/div>     <\/div> <\/div>                   <div class=\"kksr-legend\" style=\"font-size: 19.2px;\">             4,7\/5 - (80 Stimmen)    <\/div>     <\/div>  <p>Die Maschine zur Herstellung von Pulpeierkartons ist ein effizientes und umweltfreundliches Ger\u00e4t zur Produktion von Pulpeformprodukten wie Eierkartons, Eierverpackungen, Obstschalen, Kaffeetassenhaltern und so weiter. <\/p>    <p>Unsere 1500 St\u00fcck\/Stunde Eierkartonherstellungsmaschine ben\u00f6tigt nur 1 bis 3 Personen, um den Betrieb und die t\u00e4gliche Wartung abzuschlie\u00dfen, und ist besonders geeignet f\u00fcr kleine Unternehmen, Familienwerkst\u00e4tten und Unternehmensprojekte.<\/p>    <p>Die Maschine kann Abfallpapier wie B\u00fccher, Zeitschriften, A4-Papier, Abfallpapierbeh\u00e4lter, Karton usw. als Rohstoffe nutzen und ein Verh\u00e4ltnis von 3:1 von Wasser zu Papier zum Mischen und Mahlen anwenden. <\/p>    <p>Die Ausr\u00fcstung hat eine kompakte Struktur, ist einfach zu wechseln und flexibel, um den Produktionsbed\u00fcrfnissen verschiedener Palettenprodukte gerecht zu werden.<\/p>    <figure class=\"wp-block-embed aligncenter is-type-video is-provider-youtube wp-block-embed-youtube wp-embed-aspect-16-9 wp-has-aspect-ratio\"><div class=\"wp-block-embed__wrapper\"> <iframe loading=\"lazy\" title=\"Kleine Eierschalen-Formmaschine: 1500 St\u00fcck\/h Effizienz-Showcase!\" width=\"500\" height=\"281\" src=\"https:\/\/www.youtube.com\/embed\/jJ8B8YF0I7s?feature=oembed\" frameborder=\"0\" allow=\"accelerometer; autoplay; clipboard-write; encrypted-media; gyroscope; picture-in-picture; web-share\" referrerpolicy=\"strict-origin-when-cross-origin\" allowfullscreen><\/iframe> <\/div><figcaption class=\"wp-element-caption\">Arbeitsvideo einer kleinen Maschine zum Formen von Eierkartons<\/figcaption><\/figure>    <p>Typischerweise arbeitet die 1500 St\u00fcck pro Stunde Eierkartonherstellungsmaschine mit einer geringeren Leistung halbautomatisch. Unsere halbautomatische Eierkartonproduktionslinie besteht im Allgemeinen aus Pulpermaschinen und Formmaschinen, w\u00e4hrend die Trocknungs- und Verpackungsprozesse manuelle Handhabung erfordern.<\/p>   <div class=\"wp-block-image\"> <figure class=\"aligncenter size-full\"><img loading=\"lazy\" decoding=\"async\" width=\"720\" height=\"540\" src=\"https:\/\/eggtraym.com\/wp-content\/uploads\/2022\/09\/egg-tray-making-machine-.webp\" alt=\"1500 St\u00fcck\/h Eierschalen-Herstellungsmaschine\" class=\"wp-image-98\" title=\"Maschine zur Herstellung von Eierschalen\" srcset=\"https:\/\/eggtraym.com\/wp-content\/uploads\/2022\/09\/egg-tray-making-machine-.webp 720w, https:\/\/eggtraym.com\/wp-content\/uploads\/2022\/09\/egg-tray-making-machine--300x225.webp 300w\" sizes=\"auto, (max-width: 720px) 100vw, 720px\" \/><figcaption class=\"wp-element-caption\">1500 St\u00fcck\/h Eierschalen-Herstellungsmaschine<\/figcaption><\/figure> <\/div>   <h2 class=\"wp-block-heading\">Fertigprodukte aus der Papierfachmaschine<\/h2>    <p>Das besondere Merkmal der Papierzellstoffformmaschine ist ihre Vielseitigkeit und Vielfalt. Durch den Austausch verschiedener Formen k\u00f6nnen m\u00fchelos fertige Produkte in verschiedenen Formen und Typen hergestellt werden, was den Benutzern erhebliche Produktionsflexibilit\u00e4t und -optionen bietet.<\/p>   <div class=\"wp-block-image\"> <figure class=\"aligncenter size-full\"><img loading=\"lazy\" decoding=\"async\" width=\"720\" height=\"540\" src=\"https:\/\/eggtraym.com\/wp-content\/uploads\/2022\/09\/various-paper-egg-tray-finished-products-display.webp\" alt=\"Verschiedene fertige Produkte aus Papier-Eiertr\u00e4gern\" class=\"wp-image-834\" title=\"\" srcset=\"https:\/\/eggtraym.com\/wp-content\/uploads\/2022\/09\/various-paper-egg-tray-finished-products-display.webp 720w, https:\/\/eggtraym.com\/wp-content\/uploads\/2022\/09\/various-paper-egg-tray-finished-products-display-300x225.webp 300w, https:\/\/eggtraym.com\/wp-content\/uploads\/2022\/09\/various-paper-egg-tray-finished-products-display-16x12.webp 16w\" sizes=\"auto, (max-width: 720px) 100vw, 720px\" \/><figcaption class=\"wp-element-caption\">Verschiedene fertige Produkte aus Papier-Eiertr\u00e4gern<\/figcaption><\/figure> <\/div>  <div class=\"wp-block-image\"> <figure class=\"aligncenter size-full\"><img loading=\"lazy\" decoding=\"async\" width=\"720\" height=\"540\" src=\"https:\/\/eggtraym.com\/wp-content\/uploads\/2022\/09\/finished-paper-trays-in-different-shapes.webp\" alt=\"fertige Papierschalen in verschiedenen Formen\" class=\"wp-image-611\" title=\"\" srcset=\"https:\/\/eggtraym.com\/wp-content\/uploads\/2022\/09\/finished-paper-trays-in-different-shapes.webp 720w, https:\/\/eggtraym.com\/wp-content\/uploads\/2022\/09\/finished-paper-trays-in-different-shapes-300x225.webp 300w, https:\/\/eggtraym.com\/wp-content\/uploads\/2022\/09\/finished-paper-trays-in-different-shapes-16x12.webp 16w\" sizes=\"auto, (max-width: 720px) 100vw, 720px\" \/><figcaption class=\"wp-element-caption\">fertige Papierschalen in verschiedenen Formen<\/figcaption><\/figure> <\/div>   <h2 class=\"wp-block-heading\" id=\"h-what-is-the-machine-composition-of-the-1500pc-h-semi-automatic-egg-tray-making-machine\">Welche Maschinen k\u00f6nnen mit der kleinen Eierverpackungsmaschine arbeiten?<\/h2>    <p>Die Eierschalen-Herstellungsmaschine mit 1500 St\u00fcck\/h kann in Verbindung mit einem Eierschalen-Pulper, einer manuellen Trocknungsmaschine, einer Verpackungsmaschine und mehr verwendet werden.<\/p>    <p class=\"translation-block\">Sie k\u00f6nnen die Trocknungsmaschine, die Hei\u00dfpresse und die Verpackungsmaschine zu einer vollautomatischen Produktionslinie zusammenstellen. (Mehr Infos: <a href=\"https:\/\/eggtraym.com\/de\/product\/egg-tray-manufacturing-plant\/\"><em>Eierkistenherstellungsanlagen Papierbrei-Formmaschinen<\/em><\/a>)<\/p>    <p class=\"translation-block\">Die Eierkistenmaschinen aus unserem Werk haben eine Kapazit\u00e4t von 1000 bis 6000 St\u00fcck\/h. Eierkistenmaschinen mit gro\u00dfer Kapazit\u00e4t sind in der Regel vollautomatische Produktionslinien, die die Arbeitseffizienz erheblich verbessern k\u00f6nnen. (Verwandter Beitrag: <a href=\"https:\/\/eggtraym.com\/de\/product\/automatic-egg-tray-machine\/\"><em>Vollautomatische Eierkistenmaschine mit hoher Kapazit\u00e4t<\/em><\/a>)<\/p>    <figure class=\"wp-block-gallery has-nested-images columns-default is-cropped wp-block-gallery-2 is-layout-flex wp-block-gallery-is-layout-flex\"> <figure class=\"wp-block-image size-large\"><img loading=\"lazy\" decoding=\"async\" width=\"720\" height=\"540\" data-id=\"96\" src=\"https:\/\/eggtraym.com\/wp-content\/uploads\/2022\/09\/egg-tray-pulper-.webp\" alt=\"Eierschalen-Pulper\" class=\"wp-image-96\" title=\"Eierschalen-Pulper\" srcset=\"https:\/\/eggtraym.com\/wp-content\/uploads\/2022\/09\/egg-tray-pulper-.webp 720w, https:\/\/eggtraym.com\/wp-content\/uploads\/2022\/09\/egg-tray-pulper--300x225.webp 300w\" sizes=\"auto, (max-width: 720px) 100vw, 720px\" \/><figcaption class=\"wp-element-caption\">Eierschalenzerkleinerer<\/figcaption><\/figure>    <figure class=\"wp-block-image size-large\"><img loading=\"lazy\" decoding=\"async\" width=\"720\" height=\"540\" data-id=\"97\" src=\"https:\/\/eggtraym.com\/wp-content\/uploads\/2022\/09\/manual-drying-machine-.webp\" alt=\"manuelle Trocknungsmaschine\" class=\"wp-image-97\" title=\"manuelle Trocknungsmaschine\" srcset=\"https:\/\/eggtraym.com\/wp-content\/uploads\/2022\/09\/manual-drying-machine-.webp 720w, https:\/\/eggtraym.com\/wp-content\/uploads\/2022\/09\/manual-drying-machine--300x225.webp 300w\" sizes=\"auto, (max-width: 720px) 100vw, 720px\" \/><figcaption class=\"wp-element-caption\">Manuelle Trocknungsmaschine<\/figcaption><\/figure> <\/figure>    <h2 class=\"wp-block-heading\" id=\"h-technical-parameters-of-the-small-egg-tray-making-machine\">Parameter der 1500 St\u00fcck\/h Eierschalen-Herstellungsmaschine<\/h2>    <figure class=\"wp-block-table is-style-stripes\"><table><tbody><tr><td>Modell<\/td><td>Ausgabe<\/td><td>Papierverbrauch<\/td><td>Wasserverbrauch<\/td><td>Energie verbraucht<\/td><td>Arbeiternummer<\/td><\/tr><tr><td>SL-4*1<\/td><td>1500\u20132000 St\u00fcck\/h<\/td><td>160kg\/h<\/td><td>380kg\/h<\/td><td>45 kW\/h<\/td><td>3-4<\/td><\/tr><\/tbody><\/table><figcaption class=\"wp-element-caption\">Parameter der 1500pc\/h Eierkartonmaschine<\/figcaption><\/figure>    <h2 class=\"wp-block-heading\">Wie funktioniert die Eierschalenformmaschine?<\/h2>    <ul class=\"wp-block-list\"> <li>Rohmaterialaufbereitung: Altpapier und Wasser werden im Verh\u00e4ltnis 3:1 in den hydraulischen Pulper gegeben und ger\u00fchrt, um eine gleichm\u00e4\u00dfige Pulpe zu erzeugen.<\/li>    <li>Pulpenmischung: Die Pulpe durchl\u00e4uft eine Vibrationssiebung und Konzentrationsanpassung und gelangt in das Formsystem f\u00fcr Ersatzteile.<\/li>    <li>Vakuumadsorptionsformung: Die Pulpe wird durch eine Vakuumpumpe an die Oberfl\u00e4che der Form adsorbiert, um die gew\u00fcnschte Eierverpackungsform zu bilden.<\/li>    <li>Entfernen aus der Form: Nach der Formung wird die Eierverpackung pneumatisch oder manuell aus der Form entfernt und in den Trocknungsbereich \u00fcbertragen.<\/li>    <li>Trocknung: Die nasse Eierverpackung wird durch das Hei\u00dflufttrocknungssystem getrocknet, um ihre feste Struktur und saubere Form zu gew\u00e4hrleisten.<\/li>    <li>Fertigungssammlung: Die getrocknete Eierverpackung kann direkt gesammelt, verpackt und in den Verkaufs- oder Nutzungsprozess \u00fcberf\u00fchrt werden.<\/li> <\/ul>    <figure class=\"wp-block-embed aligncenter is-type-video is-provider-youtube wp-block-embed-youtube wp-embed-aspect-16-9 wp-has-aspect-ratio\"><div class=\"wp-block-embed__wrapper\"> <iframe loading=\"lazy\" title=\"Testvideo einer Eierschalen-Formmaschine f\u00fcr einen Kunden aus Sambia! Multifunktions-Eierschalen-Herstellungsmaschine\" width=\"500\" height=\"281\" src=\"https:\/\/www.youtube.com\/embed\/7IYZRPQuuVY?feature=oembed\" frameborder=\"0\" allow=\"accelerometer; autoplay; clipboard-write; encrypted-media; gyroscope; picture-in-picture; web-share\" referrerpolicy=\"strict-origin-when-cross-origin\" allowfullscreen><\/iframe> <\/div><figcaption class=\"wp-element-caption\">Arbeitsvideo einer 1500 St\u00fcck\/h Eierschalen-Herstellungsmaschine<\/figcaption><\/figure>    <h2 class=\"wp-block-heading\" id=\"h-features-of-1500pc-h-paper-pulp-egg-tray-making-machine\">Vorteile der kleinen Papier-Eiertr\u00e4ger-Maschine<\/h2>    <ul class=\"wp-block-list\"> <li>Niedrige Investitionskosten: Im Vergleich zur vollautomatischen Produktionslinie ben\u00f6tigt diese 1500 St\u00fcck\/Stunde Eierkartonherstellungsmaschine keinen Trockner, keine Hei\u00dfpresse und keine Verpackungsmaschine, die Gesamtkosten sind niedriger und sie ist f\u00fcr Startups geeignet.<\/li>    <li>Bessere Effizienz als manuelle Ger\u00e4te: halbautomatischer Arbeitsmodus, Ausgabe und Effizienz sind viel h\u00f6her als bei manuellen Eierkartonmaschinen, was Arbeitszeit spart.<\/li>    <li>Geeignet f\u00fcr kleine und mittelgro\u00dfe Investoren: Eine Kapazit\u00e4t von 1500 St\u00fcck\/Stunde erf\u00fcllt die t\u00e4gliche mittlere Nachfrage und ist geeignet f\u00fcr l\u00e4ndliche Unternehmensgr\u00fcndungen oder die Produktion von zu Hause aus.<\/li>    <li>Starke Erweiterbarkeit: Die Ger\u00e4testruktur ist modular aufgebaut, was es einfach macht, flexibel auf eine vollautomatische Produktionslinie aufzur\u00fcsten, je nach der Gesch\u00e4ftsentwicklung in einer sp\u00e4teren Phase.<\/li>    <li>Einfache Bedienung und einfache Wartung: Nur 1-3 Personen sind erforderlich, um die Bedienung und die t\u00e4gliche Wartung abzuschlie\u00dfen, niedrige Arbeitsintensit\u00e4t und geringe Verwaltungskosten.<\/li> <\/ul>   <div class=\"wp-block-image\"> <figure class=\"aligncenter size-full\"><img loading=\"lazy\" decoding=\"async\" width=\"720\" height=\"540\" src=\"https:\/\/eggtraym.com\/wp-content\/uploads\/2022\/09\/paper-pulp-egg-tray-.webp\" alt=\"Eierablage aus Papierzellstoff\" class=\"wp-image-101\" title=\"Eierablage aus Papierzellstoff\" srcset=\"https:\/\/eggtraym.com\/wp-content\/uploads\/2022\/09\/paper-pulp-egg-tray-.webp 720w, https:\/\/eggtraym.com\/wp-content\/uploads\/2022\/09\/paper-pulp-egg-tray--300x225.webp 300w\" sizes=\"auto, (max-width: 720px) 100vw, 720px\" \/><figcaption class=\"wp-element-caption\">Eierablage aus Papierzellstoff<\/figcaption><\/figure> <\/div>   <h2 class=\"wp-block-heading\" id=\"h-how-to-choose-a-suitable-egg-tray-molding-machine\">Wie w\u00e4hlt man eine geeignete Eierschalenformmaschine aus?<\/h2>    <p>Es gibt verschiedene Arten von Maschinen zur Herstellung von Eierschalen mit einer Leistung von 1500 St\u00fcck\/h auf dem Markt. Kunden k\u00f6nnen anhand der folgenden Punkte die f\u00fcr sie passende Eierschalenformmaschine ausw\u00e4hlen:<\/p>   <div id=\"rank-math-faq\" class=\"rank-math-block\"> <div class=\"rank-math-list\"> <div id=\"faq-question-1718185350122\" class=\"rank-math-list-item\"> <h3 class=\"rank-math-question\">Wie viele Eierschalen m\u00fcssen Sie pro Stunde produzieren?<\/h3> <div class=\"rank-math-answer\">  <p>Kunden k\u00f6nnen die Eierschalenformmaschine basierend auf ihren Anforderungen an die Produktionskapazit\u00e4t ausw\u00e4hlen. Die Leistung bestimmt, welches Modell der Eierablagemaschine geeignet ist und welche Abmessungen die Eierablagen haben, die der Kunde herstellen m\u00f6chte.<\/p>  <\/div> <\/div> <div id=\"faq-question-1718185353803\" class=\"rank-math-list-item\"> <h3 class=\"rank-math-question\">Wie hoch ist Ihr Budget?<\/h3> <div class=\"rank-math-answer\">  <p>Kunden sollten die Maschine zur Herstellung von Eiertr\u00e4gern basierend auf ihren spezifischen Umst\u00e4nden kaufen. Neben dem Preis des Ger\u00e4ts ist es wichtig, auch andere Faktoren wie Arbeitskosten, Baukosten, Rohstoffkosten und Wartungsgeb\u00fchren zu ber\u00fccksichtigen.<\/p>  <\/div> <\/div> <div id=\"faq-question-1718185362340\" class=\"rank-math-list-item\"> <h3 class=\"rank-math-question\">Wo kann man die Maschine zur Herstellung von Papier-Eierablagen kaufen?<\/h3> <div class=\"rank-math-answer\">  <p>Angesichts der Transportkosten ziehen es viele Kunden m\u00f6glicherweise vor, die Maschine vor Ort zu kaufen. Dennoch hat unsere Eierablagemaschine von zahlreichen internationalen Kunden positive R\u00fcckmeldungen erhalten. Als Hersteller bieten wir hochwertige Eierablagemaschinen zu wettbewerbsf\u00e4higen Preisen sowie einen hervorragenden Kundenservice. Dar\u00fcber hinaus bieten wir auch Installationsdienste f\u00fcr die Maschine an.<\/p>  <\/div> <\/div> <\/div> <\/div>   <figure class=\"wp-block-gallery has-nested-images columns-default is-cropped wp-block-gallery-3 is-layout-flex wp-block-gallery-is-layout-flex\"> <figure class=\"wp-block-image size-large\"><img loading=\"lazy\" decoding=\"async\" width=\"720\" height=\"540\" data-id=\"99\" src=\"https:\/\/eggtraym.com\/wp-content\/uploads\/2022\/09\/egg-tray-molding-machine-1-1.webp\" alt=\"1500 St\u00fcck\/h Eierschalen-Herstellungsmaschine\" class=\"wp-image-99\" title=\"Eierschalenformmaschine\" srcset=\"https:\/\/eggtraym.com\/wp-content\/uploads\/2022\/09\/egg-tray-molding-machine-1-1.webp 720w, https:\/\/eggtraym.com\/wp-content\/uploads\/2022\/09\/egg-tray-molding-machine-1-1-300x225.webp 300w\" sizes=\"auto, (max-width: 720px) 100vw, 720px\" \/><figcaption class=\"wp-element-caption\">1500 St\u00fcck\/h Eierablage-Herstellungsmaschine<\/figcaption><\/figure>    <figure class=\"wp-block-image size-large\"><img loading=\"lazy\" decoding=\"async\" width=\"720\" height=\"540\" data-id=\"100\" src=\"https:\/\/eggtraym.com\/wp-content\/uploads\/2022\/09\/small-egg-tray-making-machine.webp\" alt=\"Kleine Maschine zur Herstellung von Eierschalen\" class=\"wp-image-100\" title=\"Kleine Maschine zur Herstellung von Eierschalen\" srcset=\"https:\/\/eggtraym.com\/wp-content\/uploads\/2022\/09\/small-egg-tray-making-machine.webp 720w, https:\/\/eggtraym.com\/wp-content\/uploads\/2022\/09\/small-egg-tray-making-machine-300x225.webp 300w\" sizes=\"auto, (max-width: 720px) 100vw, 720px\" \/><figcaption class=\"wp-element-caption\">Kleine Maschine zur Herstellung von Eierschalen<\/figcaption><\/figure> <\/figure>    <h2 class=\"wp-block-heading\">Maschine zur Herstellung von Eierkisten nach Venezuela verkauft<\/h2>    <p class=\"translation-block\">Letzten Monat kaufte ein Kunde aus <a href=\"https:\/\/en.wikipedia.org\/wiki\/Venezuela\" target=\"_blank\" rel=\"noopener\">Venezuela<\/a> eine Eierkistenmaschine von uns. Er beabsichtigte, die Maschine f\u00fcr seine Zwecke zu nutzen, da er einen H\u00fchnerhof besa\u00df und seine eigenen Eierkisten zur Verpackung seiner zum Verkauf stehenden Eier herstellen wollte.<\/p>    <figure class=\"wp-block-gallery has-nested-images columns-default is-cropped wp-block-gallery-4 is-layout-flex wp-block-gallery-is-layout-flex\"> <figure class=\"wp-block-image size-large\"><img loading=\"lazy\" decoding=\"async\" width=\"720\" height=\"540\" data-id=\"612\" src=\"https:\/\/eggtraym.com\/wp-content\/uploads\/2022\/09\/paper-carton-forming-machine.webp\" alt=\"Papierkartonformmaschine\" class=\"wp-image-612\" title=\"\" srcset=\"https:\/\/eggtraym.com\/wp-content\/uploads\/2022\/09\/paper-carton-forming-machine.webp 720w, https:\/\/eggtraym.com\/wp-content\/uploads\/2022\/09\/paper-carton-forming-machine-300x225.webp 300w, https:\/\/eggtraym.com\/wp-content\/uploads\/2022\/09\/paper-carton-forming-machine-16x12.webp 16w\" sizes=\"auto, (max-width: 720px) 100vw, 720px\" \/><figcaption class=\"wp-element-caption\">Papierkartonformmaschine<\/figcaption><\/figure>    <figure class=\"wp-block-image size-large\"><img loading=\"lazy\" decoding=\"async\" width=\"720\" height=\"540\" data-id=\"613\" src=\"https:\/\/eggtraym.com\/wp-content\/uploads\/2022\/09\/small-egg-carton-making-machine.webp\" alt=\"kleine Maschine zur Herstellung von Eierkartons\" class=\"wp-image-613\" title=\"\" srcset=\"https:\/\/eggtraym.com\/wp-content\/uploads\/2022\/09\/small-egg-carton-making-machine.webp 720w, https:\/\/eggtraym.com\/wp-content\/uploads\/2022\/09\/small-egg-carton-making-machine-300x225.webp 300w, https:\/\/eggtraym.com\/wp-content\/uploads\/2022\/09\/small-egg-carton-making-machine-16x12.webp 16w\" sizes=\"auto, (max-width: 720px) 100vw, 720px\" \/><figcaption class=\"wp-element-caption\">Kleine Maschine zur Herstellung von Eierkartons<\/figcaption><\/figure> <\/figure>    <p>W\u00e4hrend des Kaufs der Eierschalen-Herstellungsmaschine mit einer Kapazit\u00e4t von 1.500 St\u00fcck\/h haben wir eine aktive Kommunikation mit dem Kunden gepflegt und auf alle seine Anliegen eingegangen. Die Bereitstellung einer guten Kommunikation und eines guten Service tragen dazu bei, dass sich der Kunde bei seiner Kaufentscheidung f\u00fcr unsere Eierschalenformmaschine sicher f\u00fchlt!<\/p>   <div class=\"wp-block-image\"> <figure class=\"aligncenter size-full\"><img loading=\"lazy\" decoding=\"async\" width=\"720\" height=\"540\" src=\"https:\/\/eggtraym.com\/wp-content\/uploads\/2023\/03\/Venezuela-customer-.webp\" alt=\"Kunde aus Venezuela\" class=\"wp-image-456\" title=\"Kunde aus Venezuela\" srcset=\"https:\/\/eggtraym.com\/wp-content\/uploads\/2023\/03\/Venezuela-customer-.webp 720w, https:\/\/eggtraym.com\/wp-content\/uploads\/2023\/03\/Venezuela-customer--300x225.webp 300w\" sizes=\"auto, (max-width: 720px) 100vw, 720px\" \/><figcaption class=\"wp-element-caption\">Kunde aus Venezuela<\/figcaption><\/figure> <\/div>   <h2 class=\"wp-block-heading\">Ber\u00fchmter Hersteller von Maschinen zur Herstellung von Papierschalen<\/h2>    <p>Shuliy Machinery ist seit \u00fcber zehn Jahren in Betrieb und verf\u00fcgt \u00fcber fortschrittliche Technologie und umfangreiche Exporterfahrung in der Produktion von Maschinen zur Eierschalenherstellung. Unser engagiertes, professionelles F&amp;E-Team ist zusammen mit unserem Fertigungs- und \u00dcberwachungspersonal bestrebt, unseren Kunden hochwertige Eierschalen-Produktionsanlagen zu liefern!<\/p>   <div class=\"wp-block-image\"> <figure class=\"aligncenter size-full\"><img loading=\"lazy\" decoding=\"async\" width=\"720\" height=\"540\" src=\"https:\/\/eggtraym.com\/wp-content\/uploads\/2023\/03\/Shuliy-egg-crate-making-machine-factory-.webp\" alt=\"Eierkistenherstellungsmaschinenfabrik Shuliy \" class=\"wp-image-454\" title=\"Eierkistenherstellungsmaschinenfabrik Shuliy \" srcset=\"https:\/\/eggtraym.com\/wp-content\/uploads\/2023\/03\/Shuliy-egg-crate-making-machine-factory-.webp 720w, https:\/\/eggtraym.com\/wp-content\/uploads\/2023\/03\/Shuliy-egg-crate-making-machine-factory--300x225.webp 300w\" sizes=\"auto, (max-width: 720px) 100vw, 720px\" \/><figcaption class=\"wp-element-caption\">Eierkistenherstellungsmaschinenfabrik Shuliy<\/figcaption><\/figure> <\/div>   <p>Wir haben erfolgreich in zahlreiche L\u00e4nder exportiert, darunter Bolivien, Kamerun, Ghana, Venezuela, Kenia, Mosambik, Saudi-Arabien und mehr. Dar\u00fcber hinaus verf\u00fcgen wir \u00fcber eine Fabrik, in der wir Ihnen Direktpreise ab Werk anbieten k\u00f6nnen. Shuliy Machinery l\u00e4dt Sie ein, sich jederzeit f\u00fcr Anfragen an uns zu wenden!<\/p>","protected":false},"excerpt":{"rendered":"<p>Die 1500 St\u00fcck pro Stunde Eierkartonherstellungsmaschine ist f\u00fcr kleine und mittelgro\u00dfe Investoren geeignet, die Altpapier wiederverwenden k\u00f6nnen, um Pulpeformprodukte wie Eierkartons und Obstkisten herzustellen.<\/p>","protected":false},"author":1,"featured_media":94,"parent":0,"template":"","tags":[43,41,42],"product-type":[3],"class_list":["post-65","product","type-product","status-publish","has-post-thumbnail","hentry","tag-egg-carton","tag-egg-tray","tag-paper-tray","product-type-egg-tray-making-machine"],"_links":{"self":[{"href":"https:\/\/eggtraym.com\/de\/wp-json\/wp\/v2\/product\/65","targetHints":{"allow":["GET"]}}],"collection":[{"href":"https:\/\/eggtraym.com\/de\/wp-json\/wp\/v2\/product"}],"about":[{"href":"https:\/\/eggtraym.com\/de\/wp-json\/wp\/v2\/types\/product"}],"author":[{"embeddable":true,"href":"https:\/\/eggtraym.com\/de\/wp-json\/wp\/v2\/users\/1"}],"wp:featuredmedia":[{"embeddable":true,"href":"https:\/\/eggtraym.com\/de\/wp-json\/wp\/v2\/media\/94"}],"wp:attachment":[{"href":"https:\/\/eggtraym.com\/de\/wp-json\/wp\/v2\/media?parent=65"}],"wp:term":[{"taxonomy":"post_tag","embeddable":true,"href":"https:\/\/eggtraym.com\/de\/wp-json\/wp\/v2\/tags?post=65"},{"taxonomy":"product-type","embeddable":true,"href":"https:\/\/eggtraym.com\/de\/wp-json\/wp\/v2\/product-type?post=65"}],"curies":[{"name":"wp","href":"https:\/\/api.w.org\/{rel}","templated":true}]}}