{"id":355,"date":"2022-12-08T17:11:52","date_gmt":"2022-12-08T09:11:52","guid":{"rendered":"https:\/\/eggtraym.com\/?post_type=product&#038;p=355"},"modified":"2024-06-14T15:20:25","modified_gmt":"2024-06-14T07:20:25","slug":"paper-pulp-coffee-cup-holder-making-machine","status":"publish","type":"product","link":"https:\/\/eggtraym.com\/de\/product\/paper-pulp-coffee-cup-holder-making-machine\/","title":{"rendered":"Maschine zur Herstellung von Kaffeetassenhaltern aus Papiermasse"},"content":{"rendered":"<div class=\"kk-star-ratings kksr-auto kksr-align-left kksr-valign-top\"     data-payload='{&quot;align&quot;:&quot;left&quot;,&quot;id&quot;:&quot;355&quot;,&quot;slug&quot;:&quot;default&quot;,&quot;valign&quot;:&quot;top&quot;,&quot;ignore&quot;:&quot;&quot;,&quot;reference&quot;:&quot;auto&quot;,&quot;class&quot;:&quot;&quot;,&quot;count&quot;:&quot;85&quot;,&quot;legendonly&quot;:&quot;&quot;,&quot;readonly&quot;:&quot;&quot;,&quot;score&quot;:&quot;4.8&quot;,&quot;starsonly&quot;:&quot;&quot;,&quot;best&quot;:&quot;5&quot;,&quot;gap&quot;:&quot;5&quot;,&quot;greet&quot;:&quot;Rate this product&quot;,&quot;legend&quot;:&quot;4.8\\\/5 - (85 votes)&quot;,&quot;size&quot;:&quot;24&quot;,&quot;title&quot;:&quot;Paper Pulp Coffee Cup Holder Making Machine&quot;,&quot;width&quot;:&quot;136.7&quot;,&quot;_legend&quot;:&quot;{score}\\\/{best} - ({count} {votes})&quot;,&quot;font_factor&quot;:&quot;1.25&quot;}'>              <div class=\"kksr-stars\">      <div class=\"kksr-stars-inactive\">             <div class=\"kksr-star\" data-star=\"1\" style=\"padding-right: 5px\">               <div class=\"kksr-icon\" style=\"width: 24px; height: 24px;\"><\/div>         <\/div>             <div class=\"kksr-star\" data-star=\"2\" style=\"padding-right: 5px\">               <div class=\"kksr-icon\" style=\"width: 24px; height: 24px;\"><\/div>         <\/div>             <div class=\"kksr-star\" data-star=\"3\" style=\"padding-right: 5px\">               <div class=\"kksr-icon\" style=\"width: 24px; height: 24px;\"><\/div>         <\/div>             <div class=\"kksr-star\" data-star=\"4\" style=\"padding-right: 5px\">               <div class=\"kksr-icon\" style=\"width: 24px; height: 24px;\"><\/div>         <\/div>             <div class=\"kksr-star\" data-star=\"5\" style=\"padding-right: 5px\">               <div class=\"kksr-icon\" style=\"width: 24px; height: 24px;\"><\/div>         <\/div>     <\/div>      <div class=\"kksr-stars-active\" style=\"width: 136.7px;\">             <div class=\"kksr-star\" style=\"padding-right: 5px\">               <div class=\"kksr-icon\" style=\"width: 24px; height: 24px;\"><\/div>         <\/div>             <div class=\"kksr-star\" style=\"padding-right: 5px\">               <div class=\"kksr-icon\" style=\"width: 24px; height: 24px;\"><\/div>         <\/div>             <div class=\"kksr-star\" style=\"padding-right: 5px\">               <div class=\"kksr-icon\" style=\"width: 24px; height: 24px;\"><\/div>         <\/div>             <div class=\"kksr-star\" style=\"padding-right: 5px\">               <div class=\"kksr-icon\" style=\"width: 24px; height: 24px;\"><\/div>         <\/div>             <div class=\"kksr-star\" style=\"padding-right: 5px\">               <div class=\"kksr-icon\" style=\"width: 24px; height: 24px;\"><\/div>         <\/div>     <\/div> <\/div>                   <div class=\"kksr-legend\" style=\"font-size: 19.2px;\">             4,8\/5 - (85 Stimmen)    <\/div>     <\/div>  <p>Die Maschine zur Herstellung von Kaffeebecherhaltern ist ein Ger\u00e4t, mit dem verschiedene Becherhalter hergestellt werden k\u00f6nnen. Im Allgemeinen gibt es 2 und 4 Kaffeetassenhalter. Kaffeetassenhalter sind allt\u00e4gliche Gegenst\u00e4nde in unserem t\u00e4glichen Leben. Es sorgt daf\u00fcr, dass der Kaffee aufrecht steht, ohne zu kippen. Es ist ein gutes Becherverpackungsprodukt.<\/p>    <figure class=\"wp-block-embed aligncenter is-type-video is-provider-youtube wp-block-embed-youtube wp-embed-aspect-16-9 wp-has-aspect-ratio\"><div class=\"wp-block-embed__wrapper\"> <iframe loading=\"lazy\" title=\"M\u00fchelose Papierkartonformmaschine: Perfekte Papierfachpr\u00e4zision!\" width=\"500\" height=\"281\" src=\"https:\/\/www.youtube.com\/embed\/qXrj-Foo3Xc?feature=oembed\" frameborder=\"0\" allow=\"accelerometer; autoplay; clipboard-write; encrypted-media; gyroscope; picture-in-picture; web-share\" referrerpolicy=\"strict-origin-when-cross-origin\" allowfullscreen><\/iframe> <\/div><figcaption class=\"wp-element-caption\">Video zur Funktionsweise einer Papierkartonformmaschine<\/figcaption><\/figure>    <h2 class=\"wp-block-heading\">Einf\u00fchrung der Shuliy-Maschine zur Herstellung von Kaffeetassenhaltern<\/h2>    <p>Die von Shuliy hergestellte Maschine zur Herstellung von Kaffeetassenhaltern und die Eierablagemaschine funktionieren nach dem gleichen Prinzip. Sie bestehen alle aus Papierverpackungsprodukten, indem der Zellstoff geformt wird. Unsere Maschine zur Herstellung von Kaffeetassentabletts ist leistungsstark genug, um Tassenhalter in verschiedenen Mengen herzustellen. <\/p>    <p>Die gebr\u00e4uchlichsten Mengen sind 2 und 4. Die Maschine zur Herstellung von Kaffeetassenhaltern verwendet Altpapier, um das Recycling von Ressourcen zu realisieren. Daher entscheiden sich immer mehr Menschen f\u00fcr die Verwendung der Kaffeebechermaschine.<\/p>    <figure class=\"wp-block-gallery has-nested-images columns-default is-cropped wp-block-gallery-2 is-layout-flex wp-block-gallery-is-layout-flex\"> <figure class=\"wp-block-image size-large\"><img loading=\"lazy\" decoding=\"async\" width=\"720\" height=\"540\" data-id=\"358\" src=\"https:\/\/eggtraym.com\/wp-content\/uploads\/2022\/12\/coffee-cup-holder-making-machine-1-.webp\" alt=\"Maschine zur Herstellung von Kaffeetassenhaltern\" class=\"wp-image-358\" title=\"Maschine zur Herstellung von Kaffeetassenhaltern\" srcset=\"https:\/\/eggtraym.com\/wp-content\/uploads\/2022\/12\/coffee-cup-holder-making-machine-1-.webp 720w, https:\/\/eggtraym.com\/wp-content\/uploads\/2022\/12\/coffee-cup-holder-making-machine-1--300x225.webp 300w\" sizes=\"auto, (max-width: 720px) 100vw, 720px\" \/><figcaption class=\"wp-element-caption\">Maschine zur Herstellung von Kaffeetassenhaltern<\/figcaption><\/figure>    <figure class=\"wp-block-image size-large\"><img loading=\"lazy\" decoding=\"async\" width=\"720\" height=\"540\" data-id=\"359\" src=\"https:\/\/eggtraym.com\/wp-content\/uploads\/2022\/12\/coffee-cup-tray-making-machine-.webp\" alt=\"Maschine zur Herstellung von Kaffeetassentabletts\" class=\"wp-image-359\" title=\"Maschine zur Herstellung von Kaffeetassentabletts\" srcset=\"https:\/\/eggtraym.com\/wp-content\/uploads\/2022\/12\/coffee-cup-tray-making-machine-.webp 720w, https:\/\/eggtraym.com\/wp-content\/uploads\/2022\/12\/coffee-cup-tray-making-machine--300x225.webp 300w\" sizes=\"auto, (max-width: 720px) 100vw, 720px\" \/><figcaption class=\"wp-element-caption\">Maschine zur Herstellung von Kaffeetassentabletts<\/figcaption><\/figure> <\/figure>    <h2 class=\"wp-block-heading\">Formen f\u00fcr die Maschine zur Herstellung von Kaffeetassentabletts<\/h2>    <p>Unsere Maschine zur Herstellung von Kaffeetassenhaltern ist die gleiche Maschine, die auch andere Papierschalen herstellt. Nur der Formteil ist anders. Daher k\u00f6nnen Kunden Eiertabletts, Obsttabletts, Eierkartontabletts, Kaffeetassentabletts usw. herstellen, indem sie verschiedene Formen wechseln.<\/p>    <p class=\"translation-block\"><strong>Material der Eierkartonform:<\/strong> Unsere Kaffeetassen-Tr\u00e4gerform besteht aus Aluminium, das sehr langlebig ist und viele Jahre verwendet werden kann.<\/p>    <figure class=\"wp-block-gallery has-nested-images columns-default is-cropped wp-block-gallery-3 is-layout-flex wp-block-gallery-is-layout-flex\"> <figure class=\"wp-block-image size-large\"><img loading=\"lazy\" decoding=\"async\" width=\"720\" height=\"540\" data-id=\"360\" src=\"https:\/\/eggtraym.com\/wp-content\/uploads\/2022\/12\/coffee-cup-pulp-tray-machine-.webp\" alt=\"Kaffeetassen-Trinktablettmaschine\" class=\"wp-image-360\" title=\"Kaffeetassen-Trinktablettmaschine\" srcset=\"https:\/\/eggtraym.com\/wp-content\/uploads\/2022\/12\/coffee-cup-pulp-tray-machine-.webp 720w, https:\/\/eggtraym.com\/wp-content\/uploads\/2022\/12\/coffee-cup-pulp-tray-machine--300x225.webp 300w\" sizes=\"auto, (max-width: 720px) 100vw, 720px\" \/><figcaption class=\"wp-element-caption\">Kaffeetassen-Pulpe-Tablettmaschine<\/figcaption><\/figure>    <figure class=\"wp-block-image size-large\"><img loading=\"lazy\" decoding=\"async\" width=\"720\" height=\"540\" data-id=\"361\" src=\"https:\/\/eggtraym.com\/wp-content\/uploads\/2022\/12\/models-of-cup-tray-molding-machine-.webp\" alt=\"Modelle der Tassenformmaschine\" class=\"wp-image-361\" title=\"Modelle der Tassenformmaschine\" srcset=\"https:\/\/eggtraym.com\/wp-content\/uploads\/2022\/12\/models-of-cup-tray-molding-machine-.webp 720w, https:\/\/eggtraym.com\/wp-content\/uploads\/2022\/12\/models-of-cup-tray-molding-machine--300x225.webp 300w\" sizes=\"auto, (max-width: 720px) 100vw, 720px\" \/><figcaption class=\"wp-element-caption\">Modelle der Tassenformmaschine<\/figcaption><\/figure> <\/figure>    <h2 class=\"wp-block-heading\">Welche Methoden gibt es zum Trocknen von Kaffeetabletts?<\/h2>    <ul class=\"wp-block-list\"> <li><strong>Metalltrockner zum Trocknen.<\/strong> Wenn Sie eine Maschine zur Herstellung von Kaffeetassenhaltern mit hohem Volumen verwenden, empfehlen wir auch die Verwendung eines gro\u00dfen Metalltrockners. Mit hoher Arbeitseffizienz kann die Maschine viele Eierkartons, Kaffeetrays usw. gleichzeitig verarbeiten. Und die Maschine hat den kleinsten Platzbedarf.<\/li>    <li><strong>Trocknen von gemauerten Kaffeetabletts.<\/strong> Der Kunde muss in seiner Fabrik einen Ziegelofen zum Trocknen der fertigen Produkte bauen. Geringer Platzbedarf, die W\u00e4rmequelle kann LPC, LNG, Diesel, Erdgas usw. sein.<\/li>    <li><strong>Nat\u00fcrlich an der Luft trocknen.<\/strong> Angenommen, der Kunde verwendet eine Kaffeetassenmaschine mit kleiner Leistung. Es kann auch nat\u00fcrlich im Regal getrocknet werden. Diese Lufttrocknungsmethode nimmt eine relativ gro\u00dfe Fl\u00e4che ein.<\/li> <\/ul>   <div class=\"wp-block-image\"> <figure class=\"aligncenter size-full\"><img loading=\"lazy\" decoding=\"async\" width=\"720\" height=\"540\" src=\"https:\/\/eggtraym.com\/wp-content\/uploads\/2022\/12\/three-types-of-dryer-.webp\" alt=\"drei Arten von Trocknern\" class=\"wp-image-362\" title=\"drei Arten von Trocknern\" srcset=\"https:\/\/eggtraym.com\/wp-content\/uploads\/2022\/12\/three-types-of-dryer-.webp 720w, https:\/\/eggtraym.com\/wp-content\/uploads\/2022\/12\/three-types-of-dryer--300x225.webp 300w\" sizes=\"auto, (max-width: 720px) 100vw, 720px\" \/><figcaption class=\"wp-element-caption\">drei Arten von Trocknern<\/figcaption><\/figure> <\/div>   <h2 class=\"wp-block-heading\">Vorteile der Verwendung von Kaffeehaltern aus Papier<\/h2>    <ul class=\"wp-block-list\"> <li>Es kann Ressourcen recyceln und die Umwelt sch\u00fctzen. Der Rohstoff des Produkts ist Altpapierzellstoff, und die gebrauchte Kaffeeschale kann wiederverwendet werden.<\/li>    <li>Neben der Verpackung von Kaffee k\u00f6nnen auch andere Tassenprodukte wie Milchtee, Teeprodukte, Sojamilch usw. verpackt werden.<\/li>    <li>Das Kaffeetablett aus Papier ist leicht und einfach zu transportieren.<\/li> <\/ul>    <figure class=\"wp-block-gallery has-nested-images columns-default is-cropped wp-block-gallery-4 is-layout-flex wp-block-gallery-is-layout-flex\"> <figure class=\"wp-block-image size-large\"><img loading=\"lazy\" decoding=\"async\" width=\"720\" height=\"540\" data-id=\"363\" src=\"https:\/\/eggtraym.com\/wp-content\/uploads\/2022\/12\/raw-materials-of-the-egg-tray-making-machine-.webp\" alt=\"Rohstoffe der Eierschalen-Herstellungsmaschine\" class=\"wp-image-363\" title=\"Rohstoffe der Eierschalen-Herstellungsmaschine\" srcset=\"https:\/\/eggtraym.com\/wp-content\/uploads\/2022\/12\/raw-materials-of-the-egg-tray-making-machine-.webp 720w, https:\/\/eggtraym.com\/wp-content\/uploads\/2022\/12\/raw-materials-of-the-egg-tray-making-machine--300x225.webp 300w\" sizes=\"auto, (max-width: 720px) 100vw, 720px\" \/><figcaption class=\"wp-element-caption\">Rohstoffe der Eierablage-Herstellungsmaschine<\/figcaption><\/figure>    <figure class=\"wp-block-image size-large\"><img loading=\"lazy\" decoding=\"async\" width=\"720\" height=\"540\" data-id=\"364\" src=\"https:\/\/eggtraym.com\/wp-content\/uploads\/2022\/12\/various-cups-.webp\" alt=\"verschiedene Tassen \" class=\"wp-image-364\" title=\"verschiedene Tassen \" srcset=\"https:\/\/eggtraym.com\/wp-content\/uploads\/2022\/12\/various-cups-.webp 720w, https:\/\/eggtraym.com\/wp-content\/uploads\/2022\/12\/various-cups--300x225.webp 300w\" sizes=\"auto, (max-width: 720px) 100vw, 720px\" \/><figcaption class=\"wp-element-caption\">Verschiedene Tassen<\/figcaption><\/figure> <\/figure>    <h2 class=\"wp-block-heading\">Merkmale der Kaffeetassen-Trinktablettmaschine<\/h2>    <ul class=\"wp-block-list\"> <li>Die Rohstoffe und Fertigprodukte der Maschine zur Herstellung von Kaffeetassenhaltern k\u00f6nnen recycelt werden. Und es entspricht dem aktuellen Trend und Konzept des Umweltschutzes.<\/li>    <li>Unsere Maschine zur Herstellung von Kaffeetassenhaltern besteht nur aus hochwertigen mechanischen Materialien und bietet einen stabilen Betrieb, weniger Wartungszeiten und eine lange Lebensdauer.<\/li>    <li>Gro\u00dfe Leistung <a href=\"https:\/\/en.wikipedia.org\/wiki\/Coffee\" target=\"_blank\" rel=\"noopener\">Kaffee<\/a> Becherproduktionslinien k\u00f6nnen mit Metalltrocknern verwendet werden. Auf diese Weise wird die Produktionseffizienz h\u00f6her sein.<\/li>    <li>Mit leistungsstarken Funktionen kann eine Maschine verschiedene Papierfachprodukte herstellen.<\/li> <\/ul>    <figure class=\"wp-block-gallery has-nested-images columns-default is-cropped wp-block-gallery-5 is-layout-flex wp-block-gallery-is-layout-flex\"> <figure class=\"wp-block-image size-large\"><img loading=\"lazy\" decoding=\"async\" width=\"720\" height=\"540\" data-id=\"365\" src=\"https:\/\/eggtraym.com\/wp-content\/uploads\/2022\/12\/coffee-cup-tray-machine-.webp\" alt=\"Kaffeetassen-Tablettmaschine\" class=\"wp-image-365\" title=\"Kaffeetassen-Tablettmaschine\" srcset=\"https:\/\/eggtraym.com\/wp-content\/uploads\/2022\/12\/coffee-cup-tray-machine-.webp 720w, https:\/\/eggtraym.com\/wp-content\/uploads\/2022\/12\/coffee-cup-tray-machine--300x225.webp 300w\" sizes=\"auto, (max-width: 720px) 100vw, 720px\" \/><figcaption class=\"wp-element-caption\">Kaffeetassen-Tablettmaschine<\/figcaption><\/figure>    <figure class=\"wp-block-image size-large\"><img loading=\"lazy\" decoding=\"async\" width=\"720\" height=\"540\" data-id=\"369\" src=\"https:\/\/eggtraym.com\/wp-content\/uploads\/2022\/12\/our-factory-.webp\" alt=\"unsere Fabrik \" class=\"wp-image-369\" title=\"unsere Fabrik \" srcset=\"https:\/\/eggtraym.com\/wp-content\/uploads\/2022\/12\/our-factory-.webp 720w, https:\/\/eggtraym.com\/wp-content\/uploads\/2022\/12\/our-factory--300x225.webp 300w\" sizes=\"auto, (max-width: 720px) 100vw, 720px\" \/><figcaption class=\"wp-element-caption\">Unsere Fabrik<\/figcaption><\/figure> <\/figure>    <h2 class=\"wp-block-heading\">Warum die Becherhalter-Maschine von Shuliy w\u00e4hlen?<\/h2>    <ul class=\"wp-block-list\"> <li>Als professioneller Hersteller haben wir produziert <a href=\"https:\/\/eggtraym.com\/de\/product\/automatic-egg-tray-machine\/\">Maschinen zur Herstellung von Eierschalen<\/a> Wir arbeiten seit vielen Jahren intensiv an der Herstellung von Kaffeetablettmaschinen. Bringen Sie Ihren Kunden bessere Kaffeetablettmaschinen.<\/li>    <li>Wir verf\u00fcgen \u00fcber viele zugeh\u00f6rige unterst\u00fctzende Ger\u00e4te, zum Beispiel Pulper, Trockner, Hei\u00dfpresse, Ballenpresse usw. Kann Kunden dabei helfen, den geeigneten Produktionsplan anzupassen.<\/li>    <li>Umfangreiche Exporterfahrung. Wir haben seit der Gr\u00fcndung der Fabrik ein Exportgesch\u00e4ft begonnen und k\u00f6nnen Kunden bei der L\u00f6sung verschiedener Probleme helfen, die im Kaufprozess auftreten.<\/li>    <li>Ein Jahr Kundendienst. Kunden k\u00f6nnen unsere Ausr\u00fcstung mit Vertrauen kaufen.<\/li> <\/ul>    <figure class=\"wp-block-gallery has-nested-images columns-default is-cropped wp-block-gallery-6 is-layout-flex wp-block-gallery-is-layout-flex\"> <figure class=\"wp-block-image size-large\"><img loading=\"lazy\" decoding=\"async\" width=\"720\" height=\"540\" data-id=\"367\" src=\"https:\/\/eggtraym.com\/wp-content\/uploads\/2022\/12\/related-supporting-equipment-.webp\" alt=\"zugeh\u00f6rige unterst\u00fctzende Ausr\u00fcstung\" class=\"wp-image-367\" title=\"zugeh\u00f6rige unterst\u00fctzende Ausr\u00fcstung\" srcset=\"https:\/\/eggtraym.com\/wp-content\/uploads\/2022\/12\/related-supporting-equipment-.webp 720w, https:\/\/eggtraym.com\/wp-content\/uploads\/2022\/12\/related-supporting-equipment--300x225.webp 300w\" sizes=\"auto, (max-width: 720px) 100vw, 720px\" \/><figcaption class=\"wp-element-caption\">Zugeh\u00f6rige unterst\u00fctzende Ausr\u00fcstung<\/figcaption><\/figure>    <figure class=\"wp-block-image size-large\"><img loading=\"lazy\" decoding=\"async\" width=\"720\" height=\"540\" data-id=\"368\" src=\"https:\/\/eggtraym.com\/wp-content\/uploads\/2022\/12\/after-service-of-egg-tray-making-machine-.webp\" alt=\"Nach der Wartung der Eierschalen-Herstellungsmaschine\" class=\"wp-image-368\" title=\"Nach der Wartung der Eierschalen-Herstellungsmaschine\" srcset=\"https:\/\/eggtraym.com\/wp-content\/uploads\/2022\/12\/after-service-of-egg-tray-making-machine-.webp 720w, https:\/\/eggtraym.com\/wp-content\/uploads\/2022\/12\/after-service-of-egg-tray-making-machine--300x225.webp 300w\" sizes=\"auto, (max-width: 720px) 100vw, 720px\" \/><figcaption class=\"wp-element-caption\">Nach der Wartung der Maschine zur Herstellung von Eierschalen<\/figcaption><\/figure> <\/figure>    <p>Unsere Fabrik kann Papierschalenformmaschinen mit unterschiedlichen Kapazit\u00e4ten herstellen und kundenspezifische Maschinen akzeptieren. Nehmen Sie gerne Kontakt zu uns auf!<\/p>","protected":false},"excerpt":{"rendered":"<p>Die Maschine zur Herstellung von Kaffeetassenhaltern ist ein Papierrecyclingger\u00e4t, das eine Vielzahl von Tassenablagen herstellen kann. Im Allgemeinen gibt es 2 und 4 Kaffeetassenhalter. <\/p>","protected":false},"author":1,"featured_media":356,"parent":0,"template":"","tags":[41,48,42],"product-type":[3],"class_list":["post-355","product","type-product","status-publish","has-post-thumbnail","hentry","tag-egg-tray","tag-paper-carton","tag-paper-tray","product-type-egg-tray-making-machine"],"_links":{"self":[{"href":"https:\/\/eggtraym.com\/de\/wp-json\/wp\/v2\/product\/355","targetHints":{"allow":["GET"]}}],"collection":[{"href":"https:\/\/eggtraym.com\/de\/wp-json\/wp\/v2\/product"}],"about":[{"href":"https:\/\/eggtraym.com\/de\/wp-json\/wp\/v2\/types\/product"}],"author":[{"embeddable":true,"href":"https:\/\/eggtraym.com\/de\/wp-json\/wp\/v2\/users\/1"}],"wp:featuredmedia":[{"embeddable":true,"href":"https:\/\/eggtraym.com\/de\/wp-json\/wp\/v2\/media\/356"}],"wp:attachment":[{"href":"https:\/\/eggtraym.com\/de\/wp-json\/wp\/v2\/media?parent=355"}],"wp:term":[{"taxonomy":"post_tag","embeddable":true,"href":"https:\/\/eggtraym.com\/de\/wp-json\/wp\/v2\/tags?post=355"},{"taxonomy":"product-type","embeddable":true,"href":"https:\/\/eggtraym.com\/de\/wp-json\/wp\/v2\/product-type?post=355"}],"curies":[{"name":"wp","href":"https:\/\/api.w.org\/{rel}","templated":true}]}}